{"id":232,"date":"2018-05-14T12:37:02","date_gmt":"2018-05-14T12:37:02","guid":{"rendered":"https:\/\/k8s.p4.greenpeace.org\/defaultcontent\/?page_id=232"},"modified":"2024-03-26T11:31:41","modified_gmt":"2024-03-26T11:31:41","slug":"politica-privacidad","status":"publish","type":"page","link":"https:\/\/www.greenpeace.org\/colombia\/politica-privacidad\/","title":{"rendered":"Pol\u00edtica de privacidad"},"content":{"rendered":"\n                    <div class=\"wp-block-group is-vertical is-layout-flex wp-container-core-group-is-layout-8cf370e7 wp-block-group-is-layout-flex\">\n                    \n                                <p>En Greenpeace creemos en el derecho fundamental a la privacidad de nuestros donantes, voluntarios, ciberactivistas, proveedores, empleados y\/o colaboradores.\r\nPor esta raz\u00f3n desarrollamos la siguiente Pol\u00edtica de Privacidad y Protecci\u00f3n de Datos Personales para proteger tu seguridad online.<\/p>\n                            \n\n                    \n                    <\/div>\n                    \n<h2 class=\"wp-block-heading\"><\/h2>\n\n<p>1. En Greenpeace creemos que los usuarios tienen el derecho fundamental a que su informaci\u00f3n personal se mantenga en privado, y trabajamos lo m\u00e1s arduamente posible para proteger su seguridad en la red.<\/p>\n\n<p>2. La informaci\u00f3n que nos facilitas ser\u00e1 recogida en nuestro fichero automatizado y confidencial. Tienes derecho acceder a ella y rectificarla o cancelarla si lo decidieras.<\/p>\n\n<p>3. Seg\u00fan nuestra pol\u00edtica, el t\u00e9rmino &#8220;colaborador&#8221; designa a quien ha realizado una donaci\u00f3n financiera por intermedio de nuestro servidor, que es de \u00f3ptima seguridad. &#8220;Ciberactivista&#8221; se refiere a quien se ha inscrito en al menos una de nuestras listas de ciberactivismo.<\/p>\n\n<p>4. En nuestro sitio web no recibimos informaci\u00f3n que permita identificar personalmente a los usuarios a menos que el usuario elija voluntariamente darnos sus datos por medio de un mensaje de correo electr\u00f3nico o una llamada telef\u00f3nica, por v\u00eda postal o al inscribirse como colaborador o ciberactivista. Aunque el usuario elija brindarnos informaci\u00f3n, la consideramos confidencial y lo mismo est\u00e1n obligados a hacer nuestros proveedores.<\/p>\n\n<p>5. No vendemos ni alquilamos listas de direcciones ni ninguna otra informaci\u00f3n que permita la identificaci\u00f3n personal fuera del \u00e1mbito de Greenpeace.<\/p>\n\n<p>6. Al ingresar como colaborador\/socio de Greenpeace, se puede elegir participar de acciones cibern\u00e9ticas, recibir un bolet\u00edn u otras informaciones. Cabe repetir que siempre est\u00e1 la posibilidad de negarse.<\/p>\n\n<p>7. Al participar de una ciberacci\u00f3n, los datos del remitente no siempre resultan desconocidos para el destinatario. Las empresas y los gobiernos que reciben mensajes electr\u00f3nicos o por fax como parte de nuestras ciberacciones a veces contestan a la direcci\u00f3n personal electr\u00f3nica o postal si el remitente las ha incluido. Rogamos que se comunique con nosotros qui\u00e9n crea que su informaci\u00f3n personal ha llegado a manos de los destinatarios de nuestras acciones por haber participado de una ciberacci\u00f3n de Greenpeace.<\/p>\n\n<p>8. Guardamos registro de las personas que nos solicitan informaci\u00f3n o ayuda por si acaso necesit\u00e1ramos volver a comunicarnos con ellas o brindarles m\u00e1s informaciones en lo sucesivo. Sin embargo, dichos datos no se dan a conocer a nadie sin permiso del propio colaborador, ni se utilizan a otros efectos.<\/p>\n\n<p>9. La informaci\u00f3n acumulada en nuestro sitio web no permite la identificaci\u00f3n personal, y no es nuestra intenci\u00f3n que esos datos lleguen a manos de quienes navegan por nuestro sitio. El servidor registra informaci\u00f3n sobre la fecha y hora en que se accedi\u00f3 al sitio web y la direcci\u00f3n cibern\u00e9tica del servidor desde el cual se realiz\u00f3 la conexi\u00f3n a nuestro sitio. Estos datos se utilizan para mejorar el rendimiento de nuestro sitio, para analizar las estad\u00edsticas de navegaci\u00f3n (por ejemplo, las horas y los d\u00edas en que m\u00e1s se navega), y para evaluar el relativo \u00e9xito de diferentes secciones del sitio.<\/p>\n\n<p>10. Una &#8220;cookie&#8221; es un diminuto fragmento de datos que puede llegar desde nuestro sitio al programa de navegaci\u00f3n del internauta, y luego puede quedar almacenada en el disco r\u00edgido. En ocasiones permitimos que nuestro sitio web env\u00ede cookies para que los usuarios puedan personalizar algunas opciones o mejorar la experiencia de navegaci\u00f3n.&nbsp;El usuario puede modificar su programa de navegaci\u00f3n para que lance una advertencia en el momento en el que ingresa una cookie.<\/p>\n\n<p>11. Nos comprometemos a brindarles a nuestros colaboradores y ciberactivistas la posibilidad de controlar y modificar la informaci\u00f3n que nos env\u00edan.<\/p>\n\n<p>12. Nuestro formulario de asociaci\u00f3n y donaciones utiliza el sistema Secure Server Software (SSL), que es la norma industrial para garantizar transacciones financieras sin riesgo. Este dispositivo codifica absolutamente toda la informaci\u00f3n personal, incluidos los datos bancarios, nombre y direcci\u00f3n, a fin de que no pueda ser le\u00edda durante su trayecto cibern\u00e9tico. <\/p>\n\n<p>Cuando una p\u00e1gina es segura, como es el caso de nuestro formulario, aparece cerrado el icono del candado o una llave entera que muestran navegadores de Internet como el Microsoft Internet Explorer, a diferencia de la imagen abierta que muestran cuando s\u00f3lo se navega. Para obtener m\u00e1s informaci\u00f3n sobre el SSL, dir\u00edgete <a rel=\"noreferrer noopener\" href=\"https:\/\/es.wikipedia.org\/wiki\/Transport_Layer_Security\" target=\"_blank\">aqu\u00ed<\/a>.<\/p>\n\n<p>13.&nbsp; Adem\u00e1s de utilizar la codificaci\u00f3n del SSL para proteger informaci\u00f3n sensible, hacemos todo lo que se encuentra a nuestro alcance para proteger la informaci\u00f3n de los usuarios que se guarda fuera de la red. Toda la informaci\u00f3n que nos env\u00eda el usuario se circunscribe a nuestras oficinas. S\u00f3lo se concede acceso a esa informaci\u00f3n personal a los empleados que la necesitan para realizar una tarea espec\u00edfica (como por ejemplo los encargados de las donaciones). <\/p>\n\n<p>Nuestros empleados deben utilizar protectores de pantalla resguardados bajo palabra clave cuando abandonan su escritorio. Al regresar, deben volver a ingresar la palabra clave para tener nuevamente acceso a la informaci\u00f3n del usuario. <\/p>\n\n<p>Asimismo, todos los empleados de Greenpeace que manejan informaci\u00f3n sobre los miembros se mantienen actualizados en lo que refiere a pr\u00e1cticas de seguridad y confidencialidad. A nuestro personal siempre le recordamos la importancia que asignamos a la confidencialidad, y le indicamos los procedimientos tendientes a garantizar el resguardo de la informaci\u00f3n sobre nuestros colaboradores. <\/p>\n\n<p>Los servidores en los que almacenamos informaci\u00f3n personal se guardan en un sitio seguro y bajo llave.<\/p>\n\n<h2 class=\"wp-block-heading\"><\/h2>\n\n<p><strong>Disposiciones generales para la protecci\u00f3n de datos personales<\/strong><br><br>Todos los datos personales son recogidos para ser incorporados y tratados en una base de datos, cuyo destinatario y titular es nuestra organizaci\u00f3n.<\/p>\n\n<p>Conforme a lo establecido en la Ley 1581 de 2012, el titular de los datos podr\u00e1 en cualquier momento ejercer los derechos que se enumeran a continuaci\u00f3n. <\/p>\n\n<p>ART\u00cdCULO 8o. DERECHOS DE LOS TITULARES.&nbsp;<br>El Titular de los datos personales tendr\u00e1 los siguientes derechos:<\/p>\n\n<p>a) Conocer, actualizar y rectificar sus datos personales frente a los Responsables del Tratamiento o Encargados del Tratamiento. Este derecho se podr\u00e1 ejercer, entre otros frente a datos parciales, inexactos, incompletos, fraccionados, que induzcan a error, o aquellos cuyo Tratamiento est\u00e9 expresamente prohibido o no haya sido autorizado;<\/p>\n\n<p>b) Solicitar prueba de la autorizaci\u00f3n otorgada al Responsable del Tratamiento salvo cuando expresamente se except\u00fae como requisito para el Tratamiento, de conformidad con lo previsto en el art\u00edculo <a href=\"http:\/\/www.secretariasenado.gov.co\/senado\/basedoc\/ley_1581_2012.html#10\">10<\/a> de la presente ley;<\/p>\n\n<p>c) Ser informado por el Responsable del Tratamiento o el Encargado del Tratamiento, previa solicitud, respecto del uso que le ha dado a sus datos personales;<\/p>\n\n<p>d) Presentar ante la Superintendencia de Industria y Comercio quejas por infracciones a lo dispuesto en la presente ley y las dem\u00e1s normas que la modifiquen, adicionen o complementen;<\/p>\n\n<p>e) &lt;Literal CONDICIONALMENTE exequible&gt; Revocar la autorizaci\u00f3n y\/o solicitar la supresi\u00f3n del dato cuando en el Tratamiento no se respeten los principios, derechos y garant\u00edas constitucionales y legales. La revocatoria y\/o supresi\u00f3n proceder\u00e1 cuando la Superintendencia de Industria y Comercio haya determinado que en el Tratamiento el Responsable o Encargado han incurrido en conductas contrarias a esta ley y a la Constituci\u00f3n.<\/p>\n\n<p>f) Acceder en forma gratuita a sus datos personales que hayan sido objeto de Tratamiento.<\/p>\n\n<p>En concordancia con la normatividad vigente en materia de protecci\u00f3n de datos personales, se tendr\u00e1n en cuenta las siguientes definiciones:<\/p>\n\n<p><strong>Aviso de privacidad<\/strong>: Comunicaci\u00f3n verbal o escrita generada por el Responsable, dirigida al Titular para el Tratamiento de sus datos personales, mediante la cual se le informa acerca de la existencia de las pol\u00edticas de Tratamiento de informaci\u00f3n que le ser\u00e1n aplicables, la forma de acceder a las mismas y las finalidades del Tratamiento que se pretende dar a los datos personales.<\/p>\n\n<p><strong>Dato p\u00fablico:<\/strong> Es el dato que no sea semiprivado, privado o sensible. Son considerados datos p\u00fablicos, entre otros, Los datos relativos al estado civil de las personas, a su profesi\u00f3n u oficio ya su calidad de comerciante o de servidor p\u00fablico. Por su naturaleza, los datos p\u00fablicos pueden estar contenidos, entre otros, en registros p\u00fablicos, documentos p\u00fablicos, gacetas y boletines oficiales y sentencias judiciales debidamente ejecutoriadas que no est\u00e9n sometidas a reserva.<\/p>\n\n<p><strong>Datos sensibles:<\/strong> Se entiende por datos sensibles aquellos que afectan la intimidad del Titular o cuyo uso indebido puede generar su discriminaci\u00f3n, tales como aquello~ que revelen el origen racial o \u00e9tnico, la orientaci\u00f3n pol\u00edtica, las convicciones religiosas o filos\u00f3ficas, la pertenencia a sindicatos, organizaciones sociales, de derechos humanos o que promueva intereses de cualquier partido pol\u00edtico o que garanticen los derechos y garant\u00edas de partidos pol\u00edticos de oposici\u00f3n, as\u00ed como los datos relativos a la salud, a la vida sexual, y los datos biom\u00e9tricos.<\/p>\n\n<p><strong>Transferencia:<\/strong> La transferencia de datos tiene lugar cuando el Responsable y\/o Encargado del Tratamiento de datos personales, ubicado en Colombia, env\u00eda la informaci\u00f3n o los datos personales a un receptor, que a su vez es Responsable del Tratamiento y se encuentra dentro o fuera del pa\u00eds.<\/p>\n\n<p><strong>Transmisi\u00f3n:<\/strong> Tratamiento de datos personales que implica la comunicaci\u00f3n de los mismos dentro o fuera del territorio de la Rep\u00fablica de Colombia cuando tenga por objeto la realizaci\u00f3n de un Tratamiento por el Encargado por cuenta del Responsable.<\/p>\n\n<p><strong>Recolecci\u00f3n de los datos personales<\/strong><br>En desarrollo de los principio de finalidad y libertad, la recolecci\u00f3n de datos deber\u00e1 limitarse a aquellos datos personales que son pertinentes y adecuados para la finalidad para la cual son recolectados o requeridos conforme a ~a normatividad vigente. Salvo en los casos expresamente previstos en la Ley, no se podr\u00e1n recolectar datos personales sin autorizaci\u00f3n del Titular.<\/p>\n\n<p><strong>Autorizaci\u00f3n<\/strong><br>El Responsable del Tratamiento deber\u00e1 adoptar procedimientos para solicitar, a m\u00e1s tardar en el momento de la recolecci\u00f3n de sus datos, la autorizaci\u00f3n del Titular para el Tratamiento de los mismos e informarle los datos personales que ser\u00e1n recolectados as\u00ed como todas las finalidades espec\u00edficas del Tratamiento para las cuales se obtiene el consentimiento.<\/p>\n\n<p><strong>De la autorizaci\u00f3n para el Tratamiento de datos personales sensibles.&nbsp;<\/strong><br>El Tratamiento de los datos sensibles a que se refiere el art\u00edculo 5 de la Ley 1581 de 2012 est\u00e1 prohibido, a excepci\u00f3n de los casos expresamente se\u00f1alados en el art\u00edculo 6 de la citada ley. En el Tratamiento de datos personales sensibles, cuando dicho Tratamiento sea posible conforme a lo establecido en el art\u00edculo 6 de la Ley 1581 de 2012, deber\u00e1n cumplirse las siguientes obligaciones:&nbsp;<\/p>\n\n<p>1. Informar al Titular que por tratarse de datos sensibles no est\u00e1 obligado a autorizar su Tratamiento.&nbsp;<\/p>\n\n<p>2. Informar al Titular de forma expl\u00edcita y previa, adem\u00e1s de los requisitos generales de la autorizaci\u00f3n para la recolecci\u00f3n de cualquier tipo de dato personal, cu\u00e1les de los datos que ser\u00e1n objeto de Tratamiento son sensibles y la finalidad del Tratamiento, as\u00ed como obtener su consentimiento expreso.&nbsp;<\/p>\n\n<p>Ninguna actividad podr\u00e1 condicionarse a que el Titular suministre datos personales sensibles.<\/p>\n\n<p><strong>Revocatoria de la autorizaci\u00f3n y\/o supresi\u00f3n del dato.&nbsp;<\/strong><br>Los Titulares podr\u00e1n en todo momento solicitar al Responsable o Encargado la supresi\u00f3n de sus datos personales y\/o revocar la autorizaci\u00f3n otorgada para el Tratamiento de los mismos, mediante la presentaci\u00f3n de un reclamo, de acuerdo con lo establecido en el art\u00edculo 15 de la Ley 1581 de 2012.<\/p>\n\n<h2 class=\"wp-block-heading\"><\/h2>\n","protected":false},"excerpt":{"rendered":"<p>En Greenpeace creemos en el derecho fundamental a la privacidad de nuestros donantes, voluntarios, ciberactivistas, proveedores, empleados y\/o colaboradores. Por esta raz\u00f3n desarrollamos la siguiente Pol\u00edtica de Privacidad y Protecci\u00f3n de Datos Personales para proteger tu seguridad online. 1. En Greenpeace creemos que los usuarios tienen el derecho fundamental a que su informaci\u00f3n personal se [&hellip;]<\/p>\n","protected":false},"author":1,"featured_media":0,"parent":0,"menu_order":0,"comment_status":"closed","ping_status":"closed","template":"","meta":{"ep_exclude_from_search":false,"p4_hide_page_title_checkbox":"","p4_title":"","p4_subtitle":"","p4_description":"","background_image_id":"","background_image":"","p4_button_title":"","p4_button_link":"","p4_button_link_checkbox":"","p4_og_title":"","p4_og_description":"","p4_og_image":"","p4_og_image_id":"","p4_seo_canonical_url":"","p4_campaign_name":"not set","p4_local_project":"not set","p4_basket_name":"not set","p4_department":"","footnotes":""},"categories":[1],"tags":[],"class_list":["post-232","page","type-page","status-publish","hentry","category-uncategorized"],"_links":{"self":[{"href":"https:\/\/www.greenpeace.org\/colombia\/wp-json\/wp\/v2\/pages\/232","targetHints":{"allow":["GET"]}}],"collection":[{"href":"https:\/\/www.greenpeace.org\/colombia\/wp-json\/wp\/v2\/pages"}],"about":[{"href":"https:\/\/www.greenpeace.org\/colombia\/wp-json\/wp\/v2\/types\/page"}],"author":[{"embeddable":true,"href":"https:\/\/www.greenpeace.org\/colombia\/wp-json\/wp\/v2\/users\/1"}],"replies":[{"embeddable":true,"href":"https:\/\/www.greenpeace.org\/colombia\/wp-json\/wp\/v2\/comments?post=232"}],"version-history":[{"count":20,"href":"https:\/\/www.greenpeace.org\/colombia\/wp-json\/wp\/v2\/pages\/232\/revisions"}],"predecessor-version":[{"id":11833,"href":"https:\/\/www.greenpeace.org\/colombia\/wp-json\/wp\/v2\/pages\/232\/revisions\/11833"}],"wp:attachment":[{"href":"https:\/\/www.greenpeace.org\/colombia\/wp-json\/wp\/v2\/media?parent=232"}],"wp:term":[{"taxonomy":"category","embeddable":true,"href":"https:\/\/www.greenpeace.org\/colombia\/wp-json\/wp\/v2\/categories?post=232"},{"taxonomy":"post_tag","embeddable":true,"href":"https:\/\/www.greenpeace.org\/colombia\/wp-json\/wp\/v2\/tags?post=232"}],"curies":[{"name":"wp","href":"https:\/\/api.w.org\/{rel}","templated":true}]}}