{"id":32,"date":"2018-05-08T15:57:44","date_gmt":"2018-05-08T15:57:44","guid":{"rendered":"https:\/\/k8s.p4.greenpeace.org\/defaultcontent\/?page_id=32"},"modified":"2025-09-23T09:46:07","modified_gmt":"2025-09-23T09:46:07","slug":"paramos-sin-mineria","status":"publish","type":"page","link":"https:\/\/www.greenpeace.org\/colombia\/paramos-sin-mineria\/","title":{"rendered":"Pide p\u00e1ramos sin miner\u00eda"},"content":{"rendered":"\n                \n                <div class=\"wp-block-group alignfull is-layout-flow wp-block-group-is-layout-flow\">\n                \n                <div class=\"wp-block-group container is-layout-flow wp-block-group-is-layout-flow\">\n                \n                <div class=\"wp-block-media-text alignfull has-media-on-the-right is-stacked-on-mobile is-pattern-p4-page-header is-style-parallax\">\n\n                <div class=\"wp-block-media-text__content\">\n                    <div class=\"wp-block-group is-layout-flow wp-block-group-is-layout-flow\">\n                    \n                        <h1 class=\"wp-block-heading has-white-background-color has-background\">\n                            Adu\u00e9\u00f1ate del p\u00e1ramo de Pisba\n                        <\/h1>\n                    <\/div>\n                \n\n                \n                        <p style=\"font-size:1.25rem\">\n                            <span style=\"font-weight: 400\">A pesar de que la miner\u00eda en los p\u00e1ramos es ilegal desde febrero de 2016, las empresas siguen operando en Pisba. La extracci\u00f3n de carb\u00f3n pone en peligro al ecosistema, sus especies y al agua de los colombianos. Necesitamos que se cumpla la ley sin excusas.<\/span>\n                        <\/p>\n                    \n\n                \n\n                <\/div>\n                <figure class=\"wp-block-media-text__media\">\n                    <img loading=\"lazy\" decoding=\"async\" width=\"3000\" height=\"2002\"\n                        src=\"https:\/\/www.greenpeace.org\/static\/planet4-colombia-stateless\/2018\/08\/15d8ccfb-gp0stqm4i_high_res.jpg\"\n                        alt=\"\"\n                        sizes=\"auto, (min-width: 601px) 50vw, 100vw\" srcset=\"https:\/\/www.greenpeace.org\/static\/planet4-colombia-stateless\/2018\/08\/15d8ccfb-gp0stqm4i_high_res.jpg 3000w, https:\/\/www.greenpeace.org\/static\/planet4-colombia-stateless\/2018\/08\/15d8ccfb-gp0stqm4i_high_res-300x200.jpg 300w, https:\/\/www.greenpeace.org\/static\/planet4-colombia-stateless\/2018\/08\/15d8ccfb-gp0stqm4i_high_res-768x513.jpg 768w, https:\/\/www.greenpeace.org\/static\/planet4-colombia-stateless\/2018\/08\/15d8ccfb-gp0stqm4i_high_res-1024x683.jpg 1024w, https:\/\/www.greenpeace.org\/static\/planet4-colombia-stateless\/2018\/08\/15d8ccfb-gp0stqm4i_high_res-2048x1366.jpg 2048w, https:\/\/www.greenpeace.org\/static\/planet4-colombia-stateless\/2018\/08\/15d8ccfb-gp0stqm4i_high_res-510x340.jpg 510w\" class=\"wp-image-338 size-full\"\n                    \/>\n                <\/figure>\n                <\/div>\n                \n                <\/div>\n                \n                <\/div>\n                \n                \n<p><span style=\"font-weight: 400;\">Los p\u00e1ramos son ecosistemas t\u00edpicos de las altas monta\u00f1as de la cordillera de los Andes. &nbsp;<\/span><\/p>\n\n<p><span style=\"font-weight: 400;\">Y nuestro pa\u00eds tiene el 50% de los p\u00e1ramos del mundo. All\u00ed pueden encontrarse 4.700 especies de plantas, 70 de mam\u00edferos, 87 de anfibios y 154 de aves. El c\u00f3ndor de los Andes y el oso de anteojos son algunos de los animales m\u00e1s caracter\u00edsticos. <\/span><\/p>\n\n<p><span style=\"font-weight: 400;\">Estos ecosistemas proveen agua a la mayor\u00eda de los colombianos, sobre todo a los que habitan en la zona cordillerana. Ciudades como Bogot\u00e1, Cali y Medell\u00edn toman el agua directamente de los p\u00e1ramos o de los r\u00edos o quebradas que nacen all\u00ed. <\/span><\/p>\n\n<p><span style=\"font-weight: 400;\">Los p\u00e1ramos tambi\u00e9n regulan el agua potable que se utiliza para regar cultivos y generar energ\u00eda hidroel\u00e9ctrica. A pesar de su importancia, la miner\u00eda y el cambio clim\u00e1tico los pone en riesgo.<\/span><\/p>\n\n<p><b>La miner\u00eda en P\u00e1ramos: \u00bfhasta cu\u00e1ndo?<\/b><\/p>\n\n<p><span style=\"font-weight: 400;\">En febrero de 2016, gracias al trabajo de muchas organizaciones y la presi\u00f3n de m\u00e1s de 80 mil personas, la Corte Constitucional declar\u00f3 inconstitucional la miner\u00eda en los p\u00e1ramos. El fallo reafirm\u00f3 que el acceso al agua es un derecho fundamental de todos los ciudadanos. Sin embargo, en Pisba las empresas mineras siguen extrayendo carb\u00f3n de manera ilegal. <\/span><\/p>\n\n<p><span style=\"font-weight: 400;\">M\u00e1s miner\u00eda significa menos agua, menos especies y menos vida para todos los colombianos. <\/span><\/p>\n\n<p><b>\u00bfC\u00f3mo se relacionan los p\u00e1ramos y el cambio clim\u00e1tico?<\/b><\/p>\n\n<p><span style=\"font-weight: 400;\">Los p\u00e1ramos son considerados uno de los ecosistemas colombianos m\u00e1s vulnerables frente al cambio clim\u00e1tico. <\/span><\/p>\n\n<p><span style=\"font-weight: 400;\">Al aumentar la temperatura, las especies que est\u00e1n adaptadas a las condiciones t\u00edpicas del p\u00e1ramo tienen que migrar a sitios m\u00e1s altos y fr\u00edos en b\u00fasqueda de un entorno ideal para sobrevivir. <\/span><\/p>\n\n<p><span style=\"font-weight: 400;\">Con el tiempo, todo el ecosistema migra a las partes m\u00e1s altas de las monta\u00f1as debido al cambio de clima. Los nevados son desplazados o desaparecen y el p\u00e1ramo tambi\u00e9n pierde parte de su extensi\u00f3n original. Adem\u00e1s, podr\u00edan extinguirse para siempre muchas especies de plantas que viven \u00fanicamente en estas zonas. <\/span><\/p>\n\n<p><span style=\"font-weight: 400;\">Los p\u00e1ramos tambi\u00e9n son importantes para controlar el cambio clim\u00e1tico: una hect\u00e1rea de su suelo almacena m\u00e1s de 1.000 toneladas de CO2 (di\u00f3xido de carbono). Pero cuando comienzan las actividades productivas este carb\u00f3n se libera y aporta al calentamiento global.<\/span><\/p>\n\n<p><span style=\"font-weight: 400;\">Por todas estas razones el p\u00e1ramo es considerado un ecosistema muy valioso y fr\u00e1gil.&nbsp;<\/span><span style=\"font-weight: 400;\">Tenemos que protegerlo antes de que sea tarde.<\/span><\/p>\n\n<h3 class=\"wp-block-heading\">&nbsp;<\/h3>\n\n<h3 class=\"wp-block-heading\"><b>Lee m\u00e1s<\/b><\/h3>\n\n<p><a href=\"http:\/\/greenpeace.co\/pdf\/paramos\/escandaloPIsba.pdf\"><strong>P\u00e1ramo de Pisba. Irregularidades e inacci\u00f3n en el caso Hunza Coal<\/strong> (febrero 2015)<\/a><\/p>\n\n<p><a href=\"http:\/\/greenpeace.co\/pdf\/paramos\/Informe%20P%C3%A1ramos%20en%20peligro.pdf\"><strong>P\u00e1ramos en peligro. El caso de la miner\u00eda de carb\u00f3n en Pisba<\/strong> (diciembre 2013)<\/a><\/p>\n\n<p><a href=\"http:\/\/greenpeace.co\/pdf\/paramos\/informe_todo3.pdf\"><strong>Cambio clim\u00e1tico: futuro negro para los p\u00e1ramos<\/strong> (noviembre 2009)<\/a><\/p>\n\n    <div class=\"wp-block-query posts-list p4-query-loop is-custom-layout-list is-layout-flow wp-block-query-is-layout-flow\">\n        <div class=\"wp-block-group is-content-justification-space-between is-layout-flex wp-container-core-group-is-layout-3d213aab wp-block-group-is-layout-flex\"><h2 class=\"wp-block-heading\">Novedades<\/h2>\n        <li class=\" wp-block-navigation-item see-all-link wp-block-navigation-link\"><a class=\"wp-block-navigation-item__content\"  href=\"http:\/\/www.greenpeace.org\/colombia\/news-stories\/?tag=mineria\"><span class=\"wp-block-navigation-item__label\">See all stories<\/span><\/a><\/li>\n        \n        <\/div>\n        \n\n    <p style=\"margin-top: 24px; margin-bottom: 36px;\"><\/p>\n\n    \n\n    <ul class=\"wp-block-post-template is-layout-flow wp-block-post-template-is-layout-flow\"><li class=\"wp-block-post post-14423 post type-post status-publish format-standard has-post-thumbnail hentry category-climayenergia tag-mineria tag-accionxlanaturalezaya p4-page-type-blog\">\n            \n<div class=\"wp-block-columns is-layout-flex wp-container-core-columns-is-layout-9d6595d7 wp-block-columns-is-layout-flex\"><figure class=\"wp-block-post-featured-image\"><a href=\"https:\/\/www.greenpeace.org\/colombia\/blog\/campanas\/climayenergia\/tropicales-y-helados-en-colombia-tambien-tenemos-glaciares-y-debemos-protegerlos\/\" target=\"_self\"  ><img loading=\"lazy\" decoding=\"async\" width=\"800\" height=\"336\" src=\"https:\/\/www.greenpeace.org\/static\/planet4-colombia-stateless\/2025\/03\/89560a68-glaciar-colombia.jpg\" class=\"attachment-post-thumbnail size-post-thumbnail wp-post-image wp-stateless-item\" alt=\"Tropicales y fr\u00edos: en Colombia tambi\u00e9n tenemos glaciares y debemos protegerlos\" style=\"object-fit:cover;\" srcset=\"https:\/\/www.greenpeace.org\/static\/planet4-colombia-stateless\/2025\/03\/89560a68-glaciar-colombia.jpg 800w, https:\/\/www.greenpeace.org\/static\/planet4-colombia-stateless\/2025\/03\/89560a68-glaciar-colombia-300x126.jpg 300w, https:\/\/www.greenpeace.org\/static\/planet4-colombia-stateless\/2025\/03\/89560a68-glaciar-colombia-768x323.jpg 768w, https:\/\/www.greenpeace.org\/static\/planet4-colombia-stateless\/2025\/03\/89560a68-glaciar-colombia-510x214.jpg 510w\" sizes=\"auto, (max-width: 800px) 100vw, 800px\" data-image-size=\"post-thumbnail\" data-stateless-media-bucket=\"planet4-colombia-stateless\" data-stateless-media-name=\"2025\/03\/89560a68-glaciar-colombia.jpg\" \/><\/a><\/figure>\n\n        <div class=\"wp-block-group is-layout-flow wp-block-group-is-layout-flow\">\n                <div class=\"wp-block-group is-layout-flex wp-block-group-is-layout-flex\"><div class=\"wp-block-post-terms\"><a href=\"https:\/\/www.greenpeace.org\/colombia\/category\/campanas\/climayenergia\/\">Clima y Energ\u00eda<\/a><\/div>\n                <div class=\"taxonomy-post_tag wp-block-post-terms\"><a href=\"https:\/\/www.greenpeace.org\/colombia\/tag\/mineria\/\" rel=\"tag\">ParamosSinMiner\u00eda<\/a><span class=\"wp-block-post-terms__separator\"> <\/span><a href=\"https:\/\/www.greenpeace.org\/colombia\/tag\/accionxlanaturalezaya\/\" rel=\"tag\">Acci\u00f3nxLaNaturalezaYA<\/a><\/div>\n                \n                <\/div>\n                \n        <h3 class=\"wp-block-post-title\"><a href=\"https:\/\/www.greenpeace.org\/colombia\/blog\/campanas\/climayenergia\/tropicales-y-helados-en-colombia-tambien-tenemos-glaciares-y-debemos-protegerlos\/\" target=\"_self\" >Tropicales y fr\u00edos: en Colombia tambi\u00e9n tenemos glaciares y debemos protegerlos<\/a><\/h3>\n        <div class=\"wp-block-post-excerpt\"><p class=\"wp-block-post-excerpt__excerpt\">\u00bfSab\u00edas que somos uno de los pocos pa\u00edses con glaciares tropicales? <\/p><\/div>\n        \n        <div class=\"wp-block-group posts-list-meta is-layout-flow wp-block-group-is-layout-flow\"><span class='article-list-item-author'>Meri Castro<\/span>\n        <div class=\"wp-block-post-date\"><time datetime=\"2025-03-21T07:48:45+00:00\">21 marzo 2025<\/time><\/div>\n        \n        <\/div>\n        <\/div>\n        <\/div>\n\n            <\/li><li class=\"wp-block-post post-14126 post type-post status-publish format-standard has-post-thumbnail hentry category-climayenergia category-sustentabilidad tag-mineria tag-cambio-climatico p4-page-type-blog\">\n            \n<div class=\"wp-block-columns is-layout-flex wp-container-core-columns-is-layout-9d6595d7 wp-block-columns-is-layout-flex\"><figure class=\"wp-block-post-featured-image\"><a href=\"https:\/\/www.greenpeace.org\/colombia\/blog\/campanas\/climayenergia\/crisis-hidrica-mundial-nuevos-datos-confirman-que-el-recurso-mas-importante-esta-en-peligro\/\" target=\"_self\"  ><img loading=\"lazy\" decoding=\"async\" width=\"800\" height=\"534\" src=\"https:\/\/www.greenpeace.org\/static\/planet4-colombia-stateless\/2024\/12\/b65c1a06-gp0stu9uj_low-res-with-credit-line-800px.jpg\" class=\"attachment-post-thumbnail size-post-thumbnail wp-post-image wp-stateless-item\" alt=\"Crisis h\u00eddrica mundial: nuevos datos confirman que el recurso m\u00e1s importante est\u00e1 en peligro\" style=\"object-fit:cover;\" srcset=\"https:\/\/www.greenpeace.org\/static\/planet4-colombia-stateless\/2024\/12\/b65c1a06-gp0stu9uj_low-res-with-credit-line-800px.jpg 800w, https:\/\/www.greenpeace.org\/static\/planet4-colombia-stateless\/2024\/12\/b65c1a06-gp0stu9uj_low-res-with-credit-line-800px-300x200.jpg 300w, https:\/\/www.greenpeace.org\/static\/planet4-colombia-stateless\/2024\/12\/b65c1a06-gp0stu9uj_low-res-with-credit-line-800px-768x513.jpg 768w, https:\/\/www.greenpeace.org\/static\/planet4-colombia-stateless\/2024\/12\/b65c1a06-gp0stu9uj_low-res-with-credit-line-800px-510x340.jpg 510w\" sizes=\"auto, (max-width: 800px) 100vw, 800px\" data-image-size=\"post-thumbnail\" data-stateless-media-bucket=\"planet4-colombia-stateless\" data-stateless-media-name=\"2024\/12\/b65c1a06-gp0stu9uj_low-res-with-credit-line-800px.jpg\" \/><\/a><\/figure>\n\n        <div class=\"wp-block-group is-layout-flow wp-block-group-is-layout-flow\">\n                <div class=\"wp-block-group is-layout-flex wp-block-group-is-layout-flex\"><div class=\"wp-block-post-terms\"><a href=\"https:\/\/www.greenpeace.org\/colombia\/category\/campanas\/climayenergia\/\">Clima y Energ\u00eda<\/a><\/div>\n                <div class=\"taxonomy-post_tag wp-block-post-terms\"><a href=\"https:\/\/www.greenpeace.org\/colombia\/tag\/mineria\/\" rel=\"tag\">ParamosSinMiner\u00eda<\/a><span class=\"wp-block-post-terms__separator\"> <\/span><a href=\"https:\/\/www.greenpeace.org\/colombia\/tag\/cambio-climatico\/\" rel=\"tag\">Cambio clim\u00e1tico<\/a><\/div>\n                \n                <\/div>\n                \n        <h3 class=\"wp-block-post-title\"><a href=\"https:\/\/www.greenpeace.org\/colombia\/blog\/campanas\/climayenergia\/crisis-hidrica-mundial-nuevos-datos-confirman-que-el-recurso-mas-importante-esta-en-peligro\/\" target=\"_self\" >Crisis h\u00eddrica mundial: nuevos datos confirman que el recurso m\u00e1s importante est\u00e1 en peligro<\/a><\/h3>\n        <div class=\"wp-block-post-excerpt\"><p class=\"wp-block-post-excerpt__excerpt\">S\u00f3lo contamos con 2,5% de agua dulce y esas reservas no paran de achicarse. <\/p><\/div>\n        \n        <div class=\"wp-block-group posts-list-meta is-layout-flow wp-block-group-is-layout-flow\"><span class='article-list-item-author'>Meri Castro<\/span>\n        <div class=\"wp-block-post-date\"><time datetime=\"2024-12-30T12:28:08+00:00\">30 diciembre 2024<\/time><\/div>\n        \n        <\/div>\n        <\/div>\n        <\/div>\n\n            <\/li><li class=\"wp-block-post post-4751 post type-post status-publish format-standard has-post-thumbnail hentry category-climayenergia category-greenpeace tag-mineria p4-page-type-noticia\">\n            \n<div class=\"wp-block-columns is-layout-flex wp-container-core-columns-is-layout-9d6595d7 wp-block-columns-is-layout-flex\"><figure class=\"wp-block-post-featured-image\"><a href=\"https:\/\/www.greenpeace.org\/colombia\/noticia\/campanas\/climayenergia\/no-podemos-permitir-que-se-saque-una-gota-de-agua-de-nuestros-paramos\/\" target=\"_self\"  ><img loading=\"lazy\" decoding=\"async\" width=\"2560\" height=\"1920\" src=\"https:\/\/www.greenpeace.org\/static\/planet4-colombia-stateless\/2020\/09\/51e0d56f-gpc_paramosanturban_04-scaled.jpg\" class=\"attachment-post-thumbnail size-post-thumbnail wp-post-image wp-stateless-item\" alt=\"\u201cNo podemos permitir que se saque una gota de agua de nuestros p\u00e1ramos\u201d.\" style=\"object-fit:cover;\" srcset=\"https:\/\/www.greenpeace.org\/static\/planet4-colombia-stateless\/2020\/09\/51e0d56f-gpc_paramosanturban_04-scaled.jpg 2560w, https:\/\/www.greenpeace.org\/static\/planet4-colombia-stateless\/2020\/09\/51e0d56f-gpc_paramosanturban_04-300x225.jpg 300w, https:\/\/www.greenpeace.org\/static\/planet4-colombia-stateless\/2020\/09\/51e0d56f-gpc_paramosanturban_04-1024x768.jpg 1024w, https:\/\/www.greenpeace.org\/static\/planet4-colombia-stateless\/2020\/09\/51e0d56f-gpc_paramosanturban_04-768x576.jpg 768w, https:\/\/www.greenpeace.org\/static\/planet4-colombia-stateless\/2020\/09\/51e0d56f-gpc_paramosanturban_04-1536x1152.jpg 1536w, https:\/\/www.greenpeace.org\/static\/planet4-colombia-stateless\/2020\/09\/51e0d56f-gpc_paramosanturban_04-2048x1536.jpg 2048w, https:\/\/www.greenpeace.org\/static\/planet4-colombia-stateless\/2020\/09\/51e0d56f-gpc_paramosanturban_04-1821x1366.jpg 1821w, https:\/\/www.greenpeace.org\/static\/planet4-colombia-stateless\/2020\/09\/51e0d56f-gpc_paramosanturban_04-453x340.jpg 453w\" sizes=\"auto, (max-width: 2560px) 100vw, 2560px\" data-image-size=\"post-thumbnail\" data-stateless-media-bucket=\"planet4-colombia-stateless\" data-stateless-media-name=\"2020\/09\/51e0d56f-gpc_paramosanturban_04-scaled.jpg\" \/><\/a><\/figure>\n\n        <div class=\"wp-block-group is-layout-flow wp-block-group-is-layout-flow\">\n                <div class=\"wp-block-group is-layout-flex wp-block-group-is-layout-flex\"><div class=\"wp-block-post-terms\"><a href=\"https:\/\/www.greenpeace.org\/colombia\/category\/campanas\/climayenergia\/\">Clima y Energ\u00eda<\/a><\/div>\n                <div class=\"taxonomy-post_tag wp-block-post-terms\"><a href=\"https:\/\/www.greenpeace.org\/colombia\/tag\/mineria\/\" rel=\"tag\">ParamosSinMiner\u00eda<\/a><\/div>\n                \n                <\/div>\n                \n        <h3 class=\"wp-block-post-title\"><a href=\"https:\/\/www.greenpeace.org\/colombia\/noticia\/campanas\/climayenergia\/no-podemos-permitir-que-se-saque-una-gota-de-agua-de-nuestros-paramos\/\" target=\"_self\" >\u201cNo podemos permitir que se saque una gota de agua de nuestros p\u00e1ramos\u201d.<\/a><\/h3>\n        <div class=\"wp-block-post-excerpt\"><p class=\"wp-block-post-excerpt__excerpt\">Greenpeace alert\u00f3 de las fuertes presiones, amenazas medioambientales, vulnerabilidad e indefensi\u00f3n que est\u00e1n sufriendo los p\u00e1ramos de Colombia, espacios claves como fuentes de generaci\u00f3n de agua en medio de la&hellip; <\/p><\/div>\n        \n        <div class=\"wp-block-group posts-list-meta is-layout-flow wp-block-group-is-layout-flow\"><span class='article-list-item-author'><a href='https:\/\/www.greenpeace.org\/colombia\/author\/prensaco\/'>Prensa Colombia<\/a><\/span>\n        <div class=\"wp-block-post-date\"><time datetime=\"2020-09-28T12:38:56+00:00\">28 septiembre 2020<\/time><\/div>\n        \n        <\/div>\n        <\/div>\n        <\/div>\n\n            <\/li><\/ul>\n\n    \n<div class=\"wp-block-buttons carousel-controls is-horizontal is-content-justification-space-between is-nowrap is-layout-flex wp-container-core-buttons-is-layout-044bd602 wp-block-buttons-is-layout-flex\">\n            <div class=\"wp-block-button carousel-control-prev\"><button type=\"button\" class=\"wp-block-button__link wp-element-button\">Prev<\/button><\/div>\n        \n\n            <div class=\"wp-block-button carousel-control-next\"><button type=\"button\" class=\"wp-block-button__link wp-element-button\">Next<\/button><\/div>\n        <\/div>\n\n\n    <li class=\" wp-block-navigation-item see-all-link wp-block-navigation-link\"><a class=\"wp-block-navigation-item__content\"  href=\"http:\/\/www.greenpeace.org\/colombia\/news-stories\/?tag=mineria\"><span class=\"wp-block-navigation-item__label\">See all stories<\/span><\/a><\/li><\/div>\n    \n<h3 class=\"wp-block-heading\">&nbsp;<\/h3>\n\n<h3 class=\"wp-block-heading\"><strong>Videos <\/strong><\/h3>\n\n<p><iframe loading=\"lazy\" src=\"https:\/\/www.youtube.com\/embed\/videoseries?list=PLKDiTVy7lFIVaRKmn3279gH6pgfHRZst3\" width=\"560\" height=\"315\" frameborder=\"0\" allowfullscreen=\"allowfullscreen\"><span data-mce-type=\"bookmark\" style=\"display: inline-block; width: 0px; overflow: hidden; line-height: 0;\" class=\"mce_SELRES_start\">\ufeff<\/span><\/iframe><\/p>\n","protected":false},"excerpt":{"rendered":"<p>Los p\u00e1ramos son ecosistemas t\u00edpicos de las altas monta\u00f1as de la cordillera de los Andes. &nbsp; Y nuestro pa\u00eds tiene el 50% de los p\u00e1ramos del mundo. All\u00ed pueden encontrarse 4.700 especies de plantas, 70 de mam\u00edferos, 87 de anfibios y 154 de aves. El c\u00f3ndor de los Andes y el oso de anteojos son [&hellip;]<\/p>\n","protected":false},"author":1,"featured_media":338,"parent":0,"menu_order":0,"comment_status":"closed","ping_status":"closed","template":"","meta":{"ep_exclude_from_search":false,"p4_hide_page_title_checkbox":"on","p4_title":"","p4_subtitle":"","p4_description":"","background_image_id":"","background_image":"","p4_button_title":"","p4_button_link":"","p4_button_link_checkbox":"","p4_og_title":"P\u00e1ramos sin miner\u00eda","p4_og_description":"Ciudades como Bogot\u00e1, Cali y Medell\u00edn toman el agua directamente de los p\u00e1ramos o de los r\u00edos o quebradas que nacen all\u00ed. ","p4_og_image":"","p4_og_image_id":"","p4_seo_canonical_url":"","p4_campaign_name":"not set","p4_local_project":"not set","p4_basket_name":"not set","p4_department":"","footnotes":""},"categories":[5,3],"tags":[19],"class_list":["post-32","page","type-page","status-publish","has-post-thumbnail","hentry","category-campanas","category-climayenergia","tag-mineria"],"_links":{"self":[{"href":"https:\/\/www.greenpeace.org\/colombia\/wp-json\/wp\/v2\/pages\/32","targetHints":{"allow":["GET"]}}],"collection":[{"href":"https:\/\/www.greenpeace.org\/colombia\/wp-json\/wp\/v2\/pages"}],"about":[{"href":"https:\/\/www.greenpeace.org\/colombia\/wp-json\/wp\/v2\/types\/page"}],"author":[{"embeddable":true,"href":"https:\/\/www.greenpeace.org\/colombia\/wp-json\/wp\/v2\/users\/1"}],"replies":[{"embeddable":true,"href":"https:\/\/www.greenpeace.org\/colombia\/wp-json\/wp\/v2\/comments?post=32"}],"version-history":[{"count":21,"href":"https:\/\/www.greenpeace.org\/colombia\/wp-json\/wp\/v2\/pages\/32\/revisions"}],"predecessor-version":[{"id":16739,"href":"https:\/\/www.greenpeace.org\/colombia\/wp-json\/wp\/v2\/pages\/32\/revisions\/16739"}],"wp:featuredmedia":[{"embeddable":true,"href":"https:\/\/www.greenpeace.org\/colombia\/wp-json\/wp\/v2\/media\/338"}],"wp:attachment":[{"href":"https:\/\/www.greenpeace.org\/colombia\/wp-json\/wp\/v2\/media?parent=32"}],"wp:term":[{"taxonomy":"category","embeddable":true,"href":"https:\/\/www.greenpeace.org\/colombia\/wp-json\/wp\/v2\/categories?post=32"},{"taxonomy":"post_tag","embeddable":true,"href":"https:\/\/www.greenpeace.org\/colombia\/wp-json\/wp\/v2\/tags?post=32"}],"curies":[{"name":"wp","href":"https:\/\/api.w.org\/{rel}","templated":true}]}}