{"id":393,"date":"2018-08-28T18:16:09","date_gmt":"2018-08-28T18:16:09","guid":{"rendered":"https:\/\/www.greenpeace.org\/colombia\/?page_id=393"},"modified":"2025-09-23T09:46:01","modified_gmt":"2025-09-23T09:46:01","slug":"exige-la-prohibicion-del-asbesto","status":"publish","type":"page","link":"https:\/\/www.greenpeace.org\/colombia\/exige-la-prohibicion-del-asbesto\/","title":{"rendered":"Logramos una Colombia sin asbesto"},"content":{"rendered":"\n                \n                <div class=\"wp-block-group alignfull is-layout-flow wp-block-group-is-layout-flow\">\n                \n                <div class=\"wp-block-group container is-layout-flow wp-block-group-is-layout-flow\">\n                \n                <div class=\"wp-block-media-text alignfull has-media-on-the-right is-stacked-on-mobile is-pattern-p4-page-header is-style-parallax\">\n\n                <div class=\"wp-block-media-text__content\">\n                    <div class=\"wp-block-group is-layout-flow wp-block-group-is-layout-flow\">\n                    \n                        <h1 class=\"wp-block-heading has-white-background-color has-background\">\n                            Logramos una Colombia sin asbesto\n                        <\/h1>\n                    <\/div>\n                \n\n                \n                        <p style=\"font-size:1.25rem\">\n                            <span style=\"font-weight: 400\">El 11 de junio de 2019 fue un d\u00eda hist\u00f3rico para nuestro pa\u00eds. La C\u00e1mara de Representantes aprob\u00f3 por unanimidad el proyecto de ley Ana Cecilia Ni\u00f1o que proh\u00edbe producir, usar, comercializar y exportar asbesto en Colombia.\u00a0<\/span> <span style=\"font-weight: 400\">Despu\u00e9s de 12 a\u00f1os de intentos para eliminar esta fibra cancer\u00edgena conseguimos un resultado que parec\u00eda casi imposible. Es el fin de un asesino silencioso.<\/span>\n                        <\/p>\n                    \n\n                \n\n                <\/div>\n                <figure class=\"wp-block-media-text__media\">\n                    <img loading=\"lazy\" decoding=\"async\" width=\"3000\" height=\"2002\"\n                        src=\"https:\/\/www.greenpeace.org\/static\/planet4-colombia-stateless\/2018\/08\/a073e3eb-gp0stqve4_high_res.jpg\"\n                        alt=\"\"\n                        sizes=\"auto, (min-width: 601px) 50vw, 100vw\" srcset=\"https:\/\/www.greenpeace.org\/static\/planet4-colombia-stateless\/2018\/08\/a073e3eb-gp0stqve4_high_res.jpg 3000w, https:\/\/www.greenpeace.org\/static\/planet4-colombia-stateless\/2018\/08\/a073e3eb-gp0stqve4_high_res-300x200.jpg 300w, https:\/\/www.greenpeace.org\/static\/planet4-colombia-stateless\/2018\/08\/a073e3eb-gp0stqve4_high_res-768x513.jpg 768w, https:\/\/www.greenpeace.org\/static\/planet4-colombia-stateless\/2018\/08\/a073e3eb-gp0stqve4_high_res-1024x683.jpg 1024w, https:\/\/www.greenpeace.org\/static\/planet4-colombia-stateless\/2018\/08\/a073e3eb-gp0stqve4_high_res-2048x1366.jpg 2048w, https:\/\/www.greenpeace.org\/static\/planet4-colombia-stateless\/2018\/08\/a073e3eb-gp0stqve4_high_res-510x340.jpg 510w\" class=\"wp-image-336 size-full\"\n                    \/>\n                <\/figure>\n                <\/div>\n                \n                <\/div>\n                \n                <\/div>\n                \n                \n<p><b>\u00bfQu\u00e9 es el asbesto?<\/b><\/p>\n\n<p><span style=\"font-weight: 400;\">El asbesto es un grupo de minerales que se utiliza en las industrias de la construcci\u00f3n y automotriz para fabricar embragues de frenos, tejas, techos, tanques, baldosas, tuber\u00edas de agua y azulejos, entre otros productos. Cuando sus diminutas fibras son liberadas al aire pueden afectar nuestra salud. Por eso, el peligro est\u00e1 presente en miles de hogares, escuelas y hospitales.<\/span><\/p>\n\n<p><span style=\"font-weight: 400;\">El asbesto blanco (crisotilo) act\u00faa lentamente y en silencio. Sus fibras ingresan en nuestro sistema respiratorio sin que nos demos cuenta. Y es posible que permanezcan 20 o 30 a\u00f1os en los pulmones hasta que comienzan a dar se\u00f1ales. <\/span><span style=\"font-weight: 400;\">Con el tiempo, si se acumulan, causan cicatrizaci\u00f3n e inflamaci\u00f3n, perjudican la respiraci\u00f3n y provocan graves enfermedades como el c\u00e1ncer.&nbsp;&nbsp;<\/span><\/p>\n\n<p><span style=\"font-weight: 400;\">Las fibras pueden llegar al aire por el desgaste de los art\u00edculos que contienen asbesto. Tambi\u00e9n por rupturas, remoci\u00f3n inadecuada, trabajos de mantenimiento, procesos de demolici\u00f3n, eliminaci\u00f3n de residuos de construcci\u00f3n y como consecuencia de desastres naturales.&nbsp;<\/span><\/p>\n\n<p><span style=\"font-weight: 400;\">M\u00e1s de 100 mil personas en el mundo mueren cada a\u00f1o por problemas de salud relacionados con este material. Por esta raz\u00f3n est\u00e1 prohibido en 60 pa\u00edses, entre ellos Argentina, Chile, Uruguay, Brasil, Espa\u00f1a e Italia.<\/span><\/p>\n\n<p><span style=\"font-weight: 400;\">&nbsp;<\/span><\/p>\n\n<p><b>La historia de la campa\u00f1a Colombia Sin Asbesto<\/b><\/p>\n\n<p><span style=\"font-weight: 400;\">En 2016 la periodista colombiana Ana Cecilia Ni\u00f1o cre\u00f3 una petici\u00f3n en nuestra plataforma de campa\u00f1as ambientales Hagamos Eco. Su objetivo era lograr la prohibici\u00f3n del asbesto en Colombia y toda Latinoam\u00e9rica.<br><\/span><span style=\"font-weight: 400;\">Ana llev\u00f3 la iniciativa adelante hasta que un mesotelioma a causa de este material cancer\u00edgeno la venci\u00f3. Pero su marido Daniel Pineda, su hija, miles de v\u00edctimas y sus familias merec\u00edan que su lucha continuara.&nbsp;<\/span><\/p>\n\n<p><span style=\"font-weight: 400;\">En Greenpeace decidimos empezar a investigar sobre el tema, identificar a los responsables, y a crear alianzas con acad\u00e9micos y m\u00e9dicos. As\u00ed comenzamos a planificar una posible campa\u00f1a que finalmente se hizo p\u00fablica a principios de 2017.<\/span><\/p>\n\n<p><span style=\"font-weight: 400;\">Por su parte, Daniel sigui\u00f3 la voluntad de Ana y dio inicio al movimiento <\/span><span style=\"font-weight: 400;\">#ColombiaSinAsbesto.&nbsp;<\/span><\/p>\n\n<p><span style=\"font-weight: 400;\">Ese mismo a\u00f1o la senadora Nadia Blel present\u00f3 un proyecto de ley para prohibir este material y lo llam\u00f3 Ana Cecilia Ni\u00f1o. Era un homenaje a la mujer que hab\u00eda trabajado sin descanso para conseguirlo. Junto a Daniel<\/span><span style=\"font-weight: 400;\">&nbsp;apoyamos la iniciativa legal.<\/span><\/p>\n\n<p><span style=\"font-weight: 400;\">En 2017 el proyecto de ley fue aprobado en primer debate en la Comisi\u00f3n S\u00e9ptima de la C\u00e1mara de Senadores. Sab\u00edamos que en los \u00faltimos 12 a\u00f1os hab\u00edan quedado en el camino siete intentos de prohibici\u00f3n del mineral cancer\u00edgeno. Pero esta vez fue diferente. <\/span><span style=\"font-weight: 400;\">M\u00e1s de 130 mil colombianos ya eran parte del movimiento <\/span><span style=\"font-weight: 400;\">#ColombiaSinAsbesto y su presi\u00f3n <\/span><span style=\"font-weight: 400;\">no pudo ser ignorada.&nbsp;<\/span><\/p>\n\n<p><span style=\"font-weight: 400;\">Adem\u00e1s, organizaciones civiles, entidades m\u00e9dicas, cient\u00edficos, universidades, y los Ministerios del Interior, Trabajo, Ambiente y Salud brindaron apoyo p\u00fablico al proyecto de ley Ana Cecilia Ni\u00f1o.<\/span><span style=\"font-weight: 400;\"> La Defensor\u00eda del Pueblo tambi\u00e9n solicit\u00f3 su aprobaci\u00f3n.<\/span><\/p>\n\n<p><span style=\"font-weight: 400;\">Durante los siguientes dos a\u00f1os luchamos contra el lobby de la industria que utiliza asbesto, las dilataciones en el Senado y en el Congreso, y la posibilidad de que este material solo se eliminara y no se prohibiera. Finalmente, la iniciativa super\u00f3 todas las etapas necesarias y en junio de 2019 fue aprobada en plenaria de la C\u00e1mara de Representantes.&nbsp;<\/span><\/p>\n\n<p><span style=\"font-weight: 400;\">Hoy podemos decir que Colombia sin asbesto es una realidad.<\/span><\/p>\n\n<p><span style=\"font-weight: 400;\">&nbsp;<\/span><\/p>\n\n<p><b>\u00bfQu\u00e9 hicimos en Greenpeace para lograrlo?<\/b><\/p>\n\n<ul class=\"wp-block-list\">\n<li><span style=\"font-weight: 400;\"> Nos aliamos con organizaciones, universidades y ministerios que estaban a favor de prohibir el asbesto.&nbsp;<\/span><\/li>\n\n\n\n<li><span style=\"font-weight: 400;\"> Trabajamos con Daniel Pineda y su Fundaci\u00f3n Ana Cecilia Ni\u00f1o, con entidades m\u00e9dicas y cient\u00edficas.<\/span><\/li>\n\n\n\n<li><span style=\"font-weight: 400;\"> Realizamos nueve intervenciones en v\u00eda p\u00fablica.<\/span><\/li>\n\n\n\n<li><span style=\"font-weight: 400;\"> Elaboramos informes t\u00e9cnicos, dimos charlas y participamos en conferencias y eventos.<\/span><\/li>\n\n\n\n<li><span style=\"font-weight: 400;\"> Mostramos nuestro reclamo en medios de comunicaci\u00f3n y redes sociales.<\/span><\/li>\n\n\n\n<li><span style=\"font-weight: 400;\"> Trabajamos junto a los congresistas para lograr su voto a favor de la salud.<\/span><\/li>\n\n\n\n<li><span style=\"font-weight: 400;\"> Expusimos la responsabilidad de las empresas que se benefician por vender asbesto.&nbsp;<\/span><\/li>\n\n\n\n<li><span style=\"font-weight: 400;\"> M\u00e1s de 230 mil personas se sumaron a la campa\u00f1a para prohibir este material a trav\u00e9s de firmas, env\u00edo de cartas y twitteratones.<\/span><\/li>\n<\/ul>\n\n<h3 class=\"wp-block-heading\"><b>Lee m\u00e1s<\/b><\/h3>\n\n<p><a href=\"http:\/\/greenpeace.co\/pdf\/asbesto\/informe_datos%20Asbesto%20nov%202017.pdf\"><strong>El asbesto sigue enfermando a Colombia: datos y cifras<\/strong> (Noviembre 2017)<\/a><\/p>\n\n<p><a href=\"http:\/\/greenpeace.co\/pdf\/asbesto\/informe-ASBESTO.pdf\"><strong>El asbesto sigue enfermando a Colombia<\/strong> (Junio 2017)<\/a><\/p>\n\n    <div class=\"wp-block-query posts-list p4-query-loop is-custom-layout-list is-layout-flow wp-block-query-is-layout-flow\">\n        <div class=\"wp-block-group is-content-justification-space-between is-layout-flex wp-container-core-group-is-layout-3d213aab wp-block-group-is-layout-flex\"><h2 class=\"wp-block-heading\">Novedades<\/h2>\n        <li class=\" wp-block-navigation-item see-all-link wp-block-navigation-link\"><a class=\"wp-block-navigation-item__content\"  href=\"http:\/\/www.greenpeace.org\/colombia\/news-stories\/?tag=asbesto\"><span class=\"wp-block-navigation-item__label\">See all stories<\/span><\/a><\/li>\n        \n        <\/div>\n        \n\n    <p style=\"margin-top: 24px; margin-bottom: 36px;\"><\/p>\n\n    \n\n    <ul class=\"wp-block-post-template is-layout-flow wp-block-post-template-is-layout-flow\"><li class=\"wp-block-post post-12809 post type-post status-publish format-standard has-post-thumbnail hentry category-contaminacion tag-asbesto p4-page-type-blog\">\n            \n<div class=\"wp-block-columns is-layout-flex wp-container-core-columns-is-layout-9d6595d7 wp-block-columns-is-layout-flex\"><figure class=\"wp-block-post-featured-image\"><a href=\"https:\/\/www.greenpeace.org\/colombia\/blog\/campanas\/contaminacion\/aire-contaminado-la-crisis-silenciosa-que-afecta-mas-al-sur-global\/\" target=\"_self\"  ><img loading=\"lazy\" decoding=\"async\" width=\"800\" height=\"450\" src=\"https:\/\/www.greenpeace.org\/static\/planet4-colombia-stateless\/2024\/08\/bc9364d7-gp0stt3v9_low-res-with-credit-line-800px.jpg\" class=\"attachment-post-thumbnail size-post-thumbnail wp-post-image wp-stateless-item\" alt=\"Aire contaminado, la crisis silenciosa que afecta m\u00e1s al Sur Global\" style=\"object-fit:cover;\" srcset=\"https:\/\/www.greenpeace.org\/static\/planet4-colombia-stateless\/2024\/08\/bc9364d7-gp0stt3v9_low-res-with-credit-line-800px.jpg 800w, https:\/\/www.greenpeace.org\/static\/planet4-colombia-stateless\/2024\/08\/bc9364d7-gp0stt3v9_low-res-with-credit-line-800px-300x169.jpg 300w, https:\/\/www.greenpeace.org\/static\/planet4-colombia-stateless\/2024\/08\/bc9364d7-gp0stt3v9_low-res-with-credit-line-800px-768x432.jpg 768w, https:\/\/www.greenpeace.org\/static\/planet4-colombia-stateless\/2024\/08\/bc9364d7-gp0stt3v9_low-res-with-credit-line-800px-510x287.jpg 510w\" sizes=\"auto, (max-width: 800px) 100vw, 800px\" data-image-size=\"post-thumbnail\" data-stateless-media-bucket=\"planet4-colombia-stateless\" data-stateless-media-name=\"2024\/08\/bc9364d7-gp0stt3v9_low-res-with-credit-line-800px.jpg\" \/><\/a><\/figure>\n\n        <div class=\"wp-block-group is-layout-flow wp-block-group-is-layout-flow\">\n                <div class=\"wp-block-group is-layout-flex wp-block-group-is-layout-flex\"><div class=\"wp-block-post-terms\"><a href=\"https:\/\/www.greenpeace.org\/colombia\/category\/campanas\/contaminacion\/\">Contaminaci\u00f3n<\/a><\/div>\n                <div class=\"taxonomy-post_tag wp-block-post-terms\"><a href=\"https:\/\/www.greenpeace.org\/colombia\/tag\/asbesto\/\" rel=\"tag\">ColombiaSinAsbesto<\/a><\/div>\n                \n                <\/div>\n                \n        <h3 class=\"wp-block-post-title\"><a href=\"https:\/\/www.greenpeace.org\/colombia\/blog\/campanas\/contaminacion\/aire-contaminado-la-crisis-silenciosa-que-afecta-mas-al-sur-global\/\" target=\"_self\" >Aire contaminado, la crisis silenciosa que afecta m\u00e1s al Sur Global<\/a><\/h3>\n        <div class=\"wp-block-post-excerpt\"><p class=\"wp-block-post-excerpt__excerpt\">Cuando el aire que respiramos se vuelve un peligro. <\/p><\/div>\n        \n        <div class=\"wp-block-group posts-list-meta is-layout-flow wp-block-group-is-layout-flow\"><span class='article-list-item-author'>Meri Castro<\/span>\n        <div class=\"wp-block-post-date\"><time datetime=\"2024-08-15T12:29:31+00:00\">15 agosto 2024<\/time><\/div>\n        \n        <\/div>\n        <\/div>\n        <\/div>\n\n            <\/li><li class=\"wp-block-post post-11886 post type-post status-publish format-standard has-post-thumbnail hentry category-contaminacion tag-asbesto tag-plasticos tag-basta-de-basura p4-page-type-blog\">\n            \n<div class=\"wp-block-columns is-layout-flex wp-container-core-columns-is-layout-9d6595d7 wp-block-columns-is-layout-flex\"><figure class=\"wp-block-post-featured-image\"><a href=\"https:\/\/www.greenpeace.org\/colombia\/blog\/campanas\/contaminacion\/solo-7-paises-del-mundo-respiraron-aire-libre-de-contaminacion-el-ultimo-ano\/\" target=\"_self\"  ><img loading=\"lazy\" decoding=\"async\" width=\"800\" height=\"533\" src=\"https:\/\/www.greenpeace.org\/static\/planet4-colombia-stateless\/2024\/04\/7392c2ab-gp1szveq_low_res_with_credit_line.jpg\" class=\"attachment-post-thumbnail size-post-thumbnail wp-post-image wp-stateless-item\" alt=\"S\u00f3lo 7 pa\u00edses del mundo respiraron aire libre de contaminaci\u00f3n el \u00faltimo a\u00f1o\" style=\"object-fit:cover;\" srcset=\"https:\/\/www.greenpeace.org\/static\/planet4-colombia-stateless\/2024\/04\/7392c2ab-gp1szveq_low_res_with_credit_line.jpg 800w, https:\/\/www.greenpeace.org\/static\/planet4-colombia-stateless\/2024\/04\/7392c2ab-gp1szveq_low_res_with_credit_line-300x200.jpg 300w, https:\/\/www.greenpeace.org\/static\/planet4-colombia-stateless\/2024\/04\/7392c2ab-gp1szveq_low_res_with_credit_line-768x512.jpg 768w, https:\/\/www.greenpeace.org\/static\/planet4-colombia-stateless\/2024\/04\/7392c2ab-gp1szveq_low_res_with_credit_line-510x340.jpg 510w\" sizes=\"auto, (max-width: 800px) 100vw, 800px\" data-image-size=\"post-thumbnail\" data-stateless-media-bucket=\"planet4-colombia-stateless\" data-stateless-media-name=\"2024\/04\/7392c2ab-gp1szveq_low_res_with_credit_line.jpg\" \/><\/a><\/figure>\n\n        <div class=\"wp-block-group is-layout-flow wp-block-group-is-layout-flow\">\n                <div class=\"wp-block-group is-layout-flex wp-block-group-is-layout-flex\"><div class=\"wp-block-post-terms\"><a href=\"https:\/\/www.greenpeace.org\/colombia\/category\/campanas\/contaminacion\/\">Contaminaci\u00f3n<\/a><\/div>\n                <div class=\"taxonomy-post_tag wp-block-post-terms\"><a href=\"https:\/\/www.greenpeace.org\/colombia\/tag\/asbesto\/\" rel=\"tag\">ColombiaSinAsbesto<\/a><span class=\"wp-block-post-terms__separator\"> <\/span><a href=\"https:\/\/www.greenpeace.org\/colombia\/tag\/plasticos\/\" rel=\"tag\">MejorSinPl\u00e1sticos<\/a><span class=\"wp-block-post-terms__separator\"> <\/span><a href=\"https:\/\/www.greenpeace.org\/colombia\/tag\/basta-de-basura\/\" rel=\"tag\">Basta de Basura<\/a><\/div>\n                \n                <\/div>\n                \n        <h3 class=\"wp-block-post-title\"><a href=\"https:\/\/www.greenpeace.org\/colombia\/blog\/campanas\/contaminacion\/solo-7-paises-del-mundo-respiraron-aire-libre-de-contaminacion-el-ultimo-ano\/\" target=\"_self\" >S\u00f3lo 7 pa\u00edses del mundo respiraron aire libre de contaminaci\u00f3n el \u00faltimo a\u00f1o<\/a><\/h3>\n        <div class=\"wp-block-post-excerpt\"><p class=\"wp-block-post-excerpt__excerpt\">Ning\u00fan pa\u00eds de Latinoam\u00e9rica tuvo buena calidad de aire en 2023. <\/p><\/div>\n        \n        <div class=\"wp-block-group posts-list-meta is-layout-flow wp-block-group-is-layout-flow\"><span class='article-list-item-author'>Meri Castro<\/span>\n        <div class=\"wp-block-post-date\"><time datetime=\"2024-04-04T15:51:47+00:00\">4 abril 2024<\/time><\/div>\n        \n        <\/div>\n        <\/div>\n        <\/div>\n\n            <\/li><li class=\"wp-block-post post-1667 post type-post status-publish format-standard has-post-thumbnail hentry category-uncategorized tag-asbesto p4-page-type-noticia\">\n            \n<div class=\"wp-block-columns is-layout-flex wp-container-core-columns-is-layout-9d6595d7 wp-block-columns-is-layout-flex\"><figure class=\"wp-block-post-featured-image\"><a href=\"https:\/\/www.greenpeace.org\/colombia\/noticia\/uncategorized\/la-prohibicion-del-asbesto-es-una-victoria-historica-y-una-muestra-del-empoderamiento-ciudadano\/\" target=\"_self\"  ><img loading=\"lazy\" decoding=\"async\" width=\"6000\" height=\"4000\" src=\"https:\/\/www.greenpeace.org\/static\/planet4-colombia-stateless\/2019\/07\/d0dfa2bb-7b.png\" class=\"attachment-post-thumbnail size-post-thumbnail wp-post-image wp-stateless-item\" alt=\"\u201cLa prohibici\u00f3n del asbesto es una victoria hist\u00f3rica y una muestra del empoderamiento ciudadano\u201d\" style=\"object-fit:cover;\" srcset=\"https:\/\/www.greenpeace.org\/static\/planet4-colombia-stateless\/2019\/07\/d0dfa2bb-7b.png 6000w, https:\/\/www.greenpeace.org\/static\/planet4-colombia-stateless\/2019\/07\/d0dfa2bb-7b-300x200.png 300w, https:\/\/www.greenpeace.org\/static\/planet4-colombia-stateless\/2019\/07\/d0dfa2bb-7b-768x512.png 768w, https:\/\/www.greenpeace.org\/static\/planet4-colombia-stateless\/2019\/07\/d0dfa2bb-7b-1024x683.png 1024w, https:\/\/www.greenpeace.org\/static\/planet4-colombia-stateless\/2019\/07\/d0dfa2bb-7b-2048x1366.png 2048w, https:\/\/www.greenpeace.org\/static\/planet4-colombia-stateless\/2019\/07\/d0dfa2bb-7b-510x340.png 510w\" sizes=\"auto, (max-width: 6000px) 100vw, 6000px\" data-image-size=\"post-thumbnail\" data-stateless-media-bucket=\"planet4-colombia-stateless\" data-stateless-media-name=\"2019\/07\/d0dfa2bb-7b.png\" \/><\/a><\/figure>\n\n        <div class=\"wp-block-group is-layout-flow wp-block-group-is-layout-flow\">\n                <div class=\"wp-block-group is-layout-flex wp-block-group-is-layout-flex\"><div class=\"wp-block-post-terms\"><a href=\"https:\/\/www.greenpeace.org\/colombia\/category\/uncategorized\/\">Uncategorized<\/a><\/div>\n                <div class=\"taxonomy-post_tag wp-block-post-terms\"><a href=\"https:\/\/www.greenpeace.org\/colombia\/tag\/asbesto\/\" rel=\"tag\">ColombiaSinAsbesto<\/a><\/div>\n                \n                <\/div>\n                \n        <h3 class=\"wp-block-post-title\"><a href=\"https:\/\/www.greenpeace.org\/colombia\/noticia\/uncategorized\/la-prohibicion-del-asbesto-es-una-victoria-historica-y-una-muestra-del-empoderamiento-ciudadano\/\" target=\"_self\" >\u201cLa prohibici\u00f3n del asbesto es una victoria hist\u00f3rica y una muestra del empoderamiento ciudadano\u201d<\/a><\/h3>\n        <div class=\"wp-block-post-excerpt\"><p class=\"wp-block-post-excerpt__excerpt\">Luego de la aprobaci\u00f3n un\u00e1nime de la C\u00e1mara de Representantes, ayer el Presidente Iv\u00e1n Duque sancion\u00f3 la ley Ana Cecilia Ni\u00f1o, que proh\u00edbe el uso de asbesto en todo el&hellip; <\/p><\/div>\n        \n        <div class=\"wp-block-group posts-list-meta is-layout-flow wp-block-group-is-layout-flow\"><span class='article-list-item-author'><a href='https:\/\/www.greenpeace.org\/colombia\/author\/prensaco\/'>Prensa Colombia<\/a><\/span>\n        <div class=\"wp-block-post-date\"><time datetime=\"2019-07-12T15:33:12+00:00\">12 julio 2019<\/time><\/div>\n        \n        <\/div>\n        <\/div>\n        <\/div>\n\n            <\/li><\/ul>\n\n    \n<div class=\"wp-block-buttons carousel-controls is-horizontal is-content-justification-space-between is-nowrap is-layout-flex wp-container-core-buttons-is-layout-044bd602 wp-block-buttons-is-layout-flex\">\n            <div class=\"wp-block-button carousel-control-prev\"><button type=\"button\" class=\"wp-block-button__link wp-element-button\">Prev<\/button><\/div>\n        \n\n            <div class=\"wp-block-button carousel-control-next\"><button type=\"button\" class=\"wp-block-button__link wp-element-button\">Next<\/button><\/div>\n        <\/div>\n\n\n    <li class=\" wp-block-navigation-item see-all-link wp-block-navigation-link\"><a class=\"wp-block-navigation-item__content\"  href=\"http:\/\/www.greenpeace.org\/colombia\/news-stories\/?tag=asbesto\"><span class=\"wp-block-navigation-item__label\">See all stories<\/span><\/a><\/li><\/div>\n    \n<h3 class=\"wp-block-heading\"><strong>Videos <\/strong><\/h3>\n\n<p><iframe loading=\"lazy\" src=\"https:\/\/www.youtube.com\/embed\/videoseries?list=PLKDiTVy7lFIXjgxvS11BbZWL9HiuWeeMA\" width=\"560\" height=\"315\" frameborder=\"0\" allowfullscreen=\"allowfullscreen\"><span data-mce-type=\"bookmark\" style=\"display: inline-block; width: 0px; overflow: hidden; line-height: 0;\" class=\"mce_SELRES_start\">\ufeff<\/span><\/iframe><\/p>\n","protected":false},"excerpt":{"rendered":"<p>\u00bfQu\u00e9 es el asbesto? El asbesto es un grupo de minerales que se utiliza en las industrias de la construcci\u00f3n y automotriz para fabricar embragues de frenos, tejas, techos, tanques, baldosas, tuber\u00edas de agua y azulejos, entre otros productos. Cuando sus diminutas fibras son liberadas al aire pueden afectar nuestra salud. Por eso, el peligro [&hellip;]<\/p>\n","protected":false},"author":19,"featured_media":336,"parent":0,"menu_order":0,"comment_status":"closed","ping_status":"closed","template":"","meta":{"ep_exclude_from_search":false,"p4_hide_page_title_checkbox":"on","p4_title":"","p4_subtitle":"","p4_description":"","background_image_id":"","background_image":"","p4_button_title":"","p4_button_link":"","p4_button_link_checkbox":"","p4_og_title":"","p4_og_description":"","p4_og_image":"","p4_og_image_id":"","p4_seo_canonical_url":"","p4_campaign_name":"not set","p4_local_project":"not set","p4_basket_name":"not set","p4_department":"","footnotes":""},"categories":[17],"tags":[25],"class_list":["post-393","page","type-page","status-publish","has-post-thumbnail","hentry","category-contaminacion","tag-asbesto"],"_links":{"self":[{"href":"https:\/\/www.greenpeace.org\/colombia\/wp-json\/wp\/v2\/pages\/393","targetHints":{"allow":["GET"]}}],"collection":[{"href":"https:\/\/www.greenpeace.org\/colombia\/wp-json\/wp\/v2\/pages"}],"about":[{"href":"https:\/\/www.greenpeace.org\/colombia\/wp-json\/wp\/v2\/types\/page"}],"author":[{"embeddable":true,"href":"https:\/\/www.greenpeace.org\/colombia\/wp-json\/wp\/v2\/users\/19"}],"replies":[{"embeddable":true,"href":"https:\/\/www.greenpeace.org\/colombia\/wp-json\/wp\/v2\/comments?post=393"}],"version-history":[{"count":20,"href":"https:\/\/www.greenpeace.org\/colombia\/wp-json\/wp\/v2\/pages\/393\/revisions"}],"predecessor-version":[{"id":16733,"href":"https:\/\/www.greenpeace.org\/colombia\/wp-json\/wp\/v2\/pages\/393\/revisions\/16733"}],"wp:featuredmedia":[{"embeddable":true,"href":"https:\/\/www.greenpeace.org\/colombia\/wp-json\/wp\/v2\/media\/336"}],"wp:attachment":[{"href":"https:\/\/www.greenpeace.org\/colombia\/wp-json\/wp\/v2\/media?parent=393"}],"wp:term":[{"taxonomy":"category","embeddable":true,"href":"https:\/\/www.greenpeace.org\/colombia\/wp-json\/wp\/v2\/categories?post=393"},{"taxonomy":"post_tag","embeddable":true,"href":"https:\/\/www.greenpeace.org\/colombia\/wp-json\/wp\/v2\/tags?post=393"}],"curies":[{"name":"wp","href":"https:\/\/api.w.org\/{rel}","templated":true}]}}