{"id":582,"date":"2018-08-30T20:03:15","date_gmt":"2018-08-30T20:03:15","guid":{"rendered":"https:\/\/www.greenpeace.org\/colombia\/?page_id=582"},"modified":"2024-03-26T11:31:28","modified_gmt":"2024-03-26T11:31:28","slug":"derechos-y-deberes-de-las-personas-voluntarias","status":"publish","type":"page","link":"https:\/\/www.greenpeace.org\/colombia\/derechos-y-deberes-de-las-personas-voluntarias\/","title":{"rendered":"Derechos y deberes de las personas que se unen al voluntariado"},"content":{"rendered":"\n                    <div class=\"wp-block-group is-vertical is-layout-flex wp-container-core-group-is-layout-8cf370e7 wp-block-group-is-layout-flex\">\n                    \n\n                    \n                    <\/div>\n                    \n<ul class=\"wp-block-list\"><li><span style=\"font-weight: 400;\"><span style=\"font-weight: 400;\">Guardar la confidencialidad de la informaci\u00f3n recibida y conocida en el desarrollo de diversas actividades: desde entrenamientos, capacitaciones, acciones, demostraciones o reuniones de campa\u00f1as.<\/span><\/span><\/li><\/ul>\n\n<ul class=\"wp-block-list\"><li><span style=\"font-weight: 400;\"><span style=\"font-weight: 400;\"><span style=\"font-weight: 400;\">Mantener una actitud y un comportamiento acordes con los principios de Greenpeace.<\/span><\/span><\/span><\/li><\/ul>\n\n<ul class=\"wp-block-list\"><li><span style=\"font-weight: 400;\"><span style=\"font-weight: 400;\"><span style=\"font-weight: 400;\"> Salvaguardar la integridad de la organizaci\u00f3n. No utilizar las redes sociales para publicar mensajes en contra de Greenpeace, y\/o sus campa\u00f1as. De igual manera, no hablar en nombre de Greenpeace por decisi\u00f3n personal.<\/span><\/span><\/span><\/li><\/ul>\n\n<ul class=\"wp-block-list\"><li><span style=\"font-weight: 400;\"> Cumplir con lo que se compromete en tiempo y forma.<\/span><\/li><\/ul>\n\n<ul class=\"wp-block-list\"><li><span style=\"font-weight: 400;\"><span style=\"font-weight: 400;\"><span style=\"font-weight: 400;\">Respetar a los dem\u00e1s. Cumplir con nuestra pol\u00edtica de tolerancia cero a la discriminaci\u00f3n y el abuso.<\/span><\/span><\/span><\/li><\/ul>\n\n<ul class=\"wp-block-list\"><li><span style=\"font-weight: 400;\"><span style=\"font-weight: 400;\"><span style=\"font-weight: 400;\"> No realizar actividades proselitistas de tipo alguno en los tiempos y espacios que colabore con Greenpeace.<\/span><\/span><\/span><\/li><\/ul>\n\n<ul class=\"wp-block-list\"><li><span style=\"font-weight: 400;\"><span style=\"font-weight: 400;\"><span style=\"font-weight: 400;\"> Autorizar a Greenpeace a captar y difundir im\u00e1genes, sonidos y parlamentos de su participaci\u00f3n en cualquier actividad de la organizaci\u00f3n.<\/span><\/span><\/span><\/li><\/ul>\n\n<ul class=\"wp-block-list\"><li><span style=\"font-weight: 400;\"> Ser aceptado sin discriminaci\u00f3n de tipo religioso, pol\u00edtico, sexual, racial, edad y nacionalidad (no puede, sin embargo, pertenecer a grupos que practiquen la violencia o la discriminaci\u00f3n).<\/span><\/li><\/ul>\n\n<ul class=\"wp-block-list\"><li><span style=\"font-weight: 400;\"><span style=\"font-weight: 400;\"><span style=\"font-weight: 400;\"> Obtener el respeto y reconocimiento a su contribuci\u00f3n.<\/span><\/span><\/span><\/li><\/ul>\n\n<ul class=\"wp-block-list\"><li><span style=\"font-weight: 400;\"><span style=\"font-weight: 400;\"><span style=\"font-weight: 400;\"> Recibir informaci\u00f3n sobre las actividades de la organizaci\u00f3n a trav\u00e9s de una lista de correos de voluntarios manejada por el coordinador.<\/span><\/span><\/span><\/li><\/ul>\n\n<ul class=\"wp-block-list\"><li><span style=\"font-weight: 400;\"><span style=\"font-weight: 400;\"><span style=\"font-weight: 400;\"> Disponer de espacios de capacitaci\u00f3n, discusi\u00f3n e intercambio de experiencias.<\/span><\/span><\/span><\/li><\/ul>\n\n<ul class=\"wp-block-list\"><li><span style=\"font-weight: 400;\"><span style=\"font-weight: 400;\"><span style=\"font-weight: 400;\"> Recibir la formaci\u00f3n necesaria para la tarea que vaya a asumir seg\u00fan sus capacidades.<\/span><\/span><\/span><\/li><\/ul>\n\n<ul class=\"wp-block-list\"><li><span style=\"font-weight: 400;\"> No ser asignados a la ejecuci\u00f3n de tareas ajenas a los fines de la organizaci\u00f3n.<\/span><\/li><\/ul>\n\n<p><\/p>\n","protected":false},"excerpt":{"rendered":"<p>Guardar la confidencialidad de la informaci\u00f3n recibida y conocida en el desarrollo de diversas actividades: desde entrenamientos, capacitaciones, acciones, demostraciones o reuniones de campa\u00f1as. Mantener una actitud y un comportamiento acordes con los principios de Greenpeace. Salvaguardar la integridad de la organizaci\u00f3n. No utilizar las redes sociales para publicar mensajes en contra de Greenpeace, y\/o [&hellip;]<\/p>\n","protected":false},"author":19,"featured_media":0,"parent":0,"menu_order":0,"comment_status":"closed","ping_status":"closed","template":"","meta":{"ep_exclude_from_search":false,"p4_hide_page_title_checkbox":"","p4_title":"","p4_subtitle":"","p4_description":"","background_image_id":"","background_image":"","p4_button_title":"","p4_button_link":"","p4_button_link_checkbox":"","p4_og_title":"","p4_og_description":"","p4_og_image":"","p4_og_image_id":"","p4_seo_canonical_url":"","p4_campaign_name":"not set","p4_local_project":"not set","p4_basket_name":"not set","p4_department":"","footnotes":""},"categories":[],"tags":[],"class_list":["post-582","page","type-page","status-publish","hentry"],"_links":{"self":[{"href":"https:\/\/www.greenpeace.org\/colombia\/wp-json\/wp\/v2\/pages\/582","targetHints":{"allow":["GET"]}}],"collection":[{"href":"https:\/\/www.greenpeace.org\/colombia\/wp-json\/wp\/v2\/pages"}],"about":[{"href":"https:\/\/www.greenpeace.org\/colombia\/wp-json\/wp\/v2\/types\/page"}],"author":[{"embeddable":true,"href":"https:\/\/www.greenpeace.org\/colombia\/wp-json\/wp\/v2\/users\/19"}],"replies":[{"embeddable":true,"href":"https:\/\/www.greenpeace.org\/colombia\/wp-json\/wp\/v2\/comments?post=582"}],"version-history":[{"count":16,"href":"https:\/\/www.greenpeace.org\/colombia\/wp-json\/wp\/v2\/pages\/582\/revisions"}],"predecessor-version":[{"id":11826,"href":"https:\/\/www.greenpeace.org\/colombia\/wp-json\/wp\/v2\/pages\/582\/revisions\/11826"}],"wp:attachment":[{"href":"https:\/\/www.greenpeace.org\/colombia\/wp-json\/wp\/v2\/media?parent=582"}],"wp:term":[{"taxonomy":"category","embeddable":true,"href":"https:\/\/www.greenpeace.org\/colombia\/wp-json\/wp\/v2\/categories?post=582"},{"taxonomy":"post_tag","embeddable":true,"href":"https:\/\/www.greenpeace.org\/colombia\/wp-json\/wp\/v2\/tags?post=582"}],"curies":[{"name":"wp","href":"https:\/\/api.w.org\/{rel}","templated":true}]}}