{"id":5992,"date":"2022-04-21T18:07:42","date_gmt":"2022-04-21T18:07:42","guid":{"rendered":"https:\/\/www.greenpeace.org\/colombia\/?page_id=5992"},"modified":"2025-07-02T07:25:28","modified_gmt":"2025-07-02T07:25:28","slug":"terminos-y-condiciones-de-la-actividad-banateconlaamazonia","status":"publish","type":"page","link":"https:\/\/www.greenpeace.org\/colombia\/terminos-y-condiciones-de-la-actividad-banateconlaamazonia\/","title":{"rendered":"T\u00c9RMINOS Y CONDICIONES DE LA ACTIVIDAD: \u201c#B\u00e1\u00f1ateConLaAmazon\u00eda\u201d."},"content":{"rendered":"\n<p><\/p>\n\n<p>Greenpeace, en conjunto con la Alianza \u2018Escucha la Amazon\u00eda\u2019, ofertar\u00e1 en agradecimiento a quienes deseen participar del Challenge <strong>\u201c#B\u00e1\u00f1ateConLaAmazon\u00eda\u201d en redes sociales. Los siguientes t\u00e9rminos clarifican el incentivo y reconocimiento que se har\u00e1 como invitaci\u00f3n voluntaria a quienes participen.<\/strong><\/p>\n\n<p>Greenpeace y la Alianza entienden que la participaci\u00f3n en el challenge es voluntaria, y que quienes sean reconocidos por la organizaci\u00f3n podr\u00e1n declinar el <strong>RECONOCIMIENTO<\/strong>. Para participar del mismo, entonces, y poder obtener este<strong> RECONOCIMIENTO<\/strong>, se entender\u00e1 que se cumplen y&nbsp; comprenden \u00edntegramente estos T\u00e9rminos y Condiciones (en adelante, los <strong>\u201cT\u00c9RMINOS\u201d<\/strong>):<\/p>\n\n<p>Cualquier incumplimiento de \u00e9stos <strong>T\u00c9RMINOS<\/strong>, los procedimientos y\/o sistemas establecidos para la realizaci\u00f3n de este <strong>RECONOCIMIENTO<\/strong>, implica la posible exclusi\u00f3n y\/o la revocaci\u00f3n de la adjudicaci\u00f3n de los reconocimientos en caso de resultar beneficiado.<\/p>\n\n<ol class=\"wp-block-list\"><li><strong>RESPONSABLES DEL RECONOCIMIENTO<\/strong><\/li><\/ol>\n\n<p>Fundaci\u00f3n Gaia Amazonas con NIT 8300033586 en adelante <strong>Gaia Amazonas <\/strong>y Corporaci\u00f3n Greenpeace Colombia con NIT. 900.481.319-1 en adelante <strong>Greenpeace Colombia<\/strong>; aceptan y reconocen aportar voluntariamente a entregar un RECONOCIMIENTO a quienes participen en completa adhesi\u00f3n a estos t\u00e9rminos<strong> <\/strong>en Colombia. En virtud de lo anterior, el uso y\/o referencia de su marca, plataforma, servicios se realiza con autorizaci\u00f3n expresa de Gaia Amazonas y Greenpeace Colombia<\/p>\n\n<ol class=\"wp-block-list\" start=\"2\"><li><strong>RESPONSABLE DE LA ENTREGA DEL RECONOCIMIENTO&nbsp;<\/strong><\/li><\/ol>\n\n<p>Gaia Amazonas es el responsable de la entrega del reconocimiento el cual se entregar\u00e1 en el transcurso del a\u00f1o 2022, de acuerdo con disponibilidad de actividades y situaci\u00f3n sanitaria, pol\u00edtica, econ\u00f3mica y de disponibilidad climatol\u00f3gica de la regi\u00f3n.&nbsp;<\/p>\n\n<ol class=\"wp-block-list\" start=\"3\"><li><strong>VIGENCIA&nbsp;<\/strong><\/li><\/ol>\n\n<p>La vigencia del <strong>RECONOCIMIENTO <\/strong>inicia el 22 de abril del 2022 y finaliza el 30 de abril del 2022, el beneficiado ser\u00e1 anunciado el d\u00eda 8 de mayo del 2022.<\/p>\n\n<ol class=\"wp-block-list\" start=\"4\"><li><strong>\u00c1MBITO TERRITORIAL<\/strong><\/li><\/ol>\n\n<p>Este <strong>RECONOCIMIENTO<\/strong> es v\u00e1lido dentro del territorio de Colombia y \u00fanicamente para ciudadanos colombianos mayores de edad.&nbsp;<\/p>\n\n<ol class=\"wp-block-list\" start=\"5\"><li><strong>PARTICIPANTES<\/strong><\/li><\/ol>\n\n<p>Se tendr\u00e1 en cuenta a los <strong>PARTICIPANTES <\/strong>que durante la vigencia del <strong>RECONOCIMIENTO, <\/strong>a trav\u00e9s de las redes sociales de Instagram y Tiktok, sigan a conformidad las bases del mismo y los pasos que a continuaci\u00f3n se se\u00f1alan:<\/p>\n\n<p>a)Haz tu propio Banner con la etiqueta #B\u00e1\u00f1ateConLaAmazon\u00eda<\/p>\n\n<p>b) Escoge una forma creativa de ba\u00f1arte con la Amazon\u00eda<\/p>\n\n<p>c) Sube el video o la foto etiquetando a @gaiaamazonas y @greenpeacecolombia en instragram o en tiktok #GreenpeaceColombia&nbsp;<\/p>\n\n<p>d) Usa los hashtags #B\u00e1\u00f1ateConLaAmazon\u00eda y #EscuchaLaAmazonia<\/p>\n\n<p>e) Etiqueta a 5 amigos y r\u00e9talos a ba\u00f1arse con La Amazon\u00eda para que puedas participar por un viaje a\u00e9reo sobre esta regi\u00f3n.<\/p>\n\n<ul class=\"wp-block-list\"><li>Se reconocer\u00e1&nbsp; el <strong>PARTICIPANTE <\/strong>que haya subido las fotos y videos en sus redes sociales propias en el tiempo estipulado del<strong> RECONOCIMIENTO <\/strong>y que haya sido seleccionado por el jurado calificador<strong>.&nbsp;<\/strong><\/li><li>Se reconocer\u00e1 el <strong>PARTICIPANTE<\/strong> con m\u00e1s creatividad en el dise\u00f1o e imagen de las fotos o v\u00eddeos compartidos en sus redes sociales.&nbsp;<\/li><li>S\u00f3lo se har\u00e1 un reconocimiento entre todos los <strong>PARTICIPANTES.<\/strong><\/li><li>Los <strong>PARTICIPANTES<\/strong> podr\u00e1n subir fotos y videos en sus redes sociales sin limitaci\u00f3n durante el tiempo de duraci\u00f3n del presente <strong>RECONOCIMIENTO.<\/strong><\/li><li>Los <strong>PARTICIPANTES<\/strong> esperar\u00e1n al d\u00eda 8 de mayo, d\u00eda en que los jurados decidir\u00e1n sobre la persona reconocida&nbsp;<\/li><\/ul>\n\n<ol class=\"wp-block-list\" start=\"6\"><li><strong>PARTICIPANTES&nbsp;<\/strong><\/li><\/ol>\n\n<p>Las personas naturales que re\u00fanan todos y cada uno de los siguientes requisitos podr\u00e1n participar del RECONOCIMIENTO:&nbsp;<\/p>\n\n<p>a) Que sean personas naturales, mayores de edad, con domicilio y residencia en Colombia.&nbsp;<\/p>\n\n<p>b) Los <strong>PARTICIPANTES<\/strong> deben ser ciudadanos colombianos.<\/p>\n\n<p>c) Que acepten los presentes<strong> T\u00c9RMINOS.<\/strong><\/p>\n\n<p>d) Que lean y acepten la pol\u00edtica de confidencialidad, protecci\u00f3n de datos personales y uso de imagen de Gaia Amazonas y Greenpeace Colombia, que se encuentran disponibles<a href=\"https:\/\/docs.google.com\/document\/d\/1tP9MFPQLAwebWJl-WG0BJKOrEkKxHLotTrKI19IiFog\/edit\"> AC\u00c1 <\/a>&nbsp;<\/p>\n\n<p>e) Deben estar afiliados al sistema de seguridad social (Salud, Pensi\u00f3n y ARL) y estar al d\u00eda en los pagos a la fecha de inicio y finalizaci\u00f3n del <strong>RECONOCIMIENTO<\/strong>.<\/p>\n\n<p>f) Que hayan cumplido con todos los requisitos del <strong>RECONOCIMIENTO <\/strong>definidos por Gaia Amazonas y Greenpeace Colombia<strong>.<\/strong><\/p>\n\n<p>g) Que el env\u00edo de las fotos y videos haya sido realizado durante la vigencia de la promoci\u00f3n(entre el 22 de abril de 2022 hasta el 30 de abril del 2022)&nbsp;<\/p>\n\n<p>Los datos de car\u00e1cter personal que proporcionen los <strong>PARTICIPANTES<\/strong> del <strong>RECONOCIMIENTO <\/strong>deber\u00e1n ser actualizados, veraces y completos.<\/p>\n\n<p><strong>NO PODR\u00c1N PARTICIPAR O SER\u00c1N DESCALIFICADOS:&nbsp;<\/strong><\/p>\n\n<p>i. Los empleados y\/o colaboradores de Gaia Amazonas y Greenpeace Colombia, y sus c\u00f3nyuges, convivientes, y familiares hasta tercer grado de consanguinidad o afinidad de un empleado de Gaia Amazonas y Greenpeace Colombia;<\/p>\n\n<p>&nbsp;ii. Los empleados o funcionarios de los proveedores y\/o colaboradores de Gaia Amazonas y Greenpeace Colombia involucrados en la planificaci\u00f3n, desarrollo u organizaci\u00f3n del <strong>RECONOCIMIENTO<\/strong>, sus c\u00f3nyuges, convivientes y familiares hasta el tercer grado de consanguinidad o afinidad inclusive.&nbsp;<\/p>\n\n<p>iv. Hackers (t\u00e9rmino utilizado para referirse a personas con grandes conocimientos en inform\u00e1tica y telecomunicaciones que son empleados con objetivos personales, los cuales pueden o no ser ilegales).&nbsp;<\/p>\n\n<p>v. Caza Promociones (definido como todo aquel <strong>RECONOCIMIENTO <\/strong>que act\u00faa solo o conjuntamente con recursos econ\u00f3micos, materiales o informativos de forma desleal frente a los otros<strong> PARTICIPANTES <\/strong>para obtener el beneficio del <strong>RECONOCIMIENTO<\/strong>, incluyendo mecanismos que sean poco \u00e9ticos o, incluso, ilegales, como crear perfiles falsos para aumentar las posibilidades de ganar).&nbsp;<\/p>\n\n<p>Cualquier intento o ejecuci\u00f3n de aplicaci\u00f3n de programas o sistemas que pretendan atacar o vulnerar el <strong>RECONOCIMIENTO<\/strong>, podr\u00e1 ser perseguido mediante las acciones legales pertinentes que a criterio de Gaia Amazonas y Greenpeace Colombia sean suficientes y generar\u00e1 la inmediata descalificaci\u00f3n y anulaci\u00f3n de participaci\u00f3n del <strong>PARTICIPANTE <\/strong>que incurra en tal conducta. Cualquier Hacker y\/o Caza Promociones detectado ser\u00e1 descalificado autom\u00e1ticamente.<\/p>\n\n<p>Quedar\u00e1 inmediatamente descalificado aquel<strong> PARTICIPANTE<\/strong>, que, a juicio de Gaia Amazonas y Greenpeace Colombia, sea ficticio, y\/o que incumpla las disposiciones contenidas en estos <strong>T\u00c9RMINOS<\/strong> o la ley.<\/p>\n\n<p>Toda decisi\u00f3n de Gaia Amazonas y Greenpeace Colombia &nbsp;ser\u00e1 inapelable, definitiva y sin posibilidad de reconsideraci\u00f3n.<\/p>\n\n<ol class=\"wp-block-list\" start=\"7\"><li><strong>SELECCI\u00d3N DEL BENEFICIADO \/ RECONOCIDO<\/strong><\/li><\/ol>\n\n<p>El beneficiado ser\u00e1 escogido por un grupo de tres jurados, quienes tendr\u00e1n la posibilidad de revisar y evaluar los siguientes criterios de evaluaci\u00f3n:&nbsp;<\/p>\n\n<ul class=\"wp-block-list\"><li>Dise\u00f1o de Banner: El banner debe ser hecho por e<strong>l PARTICIPANTE<\/strong> escrito a mano o impreso, debe contener la etiqueta #B\u00e1\u00f1ateConLaAmazon\u00eda<\/li><li>Etiquetado: El <strong>PARTICIPANTE <\/strong>debe haber etiquetado las cuentas de las organizaciones @gaiaamazonas y @greenpeacecolombia instragram o en tiktok #GreenpeaceColombia&nbsp;<\/li><li>Alcance: El <strong>PARTICIPANTE<\/strong> debe haber etiquetado y retado al menos a 5 personas m\u00e1s.<\/li><li>Creatividad: El jurado evaluar\u00e1 el concepto, dedicaci\u00f3n, la innovaci\u00f3n al momento en que el <strong>PARTICIPANTE<\/strong> haya realizado el reto de ba\u00f1arse, mojarse, lanzarse agua y hacer el banner.<\/li><li>Est\u00e9tica de la foto y\/o video:&nbsp;<\/li><\/ul>\n\n<p><strong>Perfiles de los tomadores de la decisi\u00f3n&nbsp;&nbsp;<\/strong><\/p>\n\n<p><strong>Martin Katz &#8211; <\/strong>Fot\u00f3grafo Profesional &#8211; En la actualidad se desempe\u00f1a como editor fotogr\u00e1fico de Greenpeace Andino para las oficinas de Colombia, Chile y Argentina. Autodidacta desde entonces, nunca se separa de su pasi\u00f3n por&nbsp; mirar y registrar; explorando diversas t\u00e9cnicas y siempre atra\u00eddo por la forma en que las im\u00e1genes reflejan al mismo tiempo el mundo exterior y las propias emociones. A los 26 a\u00f1os empieza a trabajar profesionalmente como fot\u00f3grafo en la revista de viajes Marco Polo. Profesor de la Escuela Argentina de Fotograf\u00eda entre los a\u00f1os 2006 y 2014.Ya volcado de lleno al trabajo fotoperiod\u00edstico y como miembro de la asociaci\u00f3n de reporteros gr\u00e1ficos de la Rep\u00fablica Argentina, trabaja en publicaciones para el diario Clar\u00edn a trav\u00e9s del Estudi Cases, de Barcelona.&nbsp; Retoque, edici\u00f3n y fotomontajes para el diario Miradas al Sur. Desde el a\u00f1o 2006 trabaja en Greenpeace, cumpliendo tareas de fotograf\u00eda, edici\u00f3n y producci\u00f3n audiovisual, donde se conjugan sus pasiones por viajar y fotografiar con su militancia ecologista y amor por la naturaleza.&nbsp;&nbsp;<\/p>\n\n<p><strong>Mario Bertieri<\/strong> &#8211;&nbsp; CEO y CCO de Los Goodfellas. Una agencia que desde su creaci\u00f3n hace m\u00e1s de 5 a\u00f1os, est\u00e1 trabajando para hacer que las marcas tengan un prop\u00f3sito y le aporten valor a la vida de las personas y al mundo. Empez\u00f3 a trabajar como dise\u00f1ador en Y&amp;amp; R y al poco tiempo cambi\u00f3 su oficio por el de redactor. Fue director creativo en Mc Cann, fue CCO de Sancho BBDO, la agencia m\u00e1s grande de Colombia y m\u00e1s efectiva del mundo (por varios a\u00f1os). Despu\u00e9s de 10 a\u00f1os, pas\u00f3 a Proximity, donde cumpli\u00f3 el doble rol de CEO y CCO y 4 a\u00f1os despu\u00e9s decide ir tras su sue\u00f1o y establece Los Goodfellas, la primera agencia B Corp en Colombia y la agencia independiente m\u00e1s efectiva de Colombia seg\u00fan Effie 2018, 2019, 2020.<\/p>\n\n<p><strong>Silvia G\u00f3mez <\/strong>-Antropologa y Directora Ejecutiva de la Fundaci\u00f3n Gaia Amazonas, quien en su trayectoria desde Greenpeace y Gaia Amazonas ha configurado y desarrollado proyectos en pro de la conservaci\u00f3n integral del medio ambiente y la Amazon\u00eda.&nbsp;<\/p>\n\n<p>El resultado dado por el jurado&nbsp; ser\u00e1 definitivo e irrefutable, siempre que los <strong>PARTICIPANTES<\/strong> efectivamente cumplan con los requisitos para poder participar del RECONOCIMIENTO. los <strong>PARTICIPANTES <\/strong>que gane se denominar\u00e1 \u201cBeneficiado\u201d&nbsp;<\/p>\n\n<p>Todos los aspectos relacionados con el RECONOCIMIENTO, ser\u00e1n publicados en la p\u00e1gina de internet de Gaia Amazonas y Greenpeace Colombia y en&nbsp; sus redes sociales. Los resultados del RECONOCIMIENTO ser\u00e1n comunicados por medio de las redes sociales a los <strong>PARTICIPANTES<\/strong>. Los reconocidos suplentes s\u00f3lo ser\u00e1n contactados en caso de que el reconocido respectivo quede o se encuentre inhabilitado para recibir el premio.<\/p>\n\n<ol class=\"wp-block-list\" start=\"8\"><li><strong>NOTIFICACI\u00d3N Y ENTREGA DE PREMIOS&nbsp;<\/strong><\/li><\/ol>\n\n<p>Los beneficiados ser\u00e1n anunciados en un evento en vivo por medio de las plataformas de las organizaciones Gaia Amazonas y Greenpeace, en el cual se recordar\u00e1n los criterios de evaluaci\u00f3n.&nbsp;<\/p>\n\n<p>El&nbsp; reconocido tendr\u00e1 hasta las 23:59 horas del 10 de mayo de 2022 para aceptar su premio. La entrega se realizar\u00e1&nbsp; en las oficinas de Gaia Amazonas en acompa\u00f1amiento de Greenpeace Colombia.<\/p>\n\n<p>El reconocido, que sea una persona natural mayor de edad, al momento de aceptar el premio, ser\u00e1 necesario que presente en las oficinas de de Gaia Amazonas en acompa\u00f1amiento de Greenpeace Colombia. Env\u00ede a trav\u00e9s de correo electr\u00f3nico copia de su C\u00e9dula de Identidad y firmar el acta de recibo suministrada por Gaia Amazonas y Greenpeace Colombia.&nbsp;<\/p>\n\n<p>El RECONOCIMIENTO se declarar\u00e1 desierto en el caso en el cual no se hubiere inscrito ning\u00fan PARTICIPANTE o ninguno cumple con los requisitos.&nbsp;<\/p>\n\n<ol class=\"wp-block-list\" start=\"9\"><li><strong>DESCALIFICACI\u00d3N DEL BENEFICIADO\/RECONOCIDO<\/strong><\/li><\/ol>\n\n<p>En caso de que el beneficiario principal no reclame su premio en la fecha establecida,&nbsp; Gaia Amazonas y Greenpeace Colombia podr\u00e1n asignarlo al siguiente beneficiado Suplente que cumpla con los criterios se\u00f1alados en estos T\u00c9RMINOS.<\/p>\n\n<p>La descalificaci\u00f3n ser\u00e1 notificada por escrito al correo electr\u00f3nico que el <strong>PARTICIPANTE<\/strong> haya se\u00f1alado al momento de registrar su gu\u00eda internacional de env\u00edo al d\u00eda h\u00e1bil siguiente a aquel en que venza el t\u00e9rmino para reclamar su premio.<\/p>\n\n<p>Cualquier incumplimiento de los T\u00c9RMINOS, cualquier falsedad en el registro o la conducta err\u00f3nea y\/o dolosa del beneficiado resultar\u00e1 en su descalificaci\u00f3n inmediata, a la completa discreci\u00f3n de Gaia Amazonas y Greenpeace Colombia, y todos los privilegios en su car\u00e1cter de <strong>PARTICIPANTE <\/strong>ser\u00e1n terminados de manera inmediata e irrevocable.<\/p>\n\n<p>En caso de que uno de los beneficiados divulgue p\u00fablicamente que ha sido elegido como beneficiado antes de que Gaia Amazonas y Greenpeace Colombia as\u00ed lo anuncie p\u00fablicamente, ser\u00e1 descalificado.<\/p>\n\n<ol class=\"wp-block-list\" start=\"10\"><li><strong>RECONOCIMIENTO<\/strong><\/li><\/ol>\n\n<p>Este RECONOCIMIENTO hace entrega de un sobrevuelo en avioneta, para una persona, por la zona norte de la Amazon\u00eda colombiana. Con una duraci\u00f3n entre 2-4 horas , para lo cual el reconocido deber\u00e1 disponer de un d\u00eda completo de su agenda.&nbsp;<\/p>\n\n<p>La fecha en la cual se llevar\u00e1 a cabo el sobrevuelo estar\u00e1 determinada por la disponibilidad de la avioneta, las condiciones meteorol\u00f3gicas y la disponibilidad de Gaia Amazonas para acompa\u00f1ar y realizar el viaje, durante el a\u00f1o 2022.<\/p>\n\n<p>El tiempo estimado para que el&nbsp; reconocido haga efectivo su premio es de seis (8) meses y se acoger\u00e1 a la agenda y a todas las recomendaciones, lineamientos y reglamentos establecidos por Gaia Amazonas quien ser\u00e1 la organizaci\u00f3n que realice el sobrevuelo.&nbsp;<\/p>\n\n<ol class=\"wp-block-list\" start=\"11\"><li><strong>EXCLUSI\u00d3N DE GARANT\u00cdAS Y RESPONSABILIDADES&nbsp;<\/strong><\/li><\/ol>\n\n<p>Gaia Amazonas y Greenpeace Colombia no garantiza ni ser\u00e1n en caso alguno responsable de los siguientes hechos y contenidos, da\u00f1os y\/o perjuicios que pudieran, en su caso, derivarse de:<\/p>\n\n<ul class=\"wp-block-list\"><li>Accidentes ocurridos durante el goce del beneficio.<\/li><li>Del uso il\u00edcito,negligente o fraudulento,de la suplantaci\u00f3n de personalidad por parte de un tercero, o del uso contrario al contenido de estas condiciones generales, a la buena fe, a los usos generalmente admitidos o al orden p\u00fablico, de la web&nbsp; y redes sociales&nbsp; y de su servicio por parte de los <strong>PARTICIPANTES<\/strong>.<\/li><li>Del uso de marca, nombre comercial, denominaci\u00f3n, logotipo, eslogan u otros signos distintivos que se utilicen en los nombres de la PROMOCI\u00d3N sin previa autorizaci\u00f3n del autor.<\/li><li>De las vulneraciones o infracciones, no atribuibles a Gaia Amazonas y Greenpeace Colombia de las leyes, usos o costumbres vigentes en materia de derechos de terceros de propiedad industrial, derechos de autor, imagen, propiedad, publicidad o competencia, entre otros.<\/li><li>Del conocimiento de cualquier informaci\u00f3n que pudieran poseer o utilizar terceras personas no autorizadas relativa al uso que los <strong>PARTICIPANTES<\/strong> hagan de sus redes sociales en el momento del RECONOCIMIENTO.<\/li><\/ul>\n\n<p>La enumeraci\u00f3n anterior tiene mero car\u00e1cter enunciativo y no es, en ning\u00fan caso, exclusiva ni excluyente en ninguno de sus puntos.&nbsp;<\/p>\n\n<ol class=\"wp-block-list\" start=\"12\"><li><strong>MODIFICACIONES&nbsp;<\/strong><\/li><\/ol>\n\n<p>Gaia Amazonas y Greenpeace Colombia tienen la potestad de:&nbsp;<\/p>\n\n<ol class=\"wp-block-list\"><li>Ampliar la cantidad de premios establecida en estos T\u00c9RMINOS o reemplazarlos por otros de valor similar;<\/li><li>&nbsp;Modificar las fechas de comienzo y finalizaci\u00f3n del RECONOCIMIENTO;<\/li><li>Modificar estos T\u00c9RMINOS por cualquier motivo, y en cualquier momento, incluso para cancelar o disminuir premios o modificar otras condiciones del RECONOCIMIENTO; y&nbsp;<\/li><li>Cancelar, suspender o modificar esta PROMOCI\u00d3N cuando, por circunstancias no atribuibles a Gaia Amazonas y Greenpeace Colombia no previstas en estos T\u00c9RMINOS, o que constituyan caso fortuito o fuerza mayor, as\u00ed lo justifiquen. Toda modificaci\u00f3n a los presentes T\u00c9RMINOS ser\u00e1 comunicada mediante publicaciones en el Sitio Web de escuchalaamazonia.com&nbsp;<\/li><\/ol>\n\n<ol class=\"wp-block-list\" start=\"13\"><li><strong>AVISO DE PRIVACIDAD&nbsp;<\/strong><\/li><\/ol>\n\n<p>Se hace presente a los PARTICIPANTES que los datos personales que le son requeridos (nombre,n\u00famero de identificaci\u00f3n, direcci\u00f3n, correo electr\u00f3nico, tel\u00e9fono, fotograf\u00edas) son recabados por Fundaci\u00f3n Gaia Amazonas con domicilio en la Calle 70a # 11- 30 de Bogot\u00e1; y Corporaci\u00f3n Greenpeace Colombia con domicilio en la carrera 16 #93A -16 Oficina 504 de Bogot\u00e1, para ser usados espec\u00edfica y \u00fanicamente para el correcto desarrollo del RECONOCIMIENTO, para contactar a los PARTICIPANTES, y en general, para proporcionarles informaci\u00f3n relacionada con el RECONOCIMIENTO. Asimismo, esos datos ser\u00e1n proporcionados a Gaia Amazonas y Greenpeace Colombia para los efectos que correspondan en relaci\u00f3n a la presente promoci\u00f3n.<\/p>\n\n<p>Gaia Amazonas y Greenpeace Colombia reconocen la importancia del tratamiento leg\u00edtimo, controlado e informado de sus datos personales, a fin de garantizar su derecho a conocer, actualizar y rectificar sus datos personales y a solicitar la eliminaci\u00f3n de dichos datos en cualquier momento enviando un correo electr\u00f3nico a: info@greenpeace.co&nbsp;<\/p>\n\n<ol class=\"wp-block-list\" start=\"14\"><li><strong>EXCLUSI\u00d3N DE SUBORDINACI\u00d3N O RELACI\u00d3N LABORAL ENTRE LOS RESPONSABLES DEL RECONOCIMIENTO.<\/strong><\/li><\/ol>\n\n<p><strong>Gaia Amazonas y Greenpeace Colombia,<\/strong> obran con plena autonom\u00eda frente al personal que disponga para llevar a cabo las actividades de este RECONOCIMIENTO, asumiendo independientemente el pago de honorarios, salarios, prestaciones e indemnizaciones con respecto de los empleados, o subcontratistas que ocupen. Las Partes dejan expresa constancia que cada una se compromete a asumir la totalidad de las obligaciones laborales establecidas por la ley. Por lo tanto, cada una de las Partes mantendr\u00e1 libre a la otra parte, judicial o extrajudicialmente, de toda reclamaci\u00f3n o acci\u00f3n de naturaleza laboral que llegue a derivarse con ocasi\u00f3n de la ejecuci\u00f3n y cumplimiento del presente RECONOCIMIENTO.<\/p>\n","protected":false},"excerpt":{"rendered":"<p>Greenpeace, en conjunto con la Alianza \u2018Escucha la Amazon\u00eda\u2019, ofertar\u00e1 en agradecimiento a quienes deseen participar del Challenge \u201c#B\u00e1\u00f1ateConLaAmazon\u00eda\u201d en redes sociales. Los siguientes t\u00e9rminos clarifican el incentivo y reconocimiento que se har\u00e1 como invitaci\u00f3n voluntaria a quienes participen. Greenpeace y la Alianza entienden que la participaci\u00f3n en el challenge es voluntaria, y que quienes [&hellip;]<\/p>\n","protected":false},"author":21,"featured_media":0,"parent":0,"menu_order":0,"comment_status":"closed","ping_status":"closed","template":"","meta":{"ep_exclude_from_search":false,"p4_hide_page_title_checkbox":"","p4_title":"","p4_subtitle":"","p4_description":"","background_image_id":"","background_image":"","p4_button_title":"","p4_button_link":"","p4_button_link_checkbox":"","p4_og_title":"","p4_og_description":"","p4_og_image":"","p4_og_image_id":"","p4_seo_canonical_url":"","p4_campaign_name":"not set","p4_local_project":"not set","p4_basket_name":"not set","p4_department":"","footnotes":""},"categories":[2],"tags":[],"class_list":["post-5992","page","type-page","status-publish","hentry","category-bosques"],"_links":{"self":[{"href":"https:\/\/www.greenpeace.org\/colombia\/wp-json\/wp\/v2\/pages\/5992","targetHints":{"allow":["GET"]}}],"collection":[{"href":"https:\/\/www.greenpeace.org\/colombia\/wp-json\/wp\/v2\/pages"}],"about":[{"href":"https:\/\/www.greenpeace.org\/colombia\/wp-json\/wp\/v2\/types\/page"}],"author":[{"embeddable":true,"href":"https:\/\/www.greenpeace.org\/colombia\/wp-json\/wp\/v2\/users\/21"}],"replies":[{"embeddable":true,"href":"https:\/\/www.greenpeace.org\/colombia\/wp-json\/wp\/v2\/comments?post=5992"}],"version-history":[{"count":3,"href":"https:\/\/www.greenpeace.org\/colombia\/wp-json\/wp\/v2\/pages\/5992\/revisions"}],"predecessor-version":[{"id":15620,"href":"https:\/\/www.greenpeace.org\/colombia\/wp-json\/wp\/v2\/pages\/5992\/revisions\/15620"}],"wp:attachment":[{"href":"https:\/\/www.greenpeace.org\/colombia\/wp-json\/wp\/v2\/media?parent=5992"}],"wp:term":[{"taxonomy":"category","embeddable":true,"href":"https:\/\/www.greenpeace.org\/colombia\/wp-json\/wp\/v2\/categories?post=5992"},{"taxonomy":"post_tag","embeddable":true,"href":"https:\/\/www.greenpeace.org\/colombia\/wp-json\/wp\/v2\/tags?post=5992"}],"curies":[{"name":"wp","href":"https:\/\/api.w.org\/{rel}","templated":true}]}}