{"id":612,"date":"2018-08-31T13:42:53","date_gmt":"2018-08-31T13:42:53","guid":{"rendered":"https:\/\/www.greenpeace.org\/colombia\/?page_id=612"},"modified":"2025-07-02T07:29:22","modified_gmt":"2025-07-02T07:29:22","slug":"esperanza","status":"publish","type":"page","link":"https:\/\/www.greenpeace.org\/colombia\/nuestros-barcos\/esperanza\/","title":{"rendered":"Esperanza"},"content":{"rendered":"\n<div class=\"wp-block-planet4-blocks-carousel-header\"><div data-hydrate=\"planet4-blocks\/carousel-header\" data-attributes=\"{&quot;carousel_autoplay&quot;:false,&quot;slides&quot;:[{&quot;image&quot;:12179,&quot;focal_points&quot;:{},&quot;header&quot;:&quot;Esperanza&quot;,&quot;description&quot;:&quot;Durante m\u00e1s de 20 a\u00f1os, nuestro barco Esperanza ilumin\u00f3 la oscuridad en la lucha por defender el medio ambiente.&quot;,&quot;link_text&quot;:&quot;&quot;,&quot;link_url&quot;:&quot;&quot;,&quot;link_url_new_tab&quot;:false,&quot;image_url&quot;:&quot;https:\/\/www.greenpeace.org\/static\/planet4-argentina-stateless\/2021\/04\/68ba9214-gp0stpuvm.jpg&quot;,&quot;image_srcset&quot;:&quot;https:\/\/www.greenpeace.org\/static\/planet4-argentina-stateless\/2021\/04\/68ba9214-gp0stpuvm-150x150.jpg 150w,https:\/\/www.greenpeace.org\/static\/planet4-argentina-stateless\/2021\/04\/68ba9214-gp0stpuvm-300x200.jpg 300w,https:\/\/www.greenpeace.org\/static\/planet4-argentina-stateless\/2021\/04\/68ba9214-gp0stpuvm-1024x683.jpg 1024w,https:\/\/www.greenpeace.org\/static\/planet4-argentina-stateless\/2021\/04\/68ba9214-gp0stpuvm-510x340.jpg 510w,https:\/\/www.greenpeace.org\/static\/planet4-argentina-stateless\/2021\/04\/68ba9214-gp0stpuvm.jpg 1200w&quot;}],&quot;currentImageIndex&quot;:0}\"><section class=\"block block-header alignfull carousel-header \"><div class=\"carousel-wrapper-header\"><div class=\"carousel-inner\" role=\"listbox\"><div class=\"carousel-item active\"><div class=\"carousel-item-mask\"><div class=\"background-holder\"><img decoding=\"async\" src=\"https:\/\/www.greenpeace.org\/static\/planet4-argentina-stateless\/2021\/04\/68ba9214-gp0stpuvm.jpg\" style=\"object-position:50% 50%\" srcSet=\"https:\/\/www.greenpeace.org\/static\/planet4-argentina-stateless\/2021\/04\/68ba9214-gp0stpuvm-150x150.jpg 150w,https:\/\/www.greenpeace.org\/static\/planet4-argentina-stateless\/2021\/04\/68ba9214-gp0stpuvm-300x200.jpg 300w,https:\/\/www.greenpeace.org\/static\/planet4-argentina-stateless\/2021\/04\/68ba9214-gp0stpuvm-1024x683.jpg 1024w,https:\/\/www.greenpeace.org\/static\/planet4-argentina-stateless\/2021\/04\/68ba9214-gp0stpuvm-510x340.jpg 510w,https:\/\/www.greenpeace.org\/static\/planet4-argentina-stateless\/2021\/04\/68ba9214-gp0stpuvm.jpg 1200w\"\/><\/div><div class=\"carousel-caption\"><div class=\"caption-overlay\"><\/div><div class=\"container main-header\"><div class=\"carousel-captions-wrapper\"><h2>Esperanza<\/h2><p>Durante m\u00e1s de 20 a\u00f1os, nuestro barco Esperanza ilumin\u00f3 la oscuridad en la lucha por defender el medio ambiente.<\/p><\/div><\/div><\/div><\/div><\/div><\/div><\/div><\/section><\/div><\/div>\n\n\n<div class=\"wp-block-group alignfull is-layout-flow wp-block-group-is-layout-flow\">\n<div class=\"wp-block-group container is-layout-flow wp-block-group-is-layout-flow\"><\/div>\n<\/div>\n\n\n<div class=\"wp-block-media-text is-stacked-on-mobile\" style=\"grid-template-columns:60% auto\"><figure class=\"wp-block-media-text__media\"><img decoding=\"async\" src=\"https:\/\/www.greenpeace.org\/static\/planet4-argentina-stateless\/2022\/02\/622cc953-esperanza_openspace.jpg\" alt=\"\" sizes=\"(min-width: 1600px) calc((1320px - 24px) \/ 1.6667),(min-width: 1200px) calc((1140px - 24px) \/ 1.6667),(min-width: 992px) calc((960px - 24px) \/ 1.6667),(min-width: 768px) calc((720px - 24px) \/ 1.6667),(min-width: 601px) calc((540px - 24px) \/ 1.6667),(min-width: 577px) calc((540px - 24px) \/ 1), calc(100vw - 24px)\" srcset=\"\" class=\"wp-image-14579 size-full\"\/><\/figure><div class=\"wp-block-media-text__content\">\n<p>Sus viajes&nbsp;<a href=\"https:\/\/www.greenpeace.org\/colombia\/blog\/greenpeace\/nuestro-barco-esperanza-se-retira-despues-de-dos-decadas-pero-su-luz-seguira-brillando\/\" target=\"_blank\" rel=\"noreferrer noopener\">llegaron a su fin en 2022<\/a>, dejando un orgulloso legado de inspiraci\u00f3n y protecci\u00f3n ambiental.<\/p>\n<\/div><\/div>\n\n<div class=\"wp-block-media-text has-media-on-the-right is-stacked-on-mobile\" style=\"grid-template-columns:auto 60%\"><div class=\"wp-block-media-text__content\">\n<p>En el transcurso de dos d\u00e9cadas, la tripulaci\u00f3n del&nbsp;Esperanza&nbsp;se enfrent\u00f3 a la pesca pirata y a los arpones balleneros; desde las regiones polares hasta \u00c1frica Occidental. Tambi\u00e9n se asoci\u00f3 con cient\u00edficos y periodistas para revelar actividades ilegales y realizar estudios innovadores.&nbsp;<strong>Luch\u00f3 en nombre de las personas y el planeta contra aquellos que est\u00e1n dispuestos a destruir por su propio beneficio y poder.<\/strong><\/p>\n<\/div><figure class=\"wp-block-media-text__media\"><img decoding=\"async\" src=\"https:\/\/www.greenpeace.org\/static\/planet4-chile-stateless\/2022\/02\/d9e4f0bf-esperanza4.jpg\" alt=\"\" sizes=\"(min-width: 1600px) calc((1320px - 24px) \/ 1.6667),(min-width: 1200px) calc((1140px - 24px) \/ 1.6667),(min-width: 992px) calc((960px - 24px) \/ 1.6667),(min-width: 768px) calc((720px - 24px) \/ 1.6667),(min-width: 601px) calc((540px - 24px) \/ 1.6667),(min-width: 577px) calc((540px - 24px) \/ 1), calc(100vw - 24px)\" srcset=\"\" class=\"wp-image-7748 size-full\"\/><\/figure><\/div>\n\n<h2 class=\"wp-block-heading has-text-align-center has-white-color has-green-800-background-color has-text-color has-background has-link-color wp-elements-ff58b710bb20d323b8bc2a1158571680\" style=\"font-size:30px;text-transform:uppercase\"><strong>La historia<\/strong><\/h2>\n\n<p>La embarcaci\u00f3n fue construida en 1984 en Gdansk, Polonia, y utilizada por la armada rusa como barco de bomberos. Antes de unirse a nuestra flota en el 2000, el barco era conocido como \u201c<strong>Echo Fighter<\/strong>\u201d.<\/p>\n\n<p id=\"block-879b136b-b20c-4902-a7a0-2b56adf7f477\">Las primeras tripulaciones de Greenpeace a bordo taparon la \u2018h\u2019 para deletrear \u201c<strong>Eco Fighter<\/strong>\u201c, pero cuando la organizaci\u00f3n comenz\u00f3 un reacondicionamiento ecol\u00f3gico de la embarcaci\u00f3n se convoc\u00f3 una&nbsp;<strong>votaci\u00f3n online<\/strong>&nbsp;para elegir un nombre permanente.<\/p>\n\n<p id=\"block-839ce47e-7837-44bc-a05c-d92408065688\"><strong>Miles de activistas en Argentina y otros pa\u00edses hispanos vieron una oportunidad hist\u00f3rica: el primer barco de Greenpeace con nombre en espa\u00f1ol<\/strong>. Uniendo su entusiasmo por la acci\u00f3n en el mar y el activismo digital emergente de la \u00e9poca, inundaron la votaci\u00f3n con un nombre:&nbsp;<strong>Esperanza<\/strong>.<\/p>\n\n<p id=\"block-e4fee8be-e93a-4860-a61b-5358913b7b31\">Durante m\u00e1s de dos d\u00e9cadas, la historia del Esperanza fue a suma de las acciones de su equipo talentoso y dedicado, las y los valientes activistas y voluntarios que lo llamaron hogar, los grupos que ayudaron a llevar esperanza en acci\u00f3n a trav\u00e9s de campa\u00f1as, y las personas que permitieron traer el Esperanza a nuestra flota, le dieron nombre al barco y lo apoyaron en cada tramo de su viaje.<\/p>\n\n<figure class=\"wp-block-image aligncenter\"><img decoding=\"async\" src=\"https:\/\/www.greenpeace.org\/static\/planet4-chile-stateless\/2019\/10\/4b487547-gp0sttolm_web_size.jpg\" alt=\"\" class=\"wp-image-2319\"\/><\/figure>\n\n<h2 class=\"wp-block-heading has-text-align-center has-white-color has-green-800-background-color has-text-color has-background has-link-color wp-elements-d0b6f38b27f7a12417d7a4bba017a4f8\" style=\"font-size:30px;text-transform:uppercase\"><strong>Caracter\u00edsticas de la embarcaci\u00f3n<\/strong><\/h2>\n\n<p>El barco med\u00eda 72.3 metros de largo (eslora) y su velocidad m\u00e1xima era de 16 nudos. Debido a estas caracter\u00edsticas fue ideal para acciones r\u00e1pidas y de largo alcance. Adem\u00e1s, por su capacidad para navegar entre el hielo pudo trabajar en regiones polares.<\/p>\n\n<p>Al comprar el buque se reconvirti\u00f3 para que sea amigable con el medio ambiente y se le realizaron diferentes mejoras:<\/p>\n\n<p>\u2013 Adecuaci\u00f3n del sistema carburante para evitar derrames en el mar.<br>\u2013 Los sistemas de refrigeraci\u00f3n y aire acondicionado funcionaron con amon\u00edaco y no contribuyeron al cambio clim\u00e1tico ni afectaron la capa de ozono.<br>\u2013 Contaba con una propulsi\u00f3n di\u00e9sel-el\u00e9ctrica m\u00e1s eficiente.<br>\u2013 Ten\u00eda un sistema de reciclaje de aguas residuales que permit\u00eda que solo el agua limpia sea arrojada fuera de borda.<br>\u2013 El sistema de calefacci\u00f3n estaba basado en el aprovechamiento de residuos.<br>\u2013 El casco no conten\u00eda pintura contaminante.<br>\u2013 El sistema de propulsi\u00f3n era efectivo para reducir las emisiones de di\u00f3xido de carbono (CO2).<\/p>\n\n<figure class=\"wp-block-embed aligncenter is-type-video is-provider-youtube wp-block-embed-youtube wp-embed-aspect-16-9 wp-has-aspect-ratio\"><div class=\"wp-block-embed__wrapper\">\n<iframe loading=\"lazy\" title=\"Corto documental Esperanza | Greenpeace\" width=\"500\" height=\"281\" src=\"https:\/\/www.youtube.com\/embed\/uWHBgWLlaU0?start=9&#038;feature=oembed\" frameborder=\"0\" allow=\"accelerometer; autoplay; clipboard-write; encrypted-media; gyroscope; picture-in-picture; web-share\" referrerpolicy=\"strict-origin-when-cross-origin\" allowfullscreen><\/iframe>\n<\/div><\/figure>\n\n<h2 class=\"wp-block-heading has-text-align-center has-white-color has-green-800-background-color has-text-color has-background has-link-color wp-elements-34355961a676fa6a649cc0f2d29f31d4\" style=\"font-size:30px;text-transform:uppercase\"><strong>Los hechos m\u00e1s importantes en la historia del Esperanza<\/strong><\/h2>\n\n<p><strong>2002<\/strong><br>Un equipo de Greenpeace lleg\u00f3 a Johannesburgo, Sud\u00e1frica, a bordo de la nave para estar presente durante el desarrollo de la Cumbre de la Tierra organizada por Naciones Unidas. All\u00ed se le exigi\u00f3 a las autoridades de los pa\u00edses participantes que adopten medidas serias para proteger el medio ambiente.<\/p>\n\n<p><strong>2005-2007<\/strong><br>El Esperanza form\u00f3 parte de acciones en defensa de ballenas amenazadas por la flota japonesa en el oc\u00e9ano Ant\u00e1rtico.<\/p>\n\n<p><strong>2009<\/strong><br>Documentamos pr\u00e1cticas de pesca ilegal en el oc\u00e9ano Pac\u00edfico.<\/p>\n\n<p>Adem\u00e1s, el Esperanza particip\u00f3 en acciones contra centrales el\u00e9ctricas de carb\u00f3n que afectan el clima en Australia.<\/p>\n\n<p><strong>2010<br><\/strong>Llegamos hasta el \u00c1rtico con el objetivo de investigar algunas de las amenazas que sufre la regi\u00f3n. Posteriormente, viajamos a Groenlandia, donde la compa\u00f1\u00eda Cairn Energy estaba perforando en busca de petr\u00f3leo.<\/p>\n\n<p>Tambi\u00e9n pusimos el barco a disposici\u00f3n de la organizaci\u00f3n internacional M\u00e9dicos Sin Fronteras para ayudar a la poblaci\u00f3n de Hait\u00ed despu\u00e9s del terremoto producido a comienzos del a\u00f1o. El buque fue utilizado para transportar medicinas y diferentes suministros (bidones, mantas, piezas de jab\u00f3n y combustible).<\/p>\n\n<p><strong>2014<\/strong><br>En mayo, m\u00e1s de 80 activistas de Greenpeace intentaron detener al buque petrolero ruso Mikhail Ulyanov en el puerto de R\u00f3terdam, Holanda. El barco trasladaba las primeras 70 mil toneladas de petr\u00f3leo extra\u00eddas del \u00c1rtico.<br>El Esperanza form\u00f3 parte de la actividad junto a nuestra embarcaci\u00f3n Rainbow Warrior, botes inflables, equipos de escaladores y ala deltas.<\/p>\n\n<p>A fines del mismo mes, nos dirigimos a Noruega a bordo del Esperanza y ocupamos con nuestro barco el lugar exacto donde la empresa Statoil planeaba posicionar la plataforma petrolera Transocean Spitsbergen. La protesta dur\u00f3 89 horas.<\/p>\n\n<p><strong>2015<\/strong><br>El Esperanza lleg\u00f3 a Chile para apoyar la campa\u00f1a en defensa de los glaciares. Un equipo de Greenpeace estudi\u00f3 el impacto que tuvo el cambio clim\u00e1tico sobre los glaciares de la Patagonia.<\/p>\n\n<p><strong>2016<\/strong><br>Nuestro barco visit\u00f3 Argentina en el marco de la campa\u00f1a de bosques.&nbsp; El pa\u00eds se encuentra en situaci\u00f3n de emergencia forestal.<\/p>\n\n<p><strong>2017<\/strong><br>Un equipo de Greenpeace viaj\u00f3 en el Esperanza hasta el arrecife de coral del Amazonas, en Brasil. All\u00ed un grupo de expertos document\u00f3 el ecosistema que cuenta con 9.500 km2. Gracias a esta expedici\u00f3n fue posible capturar las primeras im\u00e1genes submarinas tomadas en el lugar.<\/p>\n\n<p><strong>2019<\/strong><br>En abril iniciamos un recorrido de casi un a\u00f1o desde el \u00c1rtico a la Ant\u00e1rtica a bordo del Esperanza y de nuestro barco Arctic Sunrise. As\u00ed buscamos exponer las amenazas que enfrentan los oc\u00e9anos y pedir por un tratado global que proteja las aguas internacionales.<\/p>\n\n<h2 class=\"wp-block-heading\">Conoc\u00e9 nuestra flota<\/h2>\n\n<div class=\"wp-block-planet4-blocks-carousel-header is-style-default\"><div data-hydrate=\"planet4-blocks\/carousel-header\" data-attributes=\"{&quot;carousel_autoplay&quot;:false,&quot;slides&quot;:[{&quot;image&quot;:414,&quot;focal_points&quot;:{&quot;x&quot;:0.55,&quot;y&quot;:0.31},&quot;header&quot;:&quot;Rainbow Warrior&quot;,&quot;subheader&quot;:&quot;Nuestro buque insignia&quot;,&quot;description&quot;:&quot;El Rainbow Warrior III fue construido especialmente para Greenpeace.&quot;,&quot;link_text&quot;:&quot;LEE M\u00c1S&quot;,&quot;link_url&quot;:&quot;https:\/\/www.greenpeace.org\/colombia\/nuestros-barcos\/rainbow-warrior\/&quot;,&quot;image_url&quot;:&quot;https:\/\/www.greenpeace.org\/static\/planet4-argentina-stateless\/2018\/10\/7d29dd58-8b72e38c-gp03anw.jpg&quot;,&quot;image_srcset&quot;:&quot;https:\/\/www.greenpeace.org\/static\/planet4-argentina-stateless\/2018\/10\/7d29dd58-8b72e38c-gp03anw-150x150.jpg 150w,https:\/\/www.greenpeace.org\/static\/planet4-argentina-stateless\/2018\/10\/7d29dd58-8b72e38c-gp03anw-300x200.jpg 300w,https:\/\/www.greenpeace.org\/static\/planet4-argentina-stateless\/2018\/10\/7d29dd58-8b72e38c-gp03anw-768x511.jpg 768w,https:\/\/www.greenpeace.org\/static\/planet4-argentina-stateless\/2018\/10\/7d29dd58-8b72e38c-gp03anw-1024x682.jpg 1024w,https:\/\/www.greenpeace.org\/static\/planet4-argentina-stateless\/2018\/10\/7d29dd58-8b72e38c-gp03anw-510x340.jpg 510w,https:\/\/www.greenpeace.org\/static\/planet4-argentina-stateless\/2018\/10\/7d29dd58-8b72e38c-gp03anw.jpg 1199w&quot;,&quot;image_alt&quot;:&quot;&quot;,&quot;link_url_new_tab&quot;:true},{&quot;image&quot;:408,&quot;focal_points&quot;:{&quot;x&quot;:0.69,&quot;y&quot;:0.63},&quot;header&quot;:&quot;Arctic Sunrise&quot;,&quot;subheader&quot;:&quot;El rompehielos&quot;,&quot;description&quot;:&quot;Sus misiones se desarrollan especialmente en las regiones polares.&quot;,&quot;link_text&quot;:&quot;LEE M\u00c1S&quot;,&quot;link_url&quot;:&quot;https:\/\/www.greenpeace.org\/colombia\/nuestros-barcos\/arctic-sunrise\/&quot;,&quot;image_url&quot;:&quot;https:\/\/www.greenpeace.org\/static\/planet4-argentina-stateless\/2018\/10\/27d43b53-58cab332-gp01mym.jpg&quot;,&quot;image_srcset&quot;:&quot;https:\/\/www.greenpeace.org\/static\/planet4-argentina-stateless\/2018\/10\/27d43b53-58cab332-gp01mym-150x150.jpg 150w,https:\/\/www.greenpeace.org\/static\/planet4-argentina-stateless\/2018\/10\/27d43b53-58cab332-gp01mym-300x200.jpg 300w,https:\/\/www.greenpeace.org\/static\/planet4-argentina-stateless\/2018\/10\/27d43b53-58cab332-gp01mym-768x512.jpg 768w,https:\/\/www.greenpeace.org\/static\/planet4-argentina-stateless\/2018\/10\/27d43b53-58cab332-gp01mym-1024x683.jpg 1024w,https:\/\/www.greenpeace.org\/static\/planet4-argentina-stateless\/2018\/10\/27d43b53-58cab332-gp01mym-510x340.jpg 510w,https:\/\/www.greenpeace.org\/static\/planet4-argentina-stateless\/2018\/10\/27d43b53-58cab332-gp01mym.jpg 1200w&quot;,&quot;image_alt&quot;:&quot;&quot;,&quot;link_url_new_tab&quot;:true},{&quot;image&quot;:14575,&quot;focal_points&quot;:{&quot;x&quot;:0.79,&quot;y&quot;:0.35},&quot;header&quot;:&quot;Witness&quot;,&quot;description&quot;:&quot;Witness es el barco m\u00e1s nuevo y ecol\u00f3gico de la flota de Greenpeace.\u00a0&quot;,&quot;link_text&quot;:&quot;LEE M\u00c1S&quot;,&quot;link_url&quot;:&quot;https:\/\/www.greenpeace.org\/colombia\/nuestros-barcos\/witness&quot;,&quot;link_url_new_tab&quot;:true,&quot;image_url&quot;:&quot;https:\/\/www.greenpeace.org\/static\/planet4-argentina-stateless\/2022\/02\/82571ce4-witness.jpg&quot;,&quot;image_srcset&quot;:&quot;https:\/\/www.greenpeace.org\/static\/planet4-argentina-stateless\/2022\/02\/82571ce4-witness-150x150.jpg 150w,https:\/\/www.greenpeace.org\/static\/planet4-argentina-stateless\/2022\/02\/82571ce4-witness-300x197.jpg 300w,https:\/\/www.greenpeace.org\/static\/planet4-argentina-stateless\/2022\/02\/82571ce4-witness-1024x672.jpg 1024w,https:\/\/www.greenpeace.org\/static\/planet4-argentina-stateless\/2022\/02\/82571ce4-witness-510x335.jpg 510w,https:\/\/www.greenpeace.org\/static\/planet4-argentina-stateless\/2022\/02\/82571ce4-witness.jpg 1200w&quot;}],&quot;className&quot;:&quot;is-style-default&quot;}\"><section class=\"block block-header alignfull carousel-header is-style-default\"><div class=\"carousel-wrapper-header\"><div class=\"carousel-inner\" role=\"listbox\"><div class=\"carousel-item active\"><div class=\"carousel-item-mask\"><div class=\"background-holder\"><img decoding=\"async\" src=\"https:\/\/www.greenpeace.org\/static\/planet4-argentina-stateless\/2018\/10\/7d29dd58-8b72e38c-gp03anw.jpg\" style=\"object-position:55.00000000000001% 31%\" srcSet=\"https:\/\/www.greenpeace.org\/static\/planet4-argentina-stateless\/2018\/10\/7d29dd58-8b72e38c-gp03anw-150x150.jpg 150w,https:\/\/www.greenpeace.org\/static\/planet4-argentina-stateless\/2018\/10\/7d29dd58-8b72e38c-gp03anw-300x200.jpg 300w,https:\/\/www.greenpeace.org\/static\/planet4-argentina-stateless\/2018\/10\/7d29dd58-8b72e38c-gp03anw-768x511.jpg 768w,https:\/\/www.greenpeace.org\/static\/planet4-argentina-stateless\/2018\/10\/7d29dd58-8b72e38c-gp03anw-1024x682.jpg 1024w,https:\/\/www.greenpeace.org\/static\/planet4-argentina-stateless\/2018\/10\/7d29dd58-8b72e38c-gp03anw-510x340.jpg 510w,https:\/\/www.greenpeace.org\/static\/planet4-argentina-stateless\/2018\/10\/7d29dd58-8b72e38c-gp03anw.jpg 1199w\" alt=\"\"\/><\/div><div class=\"carousel-caption\"><div class=\"caption-overlay\"><\/div><div class=\"container main-header\"><div class=\"carousel-captions-wrapper\"><h2>Rainbow Warrior<\/h2><p>El Rainbow Warrior III fue construido especialmente para Greenpeace.<\/p><\/div><div class=\"col-xs-12 col-sm-8 col-md-4 action-button\"><a href=\"https:\/\/www.greenpeace.org\/colombia\/nuestros-barcos\/rainbow-warrior\/\" class=\"btn btn-primary\" data-ga-category=\"Carousel Header\" data-ga-action=\"Call to Action\" rel=\"noreferrer noopener\" target=\"_blank\"><span>LEE M\u00c1S<\/span><\/a><\/div><\/div><\/div><\/div><\/div><div class=\"carousel-item \"><div class=\"carousel-item-mask\"><div class=\"background-holder\"><img decoding=\"async\" src=\"https:\/\/www.greenpeace.org\/static\/planet4-argentina-stateless\/2018\/10\/7d29dd58-8b72e38c-gp03anw.jpg\" style=\"object-position:55.00000000000001% 31%\" srcSet=\"https:\/\/www.greenpeace.org\/static\/planet4-argentina-stateless\/2018\/10\/7d29dd58-8b72e38c-gp03anw-150x150.jpg 150w,https:\/\/www.greenpeace.org\/static\/planet4-argentina-stateless\/2018\/10\/7d29dd58-8b72e38c-gp03anw-300x200.jpg 300w,https:\/\/www.greenpeace.org\/static\/planet4-argentina-stateless\/2018\/10\/7d29dd58-8b72e38c-gp03anw-768x511.jpg 768w,https:\/\/www.greenpeace.org\/static\/planet4-argentina-stateless\/2018\/10\/7d29dd58-8b72e38c-gp03anw-1024x682.jpg 1024w,https:\/\/www.greenpeace.org\/static\/planet4-argentina-stateless\/2018\/10\/7d29dd58-8b72e38c-gp03anw-510x340.jpg 510w,https:\/\/www.greenpeace.org\/static\/planet4-argentina-stateless\/2018\/10\/7d29dd58-8b72e38c-gp03anw.jpg 1199w\" alt=\"\"\/><\/div><div class=\"carousel-caption\"><div class=\"caption-overlay\"><\/div><div class=\"container main-header\"><div class=\"carousel-captions-wrapper\"><h2>Arctic Sunrise<\/h2><p>Sus misiones se desarrollan especialmente en las regiones polares.<\/p><\/div><div class=\"col-xs-12 col-sm-8 col-md-4 action-button\"><a href=\"https:\/\/www.greenpeace.org\/colombia\/nuestros-barcos\/arctic-sunrise\/\" class=\"btn btn-primary\" data-ga-category=\"Carousel Header\" data-ga-action=\"Call to Action\" rel=\"noreferrer noopener\" target=\"_blank\"><span>LEE M\u00c1S<\/span><\/a><\/div><\/div><\/div><\/div><\/div><div class=\"carousel-item \"><div class=\"carousel-item-mask\"><div class=\"background-holder\"><img decoding=\"async\" src=\"https:\/\/www.greenpeace.org\/static\/planet4-argentina-stateless\/2018\/10\/7d29dd58-8b72e38c-gp03anw.jpg\" style=\"object-position:55.00000000000001% 31%\" srcSet=\"https:\/\/www.greenpeace.org\/static\/planet4-argentina-stateless\/2018\/10\/7d29dd58-8b72e38c-gp03anw-150x150.jpg 150w,https:\/\/www.greenpeace.org\/static\/planet4-argentina-stateless\/2018\/10\/7d29dd58-8b72e38c-gp03anw-300x200.jpg 300w,https:\/\/www.greenpeace.org\/static\/planet4-argentina-stateless\/2018\/10\/7d29dd58-8b72e38c-gp03anw-768x511.jpg 768w,https:\/\/www.greenpeace.org\/static\/planet4-argentina-stateless\/2018\/10\/7d29dd58-8b72e38c-gp03anw-1024x682.jpg 1024w,https:\/\/www.greenpeace.org\/static\/planet4-argentina-stateless\/2018\/10\/7d29dd58-8b72e38c-gp03anw-510x340.jpg 510w,https:\/\/www.greenpeace.org\/static\/planet4-argentina-stateless\/2018\/10\/7d29dd58-8b72e38c-gp03anw.jpg 1199w\" alt=\"\"\/><\/div><div class=\"carousel-caption\"><div class=\"caption-overlay\"><\/div><div class=\"container main-header\"><div class=\"carousel-captions-wrapper\"><h2>Witness<\/h2><p>Witness es el barco m\u00e1s nuevo y ecol\u00f3gico de la flota de Greenpeace.\u00a0<\/p><\/div><div class=\"col-xs-12 col-sm-8 col-md-4 action-button\"><a href=\"https:\/\/www.greenpeace.org\/colombia\/nuestros-barcos\/witness\" class=\"btn btn-primary\" data-ga-category=\"Carousel Header\" data-ga-action=\"Call to Action\" rel=\"noreferrer noopener\" target=\"_blank\"><span>LEE M\u00c1S<\/span><\/a><\/div><\/div><\/div><\/div><\/div><button class=\"carousel-control-prev\"><span class=\"carousel-control-prev-icon\" aria-hidden=\"true\"><i><\/i><\/span><span class=\"visually-hidden\">Previous<\/span><\/button><button class=\"carousel-control-next\"><span class=\"carousel-control-next-icon\" aria-hidden=\"true\"><i><\/i><\/span><span class=\"visually-hidden\">Next<\/span><\/button><div class=\"carousel-indicators-wrapper\"><div class=\"container\"><ol class=\"carousel-indicators\"><li class=\"active\" role=\"presentation\"><\/li><li class=\"\" role=\"presentation\"><\/li><li class=\"\" role=\"presentation\"><\/li><\/ol><\/div><\/div><\/div><\/div><\/section><\/div><\/div>\n","protected":false},"excerpt":{"rendered":"<p>Durante m\u00e1s de 20 a\u00f1os, nuestro barco Esperanza ilumin\u00f3 la oscuridad en la lucha por defender el medio ambiente. <\/p>\n","protected":false},"author":19,"featured_media":2223,"parent":10506,"menu_order":0,"comment_status":"closed","ping_status":"closed","template":"","meta":{"ep_exclude_from_search":false,"p4_hide_page_title_checkbox":"on","p4_title":"","p4_subtitle":"","p4_description":"","background_image_id":"","background_image":"","p4_button_title":"","p4_button_link":"","p4_button_link_checkbox":"","p4_og_title":"Esperanza","p4_og_description":"Durante m\u00e1s de 20 a\u00f1os, nuestro barco Esperanza ilumin\u00f3 la oscuridad en la lucha por defender el medio ambiente. Sus viajes\u00a0llegaron a su fin en 2022, d","p4_og_image":"","p4_og_image_id":"","p4_seo_canonical_url":"","p4_campaign_name":"not set","p4_local_project":"not set","p4_basket_name":"not set","p4_department":"","footnotes":""},"categories":[37],"tags":[],"class_list":["post-612","page","type-page","status-publish","has-post-thumbnail","hentry","category-greenpeace"],"_links":{"self":[{"href":"https:\/\/www.greenpeace.org\/colombia\/wp-json\/wp\/v2\/pages\/612","targetHints":{"allow":["GET"]}}],"collection":[{"href":"https:\/\/www.greenpeace.org\/colombia\/wp-json\/wp\/v2\/pages"}],"about":[{"href":"https:\/\/www.greenpeace.org\/colombia\/wp-json\/wp\/v2\/types\/page"}],"author":[{"embeddable":true,"href":"https:\/\/www.greenpeace.org\/colombia\/wp-json\/wp\/v2\/users\/19"}],"replies":[{"embeddable":true,"href":"https:\/\/www.greenpeace.org\/colombia\/wp-json\/wp\/v2\/comments?post=612"}],"version-history":[{"count":21,"href":"https:\/\/www.greenpeace.org\/colombia\/wp-json\/wp\/v2\/pages\/612\/revisions"}],"predecessor-version":[{"id":15749,"href":"https:\/\/www.greenpeace.org\/colombia\/wp-json\/wp\/v2\/pages\/612\/revisions\/15749"}],"up":[{"embeddable":true,"href":"https:\/\/www.greenpeace.org\/colombia\/wp-json\/wp\/v2\/pages\/10506"}],"wp:featuredmedia":[{"embeddable":true,"href":"https:\/\/www.greenpeace.org\/colombia\/wp-json\/wp\/v2\/media\/2223"}],"wp:attachment":[{"href":"https:\/\/www.greenpeace.org\/colombia\/wp-json\/wp\/v2\/media?parent=612"}],"wp:term":[{"taxonomy":"category","embeddable":true,"href":"https:\/\/www.greenpeace.org\/colombia\/wp-json\/wp\/v2\/categories?post=612"},{"taxonomy":"post_tag","embeddable":true,"href":"https:\/\/www.greenpeace.org\/colombia\/wp-json\/wp\/v2\/tags?post=612"}],"curies":[{"name":"wp","href":"https:\/\/api.w.org\/{rel}","templated":true}]}}