{"id":678,"date":"2018-09-03T13:55:56","date_gmt":"2018-09-03T13:55:56","guid":{"rendered":"https:\/\/www.greenpeace.org\/colombia\/?page_id=678"},"modified":"2024-03-26T11:31:22","modified_gmt":"2024-03-26T11:31:22","slug":"sprite-y-su-proveedor-no-sostenible","status":"publish","type":"page","link":"https:\/\/www.greenpeace.org\/colombia\/sprite-y-su-proveedor-no-sostenible\/","title":{"rendered":"Sprite y su proveedor no sostenible"},"content":{"rendered":"\n                    <div class=\"wp-block-group is-vertical is-layout-flex wp-container-core-group-is-layout-8cf370e7 wp-block-group-is-layout-flex\">\n                    \n\n                    \n                    <\/div>\n                    <p>                <span style=\"font-weight: 400;\">La Moraleja deforest\u00f3 3.000 hect\u00e1reas en forma ilegal entre 2010 y 2014, justamente en bosques nativos protegidos por la Ley de Bosques de Argentina, en los cuales estaba prohibido desmontar. <\/span><\/p>\n<p><span style=\"font-weight: 400;\">Estos bosques nativos est\u00e1n cerca del Parque Nacional El Rey y la Reserva Nacional Pizarro, en un \u00e1rea de transici\u00f3n entre el Bosque Chaque\u00f1o y la Selva de Yungas. Es un \u00e1rea considerada de Alto Valor de Conservaci\u00f3n. Deforestar all\u00ed no solo era ilegal, era una completa destrucci\u00f3n de la biodiversidad de la zona.<\/span><\/p>\n<p><span style=\"font-weight: 400;\">No somos la \u00fanica organizaci\u00f3n que sostiene que Sprite y su proveedor no tienen pr\u00e1cticas sustentables. En noviembre de 2017, <\/span>La Moraleja S.A. perdi\u00f3 su certificaci\u00f3n de producci\u00f3n sostenible de Rainforest Alliance<span style=\"font-weight: 400;\"> (<\/span><span style=\"font-weight: 400;\">una de las m\u00e1s importantes certificadoras ambientales del mundo), <\/span><span style=\"font-weight: 400;\">debido a haber deforestado bosques nativos de Alto Valor de Conservaci\u00f3n.<\/span><\/p>\n<p><span style=\"font-weight: 400;\">Tener una pol\u00edtica de sustentabilidad, como en el caso de The Coca-Cola Company, y comprarle a empresas vinculadas con la deforestaci\u00f3n ilegal es incoherente.<\/span><\/p>\n<p><span style=\"font-weight: 400;\">A comienzos de 2018, la resoluci\u00f3n 56\/2018 del Ministerio de Ambiente de la Naci\u00f3n argentina, publicada el 24 de enero en el Bolet\u00edn Oficial, respald\u00f3 el principio de no regresi\u00f3n ambiental garantizado por la Constituci\u00f3n Nacional del pa\u00eds. Adem\u00e1s, declar\u00f3 ilegales los 32 permisos otorgados para deforestar en \u00e1reas protegidas (entre ellos a La Moraleja S.A.) que abarcaban 150.000 hect\u00e1reas. Y finalmente, inst\u00f3 a la provincia de Salta a <\/span>suspender su ejecuci\u00f3n y reforestar las \u00e1reas desmontadas<span style=\"font-weight: 400;\">.<\/span><\/p>\n<p>&nbsp;<\/p>\n<div data-render=\"planet4-blocks\/happypoint\" data-attributes=\"{&quot;attributes&quot;:{&quot;id&quot;:16,&quot;focus_image&quot;:&quot;50% 50%&quot;,&quot;opacity&quot;:40,&quot;mailing_list_iframe&quot;:true,&quot;iframe_url&quot;:&quot;https%3A%2F%2Funete.greenpeace.co%2Fhappypoint%2Findex.html&quot;,&quot;override_default_content&quot;:false,&quot;local_content_provider&quot;:&quot;none&quot;}}\"><\/div>","protected":false},"excerpt":{"rendered":"<p>La Moraleja deforest\u00f3 3.000 hect\u00e1reas en forma ilegal entre 2010 y 2014, justamente en bosques nativos protegidos por la Ley de Bosques de Argentina, en los cuales estaba prohibido desmontar. Estos bosques nativos est\u00e1n cerca del Parque Nacional El Rey y la Reserva Nacional Pizarro, en un \u00e1rea de transici\u00f3n entre el Bosque Chaque\u00f1o y [&hellip;]<\/p>\n","protected":false},"author":19,"featured_media":0,"parent":0,"menu_order":0,"comment_status":"closed","ping_status":"closed","template":"","meta":{"ep_exclude_from_search":false,"p4_hide_page_title_checkbox":"","p4_title":"","p4_subtitle":"","p4_description":"","background_image_id":"","background_image":"","p4_button_title":"","p4_button_link":"","p4_button_link_checkbox":"","p4_og_title":"","p4_og_description":"","p4_og_image":"","p4_og_image_id":"","p4_seo_canonical_url":"","p4_campaign_name":"not set","p4_local_project":"","p4_basket_name":"not set","p4_department":"","footnotes":""},"categories":[],"tags":[],"class_list":["post-678","page","type-page","status-publish","hentry"],"_links":{"self":[{"href":"https:\/\/www.greenpeace.org\/colombia\/wp-json\/wp\/v2\/pages\/678","targetHints":{"allow":["GET"]}}],"collection":[{"href":"https:\/\/www.greenpeace.org\/colombia\/wp-json\/wp\/v2\/pages"}],"about":[{"href":"https:\/\/www.greenpeace.org\/colombia\/wp-json\/wp\/v2\/types\/page"}],"author":[{"embeddable":true,"href":"https:\/\/www.greenpeace.org\/colombia\/wp-json\/wp\/v2\/users\/19"}],"replies":[{"embeddable":true,"href":"https:\/\/www.greenpeace.org\/colombia\/wp-json\/wp\/v2\/comments?post=678"}],"version-history":[{"count":6,"href":"https:\/\/www.greenpeace.org\/colombia\/wp-json\/wp\/v2\/pages\/678\/revisions"}],"predecessor-version":[{"id":11822,"href":"https:\/\/www.greenpeace.org\/colombia\/wp-json\/wp\/v2\/pages\/678\/revisions\/11822"}],"wp:attachment":[{"href":"https:\/\/www.greenpeace.org\/colombia\/wp-json\/wp\/v2\/media?parent=678"}],"wp:term":[{"taxonomy":"category","embeddable":true,"href":"https:\/\/www.greenpeace.org\/colombia\/wp-json\/wp\/v2\/categories?post=678"},{"taxonomy":"post_tag","embeddable":true,"href":"https:\/\/www.greenpeace.org\/colombia\/wp-json\/wp\/v2\/tags?post=678"}],"curies":[{"name":"wp","href":"https:\/\/api.w.org\/{rel}","templated":true}]}}