{"id":7146,"date":"2023-04-05T06:03:42","date_gmt":"2023-04-05T06:03:42","guid":{"rendered":"https:\/\/www.greenpeace.org\/colombia\/?page_id=7146"},"modified":"2024-03-26T11:30:52","modified_gmt":"2024-03-26T11:30:52","slug":"los-recicladores-nuestros-heroes-y-heroinas","status":"publish","type":"page","link":"https:\/\/www.greenpeace.org\/colombia\/los-recicladores-nuestros-heroes-y-heroinas\/","title":{"rendered":"Los Recicladores: nuestros h\u00e9roes y hero\u00ednas"},"content":{"rendered":"\n                    <div class=\"wp-block-group is-vertical is-layout-flex wp-container-core-group-is-layout-8cf370e7 wp-block-group-is-layout-flex\">\n                    \n\n                    \n                    <\/div>\n                    \n<figure class=\"wp-block-image aligncenter size-large\"><img loading=\"lazy\" decoding=\"async\" width=\"1024\" height=\"683\" src=\"https:\/\/www.greenpeace.org\/static\/planet4-colombia-stateless\/2023\/04\/2de8e8b5-gpc-nohra-padilla-herrera-asociacion-de-recicladores-de-bogota-credito-diana-rey-melo-greenpeace-54-1024x683.jpg\" alt=\"\" class=\"wp-image-7147\" srcset=\"https:\/\/www.greenpeace.org\/static\/planet4-colombia-stateless\/2023\/04\/2de8e8b5-gpc-nohra-padilla-herrera-asociacion-de-recicladores-de-bogota-credito-diana-rey-melo-greenpeace-54-1024x683.jpg 1024w, https:\/\/www.greenpeace.org\/static\/planet4-colombia-stateless\/2023\/04\/2de8e8b5-gpc-nohra-padilla-herrera-asociacion-de-recicladores-de-bogota-credito-diana-rey-melo-greenpeace-54-300x200.jpg 300w, https:\/\/www.greenpeace.org\/static\/planet4-colombia-stateless\/2023\/04\/2de8e8b5-gpc-nohra-padilla-herrera-asociacion-de-recicladores-de-bogota-credito-diana-rey-melo-greenpeace-54-768x512.jpg 768w, https:\/\/www.greenpeace.org\/static\/planet4-colombia-stateless\/2023\/04\/2de8e8b5-gpc-nohra-padilla-herrera-asociacion-de-recicladores-de-bogota-credito-diana-rey-melo-greenpeace-54-1536x1024.jpg 1536w, https:\/\/www.greenpeace.org\/static\/planet4-colombia-stateless\/2023\/04\/2de8e8b5-gpc-nohra-padilla-herrera-asociacion-de-recicladores-de-bogota-credito-diana-rey-melo-greenpeace-54-2048x1366.jpg 2048w, https:\/\/www.greenpeace.org\/static\/planet4-colombia-stateless\/2023\/04\/2de8e8b5-gpc-nohra-padilla-herrera-asociacion-de-recicladores-de-bogota-credito-diana-rey-melo-greenpeace-54-510x340.jpg 510w\" sizes=\"auto, (max-width: 1024px) 100vw, 1024px\" \/><\/figure>\n\n<p>Probablemente ya te hayas reunido con <strong>recicladores de oficio<\/strong> de la ciudad. Solo en Bogot\u00e1<strong> hay m\u00e1s de 20.000. <\/strong><\/p>\n\n<p>Son <strong>madres, padres, hijos, hijas, que viven de recolectar, separar y dar a los reciclables su destino correcto. <\/strong>Recorren diariamente Bogot\u00e1 en busca de material reciclable y meten las manos en la basura para rescatarlo. <strong>Lo que es basura para muchos se convierte en su ingreso y dignidad<\/strong>. Con su trabajo con los residuos han cuidado de sus propias familias y de la ciudad en la que todos vivimos desde hace d\u00e9cadas.<\/p>\n\n<figure class=\"wp-block-image aligncenter size-large\"><img loading=\"lazy\" decoding=\"async\" width=\"1024\" height=\"683\" src=\"https:\/\/www.greenpeace.org\/static\/planet4-colombia-stateless\/2023\/04\/d01af26b-gpc-asociacion-de-recicladores-de-bogota-credito-diana-rey-melo-greenpeace-12-1-1024x683.jpg\" alt=\"\" class=\"wp-image-7148\" srcset=\"https:\/\/www.greenpeace.org\/static\/planet4-colombia-stateless\/2023\/04\/d01af26b-gpc-asociacion-de-recicladores-de-bogota-credito-diana-rey-melo-greenpeace-12-1-1024x683.jpg 1024w, https:\/\/www.greenpeace.org\/static\/planet4-colombia-stateless\/2023\/04\/d01af26b-gpc-asociacion-de-recicladores-de-bogota-credito-diana-rey-melo-greenpeace-12-1-300x200.jpg 300w, https:\/\/www.greenpeace.org\/static\/planet4-colombia-stateless\/2023\/04\/d01af26b-gpc-asociacion-de-recicladores-de-bogota-credito-diana-rey-melo-greenpeace-12-1-768x512.jpg 768w, https:\/\/www.greenpeace.org\/static\/planet4-colombia-stateless\/2023\/04\/d01af26b-gpc-asociacion-de-recicladores-de-bogota-credito-diana-rey-melo-greenpeace-12-1-1536x1024.jpg 1536w, https:\/\/www.greenpeace.org\/static\/planet4-colombia-stateless\/2023\/04\/d01af26b-gpc-asociacion-de-recicladores-de-bogota-credito-diana-rey-melo-greenpeace-12-1-2048x1366.jpg 2048w, https:\/\/www.greenpeace.org\/static\/planet4-colombia-stateless\/2023\/04\/d01af26b-gpc-asociacion-de-recicladores-de-bogota-credito-diana-rey-melo-greenpeace-12-1-510x340.jpg 510w\" sizes=\"auto, (max-width: 1024px) 100vw, 1024px\" \/><\/figure>\n\n<p>El destino incorrecto de los residuos es responsable del 18% de las emisiones de gases causantes del cambio clim\u00e1tico de Bogot\u00e1, es la segunda mayor fuente solo despu\u00e9s del transporte. Con su trabajo, los recicladores de oficio <strong>evitan<\/strong> <strong>que los materiales reciclables se arrojen a los vertederos o incluso obstruyan los desag\u00fces<\/strong>, <strong>ahorrando toneladas de dinero, evitando desastres clim\u00e1ticos<\/strong> como inundaciones y reduciendo las emisiones de gases contaminantes de la atm\u00f3sfera para la ciudad.<\/p>\n\n<figure class=\"wp-block-image aligncenter size-large\"><img loading=\"lazy\" decoding=\"async\" width=\"1024\" height=\"683\" src=\"https:\/\/www.greenpeace.org\/static\/planet4-colombia-stateless\/2023\/04\/5e458da9-gpc-asociacion-de-recicladores-de-bogota-credito-diana-rey-melo-greenpeace-17-1024x683.jpg\" alt=\"\" class=\"wp-image-7149\" srcset=\"https:\/\/www.greenpeace.org\/static\/planet4-colombia-stateless\/2023\/04\/5e458da9-gpc-asociacion-de-recicladores-de-bogota-credito-diana-rey-melo-greenpeace-17-1024x683.jpg 1024w, https:\/\/www.greenpeace.org\/static\/planet4-colombia-stateless\/2023\/04\/5e458da9-gpc-asociacion-de-recicladores-de-bogota-credito-diana-rey-melo-greenpeace-17-300x200.jpg 300w, https:\/\/www.greenpeace.org\/static\/planet4-colombia-stateless\/2023\/04\/5e458da9-gpc-asociacion-de-recicladores-de-bogota-credito-diana-rey-melo-greenpeace-17-768x512.jpg 768w, https:\/\/www.greenpeace.org\/static\/planet4-colombia-stateless\/2023\/04\/5e458da9-gpc-asociacion-de-recicladores-de-bogota-credito-diana-rey-melo-greenpeace-17-1536x1024.jpg 1536w, https:\/\/www.greenpeace.org\/static\/planet4-colombia-stateless\/2023\/04\/5e458da9-gpc-asociacion-de-recicladores-de-bogota-credito-diana-rey-melo-greenpeace-17-2048x1366.jpg 2048w, https:\/\/www.greenpeace.org\/static\/planet4-colombia-stateless\/2023\/04\/5e458da9-gpc-asociacion-de-recicladores-de-bogota-credito-diana-rey-melo-greenpeace-17-510x340.jpg 510w\" sizes=\"auto, (max-width: 1024px) 100vw, 1024px\" \/><\/figure>\n\n<p>Aunque deber\u00edan ser tratados como h\u00e9roes y hero\u00ednas, estas personas siguen siendo menospreciadas y excluidas. Muchos de ellos<strong> trabajan en condiciones precarias y de mucho riesgo y tienen que competir con grandes empresas<\/strong> que plantean soluciones falsas al problema de los residuos..<\/p>\n\n<p>Para que Bogot\u00e1 sea una ciudad limpia e incluyente, <strong>necesitamos que los recicladores tengan mejores garant\u00edas para hacer su trabajo<\/strong>. Sus cooperativas necesitan ser vistas, fortalecidas y priorizadas en las pol\u00edticas de residuos. Nos est\u00e1n ense\u00f1ando a vivir con m\u00e1s conciencia y solidaridad.<\/p>\n\n<p>2023 es un a\u00f1o clave para lograr mejores pol\u00edticas de residuos con inclusi\u00f3n social. Podemos presionar para que la nueva alcald\u00eda se comprometa con los recicladores y reduzca las emisiones. As\u00ed Bogot\u00e1 puede ser la ciudad limpia que so\u00f1amos y un ejemplo en Am\u00e9rica Latina como ciudad sostenible, verde e incluyente.<\/p>\n\n<style>\n.wp-block-image.aligncenter {\n width: 100%;\n}\n<\/style>\n","protected":false},"excerpt":{"rendered":"<p>Para que Bogot\u00e1 sea una ciudad limpia e incluyente, necesitamos que los recicladores tengan mejores garant\u00edas para hacer su trabajo<\/p>\n","protected":false},"author":21,"featured_media":7147,"parent":0,"menu_order":0,"comment_status":"closed","ping_status":"closed","template":"","meta":{"ep_exclude_from_search":false,"p4_hide_page_title_checkbox":"on","p4_title":"","p4_subtitle":"","p4_description":"","background_image_id":"","background_image":"","p4_button_title":"","p4_button_link":"","p4_button_link_checkbox":"","p4_og_title":"Los Recicladores: nuestros h\u00e9roes y hero\u00ednas","p4_og_description":"Para que Bogot\u00e1 sea una ciudad limpia e incluyente, necesitamos que los recicladores tengan mejores garant\u00edas para hacer su trabajo","p4_og_image":"","p4_og_image_id":"","p4_seo_canonical_url":"","p4_campaign_name":"","p4_local_project":"","p4_basket_name":"","p4_department":"","footnotes":""},"categories":[17,51],"tags":[49],"class_list":["post-7146","page","type-page","status-publish","has-post-thumbnail","hentry","category-contaminacion","category-sustentabilidad","tag-basta-de-basura"],"_links":{"self":[{"href":"https:\/\/www.greenpeace.org\/colombia\/wp-json\/wp\/v2\/pages\/7146","targetHints":{"allow":["GET"]}}],"collection":[{"href":"https:\/\/www.greenpeace.org\/colombia\/wp-json\/wp\/v2\/pages"}],"about":[{"href":"https:\/\/www.greenpeace.org\/colombia\/wp-json\/wp\/v2\/types\/page"}],"author":[{"embeddable":true,"href":"https:\/\/www.greenpeace.org\/colombia\/wp-json\/wp\/v2\/users\/21"}],"replies":[{"embeddable":true,"href":"https:\/\/www.greenpeace.org\/colombia\/wp-json\/wp\/v2\/comments?post=7146"}],"version-history":[{"count":5,"href":"https:\/\/www.greenpeace.org\/colombia\/wp-json\/wp\/v2\/pages\/7146\/revisions"}],"predecessor-version":[{"id":11807,"href":"https:\/\/www.greenpeace.org\/colombia\/wp-json\/wp\/v2\/pages\/7146\/revisions\/11807"}],"wp:featuredmedia":[{"embeddable":true,"href":"https:\/\/www.greenpeace.org\/colombia\/wp-json\/wp\/v2\/media\/7147"}],"wp:attachment":[{"href":"https:\/\/www.greenpeace.org\/colombia\/wp-json\/wp\/v2\/media?parent=7146"}],"wp:term":[{"taxonomy":"category","embeddable":true,"href":"https:\/\/www.greenpeace.org\/colombia\/wp-json\/wp\/v2\/categories?post=7146"},{"taxonomy":"post_tag","embeddable":true,"href":"https:\/\/www.greenpeace.org\/colombia\/wp-json\/wp\/v2\/tags?post=7146"}],"curies":[{"name":"wp","href":"https:\/\/api.w.org\/{rel}","templated":true}]}}