{"id":762,"date":"2018-09-04T18:54:19","date_gmt":"2018-09-04T18:54:19","guid":{"rendered":"https:\/\/www.greenpeace.org\/colombia\/?page_id=762"},"modified":"2024-04-29T19:47:44","modified_gmt":"2024-04-29T19:47:44","slug":"contacto","status":"publish","type":"page","link":"https:\/\/www.greenpeace.org\/colombia\/contacto\/","title":{"rendered":"Contacto"},"content":{"rendered":"\n<h3 class=\"wp-block-heading\"><b>Greenpeace en Colombia <\/b><\/h3>\n\n<p>Escr\u00edbenos a <strong><a href=\"mailto:ciberactivistas@infogreenpeace.org\" target=\"_blank\" rel=\"noreferrer noopener\">ciberactivistas@infogreenpeace.org<\/a><\/strong><\/p>\n\n<p>Si quieres asociarte a Greenpeace, <strong><a href=\"https:\/\/unete.greenpeace.co\/cupon_general\/?ref=web-contactanos\">completa el formulario online<\/a><\/strong>.  <br><strong><a href=\"https:\/\/www.greenpeace.org\/colombia\/involucrate\/tu-apoyo-es-el-motor-de-nuestras-campanas\/\">Conoce m\u00e1s<\/a><\/strong>.<\/p>\n\n<div style=\"height:100px\" aria-hidden=\"true\" class=\"wp-block-spacer\"><\/div>\n\n<h3 class=\"wp-block-heading\"><b>Atenci\u00f3n a socios y socias<\/b><\/h3>\n\n<p>Env\u00edanos tu mensaje a <a href=\"mailto:socios@greenpeace.co\">socios@greenpeace.co<\/a><\/p>\n","protected":false},"excerpt":{"rendered":"<p>Greenpeace en Colombia Escr\u00edbenos a ciberactivistas@infogreenpeace.org Si quieres asociarte a Greenpeace, completa el formulario online. Conoce m\u00e1s. Atenci\u00f3n a socios y socias Env\u00edanos tu mensaje a socios@greenpeace.co<\/p>\n","protected":false},"author":19,"featured_media":0,"parent":0,"menu_order":0,"comment_status":"closed","ping_status":"closed","template":"","meta":{"ep_exclude_from_search":false,"p4_hide_page_title_checkbox":"","p4_title":"","p4_subtitle":"","p4_description":"","background_image_id":"","background_image":"","p4_button_title":"","p4_button_link":"","p4_button_link_checkbox":"","p4_og_title":"","p4_og_description":"","p4_og_image":"","p4_og_image_id":"","p4_seo_canonical_url":"","p4_campaign_name":"not set","p4_local_project":"not set","p4_basket_name":"not set","p4_department":"","footnotes":""},"categories":[],"tags":[],"class_list":["post-762","page","type-page","status-publish","hentry"],"_links":{"self":[{"href":"https:\/\/www.greenpeace.org\/colombia\/wp-json\/wp\/v2\/pages\/762","targetHints":{"allow":["GET"]}}],"collection":[{"href":"https:\/\/www.greenpeace.org\/colombia\/wp-json\/wp\/v2\/pages"}],"about":[{"href":"https:\/\/www.greenpeace.org\/colombia\/wp-json\/wp\/v2\/types\/page"}],"author":[{"embeddable":true,"href":"https:\/\/www.greenpeace.org\/colombia\/wp-json\/wp\/v2\/users\/19"}],"replies":[{"embeddable":true,"href":"https:\/\/www.greenpeace.org\/colombia\/wp-json\/wp\/v2\/comments?post=762"}],"version-history":[{"count":20,"href":"https:\/\/www.greenpeace.org\/colombia\/wp-json\/wp\/v2\/pages\/762\/revisions"}],"predecessor-version":[{"id":12222,"href":"https:\/\/www.greenpeace.org\/colombia\/wp-json\/wp\/v2\/pages\/762\/revisions\/12222"}],"wp:attachment":[{"href":"https:\/\/www.greenpeace.org\/colombia\/wp-json\/wp\/v2\/media?parent=762"}],"wp:term":[{"taxonomy":"category","embeddable":true,"href":"https:\/\/www.greenpeace.org\/colombia\/wp-json\/wp\/v2\/categories?post=762"},{"taxonomy":"post_tag","embeddable":true,"href":"https:\/\/www.greenpeace.org\/colombia\/wp-json\/wp\/v2\/tags?post=762"}],"curies":[{"name":"wp","href":"https:\/\/api.w.org\/{rel}","templated":true}]}}