{"id":1040,"date":"2019-04-08T14:54:12","date_gmt":"2019-04-08T13:54:12","guid":{"rendered":"https:\/\/master.k8s.p4.greenpeace.org\/croatia\/?page_id=1040"},"modified":"2025-03-24T15:01:33","modified_gmt":"2025-03-24T13:01:33","slug":"financijski-izvjestaji","status":"publish","type":"page","link":"https:\/\/www.greenpeace.org\/croatia\/o-nama\/financijski-izvjestaji\/","title":{"rendered":"Financijski izvje\u0161taji"},"content":{"rendered":"\n<div class=\"wp-block-group is-vertical is-layout-flex wp-container-core-group-is-layout-8cf370e7 wp-block-group-is-layout-flex\"><\/div>\n<p><a href=\"https:\/\/www.greenpeace.org\/static\/planet4-croatia-stateless\/2019\/04\/819b24ce-fina-financijski-izvje\u0161taj-2014.pdf\">FINA Financijski izvje\u0161taj 2014.<\/a><\/p>\n<p><a href=\"https:\/\/www.greenpeace.org\/static\/planet4-croatia-stateless\/2019\/04\/b1e1caaa-fina-financijski-izvje\u0161taj-2015.pdf\">FINA Financijski izvje\u0161taj 2015.<\/a><\/p>\n<p><a href=\"https:\/\/www.greenpeace.org\/static\/planet4-croatia-stateless\/2019\/04\/1bfe3b3d-fina-financijski-izvje\u0161taj-2016.pdf\">FINA Financijski izvje\u0161taj 2016.<\/a><\/p>\n<p><a href=\"https:\/\/www.greenpeace.org\/static\/planet4-croatia-stateless\/2019\/04\/e100023a-fina-financijski-izvje\u0161taj-2017.pdf\">FINA Financijski izvje\u0161taj 2017.<\/a><\/p>\n<p><a href=\"https:\/\/www.greenpeace.org\/static\/planet4-croatia-stateless\/2019\/04\/43e4843d-fina-financijski-izvje\u0161taj-2018.pdf\">FINA Financijski izvje\u0161taj 2018.<\/a><\/p>\n<p><a href=\"https:\/\/www.greenpeace.org\/static\/planet4-croatia-stateless\/2020\/04\/66a64a19-fina-financijski-izvje\u0161taj-2019.pdf\">FINA Financijski izvje\u0161taj 2019.<\/a><\/p>\n<p><a href=\"https:\/\/www.greenpeace.org\/static\/planet4-croatia-stateless\/2021\/03\/8f52f2bb-fina-financijski-izvjestaj-2020..pdf\">FINA Financijski izvje\u0161taj 2020.<\/a><\/p>\n<p><a href=\"https:\/\/www.greenpeace.org\/static\/planet4-croatia-stateless\/2022\/04\/4f20e5f1-fina-financijski-izvjestaj-2021..pdf\">FINA Financijski izvje\u0161taj 2021.<\/a><\/p>\n<p><a href=\"https:\/\/www.greenpeace.org\/static\/planet4-croatia-stateless\/2023\/04\/b69c9263-gp-financijski-izvjestaj-2022.pdf\">FINA Financijski izvje\u0161taj 2022.<\/a><\/p>\n<p><a href=\"https:\/\/www.greenpeace.org\/static\/planet4-croatia-stateless\/2024\/03\/daf083ad-fina-financijski-izvjestaj-2023.pdf\">FINA Financijski izvje\u0161taj 2023.<\/a><\/p>\n<p><a href=\"https:\/\/www.greenpeace.org\/static\/planet4-croatia-stateless\/2025\/03\/e8e151e9-fina-financijski-izvjestaj-2024.pdf\">FINA Financijski izvje\u0161taj 2024.<\/a><\/p>\n<hr \/>\n\n<p><\/p>\n","protected":false},"excerpt":{"rendered":"<p>FINA Financijski izvje\u0161taj 2014. FINA Financijski izvje\u0161taj 2015. FINA Financijski izvje\u0161taj 2016. FINA Financijski izvje\u0161taj 2017. FINA Financijski izvje\u0161taj 2018. FINA Financijski izvje\u0161taj 2019. FINA Financijski izvje\u0161taj 2020. FINA Financijski izvje\u0161taj 2021. FINA Financijski izvje\u0161taj 2022. FINA Financijski izvje\u0161taj 2023. FINA Financijski izvje\u0161taj 2024.<\/p>\n","protected":false},"author":20,"featured_media":2295,"parent":234,"menu_order":0,"comment_status":"closed","ping_status":"closed","template":"","meta":{"ep_exclude_from_search":false,"p4_hide_page_title_checkbox":"","p4_title":"","p4_subtitle":"","p4_description":"","background_image_id":"","background_image":"","p4_button_title":"","p4_button_link":"","p4_button_link_checkbox":"","p4_og_title":"","p4_og_description":"","p4_og_image":"","p4_og_image_id":"","p4_seo_canonical_url":"","p4_campaign_name":"not set","p4_local_project":"not set","p4_basket_name":"not set","p4_department":"","footnotes":""},"categories":[1],"tags":[],"class_list":["post-1040","page","type-page","status-publish","has-post-thumbnail","hentry","category-uncategorized"],"_links":{"self":[{"href":"https:\/\/www.greenpeace.org\/croatia\/wp-json\/wp\/v2\/pages\/1040","targetHints":{"allow":["GET"]}}],"collection":[{"href":"https:\/\/www.greenpeace.org\/croatia\/wp-json\/wp\/v2\/pages"}],"about":[{"href":"https:\/\/www.greenpeace.org\/croatia\/wp-json\/wp\/v2\/types\/page"}],"author":[{"embeddable":true,"href":"https:\/\/www.greenpeace.org\/croatia\/wp-json\/wp\/v2\/users\/20"}],"replies":[{"embeddable":true,"href":"https:\/\/www.greenpeace.org\/croatia\/wp-json\/wp\/v2\/comments?post=1040"}],"version-history":[{"count":12,"href":"https:\/\/www.greenpeace.org\/croatia\/wp-json\/wp\/v2\/pages\/1040\/revisions"}],"predecessor-version":[{"id":66031,"href":"https:\/\/www.greenpeace.org\/croatia\/wp-json\/wp\/v2\/pages\/1040\/revisions\/66031"}],"up":[{"embeddable":true,"href":"https:\/\/www.greenpeace.org\/croatia\/wp-json\/wp\/v2\/pages\/234"}],"wp:featuredmedia":[{"embeddable":true,"href":"https:\/\/www.greenpeace.org\/croatia\/wp-json\/wp\/v2\/media\/2295"}],"wp:attachment":[{"href":"https:\/\/www.greenpeace.org\/croatia\/wp-json\/wp\/v2\/media?parent=1040"}],"wp:term":[{"taxonomy":"category","embeddable":true,"href":"https:\/\/www.greenpeace.org\/croatia\/wp-json\/wp\/v2\/categories?post=1040"},{"taxonomy":"post_tag","embeddable":true,"href":"https:\/\/www.greenpeace.org\/croatia\/wp-json\/wp\/v2\/tags?post=1040"}],"curies":[{"name":"wp","href":"https:\/\/api.w.org\/{rel}","templated":true}]}}