{"id":1108,"date":"2019-04-10T13:14:29","date_gmt":"2019-04-10T12:14:29","guid":{"rendered":"https:\/\/master.k8s.p4.greenpeace.org\/croatia\/?page_id=1108"},"modified":"2025-09-23T11:45:37","modified_gmt":"2025-09-23T09:45:37","slug":"klima-i-energija","status":"publish","type":"page","link":"https:\/\/www.greenpeace.org\/croatia\/aktiviraj-se\/klima-i-energija\/","title":{"rendered":"Spasimo klimu!"},"content":{"rendered":"\n                \n                <div class=\"wp-block-group alignfull is-layout-flow wp-block-group-is-layout-flow\">\n                \n                <div class=\"wp-block-group container is-layout-flow wp-block-group-is-layout-flow\">\n                \n                <div class=\"wp-block-media-text alignfull has-media-on-the-right is-stacked-on-mobile is-pattern-p4-page-header is-style-parallax\">\n\n                <div class=\"wp-block-media-text__content\">\n                    <div class=\"wp-block-group is-layout-flow wp-block-group-is-layout-flow\">\n                    \n                        <h1 class=\"wp-block-heading has-white-background-color has-background\">\n                            Spasimo klimu\n                        <\/h1>\n                    <\/div>\n                \n\n                \n                        <p style=\"font-size:1.25rem\">\n                            Da bismo sa\u010duvali \u017eivot na Zemlji, glavni uvjet je stabilna klima. Bez nje sve \u010de\u0161\u0107e vremenske kataklizme bit \u0107e pogubne za na\u0161e zajednice i ekosustave.\n\nKlimatska kriza vidljiva je na svakom koraku. Su\u0161e, toplinski valovi, poplave, dizanje razine mora i po\u017eari na\u0161a su stvarnost diljem zemaljske kugle.\n\nVlade i korporacije i dalje dozvoljavaju kori\u0161tenje fosilnih goriva koja uzrokuju promjenu klime, zaga\u0111uju okoli\u0161, \u0161tete zdravlju i dovode do kr\u0161enja ljudskih prava. Ako ne smanjimo emisije stakleni\u010dkih plinova i ne odustanemo od fosilnih goriva kao \u0161to su nafta, ugljen i plin, vremenski ekstremi postat \u0107e jo\u0161 \u010de\u0161\u0107i i \u017ee\u0161\u0107i. Potreban nam je hitan prijelaz na 100% obnovljive izvore energije i on se vi\u0161e ne smije odga\u0111ati!\n\nNo, i mi kao pojedinci mo\u017eemo doprinijeti ubla\u017eavanju klimatske krize promjenama u svakodnevnom \u017eivotu.\n                        <\/p>\n                    \n\n                \n\n                <\/div>\n                <figure class=\"wp-block-media-text__media\">\n                    <img loading=\"lazy\" decoding=\"async\" width=\"2500\" height=\"1667\"\n                        src=\"https:\/\/storage.googleapis.com\/planet4-croatia-stateless-develop\/2018\/05\/0afea1cf-energy.jpg\"\n                        alt=\"\"\n                        sizes=\"auto, (min-width: 601px) 50vw, 100vw\" srcset=\"https:\/\/storage.googleapis.com\/planet4-croatia-stateless-develop\/2018\/05\/0afea1cf-energy.jpg 2500w, https:\/\/storage.googleapis.com\/planet4-croatia-stateless-develop\/2018\/05\/0afea1cf-energy-300x200.jpg 300w, https:\/\/storage.googleapis.com\/planet4-croatia-stateless-develop\/2018\/05\/0afea1cf-energy-768x512.jpg 768w, https:\/\/storage.googleapis.com\/planet4-croatia-stateless-develop\/2018\/05\/0afea1cf-energy-1024x683.jpg 1024w, https:\/\/storage.googleapis.com\/planet4-croatia-stateless-develop\/2018\/05\/0afea1cf-energy-2048x1366.jpg 2048w, https:\/\/storage.googleapis.com\/planet4-croatia-stateless-develop\/2018\/05\/0afea1cf-energy-510x340.jpg 510w\" class=\"wp-image-61 size-full\"\n                    \/>\n                <\/figure>\n                <\/div>\n                \n                <\/div>\n                \n                <\/div>\n                \n                <div class=\"page-header\">\n<div class=\"container\">\n<header>\n<h2 class=\"page-section-header\" style=\"text-align: left;\">Kako mo\u017ee\u0161 smanjiti svoj uglji\u010dni otisak?<\/h2>\n<\/header>\n<div class=\"row\">\n<h3>\u00a0<\/h3>\n<h3><b>Glasaj za planet<\/b><\/h3>\n<p><span style=\"font-weight: 400;\">Prilikom glasanja uvijek razmotri klimatska pitanja na lokalnoj, nacionalnoj i EU razini \u2013 ispitaj klimatske i ekolo\u0161ke programe kandidata te glasaj za one s jasnim, ambicioznim i uvjerljivim planovima za za\u0161titu na\u0161eg planeta. Ne zaboravi da je svaki glas bitan i uvijek potakni i druge da iskoriste svoje demokratsko pravo.<\/span><\/p>\n<h3>\u00a0<\/h3>\n<h3><b>Jedi manje mesa i mlije\u010dnih proizvoda<\/b><\/h3>\n<p><span style=\"font-weight: 400;\">Zbog industrijskog mesa ru\u0161e se \u0161ume, zaga\u0111uju se vode, \u0161teti se na\u0161em zdravlju i naru\u0161ava se klima. Milijarde krava, svinja i koko\u0161i zlostavljane su u velikim tvorni\u010dkim farmama diljem svijeta. Vrijeme je za manje mesa i vi\u0161e povr\u0107a: mo\u017ee\u0161 npr.uvesti dva bezmesna dana u tjednu pa postepeno pove\u0107avati njihov broj!<\/span><\/p>\n<h3>\u00a0<\/h3>\n<h3><b>Vozi bicikl ili hodaj, nemoj putovati avionom ako nije potrebno<\/b><\/h3>\n<p><span style=\"font-weight: 400;\">Ako do odredi\u0161ta mo\u017ee\u0161 do\u0107i pje\u0161ice ili biciklom, za\u0161to to ne bi u\u010dinio\/la? Ne samo da \u0107e\u0161 smanjiti svoj uglji\u010dni otisak, ve\u0107 \u0107e\u0161 tjelovje\u017ebom biti i zdraviji\/a i osje\u0107ati se bolje. Avioindustrija je veliki zaga\u0111iva\u010d pa kad god je mogu\u0107e preporuka je koristiti vlak ili bus umjesto aviona, pogotovo na kra\u0107im udaljenostima koje se mogu prevaliti unutar nekoliko sati.<\/span><\/p>\n<h3>\u00a0<\/h3>\n<h3><b>Energetska u\u010dinkovitost i obnovljivi izvori energije<\/b><\/h3>\n<p><span style=\"font-weight: 400;\">Isklju\u010di ure\u0111aje kada se ne koriste i kupi ure\u0111aje s visokim energetski u\u010dinkovitim standardima. Ako si u prilici, pokreni instaliranje solarne elektrane za koje danas postoje brojni poticaji!<\/span><\/p>\n<h3>\u00a0<\/h3>\n<h3><b>Obrati pa\u017enju na greenwashing<\/b><\/h3>\n<p><span style=\"font-weight: 400;\">Greenwashing (\u201czelene la\u017ei\u201d) je danas sveprisutan. Prije kupovine uvijek se informiraj i podr\u017ei kompanije koje poti\u010du istinsku odr\u017eivost i \u010dije su usluge i proizvodi ekolo\u0161ki prihvatljivi. Kao potro\u0161a\u010di smo nevjerojatno utjecajni, a uvijek je dobro na greenwashing upozoriti bli\u017enje, kao i javno prozivati tvrtke koje njeguju takvu praksu.<\/span><\/p>\n<h3>\u00a0<\/h3>\n<h3><b>Podr\u017ei rad ekolo\u0161kih inicijativa<\/b><\/h3>\n<p><span style=\"font-weight: 400;\">Uklju\u010di se u rad lokalnih ekolo\u0161kih inicijativa ili udruga koje se bave npr. sadnjom stabala ili \u010di\u0161\u0107enjem okoli\u0161a, a mo\u017ee\u0161 sudjelovati i u lokalnim razmjenama odje\u0107e. Uvijek je dobrodo\u0161la i financijska pomo\u0107, dok prvi korak mo\u017ee biti dijeljenje njihovog sadr\u017eaja na dru\u0161tvenim mre\u017eama.<\/span><\/p>\n<div class=\"col-md-6 col-lg column-wrap\">\u00a0<\/div>\n<\/div>\n<\/div>\n<\/div>\n\n    <div class=\"wp-block-query posts-list p4-query-loop is-custom-layout-list is-layout-flow wp-block-query-is-layout-flow\">\n        <div class=\"wp-block-group is-content-justification-space-between is-layout-flex wp-container-core-group-is-layout-3d213aab wp-block-group-is-layout-flex\"><h2 class=\"wp-block-heading\">Posljednje novosti<\/h2>\n        <li class=\" wp-block-navigation-item see-all-link wp-block-navigation-link\"><a class=\"wp-block-navigation-item__content\"  href=\"http:\/\/www.greenpeace.org\/croatia\/news-stories\/?tag=fosilnagoriva\"><span class=\"wp-block-navigation-item__label\">See all stories<\/span><\/a><\/li>\n        \n        <\/div>\n        \n\n    <p style=\"margin-top: 24px; margin-bottom: 36px;\"><\/p>\n\n    \n\n    <ul class=\"wp-block-post-template is-layout-flow wp-block-post-template-is-layout-flow\"><li class=\"wp-block-post post-66614 post type-post status-publish format-standard has-post-thumbnail hentry category-klima-i-energija tag-obnovljiviizvori tag-klimatskepromjene tag-fosilnagoriva p4-page-type-pr\">\n            \n<div class=\"wp-block-columns is-layout-flex wp-container-core-columns-is-layout-9d6595d7 wp-block-columns-is-layout-flex\"><figure class=\"wp-block-post-featured-image\"><a href=\"https:\/\/www.greenpeace.org\/croatia\/greenpeace-potrebno-je-ulagati-u-domace-obnovljive-izvore-napokon-je-to-shvatio-i-plenkovic\/\" target=\"_self\"  ><img loading=\"lazy\" decoding=\"async\" width=\"2560\" height=\"1440\" src=\"https:\/\/www.greenpeace.org\/static\/planet4-croatia-stateless\/2026\/04\/d45ee577-greenpeace_bojanharonmarkicevic-3-scaled.jpg\" class=\"attachment-post-thumbnail size-post-thumbnail wp-post-image wp-stateless-item\" alt=\"GREENPEACE: Potrebno je ulagati u doma\u0107e obnovljive izvore, napokon je to shvatio i Plenkovi\u0107\" style=\"object-fit:cover;\" srcset=\"https:\/\/www.greenpeace.org\/static\/planet4-croatia-stateless\/2026\/04\/d45ee577-greenpeace_bojanharonmarkicevic-3-scaled.jpg 2560w, https:\/\/www.greenpeace.org\/static\/planet4-croatia-stateless\/2026\/04\/d45ee577-greenpeace_bojanharonmarkicevic-3-300x169.jpg 300w, https:\/\/www.greenpeace.org\/static\/planet4-croatia-stateless\/2026\/04\/d45ee577-greenpeace_bojanharonmarkicevic-3-1024x576.jpg 1024w, https:\/\/www.greenpeace.org\/static\/planet4-croatia-stateless\/2026\/04\/d45ee577-greenpeace_bojanharonmarkicevic-3-768x432.jpg 768w, https:\/\/www.greenpeace.org\/static\/planet4-croatia-stateless\/2026\/04\/d45ee577-greenpeace_bojanharonmarkicevic-3-1536x864.jpg 1536w, https:\/\/www.greenpeace.org\/static\/planet4-croatia-stateless\/2026\/04\/d45ee577-greenpeace_bojanharonmarkicevic-3-2048x1152.jpg 2048w, https:\/\/www.greenpeace.org\/static\/planet4-croatia-stateless\/2026\/04\/d45ee577-greenpeace_bojanharonmarkicevic-3-510x287.jpg 510w\" sizes=\"auto, (max-width: 2560px) 100vw, 2560px\" data-image-size=\"post-thumbnail\" data-stateless-media-bucket=\"planet4-croatia-stateless\" data-stateless-media-name=\"2026\/04\/d45ee577-greenpeace_bojanharonmarkicevic-3-scaled.jpg\" \/><\/a><\/figure>\n\n        <div class=\"wp-block-group is-layout-flow wp-block-group-is-layout-flow\">\n                <div class=\"wp-block-group is-layout-flex wp-block-group-is-layout-flex\"><div class=\"wp-block-post-terms\"><a href=\"https:\/\/www.greenpeace.org\/croatia\/category\/issues\/klima-i-energija\/\">Klima i energija<\/a><\/div>\n                <div class=\"taxonomy-post_tag wp-block-post-terms\"><a href=\"https:\/\/www.greenpeace.org\/croatia\/tag\/obnovljiviizvori\/\" rel=\"tag\">ObnovljiviIzvori<\/a><span class=\"wp-block-post-terms__separator\"> <\/span><a href=\"https:\/\/www.greenpeace.org\/croatia\/tag\/klimatskepromjene\/\" rel=\"tag\">KlimatskePromjene<\/a><span class=\"wp-block-post-terms__separator\"> <\/span><a href=\"https:\/\/www.greenpeace.org\/croatia\/tag\/fosilnagoriva\/\" rel=\"tag\">FosilnaGoriva<\/a><\/div>\n                \n                <\/div>\n                \n        <h3 class=\"wp-block-post-title\"><a href=\"https:\/\/www.greenpeace.org\/croatia\/greenpeace-potrebno-je-ulagati-u-domace-obnovljive-izvore-napokon-je-to-shvatio-i-plenkovic\/\" target=\"_self\" >GREENPEACE: Potrebno je ulagati u doma\u0107e obnovljive izvore, napokon je to shvatio i Plenkovi\u0107<\/a><\/h3>\n        <div class=\"wp-block-post-excerpt\"><p class=\"wp-block-post-excerpt__excerpt\">Zagreb, 24. travnja 2026. \u2013 Greenpeace je u petak sa sredi\u0161njeg zagreba\u010dkog Trga poru\u010dio da je doma\u0107a solarna energija najjeftiniji i najsigurniji na\u010din za obuzdavanje rasta cijena. <\/p><\/div>\n        \n        <div class=\"wp-block-group posts-list-meta is-layout-flow wp-block-group-is-layout-flow\"><span class='article-list-item-author'>Greenpeace HR<\/span>\n        <div class=\"wp-block-post-date\"><time datetime=\"2026-04-24T12:56:57+02:00\">24. 04. 2026.<\/time><\/div>\n        \n        <\/div>\n        <\/div>\n        <\/div>\n\n            <\/li><li class=\"wp-block-post post-66604 post type-post status-publish format-standard has-post-thumbnail hentry category-klima-i-energija tag-obnovljiviizvori tag-klimatskepromjene tag-fosilnagoriva tag-fosilniplin p4-page-type-pr\">\n            \n<div class=\"wp-block-columns is-layout-flex wp-container-core-columns-is-layout-9d6595d7 wp-block-columns-is-layout-flex\"><figure class=\"wp-block-post-featured-image\"><a href=\"https:\/\/www.greenpeace.org\/croatia\/greenpeace-razotkriva-da-plinska-industrija-rasipa-energiju-krseci-zabranu-eu-a\/\" target=\"_self\"  ><img loading=\"lazy\" decoding=\"async\" width=\"2500\" height=\"1793\" src=\"https:\/\/www.greenpeace.org\/static\/planet4-croatia-stateless\/2026\/04\/c862ce5f-spaljivanje-metana-u-dugom-selu-greenpeace-4.jpg\" class=\"attachment-post-thumbnail size-post-thumbnail wp-post-image wp-stateless-item\" alt=\"Greenpeace razotkriva da plinska industrija rasipa energiju kr\u0161e\u0107i zabranu EU-a\" style=\"object-fit:cover;\" srcset=\"https:\/\/www.greenpeace.org\/static\/planet4-croatia-stateless\/2026\/04\/c862ce5f-spaljivanje-metana-u-dugom-selu-greenpeace-4.jpg 2500w, https:\/\/www.greenpeace.org\/static\/planet4-croatia-stateless\/2026\/04\/c862ce5f-spaljivanje-metana-u-dugom-selu-greenpeace-4-300x215.jpg 300w, https:\/\/www.greenpeace.org\/static\/planet4-croatia-stateless\/2026\/04\/c862ce5f-spaljivanje-metana-u-dugom-selu-greenpeace-4-1024x734.jpg 1024w, https:\/\/www.greenpeace.org\/static\/planet4-croatia-stateless\/2026\/04\/c862ce5f-spaljivanje-metana-u-dugom-selu-greenpeace-4-768x551.jpg 768w, https:\/\/www.greenpeace.org\/static\/planet4-croatia-stateless\/2026\/04\/c862ce5f-spaljivanje-metana-u-dugom-selu-greenpeace-4-1536x1102.jpg 1536w, https:\/\/www.greenpeace.org\/static\/planet4-croatia-stateless\/2026\/04\/c862ce5f-spaljivanje-metana-u-dugom-selu-greenpeace-4-2048x1469.jpg 2048w, https:\/\/www.greenpeace.org\/static\/planet4-croatia-stateless\/2026\/04\/c862ce5f-spaljivanje-metana-u-dugom-selu-greenpeace-4-1905x1366.jpg 1905w, https:\/\/www.greenpeace.org\/static\/planet4-croatia-stateless\/2026\/04\/c862ce5f-spaljivanje-metana-u-dugom-selu-greenpeace-4-474x340.jpg 474w\" sizes=\"auto, (max-width: 2500px) 100vw, 2500px\" data-image-size=\"post-thumbnail\" data-stateless-media-bucket=\"planet4-croatia-stateless\" data-stateless-media-name=\"2026\/04\/c862ce5f-spaljivanje-metana-u-dugom-selu-greenpeace-4.jpg\" \/><\/a><\/figure>\n\n        <div class=\"wp-block-group is-layout-flow wp-block-group-is-layout-flow\">\n                <div class=\"wp-block-group is-layout-flex wp-block-group-is-layout-flex\"><div class=\"wp-block-post-terms\"><a href=\"https:\/\/www.greenpeace.org\/croatia\/category\/issues\/klima-i-energija\/\">Klima i energija<\/a><\/div>\n                <div class=\"taxonomy-post_tag wp-block-post-terms\"><a href=\"https:\/\/www.greenpeace.org\/croatia\/tag\/obnovljiviizvori\/\" rel=\"tag\">ObnovljiviIzvori<\/a><span class=\"wp-block-post-terms__separator\"> <\/span><a href=\"https:\/\/www.greenpeace.org\/croatia\/tag\/klimatskepromjene\/\" rel=\"tag\">KlimatskePromjene<\/a><span class=\"wp-block-post-terms__separator\"> <\/span><a href=\"https:\/\/www.greenpeace.org\/croatia\/tag\/fosilnagoriva\/\" rel=\"tag\">FosilnaGoriva<\/a><span class=\"wp-block-post-terms__separator\"> <\/span><a href=\"https:\/\/www.greenpeace.org\/croatia\/tag\/fosilniplin\/\" rel=\"tag\">FosilniPlin<\/a><\/div>\n                \n                <\/div>\n                \n        <h3 class=\"wp-block-post-title\"><a href=\"https:\/\/www.greenpeace.org\/croatia\/greenpeace-razotkriva-da-plinska-industrija-rasipa-energiju-krseci-zabranu-eu-a\/\" target=\"_self\" >Greenpeace razotkriva da plinska industrija rasipa energiju kr\u0161e\u0107i zabranu EU-a<\/a><\/h3>\n        <div class=\"wp-block-post-excerpt\"><p class=\"wp-block-post-excerpt__excerpt\">Istra\u017eivanje Greenpeacea Hrvatske i Greenpeacea Ma\u0111arske otkriva da pojedina postrojenja za fosilni plin i naftu spaljuju velike koli\u010dine metana \u010dime izgledno kr\u0161e Uredbu EU o metanu koja zabranjuje rutinsko spaljivanje na baklji od 5. velja\u010de 2026. <\/p><\/div>\n        \n        <div class=\"wp-block-group posts-list-meta is-layout-flow wp-block-group-is-layout-flow\"><span class='article-list-item-author'>Greenpeace HR<\/span>\n        <div class=\"wp-block-post-date\"><time datetime=\"2026-04-07T10:09:30+02:00\">07. 04. 2026.<\/time><\/div>\n        \n        <\/div>\n        <\/div>\n        <\/div>\n\n            <\/li><li class=\"wp-block-post post-66589 post type-post status-publish format-standard has-post-thumbnail hentry category-klima-i-energija tag-klimatskepromjene tag-fosilnagoriva p4-page-type-vijest\">\n            \n<div class=\"wp-block-columns is-layout-flex wp-container-core-columns-is-layout-9d6595d7 wp-block-columns-is-layout-flex\"><figure class=\"wp-block-post-featured-image\"><a href=\"https:\/\/www.greenpeace.org\/croatia\/donesena-presuda-u-neosnovanoj-slapp-tuzbi-u-sad-u\/\" target=\"_self\"  ><img loading=\"lazy\" decoding=\"async\" width=\"2560\" height=\"1707\" src=\"https:\/\/www.greenpeace.org\/static\/planet4-croatia-stateless\/2026\/03\/b5eceea6-gp-cee-croatia-zagreb-2-scaled.jpg\" class=\"attachment-post-thumbnail size-post-thumbnail wp-post-image wp-stateless-item\" alt=\"Donesena presuda u neosnovanoj SLAPP tu\u017ebi u SAD-u\" style=\"object-fit:cover;\" srcset=\"https:\/\/www.greenpeace.org\/static\/planet4-croatia-stateless\/2026\/03\/b5eceea6-gp-cee-croatia-zagreb-2-scaled.jpg 2560w, https:\/\/www.greenpeace.org\/static\/planet4-croatia-stateless\/2026\/03\/b5eceea6-gp-cee-croatia-zagreb-2-300x200.jpg 300w, https:\/\/www.greenpeace.org\/static\/planet4-croatia-stateless\/2026\/03\/b5eceea6-gp-cee-croatia-zagreb-2-1024x683.jpg 1024w, https:\/\/www.greenpeace.org\/static\/planet4-croatia-stateless\/2026\/03\/b5eceea6-gp-cee-croatia-zagreb-2-768x512.jpg 768w, https:\/\/www.greenpeace.org\/static\/planet4-croatia-stateless\/2026\/03\/b5eceea6-gp-cee-croatia-zagreb-2-1536x1024.jpg 1536w, https:\/\/www.greenpeace.org\/static\/planet4-croatia-stateless\/2026\/03\/b5eceea6-gp-cee-croatia-zagreb-2-2048x1366.jpg 2048w, https:\/\/www.greenpeace.org\/static\/planet4-croatia-stateless\/2026\/03\/b5eceea6-gp-cee-croatia-zagreb-2-510x340.jpg 510w\" sizes=\"auto, (max-width: 2560px) 100vw, 2560px\" data-image-size=\"post-thumbnail\" data-stateless-media-bucket=\"planet4-croatia-stateless\" data-stateless-media-name=\"2026\/03\/b5eceea6-gp-cee-croatia-zagreb-2-scaled.jpg\" \/><\/a><\/figure>\n\n        <div class=\"wp-block-group is-layout-flow wp-block-group-is-layout-flow\">\n                <div class=\"wp-block-group is-layout-flex wp-block-group-is-layout-flex\"><div class=\"wp-block-post-terms\"><a href=\"https:\/\/www.greenpeace.org\/croatia\/category\/issues\/klima-i-energija\/\">Klima i energija<\/a><\/div>\n                <div class=\"taxonomy-post_tag wp-block-post-terms\"><a href=\"https:\/\/www.greenpeace.org\/croatia\/tag\/klimatskepromjene\/\" rel=\"tag\">KlimatskePromjene<\/a><span class=\"wp-block-post-terms__separator\"> <\/span><a href=\"https:\/\/www.greenpeace.org\/croatia\/tag\/fosilnagoriva\/\" rel=\"tag\">FosilnaGoriva<\/a><\/div>\n                \n                <\/div>\n                \n        <h3 class=\"wp-block-post-title\"><a href=\"https:\/\/www.greenpeace.org\/croatia\/donesena-presuda-u-neosnovanoj-slapp-tuzbi-u-sad-u\/\" target=\"_self\" >Donesena presuda u neosnovanoj SLAPP tu\u017ebi u SAD-u<\/a><\/h3>\n        <div class=\"wp-block-post-excerpt\"><p class=\"wp-block-post-excerpt__excerpt\">Donesena presuda te\u0161ka je 345 milijuna dolara u korist naftnog diva Energy Transfer. Ali ne\u0107emo ustuknuti &#8211; borba se nastavlja! <\/p><\/div>\n        \n        <div class=\"wp-block-group posts-list-meta is-layout-flow wp-block-group-is-layout-flow\"><span class='article-list-item-author'>Greenpeace u Hrvatskoj<\/span>\n        <div class=\"wp-block-post-date\"><time datetime=\"2026-03-06T18:30:58+02:00\">06. 03. 2026.<\/time><\/div>\n        \n        <\/div>\n        <\/div>\n        <\/div>\n\n            <\/li><\/ul>\n\n    \n<div class=\"wp-block-buttons carousel-controls is-horizontal is-content-justification-space-between is-nowrap is-layout-flex wp-container-core-buttons-is-layout-044bd602 wp-block-buttons-is-layout-flex\">\n            <div class=\"wp-block-button carousel-control-prev\"><button type=\"button\" class=\"wp-block-button__link wp-element-button\">Prev<\/button><\/div>\n        \n\n            <div class=\"wp-block-button carousel-control-next\"><button type=\"button\" class=\"wp-block-button__link wp-element-button\">Next<\/button><\/div>\n        <\/div>\n\n\n    <li class=\" wp-block-navigation-item see-all-link wp-block-navigation-link\"><a class=\"wp-block-navigation-item__content\"  href=\"http:\/\/www.greenpeace.org\/croatia\/news-stories\/?tag=fosilnagoriva\"><span class=\"wp-block-navigation-item__label\">See all stories<\/span><\/a><\/li><\/div>\n    ","protected":false},"excerpt":{"rendered":"<p>Kako mo\u017ee\u0161 smanjiti svoj uglji\u010dni otisak? \u00a0 Glasaj za planet Prilikom glasanja uvijek razmotri klimatska pitanja na lokalnoj, nacionalnoj i EU razini \u2013 ispitaj klimatske i ekolo\u0161ke programe kandidata te glasaj za one s jasnim, ambicioznim i uvjerljivim planovima za za\u0161titu na\u0161eg planeta. Ne zaboravi da je svaki glas bitan i uvijek potakni i druge [&hellip;]<\/p>\n","protected":false},"author":20,"featured_media":1065,"parent":9,"menu_order":2,"comment_status":"closed","ping_status":"closed","template":"","meta":{"ep_exclude_from_search":false,"p4_hide_page_title_checkbox":"on","p4_title":"","p4_subtitle":"","p4_description":"","background_image_id":"","background_image":"","p4_button_title":"","p4_button_link":"","p4_button_link_checkbox":"","p4_og_title":"","p4_og_description":"","p4_og_image":"","p4_og_image_id":"","p4_seo_canonical_url":"","p4_campaign_name":"not set","p4_local_project":"","p4_basket_name":"not set","p4_department":"","footnotes":""},"categories":[29],"tags":[23,24,27,41],"class_list":["post-1108","page","type-page","status-publish","has-post-thumbnail","hentry","category-klima-i-energija","tag-obnovljiviizvori","tag-klimatskepromjene","tag-fosilnagoriva","tag-zdravlje"],"_links":{"self":[{"href":"https:\/\/www.greenpeace.org\/croatia\/wp-json\/wp\/v2\/pages\/1108","targetHints":{"allow":["GET"]}}],"collection":[{"href":"https:\/\/www.greenpeace.org\/croatia\/wp-json\/wp\/v2\/pages"}],"about":[{"href":"https:\/\/www.greenpeace.org\/croatia\/wp-json\/wp\/v2\/types\/page"}],"author":[{"embeddable":true,"href":"https:\/\/www.greenpeace.org\/croatia\/wp-json\/wp\/v2\/users\/20"}],"replies":[{"embeddable":true,"href":"https:\/\/www.greenpeace.org\/croatia\/wp-json\/wp\/v2\/comments?post=1108"}],"version-history":[{"count":20,"href":"https:\/\/www.greenpeace.org\/croatia\/wp-json\/wp\/v2\/pages\/1108\/revisions"}],"predecessor-version":[{"id":66377,"href":"https:\/\/www.greenpeace.org\/croatia\/wp-json\/wp\/v2\/pages\/1108\/revisions\/66377"}],"up":[{"embeddable":true,"href":"https:\/\/www.greenpeace.org\/croatia\/wp-json\/wp\/v2\/pages\/9"}],"wp:featuredmedia":[{"embeddable":true,"href":"https:\/\/www.greenpeace.org\/croatia\/wp-json\/wp\/v2\/media\/1065"}],"wp:attachment":[{"href":"https:\/\/www.greenpeace.org\/croatia\/wp-json\/wp\/v2\/media?parent=1108"}],"wp:term":[{"taxonomy":"category","embeddable":true,"href":"https:\/\/www.greenpeace.org\/croatia\/wp-json\/wp\/v2\/categories?post=1108"},{"taxonomy":"post_tag","embeddable":true,"href":"https:\/\/www.greenpeace.org\/croatia\/wp-json\/wp\/v2\/tags?post=1108"}],"curies":[{"name":"wp","href":"https:\/\/api.w.org\/{rel}","templated":true}]}}