{"id":1231,"date":"2019-05-14T11:35:59","date_gmt":"2019-05-14T10:35:59","guid":{"rendered":"https:\/\/master.k8s.p4.greenpeace.org\/croatia\/?page_id=1231"},"modified":"2025-06-23T16:36:04","modified_gmt":"2025-06-23T14:36:04","slug":"volontiraj","status":"publish","type":"page","link":"https:\/\/www.greenpeace.org\/croatia\/aktiviraj-se\/volontiraj\/","title":{"rendered":"Volontiraj"},"content":{"rendered":"\n                \n                <div class=\"wp-block-group alignfull is-layout-flow wp-block-group-is-layout-flow\">\n                \n                <div class=\"wp-block-group container is-layout-flow wp-block-group-is-layout-flow\">\n                \n                <div class=\"wp-block-media-text alignfull has-media-on-the-right is-stacked-on-mobile is-pattern-p4-page-header is-style-parallax\">\n\n                <div class=\"wp-block-media-text__content\">\n                    <div class=\"wp-block-group is-layout-flow wp-block-group-is-layout-flow\">\n                    \n                        <h1 class=\"wp-block-heading has-white-background-color has-background\">\n                            Volontiraj\n                        <\/h1>\n                    <\/div>\n                \n\n                \n                        <p style=\"font-size:1.25rem\">\n                            <span data-sheets-value=\"{&quot;1&quot;:2,&quot;2&quot;:&quot;Ukoliko imate preko 18 godina i \u017eivite u Hrvatskoj te vas zanima volontiranje za Greenpeace, prijavite se preko sljede\u0107eg obrasca. Najvi\u0161e volontera trebamo u Zagrebu, no dobro nam do\u0111e pomo\u0107 iz bilo kojeg dijela Hrvatske.n&quot;}\" data-sheets-userformat=\"{&quot;2&quot;:831,&quot;3&quot;:{&quot;1&quot;:0},&quot;4&quot;:[null,2,16776960],&quot;5&quot;:{&quot;1&quot;:[{&quot;1&quot;:2,&quot;2&quot;:0,&quot;5&quot;:[null,2,0]},{&quot;1&quot;:0,&quot;2&quot;:0,&quot;3&quot;:3},{&quot;1&quot;:1,&quot;2&quot;:0,&quot;4&quot;:1}]},&quot;6&quot;:{&quot;1&quot;:[{&quot;1&quot;:2,&quot;2&quot;:0,&quot;5&quot;:[null,2,0]},{&quot;1&quot;:0,&quot;2&quot;:0,&quot;3&quot;:3},{&quot;1&quot;:1,&quot;2&quot;:0,&quot;4&quot;:1}]},&quot;7&quot;:{&quot;1&quot;:[{&quot;1&quot;:2,&quot;2&quot;:0,&quot;5&quot;:[null,2,0]},{&quot;1&quot;:0,&quot;2&quot;:0,&quot;3&quot;:3},{&quot;1&quot;:1,&quot;2&quot;:0,&quot;4&quot;:1}]},&quot;8&quot;:{&quot;1&quot;:[{&quot;1&quot;:2,&quot;2&quot;:0,&quot;5&quot;:[null,2,0]},{&quot;1&quot;:0,&quot;2&quot;:0,&quot;3&quot;:3},{&quot;1&quot;:1,&quot;2&quot;:0,&quot;4&quot;:1}]},&quot;11&quot;:4,&quot;12&quot;:0}\">Ukoliko imate preko 18 godina i \u017eivite u Hrvatskoj te vas zanima volontiranje za Greenpeace, prijavite se preko sljede\u0107eg obrasca. Najvi\u0161e volontera trebamo u Zagrebu, no dobro nam do\u0111e pomo\u0107 iz bilo kojeg dijela Hrvatske.\r\n<\/span>\n                        <\/p>\n                    \n\n                \n\n                <\/div>\n                <figure class=\"wp-block-media-text__media\">\n                    <img loading=\"lazy\" decoding=\"async\" width=\"2500\" height=\"1669\"\n                        src=\"https:\/\/storage.googleapis.com\/planet4-croatia-stateless-develop\/2018\/05\/aa49ade7-gp0stqwmj_pressmedia-communit-policy.jpg\"\n                        alt=\"\"\n                        sizes=\"auto, (min-width: 601px) 50vw, 100vw\" srcset=\"https:\/\/storage.googleapis.com\/planet4-croatia-stateless-develop\/2018\/05\/aa49ade7-gp0stqwmj_pressmedia-communit-policy.jpg 2500w, https:\/\/storage.googleapis.com\/planet4-croatia-stateless-develop\/2018\/05\/aa49ade7-gp0stqwmj_pressmedia-communit-policy-300x200.jpg 300w, https:\/\/storage.googleapis.com\/planet4-croatia-stateless-develop\/2018\/05\/aa49ade7-gp0stqwmj_pressmedia-communit-policy-768x513.jpg 768w, https:\/\/storage.googleapis.com\/planet4-croatia-stateless-develop\/2018\/05\/aa49ade7-gp0stqwmj_pressmedia-communit-policy-1024x684.jpg 1024w, https:\/\/storage.googleapis.com\/planet4-croatia-stateless-develop\/2018\/05\/aa49ade7-gp0stqwmj_pressmedia-communit-policy-2046x1366.jpg 2046w, https:\/\/storage.googleapis.com\/planet4-croatia-stateless-develop\/2018\/05\/aa49ade7-gp0stqwmj_pressmedia-communit-policy-510x340.jpg 510w\" class=\"wp-image-276 size-full\"\n                    \/>\n                <\/figure>\n                <\/div>\n                \n                <\/div>\n                \n                <\/div>\n                \n                \n<p>Ispuni obrazac: <a href=\"https:\/\/act.greenpeace.hr\/volontiraj\">https:\/\/act.greenpeace.hr\/volontiraj<\/a><\/p>\n","protected":false},"excerpt":{"rendered":"<p>Ispuni obrazac: https:\/\/act.greenpeace.hr\/volontiraj<\/p>\n","protected":false},"author":20,"featured_media":733,"parent":9,"menu_order":3,"comment_status":"closed","ping_status":"closed","template":"","meta":{"ep_exclude_from_search":false,"p4_hide_page_title_checkbox":"on","p4_title":"","p4_subtitle":"","p4_description":"","background_image_id":"","background_image":"","p4_button_title":"","p4_button_link":"","p4_button_link_checkbox":"","p4_og_title":"","p4_og_description":"","p4_og_image":"","p4_og_image_id":"","p4_seo_canonical_url":"","p4_campaign_name":"not set","p4_local_project":"not set","p4_basket_name":"not set","p4_department":"","footnotes":""},"categories":[],"tags":[],"class_list":["post-1231","page","type-page","status-publish","has-post-thumbnail","hentry"],"_links":{"self":[{"href":"https:\/\/www.greenpeace.org\/croatia\/wp-json\/wp\/v2\/pages\/1231","targetHints":{"allow":["GET"]}}],"collection":[{"href":"https:\/\/www.greenpeace.org\/croatia\/wp-json\/wp\/v2\/pages"}],"about":[{"href":"https:\/\/www.greenpeace.org\/croatia\/wp-json\/wp\/v2\/types\/page"}],"author":[{"embeddable":true,"href":"https:\/\/www.greenpeace.org\/croatia\/wp-json\/wp\/v2\/users\/20"}],"replies":[{"embeddable":true,"href":"https:\/\/www.greenpeace.org\/croatia\/wp-json\/wp\/v2\/comments?post=1231"}],"version-history":[{"count":15,"href":"https:\/\/www.greenpeace.org\/croatia\/wp-json\/wp\/v2\/pages\/1231\/revisions"}],"predecessor-version":[{"id":66167,"href":"https:\/\/www.greenpeace.org\/croatia\/wp-json\/wp\/v2\/pages\/1231\/revisions\/66167"}],"up":[{"embeddable":true,"href":"https:\/\/www.greenpeace.org\/croatia\/wp-json\/wp\/v2\/pages\/9"}],"wp:featuredmedia":[{"embeddable":true,"href":"https:\/\/www.greenpeace.org\/croatia\/wp-json\/wp\/v2\/media\/733"}],"wp:attachment":[{"href":"https:\/\/www.greenpeace.org\/croatia\/wp-json\/wp\/v2\/media?parent=1231"}],"wp:term":[{"taxonomy":"category","embeddable":true,"href":"https:\/\/www.greenpeace.org\/croatia\/wp-json\/wp\/v2\/categories?post=1231"},{"taxonomy":"post_tag","embeddable":true,"href":"https:\/\/www.greenpeace.org\/croatia\/wp-json\/wp\/v2\/tags?post=1231"}],"curies":[{"name":"wp","href":"https:\/\/api.w.org\/{rel}","templated":true}]}}