{"id":1288,"date":"2019-05-22T13:47:44","date_gmt":"2019-05-22T11:47:44","guid":{"rendered":"https:\/\/master.k8s.p4.greenpeace.org\/croatia\/?page_id=1288"},"modified":"2025-09-23T11:45:35","modified_gmt":"2025-09-23T09:45:35","slug":"klima-i-energija","status":"publish","type":"page","link":"https:\/\/www.greenpeace.org\/croatia\/istrazi\/klima-i-energija\/","title":{"rendered":"Klima i energija"},"content":{"rendered":"\n                    <div class=\"wp-block-group is-vertical is-layout-flex wp-container-core-group-is-layout-8cf370e7 wp-block-group-is-layout-flex\">\n                    \n                                <p>\u010covje\u010danstvo se danas suo\u010dava s jednim od najve\u0107ih izazova u povijesti \u2013 globalnim zatopljenjem i posljedi\u010dnim klimatskim promjenama koje ve\u0107 godinama rezultiraju ljudskim \u017ertvama i materijalnom \u0161tetom uslijed ekstremnih vru\u0107ina i hladno\u0107a, poplava, su\u0161a, po\u017eara, toplinskih valova i drugih nepogoda.\n\n\nFosilna industrija bori se svim sredstvima da nas zadr\u017ei na putu koji \u0107e im i dalje omogu\u0107avati ostvarivanja dobiti i pritom ne bira sredstva. Taj put nas vodi preko ruba provalije. Name\u0107e se imperativ da im uzvratimo \u017eestoko i preuzmemo kontrolu nad svojom sudbinom: odr\u017eavanje statusa quo je nedopustivo! Ovo je mo\u017eda na\u0161a zadnja prilika. Mi smo ti koje se \u010dekalo. Mi smo ta generacija koja \u0107e nadi\u0107i ugljen, naftu i plin te ostvariti tranziciju prema obnovljivim izvorima energije i energetskoj u\u010dinkovitosti.\n<\/p>\n                            \n\n                    \n                    <\/div>\n                    \n<figure class=\"wp-block-embed is-type-video is-provider-youtube wp-block-embed-youtube wp-embed-aspect-16-9 wp-has-aspect-ratio\"><div class=\"wp-block-embed__wrapper\">\n<lite-youtube style=\"background-image: url('https:\/\/i.ytimg.com\/vi\/IjHXFqgBQQY\/hqdefault.jpg');\" videoid=\"IjHXFqgBQQY\" params=\"rel=0\"><\/lite-youtube>\n<\/div><\/figure>\n<div data-hydrate=\"planet4-blocks\/gallery\" data-attributes=\"{&quot;attributes&quot;:{&quot;gallery_block_style&quot;:1,&quot;multiple_image&quot;:&quot;886,734,578,1065&quot;,&quot;gallery_block_title&quot;:&quot;&quot;,&quot;gallery_block_description&quot;:&quot;&quot;,&quot;gallery_block_focus_points&quot;:&quot;&quot;,&quot;image_data&quot;:[],&quot;images&quot;:[{&quot;image_src&quot;:&quot;https:\\\/\\\/www.greenpeace.org\\\/static\\\/planet4-croatia-stateless\\\/2019\\\/04\\\/e1c18bfb-e1c18bfb-prosvjed-ispred-zgrade-hep-a_maja-bota-1.jpg&quot;,&quot;image_srcset&quot;:&quot;https:\\\/\\\/www.greenpeace.org\\\/static\\\/planet4-croatia-stateless\\\/2019\\\/04\\\/e1c18bfb-e1c18bfb-prosvjed-ispred-zgrade-hep-a_maja-bota-1.jpg 800w, https:\\\/\\\/www.greenpeace.org\\\/static\\\/planet4-croatia-stateless\\\/2019\\\/04\\\/e1c18bfb-e1c18bfb-prosvjed-ispred-zgrade-hep-a_maja-bota-1-300x200.jpg 300w, https:\\\/\\\/www.greenpeace.org\\\/static\\\/planet4-croatia-stateless\\\/2019\\\/04\\\/e1c18bfb-e1c18bfb-prosvjed-ispred-zgrade-hep-a_maja-bota-1-768x512.jpg 768w, https:\\\/\\\/www.greenpeace.org\\\/static\\\/planet4-croatia-stateless\\\/2019\\\/04\\\/e1c18bfb-e1c18bfb-prosvjed-ispred-zgrade-hep-a_maja-bota-1-510x340.jpg 510w&quot;,&quot;image_sizes&quot;:false,&quot;alt_text&quot;:&quot;&quot;,&quot;caption&quot;:&quot;&quot;,&quot;focus_image&quot;:&quot;&quot;,&quot;credits&quot;:&quot;&quot;},{&quot;image_src&quot;:&quot;https:\\\/\\\/www.greenpeace.org\\\/static\\\/planet4-croatia-stateless\\\/2019\\\/04\\\/ee4eecba-gp0stskt4.jpg&quot;,&quot;image_srcset&quot;:&quot;https:\\\/\\\/www.greenpeace.org\\\/static\\\/planet4-croatia-stateless\\\/2019\\\/04\\\/ee4eecba-gp0stskt4.jpg 1200w, https:\\\/\\\/www.greenpeace.org\\\/static\\\/planet4-croatia-stateless\\\/2019\\\/04\\\/ee4eecba-gp0stskt4-300x200.jpg 300w, https:\\\/\\\/www.greenpeace.org\\\/static\\\/planet4-croatia-stateless\\\/2019\\\/04\\\/ee4eecba-gp0stskt4-768x512.jpg 768w, https:\\\/\\\/www.greenpeace.org\\\/static\\\/planet4-croatia-stateless\\\/2019\\\/04\\\/ee4eecba-gp0stskt4-1024x683.jpg 1024w, https:\\\/\\\/www.greenpeace.org\\\/static\\\/planet4-croatia-stateless\\\/2019\\\/04\\\/ee4eecba-gp0stskt4-510x340.jpg 510w&quot;,&quot;image_sizes&quot;:false,&quot;alt_text&quot;:&quot;Reforestation Activity in Croatia. \\u00a9 Nevio  Smajic \\\/ Greenpeace&quot;,&quot;caption&quot;:&quot;&quot;,&quot;focus_image&quot;:&quot;&quot;,&quot;credits&quot;:&quot;&quot;},{&quot;image_src&quot;:&quot;&quot;,&quot;image_srcset&quot;:false,&quot;image_sizes&quot;:false,&quot;alt_text&quot;:&quot;&quot;,&quot;caption&quot;:false,&quot;focus_image&quot;:&quot;&quot;,&quot;credits&quot;:&quot;&quot;},{&quot;image_src&quot;:&quot;https:\\\/\\\/www.greenpeace.org\\\/static\\\/planet4-croatia-stateless\\\/2018\\\/04\\\/dfd508c0-plomin-action-photo1-2048x1366.jpg&quot;,&quot;image_srcset&quot;:&quot;https:\\\/\\\/www.greenpeace.org\\\/static\\\/planet4-croatia-stateless\\\/2018\\\/04\\\/dfd508c0-plomin-action-photo1-2048x1366.jpg 2048w, https:\\\/\\\/www.greenpeace.org\\\/static\\\/planet4-croatia-stateless\\\/2018\\\/04\\\/dfd508c0-plomin-action-photo1-300x200.jpg 300w, https:\\\/\\\/www.greenpeace.org\\\/static\\\/planet4-croatia-stateless\\\/2018\\\/04\\\/dfd508c0-plomin-action-photo1-768x512.jpg 768w, https:\\\/\\\/www.greenpeace.org\\\/static\\\/planet4-croatia-stateless\\\/2018\\\/04\\\/dfd508c0-plomin-action-photo1-1024x683.jpg 1024w, https:\\\/\\\/www.greenpeace.org\\\/static\\\/planet4-croatia-stateless\\\/2018\\\/04\\\/dfd508c0-plomin-action-photo1-510x340.jpg 510w&quot;,&quot;image_sizes&quot;:&quot;(max-width: 2048px) 100vw, 2048px&quot;,&quot;alt_text&quot;:&quot;&quot;,&quot;caption&quot;:&quot;&quot;,&quot;focus_image&quot;:&quot;&quot;,&quot;credits&quot;:&quot;&quot;}]}}\"><section class=\"block carousel-wrap \"><div class=\"carousel slide\"><div class=\"carousel-inner\" role=\"listbox\"><\/div><\/div><\/section><\/div>\n    <div class=\"wp-block-query posts-list p4-query-loop is-custom-layout-list is-layout-flow wp-block-query-is-layout-flow\">\n        <div class=\"wp-block-group is-content-justification-space-between is-layout-flex wp-container-core-group-is-layout-3d213aab wp-block-group-is-layout-flex\"><h2 class=\"wp-block-heading\">Povezani \u010dlanci<\/h2>\n        <li class=\" wp-block-navigation-item see-all-link wp-block-navigation-link\"><a class=\"wp-block-navigation-item__content\"  href=\"http:\/\/www.greenpeace.org\/croatia\/news-stories\/?tag=fosilnagoriva\"><span class=\"wp-block-navigation-item__label\">See all stories<\/span><\/a><\/li>\n        \n        <\/div>\n        \n\n    <p style=\"margin-top: 24px; margin-bottom: 36px;\"><\/p>\n\n    \n\n    <ul class=\"wp-block-post-template is-layout-flow wp-block-post-template-is-layout-flow\"><li class=\"wp-block-post post-66604 post type-post status-publish format-standard has-post-thumbnail hentry category-klima-i-energija tag-obnovljiviizvori tag-klimatskepromjene tag-fosilnagoriva tag-fosilniplin p4-page-type-pr\">\n            \n<div class=\"wp-block-columns is-layout-flex wp-container-core-columns-is-layout-9d6595d7 wp-block-columns-is-layout-flex\"><figure class=\"wp-block-post-featured-image\"><a href=\"https:\/\/www.greenpeace.org\/croatia\/greenpeace-razotkriva-da-plinska-industrija-rasipa-energiju-krseci-zabranu-eu-a\/\" target=\"_self\"  ><img loading=\"lazy\" decoding=\"async\" width=\"2500\" height=\"1793\" src=\"https:\/\/www.greenpeace.org\/static\/planet4-croatia-stateless\/2026\/04\/c862ce5f-spaljivanje-metana-u-dugom-selu-greenpeace-4.jpg\" class=\"attachment-post-thumbnail size-post-thumbnail wp-post-image wp-stateless-item\" alt=\"Greenpeace razotkriva da plinska industrija rasipa energiju kr\u0161e\u0107i zabranu EU-a\" style=\"object-fit:cover;\" srcset=\"https:\/\/www.greenpeace.org\/static\/planet4-croatia-stateless\/2026\/04\/c862ce5f-spaljivanje-metana-u-dugom-selu-greenpeace-4.jpg 2500w, https:\/\/www.greenpeace.org\/static\/planet4-croatia-stateless\/2026\/04\/c862ce5f-spaljivanje-metana-u-dugom-selu-greenpeace-4-300x215.jpg 300w, https:\/\/www.greenpeace.org\/static\/planet4-croatia-stateless\/2026\/04\/c862ce5f-spaljivanje-metana-u-dugom-selu-greenpeace-4-1024x734.jpg 1024w, https:\/\/www.greenpeace.org\/static\/planet4-croatia-stateless\/2026\/04\/c862ce5f-spaljivanje-metana-u-dugom-selu-greenpeace-4-768x551.jpg 768w, https:\/\/www.greenpeace.org\/static\/planet4-croatia-stateless\/2026\/04\/c862ce5f-spaljivanje-metana-u-dugom-selu-greenpeace-4-1536x1102.jpg 1536w, https:\/\/www.greenpeace.org\/static\/planet4-croatia-stateless\/2026\/04\/c862ce5f-spaljivanje-metana-u-dugom-selu-greenpeace-4-2048x1469.jpg 2048w, https:\/\/www.greenpeace.org\/static\/planet4-croatia-stateless\/2026\/04\/c862ce5f-spaljivanje-metana-u-dugom-selu-greenpeace-4-1905x1366.jpg 1905w, https:\/\/www.greenpeace.org\/static\/planet4-croatia-stateless\/2026\/04\/c862ce5f-spaljivanje-metana-u-dugom-selu-greenpeace-4-474x340.jpg 474w\" sizes=\"auto, (max-width: 2500px) 100vw, 2500px\" data-image-size=\"post-thumbnail\" data-stateless-media-bucket=\"planet4-croatia-stateless\" data-stateless-media-name=\"2026\/04\/c862ce5f-spaljivanje-metana-u-dugom-selu-greenpeace-4.jpg\" \/><\/a><\/figure>\n\n        <div class=\"wp-block-group is-layout-flow wp-block-group-is-layout-flow\">\n                <div class=\"wp-block-group is-layout-flex wp-block-group-is-layout-flex\"><div class=\"wp-block-post-terms\"><a href=\"https:\/\/www.greenpeace.org\/croatia\/category\/issues\/klima-i-energija\/\">Klima i energija<\/a><\/div>\n                <div class=\"taxonomy-post_tag wp-block-post-terms\"><a href=\"https:\/\/www.greenpeace.org\/croatia\/tag\/obnovljiviizvori\/\" rel=\"tag\">ObnovljiviIzvori<\/a><span class=\"wp-block-post-terms__separator\"> <\/span><a href=\"https:\/\/www.greenpeace.org\/croatia\/tag\/klimatskepromjene\/\" rel=\"tag\">KlimatskePromjene<\/a><span class=\"wp-block-post-terms__separator\"> <\/span><a href=\"https:\/\/www.greenpeace.org\/croatia\/tag\/fosilnagoriva\/\" rel=\"tag\">FosilnaGoriva<\/a><span class=\"wp-block-post-terms__separator\"> <\/span><a href=\"https:\/\/www.greenpeace.org\/croatia\/tag\/fosilniplin\/\" rel=\"tag\">FosilniPlin<\/a><\/div>\n                \n                <\/div>\n                \n        <h3 class=\"wp-block-post-title\"><a href=\"https:\/\/www.greenpeace.org\/croatia\/greenpeace-razotkriva-da-plinska-industrija-rasipa-energiju-krseci-zabranu-eu-a\/\" target=\"_self\" >Greenpeace razotkriva da plinska industrija rasipa energiju kr\u0161e\u0107i zabranu EU-a<\/a><\/h3>\n        <div class=\"wp-block-post-excerpt\"><p class=\"wp-block-post-excerpt__excerpt\">Istra\u017eivanje Greenpeacea Hrvatske i Greenpeacea Ma\u0111arske otkriva da pojedina postrojenja za fosilni plin i naftu spaljuju velike koli\u010dine metana \u010dime izgledno kr\u0161e Uredbu EU o metanu koja zabranjuje rutinsko spaljivanje na baklji od 5. velja\u010de 2026. <\/p><\/div>\n        \n        <div class=\"wp-block-group posts-list-meta is-layout-flow wp-block-group-is-layout-flow\"><span class='article-list-item-author'>Greenpeace HR<\/span>\n        <div class=\"wp-block-post-date\"><time datetime=\"2026-04-07T10:09:30+02:00\">07. 04. 2026.<\/time><\/div>\n        \n        <\/div>\n        <\/div>\n        <\/div>\n\n            <\/li><li class=\"wp-block-post post-66589 post type-post status-publish format-standard has-post-thumbnail hentry category-klima-i-energija tag-klimatskepromjene tag-fosilnagoriva p4-page-type-vijest\">\n            \n<div class=\"wp-block-columns is-layout-flex wp-container-core-columns-is-layout-9d6595d7 wp-block-columns-is-layout-flex\"><figure class=\"wp-block-post-featured-image\"><a href=\"https:\/\/www.greenpeace.org\/croatia\/donesena-presuda-u-neosnovanoj-slapp-tuzbi-u-sad-u\/\" target=\"_self\"  ><img loading=\"lazy\" decoding=\"async\" width=\"2560\" height=\"1707\" src=\"https:\/\/www.greenpeace.org\/static\/planet4-croatia-stateless\/2026\/03\/b5eceea6-gp-cee-croatia-zagreb-2-scaled.jpg\" class=\"attachment-post-thumbnail size-post-thumbnail wp-post-image wp-stateless-item\" alt=\"Donesena presuda u neosnovanoj SLAPP tu\u017ebi u SAD-u\" style=\"object-fit:cover;\" srcset=\"https:\/\/www.greenpeace.org\/static\/planet4-croatia-stateless\/2026\/03\/b5eceea6-gp-cee-croatia-zagreb-2-scaled.jpg 2560w, https:\/\/www.greenpeace.org\/static\/planet4-croatia-stateless\/2026\/03\/b5eceea6-gp-cee-croatia-zagreb-2-300x200.jpg 300w, https:\/\/www.greenpeace.org\/static\/planet4-croatia-stateless\/2026\/03\/b5eceea6-gp-cee-croatia-zagreb-2-1024x683.jpg 1024w, https:\/\/www.greenpeace.org\/static\/planet4-croatia-stateless\/2026\/03\/b5eceea6-gp-cee-croatia-zagreb-2-768x512.jpg 768w, https:\/\/www.greenpeace.org\/static\/planet4-croatia-stateless\/2026\/03\/b5eceea6-gp-cee-croatia-zagreb-2-1536x1024.jpg 1536w, https:\/\/www.greenpeace.org\/static\/planet4-croatia-stateless\/2026\/03\/b5eceea6-gp-cee-croatia-zagreb-2-2048x1366.jpg 2048w, https:\/\/www.greenpeace.org\/static\/planet4-croatia-stateless\/2026\/03\/b5eceea6-gp-cee-croatia-zagreb-2-510x340.jpg 510w\" sizes=\"auto, (max-width: 2560px) 100vw, 2560px\" data-image-size=\"post-thumbnail\" data-stateless-media-bucket=\"planet4-croatia-stateless\" data-stateless-media-name=\"2026\/03\/b5eceea6-gp-cee-croatia-zagreb-2-scaled.jpg\" \/><\/a><\/figure>\n\n        <div class=\"wp-block-group is-layout-flow wp-block-group-is-layout-flow\">\n                <div class=\"wp-block-group is-layout-flex wp-block-group-is-layout-flex\"><div class=\"wp-block-post-terms\"><a href=\"https:\/\/www.greenpeace.org\/croatia\/category\/issues\/klima-i-energija\/\">Klima i energija<\/a><\/div>\n                <div class=\"taxonomy-post_tag wp-block-post-terms\"><a href=\"https:\/\/www.greenpeace.org\/croatia\/tag\/klimatskepromjene\/\" rel=\"tag\">KlimatskePromjene<\/a><span class=\"wp-block-post-terms__separator\"> <\/span><a href=\"https:\/\/www.greenpeace.org\/croatia\/tag\/fosilnagoriva\/\" rel=\"tag\">FosilnaGoriva<\/a><\/div>\n                \n                <\/div>\n                \n        <h3 class=\"wp-block-post-title\"><a href=\"https:\/\/www.greenpeace.org\/croatia\/donesena-presuda-u-neosnovanoj-slapp-tuzbi-u-sad-u\/\" target=\"_self\" >Donesena presuda u neosnovanoj SLAPP tu\u017ebi u SAD-u<\/a><\/h3>\n        <div class=\"wp-block-post-excerpt\"><p class=\"wp-block-post-excerpt__excerpt\">Donesena presuda te\u0161ka je 345 milijuna dolara u korist naftnog diva Energy Transfer. Ali ne\u0107emo ustuknuti &#8211; borba se nastavlja! <\/p><\/div>\n        \n        <div class=\"wp-block-group posts-list-meta is-layout-flow wp-block-group-is-layout-flow\"><span class='article-list-item-author'>Greenpeace u Hrvatskoj<\/span>\n        <div class=\"wp-block-post-date\"><time datetime=\"2026-03-06T18:30:58+02:00\">06. 03. 2026.<\/time><\/div>\n        \n        <\/div>\n        <\/div>\n        <\/div>\n\n            <\/li><li class=\"wp-block-post post-66569 post type-post status-publish format-standard has-post-thumbnail hentry category-klima-i-energija tag-klimatskepromjene tag-fosilnagoriva tag-fosilniplin p4-page-type-vijest\">\n            \n<div class=\"wp-block-columns is-layout-flex wp-container-core-columns-is-layout-9d6595d7 wp-block-columns-is-layout-flex\"><figure class=\"wp-block-post-featured-image\"><a href=\"https:\/\/www.greenpeace.org\/croatia\/arte-tv-objavio-dokumentarac-o-metanu-sniman-u-suradnji-s-catf-om-i-greenpeaceom-u-hrvatskoj\/\" target=\"_self\"  ><img loading=\"lazy\" decoding=\"async\" width=\"940\" height=\"788\" src=\"https:\/\/www.greenpeace.org\/static\/planet4-croatia-stateless\/2026\/02\/d1c28851-main-visual_catf-croatia-2025.png\" class=\"attachment-post-thumbnail size-post-thumbnail wp-post-image wp-stateless-item\" alt=\"ARTE TV objavio dokumentarac o metanu sniman u suradnji s CATF-om i Greenpeaceom u Hrvatskoj\u00a0\" style=\"object-fit:cover;\" srcset=\"https:\/\/www.greenpeace.org\/static\/planet4-croatia-stateless\/2026\/02\/d1c28851-main-visual_catf-croatia-2025.png 940w, https:\/\/www.greenpeace.org\/static\/planet4-croatia-stateless\/2026\/02\/d1c28851-main-visual_catf-croatia-2025-300x251.png 300w, https:\/\/www.greenpeace.org\/static\/planet4-croatia-stateless\/2026\/02\/d1c28851-main-visual_catf-croatia-2025-768x644.png 768w, https:\/\/www.greenpeace.org\/static\/planet4-croatia-stateless\/2026\/02\/d1c28851-main-visual_catf-croatia-2025-406x340.png 406w\" sizes=\"auto, (max-width: 940px) 100vw, 940px\" data-image-size=\"post-thumbnail\" data-stateless-media-bucket=\"planet4-croatia-stateless\" data-stateless-media-name=\"2026\/02\/d1c28851-main-visual_catf-croatia-2025.png\" \/><\/a><\/figure>\n\n        <div class=\"wp-block-group is-layout-flow wp-block-group-is-layout-flow\">\n                <div class=\"wp-block-group is-layout-flex wp-block-group-is-layout-flex\"><div class=\"wp-block-post-terms\"><a href=\"https:\/\/www.greenpeace.org\/croatia\/category\/issues\/klima-i-energija\/\">Klima i energija<\/a><\/div>\n                <div class=\"taxonomy-post_tag wp-block-post-terms\"><a href=\"https:\/\/www.greenpeace.org\/croatia\/tag\/klimatskepromjene\/\" rel=\"tag\">KlimatskePromjene<\/a><span class=\"wp-block-post-terms__separator\"> <\/span><a href=\"https:\/\/www.greenpeace.org\/croatia\/tag\/fosilnagoriva\/\" rel=\"tag\">FosilnaGoriva<\/a><span class=\"wp-block-post-terms__separator\"> <\/span><a href=\"https:\/\/www.greenpeace.org\/croatia\/tag\/fosilniplin\/\" rel=\"tag\">FosilniPlin<\/a><\/div>\n                \n                <\/div>\n                \n        <h3 class=\"wp-block-post-title\"><a href=\"https:\/\/www.greenpeace.org\/croatia\/arte-tv-objavio-dokumentarac-o-metanu-sniman-u-suradnji-s-catf-om-i-greenpeaceom-u-hrvatskoj\/\" target=\"_self\" >ARTE TV objavio dokumentarac o metanu sniman u suradnji s CATF-om i Greenpeaceom u Hrvatskoj\u00a0<\/a><\/h3>\n        <div class=\"wp-block-post-excerpt\"><p class=\"wp-block-post-excerpt__excerpt\">TV ekipa pratila je terenski rad lovca na metan iz organizacije Clean Air Task Force (CATF) i Greenpeacea u Hrvatskoj. Snimke termalne kamere po\u010detkom studenog pokazale su curenja metana na fosilnoj infrastrukturi kakva su otkrivena i u o\u017eujku. <\/p><\/div>\n        \n        <div class=\"wp-block-group posts-list-meta is-layout-flow wp-block-group-is-layout-flow\"><span class='article-list-item-author'>Greenpeace u Hrvatskoj<\/span>\n        <div class=\"wp-block-post-date\"><time datetime=\"2026-02-26T16:01:50+02:00\">26. 02. 2026.<\/time><\/div>\n        \n        <\/div>\n        <\/div>\n        <\/div>\n\n            <\/li><\/ul>\n\n    \n<div class=\"wp-block-buttons carousel-controls is-horizontal is-content-justification-space-between is-nowrap is-layout-flex wp-container-core-buttons-is-layout-044bd602 wp-block-buttons-is-layout-flex\">\n            <div class=\"wp-block-button carousel-control-prev\"><button type=\"button\" class=\"wp-block-button__link wp-element-button\">Prev<\/button><\/div>\n        \n\n            <div class=\"wp-block-button carousel-control-next\"><button type=\"button\" class=\"wp-block-button__link wp-element-button\">Next<\/button><\/div>\n        <\/div>\n\n\n    <li class=\" wp-block-navigation-item see-all-link wp-block-navigation-link\"><a class=\"wp-block-navigation-item__content\"  href=\"http:\/\/www.greenpeace.org\/croatia\/news-stories\/?tag=fosilnagoriva\"><span class=\"wp-block-navigation-item__label\">See all stories<\/span><\/a><\/li><\/div>\n    ","protected":false},"excerpt":{"rendered":"<p>\u010covje\u010danstvo se danas suo\u010dava s jednim od najve\u0107ih izazova u povijesti \u2013 globalnim zatopljenjem i posljedi\u010dnim klimatskim promjenama koje ve\u0107 godinama rezultiraju ljudskim \u017ertvama i materijalnom \u0161tetom uslijed ekstremnih vru\u0107ina i hladno\u0107a, poplava, su\u0161a, po\u017eara, toplinskih valova i drugih nepogoda. Fosilna industrija bori se svim sredstvima da nas zadr\u017ei na putu koji \u0107e im i [&hellip;]<\/p>\n","protected":false},"author":20,"featured_media":1294,"parent":11,"menu_order":0,"comment_status":"closed","ping_status":"closed","template":"","meta":{"ep_exclude_from_search":false,"p4_hide_page_title_checkbox":"","p4_title":"","p4_subtitle":"","p4_description":"","background_image_id":"","background_image":"","p4_button_title":"","p4_button_link":"","p4_button_link_checkbox":"","p4_og_title":"","p4_og_description":"","p4_og_image":"","p4_og_image_id":"","p4_seo_canonical_url":"","p4_campaign_name":"not set","p4_local_project":"not set","p4_basket_name":"not set","p4_department":"","footnotes":""},"categories":[29],"tags":[23,24,27,41,56,51,53,62,61],"class_list":["post-1288","page","type-page","status-publish","has-post-thumbnail","hentry","category-klima-i-energija","tag-obnovljiviizvori","tag-klimatskepromjene","tag-fosilnagoriva","tag-zdravlje","tag-fosilniplin","tag-zelenioporavak","tag-zazelenigrad","tag-ivanad","tag-nuklearna_energija"],"_links":{"self":[{"href":"https:\/\/www.greenpeace.org\/croatia\/wp-json\/wp\/v2\/pages\/1288","targetHints":{"allow":["GET"]}}],"collection":[{"href":"https:\/\/www.greenpeace.org\/croatia\/wp-json\/wp\/v2\/pages"}],"about":[{"href":"https:\/\/www.greenpeace.org\/croatia\/wp-json\/wp\/v2\/types\/page"}],"author":[{"embeddable":true,"href":"https:\/\/www.greenpeace.org\/croatia\/wp-json\/wp\/v2\/users\/20"}],"replies":[{"embeddable":true,"href":"https:\/\/www.greenpeace.org\/croatia\/wp-json\/wp\/v2\/comments?post=1288"}],"version-history":[{"count":15,"href":"https:\/\/www.greenpeace.org\/croatia\/wp-json\/wp\/v2\/pages\/1288\/revisions"}],"predecessor-version":[{"id":66375,"href":"https:\/\/www.greenpeace.org\/croatia\/wp-json\/wp\/v2\/pages\/1288\/revisions\/66375"}],"up":[{"embeddable":true,"href":"https:\/\/www.greenpeace.org\/croatia\/wp-json\/wp\/v2\/pages\/11"}],"wp:featuredmedia":[{"embeddable":true,"href":"https:\/\/www.greenpeace.org\/croatia\/wp-json\/wp\/v2\/media\/1294"}],"wp:attachment":[{"href":"https:\/\/www.greenpeace.org\/croatia\/wp-json\/wp\/v2\/media?parent=1288"}],"wp:term":[{"taxonomy":"category","embeddable":true,"href":"https:\/\/www.greenpeace.org\/croatia\/wp-json\/wp\/v2\/categories?post=1288"},{"taxonomy":"post_tag","embeddable":true,"href":"https:\/\/www.greenpeace.org\/croatia\/wp-json\/wp\/v2\/tags?post=1288"}],"curies":[{"name":"wp","href":"https:\/\/api.w.org\/{rel}","templated":true}]}}