{"id":1639,"date":"2020-01-21T14:14:52","date_gmt":"2020-01-21T12:14:52","guid":{"rendered":"https:\/\/www.greenpeace.org\/croatia\/necuvrecu\/"},"modified":"2025-09-23T11:45:30","modified_gmt":"2025-09-23T09:45:30","slug":"necuvrecu","status":"publish","type":"page","link":"https:\/\/www.greenpeace.org\/croatia\/necuvrecu\/","title":{"rendered":"#Ne\u0107uVre\u0107u"},"content":{"rendered":"\n                    <div class=\"wp-block-group is-vertical is-layout-flex wp-container-core-group-is-layout-8cf370e7 wp-block-group-is-layout-flex\">\n                    \n                                <p>Zbog lo\u0161e kvalitete kratko se koriste, zbog niske cijene dijele se nekontrolirano, u okoli\u0161u ostavljaju nepopravljivu \u0161tetu, a zapravo ih je najlak\u0161e zamijeniti alternativama za vi\u0161ekratnu upotrebu.\n\nU srpnju 2021. godine Sabor je usvojio Zakon o gospodarenju otpadom u kojem se nalazi i zabrana laganih plasti\u010dnih vre\u0107ica za no\u0161enje koja je stupila na snagu 1.1.2022.\n\nZabrana laganih plasti\u010dnih vre\u0107ica rezultat je va\u0161eg i na\u0161eg pritiska te peticije koju je potpisalo vi\u0161e od 65.000 ljudi!\n\nSljede\u0107i korak za koji se zala\u017eemo je pro\u0161irenje zabrane i na vrlo lagane plasti\u010dne vre\u0107ice. <\/p>\n                            \n\n                    \n                    <\/div>\n                    \n    <div class=\"wp-block-query posts-list p4-query-loop is-custom-layout-list is-layout-flow wp-block-query-is-layout-flow\">\n        <div class=\"wp-block-group is-content-justification-space-between is-layout-flex wp-container-core-group-is-layout-3d213aab wp-block-group-is-layout-flex\"><h2 class=\"wp-block-heading\">Povezani \u010dlanci<\/h2>\n        <li class=\" wp-block-navigation-item see-all-link wp-block-navigation-link\"><a class=\"wp-block-navigation-item__content\"  href=\"http:\/\/www.greenpeace.org\/croatia\/news-stories\/?tag=necuvrecu\"><span class=\"wp-block-navigation-item__label\">See all stories<\/span><\/a><\/li>\n        \n        <\/div>\n        \n\n    <p style=\"margin-top: 24px; margin-bottom: 36px;\"><\/p>\n\n    \n\n    <ul class=\"wp-block-post-template is-layout-flow wp-block-post-template-is-layout-flow\"><li class=\"wp-block-post post-3726 post type-post status-publish format-standard has-post-thumbnail hentry category-ne-plastici tag-jednokratnaplastika tag-fosilnagoriva tag-necuvrecu p4-page-type-blog\">\n            \n<div class=\"wp-block-columns is-layout-flex wp-container-core-columns-is-layout-9d6595d7 wp-block-columns-is-layout-flex\"><figure class=\"wp-block-post-featured-image\"><a href=\"https:\/\/www.greenpeace.org\/croatia\/4-lazna-rjesenja-u-borbi-protiv-plasticne-posasti\/\" target=\"_self\"  ><img loading=\"lazy\" decoding=\"async\" width=\"800\" height=\"533\" src=\"https:\/\/www.greenpeace.org\/static\/planet4-croatia-stateless\/2024\/05\/3a480737-gp0sttls5_low-res-with-credit-line-800px.jpg\" class=\"attachment-post-thumbnail size-post-thumbnail wp-post-image wp-stateless-item\" alt=\"4 la\u017ena rje\u0161enja u borbi protiv plasti\u010dne po\u0161asti\" style=\"object-fit:cover;\" srcset=\"https:\/\/www.greenpeace.org\/static\/planet4-croatia-stateless\/2024\/05\/3a480737-gp0sttls5_low-res-with-credit-line-800px.jpg 800w, https:\/\/www.greenpeace.org\/static\/planet4-croatia-stateless\/2024\/05\/3a480737-gp0sttls5_low-res-with-credit-line-800px-300x200.jpg 300w, https:\/\/www.greenpeace.org\/static\/planet4-croatia-stateless\/2024\/05\/3a480737-gp0sttls5_low-res-with-credit-line-800px-768x512.jpg 768w, https:\/\/www.greenpeace.org\/static\/planet4-croatia-stateless\/2024\/05\/3a480737-gp0sttls5_low-res-with-credit-line-800px-510x340.jpg 510w\" sizes=\"auto, (max-width: 800px) 100vw, 800px\" data-image-size=\"post-thumbnail\" data-stateless-media-bucket=\"planet4-croatia-stateless\" data-stateless-media-name=\"2024\/05\/3a480737-gp0sttls5_low-res-with-credit-line-800px.jpg\" \/><\/a><\/figure>\n\n        <div class=\"wp-block-group is-layout-flow wp-block-group-is-layout-flow\">\n                <div class=\"wp-block-group is-layout-flex wp-block-group-is-layout-flex\"><div class=\"wp-block-post-terms\"><a href=\"https:\/\/www.greenpeace.org\/croatia\/category\/issues\/ne-plastici\/\">Ne Plastici<\/a><\/div>\n                <div class=\"taxonomy-post_tag wp-block-post-terms\"><a href=\"https:\/\/www.greenpeace.org\/croatia\/tag\/jednokratnaplastika\/\" rel=\"tag\">JednokratnaPlastika<\/a><span class=\"wp-block-post-terms__separator\"> <\/span><a href=\"https:\/\/www.greenpeace.org\/croatia\/tag\/fosilnagoriva\/\" rel=\"tag\">FosilnaGoriva<\/a><span class=\"wp-block-post-terms__separator\"> <\/span><a href=\"https:\/\/www.greenpeace.org\/croatia\/tag\/necuvrecu\/\" rel=\"tag\">Ne\u0107uVre\u0107u<\/a><\/div>\n                \n                <\/div>\n                \n        <h3 class=\"wp-block-post-title\"><a href=\"https:\/\/www.greenpeace.org\/croatia\/4-lazna-rjesenja-u-borbi-protiv-plasticne-posasti\/\" target=\"_self\" >4 la\u017ena rje\u0161enja u borbi protiv plasti\u010dne po\u0161asti<\/a><\/h3>\n        <div class=\"wp-block-post-excerpt\"><p class=\"wp-block-post-excerpt__excerpt\">One\u010di\u0161\u0107enje plastikom zahvatilo je i najudaljenija podru\u010dja na\u0161eg planeta, a prona\u0111ena je i u nekoliko vrsta tkiva u ljudskom tijelu. U blogu donosimo \u010detiri primjera la\u017enih rje\u0161enja, od recikliranja do bioplastike, koji nisu dorasli razmjerima globalne krize one\u010di\u0161\u0107enja plastikom. <\/p><\/div>\n        \n        <div class=\"wp-block-group posts-list-meta is-layout-flow wp-block-group-is-layout-flow\"><span class='article-list-item-author'>Mehdi Leman<\/span>\n        <div class=\"wp-block-post-date\"><time datetime=\"2024-05-15T11:28:20+02:00\">15. 05. 2024.<\/time><\/div>\n        \n        <\/div>\n        <\/div>\n        <\/div>\n\n            <\/li><li class=\"wp-block-post post-3363 post type-post status-publish format-standard has-post-thumbnail hentry category-uncategorized tag-jednokratnaplastika tag-necuvrecu p4-page-type-vijest\">\n            \n<div class=\"wp-block-columns is-layout-flex wp-container-core-columns-is-layout-9d6595d7 wp-block-columns-is-layout-flex\"><figure class=\"wp-block-post-featured-image\"><a href=\"https:\/\/www.greenpeace.org\/croatia\/plastika-taka-tika-taka\/\" target=\"_self\"  ><img loading=\"lazy\" decoding=\"async\" width=\"2000\" height=\"1600\" src=\"https:\/\/www.greenpeace.org\/static\/planet4-croatia-stateless\/2023\/10\/e75fc4e5-untitled-design-2023-10-24t124212.362.png\" class=\"attachment-post-thumbnail size-post-thumbnail wp-post-image wp-stateless-item\" alt=\"PLASTIKA TAKA TIKA TAKA\u2026\" style=\"object-fit:cover;\" srcset=\"https:\/\/www.greenpeace.org\/static\/planet4-croatia-stateless\/2023\/10\/e75fc4e5-untitled-design-2023-10-24t124212.362.png 2000w, https:\/\/www.greenpeace.org\/static\/planet4-croatia-stateless\/2023\/10\/e75fc4e5-untitled-design-2023-10-24t124212.362-300x240.png 300w, https:\/\/www.greenpeace.org\/static\/planet4-croatia-stateless\/2023\/10\/e75fc4e5-untitled-design-2023-10-24t124212.362-1024x819.png 1024w, https:\/\/www.greenpeace.org\/static\/planet4-croatia-stateless\/2023\/10\/e75fc4e5-untitled-design-2023-10-24t124212.362-768x614.png 768w, https:\/\/www.greenpeace.org\/static\/planet4-croatia-stateless\/2023\/10\/e75fc4e5-untitled-design-2023-10-24t124212.362-1536x1229.png 1536w, https:\/\/www.greenpeace.org\/static\/planet4-croatia-stateless\/2023\/10\/e75fc4e5-untitled-design-2023-10-24t124212.362-1708x1366.png 1708w, https:\/\/www.greenpeace.org\/static\/planet4-croatia-stateless\/2023\/10\/e75fc4e5-untitled-design-2023-10-24t124212.362-425x340.png 425w\" sizes=\"auto, (max-width: 2000px) 100vw, 2000px\" data-image-size=\"post-thumbnail\" data-stateless-media-bucket=\"planet4-croatia-stateless\" data-stateless-media-name=\"2023\/10\/e75fc4e5-untitled-design-2023-10-24t124212.362.png\" \/><\/a><\/figure>\n\n        <div class=\"wp-block-group is-layout-flow wp-block-group-is-layout-flow\">\n                <div class=\"wp-block-group is-layout-flex wp-block-group-is-layout-flex\"><div class=\"wp-block-post-terms\"><a href=\"https:\/\/www.greenpeace.org\/croatia\/category\/uncategorized\/\">Nesvrstano<\/a><\/div>\n                <div class=\"taxonomy-post_tag wp-block-post-terms\"><a href=\"https:\/\/www.greenpeace.org\/croatia\/tag\/jednokratnaplastika\/\" rel=\"tag\">JednokratnaPlastika<\/a><span class=\"wp-block-post-terms__separator\"> <\/span><a href=\"https:\/\/www.greenpeace.org\/croatia\/tag\/necuvrecu\/\" rel=\"tag\">Ne\u0107uVre\u0107u<\/a><\/div>\n                \n                <\/div>\n                \n        <h3 class=\"wp-block-post-title\"><a href=\"https:\/\/www.greenpeace.org\/croatia\/plastika-taka-tika-taka\/\" target=\"_self\" >PLASTIKA TAKA TIKA TAKA\u2026<\/a><\/h3>\n        <div class=\"wp-block-post-excerpt\"><p class=\"wp-block-post-excerpt__excerpt\">Plakate na kojima pi\u0161e PLASTIKA TAKA TIKA TAKA postavili smo na 70 lokacija u 18 hrvatskih gradova u sklopu kampanje za Globalni sporazum o plastici. <\/p><\/div>\n        \n        <div class=\"wp-block-group posts-list-meta is-layout-flow wp-block-group-is-layout-flow\"><span class='article-list-item-author'>Greenpeace u Hrvatskoj<\/span>\n        <div class=\"wp-block-post-date\"><time datetime=\"2023-10-26T16:59:07+02:00\">26. 10. 2023.<\/time><\/div>\n        \n        <\/div>\n        <\/div>\n        <\/div>\n\n            <\/li><li class=\"wp-block-post post-3339 post type-post status-publish format-standard has-post-thumbnail hentry category-ne-plastici category-issues tag-jadranbezplastike tag-jednokratnaplastika tag-necuvrecu p4-page-type-blog\">\n            \n<div class=\"wp-block-columns is-layout-flex wp-container-core-columns-is-layout-9d6595d7 wp-block-columns-is-layout-flex\"><figure class=\"wp-block-post-featured-image\"><a href=\"https:\/\/www.greenpeace.org\/croatia\/zasto-greenpeace-od-svjetskih-vlada-trazi-smanjenje-proizvodnje-plastike-za-barem-75-posto-do-2040\/\" target=\"_self\"  ><img loading=\"lazy\" decoding=\"async\" width=\"800\" height=\"534\" src=\"https:\/\/www.greenpeace.org\/static\/planet4-croatia-stateless\/2023\/10\/1139527d-gp0stx245_web_size.jpg\" class=\"attachment-post-thumbnail size-post-thumbnail wp-post-image wp-stateless-item\" alt=\"Za\u0161to Greenpeace od svjetskih vlada tra\u017ei smanjenje proizvodnje plastike za barem 75 posto do 2040.\" style=\"object-fit:cover;\" srcset=\"https:\/\/www.greenpeace.org\/static\/planet4-croatia-stateless\/2023\/10\/1139527d-gp0stx245_web_size.jpg 800w, https:\/\/www.greenpeace.org\/static\/planet4-croatia-stateless\/2023\/10\/1139527d-gp0stx245_web_size-300x200.jpg 300w, https:\/\/www.greenpeace.org\/static\/planet4-croatia-stateless\/2023\/10\/1139527d-gp0stx245_web_size-768x513.jpg 768w, https:\/\/www.greenpeace.org\/static\/planet4-croatia-stateless\/2023\/10\/1139527d-gp0stx245_web_size-510x340.jpg 510w\" sizes=\"auto, (max-width: 800px) 100vw, 800px\" data-image-size=\"post-thumbnail\" data-stateless-media-bucket=\"planet4-croatia-stateless\" data-stateless-media-name=\"2023\/10\/1139527d-gp0stx245_web_size.jpg\" \/><\/a><\/figure>\n\n        <div class=\"wp-block-group is-layout-flow wp-block-group-is-layout-flow\">\n                <div class=\"wp-block-group is-layout-flex wp-block-group-is-layout-flex\"><div class=\"wp-block-post-terms\"><a href=\"https:\/\/www.greenpeace.org\/croatia\/category\/issues\/ne-plastici\/\">Ne Plastici<\/a><\/div>\n                <div class=\"taxonomy-post_tag wp-block-post-terms\"><a href=\"https:\/\/www.greenpeace.org\/croatia\/tag\/jadranbezplastike\/\" rel=\"tag\">JadranBezPlastike<\/a><span class=\"wp-block-post-terms__separator\"> <\/span><a href=\"https:\/\/www.greenpeace.org\/croatia\/tag\/jednokratnaplastika\/\" rel=\"tag\">JednokratnaPlastika<\/a><span class=\"wp-block-post-terms__separator\"> <\/span><a href=\"https:\/\/www.greenpeace.org\/croatia\/tag\/necuvrecu\/\" rel=\"tag\">Ne\u0107uVre\u0107u<\/a><\/div>\n                \n                <\/div>\n                \n        <h3 class=\"wp-block-post-title\"><a href=\"https:\/\/www.greenpeace.org\/croatia\/zasto-greenpeace-od-svjetskih-vlada-trazi-smanjenje-proizvodnje-plastike-za-barem-75-posto-do-2040\/\" target=\"_self\" >Za\u0161to Greenpeace od svjetskih vlada tra\u017ei smanjenje proizvodnje plastike za barem 75 posto do 2040.<\/a><\/h3>\n        <div class=\"wp-block-post-excerpt\"><p class=\"wp-block-post-excerpt__excerpt\">Promotrimo li plasti\u010dnu krizu kroz prizmu klime, najbolji dostupni matemati\u010dki modeli pokazuju da proizvodnju plastike treba srezati za 75% do 2050. \u017eelimo li globalno zagrijavanje zadr\u017eati ispod 1,5 \u00b0C i time sprije\u010diti najgore posljedice brzog zagrijavanja planeta. <\/p><\/div>\n        \n        <div class=\"wp-block-group posts-list-meta is-layout-flow wp-block-group-is-layout-flow\"><span class='article-list-item-author'>Graham Forbes<\/span>\n        <div class=\"wp-block-post-date\"><time datetime=\"2023-10-10T15:18:55+02:00\">10. 10. 2023.<\/time><\/div>\n        \n        <\/div>\n        <\/div>\n        <\/div>\n\n            <\/li><\/ul>\n\n    \n<div class=\"wp-block-buttons carousel-controls is-horizontal is-content-justification-space-between is-nowrap is-layout-flex wp-container-core-buttons-is-layout-044bd602 wp-block-buttons-is-layout-flex\">\n            <div class=\"wp-block-button carousel-control-prev\"><button type=\"button\" class=\"wp-block-button__link wp-element-button\">Prev<\/button><\/div>\n        \n\n            <div class=\"wp-block-button carousel-control-next\"><button type=\"button\" class=\"wp-block-button__link wp-element-button\">Next<\/button><\/div>\n        <\/div>\n\n\n    <li class=\" wp-block-navigation-item see-all-link wp-block-navigation-link\"><a class=\"wp-block-navigation-item__content\"  href=\"http:\/\/www.greenpeace.org\/croatia\/news-stories\/?tag=necuvrecu\"><span class=\"wp-block-navigation-item__label\">See all stories<\/span><\/a><\/li><\/div>\n    \n    <div class=\"wp-block-query posts-list p4-query-loop is-custom-layout-grid is-layout-grid wp-container-core-query-is-layout-b8bb0bd1 wp-block-query-is-layout-grid\">\n        <div class=\"wp-block-group is-content-justification-space-between is-layout-flex wp-container-core-group-is-layout-3d213aab wp-block-group-is-layout-flex\"><h2 class=\"wp-block-heading\">Publications<\/h2>\n        <li class=\" wp-block-navigation-item see-all-link wp-block-navigation-link\"><a class=\"wp-block-navigation-item__content\"  href=\"http:\/\/www.greenpeace.org\/croatia\/news-stories\/?tag=necuvrecu&#038;post-type=\"><span class=\"wp-block-navigation-item__label\">See all stories<\/span><\/a><\/li>\n        \n        <\/div>\n        \n\n    <p style=\"margin-top: 24px; margin-bottom: 36px;\"><\/p>\n\n    <div class=\"wp-block-query-no-results\">\n        <p style=\"\">No posts found.<\/p>\n        <\/div>\n\n    \n\n    \n<div class=\"wp-block-buttons carousel-controls is-horizontal is-content-justification-space-between is-nowrap is-layout-flex wp-container-core-buttons-is-layout-044bd602 wp-block-buttons-is-layout-flex\">\n            <div class=\"wp-block-button carousel-control-prev\"><button type=\"button\" class=\"wp-block-button__link wp-element-button\">Prev<\/button><\/div>\n        \n\n            <div class=\"wp-block-button carousel-control-next\"><button type=\"button\" class=\"wp-block-button__link wp-element-button\">Next<\/button><\/div>\n        <\/div>\n\n\n    <li class=\" wp-block-navigation-item see-all-link wp-block-navigation-link\"><a class=\"wp-block-navigation-item__content\"  href=\"http:\/\/www.greenpeace.org\/croatia\/news-stories\/?tag=necuvrecu&#038;post-type=\"><span class=\"wp-block-navigation-item__label\">See all stories<\/span><\/a><\/li><\/div>\n    <div data-render=\"planet4-blocks\/happypoint\" data-attributes=\"{&quot;attributes&quot;:{&quot;override_default_content&quot;:true,&quot;local_content_provider&quot;:&quot;embed_code&quot;,&quot;opacity&quot;:30}}\"><\/div>","protected":false},"excerpt":{"rendered":"<p>Zbog lo\u0161e kvalitete kratko se koriste, zbog niske cijene dijele se nekontrolirano, u okoli\u0161u ostavljaju nepopravljivu \u0161tetu, a zapravo ih je najlak\u0161e zamijeniti alternativama za vi\u0161ekratnu upotrebu. U srpnju 2021. godine Sabor je usvojio Zakon o gospodarenju otpadom u kojem se nalazi i zabrana laganih plasti\u010dnih vre\u0107ica za no\u0161enje koja je stupila na snagu 1.1.2022. [&hellip;]<\/p>\n","protected":false},"author":20,"featured_media":0,"parent":0,"menu_order":0,"comment_status":"closed","ping_status":"closed","template":"","meta":{"ep_exclude_from_search":false,"p4_hide_page_title_checkbox":"","p4_title":"","p4_subtitle":"","p4_description":"","background_image_id":"","background_image":"","p4_button_title":"","p4_button_link":"","p4_button_link_checkbox":"","p4_og_title":"","p4_og_description":"","p4_og_image":"","p4_og_image_id":"","p4_seo_canonical_url":"","p4_campaign_name":"","p4_local_project":"","p4_basket_name":"","p4_department":"","footnotes":""},"categories":[],"tags":[],"class_list":["post-1639","page","type-page","status-publish","hentry"],"_links":{"self":[{"href":"https:\/\/www.greenpeace.org\/croatia\/wp-json\/wp\/v2\/pages\/1639","targetHints":{"allow":["GET"]}}],"collection":[{"href":"https:\/\/www.greenpeace.org\/croatia\/wp-json\/wp\/v2\/pages"}],"about":[{"href":"https:\/\/www.greenpeace.org\/croatia\/wp-json\/wp\/v2\/types\/page"}],"author":[{"embeddable":true,"href":"https:\/\/www.greenpeace.org\/croatia\/wp-json\/wp\/v2\/users\/20"}],"replies":[{"embeddable":true,"href":"https:\/\/www.greenpeace.org\/croatia\/wp-json\/wp\/v2\/comments?post=1639"}],"version-history":[{"count":10,"href":"https:\/\/www.greenpeace.org\/croatia\/wp-json\/wp\/v2\/pages\/1639\/revisions"}],"predecessor-version":[{"id":66371,"href":"https:\/\/www.greenpeace.org\/croatia\/wp-json\/wp\/v2\/pages\/1639\/revisions\/66371"}],"wp:attachment":[{"href":"https:\/\/www.greenpeace.org\/croatia\/wp-json\/wp\/v2\/media?parent=1639"}],"wp:term":[{"taxonomy":"category","embeddable":true,"href":"https:\/\/www.greenpeace.org\/croatia\/wp-json\/wp\/v2\/categories?post=1639"},{"taxonomy":"post_tag","embeddable":true,"href":"https:\/\/www.greenpeace.org\/croatia\/wp-json\/wp\/v2\/tags?post=1639"}],"curies":[{"name":"wp","href":"https:\/\/api.w.org\/{rel}","templated":true}]}}