{"id":1641,"date":"2020-01-21T14:15:28","date_gmt":"2020-01-21T12:15:28","guid":{"rendered":"https:\/\/www.greenpeace.org\/croatia\/jadranbezplastike\/"},"modified":"2025-09-23T11:45:28","modified_gmt":"2025-09-23T09:45:28","slug":"jadranbezplastike","status":"publish","type":"page","link":"https:\/\/www.greenpeace.org\/croatia\/jadranbezplastike\/","title":{"rendered":"#JadranBezPlastike"},"content":{"rendered":"\n                    <div class=\"wp-block-group is-vertical is-layout-flex wp-container-core-group-is-layout-8cf370e7 wp-block-group-is-layout-flex\">\n                    \n                                <p>Ru\u017eni prizori one\u010di\u0161\u0107enja jadranskih pla\u017ea plasti\u010dnim otpadom su postali uobi\u010dajeni \u010dak i u najza\u0161ti\u0107enijim podru\u010djima, kao \u0161to su nacionalni parkovi i parkovi prirode. Akcije \u010di\u0161\u0107enja pla\u017ea nisu dovoljne da se velike koli\u010dine plastike uklone iz okoli\u0161a, nego se problem treba hitno rje\u0161avati na izvoru.\n\n\u010cesto se za one\u010di\u0161\u0107enje na\u0161eg mora krive nemarni turisti i otpad iz Crne Gore i Albanije. Analizom prikupljenog otpada s jadranskih pla\u017ea pokazali smo da su odre\u0111ene robne marke posebno zastupljene. Zna\u010dajan dio one\u010di\u0161\u0107enja pripada robnim markama kori\u0161tenim u Hrvatskoj, suprotno uvrije\u017eenom mi\u0161ljenju da se radi isklju\u010divo o plastici iz susjednih zemalja. \n\nOsim ulaganja napora da mijenjamo navike, odgovornost moraju preuzeti korporacije koje na tr\u017ei\u0161te plasiraju ogromne koli\u010dine plasti\u010dne ambala\u017ee i vlade koje trebaju poduzeti stvarne korake za rje\u0161avanje krize one\u010di\u0161\u0107enja plastikom.\n<\/p>\n                            \n\n                    \n                    <\/div>\n                    \n    <div class=\"wp-block-query posts-list p4-query-loop is-custom-layout-list is-layout-flow wp-block-query-is-layout-flow\">\n        <div class=\"wp-block-group is-content-justification-space-between is-layout-flex wp-container-core-group-is-layout-3d213aab wp-block-group-is-layout-flex\"><h2 class=\"wp-block-heading\">Povezani \u010dlanci<\/h2>\n        <li class=\" wp-block-navigation-item see-all-link wp-block-navigation-link\"><a class=\"wp-block-navigation-item__content\"  href=\"http:\/\/www.greenpeace.org\/croatia\/news-stories\/?tag=jadranbezplastike\"><span class=\"wp-block-navigation-item__label\">See all stories<\/span><\/a><\/li>\n        \n        <\/div>\n        \n\n    <p style=\"margin-top: 24px; margin-bottom: 36px;\"><\/p>\n\n    \n\n    <ul class=\"wp-block-post-template is-layout-flow wp-block-post-template-is-layout-flow\"><li class=\"wp-block-post post-3383 post type-post status-publish format-standard has-post-thumbnail hentry category-ne-plastici category-issues tag-jadranbezplastike tag-jednokratnaplastika p4-page-type-pr\">\n            \n<div class=\"wp-block-columns is-layout-flex wp-container-core-columns-is-layout-9d6595d7 wp-block-columns-is-layout-flex\"><figure class=\"wp-block-post-featured-image\"><a href=\"https:\/\/www.greenpeace.org\/croatia\/novi-pravilnik-o-ambalazi-ne-rjesava-problem-zagadenja-plastikom\/\" target=\"_self\"  ><img loading=\"lazy\" decoding=\"async\" width=\"799\" height=\"572\" src=\"https:\/\/www.greenpeace.org\/static\/planet4-croatia-stateless\/2023\/12\/7b6e64a3-gp0stq7oo_web_size-1.jpg\" class=\"attachment-post-thumbnail size-post-thumbnail wp-post-image wp-stateless-item\" alt=\"Novi Pravilnik o ambala\u017ei ne rje\u0161ava problem zaga\u0111enja plastikom\" style=\"object-fit:cover;\" srcset=\"https:\/\/www.greenpeace.org\/static\/planet4-croatia-stateless\/2023\/12\/7b6e64a3-gp0stq7oo_web_size-1.jpg 799w, https:\/\/www.greenpeace.org\/static\/planet4-croatia-stateless\/2023\/12\/7b6e64a3-gp0stq7oo_web_size-1-300x215.jpg 300w, https:\/\/www.greenpeace.org\/static\/planet4-croatia-stateless\/2023\/12\/7b6e64a3-gp0stq7oo_web_size-1-768x550.jpg 768w, https:\/\/www.greenpeace.org\/static\/planet4-croatia-stateless\/2023\/12\/7b6e64a3-gp0stq7oo_web_size-1-475x340.jpg 475w\" sizes=\"auto, (max-width: 799px) 100vw, 799px\" data-image-size=\"post-thumbnail\" data-stateless-media-bucket=\"planet4-croatia-stateless\" data-stateless-media-name=\"2023\/12\/7b6e64a3-gp0stq7oo_web_size-1.jpg\" \/><\/a><\/figure>\n\n        <div class=\"wp-block-group is-layout-flow wp-block-group-is-layout-flow\">\n                <div class=\"wp-block-group is-layout-flex wp-block-group-is-layout-flex\"><div class=\"wp-block-post-terms\"><a href=\"https:\/\/www.greenpeace.org\/croatia\/category\/issues\/ne-plastici\/\">Ne Plastici<\/a><\/div>\n                <div class=\"taxonomy-post_tag wp-block-post-terms\"><a href=\"https:\/\/www.greenpeace.org\/croatia\/tag\/jadranbezplastike\/\" rel=\"tag\">JadranBezPlastike<\/a><span class=\"wp-block-post-terms__separator\"> <\/span><a href=\"https:\/\/www.greenpeace.org\/croatia\/tag\/jednokratnaplastika\/\" rel=\"tag\">JednokratnaPlastika<\/a><\/div>\n                \n                <\/div>\n                \n        <h3 class=\"wp-block-post-title\"><a href=\"https:\/\/www.greenpeace.org\/croatia\/novi-pravilnik-o-ambalazi-ne-rjesava-problem-zagadenja-plastikom\/\" target=\"_self\" >Novi Pravilnik o ambala\u017ei ne rje\u0161ava problem zaga\u0111enja plastikom<\/a><\/h3>\n        <div class=\"wp-block-post-excerpt\"><p class=\"wp-block-post-excerpt__excerpt\">Udruge okupljene u Platformu za borbu protiv zaga\u0111enja jednokratnom plastikom u Hrvatskoj, izra\u017eavaju ogor\u010denost sadr\u017eajem i na\u010dinom usvajanja novog Pravilnika o ambala\u017ei, ambala\u017enom otpadu, jednokratnoj plastici i ribolovnom alatu. <\/p><\/div>\n        \n        <div class=\"wp-block-group posts-list-meta is-layout-flow wp-block-group-is-layout-flow\"><span class='article-list-item-author'>Greenpeace u Hrvatskoj<\/span>\n        <div class=\"wp-block-post-date\"><time datetime=\"2023-12-01T12:16:36+02:00\">01. 12. 2023.<\/time><\/div>\n        \n        <\/div>\n        <\/div>\n        <\/div>\n\n            <\/li><li class=\"wp-block-post post-3350 post type-post status-publish format-standard has-post-thumbnail hentry category-ne-plastici category-issues tag-jednokratnaplastika tag-jadranbezplastike p4-page-type-pr\">\n            \n<div class=\"wp-block-columns is-layout-flex wp-container-core-columns-is-layout-9d6595d7 wp-block-columns-is-layout-flex\"><figure class=\"wp-block-post-featured-image\"><a href=\"https:\/\/www.greenpeace.org\/croatia\/pozari-u-industriji-plastike-slucajnost-ili-obrazac-ponasanja\/\" target=\"_self\"  ><img loading=\"lazy\" decoding=\"async\" width=\"1600\" height=\"720\" src=\"https:\/\/www.greenpeace.org\/static\/planet4-croatia-stateless\/2023\/10\/43da474d-387093557_623906069946486_7151370256242502929_n.jpg\" class=\"attachment-post-thumbnail size-post-thumbnail wp-post-image wp-stateless-item\" alt=\"Po\u017eari u industriji plastike: slu\u010dajnost ili obrazac pona\u0161anja?\" style=\"object-fit:cover;\" srcset=\"https:\/\/www.greenpeace.org\/static\/planet4-croatia-stateless\/2023\/10\/43da474d-387093557_623906069946486_7151370256242502929_n.jpg 1600w, https:\/\/www.greenpeace.org\/static\/planet4-croatia-stateless\/2023\/10\/43da474d-387093557_623906069946486_7151370256242502929_n-300x135.jpg 300w, https:\/\/www.greenpeace.org\/static\/planet4-croatia-stateless\/2023\/10\/43da474d-387093557_623906069946486_7151370256242502929_n-1024x461.jpg 1024w, https:\/\/www.greenpeace.org\/static\/planet4-croatia-stateless\/2023\/10\/43da474d-387093557_623906069946486_7151370256242502929_n-768x346.jpg 768w, https:\/\/www.greenpeace.org\/static\/planet4-croatia-stateless\/2023\/10\/43da474d-387093557_623906069946486_7151370256242502929_n-1536x691.jpg 1536w, https:\/\/www.greenpeace.org\/static\/planet4-croatia-stateless\/2023\/10\/43da474d-387093557_623906069946486_7151370256242502929_n-510x230.jpg 510w\" sizes=\"auto, (max-width: 1600px) 100vw, 1600px\" data-image-size=\"post-thumbnail\" data-stateless-media-bucket=\"planet4-croatia-stateless\" data-stateless-media-name=\"2023\/10\/43da474d-387093557_623906069946486_7151370256242502929_n.jpg\" \/><\/a><\/figure>\n\n        <div class=\"wp-block-group is-layout-flow wp-block-group-is-layout-flow\">\n                <div class=\"wp-block-group is-layout-flex wp-block-group-is-layout-flex\"><div class=\"wp-block-post-terms\"><a href=\"https:\/\/www.greenpeace.org\/croatia\/category\/issues\/ne-plastici\/\">Ne Plastici<\/a><\/div>\n                <div class=\"taxonomy-post_tag wp-block-post-terms\"><a href=\"https:\/\/www.greenpeace.org\/croatia\/tag\/jednokratnaplastika\/\" rel=\"tag\">JednokratnaPlastika<\/a><span class=\"wp-block-post-terms__separator\"> <\/span><a href=\"https:\/\/www.greenpeace.org\/croatia\/tag\/jadranbezplastike\/\" rel=\"tag\">JadranBezPlastike<\/a><\/div>\n                \n                <\/div>\n                \n        <h3 class=\"wp-block-post-title\"><a href=\"https:\/\/www.greenpeace.org\/croatia\/pozari-u-industriji-plastike-slucajnost-ili-obrazac-ponasanja\/\" target=\"_self\" >Po\u017eari u industriji plastike: slu\u010dajnost ili obrazac pona\u0161anja?<\/a><\/h3>\n        <div class=\"wp-block-post-excerpt\"><p class=\"wp-block-post-excerpt__excerpt\">Po\u017eare u postrojenjima za plastiku mo\u017eemo rije\u0161iti na izvoru, ulaganjem u sustave povratne ambala\u017ee u kojima se voda koristi za njezino pranje, a ne za ga\u0161enje toksi\u010dnih po\u017eari\u0161ta. <\/p><\/div>\n        \n        <div class=\"wp-block-group posts-list-meta is-layout-flow wp-block-group-is-layout-flow\"><span class='article-list-item-author'>Greenpeace u Hrvatskoj<\/span>\n        <div class=\"wp-block-post-date\"><time datetime=\"2023-10-12T13:10:26+02:00\">12. 10. 2023.<\/time><\/div>\n        \n        <\/div>\n        <\/div>\n        <\/div>\n\n            <\/li><li class=\"wp-block-post post-3339 post type-post status-publish format-standard has-post-thumbnail hentry category-ne-plastici category-issues tag-jadranbezplastike tag-jednokratnaplastika tag-necuvrecu p4-page-type-blog\">\n            \n<div class=\"wp-block-columns is-layout-flex wp-container-core-columns-is-layout-9d6595d7 wp-block-columns-is-layout-flex\"><figure class=\"wp-block-post-featured-image\"><a href=\"https:\/\/www.greenpeace.org\/croatia\/zasto-greenpeace-od-svjetskih-vlada-trazi-smanjenje-proizvodnje-plastike-za-barem-75-posto-do-2040\/\" target=\"_self\"  ><img loading=\"lazy\" decoding=\"async\" width=\"800\" height=\"534\" src=\"https:\/\/www.greenpeace.org\/static\/planet4-croatia-stateless\/2023\/10\/1139527d-gp0stx245_web_size.jpg\" class=\"attachment-post-thumbnail size-post-thumbnail wp-post-image wp-stateless-item\" alt=\"Za\u0161to Greenpeace od svjetskih vlada tra\u017ei smanjenje proizvodnje plastike za barem 75 posto do 2040.\" style=\"object-fit:cover;\" srcset=\"https:\/\/www.greenpeace.org\/static\/planet4-croatia-stateless\/2023\/10\/1139527d-gp0stx245_web_size.jpg 800w, https:\/\/www.greenpeace.org\/static\/planet4-croatia-stateless\/2023\/10\/1139527d-gp0stx245_web_size-300x200.jpg 300w, https:\/\/www.greenpeace.org\/static\/planet4-croatia-stateless\/2023\/10\/1139527d-gp0stx245_web_size-768x513.jpg 768w, https:\/\/www.greenpeace.org\/static\/planet4-croatia-stateless\/2023\/10\/1139527d-gp0stx245_web_size-510x340.jpg 510w\" sizes=\"auto, (max-width: 800px) 100vw, 800px\" data-image-size=\"post-thumbnail\" data-stateless-media-bucket=\"planet4-croatia-stateless\" data-stateless-media-name=\"2023\/10\/1139527d-gp0stx245_web_size.jpg\" \/><\/a><\/figure>\n\n        <div class=\"wp-block-group is-layout-flow wp-block-group-is-layout-flow\">\n                <div class=\"wp-block-group is-layout-flex wp-block-group-is-layout-flex\"><div class=\"wp-block-post-terms\"><a href=\"https:\/\/www.greenpeace.org\/croatia\/category\/issues\/ne-plastici\/\">Ne Plastici<\/a><\/div>\n                <div class=\"taxonomy-post_tag wp-block-post-terms\"><a href=\"https:\/\/www.greenpeace.org\/croatia\/tag\/jadranbezplastike\/\" rel=\"tag\">JadranBezPlastike<\/a><span class=\"wp-block-post-terms__separator\"> <\/span><a href=\"https:\/\/www.greenpeace.org\/croatia\/tag\/jednokratnaplastika\/\" rel=\"tag\">JednokratnaPlastika<\/a><span class=\"wp-block-post-terms__separator\"> <\/span><a href=\"https:\/\/www.greenpeace.org\/croatia\/tag\/necuvrecu\/\" rel=\"tag\">Ne\u0107uVre\u0107u<\/a><\/div>\n                \n                <\/div>\n                \n        <h3 class=\"wp-block-post-title\"><a href=\"https:\/\/www.greenpeace.org\/croatia\/zasto-greenpeace-od-svjetskih-vlada-trazi-smanjenje-proizvodnje-plastike-za-barem-75-posto-do-2040\/\" target=\"_self\" >Za\u0161to Greenpeace od svjetskih vlada tra\u017ei smanjenje proizvodnje plastike za barem 75 posto do 2040.<\/a><\/h3>\n        <div class=\"wp-block-post-excerpt\"><p class=\"wp-block-post-excerpt__excerpt\">Promotrimo li plasti\u010dnu krizu kroz prizmu klime, najbolji dostupni matemati\u010dki modeli pokazuju da proizvodnju plastike treba srezati za 75% do 2050. \u017eelimo li globalno zagrijavanje zadr\u017eati ispod 1,5 \u00b0C i time sprije\u010diti najgore posljedice brzog zagrijavanja planeta. <\/p><\/div>\n        \n        <div class=\"wp-block-group posts-list-meta is-layout-flow wp-block-group-is-layout-flow\"><span class='article-list-item-author'>Graham Forbes<\/span>\n        <div class=\"wp-block-post-date\"><time datetime=\"2023-10-10T15:18:55+02:00\">10. 10. 2023.<\/time><\/div>\n        \n        <\/div>\n        <\/div>\n        <\/div>\n\n            <\/li><\/ul>\n\n    \n<div class=\"wp-block-buttons carousel-controls is-horizontal is-content-justification-space-between is-nowrap is-layout-flex wp-container-core-buttons-is-layout-044bd602 wp-block-buttons-is-layout-flex\">\n            <div class=\"wp-block-button carousel-control-prev\"><button type=\"button\" class=\"wp-block-button__link wp-element-button\">Prev<\/button><\/div>\n        \n\n            <div class=\"wp-block-button carousel-control-next\"><button type=\"button\" class=\"wp-block-button__link wp-element-button\">Next<\/button><\/div>\n        <\/div>\n\n\n    <li class=\" wp-block-navigation-item see-all-link wp-block-navigation-link\"><a class=\"wp-block-navigation-item__content\"  href=\"http:\/\/www.greenpeace.org\/croatia\/news-stories\/?tag=jadranbezplastike\"><span class=\"wp-block-navigation-item__label\">See all stories<\/span><\/a><\/li><\/div>\n    \n    <div class=\"wp-block-query posts-list p4-query-loop is-custom-layout-grid is-layout-grid wp-container-core-query-is-layout-b8bb0bd1 wp-block-query-is-layout-grid\">\n        <div class=\"wp-block-group is-content-justification-space-between is-layout-flex wp-container-core-group-is-layout-3d213aab wp-block-group-is-layout-flex\"><h2 class=\"wp-block-heading\">Publications<\/h2>\n        <li class=\" wp-block-navigation-item see-all-link wp-block-navigation-link\"><a class=\"wp-block-navigation-item__content\"  href=\"http:\/\/www.greenpeace.org\/croatia\/news-stories\/?tag=jadranbezplastike&#038;post-type=\"><span class=\"wp-block-navigation-item__label\">See all stories<\/span><\/a><\/li>\n        \n        <\/div>\n        \n\n    <p style=\"margin-top: 24px; margin-bottom: 36px;\"><\/p>\n\n    <div class=\"wp-block-query-no-results\">\n        <p style=\"\">No posts found.<\/p>\n        <\/div>\n\n    \n\n    \n<div class=\"wp-block-buttons carousel-controls is-horizontal is-content-justification-space-between is-nowrap is-layout-flex wp-container-core-buttons-is-layout-044bd602 wp-block-buttons-is-layout-flex\">\n            <div class=\"wp-block-button carousel-control-prev\"><button type=\"button\" class=\"wp-block-button__link wp-element-button\">Prev<\/button><\/div>\n        \n\n            <div class=\"wp-block-button carousel-control-next\"><button type=\"button\" class=\"wp-block-button__link wp-element-button\">Next<\/button><\/div>\n        <\/div>\n\n\n    <li class=\" wp-block-navigation-item see-all-link wp-block-navigation-link\"><a class=\"wp-block-navigation-item__content\"  href=\"http:\/\/www.greenpeace.org\/croatia\/news-stories\/?tag=jadranbezplastike&#038;post-type=\"><span class=\"wp-block-navigation-item__label\">See all stories<\/span><\/a><\/li><\/div>\n    <div data-render=\"planet4-blocks\/happypoint\" data-attributes=\"{&quot;attributes&quot;:{&quot;override_default_content&quot;:true,&quot;local_content_provider&quot;:&quot;embed_code&quot;,&quot;opacity&quot;:30}}\"><\/div>","protected":false},"excerpt":{"rendered":"<p>Ru\u017eni prizori one\u010di\u0161\u0107enja jadranskih pla\u017ea plasti\u010dnim otpadom su postali uobi\u010dajeni \u010dak i u najza\u0161ti\u0107enijim podru\u010djima, kao \u0161to su nacionalni parkovi i parkovi prirode. Akcije \u010di\u0161\u0107enja pla\u017ea nisu dovoljne da se velike koli\u010dine plastike uklone iz okoli\u0161a, nego se problem treba hitno rje\u0161avati na izvoru. \u010cesto se za one\u010di\u0161\u0107enje na\u0161eg mora krive nemarni turisti i otpad [&hellip;]<\/p>\n","protected":false},"author":20,"featured_media":0,"parent":0,"menu_order":0,"comment_status":"closed","ping_status":"closed","template":"","meta":{"ep_exclude_from_search":false,"p4_hide_page_title_checkbox":"","p4_title":"","p4_subtitle":"","p4_description":"","background_image_id":"","background_image":"","p4_button_title":"","p4_button_link":"","p4_button_link_checkbox":"","p4_og_title":"","p4_og_description":"","p4_og_image":"","p4_og_image_id":"","p4_seo_canonical_url":"","p4_campaign_name":"","p4_local_project":"","p4_basket_name":"","p4_department":"","footnotes":""},"categories":[],"tags":[],"class_list":["post-1641","page","type-page","status-publish","hentry"],"_links":{"self":[{"href":"https:\/\/www.greenpeace.org\/croatia\/wp-json\/wp\/v2\/pages\/1641","targetHints":{"allow":["GET"]}}],"collection":[{"href":"https:\/\/www.greenpeace.org\/croatia\/wp-json\/wp\/v2\/pages"}],"about":[{"href":"https:\/\/www.greenpeace.org\/croatia\/wp-json\/wp\/v2\/types\/page"}],"author":[{"embeddable":true,"href":"https:\/\/www.greenpeace.org\/croatia\/wp-json\/wp\/v2\/users\/20"}],"replies":[{"embeddable":true,"href":"https:\/\/www.greenpeace.org\/croatia\/wp-json\/wp\/v2\/comments?post=1641"}],"version-history":[{"count":10,"href":"https:\/\/www.greenpeace.org\/croatia\/wp-json\/wp\/v2\/pages\/1641\/revisions"}],"predecessor-version":[{"id":66369,"href":"https:\/\/www.greenpeace.org\/croatia\/wp-json\/wp\/v2\/pages\/1641\/revisions\/66369"}],"wp:attachment":[{"href":"https:\/\/www.greenpeace.org\/croatia\/wp-json\/wp\/v2\/media?parent=1641"}],"wp:term":[{"taxonomy":"category","embeddable":true,"href":"https:\/\/www.greenpeace.org\/croatia\/wp-json\/wp\/v2\/categories?post=1641"},{"taxonomy":"post_tag","embeddable":true,"href":"https:\/\/www.greenpeace.org\/croatia\/wp-json\/wp\/v2\/tags?post=1641"}],"curies":[{"name":"wp","href":"https:\/\/api.w.org\/{rel}","templated":true}]}}