{"id":1642,"date":"2020-01-21T14:15:34","date_gmt":"2020-01-21T12:15:34","guid":{"rendered":"https:\/\/www.greenpeace.org\/croatia\/klimatskepromjene\/"},"modified":"2025-09-23T11:45:26","modified_gmt":"2025-09-23T09:45:26","slug":"klimatskepromjene","status":"publish","type":"page","link":"https:\/\/www.greenpeace.org\/croatia\/klimatskepromjene\/","title":{"rendered":"#KlimatskePromjene"},"content":{"rendered":"\n                    <div class=\"wp-block-group is-vertical is-layout-flex wp-container-core-group-is-layout-8cf370e7 wp-block-group-is-layout-flex\">\n                    \n                                <p>Da bi sa\u010duvali \u017eivot na Zemlji, treba nam stabilna klima. Ne bude li stabilna, sve \u010de\u0161\u0107e vremenske kataklizme uni\u0161tit \u0107e na\u0161e zajednice i ekosustave. \r\n\r\nEkstremne vremenske neprilike, dizanje razine mora i su\u0161e simptomi su uru\u0161avanja svjetske klime. A mi se sad nalazimo na raskr\u0161\u0107u. Budemo li djelovali odmah kao globalna zajednica svih ljudi da zadr\u017eimo rast temperature ispod kriti\u010dne razine koja bi izazvala katastrofu, onda jo\u0161 imamo priliku vratiti stabilnost svojoj osjetljivoj klimi. Mi kao gra\u0111ani, potro\u0161a\u010di i dr\u017eave mo\u017eemo izabrati \u010distu energiju, za\u0161titu \u0161uma i ekolo\u0161ku poljoprivredu i time drasti\u010dno smanjiti klimatsko one\u010di\u0161\u0107enje. \r\n\r\nZajedno mo\u017eemo izlije\u010diti klimu i usput izgraditi sigurniji, zeleniji i pravedniji svijet!<\/p>\n                            \n\n                    \n                    <\/div>\n                    \n    <div class=\"wp-block-query posts-list p4-query-loop is-custom-layout-list is-layout-flow wp-block-query-is-layout-flow\">\n        <div class=\"wp-block-group is-content-justification-space-between is-layout-flex wp-container-core-group-is-layout-3d213aab wp-block-group-is-layout-flex\"><h2 class=\"wp-block-heading\">Povezani \u010dlanci<\/h2>\n        <li class=\" wp-block-navigation-item see-all-link wp-block-navigation-link\"><a class=\"wp-block-navigation-item__content\"  href=\"http:\/\/www.greenpeace.org\/croatia\/news-stories\/\"><span class=\"wp-block-navigation-item__label\">See all stories<\/span><\/a><\/li>\n        \n        <\/div>\n        \n\n    <p style=\"margin-top: 24px; margin-bottom: 36px;\"><\/p>\n\n    \n\n    <ul class=\"wp-block-post-template is-layout-flow wp-block-post-template-is-layout-flow\"><li class=\"wp-block-post post-66614 post type-post status-publish format-standard has-post-thumbnail hentry category-klima-i-energija tag-obnovljiviizvori tag-klimatskepromjene tag-fosilnagoriva p4-page-type-pr\">\n            \n<div class=\"wp-block-columns is-layout-flex wp-container-core-columns-is-layout-9d6595d7 wp-block-columns-is-layout-flex\"><figure class=\"wp-block-post-featured-image\"><a href=\"https:\/\/www.greenpeace.org\/croatia\/greenpeace-potrebno-je-ulagati-u-domace-obnovljive-izvore-napokon-je-to-shvatio-i-plenkovic\/\" target=\"_self\"  ><img loading=\"lazy\" decoding=\"async\" width=\"2560\" height=\"1440\" src=\"https:\/\/www.greenpeace.org\/static\/planet4-croatia-stateless\/2026\/04\/d45ee577-greenpeace_bojanharonmarkicevic-3-scaled.jpg\" class=\"attachment-post-thumbnail size-post-thumbnail wp-post-image wp-stateless-item\" alt=\"GREENPEACE: Potrebno je ulagati u doma\u0107e obnovljive izvore, napokon je to shvatio i Plenkovi\u0107\" style=\"object-fit:cover;\" srcset=\"https:\/\/www.greenpeace.org\/static\/planet4-croatia-stateless\/2026\/04\/d45ee577-greenpeace_bojanharonmarkicevic-3-scaled.jpg 2560w, https:\/\/www.greenpeace.org\/static\/planet4-croatia-stateless\/2026\/04\/d45ee577-greenpeace_bojanharonmarkicevic-3-300x169.jpg 300w, https:\/\/www.greenpeace.org\/static\/planet4-croatia-stateless\/2026\/04\/d45ee577-greenpeace_bojanharonmarkicevic-3-1024x576.jpg 1024w, https:\/\/www.greenpeace.org\/static\/planet4-croatia-stateless\/2026\/04\/d45ee577-greenpeace_bojanharonmarkicevic-3-768x432.jpg 768w, https:\/\/www.greenpeace.org\/static\/planet4-croatia-stateless\/2026\/04\/d45ee577-greenpeace_bojanharonmarkicevic-3-1536x864.jpg 1536w, https:\/\/www.greenpeace.org\/static\/planet4-croatia-stateless\/2026\/04\/d45ee577-greenpeace_bojanharonmarkicevic-3-2048x1152.jpg 2048w, https:\/\/www.greenpeace.org\/static\/planet4-croatia-stateless\/2026\/04\/d45ee577-greenpeace_bojanharonmarkicevic-3-510x287.jpg 510w\" sizes=\"auto, (max-width: 2560px) 100vw, 2560px\" data-image-size=\"post-thumbnail\" data-stateless-media-bucket=\"planet4-croatia-stateless\" data-stateless-media-name=\"2026\/04\/d45ee577-greenpeace_bojanharonmarkicevic-3-scaled.jpg\" \/><\/a><\/figure>\n\n        <div class=\"wp-block-group is-layout-flow wp-block-group-is-layout-flow\">\n                <div class=\"wp-block-group is-layout-flex wp-block-group-is-layout-flex\"><div class=\"wp-block-post-terms\"><a href=\"https:\/\/www.greenpeace.org\/croatia\/category\/issues\/klima-i-energija\/\">Klima i energija<\/a><\/div>\n                <div class=\"taxonomy-post_tag wp-block-post-terms\"><a href=\"https:\/\/www.greenpeace.org\/croatia\/tag\/obnovljiviizvori\/\" rel=\"tag\">ObnovljiviIzvori<\/a><span class=\"wp-block-post-terms__separator\"> <\/span><a href=\"https:\/\/www.greenpeace.org\/croatia\/tag\/klimatskepromjene\/\" rel=\"tag\">KlimatskePromjene<\/a><span class=\"wp-block-post-terms__separator\"> <\/span><a href=\"https:\/\/www.greenpeace.org\/croatia\/tag\/fosilnagoriva\/\" rel=\"tag\">FosilnaGoriva<\/a><\/div>\n                \n                <\/div>\n                \n        <h3 class=\"wp-block-post-title\"><a href=\"https:\/\/www.greenpeace.org\/croatia\/greenpeace-potrebno-je-ulagati-u-domace-obnovljive-izvore-napokon-je-to-shvatio-i-plenkovic\/\" target=\"_self\" >GREENPEACE: Potrebno je ulagati u doma\u0107e obnovljive izvore, napokon je to shvatio i Plenkovi\u0107<\/a><\/h3>\n        <div class=\"wp-block-post-excerpt\"><p class=\"wp-block-post-excerpt__excerpt\">Zagreb, 24. travnja 2026. \u2013 Greenpeace je u petak sa sredi\u0161njeg zagreba\u010dkog Trga poru\u010dio da je doma\u0107a solarna energija najjeftiniji i najsigurniji na\u010din za obuzdavanje rasta cijena. <\/p><\/div>\n        \n        <div class=\"wp-block-group posts-list-meta is-layout-flow wp-block-group-is-layout-flow\"><span class='article-list-item-author'>Greenpeace HR<\/span>\n        <div class=\"wp-block-post-date\"><time datetime=\"2026-04-24T12:56:57+02:00\">24. 04. 2026.<\/time><\/div>\n        \n        <\/div>\n        <\/div>\n        <\/div>\n\n            <\/li><li class=\"wp-block-post post-66604 post type-post status-publish format-standard has-post-thumbnail hentry category-klima-i-energija tag-obnovljiviizvori tag-klimatskepromjene tag-fosilnagoriva tag-fosilniplin p4-page-type-pr\">\n            \n<div class=\"wp-block-columns is-layout-flex wp-container-core-columns-is-layout-9d6595d7 wp-block-columns-is-layout-flex\"><figure class=\"wp-block-post-featured-image\"><a href=\"https:\/\/www.greenpeace.org\/croatia\/greenpeace-razotkriva-da-plinska-industrija-rasipa-energiju-krseci-zabranu-eu-a\/\" target=\"_self\"  ><img loading=\"lazy\" decoding=\"async\" width=\"2500\" height=\"1793\" src=\"https:\/\/www.greenpeace.org\/static\/planet4-croatia-stateless\/2026\/04\/c862ce5f-spaljivanje-metana-u-dugom-selu-greenpeace-4.jpg\" class=\"attachment-post-thumbnail size-post-thumbnail wp-post-image wp-stateless-item\" alt=\"Greenpeace razotkriva da plinska industrija rasipa energiju kr\u0161e\u0107i zabranu EU-a\" style=\"object-fit:cover;\" srcset=\"https:\/\/www.greenpeace.org\/static\/planet4-croatia-stateless\/2026\/04\/c862ce5f-spaljivanje-metana-u-dugom-selu-greenpeace-4.jpg 2500w, https:\/\/www.greenpeace.org\/static\/planet4-croatia-stateless\/2026\/04\/c862ce5f-spaljivanje-metana-u-dugom-selu-greenpeace-4-300x215.jpg 300w, https:\/\/www.greenpeace.org\/static\/planet4-croatia-stateless\/2026\/04\/c862ce5f-spaljivanje-metana-u-dugom-selu-greenpeace-4-1024x734.jpg 1024w, https:\/\/www.greenpeace.org\/static\/planet4-croatia-stateless\/2026\/04\/c862ce5f-spaljivanje-metana-u-dugom-selu-greenpeace-4-768x551.jpg 768w, https:\/\/www.greenpeace.org\/static\/planet4-croatia-stateless\/2026\/04\/c862ce5f-spaljivanje-metana-u-dugom-selu-greenpeace-4-1536x1102.jpg 1536w, https:\/\/www.greenpeace.org\/static\/planet4-croatia-stateless\/2026\/04\/c862ce5f-spaljivanje-metana-u-dugom-selu-greenpeace-4-2048x1469.jpg 2048w, https:\/\/www.greenpeace.org\/static\/planet4-croatia-stateless\/2026\/04\/c862ce5f-spaljivanje-metana-u-dugom-selu-greenpeace-4-1905x1366.jpg 1905w, https:\/\/www.greenpeace.org\/static\/planet4-croatia-stateless\/2026\/04\/c862ce5f-spaljivanje-metana-u-dugom-selu-greenpeace-4-474x340.jpg 474w\" sizes=\"auto, (max-width: 2500px) 100vw, 2500px\" data-image-size=\"post-thumbnail\" data-stateless-media-bucket=\"planet4-croatia-stateless\" data-stateless-media-name=\"2026\/04\/c862ce5f-spaljivanje-metana-u-dugom-selu-greenpeace-4.jpg\" \/><\/a><\/figure>\n\n        <div class=\"wp-block-group is-layout-flow wp-block-group-is-layout-flow\">\n                <div class=\"wp-block-group is-layout-flex wp-block-group-is-layout-flex\"><div class=\"wp-block-post-terms\"><a href=\"https:\/\/www.greenpeace.org\/croatia\/category\/issues\/klima-i-energija\/\">Klima i energija<\/a><\/div>\n                <div class=\"taxonomy-post_tag wp-block-post-terms\"><a href=\"https:\/\/www.greenpeace.org\/croatia\/tag\/obnovljiviizvori\/\" rel=\"tag\">ObnovljiviIzvori<\/a><span class=\"wp-block-post-terms__separator\"> <\/span><a href=\"https:\/\/www.greenpeace.org\/croatia\/tag\/klimatskepromjene\/\" rel=\"tag\">KlimatskePromjene<\/a><span class=\"wp-block-post-terms__separator\"> <\/span><a href=\"https:\/\/www.greenpeace.org\/croatia\/tag\/fosilnagoriva\/\" rel=\"tag\">FosilnaGoriva<\/a><span class=\"wp-block-post-terms__separator\"> <\/span><a href=\"https:\/\/www.greenpeace.org\/croatia\/tag\/fosilniplin\/\" rel=\"tag\">FosilniPlin<\/a><\/div>\n                \n                <\/div>\n                \n        <h3 class=\"wp-block-post-title\"><a href=\"https:\/\/www.greenpeace.org\/croatia\/greenpeace-razotkriva-da-plinska-industrija-rasipa-energiju-krseci-zabranu-eu-a\/\" target=\"_self\" >Greenpeace razotkriva da plinska industrija rasipa energiju kr\u0161e\u0107i zabranu EU-a<\/a><\/h3>\n        <div class=\"wp-block-post-excerpt\"><p class=\"wp-block-post-excerpt__excerpt\">Istra\u017eivanje Greenpeacea Hrvatske i Greenpeacea Ma\u0111arske otkriva da pojedina postrojenja za fosilni plin i naftu spaljuju velike koli\u010dine metana \u010dime izgledno kr\u0161e Uredbu EU o metanu koja zabranjuje rutinsko spaljivanje na baklji od 5. velja\u010de 2026. <\/p><\/div>\n        \n        <div class=\"wp-block-group posts-list-meta is-layout-flow wp-block-group-is-layout-flow\"><span class='article-list-item-author'>Greenpeace HR<\/span>\n        <div class=\"wp-block-post-date\"><time datetime=\"2026-04-07T10:09:30+02:00\">07. 04. 2026.<\/time><\/div>\n        \n        <\/div>\n        <\/div>\n        <\/div>\n\n            <\/li><li class=\"wp-block-post post-66593 post type-post status-publish format-standard has-post-thumbnail hentry category-klima-i-energija category-uncategorized p4-page-type-pr\">\n            \n<div class=\"wp-block-columns is-layout-flex wp-container-core-columns-is-layout-9d6595d7 wp-block-columns-is-layout-flex\"><figure class=\"wp-block-post-featured-image\"><a href=\"https:\/\/www.greenpeace.org\/croatia\/greenpeace-preuredio-sjediste-eu-a-u-trumpov-toranj\/\" target=\"_self\"  ><img loading=\"lazy\" decoding=\"async\" width=\"1200\" height=\"901\" src=\"https:\/\/www.greenpeace.org\/static\/planet4-croatia-stateless\/2026\/03\/adf3fee8-greenpeace_tim-dirven-1.jpg\" class=\"attachment-post-thumbnail size-post-thumbnail wp-post-image wp-stateless-item\" alt=\"Greenpeace preuredio sjedi\u0161te EU-a u Trumpov toranj\" style=\"object-fit:cover;\" srcset=\"https:\/\/www.greenpeace.org\/static\/planet4-croatia-stateless\/2026\/03\/adf3fee8-greenpeace_tim-dirven-1.jpg 1200w, https:\/\/www.greenpeace.org\/static\/planet4-croatia-stateless\/2026\/03\/adf3fee8-greenpeace_tim-dirven-1-300x225.jpg 300w, https:\/\/www.greenpeace.org\/static\/planet4-croatia-stateless\/2026\/03\/adf3fee8-greenpeace_tim-dirven-1-1024x769.jpg 1024w, https:\/\/www.greenpeace.org\/static\/planet4-croatia-stateless\/2026\/03\/adf3fee8-greenpeace_tim-dirven-1-768x577.jpg 768w, https:\/\/www.greenpeace.org\/static\/planet4-croatia-stateless\/2026\/03\/adf3fee8-greenpeace_tim-dirven-1-453x340.jpg 453w\" sizes=\"auto, (max-width: 1200px) 100vw, 1200px\" data-image-size=\"post-thumbnail\" data-stateless-media-bucket=\"planet4-croatia-stateless\" data-stateless-media-name=\"2026\/03\/adf3fee8-greenpeace_tim-dirven-1.jpg\" \/><\/a><\/figure>\n\n        <div class=\"wp-block-group is-layout-flow wp-block-group-is-layout-flow\">\n                <div class=\"wp-block-group is-layout-flex wp-block-group-is-layout-flex\"><div class=\"wp-block-post-terms\"><a href=\"https:\/\/www.greenpeace.org\/croatia\/category\/issues\/klima-i-energija\/\">Klima i energija<\/a><\/div>\n                \n                \n                <\/div>\n                \n        <h3 class=\"wp-block-post-title\"><a href=\"https:\/\/www.greenpeace.org\/croatia\/greenpeace-preuredio-sjediste-eu-a-u-trumpov-toranj\/\" target=\"_self\" >Greenpeace preuredio sjedi\u0161te EU-a u Trumpov toranj<\/a><\/h3>\n        <div class=\"wp-block-post-excerpt\"><p class=\"wp-block-post-excerpt__excerpt\">Aktivisti belgijskog Greenpeacea projicirali su zlatnu fasadu uz natpis \u201cTRUMPOV TORANJ\u201d na sjedi\u0161te Europske komisije u Bruxellesu, pretvoriv\u0161i je tako u svojevrsnu repliku Trumpovih nebodera, uz poruku Greenpeacea vodstvu EU-a koje se danas sastaje da prestanu popu\u0161tati njegovim zahtjevima. <\/p><\/div>\n        \n        <div class=\"wp-block-group posts-list-meta is-layout-flow wp-block-group-is-layout-flow\"><span class='article-list-item-author'>Greenpeace EU<\/span>\n        <div class=\"wp-block-post-date\"><time datetime=\"2026-03-19T10:23:34+02:00\">19. 03. 2026.<\/time><\/div>\n        \n        <\/div>\n        <\/div>\n        <\/div>\n\n            <\/li><\/ul>\n\n    \n<div class=\"wp-block-buttons carousel-controls is-horizontal is-content-justification-space-between is-nowrap is-layout-flex wp-container-core-buttons-is-layout-044bd602 wp-block-buttons-is-layout-flex\">\n            <div class=\"wp-block-button carousel-control-prev\"><button type=\"button\" class=\"wp-block-button__link wp-element-button\">Prev<\/button><\/div>\n        \n\n            <div class=\"wp-block-button carousel-control-next\"><button type=\"button\" class=\"wp-block-button__link wp-element-button\">Next<\/button><\/div>\n        <\/div>\n\n\n    <li class=\" wp-block-navigation-item see-all-link wp-block-navigation-link\"><a class=\"wp-block-navigation-item__content\"  href=\"http:\/\/www.greenpeace.org\/croatia\/news-stories\/\"><span class=\"wp-block-navigation-item__label\">See all stories<\/span><\/a><\/li><\/div>\n    <div data-render=\"planet4-blocks\/happypoint\" data-attributes=\"{&quot;attributes&quot;:{&quot;override_default_content&quot;:true,&quot;local_content_provider&quot;:&quot;embed_code&quot;,&quot;opacity&quot;:30}}\"><\/div>","protected":false},"excerpt":{"rendered":"<p>Da bi sa\u010duvali \u017eivot na Zemlji, treba nam stabilna klima. Ne bude li stabilna, sve \u010de\u0161\u0107e vremenske kataklizme uni\u0161tit \u0107e na\u0161e zajednice i ekosustave. Ekstremne vremenske neprilike, dizanje razine mora i su\u0161e simptomi su uru\u0161avanja svjetske klime. A mi se sad nalazimo na raskr\u0161\u0107u. Budemo li djelovali odmah kao globalna zajednica svih ljudi da zadr\u017eimo [&hellip;]<\/p>\n","protected":false},"author":20,"featured_media":0,"parent":0,"menu_order":0,"comment_status":"closed","ping_status":"closed","template":"","meta":{"ep_exclude_from_search":false,"p4_hide_page_title_checkbox":"","p4_title":"","p4_subtitle":"","p4_description":"","background_image_id":"","background_image":"","p4_button_title":"","p4_button_link":"","p4_button_link_checkbox":"","p4_og_title":"","p4_og_description":"","p4_og_image":"","p4_og_image_id":"","p4_seo_canonical_url":"","p4_campaign_name":"not set","p4_local_project":"not set","p4_basket_name":"not set","p4_department":"","footnotes":""},"categories":[],"tags":[],"class_list":["post-1642","page","type-page","status-publish","hentry"],"_links":{"self":[{"href":"https:\/\/www.greenpeace.org\/croatia\/wp-json\/wp\/v2\/pages\/1642","targetHints":{"allow":["GET"]}}],"collection":[{"href":"https:\/\/www.greenpeace.org\/croatia\/wp-json\/wp\/v2\/pages"}],"about":[{"href":"https:\/\/www.greenpeace.org\/croatia\/wp-json\/wp\/v2\/types\/page"}],"author":[{"embeddable":true,"href":"https:\/\/www.greenpeace.org\/croatia\/wp-json\/wp\/v2\/users\/20"}],"replies":[{"embeddable":true,"href":"https:\/\/www.greenpeace.org\/croatia\/wp-json\/wp\/v2\/comments?post=1642"}],"version-history":[{"count":9,"href":"https:\/\/www.greenpeace.org\/croatia\/wp-json\/wp\/v2\/pages\/1642\/revisions"}],"predecessor-version":[{"id":66368,"href":"https:\/\/www.greenpeace.org\/croatia\/wp-json\/wp\/v2\/pages\/1642\/revisions\/66368"}],"wp:attachment":[{"href":"https:\/\/www.greenpeace.org\/croatia\/wp-json\/wp\/v2\/media?parent=1642"}],"wp:term":[{"taxonomy":"category","embeddable":true,"href":"https:\/\/www.greenpeace.org\/croatia\/wp-json\/wp\/v2\/categories?post=1642"},{"taxonomy":"post_tag","embeddable":true,"href":"https:\/\/www.greenpeace.org\/croatia\/wp-json\/wp\/v2\/tags?post=1642"}],"curies":[{"name":"wp","href":"https:\/\/api.w.org\/{rel}","templated":true}]}}