{"id":1904,"date":"2020-06-09T11:34:58","date_gmt":"2020-06-09T09:34:58","guid":{"rendered":"https:\/\/www.greenpeace.org\/croatia\/zelenioporavak\/"},"modified":"2025-09-23T11:45:21","modified_gmt":"2025-09-23T09:45:21","slug":"zelenioporavak","status":"publish","type":"page","link":"https:\/\/www.greenpeace.org\/croatia\/zelenioporavak\/","title":{"rendered":"#ZeleniOporavak"},"content":{"rendered":"\n    <div class=\"wp-block-query posts-list p4-query-loop is-custom-layout-list is-layout-flow wp-block-query-is-layout-flow\">\n        <div class=\"wp-block-group is-content-justification-space-between is-layout-flex wp-container-core-group-is-layout-3d213aab wp-block-group-is-layout-flex\"><h2 class=\"wp-block-heading\">Povezani \u010dlanci<\/h2>\n        <li class=\" wp-block-navigation-item see-all-link wp-block-navigation-link\"><a class=\"wp-block-navigation-item__content\"  href=\"http:\/\/www.greenpeace.org\/croatia\/news-stories\/?tag=zelenioporavak\"><span class=\"wp-block-navigation-item__label\">See all stories<\/span><\/a><\/li>\n        \n        <\/div>\n        \n\n    <p style=\"margin-top: 24px; margin-bottom: 36px;\"><\/p>\n\n    \n\n    <ul class=\"wp-block-post-template is-layout-flow wp-block-post-template-is-layout-flow\"><li class=\"wp-block-post post-2108 post type-post status-publish format-standard has-post-thumbnail hentry category-uncategorized tag-obnovljiviizvori tag-zelenioporavak p4-page-type-pr\">\n            \n<div class=\"wp-block-columns is-layout-flex wp-container-core-columns-is-layout-9d6595d7 wp-block-columns-is-layout-flex\"><figure class=\"wp-block-post-featured-image\"><a href=\"https:\/\/www.greenpeace.org\/croatia\/obnova-mora-biti-dugorocno-odrziva-zelena-i-po-mjeri-ljudi\/\" target=\"_self\"  ><img loading=\"lazy\" decoding=\"async\" width=\"2000\" height=\"1333\" src=\"https:\/\/www.greenpeace.org\/static\/planet4-croatia-stateless\/2021\/01\/7a9fff3e-img_7747.jpg\" class=\"attachment-post-thumbnail size-post-thumbnail wp-post-image wp-stateless-item\" alt=\"Obnova mora biti dugoro\u010dno odr\u017eiva, zelena i po mjeri ljudi\" style=\"object-fit:cover;\" srcset=\"https:\/\/www.greenpeace.org\/static\/planet4-croatia-stateless\/2021\/01\/7a9fff3e-img_7747.jpg 2000w, https:\/\/www.greenpeace.org\/static\/planet4-croatia-stateless\/2021\/01\/7a9fff3e-img_7747-300x200.jpg 300w, https:\/\/www.greenpeace.org\/static\/planet4-croatia-stateless\/2021\/01\/7a9fff3e-img_7747-1024x682.jpg 1024w, https:\/\/www.greenpeace.org\/static\/planet4-croatia-stateless\/2021\/01\/7a9fff3e-img_7747-768x512.jpg 768w, https:\/\/www.greenpeace.org\/static\/planet4-croatia-stateless\/2021\/01\/7a9fff3e-img_7747-1536x1024.jpg 1536w, https:\/\/www.greenpeace.org\/static\/planet4-croatia-stateless\/2021\/01\/7a9fff3e-img_7747-510x340.jpg 510w\" sizes=\"auto, (max-width: 2000px) 100vw, 2000px\" data-image-size=\"post-thumbnail\" data-stateless-media-bucket=\"planet4-croatia-stateless\" data-stateless-media-name=\"2021\/01\/7a9fff3e-img_7747.jpg\" \/><\/a><\/figure>\n\n        <div class=\"wp-block-group is-layout-flow wp-block-group-is-layout-flow\">\n                <div class=\"wp-block-group is-layout-flex wp-block-group-is-layout-flex\"><div class=\"wp-block-post-terms\"><a href=\"https:\/\/www.greenpeace.org\/croatia\/category\/uncategorized\/\">Nesvrstano<\/a><\/div>\n                <div class=\"taxonomy-post_tag wp-block-post-terms\"><a href=\"https:\/\/www.greenpeace.org\/croatia\/tag\/obnovljiviizvori\/\" rel=\"tag\">ObnovljiviIzvori<\/a><span class=\"wp-block-post-terms__separator\"> <\/span><a href=\"https:\/\/www.greenpeace.org\/croatia\/tag\/zelenioporavak\/\" rel=\"tag\">ZeleniOporavak<\/a><\/div>\n                \n                <\/div>\n                \n        <h3 class=\"wp-block-post-title\"><a href=\"https:\/\/www.greenpeace.org\/croatia\/obnova-mora-biti-dugorocno-odrziva-zelena-i-po-mjeri-ljudi\/\" target=\"_self\" >Obnova mora biti dugoro\u010dno odr\u017eiva, zelena i po mjeri ljudi<\/a><\/h3>\n        <div class=\"wp-block-post-excerpt\"><p class=\"wp-block-post-excerpt__excerpt\">Devedeset organizacija civilnog dru\u0161tva, tvrtki, znanstvenih institucija i inicijativa upu\u0107uje apel za zelenu obnovu u Sisa\u010dko-moslava\u010dkoj \u017eupaniji Vladi RH, nacionalnom Sto\u017eeru civilne za\u0161tite i svim odgovornim tijelima.\u00a0 <\/p><\/div>\n        \n        <div class=\"wp-block-group posts-list-meta is-layout-flow wp-block-group-is-layout-flow\"><span class='article-list-item-author'>Greenpeace u Hrvatskoj<\/span>\n        <div class=\"wp-block-post-date\"><time datetime=\"2021-01-27T12:41:53+02:00\">27. 01. 2021.<\/time><\/div>\n        \n        <\/div>\n        <\/div>\n        <\/div>\n\n            <\/li><li class=\"wp-block-post post-2002 post type-post status-publish format-standard has-post-thumbnail hentry category-klima-i-energija tag-obnovljiviizvori tag-klimatskepromjene tag-fosilnagoriva tag-koronavirus tag-zelenioporavak p4-page-type-pr\">\n            \n<div class=\"wp-block-columns is-layout-flex wp-container-core-columns-is-layout-9d6595d7 wp-block-columns-is-layout-flex\"><figure class=\"wp-block-post-featured-image\"><a href=\"https:\/\/www.greenpeace.org\/croatia\/vlada-rh-mora-prioritizirati-zeleni-i-pravedni-oporavak\/\" target=\"_self\"  ><img loading=\"lazy\" decoding=\"async\" width=\"2141\" height=\"1266\" src=\"https:\/\/www.greenpeace.org\/static\/planet4-croatia-stateless\/2020\/10\/b5d7a38a-img_5708-crop.jpg\" class=\"attachment-post-thumbnail size-post-thumbnail wp-post-image wp-stateless-item\" alt=\"Vlada RH mora prioritizirati zeleni i pravedni oporavak\" style=\"object-fit:cover;\" srcset=\"https:\/\/www.greenpeace.org\/static\/planet4-croatia-stateless\/2020\/10\/b5d7a38a-img_5708-crop.jpg 2141w, https:\/\/www.greenpeace.org\/static\/planet4-croatia-stateless\/2020\/10\/b5d7a38a-img_5708-crop-300x177.jpg 300w, https:\/\/www.greenpeace.org\/static\/planet4-croatia-stateless\/2020\/10\/b5d7a38a-img_5708-crop-1024x606.jpg 1024w, https:\/\/www.greenpeace.org\/static\/planet4-croatia-stateless\/2020\/10\/b5d7a38a-img_5708-crop-768x454.jpg 768w, https:\/\/www.greenpeace.org\/static\/planet4-croatia-stateless\/2020\/10\/b5d7a38a-img_5708-crop-1536x908.jpg 1536w, https:\/\/www.greenpeace.org\/static\/planet4-croatia-stateless\/2020\/10\/b5d7a38a-img_5708-crop-2048x1211.jpg 2048w, https:\/\/www.greenpeace.org\/static\/planet4-croatia-stateless\/2020\/10\/b5d7a38a-img_5708-crop-510x302.jpg 510w\" sizes=\"auto, (max-width: 2141px) 100vw, 2141px\" data-image-size=\"post-thumbnail\" data-stateless-media-bucket=\"planet4-croatia-stateless\" data-stateless-media-name=\"2020\/10\/b5d7a38a-img_5708-crop.jpg\" \/><\/a><\/figure>\n\n        <div class=\"wp-block-group is-layout-flow wp-block-group-is-layout-flow\">\n                <div class=\"wp-block-group is-layout-flex wp-block-group-is-layout-flex\"><div class=\"wp-block-post-terms\"><a href=\"https:\/\/www.greenpeace.org\/croatia\/category\/issues\/klima-i-energija\/\">Klima i energija<\/a><\/div>\n                <div class=\"taxonomy-post_tag wp-block-post-terms\"><a href=\"https:\/\/www.greenpeace.org\/croatia\/tag\/obnovljiviizvori\/\" rel=\"tag\">ObnovljiviIzvori<\/a><span class=\"wp-block-post-terms__separator\"> <\/span><a href=\"https:\/\/www.greenpeace.org\/croatia\/tag\/klimatskepromjene\/\" rel=\"tag\">KlimatskePromjene<\/a><span class=\"wp-block-post-terms__separator\"> <\/span><a href=\"https:\/\/www.greenpeace.org\/croatia\/tag\/fosilnagoriva\/\" rel=\"tag\">FosilnaGoriva<\/a><span class=\"wp-block-post-terms__separator\"> <\/span><a href=\"https:\/\/www.greenpeace.org\/croatia\/tag\/koronavirus\/\" rel=\"tag\">Koronavirus<\/a><span class=\"wp-block-post-terms__separator\"> <\/span><a href=\"https:\/\/www.greenpeace.org\/croatia\/tag\/zelenioporavak\/\" rel=\"tag\">ZeleniOporavak<\/a><\/div>\n                \n                <\/div>\n                \n        <h3 class=\"wp-block-post-title\"><a href=\"https:\/\/www.greenpeace.org\/croatia\/vlada-rh-mora-prioritizirati-zeleni-i-pravedni-oporavak\/\" target=\"_self\" >Vlada RH mora prioritizirati zeleni i pravedni oporavak<\/a><\/h3>\n        <div class=\"wp-block-post-excerpt\"><p class=\"wp-block-post-excerpt__excerpt\">Vlada RH mora iskoristiti EU sredstva koja su joj na raspolaganju za uistinu odr\u017eiv i pravedan oporavak od trenutne klimatske, gospodarske i zdravstvene krize! <\/p><\/div>\n        \n        <div class=\"wp-block-group posts-list-meta is-layout-flow wp-block-group-is-layout-flow\"><span class='article-list-item-author'>Greenpeace u Hrvatskoj<\/span>\n        <div class=\"wp-block-post-date\"><time datetime=\"2020-10-30T13:55:02+02:00\">30. 10. 2020.<\/time><\/div>\n        \n        <\/div>\n        <\/div>\n        <\/div>\n\n            <\/li><li class=\"wp-block-post post-1982 post type-post status-publish format-standard has-post-thumbnail hentry category-klima-i-energija tag-klimatskepromjene tag-fosilnagoriva tag-zelenioporavak p4-page-type-blog\">\n            \n<div class=\"wp-block-columns is-layout-flex wp-container-core-columns-is-layout-9d6595d7 wp-block-columns-is-layout-flex\"><figure class=\"wp-block-post-featured-image\"><a href=\"https:\/\/www.greenpeace.org\/croatia\/uvjerili-su-nas-da-mobilnost-znaci-osobnu-slobodu-i-drustveni-status\/\" target=\"_self\"  ><img loading=\"lazy\" decoding=\"async\" width=\"960\" height=\"534\" src=\"https:\/\/www.greenpeace.org\/static\/planet4-croatia-stateless\/2020\/09\/c520cc10-break-free-zagreb-branko-drakulic-1.jpg\" class=\"attachment-post-thumbnail size-post-thumbnail wp-post-image wp-stateless-item\" alt=\"Uvjerili su nas da mobilnost zna\u010di osobnu slobodu i dru\u0161tveni status. To je besmislica.\" style=\"object-fit:cover;\" srcset=\"https:\/\/www.greenpeace.org\/static\/planet4-croatia-stateless\/2020\/09\/c520cc10-break-free-zagreb-branko-drakulic-1.jpg 960w, https:\/\/www.greenpeace.org\/static\/planet4-croatia-stateless\/2020\/09\/c520cc10-break-free-zagreb-branko-drakulic-1-300x167.jpg 300w, https:\/\/www.greenpeace.org\/static\/planet4-croatia-stateless\/2020\/09\/c520cc10-break-free-zagreb-branko-drakulic-1-768x427.jpg 768w, https:\/\/www.greenpeace.org\/static\/planet4-croatia-stateless\/2020\/09\/c520cc10-break-free-zagreb-branko-drakulic-1-510x284.jpg 510w\" sizes=\"auto, (max-width: 960px) 100vw, 960px\" data-image-size=\"post-thumbnail\" data-stateless-media-bucket=\"planet4-croatia-stateless\" data-stateless-media-name=\"2020\/09\/c520cc10-break-free-zagreb-branko-drakulic-1.jpg\" \/><\/a><\/figure>\n\n        <div class=\"wp-block-group is-layout-flow wp-block-group-is-layout-flow\">\n                <div class=\"wp-block-group is-layout-flex wp-block-group-is-layout-flex\"><div class=\"wp-block-post-terms\"><a href=\"https:\/\/www.greenpeace.org\/croatia\/category\/issues\/klima-i-energija\/\">Klima i energija<\/a><\/div>\n                <div class=\"taxonomy-post_tag wp-block-post-terms\"><a href=\"https:\/\/www.greenpeace.org\/croatia\/tag\/klimatskepromjene\/\" rel=\"tag\">KlimatskePromjene<\/a><span class=\"wp-block-post-terms__separator\"> <\/span><a href=\"https:\/\/www.greenpeace.org\/croatia\/tag\/fosilnagoriva\/\" rel=\"tag\">FosilnaGoriva<\/a><span class=\"wp-block-post-terms__separator\"> <\/span><a href=\"https:\/\/www.greenpeace.org\/croatia\/tag\/zelenioporavak\/\" rel=\"tag\">ZeleniOporavak<\/a><\/div>\n                \n                <\/div>\n                \n        <h3 class=\"wp-block-post-title\"><a href=\"https:\/\/www.greenpeace.org\/croatia\/uvjerili-su-nas-da-mobilnost-znaci-osobnu-slobodu-i-drustveni-status\/\" target=\"_self\" >Uvjerili su nas da mobilnost zna\u010di osobnu slobodu i dru\u0161tveni status. To je besmislica.<\/a><\/h3>\n        <div class=\"wp-block-post-excerpt\"><p class=\"wp-block-post-excerpt__excerpt\">Danas je mobilnost na ve\u0107oj cijeni nego ikad prije (izuzetak je ovaj prekid uzrokovan COVID-om), a takav moderni potro\u0161a\u010dki obrazac pona\u0161anja igra ogromnu ulogu u razaranju na\u0161ega planeta. <\/p><\/div>\n        \n        <div class=\"wp-block-group posts-list-meta is-layout-flow wp-block-group-is-layout-flow\"><span class='article-list-item-author'>Elodie Mertz<\/span>\n        <div class=\"wp-block-post-date\"><time datetime=\"2020-09-07T15:30:40+02:00\">07. 09. 2020.<\/time><\/div>\n        \n        <\/div>\n        <\/div>\n        <\/div>\n\n            <\/li><\/ul>\n\n    \n<div class=\"wp-block-buttons carousel-controls is-horizontal is-content-justification-space-between is-nowrap is-layout-flex wp-container-core-buttons-is-layout-044bd602 wp-block-buttons-is-layout-flex\">\n            <div class=\"wp-block-button carousel-control-prev\"><button type=\"button\" class=\"wp-block-button__link wp-element-button\">Prev<\/button><\/div>\n        \n\n            <div class=\"wp-block-button carousel-control-next\"><button type=\"button\" class=\"wp-block-button__link wp-element-button\">Next<\/button><\/div>\n        <\/div>\n\n\n    <li class=\" wp-block-navigation-item see-all-link wp-block-navigation-link\"><a class=\"wp-block-navigation-item__content\"  href=\"http:\/\/www.greenpeace.org\/croatia\/news-stories\/?tag=zelenioporavak\"><span class=\"wp-block-navigation-item__label\">See all stories<\/span><\/a><\/li><\/div>\n    \n    <div class=\"wp-block-query posts-list p4-query-loop is-custom-layout-grid is-layout-grid wp-container-core-query-is-layout-b8bb0bd1 wp-block-query-is-layout-grid\">\n        <div class=\"wp-block-group is-content-justification-space-between is-layout-flex wp-container-core-group-is-layout-3d213aab wp-block-group-is-layout-flex\"><h2 class=\"wp-block-heading\">Publications<\/h2>\n        <li class=\" wp-block-navigation-item see-all-link wp-block-navigation-link\"><a class=\"wp-block-navigation-item__content\"  href=\"http:\/\/www.greenpeace.org\/croatia\/news-stories\/?tag=zelenioporavak&#038;post-type=\"><span class=\"wp-block-navigation-item__label\">See all stories<\/span><\/a><\/li>\n        \n        <\/div>\n        \n\n    <p style=\"margin-top: 24px; margin-bottom: 36px;\"><\/p>\n\n    <div class=\"wp-block-query-no-results\">\n        <p style=\"\">No posts found.<\/p>\n        <\/div>\n\n    \n\n    \n<div class=\"wp-block-buttons carousel-controls is-horizontal is-content-justification-space-between is-nowrap is-layout-flex wp-container-core-buttons-is-layout-044bd602 wp-block-buttons-is-layout-flex\">\n            <div class=\"wp-block-button carousel-control-prev\"><button type=\"button\" class=\"wp-block-button__link wp-element-button\">Prev<\/button><\/div>\n        \n\n            <div class=\"wp-block-button carousel-control-next\"><button type=\"button\" class=\"wp-block-button__link wp-element-button\">Next<\/button><\/div>\n        <\/div>\n\n\n    <li class=\" wp-block-navigation-item see-all-link wp-block-navigation-link\"><a class=\"wp-block-navigation-item__content\"  href=\"http:\/\/www.greenpeace.org\/croatia\/news-stories\/?tag=zelenioporavak&#038;post-type=\"><span class=\"wp-block-navigation-item__label\">See all stories<\/span><\/a><\/li><\/div>\n    <div data-render=\"planet4-blocks\/happypoint\" data-attributes=\"{&quot;attributes&quot;:{&quot;override_default_content&quot;:true,&quot;local_content_provider&quot;:&quot;embed_code&quot;,&quot;opacity&quot;:30}}\"><\/div>","protected":false},"excerpt":{"rendered":"","protected":false},"author":26,"featured_media":0,"parent":0,"menu_order":0,"comment_status":"closed","ping_status":"closed","template":"","meta":{"ep_exclude_from_search":false,"p4_hide_page_title_checkbox":"","p4_title":"","p4_subtitle":"","p4_description":"","background_image_id":"","background_image":"","p4_button_title":"","p4_button_link":"","p4_button_link_checkbox":"","p4_og_title":"","p4_og_description":"","p4_og_image":"","p4_og_image_id":"","p4_seo_canonical_url":"","p4_campaign_name":"not set","p4_local_project":"not set","p4_basket_name":"not set","p4_department":"","footnotes":""},"categories":[],"tags":[],"class_list":["post-1904","page","type-page","status-publish","hentry"],"_links":{"self":[{"href":"https:\/\/www.greenpeace.org\/croatia\/wp-json\/wp\/v2\/pages\/1904","targetHints":{"allow":["GET"]}}],"collection":[{"href":"https:\/\/www.greenpeace.org\/croatia\/wp-json\/wp\/v2\/pages"}],"about":[{"href":"https:\/\/www.greenpeace.org\/croatia\/wp-json\/wp\/v2\/types\/page"}],"author":[{"embeddable":true,"href":"https:\/\/www.greenpeace.org\/croatia\/wp-json\/wp\/v2\/users\/26"}],"replies":[{"embeddable":true,"href":"https:\/\/www.greenpeace.org\/croatia\/wp-json\/wp\/v2\/comments?post=1904"}],"version-history":[{"count":11,"href":"https:\/\/www.greenpeace.org\/croatia\/wp-json\/wp\/v2\/pages\/1904\/revisions"}],"predecessor-version":[{"id":66364,"href":"https:\/\/www.greenpeace.org\/croatia\/wp-json\/wp\/v2\/pages\/1904\/revisions\/66364"}],"wp:attachment":[{"href":"https:\/\/www.greenpeace.org\/croatia\/wp-json\/wp\/v2\/media?parent=1904"}],"wp:term":[{"taxonomy":"category","embeddable":true,"href":"https:\/\/www.greenpeace.org\/croatia\/wp-json\/wp\/v2\/categories?post=1904"},{"taxonomy":"post_tag","embeddable":true,"href":"https:\/\/www.greenpeace.org\/croatia\/wp-json\/wp\/v2\/tags?post=1904"}],"curies":[{"name":"wp","href":"https:\/\/api.w.org\/{rel}","templated":true}]}}