{"id":234,"date":"2018-05-14T12:41:07","date_gmt":"2018-05-14T12:41:07","guid":{"rendered":"https:\/\/k8s.p4.greenpeace.org\/defaultcontent\/?page_id=234"},"modified":"2026-01-13T15:51:13","modified_gmt":"2026-01-13T13:51:13","slug":"o-nama","status":"publish","type":"page","link":"https:\/\/www.greenpeace.org\/croatia\/o-nama\/","title":{"rendered":"O nama"},"content":{"rendered":"\n<div class=\"wp-block-group is-vertical is-layout-flex wp-container-core-group-is-layout-8cf370e7 wp-block-group-is-layout-flex\"><\/div>\n<div class=\"three-column-info col-md-11 col-lg-9\">\n<p>Greenpeace je globalna mre\u017ea neovisnih nevladinih organizacija koja provodi kampanje s ciljem za\u0161tite okoli\u0161a, a u Hrvatskoj djeluje od lipnja 2012. godine. Na\u0161e aktivnosti uklju\u010duju:<\/p>\n<ul>\n<li><span style=\"font-weight: 400;\">ubrzavanje tranzicije s fosilnih goriva na obnovljive izvore energije i energetsku u\u010dinkovitost<\/span><\/li>\n<li>obranu na\u0161ih mora i oceana suprotstavljanjem rastro\u0161nom i destruktivnom ribolovu i stvaranjem globalne mre\u017ee morskih rezervata.<\/li>\n<li>za\u0161titu svjetskih pra\u0161uma, \u017eivotinja, biljaka i ljudi koji o njima ovise.<\/li>\n<li>rad na razoru\u017eanju i miru rje\u0161avanjem uzroka sukoba i pozivom na uklanjanje svog nuklearnog naoru\u017eanja.<\/li>\n<li>stvaranje budu\u0107nosti bez toksina sa sigurnijom alternativom opasnim kemikalijama u dana\u0161njim proizvodima i proizvodnji.<\/li>\n<li>vo\u0111enje kampanja za odr\u017eivu poljoprivredu odbacivanjem genetski modificiranih organizama, za\u0161titom biolo\u0161ke raznolikosti i poticanjem dru\u0161tveno odgovornog uzgoja hrane.<\/li>\n<\/ul>\n<p>Greenpeace je prisutan u 55 zemalja diljem Europe, Amerike, Azije, Afrike i Pacifika.<\/p>\n<p>Da bi odr\u017eao svoju neovisnost, Greenpeace ne prihva\u0107a donacije vlada i korporacija nego se oslanja na priloge pojedinaca koji nas podr\u017eavaju te na potpore zaklada.<\/p>\n<p>Greenpeace vodi kampanje protiv uni\u0161tavanja okoli\u0161a od 1971. kada je mali brod s volonterima i novinarima doplovio na Amchitku, otok jugozapadno od Aljaske, gdje je Vlada SAD-a provodila podzemna nuklearna testiranja. Ova tradicija \u201esvjedo\u010denja\u201c na nenasilan na\u010din nastavlja se i danas, a na\u0161i brodovi va\u017ean su dio svih na\u0161ih kampanja.<\/p>\n<h3><a href=\"https:\/\/www.greenpeace.org\/croatia\/tag\/50godina\/\">Saznaj vi\u0161e o povijesti Greenpeacea<\/a><\/h3>\n<\/div>\n\n<figure class=\"wp-block-embed is-type-video is-provider-youtube wp-block-embed-youtube wp-embed-aspect-16-9 wp-has-aspect-ratio\"><div class=\"wp-block-embed__wrapper\">\n<iframe loading=\"lazy\" title=\"50 godina Greenpeacea\" width=\"500\" height=\"281\" src=\"https:\/\/www.youtube.com\/embed\/vGLi8oZRpYo?feature=oembed\" frameborder=\"0\" allow=\"accelerometer; autoplay; clipboard-write; encrypted-media; gyroscope; picture-in-picture; web-share\" referrerpolicy=\"strict-origin-when-cross-origin\" allowfullscreen><\/iframe>\n<\/div><\/figure>\n<div data-render=\"planet4-blocks\/columns\" data-attributes=\"{&quot;attributes&quot;:{&quot;columns_block_style&quot;:&quot;icons&quot;,&quot;columns_title&quot;:&quot;O nama&quot;,&quot;columns&quot;:[{&quot;title&quot;:&quot;Na\\u010dela&quot;,&quot;description&quot;:&quot;Greenpeace svojim nenasilnim, kreativnim djelovanjem kr\\u010di put prema zelenijem i mirnijem svijetu te se bori protiv sustava koji ugro\\u017eavaju na\\u0161 okoli\\u0161.&quot;,&quot;attachment&quot;:&quot;https:\\\/\\\/storage.googleapis.com\\\/planet4-croatia-stateless-develop\\\/2018\\\/06\\\/e42569b2-values.png&quot;,&quot;cta_link&quot;:&quot;https:\\\/\\\/www.greenpeace.org\\\/croatia\\\/o-nama\\\/&quot;,&quot;link_new_tab&quot;:false,&quot;cta_text&quot;:&quot;TKO SMO&quot;,&quot;attachment_srcset&quot;:false},{&quot;title&quot;:&quot;Globalna mre\\u017ea&quot;,&quot;description&quot;:&quot;Greenpeace je globalna mre\\u017ea koja se sastoji od 25 neovisnih nacionalnih\\\/regionalnih organizacija u vi\\u0161e od 55 zemalja diljem Europe, Amerike, Afrike, Azije i Pacifika, uz koordinacijsko tijelo, Greenpeace International.&quot;,&quot;attachment&quot;:&quot;https:\\\/\\\/storage.googleapis.com\\\/planet4-croatia-stateless-develop\\\/2018\\\/06\\\/47a0b301-organisation.png&quot;,&quot;cta_link&quot;:&quot;https:\\\/\\\/www.greenpeace.org\\\/croatia\\\/o-nama\\\/&quot;,&quot;link_new_tab&quot;:false,&quot;cta_text&quot;:&quot;SAZNAJ VI\\u0160E&quot;,&quot;attachment_srcset&quot;:false},{&quot;title&quot;:&quot;Greenpeace u Hrvatskoj&quot;,&quot;description&quot;:&quot;Bili smo dio uspje\\u0161nih kampanja u suradnji s drugim udrugama: \\&quot;SOS za Jadran\\&quot; i \\&quot;Zaustavimo Plomin C!\\&quot;. Zalagali smo se za obnovljive izvore energije, pogotovo solarnu energiju. Borili smo se protiv plastike za jednokratnu upotrebu, ostvarili zabranu laganih plasti\\u010dnih vre\\u0107ica. Promovirali smo odr\\u017eivo ribarstvo, za\\u0161titu oceana za koje je nedavno donesen va\\u017ean Sporazum pri Ujedinjenim narodima. Borili smo se zelene gradove te tra\\u017eili zeleni oporavak nakon krize uzrokovane koronavirusom. U zadnje vrijeme razotkrivamo pravo \\u201clice\\u201d fosilnog plina.&quot;,&quot;attachment&quot;:&quot;https:\\\/\\\/storage.googleapis.com\\\/planet4-croatia-stateless-develop\\\/2018\\\/06\\\/47a0b301-organisation.png&quot;,&quot;cta_link&quot;:&quot;https:\\\/\\\/www.greenpeace.org\\\/croatia\\\/istrazi\\\/&quot;,&quot;link_new_tab&quot;:false,&quot;cta_text&quot;:&quot;NA\\u0160E KAMPANJE&quot;,&quot;attachment_srcset&quot;:false},{&quot;title&quot;:&quot;Aktiviraj se&quot;,&quot;description&quot;:&quot;\\u017deli\\u0161 se uklju\\u010diti u na\\u0161 rad ili podr\\u017eati na\\u0161e djelovanje? Ovdje mo\\u017ee\\u0161 saznati kako.&quot;,&quot;attachment&quot;:&quot;https:\\\/\\\/storage.googleapis.com\\\/planet4-croatia-stateless-develop\\\/2018\\\/09\\\/24ef8336-offices-150x150.png&quot;,&quot;cta_link&quot;:&quot;https:\\\/\\\/www.greenpeace.org\\\/croatia\\\/aktiviraj-se\\\/&quot;,&quot;link_new_tab&quot;:false,&quot;cta_text&quot;:&quot;SAZNAJ VI\\u0160E&quot;,&quot;attachment_srcset&quot;:&quot;https:\\\/\\\/storage.googleapis.com\\\/planet4-croatia-stateless-develop\\\/2018\\\/09\\\/24ef8336-offices-150x150.png 150w, https:\\\/\\\/storage.googleapis.com\\\/planet4-croatia-stateless-develop\\\/2018\\\/09\\\/24ef8336-offices-300x300.png 300w, https:\\\/\\\/storage.googleapis.com\\\/planet4-croatia-stateless-develop\\\/2018\\\/09\\\/24ef8336-offices-768x768.png 768w, https:\\\/\\\/storage.googleapis.com\\\/planet4-croatia-stateless-develop\\\/2018\\\/09\\\/24ef8336-offices-340x340.png 340w, https:\\\/\\\/storage.googleapis.com\\\/planet4-croatia-stateless-develop\\\/2018\\\/09\\\/24ef8336-offices.png 1000w&quot;}],&quot;className&quot;:&quot;is-style-icons&quot;}}\"><\/div>","protected":false},"excerpt":{"rendered":"<p>Greenpeace je globalna mre\u017ea neovisnih nevladinih organizacija koja provodi kampanje s ciljem za\u0161tite okoli\u0161a, a u Hrvatskoj djeluje od lipnja 2012. godine. Na\u0161e aktivnosti uklju\u010duju: ubrzavanje tranzicije s fosilnih goriva na obnovljive izvore energije i energetsku u\u010dinkovitost obranu na\u0161ih mora i oceana suprotstavljanjem rastro\u0161nom i destruktivnom ribolovu i stvaranjem globalne mre\u017ee morskih rezervata. za\u0161titu svjetskih [&hellip;]<\/p>\n","protected":false},"author":1,"featured_media":66326,"parent":0,"menu_order":0,"comment_status":"closed","ping_status":"closed","template":"","meta":{"ep_exclude_from_search":false,"p4_hide_page_title_checkbox":"","p4_title":"","p4_subtitle":"","p4_description":"","background_image_id":"","background_image":"","p4_button_title":"","p4_button_link":"","p4_button_link_checkbox":"","p4_og_title":"","p4_og_description":"","p4_og_image":"","p4_og_image_id":"","p4_seo_canonical_url":"","p4_campaign_name":"not set","p4_local_project":"not set","p4_basket_name":"not set","p4_department":"","footnotes":""},"categories":[1],"tags":[],"class_list":["post-234","page","type-page","status-publish","has-post-thumbnail","hentry","category-uncategorized"],"_links":{"self":[{"href":"https:\/\/www.greenpeace.org\/croatia\/wp-json\/wp\/v2\/pages\/234","targetHints":{"allow":["GET"]}}],"collection":[{"href":"https:\/\/www.greenpeace.org\/croatia\/wp-json\/wp\/v2\/pages"}],"about":[{"href":"https:\/\/www.greenpeace.org\/croatia\/wp-json\/wp\/v2\/types\/page"}],"author":[{"embeddable":true,"href":"https:\/\/www.greenpeace.org\/croatia\/wp-json\/wp\/v2\/users\/1"}],"replies":[{"embeddable":true,"href":"https:\/\/www.greenpeace.org\/croatia\/wp-json\/wp\/v2\/comments?post=234"}],"version-history":[{"count":20,"href":"https:\/\/www.greenpeace.org\/croatia\/wp-json\/wp\/v2\/pages\/234\/revisions"}],"predecessor-version":[{"id":66497,"href":"https:\/\/www.greenpeace.org\/croatia\/wp-json\/wp\/v2\/pages\/234\/revisions\/66497"}],"wp:featuredmedia":[{"embeddable":true,"href":"https:\/\/www.greenpeace.org\/croatia\/wp-json\/wp\/v2\/media\/66326"}],"wp:attachment":[{"href":"https:\/\/www.greenpeace.org\/croatia\/wp-json\/wp\/v2\/media?parent=234"}],"wp:term":[{"taxonomy":"category","embeddable":true,"href":"https:\/\/www.greenpeace.org\/croatia\/wp-json\/wp\/v2\/categories?post=234"},{"taxonomy":"post_tag","embeddable":true,"href":"https:\/\/www.greenpeace.org\/croatia\/wp-json\/wp\/v2\/tags?post=234"}],"curies":[{"name":"wp","href":"https:\/\/api.w.org\/{rel}","templated":true}]}}