{"id":238,"date":"2018-05-14T12:47:19","date_gmt":"2018-05-14T12:47:19","guid":{"rendered":"https:\/\/k8s.p4.greenpeace.org\/defaultcontent\/?page_id=238"},"modified":"2025-06-23T16:36:11","modified_gmt":"2025-06-23T14:36:11","slug":"copyright","status":"publish","type":"page","link":"https:\/\/www.greenpeace.org\/croatia\/o-nama\/copyright\/","title":{"rendered":"Za\u0161tita autorskih prava"},"content":{"rendered":"\n                \n                <div class=\"wp-block-group alignfull is-layout-flow wp-block-group-is-layout-flow\">\n                \n                <div class=\"wp-block-group container is-layout-flow wp-block-group-is-layout-flow\">\n                \n                <div class=\"wp-block-media-text alignfull has-media-on-the-right is-stacked-on-mobile is-pattern-p4-page-header is-style-parallax\">\n\n                <div class=\"wp-block-media-text__content\">\n                    <div class=\"wp-block-group is-layout-flow wp-block-group-is-layout-flow\">\n                    \n                        <h1 class=\"wp-block-heading has-white-background-color has-background\">\n                            Za\u0161tita autorskih prava\n                        <\/h1>\n                    <\/div>\n                \n\n                \n                        <p style=\"font-size:1.25rem\">\n                            Greenpeace podr\u017eava preno\u0161enje i dijeljenje na\u0161ih materijala te elektronskih proizvoda i\/ili usluga, \u0161to obuhva\u0107a i na\u0161 naziv i logotip.\r\n\r\nMe\u0111utim, postoje neka ograni\u010denja na takav oblik kori\u0161tenja, te je stoga va\u017eno dr\u017eati se sljede\u0107ih osnovnih pravila:\n                        <\/p>\n                    \n\n                \n\n                <\/div>\n                <figure class=\"wp-block-media-text__media\">\n                    <img loading=\"lazy\" decoding=\"async\" width=\"1024\" height=\"683\"\n                        src=\"https:\/\/storage.googleapis.com\/planet4-croatia-stateless-develop\/2018\/05\/63675cec-preparing-the-22planet-earth-first22-hot-air-balloon-in-hamburg.jpg\"\n                        alt=\"\"\n                        sizes=\"auto, (min-width: 601px) 50vw, 100vw\" srcset=\"https:\/\/storage.googleapis.com\/planet4-croatia-stateless-develop\/2018\/05\/63675cec-preparing-the-22planet-earth-first22-hot-air-balloon-in-hamburg.jpg 1024w, https:\/\/storage.googleapis.com\/planet4-croatia-stateless-develop\/2018\/05\/63675cec-preparing-the-22planet-earth-first22-hot-air-balloon-in-hamburg-300x200.jpg 300w, https:\/\/storage.googleapis.com\/planet4-croatia-stateless-develop\/2018\/05\/63675cec-preparing-the-22planet-earth-first22-hot-air-balloon-in-hamburg-768x512.jpg 768w, https:\/\/storage.googleapis.com\/planet4-croatia-stateless-develop\/2018\/05\/63675cec-preparing-the-22planet-earth-first22-hot-air-balloon-in-hamburg-510x340.jpg 510w\" class=\"wp-image-66 size-full\"\n                    \/>\n                <\/figure>\n                <\/div>\n                \n                <\/div>\n                \n                <\/div>\n                \n                <h3>Op\u0107enito<\/h3>\n<p>Na\u0161i materijali objavljeni na stranici <a href=\"https:\/\/www.greenpeace.hr\">www.greenpeace.hr<\/a> mogu koristiti u neke svrhe. Treba li vam slika stranice koju biste uklju\u010dili u svoj tekst odnosno \u017eelite li prenijeti neki na\u0161 \u010dlanak u novostima va\u0161e zajednice, javite nam se na <a href=\"mailto:info.croatia@greenpeace.org\">info.croatia@greenpeace.org<\/a>.<\/p>\n<p>Izri\u010dito zabranjujemo kori\u0161tenje Greenpeaceovih materijala, naziva i logotipa na web stranicama u sljede\u0107e svrhe:<\/p>\n<ul>\n<li>za osobnu ili korporativnu korist, osim ako niste dobili izri\u010dito dopu\u0161tenje (vidi ni\u017ee);<\/li>\n<li>za promid\u017ebu politi\u010dke stranke odnosno stvaranje krivog dojma da Greenpeace podr\u017eava kandidaturu bilo koje osobe za javne slu\u017ebe;<\/li>\n<li>u svrhu stvaranja krivog dojma da Greenpeace podr\u017eava bilo koji proizvod ili politiku, osim ako ju Greenpeace nije izri\u010dito dao sam;<\/li>\n<li>u svrhu stvaranja krivog dojma da Greenpeace podr\u017eava ili je povezan s web stranicama koje prema vlastitom naho\u0111enju smatra nelegalnim ili neprihvatljive naravi, poput onih koje donose opsceni, nasilan, netolerantan, ocrnjuju\u0107i, odnosno pornografski nastrojen sadr\u017eaj ili materijal;<\/li>\n<li>u svrhu la\u017enog predstavljanja kao predstavnika Greenpeaceova ureda odnosno njegova zaposlenika, agenta ili slu\u017ebenog glasnogovornika te u svrhu la\u017ene izlike prikupljanja novca i donacija u ime Greenpeacea.<\/li>\n<\/ul>\n<h3>Povezivanje s na\u0161om web stranicom<\/h3>\n<p>Drago nam je \u0161to se \u017eelite povezati s nama i pomo\u0107i nam pro\u0161iriti novosti o na\u0161im kampanjama za za\u0161titu okoli\u0161a. Za to vam nije potrebno dopu\u0161tenje. Slobodno se pove\u017eite s na\u0161om po\u010detnom stranicom ili bilo kojom konkretnom temom koju na\u0111ete na na\u0161im stranicama.<\/p>\n<h3>Greenpeaceov logotip<\/h3>\n<p>&#8220;Greenpeace&#8221;, \u0161to obuhva\u0107a i njegov logotip, je me\u0111unarodni za\u0161titni znak koji pripada Vije\u0107u me\u0111unarodnog Greenpeacea (Stichting Greenpeace Council). Kori\u0161tenje za\u0161titnog znaka dopu\u0161ta se pod sljede\u0107im uvjetima:<\/p>\n<ul>\n<li>da se koristi isklju\u010divo radi pozivanja na Greenpeace, a nikako u komercijalne svrhe;<\/li>\n<li>da se naziv i\/ili logotip ne koriste na na\u010din koji bi ukazivao ili stvarao dojam da Greenpeace podr\u017eava, odobrava, sponzorira ili je povezan s bilo kojim proizvodom, uslugom ili dobrom dostupnim na va\u0161im web stranicama;<\/li>\n<li>da se banneri s nazivom i\/ili logotipom Greenpeacea koriste isklju\u010divo kao poveznice na Greenpeaceove web stranice kako je nazna\u010deno na poveznici, a te poveznice uvijek moraju biti aktivne;<\/li>\n<li>da se naziv i\/ili logotip Greenpeacea ne objedinjuje s drugim grafi\u010dkim elementima niti da se na bilo koji na\u010din mijenja, \u0161to uklju\u010duje mijenjanje fonta, dizajna, rasporeda, boja ili drugih elemenata. Osim toga, ne smije se animirati, izobli\u010davati ili iskrivljavati perspektivu odnosno njihov izgled;<\/li>\n<li>da naziv i\/ili logotip Greenpeacea ne budu bolje istaknuti od naslova va\u0161e stranice.<\/li>\n<\/ul>\n<p>Budete li koristili logotip, svakako u atributu slike (alt tag) navedite tekst &#8220;<strong>Trademark of Stichting Greenpeace Counc<\/strong><strong>il&#8221; <\/strong><strong>odnosno dodajte ga na vidljivom mjestu na stranici.<\/strong><\/p>\n<p>Za\u0161titni znak ostaje u isklju\u010divom vlasni\u0161tvu Greenpeacea International te se njegovim kori\u0161tenjem sla\u017eete da ga ni na koji na\u010din ne\u0107ete za\u0161titi, poku\u0161ati za\u0161tititi ili dovesti u pitanje autorska prava na njega.<\/p>\n<h4>\u010clanci i tekstovi<\/h4>\n<p>\u010clanci i tekstovi koje objavi Greenpeace International mogu se slobodno koristiti u osobne i obrazovne svrhe. Pritom svakako dodajte sljede\u0107u napomenu: <strong>&#8220;Izvor:<\/strong> <strong>Greenpeace<\/strong>\u00a0te prenesite prate\u0107i tekst (npr. ime autora) odnosno informaciju o autorskom pravu iz izvornika.<\/p>\n<p>\u010clanci i tekstovi tre\u0107ih strana preneseni na stranicama Greenpeacea ostaju u njihovom intelektualnom vlasni\u0161tvu te se dopu\u0161tenje za njihovo kori\u0161tenje mora tra\u017eiti od njih.<\/p>\n<h3>Fotografije\/slike<\/h3>\n<p>Na svakoj se slici nalazi informacija o autorskom pravu. Kliknite desnom tipkom mi\u0161a na sliku i izaberite &#8220;Inspect&#8221; odnosno &#8220;View Info&#8221;.<\/p>\n<p>\u00a9\u00a0 = sva prava pridr\u017eana na ime navedene fizi\u010dke ili pravne osobe. \u2013 Obja\u0161njenja ostalih simbola\/dopu\u0161tenja te iz njih proizi\u0161lih prava nalaze se na stranici <a href=\"https:\/\/creativecommons.org\/share-your-work\/licensing-types-examples\/\">ovdje<\/a>.<\/p>\n<p>Za pristup slikama koje se mogu preuzeti te sva pitanja vezana uz autorska prava posjetite stranicu <a href=\"http:\/\/media.greenpeace.org\/\">media.greenpeace.org<\/a><\/p>\n<p>Za sve ostale oblike kori\u0161tenja (poput onih za osobnu i korporativnu korist) potrebno je zatra\u017eiti dopu\u0161tenje od Greenpeacea International na stranici <a href=\"http:\/\/media.greenpeace.org\/\">Media Library<\/a> (putem poveznice <a href=\"http:\/\/media.greenpeace.org\/ContactUs\">podaci<\/a> o kontaktu). Kori\u0161tenje bilo koje Greenpeaceove slike u komercijalne svrhe bez izri\u010ditog dopu\u0161tenja smatrat \u0107e se povredom autorskog prava i s njime povezanih prava.<\/p>\n<p>Slike za reprodukciju (veli\u010dine oko 8 megabajta) koje Greenpeace po\u0161alje novinarima i novinskim agencijama trebaju se prenijeti unutar \u010detrnaest dana, a njihovo je arhiviranje i\/ili preprodaja izri\u010dito zabranjeno. Nakon \u010detrnaest dana, dopu\u0161tenje zatra\u017eite na sljede\u0107oj poveznici <a href=\"http:\/\/media.greenpeace.org\/ContactUs\">kontaktirajte nas<\/a>.<\/p>\n<h3>Video<\/h3>\n<p>Kori\u0161tenje video snimaka dopu\u0161teno je pod istim uvjetima kao i kori\u0161tenje vi\u0161e opisanih materijala. Imajte na umu, me\u0111utim, da nije sve snimke mogu\u0107e preuzeti.<\/p>\n","protected":false},"excerpt":{"rendered":"<p>Op\u0107enito Na\u0161i materijali objavljeni na stranici www.greenpeace.hr mogu koristiti u neke svrhe. Treba li vam slika stranice koju biste uklju\u010dili u svoj tekst odnosno \u017eelite li prenijeti neki na\u0161 \u010dlanak u novostima va\u0161e zajednice, javite nam se na info.croatia@greenpeace.org. Izri\u010dito zabranjujemo kori\u0161tenje Greenpeaceovih materijala, naziva i logotipa na web stranicama u sljede\u0107e svrhe: za osobnu [&hellip;]<\/p>\n","protected":false},"author":1,"featured_media":343,"parent":234,"menu_order":0,"comment_status":"closed","ping_status":"closed","template":"page-templates\/evergreen.php","meta":{"ep_exclude_from_search":false,"p4_hide_page_title_checkbox":"on","p4_title":"","p4_subtitle":"","p4_description":"","background_image_id":"","background_image":"","p4_button_title":"","p4_button_link":"","p4_button_link_checkbox":"","p4_og_title":"","p4_og_description":"","p4_og_image":"","p4_og_image_id":"","p4_seo_canonical_url":"","p4_campaign_name":"not set","p4_local_project":"","p4_basket_name":"not set","p4_department":"","footnotes":""},"categories":[1],"tags":[],"class_list":["post-238","page","type-page","status-publish","has-post-thumbnail","hentry","category-uncategorized"],"_links":{"self":[{"href":"https:\/\/www.greenpeace.org\/croatia\/wp-json\/wp\/v2\/pages\/238","targetHints":{"allow":["GET"]}}],"collection":[{"href":"https:\/\/www.greenpeace.org\/croatia\/wp-json\/wp\/v2\/pages"}],"about":[{"href":"https:\/\/www.greenpeace.org\/croatia\/wp-json\/wp\/v2\/types\/page"}],"author":[{"embeddable":true,"href":"https:\/\/www.greenpeace.org\/croatia\/wp-json\/wp\/v2\/users\/1"}],"replies":[{"embeddable":true,"href":"https:\/\/www.greenpeace.org\/croatia\/wp-json\/wp\/v2\/comments?post=238"}],"version-history":[{"count":8,"href":"https:\/\/www.greenpeace.org\/croatia\/wp-json\/wp\/v2\/pages\/238\/revisions"}],"predecessor-version":[{"id":66171,"href":"https:\/\/www.greenpeace.org\/croatia\/wp-json\/wp\/v2\/pages\/238\/revisions\/66171"}],"up":[{"embeddable":true,"href":"https:\/\/www.greenpeace.org\/croatia\/wp-json\/wp\/v2\/pages\/234"}],"wp:featuredmedia":[{"embeddable":true,"href":"https:\/\/www.greenpeace.org\/croatia\/wp-json\/wp\/v2\/media\/343"}],"wp:attachment":[{"href":"https:\/\/www.greenpeace.org\/croatia\/wp-json\/wp\/v2\/media?parent=238"}],"wp:term":[{"taxonomy":"category","embeddable":true,"href":"https:\/\/www.greenpeace.org\/croatia\/wp-json\/wp\/v2\/categories?post=238"},{"taxonomy":"post_tag","embeddable":true,"href":"https:\/\/www.greenpeace.org\/croatia\/wp-json\/wp\/v2\/tags?post=238"}],"curies":[{"name":"wp","href":"https:\/\/api.w.org\/{rel}","templated":true}]}}