{"id":240,"date":"2018-05-14T12:50:41","date_gmt":"2018-05-14T12:50:41","guid":{"rendered":"https:\/\/k8s.p4.greenpeace.org\/defaultcontent\/?page_id=240"},"modified":"2025-06-23T16:36:10","modified_gmt":"2025-06-23T14:36:10","slug":"politika-zajednice","status":"publish","type":"page","link":"https:\/\/www.greenpeace.org\/croatia\/o-nama\/politika-zajednice\/","title":{"rendered":"Politika zajednice"},"content":{"rendered":"\n                \n                <div class=\"wp-block-group alignfull is-layout-flow wp-block-group-is-layout-flow\">\n                \n                <div class=\"wp-block-group container is-layout-flow wp-block-group-is-layout-flow\">\n                \n                <div class=\"wp-block-media-text alignfull has-media-on-the-right is-stacked-on-mobile is-pattern-p4-page-header is-style-parallax\">\n\n                <div class=\"wp-block-media-text__content\">\n                    <div class=\"wp-block-group is-layout-flow wp-block-group-is-layout-flow\">\n                    \n                        <h1 class=\"wp-block-heading has-white-background-color has-background\">\n                            Politika zajednice\n                        <\/h1>\n                    <\/div>\n                \n\n                \n                        <p style=\"font-size:1.25rem\">\n                            Mi u Greenpeaceu se <strong>trudimo<\/strong> u\u010diniti ovaj svijet zelenijim i mirnijim, a jedan od doista va\u017enih na\u010dina da to postignemo je jednostavna, otvorena i iskrena komunikacija.\n                        <\/p>\n                    \n\n                \n\n                <\/div>\n                <figure class=\"wp-block-media-text__media\">\n                    <img loading=\"lazy\" decoding=\"async\" width=\"2500\" height=\"1669\"\n                        src=\"https:\/\/storage.googleapis.com\/planet4-croatia-stateless-develop\/2018\/05\/c6ef389e-gp0str7g7_pressmedia.jpg\"\n                        alt=\"\"\n                        sizes=\"auto, (min-width: 601px) 50vw, 100vw\" srcset=\"https:\/\/storage.googleapis.com\/planet4-croatia-stateless-develop\/2018\/05\/c6ef389e-gp0str7g7_pressmedia.jpg 2500w, https:\/\/storage.googleapis.com\/planet4-croatia-stateless-develop\/2018\/05\/c6ef389e-gp0str7g7_pressmedia-300x200.jpg 300w, https:\/\/storage.googleapis.com\/planet4-croatia-stateless-develop\/2018\/05\/c6ef389e-gp0str7g7_pressmedia-768x513.jpg 768w, https:\/\/storage.googleapis.com\/planet4-croatia-stateless-develop\/2018\/05\/c6ef389e-gp0str7g7_pressmedia-1024x684.jpg 1024w, https:\/\/storage.googleapis.com\/planet4-croatia-stateless-develop\/2018\/05\/c6ef389e-gp0str7g7_pressmedia-2046x1366.jpg 2046w, https:\/\/storage.googleapis.com\/planet4-croatia-stateless-develop\/2018\/05\/c6ef389e-gp0str7g7_pressmedia-510x340.jpg 510w\" class=\"wp-image-86 size-full\"\n                    \/>\n                <\/figure>\n                <\/div>\n                \n                <\/div>\n                \n                <\/div>\n                \n                <p>                Vjerujemo da svatko treba dobiti priliku izraziti svoj stav ne bismo li prona\u0161li zajedni\u010dki jezik. Tra\u017eimo na\u010dine za kompromis koji \u0107e nam svima omogu\u0107iti da krenemo naprijed prema svjetlijoj budu\u0107nosti.<\/p>\n<p>Upravo stoga su nam va\u017eni va\u0161i komentari na kraju svake objavljenje pri\u010de, budu\u0107i da daju prostora svima, pa i onima koji se ne sla\u017eu s na\u0161om vizijom, da bez posljedica razmjene svoje ideje s drugima.<\/p>\n<p>Pozdravljamo svaku raspravu, budu\u0107i da vjerujemo kako iz njih \u010desto izniknu najbolje zamisli. Volimo kad se ljudi strastveno zauzmu za ono u \u0161to vjeruju i volimo \u010duti nove ideje ili poglede na neki problem. No isto tako \u010dvrsto dr\u017eimo da takvi razgovori moraju biti iskreni i puni po\u0161tovanja prema sugovornicima da bi mogli biti produktivni.<\/p>\n<p>Stoga sve vas koji \u017eelite pridonijeti razgovorima na web stranicama, a to uklju\u010duje i one koji stavljaju svoje komentare u ime Greenpeacea, molimo da se dr\u017eite sljede\u0107ih jednostavnih pravila:<\/p>\n<ol>\n<li><strong>Recite istinu<\/strong><\/li>\n<li><strong>Budite iskreni o tome tko ste<\/strong> i za\u0161to ste ovdje. Ako zastupate interese korporacija ili vlada, ako za stavove koje iznosite primate novac ili se nalazite u sukobu interesa, va\u0161e je sudjelovanje u razgovoru i dalje dobrodo\u0161lo. No molimo vas da u tom slu\u010daju svima to jasno date do znanja kako bi mogli znati kontekst iz kojeg va\u0161i stavovi proizlaze.<\/li>\n<li><strong>Budite uljudni i po\u0161tujte sugovornike.<\/strong> Ne obra\u0107ajte se drugima na na\u010din na koji ne \u017eelite da se drugi vama obra\u0107aju. To zna\u010di da se suzdr\u017eite od diskriminatornih komentara, osobnih napada, psovanja, bla\u0107enja i poticanja na nasilje.<\/li>\n<li><strong>Pru\u017eite svakom priliku da sudjeluje u razgovoru <\/strong>\u2013 zadr\u017eavamo si pravo da uklonimo nepotrebne uzastopne postove kako ne bi zagu\u0161ili razgovor.<\/li>\n<li><strong>Dr\u017eite se teme o kojoj se raspravlja<\/strong>, kako biste olak\u0161ali sudjelovanje ostalima u razgovoru.<\/li>\n<li><strong>Ne reklamirajte.<\/strong> Ovo je prostor za raspravu o va\u017enim problemima, pa vas molimo da se suzdr\u017eite komercijalnih aktivnosti i masovnoga reklamiranja, jer za spamove nemamo ni trunke razumijevanja.<\/li>\n<\/ol>\n<p>Budete li se pridr\u017eavali ovih pravila ne\u0107emo vas blokirati ili brisati va\u0161e komentare samo zato \u0161to se ne bismo slagali s onim \u0161to govorite.<\/p>\n<p>Sloboda govora i otvorena razmjena ideja su nam izuzetno va\u017eni i zato se izrazito trudimo sa\u010duvati ih. To zna\u010di da \u0107emo poduzeti potrebne korake da za\u0161titimo duh ove zajednice ako shvatimo da ste trol ili se la\u017eno predstavljate. Ti koraci podrazumijevaju brisanje va\u0161ih komentara (mi ih nikad ne redigiramo), zatvaranje niti rasprave, pa \u010dak i blokiranje ra\u010duna. Osim toga, mo\u017eemo onemogu\u0107iti komentiranje za odre\u0111ene postove odnosno cijele stranice ako ustanovimo da se radi o orkestriranom napadu.<\/p>\n<p>Pozivamo \u010dlanove zajednice koji smatraju da je bilo tko postupio na vi\u0161e opisani na\u010din da nam to prijave na\u0161em <a href=\"mailto:info.croatia@greenpeace.org\">Webmaster<\/a>u.<\/p>\n<p>Potrudit \u0107emo se da na na\u0161im stranicama sve bude to\u010dno i u skladu sa stavovima i vrijednostima koje promi\u010demo. No sadr\u017eaj koji \u010dlanovi zajednice ostavljaju u komentarima pi\u0161u obi\u010dni ljudi poput vas. Nadamo se da razumijete kako on nu\u017eno ne odgovara stavovima Greenpeacea International odnosno bilo koje njegove nacionalne ili regionalne organizacije. Ako \u017eelite saznati slu\u017ebeni stav Greenpeacea International, pro\u010ditajte na\u0161e objave za medije, izdanja i problemske\/tematske stranice odnosno obratite se na\u0161oj <a href=\"mailto:pressdesk.int@greenpeace.org\">Slu\u017ebi za odnose s javno\u0161\u0107u.<\/a><\/p>\n","protected":false},"excerpt":{"rendered":"<p>Vjerujemo da svatko treba dobiti priliku izraziti svoj stav ne bismo li prona\u0161li zajedni\u010dki jezik. Tra\u017eimo na\u010dine za kompromis koji \u0107e nam svima omogu\u0107iti da krenemo naprijed prema svjetlijoj budu\u0107nosti. Upravo stoga su nam va\u017eni va\u0161i komentari na kraju svake objavljenje pri\u010de, budu\u0107i da daju prostora svima, pa i onima koji se ne sla\u017eu s [&hellip;]<\/p>\n","protected":false},"author":1,"featured_media":343,"parent":234,"menu_order":0,"comment_status":"closed","ping_status":"closed","template":"page-templates\/evergreen.php","meta":{"ep_exclude_from_search":false,"p4_hide_page_title_checkbox":"on","p4_title":"","p4_subtitle":"","p4_description":"","background_image_id":"","background_image":"","p4_button_title":"","p4_button_link":"","p4_button_link_checkbox":"","p4_og_title":"","p4_og_description":"","p4_og_image":"","p4_og_image_id":"","p4_seo_canonical_url":"","p4_campaign_name":"not set","p4_local_project":"","p4_basket_name":"not set","p4_department":"","footnotes":""},"categories":[1],"tags":[],"class_list":["post-240","page","type-page","status-publish","has-post-thumbnail","hentry","category-uncategorized"],"_links":{"self":[{"href":"https:\/\/www.greenpeace.org\/croatia\/wp-json\/wp\/v2\/pages\/240","targetHints":{"allow":["GET"]}}],"collection":[{"href":"https:\/\/www.greenpeace.org\/croatia\/wp-json\/wp\/v2\/pages"}],"about":[{"href":"https:\/\/www.greenpeace.org\/croatia\/wp-json\/wp\/v2\/types\/page"}],"author":[{"embeddable":true,"href":"https:\/\/www.greenpeace.org\/croatia\/wp-json\/wp\/v2\/users\/1"}],"replies":[{"embeddable":true,"href":"https:\/\/www.greenpeace.org\/croatia\/wp-json\/wp\/v2\/comments?post=240"}],"version-history":[{"count":6,"href":"https:\/\/www.greenpeace.org\/croatia\/wp-json\/wp\/v2\/pages\/240\/revisions"}],"predecessor-version":[{"id":66170,"href":"https:\/\/www.greenpeace.org\/croatia\/wp-json\/wp\/v2\/pages\/240\/revisions\/66170"}],"up":[{"embeddable":true,"href":"https:\/\/www.greenpeace.org\/croatia\/wp-json\/wp\/v2\/pages\/234"}],"wp:featuredmedia":[{"embeddable":true,"href":"https:\/\/www.greenpeace.org\/croatia\/wp-json\/wp\/v2\/media\/343"}],"wp:attachment":[{"href":"https:\/\/www.greenpeace.org\/croatia\/wp-json\/wp\/v2\/media?parent=240"}],"wp:term":[{"taxonomy":"category","embeddable":true,"href":"https:\/\/www.greenpeace.org\/croatia\/wp-json\/wp\/v2\/categories?post=240"},{"taxonomy":"post_tag","embeddable":true,"href":"https:\/\/www.greenpeace.org\/croatia\/wp-json\/wp\/v2\/tags?post=240"}],"curies":[{"name":"wp","href":"https:\/\/api.w.org\/{rel}","templated":true}]}}