{"id":2474,"date":"2024-04-11T15:02:45","date_gmt":"2024-04-11T13:02:45","guid":{"rendered":"https:\/\/www.greenpeace.org\/croatia\/?page_id=2474"},"modified":"2025-07-02T09:07:22","modified_gmt":"2025-07-02T07:07:22","slug":"anketa-za-stranke-2024","status":"publish","type":"page","link":"https:\/\/www.greenpeace.org\/croatia\/anketa-za-stranke-2024\/","title":{"rendered":"Anketa za stranke 2024"},"content":{"rendered":"\n<section class=\"block accordion-block wp-block-planet4-blocks-accordion is-style-light\"><header><h2 class=\"page-section-header\">1. Od 2030. Hrvatska mo\u017ee i treba proizvoditi svu elektri\u010dnu energiju za vlastite potrebe iz obnovljivih izvora energije.<\/h2><\/header><div class=\"accordion-content\"><div class=\"accordion-headline\" name=\"Domovinski pokret: DJELOMI\u010cNO\ud83d\udfe1(Detaljan odgovor)\">Domovinski pokret: DJELOMI\u010cNO\ud83d\udfe1(Detaljan odgovor)<\/div><div class=\"panel panel-hidden\"><p class=\"accordion-text\">Hrvatska treba znatno ja\u010dati udio OIE u proizvodnji i potro\u0161nji. Osim ubrzanog dizanja kapaciteta (primarno) za vjetar i sunce, potrebno je ja\u010dati sustave za prihvat i pohranu dnevnih vi\u0161kova obnovljive energije.<\/p><\/div><\/div><div class=\"accordion-content\"><div class=\"accordion-headline\" name=\"HDZ: \u2753\">HDZ: \u2753<\/div><div class=\"panel panel-hidden\"><\/div><\/div><div class=\"accordion-content\"><div class=\"accordion-headline\" name=\"Most: DJELOMI\u010cNO \ud83d\udfe1\">Most: DJELOMI\u010cNO \ud83d\udfe1<\/div><div class=\"panel panel-hidden\"><\/div><\/div><div class=\"accordion-content\"><div class=\"accordion-headline\" name=\"Mo\u017eemo!: DJELOMI\u010cNO \ud83d\udfe1\u00a0\u00a0\u00a0\u00a0\u00a0\u00a0\u00a0\u00a0\u00a0\u00a0(Detaljan odgovor)\">Mo\u017eemo!: DJELOMI\u010cNO \ud83d\udfe1\u00a0\u00a0\u00a0\u00a0\u00a0\u00a0\u00a0\u00a0\u00a0\u00a0(Detaljan odgovor)<\/div><div class=\"panel panel-hidden\"><p class=\"accordion-text\">Na\u0161 program predvi\u0111a masovnu solarizaciju krovova na postoje\u0107im zgradama, kao i ubrzavanje administrativnih postupaka za privatne investitore koji na svom gra\u0111evinskom zemlji\u0161tu \u017eele graditi solarne ili vjetro-elektrane. Planiramo i daljnje \u0161irenje elektrana na OIE i modernizaciju hidroeleketrana u vlasni\u0161tvu HEP-a. Me\u0111utim, dugogodi\u0161nje zanemarivanje ulaganja u pametnu elektroenergetsku mre\u017eu jo\u0161 uvijek predstavlja prepreku zna\u010dajnom pove\u0107anju udjela intermitentnih izvora energije. Dok se ti problemi ne rije\u0161e, elektri\u010dna energija iz Kr\u0161kog 1 bit \u0107e nu\u017ena za balansiranje mre\u017ee.<\/p><\/div><\/div><div class=\"accordion-content\"><div class=\"accordion-headline\" name=\"SDP: DJELOMI\u010cNO \ud83d\udfe1\u00a0\u00a0\u00a0\u00a0\u00a0\u00a0\u00a0\u00a0\u00a0\u00a0(Detaljan odgovor)\">SDP: DJELOMI\u010cNO \ud83d\udfe1\u00a0\u00a0\u00a0\u00a0\u00a0\u00a0\u00a0\u00a0\u00a0\u00a0(Detaljan odgovor)<\/div><div class=\"panel panel-hidden\"><p class=\"accordion-text\">\u0160est godina je prekratak rok za izgradnju potrebne infrastrukture i osiguravanje skladi\u0161tenja energije iz obnovljivih izvora kako bi se osigurala energetska stabilnost sustava.<\/p><\/div><\/div><\/section>\n\n<section class=\"block accordion-block wp-block-planet4-blocks-accordion is-style-light\"><header><h2 class=\"page-section-header\">2. Zajedno s drugim zemljama Europske unije Hrvatska treba napustiti fosilni plin do 2035. godine.<\/h2><\/header><div class=\"accordion-content\"><div class=\"accordion-headline\" name=\"Domovinski pokret: DJELOMI\u010cNO \ud83d\udfe1\u00a0\u00a0\u00a0\u00a0\u00a0\u00a0\u00a0\u00a0\u00a0\u00a0(Detaljan odgovor)\">Domovinski pokret: DJELOMI\u010cNO \ud83d\udfe1\u00a0\u00a0\u00a0\u00a0\u00a0\u00a0\u00a0\u00a0\u00a0\u00a0(Detaljan odgovor)<\/div><div class=\"panel panel-hidden\"><p class=\"accordion-text\">Fosilni plin treba dr\u017eati, ali uz kontinuirano i ubrzano smanjenje njegove va\u017enosti i udjela kao energenta. Va\u017enost plina je za sigurnost opskrbe, sirovinski materijal za industriju i mjesto na energetskoj mapi EU.<\/p><\/div><\/div><div class=\"accordion-content\"><div class=\"accordion-headline\" name=\"HDZ:\u2753\">HDZ:\u2753<\/div><div class=\"panel panel-hidden\"><\/div><\/div><div class=\"accordion-content\"><div class=\"accordion-headline\" name=\"Most: DJELOMI\u010cNO \ud83d\udfe1\">Most: DJELOMI\u010cNO \ud83d\udfe1<\/div><div class=\"panel panel-hidden\"><\/div><\/div><div class=\"accordion-content\"><div class=\"accordion-headline\" name=\"Mo\u017eemo!: DJELOMI\u010cNO \ud83d\udfe1\u00a0\u00a0\u00a0\u00a0\u00a0\u00a0\u00a0\u00a0\u00a0\u00a0(Detaljan odgovor)\">Mo\u017eemo!: DJELOMI\u010cNO \ud83d\udfe1\u00a0\u00a0\u00a0\u00a0\u00a0\u00a0\u00a0\u00a0\u00a0\u00a0(Detaljan odgovor)<\/div><div class=\"panel panel-hidden\"><p class=\"accordion-text\">Zala\u017eemo se za potpuno ukidanje fosilnih goriva do 2040. Me\u0111utim, pogotovo na periferiji Europske unije vidimo zna\u010dajne prepreke. Naime, infrastruktura u mnogim zemljama periferije Europske unije nije adekvatna za brzu tranziciju, da se neki sektori ekonomije te\u0161ko mogu prilagoditi uz o\u010duvanje radnih mjesta i da je sposobnost gra\u0111ana da klimatski djeluju u ve\u0107ini zemalja Europske unije ograni\u010dena socijalnim nejednakostima, smatramo da je potreban dodatni kolektivni napor Europske unije prema ekonomskoj i socijalnoj konvergenciji u svrhu istodobnog ostvarivanja klimatske neutralnosti i dru\u0161tvene pravednosti. Postizanje klimatske neutralnosti treba voditi na\u010delima zajedni\u010dkih, ali diferenciranih odgovornosti s obzirom na razli\u010dite nacionalne okolnosti me\u0111u dr\u017eavama Europske unije.<br><br>Smatramo da Hrvatska mo\u017ee u potpunosti napustiti ugljen do 2030. Ali s obzirom na jo\u0161 uvijek postoje\u0107e poticaje za plinske bojlere i ograni\u010dena sredstva za prelazak na alternative oblike grijanja, kao i potrebu za fosilnim plinom u industriji, vidimo izazove da fosilni plin iza\u0111e iz upotrebe ve\u0107 2035.<\/p><\/div><\/div><div class=\"accordion-content\"><div class=\"accordion-headline\" name=\"SDP: DJELOMI\u010cNO \ud83d\udfe1\u00a0\u00a0\u00a0\u00a0\u00a0\u00a0\u00a0\u00a0\u00a0\u00a0(Detaljan odgovor)\">SDP: DJELOMI\u010cNO \ud83d\udfe1\u00a0\u00a0\u00a0\u00a0\u00a0\u00a0\u00a0\u00a0\u00a0\u00a0(Detaljan odgovor)<\/div><div class=\"panel panel-hidden\"><p class=\"accordion-text\">Cilj je ispravan, ali infrastrukturno (financijski i gra\u0111evinski) nije provediv u tako kratkom roku. Potreban je realan dinami\u010dki plan i njegova dosljedna primjena za postizanje ovog cilja.<\/p><\/div><\/div><\/section>\n\n<section class=\"block accordion-block wp-block-planet4-blocks-accordion is-style-light\"><header><h2 class=\"page-section-header\">3. Obustaviti sva ulaganja u novu infrastrukturu za fosilni plin i ambiciozno se okrenuti obnovljivim izvorima energije i mjerama energetske u\u010dinkovitosti.<\/h2><\/header><div class=\"accordion-content\"><div class=\"accordion-headline\" name=\"Domovinski pokret: DJELOMI\u010cNO \ud83d\udfe1\u00a0\u00a0\u00a0\u00a0\u00a0\u00a0\u00a0\u00a0\u00a0\u00a0(Detaljan odgovor)\">Domovinski pokret: DJELOMI\u010cNO \ud83d\udfe1\u00a0\u00a0\u00a0\u00a0\u00a0\u00a0\u00a0\u00a0\u00a0\u00a0(Detaljan odgovor)<\/div><div class=\"panel panel-hidden\"><p class=\"accordion-text\">Rad na ja\u010danju udjela OIE \u0107e nu\u017eno imati za posljedicu smanjenje poslovnog interesa za novu infrastrukturu. Bez zna\u010dajnog uspjeha u podizanju udjela OIE nerealno je odustajati od fosilnog plina.<\/p><\/div><\/div><div class=\"accordion-content\"><div class=\"accordion-headline\" name=\"HDZ: \u2753\">HDZ: \u2753<\/div><div class=\"panel panel-hidden\"><\/div><\/div><div class=\"accordion-content\"><div class=\"accordion-headline\" name=\"Most: DJELOMI\u010cNO \ud83d\udfe1\">Most: DJELOMI\u010cNO \ud83d\udfe1<\/div><div class=\"panel panel-hidden\"><\/div><\/div><div class=\"accordion-content\"><div class=\"accordion-headline\" name=\"Mo\u017eemo!: DA \u2705\">Mo\u017eemo!: DA \u2705<\/div><div class=\"panel panel-hidden\"><\/div><\/div><div class=\"accordion-content\"><div class=\"accordion-headline\" name=\"SDP: NE \u274c\u00a0\u00a0\u00a0\u00a0\u00a0\u00a0\u00a0\u00a0\u00a0\u00a0(Detaljan odgovor)\">SDP: NE \u274c\u00a0\u00a0\u00a0\u00a0\u00a0\u00a0\u00a0\u00a0\u00a0\u00a0(Detaljan odgovor)<\/div><div class=\"panel panel-hidden\"><p class=\"accordion-text\">U pitanju nije naveden rok obustave svih ulaganja u plinsku infrastrukturu, pa se podrazumijeva trenutna obustava, \u0161to nije mogu\u0107e budu\u0107i se bez plinske infrastrukture, a uz o\u010dekivano ga\u0161enje termoelektrane na ugljen ne mo\u017ee osigurati energetska stabilnost sustava.<\/p><\/div><\/div><\/section>\n\n<section class=\"block accordion-block wp-block-planet4-blocks-accordion is-style-light\"><header><h2 class=\"page-section-header\">4. Nova Vlada treba nalo\u017eiti INA-i va\u0111enje plinske platforme Ivane D sa dna Jadranskog mora, kao \u0161to je to ve\u0107 naredio Dr\u017eavni inspektorat.<\/h2><\/header><div class=\"accordion-content\"><div class=\"accordion-headline\" name=\"Domovinski pokret: DA \u2705\u00a0\u00a0\u00a0\u00a0\u00a0\u00a0\u00a0\u00a0\u00a0\u00a0(Detaljan odgovor)\">Domovinski pokret: DA \u2705\u00a0\u00a0\u00a0\u00a0\u00a0\u00a0\u00a0\u00a0\u00a0\u00a0(Detaljan odgovor)<\/div><div class=\"panel panel-hidden\"><p class=\"accordion-text\">To je obveza vlasnika uni\u0161tene infrastrukture.<\/p><\/div><\/div><div class=\"accordion-content\"><div class=\"accordion-headline\" name=\"HDZ:\u2753\">HDZ:\u2753<\/div><div class=\"panel panel-hidden\"><\/div><\/div><div class=\"accordion-content\"><div class=\"accordion-headline\" name=\"Most: DJELOMI\u010cNO \ud83d\udfe1\">Most: DJELOMI\u010cNO \ud83d\udfe1<\/div><div class=\"panel panel-hidden\"><\/div><\/div><div class=\"accordion-content\"><div class=\"accordion-headline\" name=\"Mo\u017eemo!: DA \u2705\">Mo\u017eemo!: DA \u2705<\/div><div class=\"panel panel-hidden\"><\/div><\/div><div class=\"accordion-content\"><div class=\"accordion-headline\" name=\"SDP: DA \u2705\">SDP: DA \u2705<\/div><div class=\"panel panel-hidden\"><\/div><\/div><\/section>\n\n<section class=\"block accordion-block wp-block-planet4-blocks-accordion is-style-light\"><header><h2 class=\"page-section-header\">5. Hrvatska ne treba sudjelovati u slovenskim planovima za novu nuklearnu elektranu Kr\u0161ko 2, nego se okrenuti doma\u0107im, obnovljivim izvorima.<\/h2><\/header><div class=\"accordion-content\"><div class=\"accordion-headline\" name=\"Domovinski pokret: DJELOMI\u010cNO \ud83d\udfe1\u00a0\u00a0\u00a0\u00a0\u00a0\u00a0\u00a0\u00a0\u00a0(Detaljan odgovor)\">Domovinski pokret: DJELOMI\u010cNO \ud83d\udfe1\u00a0\u00a0\u00a0\u00a0\u00a0\u00a0\u00a0\u00a0\u00a0(Detaljan odgovor)<\/div><div class=\"panel panel-hidden\"><p class=\"accordion-text\">Naprasni prekid pregovora nije nikada dobar. Odustajanje ili prihva\u0107anje plana za izgradnju novog bloka NE Kr\u0161ko tek nakon neovisne studije izvodljivosti visoke stru\u010dne razine.<\/p><\/div><\/div><div class=\"accordion-content\"><div class=\"accordion-headline\" name=\"HDZ:\u2753\">HDZ:\u2753<\/div><div class=\"panel panel-hidden\"><\/div><\/div><div class=\"accordion-content\"><div class=\"accordion-headline\" name=\"Most: DJELOMI\u010cNO \ud83d\udfe1\">Most: DJELOMI\u010cNO \ud83d\udfe1<\/div><div class=\"panel panel-hidden\"><\/div><\/div><div class=\"accordion-content\"><div class=\"accordion-headline\" name=\"Mo\u017eemo!: DJELOMI\u010cNO \ud83d\udfe1\u00a0\u00a0\u00a0\u00a0\u00a0\u00a0\u00a0\u00a0(Detaljan odgovor)\">Mo\u017eemo!: DJELOMI\u010cNO \ud83d\udfe1\u00a0\u00a0\u00a0\u00a0\u00a0\u00a0\u00a0\u00a0(Detaljan odgovor)<\/div><div class=\"panel panel-hidden\"><p class=\"accordion-text\">Na ovo pitanje se ne mo\u017ee odgovoriti jednozna\u010dnim da ili ne, niti se radi o odluci koju Vlada treba donijeti bez postizanja dru\u0161tvenog konsenzusa kojem prethodi \u0161iroka javna rasprava: potrebni su nam razgovori koji nadilaze stru\u010dne i znanstvene rasprave, kao i one koji proizlaze iz argumentacije protivnika nuklearne energije. Govorimo dakle o ozbiljnoj dru\u0161tvenoj polemici vezanoj za nuklearnu energiju op\u0107enito, a to nije pitanje koje se prelama preko koljena u svrhu izborne kampanje. Svima nam je cilj eliminirati fosilne izvore i u tom smislu svaki fosilni izvor je manje po\u017eeljan od bilo kog drugog. Stoga je na\u0161 stav da je nu\u017eno pokrenuti raspravu o kori\u0161tenju nuklearne energije, argumentima za i protiv, uklju\u010divanjem i struke i predstavnika nevladinih organizacija i gra\u0111ana, imaju\u0107i u vidu s jedne strane sve rizike nuklearne energije, a s druge ciljeve energetske tranzicije i ogromne rizike klimatske krize uzrokovane fosilnim gorivima. Pri tome u pogledu Kr\u0161kog moramo zajedno sa Slovenijom razgovarati o isplativosti takve investicije uzimaju\u0107i u obzir da je KW energije iz nuklearke skuplji od obnovljivaca i da izgradnja postrojenja traje daleko du\u017ee. Hrvatska tako\u0111er mora rije\u0161iti obavezu odlaganja nuklearnog otpada. S druge strane, moramo biti svjesni da ako Slovenija ide u gradnju novog bloka, zbog blizine dijelimo sve rizike. Stoga moramo ozbiljno razmotriti da ako ve\u0107 imamo rizike, trebamo li imati i koristi u smislu izvora energije.<\/p><\/div><\/div><div class=\"accordion-content\"><div class=\"accordion-headline\" name=\"SDP: DJELOMI\u010cNO \ud83d\udfe1  \u00a0\u00a0\u00a0\u00a0\u00a0\u00a0\u00a0\u00a0\u00a0(Detaljan odgovor)\">SDP: DJELOMI\u010cNO \ud83d\udfe1  \u00a0\u00a0\u00a0\u00a0\u00a0\u00a0\u00a0\u00a0\u00a0(Detaljan odgovor)<\/div><div class=\"panel panel-hidden\"><p class=\"accordion-text\">Hrvatska se treba pozicionirati u ovoj investiciji, ali samo sa zajam\u010denim rokovima koji ne\u0107e uzrokovati neopravdane tro\u0161kove (kao \u0161to je to slu\u010daj u Francuskoj).<\/p><\/div><\/div><\/section>\n\n<section class=\"block accordion-block wp-block-planet4-blocks-accordion is-style-light\"><header><h2 class=\"page-section-header\">6. Globalni sporazum o oceanima koji je Hrvatska potpisala, a UN usvojio, treba ratificirati do kraja ove godine.<\/h2><\/header><div class=\"accordion-content\"><div class=\"accordion-headline\" name=\"Domovinski pokret: DA \u2705\">Domovinski pokret: DA \u2705<\/div><div class=\"panel panel-hidden\"><\/div><\/div><div class=\"accordion-content\"><div class=\"accordion-headline\" name=\"HDZ:\u2753\">HDZ:\u2753<\/div><div class=\"panel panel-hidden\"><\/div><\/div><div class=\"accordion-content\"><div class=\"accordion-headline\" name=\"Most: DA \u2705\">Most: DA \u2705<\/div><div class=\"panel panel-hidden\"><\/div><\/div><div class=\"accordion-content\"><div class=\"accordion-headline\" name=\"Mo\u017eemo!: DA \u2705\">Mo\u017eemo!: DA \u2705<\/div><div class=\"panel panel-hidden\"><\/div><\/div><div class=\"accordion-content\"><div class=\"accordion-headline\" name=\"SDP: DA \u2705\">SDP: DA \u2705<\/div><div class=\"panel panel-hidden\"><\/div><\/div><\/section>\n\n<section class=\"block accordion-block wp-block-planet4-blocks-accordion is-style-light\"><header><h2 class=\"page-section-header\">7. Po uzoru na Globalni sporazum o oceanima, sna\u017eno poduprijeti i zagovarati ambiciozni Globalni sporazum o plastici.<\/h2><\/header><div class=\"accordion-content\"><div class=\"accordion-headline\" name=\"Domovinski pokret: DA \u2705\u00a0\u00a0\u00a0\u00a0\u00a0\u00a0\u00a0\u00a0\u00a0\u00a0(Detaljan odgovor)\">Domovinski pokret: DA \u2705\u00a0\u00a0\u00a0\u00a0\u00a0\u00a0\u00a0\u00a0\u00a0\u00a0(Detaljan odgovor)<\/div><div class=\"panel panel-hidden\"><p class=\"accordion-text\">Hrvatska treba i mo\u017ee adresirati problem plastike u vlastitom dvori\u0161tu, kao \u0161to na\u010delno podr\u017eava takve aktivnosti na EU i globalnoj razini. To podrazumijeva konkretne mjere na stvaranju sustava za kru\u017eno gospodarenje otpadom, pa tako i plastikom.<\/p><\/div><\/div><div class=\"accordion-content\"><div class=\"accordion-headline\" name=\"HDZ:\u2753\">HDZ:\u2753<\/div><div class=\"panel panel-hidden\"><\/div><\/div><div class=\"accordion-content\"><div class=\"accordion-headline\" name=\"Most: DA \u2705\">Most: DA \u2705<\/div><div class=\"panel panel-hidden\"><\/div><\/div><div class=\"accordion-content\"><div class=\"accordion-headline\" name=\"Mo\u017eemo!: DA \u2705\">Mo\u017eemo!: DA \u2705<\/div><div class=\"panel panel-hidden\"><\/div><\/div><div class=\"accordion-content\"><div class=\"accordion-headline\" name=\"SDP: DA \u2705\">SDP: DA \u2705<\/div><div class=\"panel panel-hidden\"><\/div><\/div><\/section>\n","protected":false},"excerpt":{"rendered":"","protected":false},"author":26,"featured_media":3695,"parent":0,"menu_order":0,"comment_status":"closed","ping_status":"closed","template":"","meta":{"ep_exclude_from_search":false,"p4_hide_page_title_checkbox":"","p4_title":"","p4_subtitle":"","p4_description":"","background_image_id":"","background_image":"","p4_button_title":"","p4_button_link":"","p4_button_link_checkbox":"","p4_og_title":"","p4_og_description":"","p4_og_image":"","p4_og_image_id":"","p4_seo_canonical_url":"","p4_campaign_name":"not set","p4_local_project":"not set","p4_basket_name":"not set","p4_department":"","footnotes":""},"categories":[],"tags":[],"class_list":["post-2474","page","type-page","status-publish","has-post-thumbnail","hentry"],"_links":{"self":[{"href":"https:\/\/www.greenpeace.org\/croatia\/wp-json\/wp\/v2\/pages\/2474","targetHints":{"allow":["GET"]}}],"collection":[{"href":"https:\/\/www.greenpeace.org\/croatia\/wp-json\/wp\/v2\/pages"}],"about":[{"href":"https:\/\/www.greenpeace.org\/croatia\/wp-json\/wp\/v2\/types\/page"}],"author":[{"embeddable":true,"href":"https:\/\/www.greenpeace.org\/croatia\/wp-json\/wp\/v2\/users\/26"}],"replies":[{"embeddable":true,"href":"https:\/\/www.greenpeace.org\/croatia\/wp-json\/wp\/v2\/comments?post=2474"}],"version-history":[{"count":20,"href":"https:\/\/www.greenpeace.org\/croatia\/wp-json\/wp\/v2\/pages\/2474\/revisions"}],"predecessor-version":[{"id":66264,"href":"https:\/\/www.greenpeace.org\/croatia\/wp-json\/wp\/v2\/pages\/2474\/revisions\/66264"}],"wp:featuredmedia":[{"embeddable":true,"href":"https:\/\/www.greenpeace.org\/croatia\/wp-json\/wp\/v2\/media\/3695"}],"wp:attachment":[{"href":"https:\/\/www.greenpeace.org\/croatia\/wp-json\/wp\/v2\/media?parent=2474"}],"wp:term":[{"taxonomy":"category","embeddable":true,"href":"https:\/\/www.greenpeace.org\/croatia\/wp-json\/wp\/v2\/categories?post=2474"},{"taxonomy":"post_tag","embeddable":true,"href":"https:\/\/www.greenpeace.org\/croatia\/wp-json\/wp\/v2\/tags?post=2474"}],"curies":[{"name":"wp","href":"https:\/\/api.w.org\/{rel}","templated":true}]}}