{"id":2479,"date":"2021-09-14T15:18:36","date_gmt":"2021-09-14T13:18:36","guid":{"rendered":"https:\/\/www.greenpeace.org\/croatia\/50-godina-greenpeacea\/"},"modified":"2025-09-23T11:45:18","modified_gmt":"2025-09-23T09:45:18","slug":"50-godina-greenpeacea","status":"publish","type":"page","link":"https:\/\/www.greenpeace.org\/croatia\/50-godina-greenpeacea\/","title":{"rendered":"#50 godina Greenpeacea"},"content":{"rendered":"\n                    <div class=\"wp-block-group is-vertical is-layout-flex wp-container-core-group-is-layout-8cf370e7 wp-block-group-is-layout-flex\">\n                    \n                                <p>Ove godine slavimo 50. obljetnicu Greenpeacea.<\/p>\n                            \n\n                    \n                    <\/div>\n                    \n<p>\u201eNeka bude <em>green peace<\/em>!\u201c, prvi je puta izgovoreno u Vancouveru 1970. Skroman odgovor na standardni hipijevski pozdrav \u201e<em>Peace<\/em>!\u201c iz toga doba. Time je zatvoren sastanak organizacije Don\u2019t Make a Wave Committee, gdje je netom dogovoreno slanje broda na Amchitku radi suprotstavljanja testiranju nuklearnog oru\u017eja.<\/p>\n\n<p>Nisu imali brod ni sredstva za kupiti ga, a sve i da su ih imali, nisu imali niti vje\u0161tine za plovidbu!&nbsp;<\/p>\n\n<p>Godinu dana kasnije, 15. rujna 1971. brod Phyllis Cormac napustio je Vancouver s Greenpeaceovim transparentom ovje\u0161enim preko zapovjedni\u010dkog mosta i zaplovio prema Amchitki spreman \u201euhvatiti se uko\u0161tac s bombom\u201c. I dalje je bilo upitno ho\u0107e li sredstva potrajati i ho\u0107e li vje\u0161tine posade biti dovoljne za taj podvig.<\/p>\n\n<p>\u201eGreenpeace\u201c nikad nije stigao i 6. studenog eksplodirala je podzemna atomska bomba te raznijela otok, otvorila pukotine i ispustila smrtonosnu radijaciju u okoli\u0161. &nbsp;<\/p>\n\n<p>Prva od mnogih \u201e<a href=\"https:\/\/www.greenpeace.org\/international\/story\/30250\/bob-hunter-greenpeace-founder-memorial-mindbombs-rex-weyler\/\" target=\"_blank\" rel=\"noreferrer noopener\">mentalnih bombi<\/a>\u201c \u2013 ideja koje su toliko mo\u0107ne da mijenjaju na\u010din razmi\u0161ljanja \u2013 tako\u0111er je eksplodirala u kolektivnoj svijesti. Hrabrost posade i vje\u0161to pripovijedanje potaknuli su masovni otpor budu\u0107em testiranju te je mo\u0107na Komisija za atomsku energiju SAD-a nevoljko objavila napu\u0161tanje lokacije Amchitke \u201eiz politi\u010dkih i drugih razloga\u201c. <strong>Nevjerojatna pobjeda zato \u0161to su se usudili mariti te zato \u0161to su dovoljno marili da bi se usudili!<\/strong><\/p>\n\n<p><\/p>\n\n<figure class=\"wp-block-embed is-type-video is-provider-youtube wp-block-embed-youtube wp-embed-aspect-16-9 wp-has-aspect-ratio\"><div class=\"wp-block-embed__wrapper\">\n<iframe loading=\"lazy\" title=\"50 godina Greenpeacea\" width=\"500\" height=\"281\" src=\"https:\/\/www.youtube.com\/embed\/vGLi8oZRpYo?feature=oembed\" frameborder=\"0\" allow=\"accelerometer; autoplay; clipboard-write; encrypted-media; gyroscope; picture-in-picture; web-share\" referrerpolicy=\"strict-origin-when-cross-origin\" allowfullscreen><\/iframe>\n<\/div><\/figure>\n\n<p>Greenpeace danas \u010dini 26 nacionalnih i regionalnih organizacija prisutnih u vi\u0161e od 55 zemalja diljem svijeta. <\/p>\n\n<p>Prou\u010dite kartu koja prikazuje datume otvaranja ureda Greenpeacea u svijetu te neke od najbitnijih trenutaka i okoli\u0161nih pobjeda u zadnjih 50 godina.  <\/p>\n\n<iframe loading=\"lazy\" src=\"https:\/\/maps.greenpeace.org\/maps\/gpint\/50th_timeline\/\" width=\"100%\" height=\"850\"><\/iframe>\n\n<div class=\"wp-block-group is-layout-flow wp-block-group-is-layout-flow\">\n    <div class=\"wp-block-query posts-list p4-query-loop is-custom-layout-list is-layout-flow wp-block-query-is-layout-flow\">\n        <div class=\"wp-block-group is-content-justification-space-between is-layout-flex wp-container-core-group-is-layout-3d213aab wp-block-group-is-layout-flex\"><h2 class=\"wp-block-heading\">Povezani \u010dlanci<\/h2>\n        <li class=\" wp-block-navigation-item see-all-link wp-block-navigation-link\"><a class=\"wp-block-navigation-item__content\"  href=\"http:\/\/www.greenpeace.org\/croatia\/news-stories\/?tag=50godina\"><span class=\"wp-block-navigation-item__label\">See all stories<\/span><\/a><\/li>\n        \n        <\/div>\n        \n\n    <p style=\"margin-top: 24px; margin-bottom: 36px;\"><\/p>\n\n    \n\n    <ul class=\"wp-block-post-template is-layout-flow wp-block-post-template-is-layout-flow\"><li class=\"wp-block-post post-2665 post type-post status-publish format-standard has-post-thumbnail hentry category-uncategorized tag-50godina p4-page-type-blog\">\n            \n<div class=\"wp-block-columns is-layout-flex wp-container-core-columns-is-layout-9d6595d7 wp-block-columns-is-layout-flex\"><figure class=\"wp-block-post-featured-image\"><a href=\"https:\/\/www.greenpeace.org\/croatia\/ako-ne-mogu-plesati-ne-zelim-vasu-revoluciju-50-godina-greenpeacea-i-glazbe\/\" target=\"_self\"  ><img loading=\"lazy\" decoding=\"async\" width=\"800\" height=\"533\" src=\"https:\/\/www.greenpeace.org\/static\/planet4-croatia-stateless\/2021\/11\/06333b18-gp0stqw1b_web_size.jpg\" class=\"attachment-post-thumbnail size-post-thumbnail wp-post-image wp-stateless-item\" alt=\"Ako ne mogu plesati, ne \u017eelim va\u0161u revoluciju! 50 godina Greenpeacea i glazbe\" style=\"object-fit:cover;\" srcset=\"https:\/\/www.greenpeace.org\/static\/planet4-croatia-stateless\/2021\/11\/06333b18-gp0stqw1b_web_size.jpg 800w, https:\/\/www.greenpeace.org\/static\/planet4-croatia-stateless\/2021\/11\/06333b18-gp0stqw1b_web_size-300x200.jpg 300w, https:\/\/www.greenpeace.org\/static\/planet4-croatia-stateless\/2021\/11\/06333b18-gp0stqw1b_web_size-768x512.jpg 768w, https:\/\/www.greenpeace.org\/static\/planet4-croatia-stateless\/2021\/11\/06333b18-gp0stqw1b_web_size-510x340.jpg 510w\" sizes=\"auto, (max-width: 800px) 100vw, 800px\" data-image-size=\"post-thumbnail\" data-stateless-media-bucket=\"planet4-croatia-stateless\" data-stateless-media-name=\"2021\/11\/06333b18-gp0stqw1b_web_size.jpg\" \/><\/a><\/figure>\n\n        <div class=\"wp-block-group is-layout-flow wp-block-group-is-layout-flow\">\n                <div class=\"wp-block-group is-layout-flex wp-block-group-is-layout-flex\"><div class=\"wp-block-post-terms\"><a href=\"https:\/\/www.greenpeace.org\/croatia\/category\/uncategorized\/\">Nesvrstano<\/a><\/div>\n                <div class=\"taxonomy-post_tag wp-block-post-terms\"><a href=\"https:\/\/www.greenpeace.org\/croatia\/tag\/50godina\/\" rel=\"tag\">50 godina Greenpeacea<\/a><\/div>\n                \n                <\/div>\n                \n        <h3 class=\"wp-block-post-title\"><a href=\"https:\/\/www.greenpeace.org\/croatia\/ako-ne-mogu-plesati-ne-zelim-vasu-revoluciju-50-godina-greenpeacea-i-glazbe\/\" target=\"_self\" >Ako ne mogu plesati, ne \u017eelim va\u0161u revoluciju! 50 godina Greenpeacea i glazbe<\/a><\/h3>\n        <div class=\"wp-block-post-excerpt\"><p class=\"wp-block-post-excerpt__excerpt\">Sami po\u010deci Greenpeacea isprepleteni su glazbom. Osobine poput kreativnosti, hrabrosti i izravnog djelovanja za obranu na\u0161e prirode od najranijih su dana postale dio Greenpeaceovog DNA, a nadopunila ih je i omogu\u0107ila glazba. Ta veza nastavila se idu\u0107ih pet desetlje\u0107a. <\/p><\/div>\n        \n        <div class=\"wp-block-group posts-list-meta is-layout-flow wp-block-group-is-layout-flow\"><span class='article-list-item-author'>Matt Kemp<\/span>\n        <div class=\"wp-block-post-date\"><time datetime=\"2021-11-19T17:53:05+02:00\">19. 11. 2021.<\/time><\/div>\n        \n        <\/div>\n        <\/div>\n        <\/div>\n\n            <\/li><li class=\"wp-block-post post-2443 post type-post status-publish format-standard has-post-thumbnail hentry category-uncategorized tag-50godina p4-page-type-blog\">\n            \n<div class=\"wp-block-columns is-layout-flex wp-container-core-columns-is-layout-9d6595d7 wp-block-columns-is-layout-flex\"><figure class=\"wp-block-post-featured-image\"><a href=\"https:\/\/www.greenpeace.org\/croatia\/50-godina-greenpeacea-2-dio\/\" target=\"_self\"  ><img loading=\"lazy\" decoding=\"async\" width=\"800\" height=\"545\" src=\"https:\/\/www.greenpeace.org\/static\/planet4-croatia-stateless\/2021\/08\/a0ef72d3-gp0stu2iy_web_size_with_credit_line.jpg\" class=\"attachment-post-thumbnail size-post-thumbnail wp-post-image wp-stateless-item\" alt=\"50 godina Greenpeacea, 2.dio\" style=\"object-fit:cover;\" srcset=\"https:\/\/www.greenpeace.org\/static\/planet4-croatia-stateless\/2021\/08\/a0ef72d3-gp0stu2iy_web_size_with_credit_line.jpg 800w, https:\/\/www.greenpeace.org\/static\/planet4-croatia-stateless\/2021\/08\/a0ef72d3-gp0stu2iy_web_size_with_credit_line-300x204.jpg 300w, https:\/\/www.greenpeace.org\/static\/planet4-croatia-stateless\/2021\/08\/a0ef72d3-gp0stu2iy_web_size_with_credit_line-768x523.jpg 768w, https:\/\/www.greenpeace.org\/static\/planet4-croatia-stateless\/2021\/08\/a0ef72d3-gp0stu2iy_web_size_with_credit_line-499x340.jpg 499w\" sizes=\"auto, (max-width: 800px) 100vw, 800px\" data-image-size=\"post-thumbnail\" data-stateless-media-bucket=\"planet4-croatia-stateless\" data-stateless-media-name=\"2021\/08\/a0ef72d3-gp0stu2iy_web_size_with_credit_line.jpg\" \/><\/a><\/figure>\n\n        <div class=\"wp-block-group is-layout-flow wp-block-group-is-layout-flow\">\n                <div class=\"wp-block-group is-layout-flex wp-block-group-is-layout-flex\"><div class=\"wp-block-post-terms\"><a href=\"https:\/\/www.greenpeace.org\/croatia\/category\/uncategorized\/\">Nesvrstano<\/a><\/div>\n                <div class=\"taxonomy-post_tag wp-block-post-terms\"><a href=\"https:\/\/www.greenpeace.org\/croatia\/tag\/50godina\/\" rel=\"tag\">50 godina Greenpeacea<\/a><\/div>\n                \n                <\/div>\n                \n        <h3 class=\"wp-block-post-title\"><a href=\"https:\/\/www.greenpeace.org\/croatia\/50-godina-greenpeacea-2-dio\/\" target=\"_self\" >50 godina Greenpeacea, 2.dio<\/a><\/h3>\n        <div class=\"wp-block-post-excerpt\"><p class=\"wp-block-post-excerpt__excerpt\">Drugi dio bloga o povijesti Greenpeacea. <\/p><\/div>\n        \n        <div class=\"wp-block-group posts-list-meta is-layout-flow wp-block-group-is-layout-flow\"><span class='article-list-item-author'>Greenpeace International<\/span>\n        <div class=\"wp-block-post-date\"><time datetime=\"2021-08-25T11:11:40+02:00\">25. 08. 2021.<\/time><\/div>\n        \n        <\/div>\n        <\/div>\n        <\/div>\n\n            <\/li><li class=\"wp-block-post post-2416 post type-post status-publish format-standard has-post-thumbnail hentry category-uncategorized tag-50godina p4-page-type-blog\">\n            \n<div class=\"wp-block-columns is-layout-flex wp-container-core-columns-is-layout-9d6595d7 wp-block-columns-is-layout-flex\"><figure class=\"wp-block-post-featured-image\"><a href=\"https:\/\/www.greenpeace.org\/croatia\/50-godina-greenpeacea-1\/\" target=\"_self\"  ><img loading=\"lazy\" decoding=\"async\" width=\"800\" height=\"536\" src=\"https:\/\/www.greenpeace.org\/static\/planet4-croatia-stateless\/2021\/08\/4d0ff2ba-gp019id_web_size_with_credit_line.jpg\" class=\"attachment-post-thumbnail size-post-thumbnail wp-post-image wp-stateless-item\" alt=\"50 godina Greenpeacea\" style=\"object-fit:cover;\" srcset=\"https:\/\/www.greenpeace.org\/static\/planet4-croatia-stateless\/2021\/08\/4d0ff2ba-gp019id_web_size_with_credit_line.jpg 800w, https:\/\/www.greenpeace.org\/static\/planet4-croatia-stateless\/2021\/08\/4d0ff2ba-gp019id_web_size_with_credit_line-300x201.jpg 300w, https:\/\/www.greenpeace.org\/static\/planet4-croatia-stateless\/2021\/08\/4d0ff2ba-gp019id_web_size_with_credit_line-768x515.jpg 768w, https:\/\/www.greenpeace.org\/static\/planet4-croatia-stateless\/2021\/08\/4d0ff2ba-gp019id_web_size_with_credit_line-507x340.jpg 507w\" sizes=\"auto, (max-width: 800px) 100vw, 800px\" data-image-size=\"post-thumbnail\" data-stateless-media-bucket=\"planet4-croatia-stateless\" data-stateless-media-name=\"2021\/08\/4d0ff2ba-gp019id_web_size_with_credit_line.jpg\" \/><\/a><\/figure>\n\n        <div class=\"wp-block-group is-layout-flow wp-block-group-is-layout-flow\">\n                <div class=\"wp-block-group is-layout-flex wp-block-group-is-layout-flex\"><div class=\"wp-block-post-terms\"><a href=\"https:\/\/www.greenpeace.org\/croatia\/category\/uncategorized\/\">Nesvrstano<\/a><\/div>\n                <div class=\"taxonomy-post_tag wp-block-post-terms\"><a href=\"https:\/\/www.greenpeace.org\/croatia\/tag\/50godina\/\" rel=\"tag\">50 godina Greenpeacea<\/a><\/div>\n                \n                <\/div>\n                \n        <h3 class=\"wp-block-post-title\"><a href=\"https:\/\/www.greenpeace.org\/croatia\/50-godina-greenpeacea-1\/\" target=\"_self\" >50 godina Greenpeacea<\/a><\/h3>\n        <div class=\"wp-block-post-excerpt\"><p class=\"wp-block-post-excerpt__excerpt\">Ove godine, 15. rujna, obilje\u017eit \u0107emo to\u010dno 50 godina od prvog putovanja i prisjetiti se kampanja, pobjeda, nau\u010denih lekcija i nevjerojatnih ljudi koji su bili srce Greenpeacea. <\/p><\/div>\n        \n        <div class=\"wp-block-group posts-list-meta is-layout-flow wp-block-group-is-layout-flow\"><span class='article-list-item-author'>Greenpeace International<\/span>\n        <div class=\"wp-block-post-date\"><time datetime=\"2021-08-24T15:57:47+02:00\">24. 08. 2021.<\/time><\/div>\n        \n        <\/div>\n        <\/div>\n        <\/div>\n\n            <\/li><\/ul>\n\n    \n<div class=\"wp-block-buttons carousel-controls is-horizontal is-content-justification-space-between is-nowrap is-layout-flex wp-container-core-buttons-is-layout-044bd602 wp-block-buttons-is-layout-flex\">\n            <div class=\"wp-block-button carousel-control-prev\"><button type=\"button\" class=\"wp-block-button__link wp-element-button\">Prev<\/button><\/div>\n        \n\n            <div class=\"wp-block-button carousel-control-next\"><button type=\"button\" class=\"wp-block-button__link wp-element-button\">Next<\/button><\/div>\n        <\/div>\n\n\n    <li class=\" wp-block-navigation-item see-all-link wp-block-navigation-link\"><a class=\"wp-block-navigation-item__content\"  href=\"http:\/\/www.greenpeace.org\/croatia\/news-stories\/?tag=50godina\"><span class=\"wp-block-navigation-item__label\">See all stories<\/span><\/a><\/li><\/div>\n    <\/div>\n<div data-render=\"planet4-blocks\/happypoint\" data-attributes=\"{&quot;attributes&quot;:{&quot;id&quot;:2482,&quot;override_default_content&quot;:true,&quot;local_content_provider&quot;:&quot;embed_code&quot;,&quot;opacity&quot;:30}}\"><\/div>","protected":false},"excerpt":{"rendered":"<p>Ove godine slavimo 50. obljetnicu Greenpeacea. \u201eNeka bude green peace!\u201c, prvi je puta izgovoreno u Vancouveru 1970. Skroman odgovor na standardni hipijevski pozdrav \u201ePeace!\u201c iz toga doba. Time je zatvoren sastanak organizacije Don\u2019t Make a Wave Committee, gdje je netom dogovoreno slanje broda na Amchitku radi suprotstavljanja testiranju nuklearnog oru\u017eja. Nisu imali brod ni sredstva [&hellip;]<\/p>\n","protected":false},"author":26,"featured_media":0,"parent":0,"menu_order":0,"comment_status":"closed","ping_status":"closed","template":"","meta":{"ep_exclude_from_search":false,"p4_hide_page_title_checkbox":"","p4_title":"","p4_subtitle":"","p4_description":"","background_image_id":"","background_image":"","p4_button_title":"","p4_button_link":"","p4_button_link_checkbox":"","p4_og_title":"","p4_og_description":"","p4_og_image":"","p4_og_image_id":"","p4_seo_canonical_url":"","p4_campaign_name":"not set","p4_local_project":"not set","p4_basket_name":"not set","p4_department":"","footnotes":""},"categories":[],"tags":[],"class_list":["post-2479","page","type-page","status-publish","hentry"],"_links":{"self":[{"href":"https:\/\/www.greenpeace.org\/croatia\/wp-json\/wp\/v2\/pages\/2479","targetHints":{"allow":["GET"]}}],"collection":[{"href":"https:\/\/www.greenpeace.org\/croatia\/wp-json\/wp\/v2\/pages"}],"about":[{"href":"https:\/\/www.greenpeace.org\/croatia\/wp-json\/wp\/v2\/types\/page"}],"author":[{"embeddable":true,"href":"https:\/\/www.greenpeace.org\/croatia\/wp-json\/wp\/v2\/users\/26"}],"replies":[{"embeddable":true,"href":"https:\/\/www.greenpeace.org\/croatia\/wp-json\/wp\/v2\/comments?post=2479"}],"version-history":[{"count":19,"href":"https:\/\/www.greenpeace.org\/croatia\/wp-json\/wp\/v2\/pages\/2479\/revisions"}],"predecessor-version":[{"id":66362,"href":"https:\/\/www.greenpeace.org\/croatia\/wp-json\/wp\/v2\/pages\/2479\/revisions\/66362"}],"wp:attachment":[{"href":"https:\/\/www.greenpeace.org\/croatia\/wp-json\/wp\/v2\/media?parent=2479"}],"wp:term":[{"taxonomy":"category","embeddable":true,"href":"https:\/\/www.greenpeace.org\/croatia\/wp-json\/wp\/v2\/categories?post=2479"},{"taxonomy":"post_tag","embeddable":true,"href":"https:\/\/www.greenpeace.org\/croatia\/wp-json\/wp\/v2\/tags?post=2479"}],"curies":[{"name":"wp","href":"https:\/\/api.w.org\/{rel}","templated":true}]}}