{"id":2551,"date":"2021-10-07T09:24:59","date_gmt":"2021-10-07T07:24:59","guid":{"rendered":"https:\/\/www.greenpeace.org\/croatia\/fosilniplin\/"},"modified":"2026-04-29T14:32:51","modified_gmt":"2026-04-29T12:32:51","slug":"fosilniplin","status":"publish","type":"page","link":"https:\/\/www.greenpeace.org\/croatia\/fosilniplin\/","title":{"rendered":"#FosilniPlin"},"content":{"rendered":"\n<div class=\"wp-block-group is-vertical is-layout-flex wp-container-core-group-is-layout-8cf370e7 wp-block-group-is-layout-flex\">\n<p>Fosilne kompanije ve\u0107 se godinama koriste razli\u010ditim PR taktikama i mehanizmima greenwashinga (la\u017enog predstavljanja zaga\u0111iva\u010da zelenima) za ogla\u0161avanje plina kao \u010di\u0161\u0107eg i zelenijeg ro\u0111aka ugljena i nafte, goriva koje \u0107e utrti put do na\u0161ih klimatskih ciljeva.\n\nMe\u0111utim, postoji jedan problem \u2013 to nije istina.\n \n\u2018Prirodni\u2019 plin jednako je prirodan kao ugljen i nafta. Istina, on nastaje prirodnim procesima, ali puno manjom brzinom (doista puno puno sporije) nego \u0161to ga mi vadimo. \n\nNazovimo ga stoga pravim imenom. Plin je fosilno gorivo, a u vrijeme globalnog zagrijavanja i klimatske krize, jako je lo\u0161a ideja vaditi ga i spaljivati.\n\nZovimo ga radije \u2018fosilnim plinom\u2019 nego \u2018prirodnim plinom\u2019 jer taj je izraz stvarno zastario.\n\nI dok neki poku\u0161avaju argumentirati da fosilni plin ispu\u0161ta manje ugljikovog dioksida od ugljena i nafte te da ga to \u010dini boljim, osvrnimo se na nekoliko <b>klju\u010dnih brojki i \u010dinjenica<\/b>:\n\n1. Fosilni plin u svijetu ima najbr\u017ei rast potro\u0161nje od svih fosilnih goriva. U zemljama Europske unije postao je ve\u0107i izvor emisija CO2 od ugljena. \n2. Metan, iznimno sna\u017ean stakleni\u010dki plin, \u010dini vi\u0161e od 80% fosilnog plina. Kad dospije u atmosferu, metan ima \u010dak 84 puta ve\u0107i potencijal globalnog zatopljenja u odnosu na uglji\u010dni dioksid u razdoblju od 20 godina, te 28 puta ve\u0107i potencijal globalnog zatopljenja u razdoblju od 100 godina. Novija istra\u017eivanja upozoravaju na istjecanje metana tijekom \u017eivotnog ciklusa fosilnog plina, \u0161to uklju\u010duje proizvodnju, prijevoz i kori\u0161tenje.\n3. Ako EU \u017eeli ispuniti obaveze preuzete prema Pari\u0161kom sporazumu, mora postati klimatski neutralna do 2040. te prestati koristiti fosilni plin do 2035.\n\nZato, sljede\u0107i put kad ti netko poku\u0161a prodati plin kao rje\u0161enje, sjeti se da je on zapravo (veliki) dio problema. Utjecaji klimatske krize i nedostatak mjera za njezino ubla\u017eavanje jasno daju do znanja da se fosilni plin ne smije smatrati \u201etranzicijskim\u201c gorivom. Umjesto toga, treba mu se suprotstaviti i protiviti jednako sna\u017eno i nemilosrdno kao \u0161to se protivimo ugljenu. \n\nSad se vi\u0161e nego ikad moramo boriti protiv klimatskih promjena, a to zna\u010di da se moramo i uloviti u ko\u0161tac s utjecajem koji fosilne kompanije imaju nad na\u0161im donositeljima odluka. Moramo se pobrinuti da na\u0161a vlada i druge vlade ukinu financijsko subvencioniranje industrije fosilnog plina i politike kojima je podupiru. Energetski sektor mora se o\u010distiti od starih fosila dok brzamo prema odr\u017eivim i doista \u010di\u0161\u0107im izvorima energije kao \u0161to su energija vjetra i sunca.<\/p>\n<\/div>\n\n<div class=\"wp-block-query posts-list p4-query-loop is-custom-layout-list is-layout-flow wp-block-query-is-layout-flow\">\n<div class=\"wp-block-group is-content-justification-space-between is-layout-flex wp-container-core-group-is-layout-3d213aab wp-block-group-is-layout-flex\">\n<h2 class=\"wp-block-heading\">Povezani \u010dlanci<\/h2>\n\n\n<li class=\" wp-block-navigation-item see-all-link wp-block-navigation-link\"><a class=\"wp-block-navigation-item__content\"  href=\"http:\/\/www.greenpeace.org\/croatia\/news-stories\/?tag=fosilniplin\"><span data-ga-category=\"Posts List\" data-ga-action=\"See More Link\" data-ga-label=\"n\/a\" class=\"wp-block-navigation-item__label\">See all stories<\/span><\/a><\/li><\/div>\n\n\n\n<p style=\"margin-top:24px;margin-bottom:36px\"><\/p>\n\n\n\n\n<ul class=\"wp-block-post-template is-layout-flow wp-block-post-template-is-layout-flow\"><li class=\"wp-block-post post-66604 post type-post status-publish format-standard has-post-thumbnail hentry category-klima-i-energija tag-obnovljiviizvori tag-klimatskepromjene tag-fosilnagoriva tag-fosilniplin p4-page-type-pr\">\n\n<div class=\"wp-block-columns is-layout-flex wp-container-core-columns-is-layout-9d6595d7 wp-block-columns-is-layout-flex\"><figure class=\"wp-block-post-featured-image\"><a href=\"https:\/\/www.greenpeace.org\/croatia\/greenpeace-razotkriva-da-plinska-industrija-rasipa-energiju-krseci-zabranu-eu-a\/\" target=\"_self\"  ><img loading=\"lazy\" decoding=\"async\" data-ga-category=\"Posts List\" data-ga-action=\"Image\" data-ga-label=\"n\/a\" width=\"2500\" height=\"1793\" src=\"https:\/\/www.greenpeace.org\/static\/planet4-croatia-stateless\/2026\/04\/c862ce5f-spaljivanje-metana-u-dugom-selu-greenpeace-4.jpg\" class=\"attachment-post-thumbnail size-post-thumbnail wp-post-image wp-stateless-item\" alt=\"Greenpeace razotkriva da plinska industrija rasipa energiju kr\u0161e\u0107i zabranu EU-a\" style=\"object-fit:cover;\" srcset=\"https:\/\/www.greenpeace.org\/static\/planet4-croatia-stateless\/2026\/04\/c862ce5f-spaljivanje-metana-u-dugom-selu-greenpeace-4.jpg 2500w, https:\/\/www.greenpeace.org\/static\/planet4-croatia-stateless\/2026\/04\/c862ce5f-spaljivanje-metana-u-dugom-selu-greenpeace-4-300x215.jpg 300w, https:\/\/www.greenpeace.org\/static\/planet4-croatia-stateless\/2026\/04\/c862ce5f-spaljivanje-metana-u-dugom-selu-greenpeace-4-1024x734.jpg 1024w, https:\/\/www.greenpeace.org\/static\/planet4-croatia-stateless\/2026\/04\/c862ce5f-spaljivanje-metana-u-dugom-selu-greenpeace-4-768x551.jpg 768w, https:\/\/www.greenpeace.org\/static\/planet4-croatia-stateless\/2026\/04\/c862ce5f-spaljivanje-metana-u-dugom-selu-greenpeace-4-1536x1102.jpg 1536w, https:\/\/www.greenpeace.org\/static\/planet4-croatia-stateless\/2026\/04\/c862ce5f-spaljivanje-metana-u-dugom-selu-greenpeace-4-2048x1469.jpg 2048w, https:\/\/www.greenpeace.org\/static\/planet4-croatia-stateless\/2026\/04\/c862ce5f-spaljivanje-metana-u-dugom-selu-greenpeace-4-1905x1366.jpg 1905w, https:\/\/www.greenpeace.org\/static\/planet4-croatia-stateless\/2026\/04\/c862ce5f-spaljivanje-metana-u-dugom-selu-greenpeace-4-474x340.jpg 474w\" sizes=\"auto, (max-width: 2500px) 100vw, 2500px\" data-image-size=\"post-thumbnail\" data-stateless-media-bucket=\"planet4-croatia-stateless\" data-stateless-media-name=\"2026\/04\/c862ce5f-spaljivanje-metana-u-dugom-selu-greenpeace-4.jpg\" \/><\/a><\/figure>\n\n\n<div class=\"wp-block-group is-layout-flow wp-block-group-is-layout-flow\">\n<div class=\"wp-block-group is-layout-flex wp-block-group-is-layout-flex\"><div class=\"wp-block-post-terms\"><a data-ga-category=\"Posts List\" data-ga-action=\"Post Type Tag\" data-ga-label=\"n\/a\" href=\"https:\/\/www.greenpeace.org\/croatia\/category\/issues\/klima-i-energija\/\">Klima i energija<\/a><\/div>\n\n<div class=\"taxonomy-post_tag wp-block-post-terms\"><a data-ga-category=\"Posts List\" data-ga-action=\"Navigation Tag\" data-ga-label=\"n\/a\" href=\"https:\/\/www.greenpeace.org\/croatia\/tag\/obnovljiviizvori\/\" rel=\"tag\">ObnovljiviIzvori<\/a><span class=\"wp-block-post-terms__separator\"> <\/span><a data-ga-category=\"Posts List\" data-ga-action=\"Navigation Tag\" data-ga-label=\"n\/a\" href=\"https:\/\/www.greenpeace.org\/croatia\/tag\/klimatskepromjene\/\" rel=\"tag\">KlimatskePromjene<\/a><span class=\"wp-block-post-terms__separator\"> <\/span><a data-ga-category=\"Posts List\" data-ga-action=\"Navigation Tag\" data-ga-label=\"n\/a\" href=\"https:\/\/www.greenpeace.org\/croatia\/tag\/fosilnagoriva\/\" rel=\"tag\">FosilnaGoriva<\/a><span class=\"wp-block-post-terms__separator\"> <\/span><a data-ga-category=\"Posts List\" data-ga-action=\"Navigation Tag\" data-ga-label=\"n\/a\" href=\"https:\/\/www.greenpeace.org\/croatia\/tag\/fosilniplin\/\" rel=\"tag\">FosilniPlin<\/a><\/div><\/div>\n\n\n<h3 class=\"wp-block-post-title\"><a data-ga-category=\"Posts List\" data-ga-action=\"Title\" data-ga-label=\"n\/a\" href=\"https:\/\/www.greenpeace.org\/croatia\/greenpeace-razotkriva-da-plinska-industrija-rasipa-energiju-krseci-zabranu-eu-a\/\" target=\"_self\" >Greenpeace razotkriva da plinska industrija rasipa energiju kr\u0161e\u0107i zabranu EU-a<\/a><\/h3>\n\n<div class=\"wp-block-post-excerpt\"><p class=\"wp-block-post-excerpt__excerpt\">Istra\u017eivanje Greenpeacea Hrvatske i Greenpeacea Ma\u0111arske otkriva da pojedina postrojenja za fosilni plin i naftu spaljuju velike koli\u010dine metana \u010dime izgledno kr\u0161e Uredbu EU o metanu koja zabranjuje rutinsko spaljivanje na baklji od 5. velja\u010de 2026. <\/p><\/div>\n\n\n<div class=\"wp-block-group posts-list-meta is-layout-flow wp-block-group-is-layout-flow\"><span class='article-list-item-author'>Greenpeace HR<\/span>\n\n<div class=\"wp-block-post-date\"><time datetime=\"2026-04-07T10:09:30+02:00\">07. 04. 2026.<\/time><\/div><\/div>\n<\/div>\n<\/div>\n\n<\/li><li class=\"wp-block-post post-66569 post type-post status-publish format-standard has-post-thumbnail hentry category-klima-i-energija tag-klimatskepromjene tag-fosilnagoriva tag-fosilniplin p4-page-type-vijest\">\n\n<div class=\"wp-block-columns is-layout-flex wp-container-core-columns-is-layout-9d6595d7 wp-block-columns-is-layout-flex\"><figure class=\"wp-block-post-featured-image\"><a href=\"https:\/\/www.greenpeace.org\/croatia\/arte-tv-objavio-dokumentarac-o-metanu-sniman-u-suradnji-s-catf-om-i-greenpeaceom-u-hrvatskoj\/\" target=\"_self\"  ><img loading=\"lazy\" decoding=\"async\" data-ga-category=\"Posts List\" data-ga-action=\"Image\" data-ga-label=\"n\/a\" width=\"940\" height=\"788\" src=\"https:\/\/www.greenpeace.org\/static\/planet4-croatia-stateless\/2026\/02\/d1c28851-main-visual_catf-croatia-2025.png\" class=\"attachment-post-thumbnail size-post-thumbnail wp-post-image wp-stateless-item\" alt=\"ARTE TV objavio dokumentarac o metanu sniman u suradnji s CATF-om i Greenpeaceom u Hrvatskoj\u00a0\" style=\"object-fit:cover;\" srcset=\"https:\/\/www.greenpeace.org\/static\/planet4-croatia-stateless\/2026\/02\/d1c28851-main-visual_catf-croatia-2025.png 940w, https:\/\/www.greenpeace.org\/static\/planet4-croatia-stateless\/2026\/02\/d1c28851-main-visual_catf-croatia-2025-300x251.png 300w, https:\/\/www.greenpeace.org\/static\/planet4-croatia-stateless\/2026\/02\/d1c28851-main-visual_catf-croatia-2025-768x644.png 768w, https:\/\/www.greenpeace.org\/static\/planet4-croatia-stateless\/2026\/02\/d1c28851-main-visual_catf-croatia-2025-406x340.png 406w\" sizes=\"auto, (max-width: 940px) 100vw, 940px\" data-image-size=\"post-thumbnail\" data-stateless-media-bucket=\"planet4-croatia-stateless\" data-stateless-media-name=\"2026\/02\/d1c28851-main-visual_catf-croatia-2025.png\" \/><\/a><\/figure>\n\n\n<div class=\"wp-block-group is-layout-flow wp-block-group-is-layout-flow\">\n<div class=\"wp-block-group is-layout-flex wp-block-group-is-layout-flex\"><div class=\"wp-block-post-terms\"><a data-ga-category=\"Posts List\" data-ga-action=\"Post Type Tag\" data-ga-label=\"n\/a\" href=\"https:\/\/www.greenpeace.org\/croatia\/category\/issues\/klima-i-energija\/\">Klima i energija<\/a><\/div>\n\n<div class=\"taxonomy-post_tag wp-block-post-terms\"><a data-ga-category=\"Posts List\" data-ga-action=\"Navigation Tag\" data-ga-label=\"n\/a\" href=\"https:\/\/www.greenpeace.org\/croatia\/tag\/klimatskepromjene\/\" rel=\"tag\">KlimatskePromjene<\/a><span class=\"wp-block-post-terms__separator\"> <\/span><a data-ga-category=\"Posts List\" data-ga-action=\"Navigation Tag\" data-ga-label=\"n\/a\" href=\"https:\/\/www.greenpeace.org\/croatia\/tag\/fosilnagoriva\/\" rel=\"tag\">FosilnaGoriva<\/a><span class=\"wp-block-post-terms__separator\"> <\/span><a data-ga-category=\"Posts List\" data-ga-action=\"Navigation Tag\" data-ga-label=\"n\/a\" href=\"https:\/\/www.greenpeace.org\/croatia\/tag\/fosilniplin\/\" rel=\"tag\">FosilniPlin<\/a><\/div><\/div>\n\n\n<h3 class=\"wp-block-post-title\"><a data-ga-category=\"Posts List\" data-ga-action=\"Title\" data-ga-label=\"n\/a\" href=\"https:\/\/www.greenpeace.org\/croatia\/arte-tv-objavio-dokumentarac-o-metanu-sniman-u-suradnji-s-catf-om-i-greenpeaceom-u-hrvatskoj\/\" target=\"_self\" >ARTE TV objavio dokumentarac o metanu sniman u suradnji s CATF-om i Greenpeaceom u Hrvatskoj\u00a0<\/a><\/h3>\n\n<div class=\"wp-block-post-excerpt\"><p class=\"wp-block-post-excerpt__excerpt\">TV ekipa pratila je terenski rad lovca na metan iz organizacije Clean Air Task Force (CATF) i Greenpeacea u Hrvatskoj. Snimke termalne kamere po\u010detkom studenog pokazale su curenja metana na fosilnoj infrastrukturi kakva su otkrivena i u o\u017eujku. <\/p><\/div>\n\n\n<div class=\"wp-block-group posts-list-meta is-layout-flow wp-block-group-is-layout-flow\"><span class='article-list-item-author'>Greenpeace u Hrvatskoj<\/span>\n\n<div class=\"wp-block-post-date\"><time datetime=\"2026-02-26T16:01:50+02:00\">26. 02. 2026.<\/time><\/div><\/div>\n<\/div>\n<\/div>\n\n<\/li><li class=\"wp-block-post post-66581 post type-post status-publish format-standard has-post-thumbnail hentry category-klima-i-energija tag-obnovljiviizvori tag-klimatskepromjene tag-fosilnagoriva tag-fosilniplin p4-page-type-vijest\">\n\n<div class=\"wp-block-columns is-layout-flex wp-container-core-columns-is-layout-9d6595d7 wp-block-columns-is-layout-flex\"><figure class=\"wp-block-post-featured-image\"><a href=\"https:\/\/www.greenpeace.org\/croatia\/stop-trumpovoj-prljavoj-energiji\/\" target=\"_self\"  ><img loading=\"lazy\" decoding=\"async\" data-ga-category=\"Posts List\" data-ga-action=\"Image\" data-ga-label=\"n\/a\" width=\"1200\" height=\"900\" src=\"https:\/\/www.greenpeace.org\/static\/planet4-croatia-stateless\/2026\/03\/bbf5d9aa-gp0su89ov_medium-res-1200px.jpg\" class=\"attachment-post-thumbnail size-post-thumbnail wp-post-image wp-stateless-item\" alt=\"Nova peticija: STOP Trumpovoj prljavoj energiji\" style=\"object-fit:cover;\" srcset=\"https:\/\/www.greenpeace.org\/static\/planet4-croatia-stateless\/2026\/03\/bbf5d9aa-gp0su89ov_medium-res-1200px.jpg 1200w, https:\/\/www.greenpeace.org\/static\/planet4-croatia-stateless\/2026\/03\/bbf5d9aa-gp0su89ov_medium-res-1200px-300x225.jpg 300w, https:\/\/www.greenpeace.org\/static\/planet4-croatia-stateless\/2026\/03\/bbf5d9aa-gp0su89ov_medium-res-1200px-1024x768.jpg 1024w, https:\/\/www.greenpeace.org\/static\/planet4-croatia-stateless\/2026\/03\/bbf5d9aa-gp0su89ov_medium-res-1200px-768x576.jpg 768w, https:\/\/www.greenpeace.org\/static\/planet4-croatia-stateless\/2026\/03\/bbf5d9aa-gp0su89ov_medium-res-1200px-453x340.jpg 453w\" sizes=\"auto, (max-width: 1200px) 100vw, 1200px\" data-image-size=\"post-thumbnail\" data-stateless-media-bucket=\"planet4-croatia-stateless\" data-stateless-media-name=\"2026\/03\/bbf5d9aa-gp0su89ov_medium-res-1200px.jpg\" \/><\/a><\/figure>\n\n\n<div class=\"wp-block-group is-layout-flow wp-block-group-is-layout-flow\">\n<div class=\"wp-block-group is-layout-flex wp-block-group-is-layout-flex\"><div class=\"wp-block-post-terms\"><a data-ga-category=\"Posts List\" data-ga-action=\"Post Type Tag\" data-ga-label=\"n\/a\" href=\"https:\/\/www.greenpeace.org\/croatia\/category\/issues\/klima-i-energija\/\">Klima i energija<\/a><\/div>\n\n<div class=\"taxonomy-post_tag wp-block-post-terms\"><a data-ga-category=\"Posts List\" data-ga-action=\"Navigation Tag\" data-ga-label=\"n\/a\" href=\"https:\/\/www.greenpeace.org\/croatia\/tag\/obnovljiviizvori\/\" rel=\"tag\">ObnovljiviIzvori<\/a><span class=\"wp-block-post-terms__separator\"> <\/span><a data-ga-category=\"Posts List\" data-ga-action=\"Navigation Tag\" data-ga-label=\"n\/a\" href=\"https:\/\/www.greenpeace.org\/croatia\/tag\/klimatskepromjene\/\" rel=\"tag\">KlimatskePromjene<\/a><span class=\"wp-block-post-terms__separator\"> <\/span><a data-ga-category=\"Posts List\" data-ga-action=\"Navigation Tag\" data-ga-label=\"n\/a\" href=\"https:\/\/www.greenpeace.org\/croatia\/tag\/fosilnagoriva\/\" rel=\"tag\">FosilnaGoriva<\/a><span class=\"wp-block-post-terms__separator\"> <\/span><a data-ga-category=\"Posts List\" data-ga-action=\"Navigation Tag\" data-ga-label=\"n\/a\" href=\"https:\/\/www.greenpeace.org\/croatia\/tag\/fosilniplin\/\" rel=\"tag\">FosilniPlin<\/a><\/div><\/div>\n\n\n<h3 class=\"wp-block-post-title\"><a data-ga-category=\"Posts List\" data-ga-action=\"Title\" data-ga-label=\"n\/a\" href=\"https:\/\/www.greenpeace.org\/croatia\/stop-trumpovoj-prljavoj-energiji\/\" target=\"_self\" >Nova peticija: STOP Trumpovoj prljavoj energiji<\/a><\/h3>\n\n<div class=\"wp-block-post-excerpt\"><p class=\"wp-block-post-excerpt__excerpt\">Ovisnost o fosilnom plinu ubrzava klimatsku krizu i predstavlja sigurnosni rizik za Europu. <\/p><\/div>\n\n\n<div class=\"wp-block-group posts-list-meta is-layout-flow wp-block-group-is-layout-flow\"><span class='article-list-item-author'>Greenpeace u Hrvatskoj<\/span>\n\n<div class=\"wp-block-post-date\"><time datetime=\"2026-02-13T15:35:42+02:00\">13. 02. 2026.<\/time><\/div><\/div>\n<\/div>\n<\/div>\n\n<\/li><\/ul>\n\n\n<div class=\"wp-block-buttons carousel-controls is-horizontal is-content-justification-space-between is-nowrap is-layout-flex wp-container-core-buttons-is-layout-044bd602 wp-block-buttons-is-layout-flex\">\n<div class=\"wp-block-button carousel-control-prev\"><button type=\"button\" class=\"wp-block-button__link wp-element-button\">Prev<\/button><\/div>\n\n\n\n<div class=\"wp-block-button carousel-control-next\"><button type=\"button\" class=\"wp-block-button__link wp-element-button\">Next<\/button><\/div>\n<\/div>\n\n\n<li class=\" wp-block-navigation-item see-all-link wp-block-navigation-link\"><a class=\"wp-block-navigation-item__content\"  href=\"http:\/\/www.greenpeace.org\/croatia\/news-stories\/?tag=fosilniplin\"><span data-ga-category=\"Posts List\" data-ga-action=\"See More Link\" data-ga-label=\"n\/a\" class=\"wp-block-navigation-item__label\">Vidi sve<\/span><\/a><\/li><\/div>\n<div data-render=\"planet4-blocks\/happypoint\" data-attributes=\"{&quot;attributes&quot;:{&quot;embed_code&quot;:&quot;&quot;,&quot;override_default_content&quot;:true,&quot;local_content_provider&quot;:&quot;embed_code&quot;,&quot;opacity&quot;:30}}\"><\/div>","protected":false},"excerpt":{"rendered":"<p>Fosilne kompanije ve\u0107 se godinama koriste razli\u010ditim PR taktikama i mehanizmima greenwashinga (la\u017enog predstavljanja zaga\u0111iva\u010da zelenima) za ogla\u0161avanje plina kao \u010di\u0161\u0107eg i zelenijeg ro\u0111aka ugljena i nafte, goriva koje \u0107e utrti put do na\u0161ih klimatskih ciljeva. Me\u0111utim, postoji jedan problem \u2013 to nije istina. \u2018Prirodni\u2019 plin jednako je prirodan kao ugljen i nafta. Istina, on [&hellip;]<\/p>\n","protected":false},"author":33,"featured_media":65977,"parent":0,"menu_order":0,"comment_status":"closed","ping_status":"closed","template":"","meta":{"ep_exclude_from_search":false,"p4_hide_page_title_checkbox":"","p4_title":"","p4_subtitle":"","p4_description":"","background_image_id":"","background_image":"","p4_button_title":"","p4_button_link":"","p4_button_link_checkbox":"","p4_og_title":"","p4_og_description":"","p4_og_image":"","p4_og_image_id":"","p4_seo_canonical_url":"","p4_campaign_name":"not set","p4_local_project":"not set","p4_basket_name":"not set","p4_department":"","footnotes":""},"categories":[],"tags":[],"class_list":["post-2551","page","type-page","status-publish","has-post-thumbnail","hentry"],"_links":{"self":[{"href":"https:\/\/www.greenpeace.org\/croatia\/wp-json\/wp\/v2\/pages\/2551","targetHints":{"allow":["GET"]}}],"collection":[{"href":"https:\/\/www.greenpeace.org\/croatia\/wp-json\/wp\/v2\/pages"}],"about":[{"href":"https:\/\/www.greenpeace.org\/croatia\/wp-json\/wp\/v2\/types\/page"}],"author":[{"embeddable":true,"href":"https:\/\/www.greenpeace.org\/croatia\/wp-json\/wp\/v2\/users\/33"}],"replies":[{"embeddable":true,"href":"https:\/\/www.greenpeace.org\/croatia\/wp-json\/wp\/v2\/comments?post=2551"}],"version-history":[{"count":11,"href":"https:\/\/www.greenpeace.org\/croatia\/wp-json\/wp\/v2\/pages\/2551\/revisions"}],"predecessor-version":[{"id":66632,"href":"https:\/\/www.greenpeace.org\/croatia\/wp-json\/wp\/v2\/pages\/2551\/revisions\/66632"}],"wp:featuredmedia":[{"embeddable":true,"href":"https:\/\/www.greenpeace.org\/croatia\/wp-json\/wp\/v2\/media\/65977"}],"wp:attachment":[{"href":"https:\/\/www.greenpeace.org\/croatia\/wp-json\/wp\/v2\/media?parent=2551"}],"wp:term":[{"taxonomy":"category","embeddable":true,"href":"https:\/\/www.greenpeace.org\/croatia\/wp-json\/wp\/v2\/categories?post=2551"},{"taxonomy":"post_tag","embeddable":true,"href":"https:\/\/www.greenpeace.org\/croatia\/wp-json\/wp\/v2\/tags?post=2551"}],"curies":[{"name":"wp","href":"https:\/\/api.w.org\/{rel}","templated":true}]}}