{"id":2925,"date":"2022-12-01T14:49:07","date_gmt":"2022-12-01T12:49:07","guid":{"rendered":"https:\/\/www.greenpeace.org\/croatia\/?page_id=2925"},"modified":"2022-12-01T15:36:52","modified_gmt":"2022-12-01T13:36:52","slug":"greenpeace-komentar-na-pravilnik-o-ambalazi","status":"publish","type":"page","link":"https:\/\/www.greenpeace.org\/croatia\/greenpeace-komentar-na-pravilnik-o-ambalazi\/","title":{"rendered":"Greenpeace: Komentar na Pravilnik o ambala\u017ei i jednokratnoj plastici"},"content":{"rendered":"\n<p>PRAVILNIK O AMBALA\u017dI I OTPADNOJ AMBALA\u017dI, PLASTI\u010cNIM PROIZVODIMA ZA JEDNOKRATNU UPORABU I RIBOLOVNOM ALATU KOJI SADR\u017dAVA PLASTIKU<\/p>\n\n<p>Poveznica na savjetovanje <a href=\"https:\/\/esavjetovanja.gov.hr\/ECon\/MainScreen?entityId=22312\">se nalazi ovdje. <\/a>Otvoreno je do 10. prosinca 2022.<\/p>\n\n<p>Pozdravljamo neke pozitivne promjene koje ovaj Pravilnik donosi, ali nu\u017eno je pove\u0107ati razinu ambicija i pokazati stvarnu namjeru da se stane na kraj one\u010di\u0161\u0107enju plastikom za jednokratnu upotrebu. Recikliranje ne mo\u017ee biti glavno rje\u0161enje, a rje\u0161enja ne treba tra\u017eiti ni u zamjeni jednokratne plastike drugim materijalima za jednokratnu upotrebu. Potrebno je voditi se temeljnim na\u010delom Direktive o jednokratnoj plastici \u2013 odmakom od jednokratne upotrebe i pomakom prema rje\u0161enjima za vi\u0161ekratnu upotrebu.<\/p>\n\n<p>Pregledom Pravilnika utvrdili smo nekoliko smjernica koje bi dovele do obuhvatnijeg i kvalitetnijeg ure\u0111enja:<\/p>\n\n<p>Pravilnikom se ne postavljaju jasni ciljevi smanjenja potro\u0161nje jednokratnih plasti\u010dnih proizvoda, ve\u0107 se samo ponavlja na\u010delna obveza da se ostvari \u201emjerljivo kvantitativno smanjenje\u201d iz Zakona o gospodarenju otpadom. Ponavljamo zahtjev da treba postaviti jasan obavezan cilj smanjenja na izvoru, odnosno smanjenja potro\u0161nje za jednokratne plasti\u010dne \u010da\u0161e za napitke, jednokratne plasti\u010dne spremnike za hranu (50% do 2025. i 80% do 2030.), kao i za sve ostale jednokratne plasti\u010dne proizvode koji nisu nu\u017eni te jednokratnu plasti\u010dnu ambala\u017eu.<\/p>\n\n<p>Ponavljamo stav da vrlo lagane plasti\u010dne vre\u0107ice treba zabraniti. Kako u Zakonu o gospodarenju otpadom to nije u\u010dinjeno, obvezna naplata tih vre\u0107ica krajnjem korisniku je minimalna mjera za ograni\u010davanje njihove uporabe i pozdravljamo je tek kao privremenu mjeru. Svakako je potrebno uvesti krajnji rok nakon kojega one ne\u0107e biti dostupne na tr\u017ei\u0161tu.<\/p>\n\n<p>Pro\u0161irenje sustava povratne naknade korak je u dobrom smjeru, ali trebalo bi obuhvatiti i jednokratnu ambala\u017eu od pi\u0107a ve\u0107u od 3 litre i drugu ambala\u017eu teku\u0107ih jestivih proizvoda.<\/p>\n\n<p>Pozdravljamo uvo\u0111enje obveze kori\u0161tenja vi\u0161ekratnih \u010da\u0161a u ugostiteljskim objektima gdje se pripremaju i uslu\u017euju napici. Obvezu treba provesti dosljedno i u nju uklju\u010diti i objekte jednostavnih usluga. Za ugostiteljske objekte gdje se hrana priprema i uslu\u017euje na lokaciji, propisati obvezu uporabe vi\u0161ekratnog posu\u0111a i pribora za jelo, neovisno o vrsti ugostiteljskog objekta. Tako\u0111er, za sve ugostiteljske objekte potrebno je propisati obvezu da osiguraju vodu za pi\u0107e dostupnu iz slavine.<\/p>\n","protected":false},"excerpt":{"rendered":"<p>Pozdravljamo neke pozitivne promjene koje ovaj Pravilnik donosi, ali nu\u017eno je pove\u0107ati razinu ambicija i pokazati stvarnu namjeru da se stane na kraj one\u010di\u0161\u0107enju plastikom za jednokratnu upotrebu. <\/p>\n","protected":false},"author":26,"featured_media":0,"parent":0,"menu_order":0,"comment_status":"closed","ping_status":"closed","template":"","meta":{"ep_exclude_from_search":false,"p4_hide_page_title_checkbox":"","p4_title":"","p4_subtitle":"","p4_description":"","background_image_id":"","background_image":"","p4_button_title":"","p4_button_link":"","p4_button_link_checkbox":"","p4_og_title":"","p4_og_description":"","p4_og_image":"","p4_og_image_id":"","p4_seo_canonical_url":"","p4_campaign_name":"not set","p4_local_project":"not set","p4_basket_name":"not set","p4_department":"","footnotes":""},"categories":[31],"tags":[25,22,26],"class_list":["post-2925","page","type-page","status-publish","hentry","category-ne-plastici","tag-jadranbezplastike","tag-jednokratnaplastika","tag-necuvrecu"],"_links":{"self":[{"href":"https:\/\/www.greenpeace.org\/croatia\/wp-json\/wp\/v2\/pages\/2925","targetHints":{"allow":["GET"]}}],"collection":[{"href":"https:\/\/www.greenpeace.org\/croatia\/wp-json\/wp\/v2\/pages"}],"about":[{"href":"https:\/\/www.greenpeace.org\/croatia\/wp-json\/wp\/v2\/types\/page"}],"author":[{"embeddable":true,"href":"https:\/\/www.greenpeace.org\/croatia\/wp-json\/wp\/v2\/users\/26"}],"replies":[{"embeddable":true,"href":"https:\/\/www.greenpeace.org\/croatia\/wp-json\/wp\/v2\/comments?post=2925"}],"version-history":[{"count":4,"href":"https:\/\/www.greenpeace.org\/croatia\/wp-json\/wp\/v2\/pages\/2925\/revisions"}],"predecessor-version":[{"id":2936,"href":"https:\/\/www.greenpeace.org\/croatia\/wp-json\/wp\/v2\/pages\/2925\/revisions\/2936"}],"wp:attachment":[{"href":"https:\/\/www.greenpeace.org\/croatia\/wp-json\/wp\/v2\/media?parent=2925"}],"wp:term":[{"taxonomy":"category","embeddable":true,"href":"https:\/\/www.greenpeace.org\/croatia\/wp-json\/wp\/v2\/categories?post=2925"},{"taxonomy":"post_tag","embeddable":true,"href":"https:\/\/www.greenpeace.org\/croatia\/wp-json\/wp\/v2\/tags?post=2925"}],"curies":[{"name":"wp","href":"https:\/\/api.w.org\/{rel}","templated":true}]}}