{"id":3824,"date":"2024-07-30T17:04:51","date_gmt":"2024-07-30T15:04:51","guid":{"rendered":"https:\/\/www.greenpeace.org\/croatia\/?page_id=3824"},"modified":"2025-09-23T11:45:14","modified_gmt":"2025-09-23T09:45:14","slug":"nuklearnaenergija","status":"publish","type":"page","link":"https:\/\/www.greenpeace.org\/croatia\/nuklearnaenergija\/","title":{"rendered":"#NuklearnaEnergija"},"content":{"rendered":"\n<p>Osim \u0161to je izgradnja njezine infrastrukture preskupa i prespora, nuklearna energija nije ni obnovljiva ni odr\u017eiva ni sigurna te otvara vi\u0161e pitanja i problema nego \u0161to ih rje\u0161ava. <\/p>\n\n    <div class=\"wp-block-query posts-list p4-query-loop is-custom-layout-list is-layout-flow wp-block-query-is-layout-flow\">\n        <div class=\"wp-block-group is-content-justification-space-between is-layout-flex wp-container-core-group-is-layout-3d213aab wp-block-group-is-layout-flex\"><h2 class=\"wp-block-heading\">Povezani \u010dlanci<\/h2>\n        <li class=\" wp-block-navigation-item see-all-link wp-block-navigation-link\"><a class=\"wp-block-navigation-item__content\"  href=\"http:\/\/www.greenpeace.org\/croatia\/news-stories\/?tag=nuklearna_energija\"><span class=\"wp-block-navigation-item__label\">See all stories<\/span><\/a><\/li>\n        \n        <\/div>\n        \n\n    <p style=\"margin-top: 24px; margin-bottom: 36px;\"><\/p>\n\n    \n\n    <ul class=\"wp-block-post-template is-layout-flow wp-block-post-template-is-layout-flow\"><li class=\"wp-block-post post-65813 post type-post status-publish format-standard has-post-thumbnail hentry category-klima-i-energija tag-nuklearna_energija p4-page-type-pr\">\n            \n<div class=\"wp-block-columns is-layout-flex wp-container-core-columns-is-layout-9d6595d7 wp-block-columns-is-layout-flex\"><figure class=\"wp-block-post-featured-image\"><a href=\"https:\/\/www.greenpeace.org\/croatia\/skandal-oko-krskog-2-razotkrio-strah-elita-od-nuklearnog-neuspjeha\/\" target=\"_self\"  ><img loading=\"lazy\" decoding=\"async\" width=\"2560\" height=\"1710\" src=\"https:\/\/www.greenpeace.org\/static\/planet4-croatia-stateless\/2024\/10\/f35067a0-greenpeace_bled_radioaktivni-odpadki-cro-2-scaled.jpg\" class=\"attachment-post-thumbnail size-post-thumbnail wp-post-image wp-stateless-item\" alt=\"Skandal oko Kr\u0161kog 2 razotkrio strah elita od nuklearnog neuspjeha\" style=\"object-fit:cover;\" srcset=\"https:\/\/www.greenpeace.org\/static\/planet4-croatia-stateless\/2024\/10\/f35067a0-greenpeace_bled_radioaktivni-odpadki-cro-2-scaled.jpg 2560w, https:\/\/www.greenpeace.org\/static\/planet4-croatia-stateless\/2024\/10\/f35067a0-greenpeace_bled_radioaktivni-odpadki-cro-2-300x200.jpg 300w, https:\/\/www.greenpeace.org\/static\/planet4-croatia-stateless\/2024\/10\/f35067a0-greenpeace_bled_radioaktivni-odpadki-cro-2-1024x684.jpg 1024w, https:\/\/www.greenpeace.org\/static\/planet4-croatia-stateless\/2024\/10\/f35067a0-greenpeace_bled_radioaktivni-odpadki-cro-2-768x513.jpg 768w, https:\/\/www.greenpeace.org\/static\/planet4-croatia-stateless\/2024\/10\/f35067a0-greenpeace_bled_radioaktivni-odpadki-cro-2-1536x1026.jpg 1536w, https:\/\/www.greenpeace.org\/static\/planet4-croatia-stateless\/2024\/10\/f35067a0-greenpeace_bled_radioaktivni-odpadki-cro-2-2048x1368.jpg 2048w, https:\/\/www.greenpeace.org\/static\/planet4-croatia-stateless\/2024\/10\/f35067a0-greenpeace_bled_radioaktivni-odpadki-cro-2-2045x1366.jpg 2045w, https:\/\/www.greenpeace.org\/static\/planet4-croatia-stateless\/2024\/10\/f35067a0-greenpeace_bled_radioaktivni-odpadki-cro-2-510x340.jpg 510w\" sizes=\"auto, (max-width: 2560px) 100vw, 2560px\" data-image-size=\"post-thumbnail\" data-stateless-media-bucket=\"planet4-croatia-stateless\" data-stateless-media-name=\"2024\/10\/f35067a0-greenpeace_bled_radioaktivni-odpadki-cro-2-scaled.jpg\" \/><\/a><\/figure>\n\n        <div class=\"wp-block-group is-layout-flow wp-block-group-is-layout-flow\">\n                <div class=\"wp-block-group is-layout-flex wp-block-group-is-layout-flex\"><div class=\"wp-block-post-terms\"><a href=\"https:\/\/www.greenpeace.org\/croatia\/category\/issues\/klima-i-energija\/\">Klima i energija<\/a><\/div>\n                <div class=\"taxonomy-post_tag wp-block-post-terms\"><a href=\"https:\/\/www.greenpeace.org\/croatia\/tag\/nuklearna_energija\/\" rel=\"tag\">NuklearnaEnergija<\/a><\/div>\n                \n                <\/div>\n                \n        <h3 class=\"wp-block-post-title\"><a href=\"https:\/\/www.greenpeace.org\/croatia\/skandal-oko-krskog-2-razotkrio-strah-elita-od-nuklearnog-neuspjeha\/\" target=\"_self\" >Skandal oko Kr\u0161kog 2 razotkrio strah elita od nuklearnog neuspjeha<\/a><\/h3>\n        <div class=\"wp-block-post-excerpt\"><p class=\"wp-block-post-excerpt__excerpt\">Nakon razotkrivanja skandaloznog poku\u0161aja slovenskih politi\u010dkih stranaka da izigraju referendumski proces kako bi progurali nuklearni projekt, slovenski je parlament danas glasao za otkazivanje referenduma o NEK 2. <\/p><\/div>\n        \n        <div class=\"wp-block-group posts-list-meta is-layout-flow wp-block-group-is-layout-flow\"><span class='article-list-item-author'>Greenpeace u Sloveniji<\/span>\n        <div class=\"wp-block-post-date\"><time datetime=\"2024-10-24T17:09:44+02:00\">24. 10. 2024.<\/time><\/div>\n        \n        <\/div>\n        <\/div>\n        <\/div>\n\n            <\/li><li class=\"wp-block-post post-3859 post type-post status-publish format-standard has-post-thumbnail hentry category-klima-i-energija tag-nuklearna_energija p4-page-type-pr\">\n            \n<div class=\"wp-block-columns is-layout-flex wp-container-core-columns-is-layout-9d6595d7 wp-block-columns-is-layout-flex\"><figure class=\"wp-block-post-featured-image\"><a href=\"https:\/\/www.greenpeace.org\/croatia\/greenpeaceova-akcija-protiv-nek2-nuklearna-bajka-skupa-stvarnost\/\" target=\"_self\"  ><img loading=\"lazy\" decoding=\"async\" width=\"2048\" height=\"1536\" src=\"https:\/\/www.greenpeace.org\/static\/planet4-croatia-stateless\/2024\/09\/70dd9df5-greenpeace-slovenija-1.jpeg\" class=\"attachment-post-thumbnail size-post-thumbnail wp-post-image wp-stateless-item\" alt=\"Greenpeaceova akcija protiv NEK2: Nuklearna bajka, skupa stvarnost!\" style=\"object-fit:cover;\" srcset=\"https:\/\/www.greenpeace.org\/static\/planet4-croatia-stateless\/2024\/09\/70dd9df5-greenpeace-slovenija-1.jpeg 2048w, https:\/\/www.greenpeace.org\/static\/planet4-croatia-stateless\/2024\/09\/70dd9df5-greenpeace-slovenija-1-300x225.jpeg 300w, https:\/\/www.greenpeace.org\/static\/planet4-croatia-stateless\/2024\/09\/70dd9df5-greenpeace-slovenija-1-1024x768.jpeg 1024w, https:\/\/www.greenpeace.org\/static\/planet4-croatia-stateless\/2024\/09\/70dd9df5-greenpeace-slovenija-1-768x576.jpeg 768w, https:\/\/www.greenpeace.org\/static\/planet4-croatia-stateless\/2024\/09\/70dd9df5-greenpeace-slovenija-1-1536x1152.jpeg 1536w, https:\/\/www.greenpeace.org\/static\/planet4-croatia-stateless\/2024\/09\/70dd9df5-greenpeace-slovenija-1-1821x1366.jpeg 1821w, https:\/\/www.greenpeace.org\/static\/planet4-croatia-stateless\/2024\/09\/70dd9df5-greenpeace-slovenija-1-453x340.jpeg 453w\" sizes=\"auto, (max-width: 2048px) 100vw, 2048px\" data-image-size=\"post-thumbnail\" data-stateless-media-bucket=\"planet4-croatia-stateless\" data-stateless-media-name=\"2024\/09\/70dd9df5-greenpeace-slovenija-1.jpeg\" \/><\/a><\/figure>\n\n        <div class=\"wp-block-group is-layout-flow wp-block-group-is-layout-flow\">\n                <div class=\"wp-block-group is-layout-flex wp-block-group-is-layout-flex\"><div class=\"wp-block-post-terms\"><a href=\"https:\/\/www.greenpeace.org\/croatia\/category\/issues\/klima-i-energija\/\">Klima i energija<\/a><\/div>\n                <div class=\"taxonomy-post_tag wp-block-post-terms\"><a href=\"https:\/\/www.greenpeace.org\/croatia\/tag\/nuklearna_energija\/\" rel=\"tag\">NuklearnaEnergija<\/a><\/div>\n                \n                <\/div>\n                \n        <h3 class=\"wp-block-post-title\"><a href=\"https:\/\/www.greenpeace.org\/croatia\/greenpeaceova-akcija-protiv-nek2-nuklearna-bajka-skupa-stvarnost\/\" target=\"_self\" >Greenpeaceova akcija protiv NEK2: Nuklearna bajka, skupa stvarnost!<\/a><\/h3>\n        <div class=\"wp-block-post-excerpt\"><p class=\"wp-block-post-excerpt__excerpt\">Aktivisti Greenpeacea iz osam zemalja, uklju\u010duju\u0107i i Hrvatsku, danas su na me\u0111unarodnoj stru\u010dnoj nuklearnoj konferenciji \u201cNENE\u201d u slovenskom Portoro\u017eu poru\u010dili \u201cNuklearna bajka, skupa stvarnost\u201d! <\/p><\/div>\n        \n        <div class=\"wp-block-group posts-list-meta is-layout-flow wp-block-group-is-layout-flow\"><span class='article-list-item-author'>Greenpeace u Hrvatskoj<\/span>\n        <div class=\"wp-block-post-date\"><time datetime=\"2024-09-09T16:55:39+02:00\">09. 09. 2024.<\/time><\/div>\n        \n        <\/div>\n        <\/div>\n        <\/div>\n\n            <\/li><li class=\"wp-block-post post-3830 post type-post status-publish format-standard has-post-thumbnail hentry category-klima-i-energija tag-nuklearna_energija p4-page-type-blog\">\n            \n<div class=\"wp-block-columns is-layout-flex wp-container-core-columns-is-layout-9d6595d7 wp-block-columns-is-layout-flex\"><figure class=\"wp-block-post-featured-image\"><a href=\"https:\/\/www.greenpeace.org\/croatia\/nuklearna-energija-je-opasna\/\" target=\"_self\"  ><img loading=\"lazy\" decoding=\"async\" width=\"1920\" height=\"1080\" src=\"https:\/\/www.greenpeace.org\/static\/planet4-croatia-stateless\/2024\/08\/83391f26-untitled-1920-x-1080-px.png\" class=\"attachment-post-thumbnail size-post-thumbnail wp-post-image wp-stateless-item\" alt=\"Nuklearna energija je OPASNA\" style=\"object-fit:cover;\" srcset=\"https:\/\/www.greenpeace.org\/static\/planet4-croatia-stateless\/2024\/08\/83391f26-untitled-1920-x-1080-px.png 1920w, https:\/\/www.greenpeace.org\/static\/planet4-croatia-stateless\/2024\/08\/83391f26-untitled-1920-x-1080-px-300x169.png 300w, https:\/\/www.greenpeace.org\/static\/planet4-croatia-stateless\/2024\/08\/83391f26-untitled-1920-x-1080-px-1024x576.png 1024w, https:\/\/www.greenpeace.org\/static\/planet4-croatia-stateless\/2024\/08\/83391f26-untitled-1920-x-1080-px-768x432.png 768w, https:\/\/www.greenpeace.org\/static\/planet4-croatia-stateless\/2024\/08\/83391f26-untitled-1920-x-1080-px-1536x864.png 1536w, https:\/\/www.greenpeace.org\/static\/planet4-croatia-stateless\/2024\/08\/83391f26-untitled-1920-x-1080-px-510x287.png 510w\" sizes=\"auto, (max-width: 1920px) 100vw, 1920px\" data-image-size=\"post-thumbnail\" data-stateless-media-bucket=\"planet4-croatia-stateless\" data-stateless-media-name=\"2024\/08\/83391f26-untitled-1920-x-1080-px.png\" \/><\/a><\/figure>\n\n        <div class=\"wp-block-group is-layout-flow wp-block-group-is-layout-flow\">\n                <div class=\"wp-block-group is-layout-flex wp-block-group-is-layout-flex\"><div class=\"wp-block-post-terms\"><a href=\"https:\/\/www.greenpeace.org\/croatia\/category\/issues\/klima-i-energija\/\">Klima i energija<\/a><\/div>\n                <div class=\"taxonomy-post_tag wp-block-post-terms\"><a href=\"https:\/\/www.greenpeace.org\/croatia\/tag\/nuklearna_energija\/\" rel=\"tag\">NuklearnaEnergija<\/a><\/div>\n                \n                <\/div>\n                \n        <h3 class=\"wp-block-post-title\"><a href=\"https:\/\/www.greenpeace.org\/croatia\/nuklearna-energija-je-opasna\/\" target=\"_self\" >Nuklearna energija je OPASNA<\/a><\/h3>\n        <div class=\"wp-block-post-excerpt\"><p class=\"wp-block-post-excerpt__excerpt\">Nuklearna energija \u010desto se predstavlja kao iznimno siguran oblik energije, ali povijest pokazuje da ta tehnologija sa sobom nosi mnoge sigurnosne rizike. <\/p><\/div>\n        \n        <div class=\"wp-block-group posts-list-meta is-layout-flow wp-block-group-is-layout-flow\"><span class='article-list-item-author'>Jan Haverkamp<\/span>\n        <div class=\"wp-block-post-date\"><time datetime=\"2024-08-06T13:23:32+02:00\">06. 08. 2024.<\/time><\/div>\n        \n        <\/div>\n        <\/div>\n        <\/div>\n\n            <\/li><\/ul>\n\n    \n<div class=\"wp-block-buttons carousel-controls is-horizontal is-content-justification-space-between is-nowrap is-layout-flex wp-container-core-buttons-is-layout-044bd602 wp-block-buttons-is-layout-flex\">\n            <div class=\"wp-block-button carousel-control-prev\"><button type=\"button\" class=\"wp-block-button__link wp-element-button\">Prev<\/button><\/div>\n        \n\n            <div class=\"wp-block-button carousel-control-next\"><button type=\"button\" class=\"wp-block-button__link wp-element-button\">Next<\/button><\/div>\n        <\/div>\n\n\n    <li class=\" wp-block-navigation-item see-all-link wp-block-navigation-link\"><a class=\"wp-block-navigation-item__content\"  href=\"http:\/\/www.greenpeace.org\/croatia\/news-stories\/?tag=nuklearna_energija\"><span class=\"wp-block-navigation-item__label\">See all stories<\/span><\/a><\/li><\/div>\n    <div data-render=\"planet4-blocks\/happypoint\" data-attributes=\"{&quot;attributes&quot;:{&quot;embed_code&quot;:&quot;&quot;,&quot;override_default_content&quot;:true,&quot;local_content_provider&quot;:&quot;embed_code&quot;,&quot;opacity&quot;:30}}\"><\/div>","protected":false},"excerpt":{"rendered":"<p>Osim \u0161to je izgradnja njezine infrastrukture preskupa i prespora, nuklearna energija nije ni obnovljiva ni odr\u017eiva ni sigurna te otvara vi\u0161e pitanja i problema nego \u0161to ih rje\u0161ava.<\/p>\n","protected":false},"author":26,"featured_media":3755,"parent":0,"menu_order":0,"comment_status":"closed","ping_status":"closed","template":"","meta":{"ep_exclude_from_search":false,"p4_hide_page_title_checkbox":"","p4_title":"","p4_subtitle":"","p4_description":"","background_image_id":"","background_image":"","p4_button_title":"","p4_button_link":"","p4_button_link_checkbox":"","p4_og_title":"","p4_og_description":"","p4_og_image":"","p4_og_image_id":"","p4_seo_canonical_url":"","p4_campaign_name":"not set","p4_local_project":"not set","p4_basket_name":"not set","p4_department":"","footnotes":""},"categories":[29],"tags":[61],"class_list":["post-3824","page","type-page","status-publish","has-post-thumbnail","hentry","category-klima-i-energija","tag-nuklearna_energija"],"_links":{"self":[{"href":"https:\/\/www.greenpeace.org\/croatia\/wp-json\/wp\/v2\/pages\/3824","targetHints":{"allow":["GET"]}}],"collection":[{"href":"https:\/\/www.greenpeace.org\/croatia\/wp-json\/wp\/v2\/pages"}],"about":[{"href":"https:\/\/www.greenpeace.org\/croatia\/wp-json\/wp\/v2\/types\/page"}],"author":[{"embeddable":true,"href":"https:\/\/www.greenpeace.org\/croatia\/wp-json\/wp\/v2\/users\/26"}],"replies":[{"embeddable":true,"href":"https:\/\/www.greenpeace.org\/croatia\/wp-json\/wp\/v2\/comments?post=3824"}],"version-history":[{"count":7,"href":"https:\/\/www.greenpeace.org\/croatia\/wp-json\/wp\/v2\/pages\/3824\/revisions"}],"predecessor-version":[{"id":66359,"href":"https:\/\/www.greenpeace.org\/croatia\/wp-json\/wp\/v2\/pages\/3824\/revisions\/66359"}],"wp:featuredmedia":[{"embeddable":true,"href":"https:\/\/www.greenpeace.org\/croatia\/wp-json\/wp\/v2\/media\/3755"}],"wp:attachment":[{"href":"https:\/\/www.greenpeace.org\/croatia\/wp-json\/wp\/v2\/media?parent=3824"}],"wp:term":[{"taxonomy":"category","embeddable":true,"href":"https:\/\/www.greenpeace.org\/croatia\/wp-json\/wp\/v2\/categories?post=3824"},{"taxonomy":"post_tag","embeddable":true,"href":"https:\/\/www.greenpeace.org\/croatia\/wp-json\/wp\/v2\/tags?post=3824"}],"curies":[{"name":"wp","href":"https:\/\/api.w.org\/{rel}","templated":true}]}}