{"id":3880,"date":"2024-09-20T17:49:35","date_gmt":"2024-09-20T15:49:35","guid":{"rendered":"https:\/\/www.greenpeace.org\/croatia\/?page_id=3880"},"modified":"2025-09-23T11:45:09","modified_gmt":"2025-09-23T09:45:09","slug":"ivanad","status":"publish","type":"page","link":"https:\/\/www.greenpeace.org\/croatia\/ivanad\/","title":{"rendered":"#IvanaD"},"content":{"rendered":"\n<div class=\"wp-block-group is-vertical is-layout-flex wp-container-core-group-is-layout-8cf370e7 wp-block-group-is-layout-flex\">\n<p>Po\u010detkom prosinca 2020. potonula je Inina odobalna plinska platforma Ivana D. Stotine tona te\u0161ka \u010deli\u010dna konstrukcija jo\u0161 uvijek se nalazi na morskom dnu, u relativno plitkim vodama sjevernog Jadrana. Cijelo to vrijeme, nadle\u017eno ministarstvo  ne obavje\u0161tava javnost redovito i transparentno o ovom slu\u010daju.<\/p>\n\n\n\n<p><\/p>\n\n\n\n<p>Ina, uz blagoslov Vlade ula\u017ee u nove bu\u0161otine, na \u0161tetu klime i okoli\u0161a, dok perfidno \u0161tedi na uklanjanju svog otpada iz mora. S obzirom na preostalih 19 odobalnih plinskih platformi te, prema najavama, jo\u0161 devet planiranih, ovo je opasan presedan koji Jadran lako mo\u017ee pretvoriti u groblje Ininih plinskih platformi.<\/p>\n\n\n\n<p><\/p>\n\n\n\n<p>Fosilna industrija u Hrvatskoj pona\u0161a se kako \u017eeli, do sada bez ikakvih ozbiljnijih posljedica za sebe, dok su posljedice na okoli\u0161 stvarne, neprihvatljive i potencijalno nesagledive. Stoga tra\u017eimo od Ine da ukloni platformu Ivanu D iz na\u0161eg mora, a od Vlade da joj to naredi \u0161to prije! To o\u010dekuje i 76 posto stanovnika Hrvatske prema anketi agencije Promocija plus kao i vi\u0161e od 10 tisu\u0107a gra\u0111ana koji su potpisali Greenpeaceovu peticiju za uklanjanje stotine tona Ininog otpada iz Jadrana.<\/p>\n\n\n\n<p><\/p>\n\n\n\n<figure class=\"wp-block-image size-large\"><img loading=\"lazy\" decoding=\"async\" width=\"1024\" height=\"683\" src=\"https:\/\/www.greenpeace.org\/static\/planet4-croatia-stateless\/2024\/09\/2a359cef-greenpeace-akcija-12_2023_bojanharonmarkicevic_04-1-1024x683.jpg\" alt=\"\" class=\"wp-image-3871\" srcset=\"https:\/\/www.greenpeace.org\/static\/planet4-croatia-stateless\/2024\/09\/2a359cef-greenpeace-akcija-12_2023_bojanharonmarkicevic_04-1-1024x683.jpg 1024w, https:\/\/www.greenpeace.org\/static\/planet4-croatia-stateless\/2024\/09\/2a359cef-greenpeace-akcija-12_2023_bojanharonmarkicevic_04-1-300x200.jpg 300w, https:\/\/www.greenpeace.org\/static\/planet4-croatia-stateless\/2024\/09\/2a359cef-greenpeace-akcija-12_2023_bojanharonmarkicevic_04-1-768x512.jpg 768w, https:\/\/www.greenpeace.org\/static\/planet4-croatia-stateless\/2024\/09\/2a359cef-greenpeace-akcija-12_2023_bojanharonmarkicevic_04-1-1536x1024.jpg 1536w, https:\/\/www.greenpeace.org\/static\/planet4-croatia-stateless\/2024\/09\/2a359cef-greenpeace-akcija-12_2023_bojanharonmarkicevic_04-1-2048x1366.jpg 2048w, https:\/\/www.greenpeace.org\/static\/planet4-croatia-stateless\/2024\/09\/2a359cef-greenpeace-akcija-12_2023_bojanharonmarkicevic_04-1-510x340.jpg 510w\" sizes=\"auto, (max-width: 1024px) 100vw, 1024px\" \/><\/figure>\n<\/div>\n\n    <div class=\"wp-block-query posts-list p4-query-loop is-custom-layout-list is-layout-flow wp-block-query-is-layout-flow\">\n        <div class=\"wp-block-group is-content-justification-space-between is-layout-flex wp-container-core-group-is-layout-3d213aab wp-block-group-is-layout-flex\"><h2 class=\"wp-block-heading\">Povezani \u010dlanci<\/h2>\n        <li class=\" wp-block-navigation-item see-all-link wp-block-navigation-link\"><a class=\"wp-block-navigation-item__content\"  href=\"http:\/\/www.greenpeace.org\/croatia\/news-stories\/?tag=ivanad\"><span class=\"wp-block-navigation-item__label\">See all stories<\/span><\/a><\/li>\n        \n        <\/div>\n        \n\n    <p style=\"margin-top: 24px; margin-bottom: 36px;\"><\/p>\n\n    \n\n    <ul class=\"wp-block-post-template is-layout-flow wp-block-post-template-is-layout-flow\"><li class=\"wp-block-post post-66475 post type-post status-publish format-standard has-post-thumbnail hentry category-klima-i-energija tag-klimatskepromjene tag-fosilnagoriva tag-fosilniplin tag-ivanad p4-page-type-pr\">\n            \n<div class=\"wp-block-columns is-layout-flex wp-container-core-columns-is-layout-9d6595d7 wp-block-columns-is-layout-flex\"><figure class=\"wp-block-post-featured-image\"><a href=\"https:\/\/www.greenpeace.org\/croatia\/dario-jurican-i-greenpeace-donijeli-ini-tortu-za-petu-obljetnicu-potonuca-plinske-platforme\/\" target=\"_self\"  ><img loading=\"lazy\" decoding=\"async\" width=\"1920\" height=\"1231\" src=\"https:\/\/www.greenpeace.org\/static\/planet4-croatia-stateless\/2025\/12\/fdd8af27-tomislav-huha-greenpeace-10-1.jpg\" class=\"attachment-post-thumbnail size-post-thumbnail wp-post-image wp-stateless-item\" alt=\"Dario Juri\u010dan i Greenpeace donijeli Ini tortu za petu obljetnicu potonu\u0107a plinske platforme\" style=\"object-fit:cover;\" srcset=\"https:\/\/www.greenpeace.org\/static\/planet4-croatia-stateless\/2025\/12\/fdd8af27-tomislav-huha-greenpeace-10-1.jpg 1920w, https:\/\/www.greenpeace.org\/static\/planet4-croatia-stateless\/2025\/12\/fdd8af27-tomislav-huha-greenpeace-10-1-300x192.jpg 300w, https:\/\/www.greenpeace.org\/static\/planet4-croatia-stateless\/2025\/12\/fdd8af27-tomislav-huha-greenpeace-10-1-1024x657.jpg 1024w, https:\/\/www.greenpeace.org\/static\/planet4-croatia-stateless\/2025\/12\/fdd8af27-tomislav-huha-greenpeace-10-1-768x492.jpg 768w, https:\/\/www.greenpeace.org\/static\/planet4-croatia-stateless\/2025\/12\/fdd8af27-tomislav-huha-greenpeace-10-1-1536x985.jpg 1536w, https:\/\/www.greenpeace.org\/static\/planet4-croatia-stateless\/2025\/12\/fdd8af27-tomislav-huha-greenpeace-10-1-510x327.jpg 510w\" sizes=\"auto, (max-width: 1920px) 100vw, 1920px\" data-image-size=\"post-thumbnail\" data-stateless-media-bucket=\"planet4-croatia-stateless\" data-stateless-media-name=\"2025\/12\/fdd8af27-tomislav-huha-greenpeace-10-1.jpg\" \/><\/a><\/figure>\n\n        <div class=\"wp-block-group is-layout-flow wp-block-group-is-layout-flow\">\n                <div class=\"wp-block-group is-layout-flex wp-block-group-is-layout-flex\"><div class=\"wp-block-post-terms\"><a href=\"https:\/\/www.greenpeace.org\/croatia\/category\/issues\/klima-i-energija\/\">Klima i energija<\/a><\/div>\n                <div class=\"taxonomy-post_tag wp-block-post-terms\"><a href=\"https:\/\/www.greenpeace.org\/croatia\/tag\/klimatskepromjene\/\" rel=\"tag\">KlimatskePromjene<\/a><span class=\"wp-block-post-terms__separator\"> <\/span><a href=\"https:\/\/www.greenpeace.org\/croatia\/tag\/fosilnagoriva\/\" rel=\"tag\">FosilnaGoriva<\/a><span class=\"wp-block-post-terms__separator\"> <\/span><a href=\"https:\/\/www.greenpeace.org\/croatia\/tag\/fosilniplin\/\" rel=\"tag\">FosilniPlin<\/a><span class=\"wp-block-post-terms__separator\"> <\/span><a href=\"https:\/\/www.greenpeace.org\/croatia\/tag\/ivanad\/\" rel=\"tag\">IvanaD<\/a><\/div>\n                \n                <\/div>\n                \n        <h3 class=\"wp-block-post-title\"><a href=\"https:\/\/www.greenpeace.org\/croatia\/dario-jurican-i-greenpeace-donijeli-ini-tortu-za-petu-obljetnicu-potonuca-plinske-platforme\/\" target=\"_self\" >Dario Juri\u010dan i Greenpeace donijeli Ini tortu za petu obljetnicu potonu\u0107a plinske platforme<\/a><\/h3>\n        <div class=\"wp-block-post-excerpt\"><p class=\"wp-block-post-excerpt__excerpt\">Aktivisti Greenpeacea i Gradona\u010delnik Svemira Dario Juri\u010dan jutros su \u010destitali Ini na pet godina u\u0161tede zbog neuklanjanja plinske platforme Ivane D. Prigodno su Upravi Ine u Zagrebu namijenili veliku \u201cslavljeni\u010dku\u201d tortu. <\/p><\/div>\n        \n        <div class=\"wp-block-group posts-list-meta is-layout-flow wp-block-group-is-layout-flow\"><span class='article-list-item-author'>Greenpeace u Hrvatskoj<\/span>\n        <div class=\"wp-block-post-date\"><time datetime=\"2025-12-05T13:54:50+02:00\">05. 12. 2025.<\/time><\/div>\n        \n        <\/div>\n        <\/div>\n        <\/div>\n\n            <\/li><li class=\"wp-block-post post-66256 post type-post status-publish format-standard has-post-thumbnail hentry category-klima-i-energija tag-klimatskepromjene tag-fosilnagoriva tag-fosilniplin tag-ivanad p4-page-type-pr\">\n            \n<div class=\"wp-block-columns is-layout-flex wp-container-core-columns-is-layout-9d6595d7 wp-block-columns-is-layout-flex\"><figure class=\"wp-block-post-featured-image\"><a href=\"https:\/\/www.greenpeace.org\/croatia\/gradonacelnik-svemira-i-greenpeace-prozvali-inu-zbog-glomaznog-otpada-u-jadranu\/\" target=\"_self\"  ><img loading=\"lazy\" decoding=\"async\" width=\"2560\" height=\"1753\" src=\"https:\/\/www.greenpeace.org\/static\/planet4-croatia-stateless\/2025\/06\/06959a2f-greenpeace_gregor-gobec-1-scaled.jpg\" class=\"attachment-post-thumbnail size-post-thumbnail wp-post-image wp-stateless-item\" alt=\"Gradona\u010delnik Svemira i Greenpeace prozvali Inu zbog glomaznog otpada u Jadranu!\" style=\"object-fit:cover;\" srcset=\"https:\/\/www.greenpeace.org\/static\/planet4-croatia-stateless\/2025\/06\/06959a2f-greenpeace_gregor-gobec-1-scaled.jpg 2560w, https:\/\/www.greenpeace.org\/static\/planet4-croatia-stateless\/2025\/06\/06959a2f-greenpeace_gregor-gobec-1-300x205.jpg 300w, https:\/\/www.greenpeace.org\/static\/planet4-croatia-stateless\/2025\/06\/06959a2f-greenpeace_gregor-gobec-1-1024x701.jpg 1024w, https:\/\/www.greenpeace.org\/static\/planet4-croatia-stateless\/2025\/06\/06959a2f-greenpeace_gregor-gobec-1-768x526.jpg 768w, https:\/\/www.greenpeace.org\/static\/planet4-croatia-stateless\/2025\/06\/06959a2f-greenpeace_gregor-gobec-1-1536x1052.jpg 1536w, https:\/\/www.greenpeace.org\/static\/planet4-croatia-stateless\/2025\/06\/06959a2f-greenpeace_gregor-gobec-1-2048x1402.jpg 2048w, https:\/\/www.greenpeace.org\/static\/planet4-croatia-stateless\/2025\/06\/06959a2f-greenpeace_gregor-gobec-1-1995x1366.jpg 1995w, https:\/\/www.greenpeace.org\/static\/planet4-croatia-stateless\/2025\/06\/06959a2f-greenpeace_gregor-gobec-1-497x340.jpg 497w\" sizes=\"auto, (max-width: 2560px) 100vw, 2560px\" data-image-size=\"post-thumbnail\" data-stateless-media-bucket=\"planet4-croatia-stateless\" data-stateless-media-name=\"2025\/06\/06959a2f-greenpeace_gregor-gobec-1-scaled.jpg\" \/><\/a><\/figure>\n\n        <div class=\"wp-block-group is-layout-flow wp-block-group-is-layout-flow\">\n                <div class=\"wp-block-group is-layout-flex wp-block-group-is-layout-flex\"><div class=\"wp-block-post-terms\"><a href=\"https:\/\/www.greenpeace.org\/croatia\/category\/issues\/klima-i-energija\/\">Klima i energija<\/a><\/div>\n                <div class=\"taxonomy-post_tag wp-block-post-terms\"><a href=\"https:\/\/www.greenpeace.org\/croatia\/tag\/klimatskepromjene\/\" rel=\"tag\">KlimatskePromjene<\/a><span class=\"wp-block-post-terms__separator\"> <\/span><a href=\"https:\/\/www.greenpeace.org\/croatia\/tag\/fosilnagoriva\/\" rel=\"tag\">FosilnaGoriva<\/a><span class=\"wp-block-post-terms__separator\"> <\/span><a href=\"https:\/\/www.greenpeace.org\/croatia\/tag\/fosilniplin\/\" rel=\"tag\">FosilniPlin<\/a><span class=\"wp-block-post-terms__separator\"> <\/span><a href=\"https:\/\/www.greenpeace.org\/croatia\/tag\/ivanad\/\" rel=\"tag\">IvanaD<\/a><\/div>\n                \n                <\/div>\n                \n        <h3 class=\"wp-block-post-title\"><a href=\"https:\/\/www.greenpeace.org\/croatia\/gradonacelnik-svemira-i-greenpeace-prozvali-inu-zbog-glomaznog-otpada-u-jadranu\/\" target=\"_self\" >Gradona\u010delnik Svemira i Greenpeace prozvali Inu zbog glomaznog otpada u Jadranu!<\/a><\/h3>\n        <div class=\"wp-block-post-excerpt\"><p class=\"wp-block-post-excerpt__excerpt\">Porukom \u201cGlomazni otpad u Jadranskom moru\u201d jo\u0161 jednom smo pozvali Inu na odgovornost za uklanjanje plinske platforme Ivane D. Redatelj Dario Juri\u010dan, poznat i kao Gradona\u010delnik Svemira, pridru\u017eio se aktivistima kako bi \u201cpohvalio\u201d lukavo Inino rje\u0161enje da se platforma preimenuje u umjetni greben. <\/p><\/div>\n        \n        <div class=\"wp-block-group posts-list-meta is-layout-flow wp-block-group-is-layout-flow\"><span class='article-list-item-author'>Greenpeace u Hrvatskoj<\/span>\n        <div class=\"wp-block-post-date\"><time datetime=\"2025-06-30T14:05:26+02:00\">30. 06. 2025.<\/time><\/div>\n        \n        <\/div>\n        <\/div>\n        <\/div>\n\n            <\/li><li class=\"wp-block-post post-65905 post type-post status-publish format-standard has-post-thumbnail hentry category-klima-i-energija tag-fosilniplin tag-fosilnagoriva tag-ivanad tag-klimatskepromjene tag-obnovljiviizvori p4-page-type-vijest\">\n            \n<div class=\"wp-block-columns is-layout-flex wp-container-core-columns-is-layout-9d6595d7 wp-block-columns-is-layout-flex\"><figure class=\"wp-block-post-featured-image\"><a href=\"https:\/\/www.greenpeace.org\/croatia\/par-minuta-online-aktivizma-za-klimu-pridruzi-se-javnom-savjetovanju\/\" target=\"_self\"  ><img loading=\"lazy\" decoding=\"async\" width=\"2048\" height=\"1365\" src=\"https:\/\/www.greenpeace.org\/static\/planet4-croatia-stateless\/2024\/11\/f4e76aaa-greenpeace_bojan_haron_markicevic_4.jpg\" class=\"attachment-post-thumbnail size-post-thumbnail wp-post-image wp-stateless-item\" alt=\"Par minuta online aktivizma za klimu \u2013 pridru\u017ei se javnom savjetovanju!\" style=\"object-fit:cover;\" srcset=\"https:\/\/www.greenpeace.org\/static\/planet4-croatia-stateless\/2024\/11\/f4e76aaa-greenpeace_bojan_haron_markicevic_4.jpg 2048w, https:\/\/www.greenpeace.org\/static\/planet4-croatia-stateless\/2024\/11\/f4e76aaa-greenpeace_bojan_haron_markicevic_4-300x200.jpg 300w, https:\/\/www.greenpeace.org\/static\/planet4-croatia-stateless\/2024\/11\/f4e76aaa-greenpeace_bojan_haron_markicevic_4-1024x683.jpg 1024w, https:\/\/www.greenpeace.org\/static\/planet4-croatia-stateless\/2024\/11\/f4e76aaa-greenpeace_bojan_haron_markicevic_4-768x512.jpg 768w, https:\/\/www.greenpeace.org\/static\/planet4-croatia-stateless\/2024\/11\/f4e76aaa-greenpeace_bojan_haron_markicevic_4-1536x1024.jpg 1536w, https:\/\/www.greenpeace.org\/static\/planet4-croatia-stateless\/2024\/11\/f4e76aaa-greenpeace_bojan_haron_markicevic_4-510x340.jpg 510w\" sizes=\"auto, (max-width: 2048px) 100vw, 2048px\" data-image-size=\"post-thumbnail\" data-stateless-media-bucket=\"planet4-croatia-stateless\" data-stateless-media-name=\"2024\/11\/f4e76aaa-greenpeace_bojan_haron_markicevic_4.jpg\" \/><\/a><\/figure>\n\n        <div class=\"wp-block-group is-layout-flow wp-block-group-is-layout-flow\">\n                <div class=\"wp-block-group is-layout-flex wp-block-group-is-layout-flex\"><div class=\"wp-block-post-terms\"><a href=\"https:\/\/www.greenpeace.org\/croatia\/category\/issues\/klima-i-energija\/\">Klima i energija<\/a><\/div>\n                <div class=\"taxonomy-post_tag wp-block-post-terms\"><a href=\"https:\/\/www.greenpeace.org\/croatia\/tag\/fosilniplin\/\" rel=\"tag\">FosilniPlin<\/a><span class=\"wp-block-post-terms__separator\"> <\/span><a href=\"https:\/\/www.greenpeace.org\/croatia\/tag\/fosilnagoriva\/\" rel=\"tag\">FosilnaGoriva<\/a><span class=\"wp-block-post-terms__separator\"> <\/span><a href=\"https:\/\/www.greenpeace.org\/croatia\/tag\/ivanad\/\" rel=\"tag\">IvanaD<\/a><span class=\"wp-block-post-terms__separator\"> <\/span><a href=\"https:\/\/www.greenpeace.org\/croatia\/tag\/klimatskepromjene\/\" rel=\"tag\">KlimatskePromjene<\/a><span class=\"wp-block-post-terms__separator\"> <\/span><a href=\"https:\/\/www.greenpeace.org\/croatia\/tag\/obnovljiviizvori\/\" rel=\"tag\">ObnovljiviIzvori<\/a><\/div>\n                \n                <\/div>\n                \n        <h3 class=\"wp-block-post-title\"><a href=\"https:\/\/www.greenpeace.org\/croatia\/par-minuta-online-aktivizma-za-klimu-pridruzi-se-javnom-savjetovanju\/\" target=\"_self\" >Par minuta online aktivizma za klimu \u2013 pridru\u017ei se javnom savjetovanju!<\/a><\/h3>\n        <div class=\"wp-block-post-excerpt\"><p class=\"wp-block-post-excerpt__excerpt\">Pridru\u017ei se izradi energetsko-klimatskog plana za Hrvatsku! U tijeku je javno savjetovanje u kojem mo\u017ee\u0161 utjecati na energetsku i klimatsku budu\u0107nost na\u0161e zemlje. Svoj stav mo\u017ee\u0161 izraziti do 12. prosinca,&hellip; <\/p><\/div>\n        \n        <div class=\"wp-block-group posts-list-meta is-layout-flow wp-block-group-is-layout-flow\"><span class='article-list-item-author'>Greenpeace u Hrvatskoj<\/span>\n        <div class=\"wp-block-post-date\"><time datetime=\"2024-12-04T10:47:06+02:00\">04. 12. 2024.<\/time><\/div>\n        \n        <\/div>\n        <\/div>\n        <\/div>\n\n            <\/li><\/ul>\n\n    \n<div class=\"wp-block-buttons carousel-controls is-horizontal is-content-justification-space-between is-nowrap is-layout-flex wp-container-core-buttons-is-layout-044bd602 wp-block-buttons-is-layout-flex\">\n            <div class=\"wp-block-button carousel-control-prev\"><button type=\"button\" class=\"wp-block-button__link wp-element-button\">Prev<\/button><\/div>\n        \n\n            <div class=\"wp-block-button carousel-control-next\"><button type=\"button\" class=\"wp-block-button__link wp-element-button\">Next<\/button><\/div>\n        <\/div>\n\n\n    <li class=\" wp-block-navigation-item see-all-link wp-block-navigation-link\"><a class=\"wp-block-navigation-item__content\"  href=\"http:\/\/www.greenpeace.org\/croatia\/news-stories\/?tag=ivanad\"><span class=\"wp-block-navigation-item__label\">See all stories<\/span><\/a><\/li><\/div>\n    \n    <div class=\"wp-block-query posts-list p4-query-loop is-custom-layout-grid is-layout-grid wp-container-core-query-is-layout-b8bb0bd1 wp-block-query-is-layout-grid\">\n        <div class=\"wp-block-group is-content-justification-space-between is-layout-flex wp-container-core-group-is-layout-3d213aab wp-block-group-is-layout-flex\"><h2 class=\"wp-block-heading\">Publications<\/h2>\n        <li class=\" wp-block-navigation-item see-all-link wp-block-navigation-link\"><a class=\"wp-block-navigation-item__content\"  href=\"http:\/\/www.greenpeace.org\/croatia\/news-stories\/?tag=fosilnagoriva&#038;post-type=\"><span class=\"wp-block-navigation-item__label\">See all stories<\/span><\/a><\/li>\n        \n        <\/div>\n        \n\n    <p style=\"margin-top: 24px; margin-bottom: 36px;\"><\/p>\n\n    <div class=\"wp-block-query-no-results\">\n        <p style=\"\">No posts found.<\/p>\n        <\/div>\n\n    \n\n    \n<div class=\"wp-block-buttons carousel-controls is-horizontal is-content-justification-space-between is-nowrap is-layout-flex wp-container-core-buttons-is-layout-044bd602 wp-block-buttons-is-layout-flex\">\n            <div class=\"wp-block-button carousel-control-prev\"><button type=\"button\" class=\"wp-block-button__link wp-element-button\">Prev<\/button><\/div>\n        \n\n            <div class=\"wp-block-button carousel-control-next\"><button type=\"button\" class=\"wp-block-button__link wp-element-button\">Next<\/button><\/div>\n        <\/div>\n\n\n    <li class=\" wp-block-navigation-item see-all-link wp-block-navigation-link\"><a class=\"wp-block-navigation-item__content\"  href=\"http:\/\/www.greenpeace.org\/croatia\/news-stories\/?tag=fosilnagoriva&#038;post-type=\"><span class=\"wp-block-navigation-item__label\">See all stories<\/span><\/a><\/li><\/div>\n    <div data-render=\"planet4-blocks\/happypoint\" data-attributes=\"{&quot;attributes&quot;:{&quot;embed_code&quot;:&quot;&quot;,&quot;override_default_content&quot;:true,&quot;local_content_provider&quot;:&quot;embed_code&quot;,&quot;opacity&quot;:30}}\"><\/div>","protected":false},"excerpt":{"rendered":"<p>Po\u010detkom prosinca 2020. potonula je Inina odobalna plinska platforma Ivana D. Stotine tona te\u0161ka \u010deli\u010dna konstrukcija jo\u0161 uvijek se nalazi na morskom dnu, u relativno plitkim vodama sjevernog Jadrana. Cijelo to vrijeme, nadle\u017eno ministarstvo ne obavje\u0161tava javnost redovito i transparentno o ovom slu\u010daju. Ina, uz blagoslov Vlade ula\u017ee u nove bu\u0161otine, na \u0161tetu klime i [&hellip;]<\/p>\n","protected":false},"author":26,"featured_media":3871,"parent":0,"menu_order":0,"comment_status":"closed","ping_status":"closed","template":"","meta":{"ep_exclude_from_search":false,"p4_hide_page_title_checkbox":"","p4_title":"","p4_subtitle":"","p4_description":"","background_image_id":"","background_image":"","p4_button_title":"","p4_button_link":"","p4_button_link_checkbox":"","p4_og_title":"","p4_og_description":"","p4_og_image":"","p4_og_image_id":"","p4_seo_canonical_url":"","p4_campaign_name":"not set","p4_local_project":"not set","p4_basket_name":"not set","p4_department":"","footnotes":""},"categories":[29],"tags":[62],"class_list":["post-3880","page","type-page","status-publish","has-post-thumbnail","hentry","category-klima-i-energija","tag-ivanad"],"_links":{"self":[{"href":"https:\/\/www.greenpeace.org\/croatia\/wp-json\/wp\/v2\/pages\/3880","targetHints":{"allow":["GET"]}}],"collection":[{"href":"https:\/\/www.greenpeace.org\/croatia\/wp-json\/wp\/v2\/pages"}],"about":[{"href":"https:\/\/www.greenpeace.org\/croatia\/wp-json\/wp\/v2\/types\/page"}],"author":[{"embeddable":true,"href":"https:\/\/www.greenpeace.org\/croatia\/wp-json\/wp\/v2\/users\/26"}],"replies":[{"embeddable":true,"href":"https:\/\/www.greenpeace.org\/croatia\/wp-json\/wp\/v2\/comments?post=3880"}],"version-history":[{"count":11,"href":"https:\/\/www.greenpeace.org\/croatia\/wp-json\/wp\/v2\/pages\/3880\/revisions"}],"predecessor-version":[{"id":66358,"href":"https:\/\/www.greenpeace.org\/croatia\/wp-json\/wp\/v2\/pages\/3880\/revisions\/66358"}],"wp:featuredmedia":[{"embeddable":true,"href":"https:\/\/www.greenpeace.org\/croatia\/wp-json\/wp\/v2\/media\/3871"}],"wp:attachment":[{"href":"https:\/\/www.greenpeace.org\/croatia\/wp-json\/wp\/v2\/media?parent=3880"}],"wp:term":[{"taxonomy":"category","embeddable":true,"href":"https:\/\/www.greenpeace.org\/croatia\/wp-json\/wp\/v2\/categories?post=3880"},{"taxonomy":"post_tag","embeddable":true,"href":"https:\/\/www.greenpeace.org\/croatia\/wp-json\/wp\/v2\/tags?post=3880"}],"curies":[{"name":"wp","href":"https:\/\/api.w.org\/{rel}","templated":true}]}}