{"id":65802,"date":"2024-10-21T17:31:53","date_gmt":"2024-10-21T15:31:53","guid":{"rendered":"https:\/\/www.greenpeace.org\/croatia\/?page_id=65802"},"modified":"2024-11-22T18:34:31","modified_gmt":"2024-11-22T16:34:31","slug":"razmisljate-o-zamjeni-plinskog-stednjaka-elektricnim","status":"publish","type":"page","link":"https:\/\/www.greenpeace.org\/croatia\/razmisljate-o-zamjeni-plinskog-stednjaka-elektricnim\/","title":{"rendered":"Planirate zamjenu plinskog \u0161tednjaka elektri\u010dnim?\u00a0"},"content":{"rendered":"\n<h2 class=\"wp-block-heading\">Sudjelujte u istra\u017eivanju Greenpeacea<\/h2>\n\n<p>Greenpeace priprema istra\u017eivanje o kvaliteti zraka i utjecaju razli\u010ditih vrsta \u0161tednjaka na one\u010di\u0161\u0107enje zraka u zatvorenom prostoru i posljedi\u010dno na zdravlje ljudi. Potrebni su nam dobrovoljci koji planiraju zamjenu plinskih s elektri\u010dnim \u0161tednjacima. U ku\u0107anstvima koja planiraju zamjenu u periodu istra\u017eivanja proveli bismo dvije faze istra\u017eivanja: prije i poslije zamjene \u0161tednjaka u istom ku\u0107anstvu. <\/p>\n\n<p>Sudjelovanjem u ovom istra\u017eivanju mo\u017eete doprinijeti ne samo rezultatima studije, ve\u0107 i budu\u0107im javnozdravstvenim politikama te zdravlju i dobrobiti brojnih obitelji. <\/p>\n\n<p>Sudionici u istra\u017eivanju dobit \u0107e nov\u010danu naknadu u iznosu od 100 eura po ku\u0107anstvu.&nbsp;<\/p>\n\n<p>Klju\u010dno je da se istra\u017eivanje utjecaja \u0161tednjaka provodi u istim uvjetima, zna\u010di nije mogu\u0107e sudjelovati u istra\u017eivanju ako imate samo jednu vrstu \u0161tednjaka i ne planirate zamjenu u navedenom razdoblju. <\/p>\n\n<h3 class=\"wp-block-heading\">Kako se provodi istra\u017eivanje<\/h3>\n\n<p>Istra\u017eivanje \u0107e mjeriti razine du\u0161ikovog dioksida (NO<sub>2<\/sub>) i hlapljivih organskih spojeva (VOC). Mjerenje \u0107e se vr\u0161iti pomo\u0107u malih epruveta za uzorkovanje zraka. Pri\u010dvrstit \u0107emo ih ili objesiti na kuhinjski zid i one \u0107e postupno prikupljati one\u010di\u0161\u0107enja ako su prisutna u zraku. Nakon dva tjedna epruvete se zatvaraju i \u0161alju u laboratorij na analizu.&nbsp;<\/p>\n\n<p>Paralelno se epruvete za uzorkovanje zraka postavljaju i u vanjski prostor u blizini kuhinje kako bismo bili sigurni da eventualno one\u010di\u0161\u0107enje ne dolazi iz vanjskog izvora.<\/p>\n\n<h3 class=\"wp-block-heading\">Vrijeme provedbe istra\u017eivanja<\/h3>\n\n<ol class=\"wp-block-list\">\n<li>Faza kuhanja na plin &#8211; dvotjedno mjerenje o\u010dekivano u sije\u010dnju 2025.<\/li>\n\n\n\n<li>Faza zamjene tro\u0161ila <\/li>\n\n\n\n<li>Faza kuhanja na elektri\u010dnu energiju &#8211; dvotjedno mjerenje o\u010dekivano u velja\u010di 2025. nakon zamjene \u0161tednjaka<\/li>\n<\/ol>\n\n<h3 class=\"wp-block-heading\">Uvjeti za sudjelovanje u istra\u017eivanju<\/h3>\n\n<p>Trenutno kuhate na plin iz sustava plinovoda (ne putem plinskih boca).&nbsp;<\/p>\n\n<p>Planirate zamjenu plinskog \u0161tednjaka elektri\u010dnim u navedenom razdoblju. <\/p>\n\n<p>Ne grijete se na kruta goriva (drva, ugljen).<\/p>\n\n<p>Ne pu\u0161ite u zatvorenom prostoru ku\u0107anstva.<\/p>\n\n<p>Dostupni ste za istra\u017eivanje u navedenom razdoblju (boravite u stanu uz redovito kuhanje) te dostupni za posjete na\u0161eg istra\u017eiva\u010da (4 kratka posjeta, po jednom na po\u010detku i na kraju faze plina te na po\u010detku i na kraju faze elektri\u010dne energije).<\/p>\n\n<p><a href=\"https:\/\/forms.gle\/t3WCdFk5uLBcqpro6\" data-type=\"link\" data-id=\"https:\/\/forms.gle\/t3WCdFk5uLBcqpro6\">Prijavite se ovdje.<\/a><\/p>\n\n<p>Ako imate pitanja pi\u0161ite nam na: <a href=\"mailto:info.croatia@greenpeace.org\">info.croatia@greenpeace.org<\/a>&nbsp;<\/p>\n\n<p>Proslijedite ovu informaciju prijateljima i poznanicima koji taman planiraju zamjenu plinskog \u0161tednjaka elektri\u010dnime!<\/p>\n\n<p><\/p>\n\n<p><\/p>\n","protected":false},"excerpt":{"rendered":"<p>Sudjelujte u istra\u017eivanju Greenpeacea Greenpeace priprema istra\u017eivanje o kvaliteti zraka i utjecaju razli\u010ditih vrsta \u0161tednjaka na one\u010di\u0161\u0107enje zraka u zatvorenom prostoru i posljedi\u010dno na zdravlje ljudi. Potrebni su nam dobrovoljci koji planiraju zamjenu plinskih s elektri\u010dnim \u0161tednjacima. U ku\u0107anstvima koja planiraju zamjenu u periodu istra\u017eivanja proveli bismo dvije faze istra\u017eivanja: prije i poslije zamjene \u0161tednjaka [&hellip;]<\/p>\n","protected":false},"author":26,"featured_media":65851,"parent":0,"menu_order":0,"comment_status":"closed","ping_status":"closed","template":"","meta":{"ep_exclude_from_search":false,"p4_hide_page_title_checkbox":"","p4_title":"","p4_subtitle":"","p4_description":"","background_image_id":"","background_image":"","p4_button_title":"","p4_button_link":"","p4_button_link_checkbox":"","p4_og_title":"","p4_og_description":"","p4_og_image":"","p4_og_image_id":"","p4_seo_canonical_url":"","p4_campaign_name":"","p4_local_project":"","p4_basket_name":"","p4_department":"","footnotes":""},"categories":[29],"tags":[56],"class_list":["post-65802","page","type-page","status-publish","has-post-thumbnail","hentry","category-klima-i-energija","tag-fosilniplin"],"_links":{"self":[{"href":"https:\/\/www.greenpeace.org\/croatia\/wp-json\/wp\/v2\/pages\/65802","targetHints":{"allow":["GET"]}}],"collection":[{"href":"https:\/\/www.greenpeace.org\/croatia\/wp-json\/wp\/v2\/pages"}],"about":[{"href":"https:\/\/www.greenpeace.org\/croatia\/wp-json\/wp\/v2\/types\/page"}],"author":[{"embeddable":true,"href":"https:\/\/www.greenpeace.org\/croatia\/wp-json\/wp\/v2\/users\/26"}],"replies":[{"embeddable":true,"href":"https:\/\/www.greenpeace.org\/croatia\/wp-json\/wp\/v2\/comments?post=65802"}],"version-history":[{"count":15,"href":"https:\/\/www.greenpeace.org\/croatia\/wp-json\/wp\/v2\/pages\/65802\/revisions"}],"predecessor-version":[{"id":65892,"href":"https:\/\/www.greenpeace.org\/croatia\/wp-json\/wp\/v2\/pages\/65802\/revisions\/65892"}],"wp:featuredmedia":[{"embeddable":true,"href":"https:\/\/www.greenpeace.org\/croatia\/wp-json\/wp\/v2\/media\/65851"}],"wp:attachment":[{"href":"https:\/\/www.greenpeace.org\/croatia\/wp-json\/wp\/v2\/media?parent=65802"}],"wp:term":[{"taxonomy":"category","embeddable":true,"href":"https:\/\/www.greenpeace.org\/croatia\/wp-json\/wp\/v2\/categories?post=65802"},{"taxonomy":"post_tag","embeddable":true,"href":"https:\/\/www.greenpeace.org\/croatia\/wp-json\/wp\/v2\/tags?post=65802"}],"curies":[{"name":"wp","href":"https:\/\/api.w.org\/{rel}","templated":true}]}}