{"id":10528,"date":"2020-05-06T11:09:52","date_gmt":"2020-05-06T09:09:52","guid":{"rendered":"https:\/\/www.greenpeace.org\/czech\/?page_id=10528"},"modified":"2026-03-25T15:46:57","modified_gmt":"2026-03-25T14:46:57","slug":"vyrocni-zpravy","status":"publish","type":"page","link":"https:\/\/www.greenpeace.org\/czech\/vyrocni-zpravy\/","title":{"rendered":"V\u00fdro\u010dn\u00ed zpr\u00e1vy"},"content":{"rendered":"\n\n<div class=\"wp-block-group alignfull is-layout-flow wp-block-group-is-layout-flow\">\n<div class=\"wp-block-group container is-layout-flow wp-block-group-is-layout-flow\">\n<div class=\"wp-block-media-text alignfull has-media-on-the-right is-stacked-on-mobile is-pattern-p4-page-header is-style-parallax\"><div class=\"wp-block-media-text__content\">\n<div class=\"wp-block-group is-layout-flow wp-block-group-is-layout-flow\">\n<h1 class=\"wp-block-heading has-white-background-color has-background\">\n                            V\u00fdro\u010dn\u00ed zpr\u00e1vy\n                        <\/h1>\n<\/div>\n\n\n\n<p style=\"font-size:1.25rem\">\n                            Greenpeace je mezin\u00e1rodn\u00ed organizace, kter\u00e1 nep\u0159ij\u00edm\u00e1 pen\u00edze od st\u00e1t\u016f, politick\u00fdch stran, firem a ani od nadac\u00ed, kter\u00e9 jsou s nimi spojeny. Na\u0161e nez\u00e1vislost n\u00e1m umo\u017e\u0148uje kdykoli vystupovat proti neekologick\u00e9mu jedn\u00e1n\u00ed. Jedin\u00fdm zdrojem na\u0161ich p\u0159\u00edjm\u016f je podpora od jednotlivc\u016f.\nKv\u016fli zachov\u00e1n\u00ed transparentnosti nep\u0159ij\u00edm\u00e1me anonymn\u00ed dary. Zpracov\u00e1n\u00ed ve\u0161ker\u00fdch \u00fadaj\u016f na\u0161ich d\u00e1rc\u016f prob\u00edh\u00e1 striktn\u011b v souladu se z\u00e1konem \u010d. 101\/2000 Sb. o ochran\u011b osobn\u00edch \u00fadaj\u016f. Na\u0161e \u00fa\u010detnictv\u00ed je ka\u017edoro\u010dn\u011b ov\u011b\u0159ov\u00e1no nez\u00e1visl\u00fdm auditorem a v ka\u017ed\u00e9 v\u00fdro\u010dn\u00ed zpr\u00e1v\u011b najdete i v\u00fdsledek auditu.\n                        <\/p>\n<\/div><figure class=\"wp-block-media-text__media\"><img loading=\"lazy\" decoding=\"async\" width=\"1200\" height=\"804\" src=\"https:\/\/www.greenpeace.org\/static\/planet4-czech-republic-stateless\/2020\/05\/acaaa0b4-gp0tyz_medium_res_with_credit_line.jpg\" alt=\"\" sizes=\"auto, (min-width: 601px) 50vw, 100vw\" srcset=\"https:\/\/www.greenpeace.org\/static\/planet4-czech-republic-stateless\/2020\/05\/acaaa0b4-gp0tyz_medium_res_with_credit_line.jpg 1200w, https:\/\/www.greenpeace.org\/static\/planet4-czech-republic-stateless\/2020\/05\/acaaa0b4-gp0tyz_medium_res_with_credit_line-300x201.jpg 300w, https:\/\/www.greenpeace.org\/static\/planet4-czech-republic-stateless\/2020\/05\/acaaa0b4-gp0tyz_medium_res_with_credit_line-1024x686.jpg 1024w, https:\/\/www.greenpeace.org\/static\/planet4-czech-republic-stateless\/2020\/05\/acaaa0b4-gp0tyz_medium_res_with_credit_line-768x515.jpg 768w, https:\/\/www.greenpeace.org\/static\/planet4-czech-republic-stateless\/2020\/05\/acaaa0b4-gp0tyz_medium_res_with_credit_line-507x340.jpg 507w\" class=\"wp-image-10529 size-full\"\/><\/figure><\/div>\n<\/div>\n<\/div>\n\n\n<h2 class=\"wp-block-heading\">V\u00fdro\u010dn\u00ed zpr\u00e1va 2024<\/h2>\n\n<figure class=\"wp-block-image size-medium\"><a href=\"https:\/\/www.greenpeace.org\/static\/planet4-czech-republic-stateless\/2025\/10\/1b399b1c-greenpeace-vyrocni-zprava-2024.pdf\" target=\"_blank\" rel=\"noopener\"><img loading=\"lazy\" decoding=\"async\" width=\"300\" height=\"205\" src=\"https:\/\/www.greenpeace.org\/static\/planet4-czech-republic-stateless\/2025\/10\/0e5fc757-gp-vz-2024-300x205.jpg\" alt=\"\" class=\"wp-image-22973\" srcset=\"https:\/\/www.greenpeace.org\/static\/planet4-czech-republic-stateless\/2025\/10\/0e5fc757-gp-vz-2024-300x205.jpg 300w, https:\/\/www.greenpeace.org\/static\/planet4-czech-republic-stateless\/2025\/10\/0e5fc757-gp-vz-2024-768x524.jpg 768w, https:\/\/www.greenpeace.org\/static\/planet4-czech-republic-stateless\/2025\/10\/0e5fc757-gp-vz-2024-498x340.jpg 498w, https:\/\/www.greenpeace.org\/static\/planet4-czech-republic-stateless\/2025\/10\/0e5fc757-gp-vz-2024.jpg 998w\" sizes=\"auto, (max-width: 300px) 100vw, 300px\" \/><\/a><\/figure>\n\n<p><\/p>\n\n<h2 class=\"wp-block-heading\">V\u00fdro\u010dn\u00ed zpr\u00e1va 2023<\/h2>\n\n<figure class=\"wp-block-image\"><a href=\"https:\/\/www.greenpeace.org\/static\/planet4-czech-republic-stateless\/2024\/06\/405f2efb-vyrocni-zprava-2023.pdf\" target=\"_blank\" rel=\"noopener\"><img loading=\"lazy\" decoding=\"async\" width=\"300\" height=\"208\" src=\"https:\/\/www.greenpeace.org\/static\/planet4-czech-republic-stateless\/2024\/06\/6e116fc8-gp-vyrocni-zprava-2023-300x208.jpg\" alt=\"\" class=\"wp-image-20681\" srcset=\"https:\/\/www.greenpeace.org\/static\/planet4-czech-republic-stateless\/2024\/06\/6e116fc8-gp-vyrocni-zprava-2023-300x208.jpg 300w, https:\/\/www.greenpeace.org\/static\/planet4-czech-republic-stateless\/2024\/06\/6e116fc8-gp-vyrocni-zprava-2023-1024x712.jpg 1024w, https:\/\/www.greenpeace.org\/static\/planet4-czech-republic-stateless\/2024\/06\/6e116fc8-gp-vyrocni-zprava-2023-768x534.jpg 768w, https:\/\/www.greenpeace.org\/static\/planet4-czech-republic-stateless\/2024\/06\/6e116fc8-gp-vyrocni-zprava-2023-489x340.jpg 489w, https:\/\/www.greenpeace.org\/static\/planet4-czech-republic-stateless\/2024\/06\/6e116fc8-gp-vyrocni-zprava-2023.jpg 1491w\" sizes=\"auto, (max-width: 300px) 100vw, 300px\" \/><\/a><\/figure>\n\n<p><\/p>\n\n<h2 class=\"wp-block-heading\">V\u00fdro\u010dn\u00ed zpr\u00e1va 2022<\/h2>\n\n<figure class=\"wp-block-image\"><a href=\"https:\/\/www.greenpeace.org\/static\/planet4-czech-republic-stateless\/2023\/06\/eb72f0a0-final_gp-vyrocka-2023.pdf\"><img loading=\"lazy\" decoding=\"async\" width=\"300\" height=\"212\" src=\"https:\/\/www.greenpeace.org\/static\/planet4-czech-republic-stateless\/2023\/06\/dcf6c15a-gpcz_vyrocni_zprava_2022-300x212.png\" alt=\"\" class=\"wp-image-19133\" srcset=\"https:\/\/www.greenpeace.org\/static\/planet4-czech-republic-stateless\/2023\/06\/dcf6c15a-gpcz_vyrocni_zprava_2022-300x212.png 300w, https:\/\/www.greenpeace.org\/static\/planet4-czech-republic-stateless\/2023\/06\/dcf6c15a-gpcz_vyrocni_zprava_2022-1024x723.png 1024w, https:\/\/www.greenpeace.org\/static\/planet4-czech-republic-stateless\/2023\/06\/dcf6c15a-gpcz_vyrocni_zprava_2022-768x542.png 768w, https:\/\/www.greenpeace.org\/static\/planet4-czech-republic-stateless\/2023\/06\/dcf6c15a-gpcz_vyrocni_zprava_2022-1536x1084.png 1536w, https:\/\/www.greenpeace.org\/static\/planet4-czech-republic-stateless\/2023\/06\/dcf6c15a-gpcz_vyrocni_zprava_2022-2048x1445.png 2048w, https:\/\/www.greenpeace.org\/static\/planet4-czech-republic-stateless\/2023\/06\/dcf6c15a-gpcz_vyrocni_zprava_2022-1936x1366.png 1936w, https:\/\/www.greenpeace.org\/static\/planet4-czech-republic-stateless\/2023\/06\/dcf6c15a-gpcz_vyrocni_zprava_2022-482x340.png 482w\" sizes=\"auto, (max-width: 300px) 100vw, 300px\" \/><\/a><\/figure>\n\n<p><\/p>\n\n<h2 class=\"wp-block-heading\">V\u00fdro\u010dn\u00ed zpr\u00e1va 2021<\/h2>\n\n<figure class=\"wp-block-image\"><a href=\"https:\/\/www.greenpeace.org\/static\/planet4-czech-republic-stateless\/2022\/07\/1e8eb850-export03_gp-vyrocni-zprava-2021.pdf\"><img loading=\"lazy\" decoding=\"async\" width=\"300\" height=\"212\" src=\"https:\/\/www.greenpeace.org\/static\/planet4-czech-republic-stateless\/2022\/07\/eac0990e-export03_gp-vyrocni-zprava-2021-01-300x212.png\" alt=\"\" class=\"wp-image-17137\" srcset=\"https:\/\/www.greenpeace.org\/static\/planet4-czech-republic-stateless\/2022\/07\/eac0990e-export03_gp-vyrocni-zprava-2021-01-300x212.png 300w, https:\/\/www.greenpeace.org\/static\/planet4-czech-republic-stateless\/2022\/07\/eac0990e-export03_gp-vyrocni-zprava-2021-01-1024x724.png 1024w, https:\/\/www.greenpeace.org\/static\/planet4-czech-republic-stateless\/2022\/07\/eac0990e-export03_gp-vyrocni-zprava-2021-01-768x543.png 768w, https:\/\/www.greenpeace.org\/static\/planet4-czech-republic-stateless\/2022\/07\/eac0990e-export03_gp-vyrocni-zprava-2021-01-1536x1086.png 1536w, https:\/\/www.greenpeace.org\/static\/planet4-czech-republic-stateless\/2022\/07\/eac0990e-export03_gp-vyrocni-zprava-2021-01-2048x1448.png 2048w, https:\/\/www.greenpeace.org\/static\/planet4-czech-republic-stateless\/2022\/07\/eac0990e-export03_gp-vyrocni-zprava-2021-01-1932x1366.png 1932w, https:\/\/www.greenpeace.org\/static\/planet4-czech-republic-stateless\/2022\/07\/eac0990e-export03_gp-vyrocni-zprava-2021-01-481x340.png 481w\" sizes=\"auto, (max-width: 300px) 100vw, 300px\" \/><\/a><\/figure>\n\n<p><\/p>\n\n<h2 class=\"wp-block-heading\">V\u00fdro\u010dn\u00ed zpr\u00e1va 2020<\/h2>\n\n<figure class=\"wp-block-image\"><a href=\"https:\/\/www.greenpeace.org\/static\/planet4-czech-republic-stateless\/2021\/08\/50cc0f77-vyrocni-zprava-2020.pdf\"><img loading=\"lazy\" decoding=\"async\" width=\"1024\" height=\"722\" src=\"https:\/\/www.greenpeace.org\/static\/planet4-czech-republic-stateless\/2021\/08\/ab7d0885-vyrocni-zprava-2020-1024x722.png\" alt=\"\" class=\"wp-image-14347\" srcset=\"https:\/\/www.greenpeace.org\/static\/planet4-czech-republic-stateless\/2021\/08\/ab7d0885-vyrocni-zprava-2020-1024x722.png 1024w, https:\/\/www.greenpeace.org\/static\/planet4-czech-republic-stateless\/2021\/08\/ab7d0885-vyrocni-zprava-2020-300x212.png 300w, https:\/\/www.greenpeace.org\/static\/planet4-czech-republic-stateless\/2021\/08\/ab7d0885-vyrocni-zprava-2020-768x541.png 768w, https:\/\/www.greenpeace.org\/static\/planet4-czech-republic-stateless\/2021\/08\/ab7d0885-vyrocni-zprava-2020-1536x1083.png 1536w, https:\/\/www.greenpeace.org\/static\/planet4-czech-republic-stateless\/2021\/08\/ab7d0885-vyrocni-zprava-2020-1938x1366.png 1938w, https:\/\/www.greenpeace.org\/static\/planet4-czech-republic-stateless\/2021\/08\/ab7d0885-vyrocni-zprava-2020-482x340.png 482w, https:\/\/www.greenpeace.org\/static\/planet4-czech-republic-stateless\/2021\/08\/ab7d0885-vyrocni-zprava-2020.png 2000w\" sizes=\"auto, (max-width: 1024px) 100vw, 1024px\" \/><\/a><\/figure>\n\n<p><\/p>\n\n<h2 class=\"wp-block-heading\">&nbsp;<\/h2>\n\n<h2 class=\"wp-block-heading\">V\u00fdro\u010dn\u00ed zpr\u00e1va 2019<\/h2>\n\n<figure class=\"wp-block-image\"><a href=\"https:\/\/www.greenpeace.org\/static\/planet4-czech-republic-stateless\/2020\/09\/5d9a5c9d-vyrocka-2019-final.pdf\"><img decoding=\"async\" src=\"https:\/\/www.greenpeace.org\/static\/planet4-czech-republic-stateless\/2020\/09\/5c6fd7cb-titulka-vyrocni-zpravy-2019-1024x755.jpg\" alt=\"Tento obr\u00e1zek nem\u00e1 vypln\u011bn\u00fd atribut alt; n\u00e1zev souboru je 5c6fd7cb-titulka-vyrocni-zpravy-2019-1024x755.jpg.\"\/><\/a><\/figure>\n\n<p><\/p>\n\n<h2 class=\"wp-block-heading\">V\u00fdro\u010dn\u00ed zpr\u00e1va 2018<\/h2>\n\n<figure class=\"wp-block-image\"><a href=\"https:\/\/storage.googleapis.com\/planet4-czech-republic-stateless-release\/2019\/07\/bcc061f7-export04_gp-vyrocka-2019.pdf\" target=\"_blank\" rel=\"noopener noreferrer\"><img loading=\"lazy\" decoding=\"async\" width=\"300\" height=\"212\" src=\"https:\/\/storage.googleapis.com\/planet4-czech-republic-stateless-release\/2019\/07\/e73bf15f-titul_gp-vyrocka-2019-300x212.jpg\" alt=\"\" class=\"wp-image-3862\" srcset=\"https:\/\/www.greenpeace.org\/static\/planet4-czech-republic-stateless\/2019\/07\/e73bf15f-titul_gp-vyrocka-2019-300x212.jpg 300w, https:\/\/www.greenpeace.org\/static\/planet4-czech-republic-stateless\/2019\/07\/e73bf15f-titul_gp-vyrocka-2019-768x543.jpg 768w, https:\/\/www.greenpeace.org\/static\/planet4-czech-republic-stateless\/2019\/07\/e73bf15f-titul_gp-vyrocka-2019-1024x724.jpg 1024w, https:\/\/www.greenpeace.org\/static\/planet4-czech-republic-stateless\/2019\/07\/e73bf15f-titul_gp-vyrocka-2019-481x340.jpg 481w, https:\/\/www.greenpeace.org\/static\/planet4-czech-republic-stateless\/2019\/07\/e73bf15f-titul_gp-vyrocka-2019.jpg 1754w\" sizes=\"auto, (max-width: 300px) 100vw, 300px\" \/><\/a><\/figure>\n\n<p><\/p>\n\n<h2 class=\"wp-block-heading\">V\u00fdro\u010dn\u00ed zpr\u00e1va 2017<\/h2>\n\n<figure class=\"wp-block-image\"><a href=\"https:\/\/www.greenpeace.org\/static\/planet4-czech-republic-stateless\/2018\/10\/63a368df-63a368df-vyrocni_zprava_2017.pdf\" target=\"_blank\" rel=\"noopener noreferrer\"><img loading=\"lazy\" decoding=\"async\" width=\"300\" height=\"212\" src=\"https:\/\/storage.googleapis.com\/planet4-czech-republic-stateless-release\/2018\/11\/9397ff6e-vyrocka_2017_cover-300x212.jpg\" alt=\"\" class=\"wp-image-1743\" srcset=\"https:\/\/www.greenpeace.org\/static\/planet4-czech-republic-stateless\/2018\/11\/9397ff6e-vyrocka_2017_cover-300x212.jpg 300w, https:\/\/www.greenpeace.org\/static\/planet4-czech-republic-stateless\/2018\/11\/9397ff6e-vyrocka_2017_cover-481x340.jpg 481w, https:\/\/www.greenpeace.org\/static\/planet4-czech-republic-stateless\/2018\/11\/9397ff6e-vyrocka_2017_cover.jpg 600w\" sizes=\"auto, (max-width: 300px) 100vw, 300px\" \/><\/a><\/figure>\n\n<p><\/p>\n\n<h2 class=\"wp-block-heading\">V\u00fdro\u010dn\u00ed zpr\u00e1va 2016<\/h2>\n\n<figure class=\"wp-block-image\"><a href=\"https:\/\/www.greenpeace.org\/static\/planet4-czech-republic-stateless\/2026\/03\/d1b37a8c-vyrocni-zprava-2016.pdf\" target=\"_blank\" rel=\"noopener noreferrer\"><img loading=\"lazy\" decoding=\"async\" width=\"300\" height=\"212\" src=\"https:\/\/storage.googleapis.com\/planet4-czech-republic-stateless-release\/2018\/11\/7ed25703-export02_gp-vyrocka-2017-1-300x212.jpg\" alt=\"\" class=\"wp-image-1746\" srcset=\"https:\/\/www.greenpeace.org\/static\/planet4-czech-republic-stateless\/2018\/11\/7ed25703-export02_gp-vyrocka-2017-1-300x212.jpg 300w, https:\/\/www.greenpeace.org\/static\/planet4-czech-republic-stateless\/2018\/11\/7ed25703-export02_gp-vyrocka-2017-1-481x340.jpg 481w, https:\/\/www.greenpeace.org\/static\/planet4-czech-republic-stateless\/2018\/11\/7ed25703-export02_gp-vyrocka-2017-1.jpg 600w\" sizes=\"auto, (max-width: 300px) 100vw, 300px\" \/><\/a><\/figure>\n\n<p><\/p>\n\n<h2 class=\"wp-block-heading\">V\u00fdro\u010dn\u00ed zpr\u00e1va 2015<\/h2>\n\n<figure class=\"wp-block-image\"><a href=\"https:\/\/www.greenpeace.org\/static\/planet4-czech-republic-stateless\/2026\/03\/4dad84b9-vyrocni-zprava-2015.pdf\" target=\"_blank\" rel=\"noopener noreferrer\"><img loading=\"lazy\" decoding=\"async\" width=\"300\" height=\"212\" src=\"https:\/\/storage.googleapis.com\/planet4-czech-republic-stateless-release\/2018\/11\/7b733232-export02_gp-vyrocka-2016-1-300x212.jpg\" alt=\"\" class=\"wp-image-1747\" srcset=\"https:\/\/www.greenpeace.org\/static\/planet4-czech-republic-stateless\/2018\/11\/7b733232-export02_gp-vyrocka-2016-1-300x212.jpg 300w, https:\/\/www.greenpeace.org\/static\/planet4-czech-republic-stateless\/2018\/11\/7b733232-export02_gp-vyrocka-2016-1-768x543.jpg 768w, https:\/\/www.greenpeace.org\/static\/planet4-czech-republic-stateless\/2018\/11\/7b733232-export02_gp-vyrocka-2016-1-481x340.jpg 481w, https:\/\/www.greenpeace.org\/static\/planet4-czech-republic-stateless\/2018\/11\/7b733232-export02_gp-vyrocka-2016-1.jpg 800w\" sizes=\"auto, (max-width: 300px) 100vw, 300px\" \/><\/a><\/figure>\n\n<p><\/p>\n<div data-render=\"planet4-blocks\/columns\" data-attributes=\"{&quot;attributes&quot;:{&quot;columns&quot;:[{&quot;cta_text&quot;:&quot;Archiv&quot;,&quot;cta_link&quot;:&quot;http:\\\/\\\/www.greenpeace.org\\\/archive-czech\\\/cz\\\/&quot;,&quot;title&quot;:&quot; &quot;,&quot;link_new_tab&quot;:false}],&quot;className&quot;:&quot;is-style-no_image&quot;,&quot;columns_block_style&quot;:&quot;no_image&quot;}}\"><\/div><\/p>\n","protected":false},"excerpt":{"rendered":"<p>Greenpeace je mezin\u00e1rodn\u00ed organizace, kter\u00e1 nep\u0159ij\u00edm\u00e1 pen\u00edze od st\u00e1t\u016f, politick\u00fdch stran, firem a ani od nadac\u00ed, kter\u00e9 jsou s nimi spojeny.<\/p>\n","protected":false},"author":21,"featured_media":10529,"parent":0,"menu_order":0,"comment_status":"closed","ping_status":"closed","template":"page-templates\/evergreen.php","meta":{"ep_exclude_from_search":false,"p4_hide_page_title_checkbox":"on","p4_title":"","p4_subtitle":"","p4_description":"","background_image_id":"","background_image":"","p4_button_title":"","p4_button_link":"","p4_button_link_checkbox":"","p4_og_title":"","p4_og_description":"","p4_og_image":"","p4_og_image_id":"","p4_seo_canonical_url":"","p4_campaign_name":"not set","p4_local_project":"not set","p4_basket_name":"not set","p4_department":"","footnotes":""},"categories":[1],"tags":[],"class_list":["post-10528","page","type-page","status-publish","has-post-thumbnail","hentry","category-nezarazeno"],"_links":{"self":[{"href":"https:\/\/www.greenpeace.org\/czech\/wp-json\/wp\/v2\/pages\/10528","targetHints":{"allow":["GET"]}}],"collection":[{"href":"https:\/\/www.greenpeace.org\/czech\/wp-json\/wp\/v2\/pages"}],"about":[{"href":"https:\/\/www.greenpeace.org\/czech\/wp-json\/wp\/v2\/types\/page"}],"author":[{"embeddable":true,"href":"https:\/\/www.greenpeace.org\/czech\/wp-json\/wp\/v2\/users\/21"}],"replies":[{"embeddable":true,"href":"https:\/\/www.greenpeace.org\/czech\/wp-json\/wp\/v2\/comments?post=10528"}],"version-history":[{"count":15,"href":"https:\/\/www.greenpeace.org\/czech\/wp-json\/wp\/v2\/pages\/10528\/revisions"}],"predecessor-version":[{"id":23498,"href":"https:\/\/www.greenpeace.org\/czech\/wp-json\/wp\/v2\/pages\/10528\/revisions\/23498"}],"wp:featuredmedia":[{"embeddable":true,"href":"https:\/\/www.greenpeace.org\/czech\/wp-json\/wp\/v2\/media\/10529"}],"wp:attachment":[{"href":"https:\/\/www.greenpeace.org\/czech\/wp-json\/wp\/v2\/media?parent=10528"}],"wp:term":[{"taxonomy":"category","embeddable":true,"href":"https:\/\/www.greenpeace.org\/czech\/wp-json\/wp\/v2\/categories?post=10528"},{"taxonomy":"post_tag","embeddable":true,"href":"https:\/\/www.greenpeace.org\/czech\/wp-json\/wp\/v2\/tags?post=10528"}],"curies":[{"name":"wp","href":"https:\/\/api.w.org\/{rel}","templated":true}]}}