{"id":18409,"date":"2023-02-20T16:43:52","date_gmt":"2023-02-20T15:43:52","guid":{"rendered":"https:\/\/www.greenpeace.org\/czech\/?page_id=18409"},"modified":"2025-10-15T13:00:23","modified_gmt":"2025-10-15T12:00:23","slug":"zavet-a-odkaz-ze-zaveti","status":"publish","type":"page","link":"https:\/\/www.greenpeace.org\/czech\/zapoj-se\/zavet-a-odkaz-ze-zaveti\/","title":{"rendered":"Z\u00e1v\u011b\u0165 a odkaz ze z\u00e1v\u011bti"},"content":{"rendered":"\n\n<div class=\"wp-block-group alignfull is-layout-flow wp-block-group-is-layout-flow\">\n<div class=\"wp-block-group container is-layout-flow wp-block-group-is-layout-flow\">\n<div class=\"wp-block-media-text alignfull has-media-on-the-right is-stacked-on-mobile is-pattern-p4-page-header is-style-parallax\"><div class=\"wp-block-media-text__content\">\n<div class=\"wp-block-group is-layout-flow wp-block-group-is-layout-flow\">\n<h1 class=\"wp-block-heading has-white-background-color has-background\">\n                            Z\u00e1v\u011b\u0165 a odkaz ze z\u00e1v\u011bti\n                        <\/h1>\n<\/div>\n<\/div><figure class=\"wp-block-media-text__media\"><img loading=\"lazy\" decoding=\"async\" width=\"2500\" height=\"1667\" src=\"https:\/\/www.greenpeace.org\/static\/planet4-czech-republic-stateless\/2023\/02\/6d7bbe33-cover-.jpg\" alt=\"\" sizes=\"auto, (min-width: 601px) 50vw, 100vw\" srcset=\"https:\/\/www.greenpeace.org\/static\/planet4-czech-republic-stateless\/2023\/02\/6d7bbe33-cover-.jpg 2500w, https:\/\/www.greenpeace.org\/static\/planet4-czech-republic-stateless\/2023\/02\/6d7bbe33-cover--300x200.jpg 300w, https:\/\/www.greenpeace.org\/static\/planet4-czech-republic-stateless\/2023\/02\/6d7bbe33-cover--1024x683.jpg 1024w, https:\/\/www.greenpeace.org\/static\/planet4-czech-republic-stateless\/2023\/02\/6d7bbe33-cover--768x512.jpg 768w, https:\/\/www.greenpeace.org\/static\/planet4-czech-republic-stateless\/2023\/02\/6d7bbe33-cover--1536x1024.jpg 1536w, https:\/\/www.greenpeace.org\/static\/planet4-czech-republic-stateless\/2023\/02\/6d7bbe33-cover--2048x1366.jpg 2048w, https:\/\/www.greenpeace.org\/static\/planet4-czech-republic-stateless\/2023\/02\/6d7bbe33-cover--510x340.jpg 510w\" class=\"wp-image-18412 size-full\"\/><\/figure><\/div>\n<\/div>\n<\/div>\n\n\n<p>V\u011bnovat \u010d\u00e1st sv\u00e9ho majetku ve prosp\u011bch neziskov\u00e9 organizace je ve sv\u011bt\u011b obvykl\u00e9 a tento zp\u016fsob podpory se v posledn\u00edch letech rychle rozv\u00edj\u00ed i v \u010cesk\u00e9 republice. Na&nbsp; Greenpeace m\u016f\u017eete pamatovat odkazem ze z\u00e1v\u011bti, kdy v z\u00e1v\u011bti stanov\u00edte finan\u010dn\u00ed \u010d\u00e1stku nebo \u010d\u00e1st majetku, kterou m\u00e1me z\u00edskat. Cel\u00fd sv\u016fj majetek m\u016f\u017eete neziskov\u00e9 organizaci odk\u00e1zat v p\u0159\u00edpad\u011b, \u017ee nem\u00e1te d\u011bdice ze z\u00e1kona a v\u00e1\u0161 majetek by propadl st\u00e1tu.<\/p>\n\n<p>Pokud je v\u00e1m bl\u00edzk\u00e9 t\u00e9ma ochrany p\u0159\u00edrody a \u017eivotn\u00edho prost\u0159ed\u00ed a zahrnete do sv\u00e9 z\u00e1v\u011bti Greenpeace, budete se s n\u00e1mi pod\u00edlet na ochran\u011b na\u0161\u00ed planety dlouho do budoucna. V\u00e1\u0161 dar n\u00e1m pom\u016f\u017ee uskute\u010dnit na\u0161i spole\u010dnou p\u0159edstavu o \u010dist\u0161\u00ed a zelen\u011bj\u0161\u00ed planet\u011b, kter\u00e1 si zachov\u00e1v\u00e1 svou rozmanitost i pro p\u0159\u00ed\u0161t\u00ed generace.<\/p>\n\n<p>Va\u0161e dotazy ohledn\u011b procesu sepisov\u00e1n\u00ed a uzav\u00edr\u00e1n\u00ed z\u00e1v\u011bti r\u00e1di zodpov\u00edme. Pokud m\u00e1te jak\u00e9koliv ot\u00e1zky kontaktujte pros\u00edm Eli\u0161ku Dost\u00e1lkovou, kter\u00e1 v\u00e1m se v\u0161\u00edm r\u00e1da porad\u00ed.\u00a0<\/p>\n<div data-render=\"planet4-blocks\/columns\" data-attributes=\"{&quot;attributes&quot;:{&quot;columns_block_style&quot;:&quot;icons&quot;,&quot;columns&quot;:[{&quot;attachment&quot;:&quot;https:\\\/\\\/www.greenpeace.org\\\/static\\\/planet4-czech-republic-stateless\\\/2025\\\/10\\\/bf12a667-eliska.png&quot;,&quot;title&quot;:&quot;Eli\\u0161ka Dost\\u00e1lkov\\u00e1&quot;,&quot;description&quot;:&quot;e-mail:\\u00a0&lt;a href=\\&quot;mailto:eliska.dostalkova@greenpeace.org\\&quot;&gt;eliska.dostalkova@greenpeace.org&lt;\\\/a&gt;&lt;br&gt;mobil: +420 773 736 383&quot;,&quot;attachment_srcset&quot;:false},{&quot;title&quot;:&quot;&quot;},{&quot;title&quot;:&quot;&quot;}],&quot;className&quot;:&quot;is-style-icons&quot;}}\"><\/div>\n<p><\/p>\n","protected":false},"excerpt":{"rendered":"<p>Pod\u00edlejte na ochran\u011b na\u0161\u00ed planety i dlouho do budoucna a vyu\u017eijte mo\u017enost podpo\u0159it n\u00e1s odkazem ze z\u00e1v\u011bti.  <\/p>\n","protected":false},"author":55,"featured_media":18410,"parent":9,"menu_order":0,"comment_status":"closed","ping_status":"closed","template":"","meta":{"ep_exclude_from_search":false,"p4_hide_page_title_checkbox":"on","p4_title":"","p4_subtitle":"","p4_description":"","background_image_id":"","background_image":"","p4_button_title":"","p4_button_link":"","p4_button_link_checkbox":"","p4_og_title":"","p4_og_description":"","p4_og_image":"","p4_og_image_id":"","p4_seo_canonical_url":"","p4_campaign_name":"not set","p4_local_project":"not set","p4_basket_name":"not set","p4_department":"","footnotes":""},"categories":[1],"tags":[27],"class_list":["post-18409","page","type-page","status-publish","has-post-thumbnail","hentry","category-nezarazeno","tag-podporuji-greenpeace"],"_links":{"self":[{"href":"https:\/\/www.greenpeace.org\/czech\/wp-json\/wp\/v2\/pages\/18409","targetHints":{"allow":["GET"]}}],"collection":[{"href":"https:\/\/www.greenpeace.org\/czech\/wp-json\/wp\/v2\/pages"}],"about":[{"href":"https:\/\/www.greenpeace.org\/czech\/wp-json\/wp\/v2\/types\/page"}],"author":[{"embeddable":true,"href":"https:\/\/www.greenpeace.org\/czech\/wp-json\/wp\/v2\/users\/55"}],"replies":[{"embeddable":true,"href":"https:\/\/www.greenpeace.org\/czech\/wp-json\/wp\/v2\/comments?post=18409"}],"version-history":[{"count":11,"href":"https:\/\/www.greenpeace.org\/czech\/wp-json\/wp\/v2\/pages\/18409\/revisions"}],"predecessor-version":[{"id":22994,"href":"https:\/\/www.greenpeace.org\/czech\/wp-json\/wp\/v2\/pages\/18409\/revisions\/22994"}],"up":[{"embeddable":true,"href":"https:\/\/www.greenpeace.org\/czech\/wp-json\/wp\/v2\/pages\/9"}],"wp:featuredmedia":[{"embeddable":true,"href":"https:\/\/www.greenpeace.org\/czech\/wp-json\/wp\/v2\/media\/18410"}],"wp:attachment":[{"href":"https:\/\/www.greenpeace.org\/czech\/wp-json\/wp\/v2\/media?parent=18409"}],"wp:term":[{"taxonomy":"category","embeddable":true,"href":"https:\/\/www.greenpeace.org\/czech\/wp-json\/wp\/v2\/categories?post=18409"},{"taxonomy":"post_tag","embeddable":true,"href":"https:\/\/www.greenpeace.org\/czech\/wp-json\/wp\/v2\/tags?post=18409"}],"curies":[{"name":"wp","href":"https:\/\/api.w.org\/{rel}","templated":true}]}}