{"id":18415,"date":"2023-02-20T16:45:18","date_gmt":"2023-02-20T15:45:18","guid":{"rendered":"https:\/\/www.greenpeace.org\/czech\/?page_id=18415"},"modified":"2025-10-15T13:02:40","modified_gmt":"2025-10-15T12:02:40","slug":"velke-dary-a-partnerstvi","status":"publish","type":"page","link":"https:\/\/www.greenpeace.org\/czech\/zapoj-se\/velke-dary-a-partnerstvi\/","title":{"rendered":"Velk\u00e9 dary a partnerstv\u00ed"},"content":{"rendered":"\n\n<div class=\"wp-block-group alignfull is-layout-flow wp-block-group-is-layout-flow\">\n<div class=\"wp-block-group container is-layout-flow wp-block-group-is-layout-flow\">\n<div class=\"wp-block-media-text alignfull has-media-on-the-right is-stacked-on-mobile is-pattern-p4-page-header is-style-parallax\"><div class=\"wp-block-media-text__content\">\n<div class=\"wp-block-group is-layout-flow wp-block-group-is-layout-flow\">\n<h1 class=\"wp-block-heading has-white-background-color has-background\">\n                            Velk\u00e9 dary a partnerstv\u00ed\n                        <\/h1>\n<\/div>\n<\/div><figure class=\"wp-block-media-text__media\"><img loading=\"lazy\" decoding=\"async\" width=\"2500\" height=\"1667\" src=\"https:\/\/www.greenpeace.org\/static\/planet4-czech-republic-stateless\/2023\/02\/d88948f9-coverrwc.jpg\" alt=\"\" sizes=\"auto, (min-width: 601px) 50vw, 100vw\" srcset=\"https:\/\/www.greenpeace.org\/static\/planet4-czech-republic-stateless\/2023\/02\/d88948f9-coverrwc.jpg 2500w, https:\/\/www.greenpeace.org\/static\/planet4-czech-republic-stateless\/2023\/02\/d88948f9-coverrwc-300x200.jpg 300w, https:\/\/www.greenpeace.org\/static\/planet4-czech-republic-stateless\/2023\/02\/d88948f9-coverrwc-1024x683.jpg 1024w, https:\/\/www.greenpeace.org\/static\/planet4-czech-republic-stateless\/2023\/02\/d88948f9-coverrwc-768x512.jpg 768w, https:\/\/www.greenpeace.org\/static\/planet4-czech-republic-stateless\/2023\/02\/d88948f9-coverrwc-1536x1024.jpg 1536w, https:\/\/www.greenpeace.org\/static\/planet4-czech-republic-stateless\/2023\/02\/d88948f9-coverrwc-2048x1366.jpg 2048w, https:\/\/www.greenpeace.org\/static\/planet4-czech-republic-stateless\/2023\/02\/d88948f9-coverrwc-510x340.jpg 510w\" class=\"wp-image-18417 size-full\"\/><\/figure><\/div>\n<\/div>\n<\/div>\n\n\n<p>Hrozby pro na\u0161i planetu jsou velk\u00e9 a akutn\u00ed. Dary od soukrom\u00fdch filantrop\u016f jsou d\u016fle\u017eit\u00fdm p\u0159\u00edsp\u011bvkem pro na\u0161i schopnost tyto probl\u00e9my \u0159e\u0161it.&nbsp;Velc\u00ed soukrom\u00ed d\u00e1rci jsou na\u0161imi d\u016fle\u017eit\u00fdmi partnery a v\u00fdznamn\u00e9 finan\u010dn\u00ed p\u0159\u00edsp\u011bvky pom\u00e1haj\u00ed hledat \u0159e\u0161en\u00ed klimatick\u00e9 krize i chr\u00e1nit biodiverzitu na\u0161\u00ed planety.<\/p>\n\n<p>Abychom si zachovali na\u0161i nez\u00e1vislost, nep\u0159ij\u00edm\u00e1me dary od firem, firemn\u00edch nadac\u00ed, st\u00e1tu, samospr\u00e1v ani politick\u00fdch stran. Nep\u0159ij\u00edm\u00e1me ani dary od osob nebo nada\u010dn\u00edch fond\u016f, sv\u00e1zan\u00fdch s fosiln\u00ed energetikou.<\/p>\n\n<p>Va\u0161e dotazy ohledn\u011b darov\u00e1n\u00ed v\u00fdznamn\u00fdch finan\u010dn\u00edch \u010d\u00e1stek a uzav\u00edr\u00e1n\u00ed d\u00e1rcovsk\u00e9 smlouvy r\u00e1di zodpov\u00edme. Pokud m\u00e1te jak\u00e9koliv ot\u00e1zky kontaktujte pros\u00edm Eli\u0161ku Dost\u00e1lkovou, kter\u00e1 v\u00e1m se v\u0161\u00edm r\u00e1da porad\u00ed.\u00a0<\/p>\n<div data-render=\"planet4-blocks\/columns\" data-attributes=\"{&quot;attributes&quot;:{&quot;columns_block_style&quot;:&quot;icons&quot;,&quot;columns&quot;:[{&quot;attachment&quot;:&quot;https:\\\/\\\/www.greenpeace.org\\\/static\\\/planet4-czech-republic-stateless\\\/2025\\\/10\\\/bf12a667-eliska.png&quot;,&quot;title&quot;:&quot;Eli\\u0161ka Dost\\u00e1lkov\\u00e1&quot;,&quot;description&quot;:&quot;e-mail:\\u00a0&lt;a href=\\&quot;mailto:eliska.dostalkova@greenpeace.org\\&quot;&gt;eliska.dostalkova@greenpeace.org&lt;\\\/a&gt;&lt;br&gt;mobil: +420 773 736 383&quot;,&quot;attachment_srcset&quot;:false},{&quot;title&quot;:&quot;&quot;},{&quot;title&quot;:&quot;&quot;}],&quot;className&quot;:&quot;is-style-icons&quot;}}\"><\/div>\n<p><\/p>\n","protected":false},"excerpt":{"rendered":"<p>Rainbow Warrior Club sdru\u017euje ty, kte\u0159\u00ed n\u00e1s podporuj\u00ed v\u00fdznamn\u00fdmi pravideln\u00fdmi nebo jednor\u00e1zov\u00fdmi dary.<\/p>\n","protected":false},"author":55,"featured_media":18416,"parent":9,"menu_order":0,"comment_status":"closed","ping_status":"closed","template":"","meta":{"ep_exclude_from_search":false,"p4_hide_page_title_checkbox":"on","p4_title":"","p4_subtitle":"","p4_description":"","background_image_id":"","background_image":"","p4_button_title":"","p4_button_link":"","p4_button_link_checkbox":"","p4_og_title":"","p4_og_description":"","p4_og_image":"","p4_og_image_id":"","p4_seo_canonical_url":"","p4_campaign_name":"not set","p4_local_project":"not set","p4_basket_name":"not set","p4_department":"","footnotes":""},"categories":[1],"tags":[27],"class_list":["post-18415","page","type-page","status-publish","has-post-thumbnail","hentry","category-nezarazeno","tag-podporuji-greenpeace"],"_links":{"self":[{"href":"https:\/\/www.greenpeace.org\/czech\/wp-json\/wp\/v2\/pages\/18415","targetHints":{"allow":["GET"]}}],"collection":[{"href":"https:\/\/www.greenpeace.org\/czech\/wp-json\/wp\/v2\/pages"}],"about":[{"href":"https:\/\/www.greenpeace.org\/czech\/wp-json\/wp\/v2\/types\/page"}],"author":[{"embeddable":true,"href":"https:\/\/www.greenpeace.org\/czech\/wp-json\/wp\/v2\/users\/55"}],"replies":[{"embeddable":true,"href":"https:\/\/www.greenpeace.org\/czech\/wp-json\/wp\/v2\/comments?post=18415"}],"version-history":[{"count":9,"href":"https:\/\/www.greenpeace.org\/czech\/wp-json\/wp\/v2\/pages\/18415\/revisions"}],"predecessor-version":[{"id":22997,"href":"https:\/\/www.greenpeace.org\/czech\/wp-json\/wp\/v2\/pages\/18415\/revisions\/22997"}],"up":[{"embeddable":true,"href":"https:\/\/www.greenpeace.org\/czech\/wp-json\/wp\/v2\/pages\/9"}],"wp:featuredmedia":[{"embeddable":true,"href":"https:\/\/www.greenpeace.org\/czech\/wp-json\/wp\/v2\/media\/18416"}],"wp:attachment":[{"href":"https:\/\/www.greenpeace.org\/czech\/wp-json\/wp\/v2\/media?parent=18415"}],"wp:term":[{"taxonomy":"category","embeddable":true,"href":"https:\/\/www.greenpeace.org\/czech\/wp-json\/wp\/v2\/categories?post=18415"},{"taxonomy":"post_tag","embeddable":true,"href":"https:\/\/www.greenpeace.org\/czech\/wp-json\/wp\/v2\/tags?post=18415"}],"curies":[{"name":"wp","href":"https:\/\/api.w.org\/{rel}","templated":true}]}}