{"id":23448,"date":"2026-03-19T13:26:32","date_gmt":"2026-03-19T12:26:32","guid":{"rendered":"https:\/\/www.greenpeace.org\/czech\/?page_id=23448"},"modified":"2026-03-19T14:03:59","modified_gmt":"2026-03-19T13:03:59","slug":"tiskova-konference-k-nove-studii-greenpeace-cr-dan-z-nadmernych-zisku-znecistovatelu-nevyuzity-potencial","status":"publish","type":"page","link":"https:\/\/www.greenpeace.org\/czech\/tiskova-konference-k-nove-studii-greenpeace-cr-dan-z-nadmernych-zisku-znecistovatelu-nevyuzity-potencial\/","title":{"rendered":"Tiskov\u00e1 konference k nov\u00e9 studii Greenpeace \u010cR \u201eDa\u0148 z nadm\u011brn\u00fdch zisk\u016f zne\u010di\u0161\u0165ovatel\u016f: nevyu\u017eit\u00fd potenci\u00e1l\u201c"},"content":{"rendered":"\n<h2 class=\"wp-block-heading\">Da\u0148 z nadm\u011brn\u00fdch zisk\u016f zne\u010di\u0161\u0165ovatel\u016f: nevyu\u017eit\u00fd potenci\u00e1l<\/h2>\n\n<p>Greenpeace \u010cesk\u00e1 republika V\u00e1s zve na tiskovou konferenci k p\u0159edstaven\u00ed nov\u00e9 ekonomick\u00e9 studie <strong>\u201eDa\u0148 z nadm\u011brn\u00fdch zisk\u016f zne\u010di\u0161\u0165ovatel\u016f: nevyu\u017eit\u00fd potenci\u00e1l\u201c<\/strong>.<\/p>\n\n<div class=\"wp-block-columns has-action-yellow-100-background-color has-background is-layout-flex wp-container-core-columns-is-layout-9d6595d7 wp-block-columns-is-layout-flex\">\n<div class=\"wp-block-column is-layout-flow wp-block-column-is-layout-flow\" style=\"flex-basis:50%\">\n<h3 class=\"wp-block-heading\">Kdy a kde<\/h3>\n\n\n\n<p><strong>\u00dater\u00fd 24. b\u0159ezna 2026<\/strong><br><strong>12:30<\/strong><br><strong>Kampus Hybernsk\u00e1, s\u00e1l A.3<\/strong><br>Hybernsk\u00e1 998\/4, Praha<\/p>\n<\/div>\n\n\n\n<div class=\"wp-block-column is-layout-flow wp-block-column-is-layout-flow\" style=\"flex-basis:50%\">\n<h3 class=\"wp-block-heading\">Vystoup\u00ed<\/h3>\n\n\n\n<p>z\u00e1stupci a z\u00e1stupkyn\u011b Greenpeace \u010cesk\u00e1 republika<\/p>\n\n\n\n<p><strong>PhDr. Miroslav Palansk\u00fd, Ph.D.<\/strong>, spoluautor studie<\/p>\n\n\n\n<p><strong>Mgr. et Mgr. Tom\u00e1\u0161 Protiv\u00ednsk\u00fd, MA<\/strong>, autor doprovodn\u00e9ho koment\u00e1\u0159e<\/p>\n<\/div>\n<\/div>\n\n<p>Studie ukazuje, \u017ee pokud by firmy dlouhodob\u011b profituj\u00edc\u00ed z prohlubov\u00e1n\u00ed klimatick\u00e9 krize, zejm\u00e9na v energetick\u00e9m a fosiln\u00edm sektoru, odv\u00e1d\u011bly da\u0148 z nadm\u011brn\u00fdch zisk\u016f, mohla by \u010cesk\u00e1 republika z\u00edsk\u00e1vat des\u00edtky miliard korun ro\u010dn\u011b, a p\u0159i plo\u0161n\u00e9m uplatn\u011bn\u00ed nap\u0159\u00ed\u010d sektory dokonce v\u00edce ne\u017e 200 miliard korun. Anal\u00fdza z\u00e1rove\u0148 vysv\u011btluje, pro\u010d velk\u00e9 \u010d\u00e1sti potenci\u00e1ln\u00edch p\u0159\u00edjm\u016f z dosavadn\u00ed windfall dan\u011b zaveden\u00e9 v letech 2023 a\u017e 2025 nebylo dosa\u017eeno a jak lze nastavit pravidla tak, aby ve\u0159ejn\u00e9 rozpo\u010dty o tyto prost\u0159edky nep\u0159ich\u00e1zely.<\/p>\n\n<p>Tiskov\u00e1 konference prob\u011bhne bezprost\u0159edn\u011b po odborn\u00e9m kulat\u00e9m stole, kde budou z\u00e1v\u011bry studie a jej\u00ed doporu\u010den\u00ed diskutovat ekonomov\u00e9, experti na ve\u0159ejn\u00e9 finance a dal\u0161\u00ed odborn\u00edci.<\/p>\n\n<figure class=\"wp-block-image size-large\"><img loading=\"lazy\" decoding=\"async\" width=\"1024\" height=\"1024\" src=\"https:\/\/www.greenpeace.org\/static\/planet4-czech-republic-stateless\/2026\/03\/ac78662a-gp_do-online_final_1-1024x1024.png\" alt=\"\" class=\"wp-image-23449\" srcset=\"https:\/\/www.greenpeace.org\/static\/planet4-czech-republic-stateless\/2026\/03\/ac78662a-gp_do-online_final_1-1024x1024.png 1024w, https:\/\/www.greenpeace.org\/static\/planet4-czech-republic-stateless\/2026\/03\/ac78662a-gp_do-online_final_1-300x300.png 300w, https:\/\/www.greenpeace.org\/static\/planet4-czech-republic-stateless\/2026\/03\/ac78662a-gp_do-online_final_1-150x150.png 150w, https:\/\/www.greenpeace.org\/static\/planet4-czech-republic-stateless\/2026\/03\/ac78662a-gp_do-online_final_1-768x768.png 768w, https:\/\/www.greenpeace.org\/static\/planet4-czech-republic-stateless\/2026\/03\/ac78662a-gp_do-online_final_1-340x340.png 340w, https:\/\/www.greenpeace.org\/static\/planet4-czech-republic-stateless\/2026\/03\/ac78662a-gp_do-online_final_1.png 1280w\" sizes=\"auto, (max-width: 1024px) 100vw, 1024px\" \/><\/figure>\n\n<h3 class=\"wp-block-heading\">Potvrzen\u00ed \u00fa\u010dasti<\/h3>\n\n<p>Svou \u00fa\u010dast pros\u00edm potvr\u010fte na e-mailu: <strong><a>marta.janko@greenpeace.org<\/a><\/strong><\/p>\n\n<p><\/p>\n","protected":false},"excerpt":{"rendered":"<p>Da\u0148 z nadm\u011brn\u00fdch zisk\u016f zne\u010di\u0161\u0165ovatel\u016f: nevyu\u017eit\u00fd potenci\u00e1l Greenpeace \u010cesk\u00e1 republika V\u00e1s zve na tiskovou konferenci k p\u0159edstaven\u00ed nov\u00e9 ekonomick\u00e9 studie \u201eDa\u0148 z nadm\u011brn\u00fdch zisk\u016f zne\u010di\u0161\u0165ovatel\u016f: nevyu\u017eit\u00fd potenci\u00e1l\u201c. Kdy a kde \u00dater\u00fd 24. b\u0159ezna 202612:30Kampus Hybernsk\u00e1, s\u00e1l A.3Hybernsk\u00e1 998\/4, Praha Vystoup\u00ed z\u00e1stupci a z\u00e1stupkyn\u011b Greenpeace \u010cesk\u00e1 republika PhDr. Miroslav Palansk\u00fd, Ph.D., spoluautor studie Mgr. et Mgr. [&hellip;]<\/p>\n","protected":false},"author":95,"featured_media":23449,"parent":0,"menu_order":0,"comment_status":"closed","ping_status":"closed","template":"","meta":{"ep_exclude_from_search":false,"p4_hide_page_title_checkbox":"on","p4_title":"","p4_subtitle":"","p4_description":"","background_image_id":"","background_image":"","p4_button_title":"","p4_button_link":"","p4_button_link_checkbox":"","p4_og_title":"","p4_og_description":"","p4_og_image":"","p4_og_image_id":"","p4_seo_canonical_url":"","p4_campaign_name":"","p4_local_project":"","p4_basket_name":"","p4_department":"","footnotes":""},"categories":[],"tags":[],"class_list":["post-23448","page","type-page","status-publish","has-post-thumbnail","hentry"],"_links":{"self":[{"href":"https:\/\/www.greenpeace.org\/czech\/wp-json\/wp\/v2\/pages\/23448","targetHints":{"allow":["GET"]}}],"collection":[{"href":"https:\/\/www.greenpeace.org\/czech\/wp-json\/wp\/v2\/pages"}],"about":[{"href":"https:\/\/www.greenpeace.org\/czech\/wp-json\/wp\/v2\/types\/page"}],"author":[{"embeddable":true,"href":"https:\/\/www.greenpeace.org\/czech\/wp-json\/wp\/v2\/users\/95"}],"replies":[{"embeddable":true,"href":"https:\/\/www.greenpeace.org\/czech\/wp-json\/wp\/v2\/comments?post=23448"}],"version-history":[{"count":8,"href":"https:\/\/www.greenpeace.org\/czech\/wp-json\/wp\/v2\/pages\/23448\/revisions"}],"predecessor-version":[{"id":23462,"href":"https:\/\/www.greenpeace.org\/czech\/wp-json\/wp\/v2\/pages\/23448\/revisions\/23462"}],"wp:featuredmedia":[{"embeddable":true,"href":"https:\/\/www.greenpeace.org\/czech\/wp-json\/wp\/v2\/media\/23449"}],"wp:attachment":[{"href":"https:\/\/www.greenpeace.org\/czech\/wp-json\/wp\/v2\/media?parent=23448"}],"wp:term":[{"taxonomy":"category","embeddable":true,"href":"https:\/\/www.greenpeace.org\/czech\/wp-json\/wp\/v2\/categories?post=23448"},{"taxonomy":"post_tag","embeddable":true,"href":"https:\/\/www.greenpeace.org\/czech\/wp-json\/wp\/v2\/tags?post=23448"}],"curies":[{"name":"wp","href":"https:\/\/api.w.org\/{rel}","templated":true}]}}