{"id":3870,"date":"2019-07-18T12:54:42","date_gmt":"2019-07-18T10:54:42","guid":{"rendered":"https:\/\/www.greenpeace.org\/czech\/?page_id=3870"},"modified":"2025-09-23T10:46:54","modified_gmt":"2025-09-23T09:46:54","slug":"greenpeace-magazin","status":"publish","type":"page","link":"https:\/\/www.greenpeace.org\/czech\/greenpeace-magazin\/","title":{"rendered":"Magaz\u00edn"},"content":{"rendered":"\n                \n                <div class=\"wp-block-group alignfull is-layout-flow wp-block-group-is-layout-flow\">\n                \n                <div class=\"wp-block-group container is-layout-flow wp-block-group-is-layout-flow\">\n                \n                <div class=\"wp-block-media-text alignfull has-media-on-the-right is-stacked-on-mobile is-pattern-p4-page-header is-style-parallax\">\n\n                <div class=\"wp-block-media-text__content\">\n                    <div class=\"wp-block-group is-layout-flow wp-block-group-is-layout-flow\">\n                    \n                        <h1 class=\"wp-block-heading has-white-background-color has-background\">\n                            Magaz\u00edn Greenpeace\n                        <\/h1>\n                    <\/div>\n                \n\n                \n\n                \n\n                <\/div>\n                <figure class=\"wp-block-media-text__media\">\n                    <img loading=\"lazy\" decoding=\"async\" width=\"1920\" height=\"3018\"\n                        src=\"https:\/\/www.greenpeace.org\/static\/planet4-czech-republic-stateless\/2018\/05\/d6e4da14-action_toxic_left_toxics_style_03_caeffc.jpg\"\n                        alt=\"\"\n                        sizes=\"auto, (min-width: 601px) 50vw, 100vw\" srcset=\"https:\/\/www.greenpeace.org\/static\/planet4-czech-republic-stateless\/2018\/05\/d6e4da14-action_toxic_left_toxics_style_03_caeffc.jpg 1920w, https:\/\/www.greenpeace.org\/static\/planet4-czech-republic-stateless\/2018\/05\/d6e4da14-action_toxic_left_toxics_style_03_caeffc-191x300.jpg 191w, https:\/\/www.greenpeace.org\/static\/planet4-czech-republic-stateless\/2018\/05\/d6e4da14-action_toxic_left_toxics_style_03_caeffc-768x1207.jpg 768w, https:\/\/www.greenpeace.org\/static\/planet4-czech-republic-stateless\/2018\/05\/d6e4da14-action_toxic_left_toxics_style_03_caeffc-651x1024.jpg 651w, https:\/\/www.greenpeace.org\/static\/planet4-czech-republic-stateless\/2018\/05\/d6e4da14-action_toxic_left_toxics_style_03_caeffc-869x1366.jpg 869w, https:\/\/www.greenpeace.org\/static\/planet4-czech-republic-stateless\/2018\/05\/d6e4da14-action_toxic_left_toxics_style_03_caeffc-216x340.jpg 216w\" class=\"wp-image-205 size-full\"\n                    \/>\n                <\/figure>\n                <\/div>\n                \n                <\/div>\n                \n                <\/div>\n                \n                <p style=\"text-align: left;\"><strong>Mil\u00e9 \u010dten\u00e1\u0159ky, mil\u00ed \u010dten\u00e1\u0159i,<\/strong><\/p>\n<p style=\"text-align: left;\"><span style=\"font-weight: 400;\">ve spolupr\u00e1ci s odborn\u00edky a odbornicemi na ekologick\u00e1 t\u00e9mata jsme pro V\u00e1s p\u0159ichystali \u0159adu v\u00fdjime\u010dn\u00fdch \u010dl\u00e1nk\u016f. Ochrana \u017eivotn\u00edho prost\u0159ed\u00ed, interview, report\u00e1\u017ee, novinky o kampan\u00edch Greenpeace, p\u0159edstaven\u00ed aktu\u00e1ln\u00edch t\u00e9mat ze sv\u011bta i \u010cesk\u00e9 republiky \u2013 to v\u0161e v p\u0159\u00edjemn\u00e9m form\u00e1tu, d\u00edky n\u011bmu\u017e se m\u016f\u017eete pustit do \u010dten\u00ed na sv\u00e9m po\u010d\u00edta\u010di nebo na displeji telefonu.<\/span><\/p>\n<p style=\"text-align: left;\">Pokud chcete dost\u00e1vat aktu\u00e1ln\u00ed \u010d\u00edslo Greenpeace magaz\u00ednu do Va\u0161\u00ed kav\u00e1rny, \u010dajovny nebo \u010dek\u00e1rny, napi\u0161te na adresu lukas.senft@greenpeace.org. R\u00e1di V\u00e1m budeme zas\u00edlat magaz\u00edny v ti\u0161t\u011bn\u00e9 podob\u011b.<\/p>\n<p style=\"text-align: left;\">Velice n\u00e1m pom\u016f\u017ee, kdy\u017e si najdete chvilku a nap\u00ed\u0161ete n\u00e1m, jak se V\u00e1m magaz\u00edn l\u00edbil. <a href=\"https:\/\/docs.google.com\/forms\/d\/e\/1FAIpQLSePkPksqrx3Xt8rFubaXVyYqS0V6RRVTGVHschw6rX712sYmQ\/viewform\">Va\u0161e zp\u011btn\u00e1 vazba<\/a> n\u00e1m pom\u016f\u017ee v budoucnu magaz\u00edn vylep\u0161ovat.<\/p>\n<p><strong>P\u0159ejeme V\u00e1m inspiruj\u00edc\u00ed a podn\u011btn\u00e9 \u010dten\u00ed!<\/strong><\/p>\n\n    <div class=\"wp-block-query posts-list p4-query-loop is-custom-layout-list is-layout-flow wp-block-query-is-layout-flow\">\n        <div class=\"wp-block-group is-content-justification-space-between is-layout-flex wp-container-core-group-is-layout-3d213aab wp-block-group-is-layout-flex\"><h2 class=\"wp-block-heading\">Podzim 2020<\/h2>\n        <li class=\" wp-block-navigation-item see-all-link wp-block-navigation-link\"><a class=\"wp-block-navigation-item__content\"  href=\"http:\/\/www.greenpeace.org\/czech\/news-stories\/\"><span class=\"wp-block-navigation-item__label\">See all stories<\/span><\/a><\/li>\n        \n        <\/div>\n        \n\n    <p style=\"margin-top: 24px; margin-bottom: 36px;\"><\/p>\n\n    \n\n    <ul class=\"wp-block-post-template is-layout-flow wp-block-post-template-is-layout-flow\"><li class=\"wp-block-post post-12038 post type-post status-publish format-standard has-post-thumbnail hentry category-energeticka-revoluce p4-page-type-magazin\">\n            \n<div class=\"wp-block-columns is-layout-flex wp-container-core-columns-is-layout-9d6595d7 wp-block-columns-is-layout-flex\"><figure class=\"wp-block-post-featured-image\"><a href=\"https:\/\/www.greenpeace.org\/czech\/magazin\/12038\/kdy-skonci-doba-uhelna-o-tom-muzeme-rozhodnout-i-my-sami\/\" target=\"_self\"  ><img loading=\"lazy\" decoding=\"async\" width=\"2560\" height=\"1920\" src=\"https:\/\/www.greenpeace.org\/static\/planet4-czech-republic-stateless\/2020\/11\/a14642dc-gp_barbora-sommersov\u00e1-2-1-scaled.jpg\" class=\"attachment-post-thumbnail size-post-thumbnail wp-post-image wp-stateless-item\" alt=\"Kdy skon\u010d\u00ed doba uheln\u00e1? O tom m\u016f\u017eeme rozhodnout i my sami\" style=\"object-fit:cover;\" srcset=\"https:\/\/www.greenpeace.org\/static\/planet4-czech-republic-stateless\/2020\/11\/a14642dc-gp_barbora-sommersov\u00e1-2-1-scaled.jpg 2560w, https:\/\/www.greenpeace.org\/static\/planet4-czech-republic-stateless\/2020\/11\/a14642dc-gp_barbora-sommersov\u00e1-2-1-300x225.jpg 300w, https:\/\/www.greenpeace.org\/static\/planet4-czech-republic-stateless\/2020\/11\/a14642dc-gp_barbora-sommersov\u00e1-2-1-1024x768.jpg 1024w, https:\/\/www.greenpeace.org\/static\/planet4-czech-republic-stateless\/2020\/11\/a14642dc-gp_barbora-sommersov\u00e1-2-1-768x576.jpg 768w, https:\/\/www.greenpeace.org\/static\/planet4-czech-republic-stateless\/2020\/11\/a14642dc-gp_barbora-sommersov\u00e1-2-1-1536x1152.jpg 1536w, https:\/\/www.greenpeace.org\/static\/planet4-czech-republic-stateless\/2020\/11\/a14642dc-gp_barbora-sommersov\u00e1-2-1-2048x1536.jpg 2048w, https:\/\/www.greenpeace.org\/static\/planet4-czech-republic-stateless\/2020\/11\/a14642dc-gp_barbora-sommersov\u00e1-2-1-1821x1366.jpg 1821w, https:\/\/www.greenpeace.org\/static\/planet4-czech-republic-stateless\/2020\/11\/a14642dc-gp_barbora-sommersov\u00e1-2-1-453x340.jpg 453w\" sizes=\"auto, (max-width: 2560px) 100vw, 2560px\" data-image-size=\"post-thumbnail\" data-stateless-media-bucket=\"planet4-czech-republic-stateless\" data-stateless-media-name=\"2020\/11\/a14642dc-gp_barbora-sommersov\u00e1-2-1-scaled.jpg\" \/><\/a><\/figure>\n\n        <div class=\"wp-block-group is-layout-flow wp-block-group-is-layout-flow\">\n                <div class=\"wp-block-group is-layout-flex wp-block-group-is-layout-flex\"><div class=\"wp-block-post-terms\"><a href=\"https:\/\/www.greenpeace.org\/czech\/category\/issues\/energeticka-revoluce\/\">Energetick\u00e1 revoluce<\/a><\/div>\n                \n                \n                <\/div>\n                \n        <h3 class=\"wp-block-post-title\"><a href=\"https:\/\/www.greenpeace.org\/czech\/magazin\/12038\/kdy-skonci-doba-uhelna-o-tom-muzeme-rozhodnout-i-my-sami\/\" target=\"_self\" >Kdy skon\u010d\u00ed doba uheln\u00e1? O tom m\u016f\u017eeme rozhodnout i my sami<\/a><\/h3>\n        <div class=\"wp-block-post-excerpt\"><p class=\"wp-block-post-excerpt__excerpt\">M\u011bs\u00ed\u010dn\u00ed z\u00e1\u0159e se rozl\u00e9v\u00e1 \u0161iroko daleko, od kopulovit\u00fdch hor \u010cesk\u00e9ho st\u0159edoho\u0159\u00ed a\u017e po p\u00e1s Kru\u0161n\u00fdch hor. Bl\u00ed\u017e\u00edme se k m\u011bstu Most, o jeho\u017e historick\u00fdch pam\u00e1tk\u00e1ch a\u017e z doby gotick\u00e9 mi&hellip; <\/p><\/div>\n        \n        <div class=\"wp-block-group posts-list-meta is-layout-flow wp-block-group-is-layout-flow\"><span class='article-list-item-author'><a href='https:\/\/www.greenpeace.org\/czech\/author\/jpravdov\/'>Jana Pravdov\u00e1<\/a><\/span>\n        <div class=\"wp-block-post-date\"><time datetime=\"2020-11-15T13:39:00+01:00\">15 listopadu, 2020<\/time><\/div>\n        \n        <\/div>\n        <\/div>\n        <\/div>\n\n            <\/li><li class=\"wp-block-post post-12060 post type-post status-publish format-standard has-post-thumbnail hentry category-nas-svet p4-page-type-magazin\">\n            \n<div class=\"wp-block-columns is-layout-flex wp-container-core-columns-is-layout-9d6595d7 wp-block-columns-is-layout-flex\"><figure class=\"wp-block-post-featured-image\"><a href=\"https:\/\/www.greenpeace.org\/czech\/magazin\/12060\/regiony-razovite-nenecha-eu-ve-stychu\/\" target=\"_self\"  ><img loading=\"lazy\" decoding=\"async\" width=\"2500\" height=\"1666\" src=\"https:\/\/www.greenpeace.org\/static\/planet4-czech-republic-stateless\/2020\/11\/8f4e5982-paul-langrock-greenpeace.jpg\" class=\"attachment-post-thumbnail size-post-thumbnail wp-post-image wp-stateless-item\" alt=\"Regiony \u201erazovite\u201c nenech\u00e1 EU ve \u0161tychu\" style=\"object-fit:cover;\" srcset=\"https:\/\/www.greenpeace.org\/static\/planet4-czech-republic-stateless\/2020\/11\/8f4e5982-paul-langrock-greenpeace.jpg 2500w, https:\/\/www.greenpeace.org\/static\/planet4-czech-republic-stateless\/2020\/11\/8f4e5982-paul-langrock-greenpeace-300x200.jpg 300w, https:\/\/www.greenpeace.org\/static\/planet4-czech-republic-stateless\/2020\/11\/8f4e5982-paul-langrock-greenpeace-1024x682.jpg 1024w, https:\/\/www.greenpeace.org\/static\/planet4-czech-republic-stateless\/2020\/11\/8f4e5982-paul-langrock-greenpeace-768x512.jpg 768w, https:\/\/www.greenpeace.org\/static\/planet4-czech-republic-stateless\/2020\/11\/8f4e5982-paul-langrock-greenpeace-1536x1024.jpg 1536w, https:\/\/www.greenpeace.org\/static\/planet4-czech-republic-stateless\/2020\/11\/8f4e5982-paul-langrock-greenpeace-2048x1366.jpg 2048w, https:\/\/www.greenpeace.org\/static\/planet4-czech-republic-stateless\/2020\/11\/8f4e5982-paul-langrock-greenpeace-510x340.jpg 510w\" sizes=\"auto, (max-width: 2500px) 100vw, 2500px\" data-image-size=\"post-thumbnail\" data-stateless-media-bucket=\"planet4-czech-republic-stateless\" data-stateless-media-name=\"2020\/11\/8f4e5982-paul-langrock-greenpeace.jpg\" \/><\/a><\/figure>\n\n        <div class=\"wp-block-group is-layout-flow wp-block-group-is-layout-flow\">\n                <div class=\"wp-block-group is-layout-flex wp-block-group-is-layout-flex\"><div class=\"wp-block-post-terms\"><a href=\"https:\/\/www.greenpeace.org\/czech\/category\/issues\/nas-svet\/\">N\u00e1\u0161 sv\u011bt<\/a><\/div>\n                \n                \n                <\/div>\n                \n        <h3 class=\"wp-block-post-title\"><a href=\"https:\/\/www.greenpeace.org\/czech\/magazin\/12060\/regiony-razovite-nenecha-eu-ve-stychu\/\" target=\"_self\" >Regiony \u201erazovite\u201c nenech\u00e1 EU ve \u0161tychu<\/a><\/h3>\n        <div class=\"wp-block-post-excerpt\"><p class=\"wp-block-post-excerpt__excerpt\">M\u016fj prad\u011bda byl horn\u00edk na Mostecku a zem\u0159el na n\u00e1sledky pop\u00e1lenin p\u0159i d\u016fln\u00edm ne\u0161t\u011bst\u00ed. Narodil se sice do rodiny sedl\u00e1ka v ji\u017en\u00edch \u010cech\u00e1ch, ale proto\u017ee nebyl prvorozen\u00fd, nem\u011bl pr\u00e1vo zd\u011bdit&hellip; <\/p><\/div>\n        \n        <div class=\"wp-block-group posts-list-meta is-layout-flow wp-block-group-is-layout-flow\"><span class='article-list-item-author'>Magdal\u00e9na Frouzov\u00e1, tiskov\u00e1 mluv\u010d\u00ed zastoupen\u00ed Evropsk\u00e9 komise v \u010cR<\/span>\n        <div class=\"wp-block-post-date\"><time datetime=\"2020-11-11T14:01:00+01:00\">11 listopadu, 2020<\/time><\/div>\n        \n        <\/div>\n        <\/div>\n        <\/div>\n\n            <\/li><li class=\"wp-block-post post-12074 post type-post status-publish format-standard has-post-thumbnail hentry category-greenpeace p4-page-type-magazin\">\n            \n<div class=\"wp-block-columns is-layout-flex wp-container-core-columns-is-layout-9d6595d7 wp-block-columns-is-layout-flex\"><figure class=\"wp-block-post-featured-image\"><a href=\"https:\/\/www.greenpeace.org\/czech\/magazin\/12074\/jak-se-pripravuje-klimaticka-zaloba-na-stat\/\" target=\"_self\"  ><img loading=\"lazy\" decoding=\"async\" width=\"1898\" height=\"874\" src=\"https:\/\/www.greenpeace.org\/static\/planet4-czech-republic-stateless\/2020\/11\/13fe4005-sn\u00edmek-obrazovky-2020-11-09-v-14.27.44.png\" class=\"attachment-post-thumbnail size-post-thumbnail wp-post-image wp-stateless-item\" alt=\"Jak se p\u0159ipravuje klimatick\u00e1 \u017ealoba na st\u00e1t\" style=\"object-fit:cover;\" srcset=\"https:\/\/www.greenpeace.org\/static\/planet4-czech-republic-stateless\/2020\/11\/13fe4005-sn\u00edmek-obrazovky-2020-11-09-v-14.27.44.png 1898w, https:\/\/www.greenpeace.org\/static\/planet4-czech-republic-stateless\/2020\/11\/13fe4005-sn\u00edmek-obrazovky-2020-11-09-v-14.27.44-300x138.png 300w, https:\/\/www.greenpeace.org\/static\/planet4-czech-republic-stateless\/2020\/11\/13fe4005-sn\u00edmek-obrazovky-2020-11-09-v-14.27.44-1024x472.png 1024w, https:\/\/www.greenpeace.org\/static\/planet4-czech-republic-stateless\/2020\/11\/13fe4005-sn\u00edmek-obrazovky-2020-11-09-v-14.27.44-768x354.png 768w, https:\/\/www.greenpeace.org\/static\/planet4-czech-republic-stateless\/2020\/11\/13fe4005-sn\u00edmek-obrazovky-2020-11-09-v-14.27.44-1536x707.png 1536w, https:\/\/www.greenpeace.org\/static\/planet4-czech-republic-stateless\/2020\/11\/13fe4005-sn\u00edmek-obrazovky-2020-11-09-v-14.27.44-510x235.png 510w\" sizes=\"auto, (max-width: 1898px) 100vw, 1898px\" data-image-size=\"post-thumbnail\" data-stateless-media-bucket=\"planet4-czech-republic-stateless\" data-stateless-media-name=\"2020\/11\/13fe4005-sn\u00edmek-obrazovky-2020-11-09-v-14.27.44.png\" \/><\/a><\/figure>\n\n        <div class=\"wp-block-group is-layout-flow wp-block-group-is-layout-flow\">\n                <div class=\"wp-block-group is-layout-flex wp-block-group-is-layout-flex\"><div class=\"wp-block-post-terms\"><a href=\"https:\/\/www.greenpeace.org\/czech\/category\/greenpeace\/\">Greenpeace<\/a><\/div>\n                \n                \n                <\/div>\n                \n        <h3 class=\"wp-block-post-title\"><a href=\"https:\/\/www.greenpeace.org\/czech\/magazin\/12074\/jak-se-pripravuje-klimaticka-zaloba-na-stat\/\" target=\"_self\" >Jak se p\u0159ipravuje klimatick\u00e1 \u017ealoba na st\u00e1t<\/a><\/h3>\n        <div class=\"wp-block-post-excerpt\"><p class=\"wp-block-post-excerpt__excerpt\">Ji\u017e l\u00e9ta sly\u0161\u00edme od \u010d\u00e1sti politik\u016f, \u017ee \u010cesko d\u011bl\u00e1 pro ochranu klimatu dost, emise jsme sn\u00ed\u017eili a Pa\u0159\u00ed\u017eskou dohodu pln\u00edme.&nbsp;Velk\u00e1 \u010d\u00e1st toho jsou ale v\u00fdmluvy a vyu\u017e\u00edv\u00e1n\u00ed propadu emis\u00ed na&hellip; <\/p><\/div>\n        \n        <div class=\"wp-block-group posts-list-meta is-layout-flow wp-block-group-is-layout-flow\"><span class='article-list-item-author'><a href='https:\/\/www.greenpeace.org\/czech\/author\/jiri-jerabek\/'>Ji\u0159\u00ed Je\u0159\u00e1bek<\/a><\/span>\n        <div class=\"wp-block-post-date\"><time datetime=\"2020-11-09T14:23:00+01:00\">9 listopadu, 2020<\/time><\/div>\n        \n        <\/div>\n        <\/div>\n        <\/div>\n\n            <\/li><li class=\"wp-block-post post-12067 post type-post status-publish format-standard has-post-thumbnail hentry category-nas-svet p4-page-type-magazin\">\n            \n<div class=\"wp-block-columns is-layout-flex wp-container-core-columns-is-layout-9d6595d7 wp-block-columns-is-layout-flex\"><figure class=\"wp-block-post-featured-image\"><a href=\"https:\/\/www.greenpeace.org\/czech\/magazin\/12067\/ekonomie-ktera-neni-v-rozporu-s-prirodnimi-zakony\/\" target=\"_self\"  ><img loading=\"lazy\" decoding=\"async\" width=\"2500\" height=\"1406\" src=\"https:\/\/www.greenpeace.org\/static\/planet4-czech-republic-stateless\/2020\/11\/0b2aec2e-jari_stahl_greenpeace.jpg\" class=\"attachment-post-thumbnail size-post-thumbnail wp-post-image wp-stateless-item\" alt=\"Ekonomie, kter\u00e1 nen\u00ed v rozporu s p\u0159\u00edrodn\u00edmi z\u00e1kony\" style=\"object-fit:cover;\" srcset=\"https:\/\/www.greenpeace.org\/static\/planet4-czech-republic-stateless\/2020\/11\/0b2aec2e-jari_stahl_greenpeace.jpg 2500w, https:\/\/www.greenpeace.org\/static\/planet4-czech-republic-stateless\/2020\/11\/0b2aec2e-jari_stahl_greenpeace-300x169.jpg 300w, https:\/\/www.greenpeace.org\/static\/planet4-czech-republic-stateless\/2020\/11\/0b2aec2e-jari_stahl_greenpeace-1024x576.jpg 1024w, https:\/\/www.greenpeace.org\/static\/planet4-czech-republic-stateless\/2020\/11\/0b2aec2e-jari_stahl_greenpeace-768x432.jpg 768w, https:\/\/www.greenpeace.org\/static\/planet4-czech-republic-stateless\/2020\/11\/0b2aec2e-jari_stahl_greenpeace-1536x864.jpg 1536w, https:\/\/www.greenpeace.org\/static\/planet4-czech-republic-stateless\/2020\/11\/0b2aec2e-jari_stahl_greenpeace-2048x1152.jpg 2048w, https:\/\/www.greenpeace.org\/static\/planet4-czech-republic-stateless\/2020\/11\/0b2aec2e-jari_stahl_greenpeace-510x287.jpg 510w\" sizes=\"auto, (max-width: 2500px) 100vw, 2500px\" data-image-size=\"post-thumbnail\" data-stateless-media-bucket=\"planet4-czech-republic-stateless\" data-stateless-media-name=\"2020\/11\/0b2aec2e-jari_stahl_greenpeace.jpg\" \/><\/a><\/figure>\n\n        <div class=\"wp-block-group is-layout-flow wp-block-group-is-layout-flow\">\n                <div class=\"wp-block-group is-layout-flex wp-block-group-is-layout-flex\"><div class=\"wp-block-post-terms\"><a href=\"https:\/\/www.greenpeace.org\/czech\/category\/issues\/nas-svet\/\">N\u00e1\u0161 sv\u011bt<\/a><\/div>\n                \n                \n                <\/div>\n                \n        <h3 class=\"wp-block-post-title\"><a href=\"https:\/\/www.greenpeace.org\/czech\/magazin\/12067\/ekonomie-ktera-neni-v-rozporu-s-prirodnimi-zakony\/\" target=\"_self\" >Ekonomie, kter\u00e1 nen\u00ed v rozporu s p\u0159\u00edrodn\u00edmi z\u00e1kony<\/a><\/h3>\n        <div class=\"wp-block-post-excerpt\"><p class=\"wp-block-post-excerpt__excerpt\">Ekologick\u00e1 ekonomie se vymyk\u00e1 za\u017eit\u00fdm p\u0159edstav\u00e1m o ekonomick\u00e9 v\u011bd\u011b. Aby ne: sna\u017e\u00ed se skloubit poznatky p\u0159\u00edrodn\u00edch a soci\u00e1ln\u00edch v\u011bd a navrch k tomu nev\u00e1h\u00e1 postavit n\u011bkter\u00e1 dogmata dne\u0161n\u00ed mainstreamov\u00e9 ekonomie&hellip; <\/p><\/div>\n        \n        <div class=\"wp-block-group posts-list-meta is-layout-flow wp-block-group-is-layout-flow\"><span class='article-list-item-author'>Martin \u010cern\u00fd<\/span>\n        <div class=\"wp-block-post-date\"><time datetime=\"2020-11-10T14:20:00+01:00\">10 listopadu, 2020<\/time><\/div>\n        \n        <\/div>\n        <\/div>\n        <\/div>\n\n            <\/li><li class=\"wp-block-post post-12093 post type-post status-publish format-standard has-post-thumbnail hentry category-priroda p4-page-type-magazin\">\n            \n<div class=\"wp-block-columns is-layout-flex wp-container-core-columns-is-layout-9d6595d7 wp-block-columns-is-layout-flex\"><figure class=\"wp-block-post-featured-image\"><a href=\"https:\/\/www.greenpeace.org\/czech\/magazin\/12093\/ohrozene-druhy-calumma-tarzan\/\" target=\"_self\"  ><img loading=\"lazy\" decoding=\"async\" width=\"1374\" height=\"1165\" src=\"https:\/\/www.greenpeace.org\/static\/planet4-czech-republic-stateless\/2020\/11\/7af4b8c7-calumma_tarzan_01.jpg\" class=\"attachment-post-thumbnail size-post-thumbnail wp-post-image wp-stateless-item\" alt=\"Ohro\u017een\u00e9 druhy: Calumma tarzan\" style=\"object-fit:cover;\" srcset=\"https:\/\/www.greenpeace.org\/static\/planet4-czech-republic-stateless\/2020\/11\/7af4b8c7-calumma_tarzan_01.jpg 1374w, https:\/\/www.greenpeace.org\/static\/planet4-czech-republic-stateless\/2020\/11\/7af4b8c7-calumma_tarzan_01-300x254.jpg 300w, https:\/\/www.greenpeace.org\/static\/planet4-czech-republic-stateless\/2020\/11\/7af4b8c7-calumma_tarzan_01-1024x868.jpg 1024w, https:\/\/www.greenpeace.org\/static\/planet4-czech-republic-stateless\/2020\/11\/7af4b8c7-calumma_tarzan_01-768x651.jpg 768w, https:\/\/www.greenpeace.org\/static\/planet4-czech-republic-stateless\/2020\/11\/7af4b8c7-calumma_tarzan_01-401x340.jpg 401w\" sizes=\"auto, (max-width: 1374px) 100vw, 1374px\" data-image-size=\"post-thumbnail\" data-stateless-media-bucket=\"planet4-czech-republic-stateless\" data-stateless-media-name=\"2020\/11\/7af4b8c7-calumma_tarzan_01.jpg\" \/><\/a><\/figure>\n\n        <div class=\"wp-block-group is-layout-flow wp-block-group-is-layout-flow\">\n                <div class=\"wp-block-group is-layout-flex wp-block-group-is-layout-flex\"><div class=\"wp-block-post-terms\"><a href=\"https:\/\/www.greenpeace.org\/czech\/category\/issues\/priroda\/\">P\u0159\u00edroda<\/a><\/div>\n                \n                \n                <\/div>\n                \n        <h3 class=\"wp-block-post-title\"><a href=\"https:\/\/www.greenpeace.org\/czech\/magazin\/12093\/ohrozene-druhy-calumma-tarzan\/\" target=\"_self\" >Ohro\u017een\u00e9 druhy: Calumma tarzan<\/a><\/h3>\n        <div class=\"wp-block-post-excerpt\"><p class=\"wp-block-post-excerpt__excerpt\">Chameleon Calumma tarzan byl objeven na Madagaskaru. Je pojmenov\u00e1n na po\u010dest zn\u00e1m\u00e9 rom\u00e1nov\u00e9 postavy. Tento druh chameleona se odli\u0161il od ostatn\u00edch druh\u016f chameleon\u016f p\u0159ed v\u00edce ne\u017e 40 miliony lety (pro&hellip; <\/p><\/div>\n        \n        <div class=\"wp-block-group posts-list-meta is-layout-flow wp-block-group-is-layout-flow\"><span class='article-list-item-author'><a href='https:\/\/www.greenpeace.org\/czech\/author\/lukas-senft\/'>Luk\u00e1\u0161 Senft<\/a><\/span>\n        <div class=\"wp-block-post-date\"><time datetime=\"2020-11-05T15:21:23+01:00\">5 listopadu, 2020<\/time><\/div>\n        \n        <\/div>\n        <\/div>\n        <\/div>\n\n            <\/li><\/ul>\n\n    \n<div class=\"wp-block-buttons carousel-controls is-horizontal is-content-justification-space-between is-nowrap is-layout-flex wp-container-core-buttons-is-layout-044bd602 wp-block-buttons-is-layout-flex\">\n            <div class=\"wp-block-button carousel-control-prev\"><button type=\"button\" class=\"wp-block-button__link wp-element-button\">Prev<\/button><\/div>\n        \n\n            <div class=\"wp-block-button carousel-control-next\"><button type=\"button\" class=\"wp-block-button__link wp-element-button\">Next<\/button><\/div>\n        <\/div>\n\n\n    <li class=\" wp-block-navigation-item see-all-link wp-block-navigation-link\"><a class=\"wp-block-navigation-item__content\"  href=\"http:\/\/www.greenpeace.org\/czech\/news-stories\/\"><span class=\"wp-block-navigation-item__label\">See all stories<\/span><\/a><\/li><\/div>\n    \n<p><\/p>\n","protected":false},"excerpt":{"rendered":"<p>Mil\u00e9 \u010dten\u00e1\u0159ky, mil\u00ed \u010dten\u00e1\u0159i, ve spolupr\u00e1ci s odborn\u00edky a odbornicemi na ekologick\u00e1 t\u00e9mata jsme pro V\u00e1s p\u0159ichystali \u0159adu v\u00fdjime\u010dn\u00fdch \u010dl\u00e1nk\u016f. Ochrana \u017eivotn\u00edho prost\u0159ed\u00ed, interview, report\u00e1\u017ee, novinky o kampan\u00edch Greenpeace, p\u0159edstaven\u00ed aktu\u00e1ln\u00edch t\u00e9mat ze sv\u011bta i \u010cesk\u00e9 republiky \u2013 to v\u0161e v p\u0159\u00edjemn\u00e9m form\u00e1tu, d\u00edky n\u011bmu\u017e se m\u016f\u017eete pustit do \u010dten\u00ed na sv\u00e9m po\u010d\u00edta\u010di nebo na [&hellip;]<\/p>\n","protected":false},"author":21,"featured_media":11253,"parent":0,"menu_order":0,"comment_status":"closed","ping_status":"closed","template":"","meta":{"ep_exclude_from_search":false,"p4_hide_page_title_checkbox":"on","p4_title":"","p4_subtitle":"","p4_description":"","background_image_id":"","background_image":"","p4_button_title":"","p4_button_link":"","p4_button_link_checkbox":"","p4_og_title":"","p4_og_description":"","p4_og_image":"","p4_og_image_id":"","p4_seo_canonical_url":"","p4_campaign_name":"not set","p4_local_project":"not set","p4_basket_name":"not set","p4_department":"","footnotes":""},"categories":[],"tags":[],"class_list":["post-3870","page","type-page","status-publish","has-post-thumbnail","hentry"],"_links":{"self":[{"href":"https:\/\/www.greenpeace.org\/czech\/wp-json\/wp\/v2\/pages\/3870","targetHints":{"allow":["GET"]}}],"collection":[{"href":"https:\/\/www.greenpeace.org\/czech\/wp-json\/wp\/v2\/pages"}],"about":[{"href":"https:\/\/www.greenpeace.org\/czech\/wp-json\/wp\/v2\/types\/page"}],"author":[{"embeddable":true,"href":"https:\/\/www.greenpeace.org\/czech\/wp-json\/wp\/v2\/users\/21"}],"replies":[{"embeddable":true,"href":"https:\/\/www.greenpeace.org\/czech\/wp-json\/wp\/v2\/comments?post=3870"}],"version-history":[{"count":20,"href":"https:\/\/www.greenpeace.org\/czech\/wp-json\/wp\/v2\/pages\/3870\/revisions"}],"predecessor-version":[{"id":22761,"href":"https:\/\/www.greenpeace.org\/czech\/wp-json\/wp\/v2\/pages\/3870\/revisions\/22761"}],"wp:featuredmedia":[{"embeddable":true,"href":"https:\/\/www.greenpeace.org\/czech\/wp-json\/wp\/v2\/media\/11253"}],"wp:attachment":[{"href":"https:\/\/www.greenpeace.org\/czech\/wp-json\/wp\/v2\/media?parent=3870"}],"wp:term":[{"taxonomy":"category","embeddable":true,"href":"https:\/\/www.greenpeace.org\/czech\/wp-json\/wp\/v2\/categories?post=3870"},{"taxonomy":"post_tag","embeddable":true,"href":"https:\/\/www.greenpeace.org\/czech\/wp-json\/wp\/v2\/tags?post=3870"}],"curies":[{"name":"wp","href":"https:\/\/api.w.org\/{rel}","templated":true}]}}