{"id":4472,"date":"2019-10-01T18:15:12","date_gmt":"2019-10-01T16:15:12","guid":{"rendered":"https:\/\/www.greenpeace.org\/czech\/uhelnakomise\/"},"modified":"2025-09-23T10:46:51","modified_gmt":"2025-09-23T09:46:51","slug":"uhelnakomise","status":"publish","type":"page","link":"https:\/\/www.greenpeace.org\/czech\/uhelnakomise\/","title":{"rendered":"#Uheln\u00e1Komise"},"content":{"rendered":"\n                    <div class=\"wp-block-group is-vertical is-layout-flex wp-container-core-group-is-layout-8cf370e7 wp-block-group-is-layout-flex\">\n                    \n                                <p><span style=\"font-weight: 400\">Poradn\u00ed org\u00e1n vl\u00e1dy \u010cR by m\u011bl zhodnotit budouc\u00ed pot\u0159ebu spalov\u00e1n\u00ed uhl\u00ed k v\u00fdrob\u011b energie. Jeho c\u00edlem je navrhnout vl\u00e1d\u011b postup \u00fatlumu vyu\u017eit\u00ed uhl\u00ed a tak\u00e9 skladbu energetick\u00e9ho mixu \u010cR, v\u010detn\u011b vyu\u017eit\u00ed obnoviteln\u00fdch zdroj\u016f energie (OZE) \u010di jadern\u00e9 energetiky.<\/span>\r\n\r\n<span style=\"font-weight: 400\">Devaten\u00e1cti\u010dlenn\u00e9 komise p\u0159edsed\u00e1 ministr \u017eivotn\u00edho prost\u0159ed\u00ed Richard Brabec a ministr pr\u016fmyslu a obchodu. Krom\u011b z\u00e1stupc\u016f dal\u0161\u00edch ministerstev, kraj\u016f a poslanc\u016f jsou jej\u00edmi \u010dleny tak\u00e9 z\u00e1stupci Hospod\u00e1\u0159sk\u00e9 komory, Svazu pr\u016fmyslu a dopravy \u010cR, Konfederace zam\u011bstnavatelsk\u00fdch a podnikatelsk\u00fdch svaz\u016f \u010cR a tak\u00e9 z\u00e1stupci odborn\u00e9 ve\u0159ejnosti. Za nevl\u00e1dn\u00ed organizace s enviroment\u00e1ln\u00edm zam\u011b\u0159en\u00edm jsou \u010dleny komise tak\u00e9 Jan Rovensk\u00fd (Greenpeace) a Ji\u0159\u00ed Ko\u017eelouh (Duha).<\/span><\/p>\n                            \n\n                    \n                    <\/div>\n                    \n    <div class=\"wp-block-query posts-list p4-query-loop is-custom-layout-list is-layout-flow wp-block-query-is-layout-flow\">\n        <div class=\"wp-block-group is-content-justification-space-between is-layout-flex wp-container-core-group-is-layout-3d213aab wp-block-group-is-layout-flex\"><h2 class=\"wp-block-heading\">Souvisej\u00edc\u00ed \u010dl\u00e1nky<\/h2>\n        <li class=\" wp-block-navigation-item see-all-link wp-block-navigation-link\"><a class=\"wp-block-navigation-item__content\"  href=\"http:\/\/www.greenpeace.org\/czech\/news-stories\/?tag=uhelnakomise&#038;post-type=clanek\"><span class=\"wp-block-navigation-item__label\">See all stories<\/span><\/a><\/li>\n        \n        <\/div>\n        \n\n    <p style=\"margin-top: 24px; margin-bottom: 36px;\"><\/p>\n\n    \n\n    <ul class=\"wp-block-post-template is-layout-flow wp-block-post-template-is-layout-flow\"><li class=\"wp-block-post post-21681 post type-post status-publish format-standard has-post-thumbnail hentry category-greenpeace tag-konec-doby-fosilni tag-uhelnakomise p4-page-type-clanek\">\n            \n<div class=\"wp-block-columns is-layout-flex wp-container-core-columns-is-layout-9d6595d7 wp-block-columns-is-layout-flex\"><figure class=\"wp-block-post-featured-image\"><a href=\"https:\/\/www.greenpeace.org\/czech\/clanek\/21681\/lex-plyn-prosel-hospodarskym-vyborem-jeho-uhelna-cast-dal-nahrava-uhlobaronum-na-ukor-lidi\/\" target=\"_self\"  ><img loading=\"lazy\" decoding=\"async\" width=\"2048\" height=\"1365\" src=\"https:\/\/www.greenpeace.org\/static\/planet4-czech-republic-stateless\/2025\/02\/8d10c0af-gp_lex-plyn_web-2.jpg\" class=\"attachment-post-thumbnail size-post-thumbnail wp-post-image wp-stateless-item\" alt=\"Lex plyn pro\u0161el Hospod\u00e1\u0159sk\u00fdm v\u00fdborem. Jeho uheln\u00e1 \u010d\u00e1st d\u00e1l nahr\u00e1v\u00e1 uhlobaron\u016fm na \u00fakor lid\u00ed\" style=\"object-fit:cover;\" srcset=\"https:\/\/www.greenpeace.org\/static\/planet4-czech-republic-stateless\/2025\/02\/8d10c0af-gp_lex-plyn_web-2.jpg 2048w, https:\/\/www.greenpeace.org\/static\/planet4-czech-republic-stateless\/2025\/02\/8d10c0af-gp_lex-plyn_web-2-300x200.jpg 300w, https:\/\/www.greenpeace.org\/static\/planet4-czech-republic-stateless\/2025\/02\/8d10c0af-gp_lex-plyn_web-2-1024x683.jpg 1024w, https:\/\/www.greenpeace.org\/static\/planet4-czech-republic-stateless\/2025\/02\/8d10c0af-gp_lex-plyn_web-2-768x512.jpg 768w, https:\/\/www.greenpeace.org\/static\/planet4-czech-republic-stateless\/2025\/02\/8d10c0af-gp_lex-plyn_web-2-1536x1024.jpg 1536w, https:\/\/www.greenpeace.org\/static\/planet4-czech-republic-stateless\/2025\/02\/8d10c0af-gp_lex-plyn_web-2-510x340.jpg 510w\" sizes=\"auto, (max-width: 2048px) 100vw, 2048px\" data-image-size=\"post-thumbnail\" data-stateless-media-bucket=\"planet4-czech-republic-stateless\" data-stateless-media-name=\"2025\/02\/8d10c0af-gp_lex-plyn_web-2.jpg\" \/><\/a><\/figure>\n\n        <div class=\"wp-block-group is-layout-flow wp-block-group-is-layout-flow\">\n                <div class=\"wp-block-group is-layout-flex wp-block-group-is-layout-flex\"><div class=\"wp-block-post-terms\"><a href=\"https:\/\/www.greenpeace.org\/czech\/category\/greenpeace\/\">Greenpeace<\/a><\/div>\n                <div class=\"taxonomy-post_tag wp-block-post-terms\"><a href=\"https:\/\/www.greenpeace.org\/czech\/tag\/konec-doby-fosilni\/\" rel=\"tag\">KonecDobyFosiln\u00ed<\/a><span class=\"wp-block-post-terms__separator\"> <\/span><a href=\"https:\/\/www.greenpeace.org\/czech\/tag\/uhelnakomise\/\" rel=\"tag\">Uheln\u00e1Komise<\/a><\/div>\n                \n                <\/div>\n                \n        <h3 class=\"wp-block-post-title\"><a href=\"https:\/\/www.greenpeace.org\/czech\/clanek\/21681\/lex-plyn-prosel-hospodarskym-vyborem-jeho-uhelna-cast-dal-nahrava-uhlobaronum-na-ukor-lidi\/\" target=\"_self\" >Lex plyn pro\u0161el Hospod\u00e1\u0159sk\u00fdm v\u00fdborem. Jeho uheln\u00e1 \u010d\u00e1st d\u00e1l nahr\u00e1v\u00e1 uhlobaron\u016fm na \u00fakor lid\u00ed<\/a><\/h3>\n        <div class=\"wp-block-post-excerpt\"><p class=\"wp-block-post-excerpt__excerpt\">Novela energetick\u00e9ho z\u00e1kona zvan\u00e1 Lex plyn ve \u010dtvrtek pro\u0161la Hospod\u00e1\u0159sk\u00fdm v\u00fdborem, kter\u00fd doporu\u010dil n\u011bkolik jej\u00edch pozitivn\u00edch \u00faprav. I p\u0159es tyto d\u00edl\u010d\u00ed zm\u011bny ale z\u016fst\u00e1v\u00e1 hlavn\u00ed probl\u00e9m n\u00e1vrhu: st\u00e1le umo\u017e\u0148uje uhlobaron\u016fm,&hellip; <\/p><\/div>\n        \n        <div class=\"wp-block-group posts-list-meta is-layout-flow wp-block-group-is-layout-flow\"><span class='article-list-item-author'><a href='https:\/\/www.greenpeace.org\/czech\/author\/marta-janko\/'>Marta Janko<\/a><\/span>\n        <div class=\"wp-block-post-date\"><time datetime=\"2025-02-21T17:28:43+01:00\">21 \u00fanora, 2025<\/time><\/div>\n        \n        <\/div>\n        <\/div>\n        <\/div>\n\n            <\/li><li class=\"wp-block-post post-21669 post type-post status-publish format-standard has-post-thumbnail hentry category-greenpeace tag-konec-doby-fosilni tag-uhelnakomise p4-page-type-tiskova-zprava\">\n            \n<div class=\"wp-block-columns is-layout-flex wp-container-core-columns-is-layout-9d6595d7 wp-block-columns-is-layout-flex\"><figure class=\"wp-block-post-featured-image\"><a href=\"https:\/\/www.greenpeace.org\/czech\/tiskova-zprava\/21669\/lex-plyn-prosel-hospodarskym-vyborem-ktery-potvrdil-ze-verejna-podpora-uhli-je-problem\/\" target=\"_self\"  ><img loading=\"lazy\" decoding=\"async\" width=\"1800\" height=\"1200\" src=\"https:\/\/www.greenpeace.org\/static\/planet4-czech-republic-stateless\/2025\/01\/94dd893a-gp01rc8.jpg\" class=\"attachment-post-thumbnail size-post-thumbnail wp-post-image wp-stateless-item\" alt=\"Lex plyn pro\u0161el Hospod\u00e1\u0159sk\u00fdm v\u00fdborem, kter\u00fd potvrdil, \u017ee ve\u0159ejn\u00e1 podpora uhl\u00ed je probl\u00e9m\" style=\"object-fit:cover;\" srcset=\"https:\/\/www.greenpeace.org\/static\/planet4-czech-republic-stateless\/2025\/01\/94dd893a-gp01rc8.jpg 1800w, https:\/\/www.greenpeace.org\/static\/planet4-czech-republic-stateless\/2025\/01\/94dd893a-gp01rc8-300x200.jpg 300w, https:\/\/www.greenpeace.org\/static\/planet4-czech-republic-stateless\/2025\/01\/94dd893a-gp01rc8-1024x683.jpg 1024w, https:\/\/www.greenpeace.org\/static\/planet4-czech-republic-stateless\/2025\/01\/94dd893a-gp01rc8-768x512.jpg 768w, https:\/\/www.greenpeace.org\/static\/planet4-czech-republic-stateless\/2025\/01\/94dd893a-gp01rc8-1536x1024.jpg 1536w, https:\/\/www.greenpeace.org\/static\/planet4-czech-republic-stateless\/2025\/01\/94dd893a-gp01rc8-510x340.jpg 510w\" sizes=\"auto, (max-width: 1800px) 100vw, 1800px\" data-image-size=\"post-thumbnail\" data-stateless-media-bucket=\"planet4-czech-republic-stateless\" data-stateless-media-name=\"2025\/01\/94dd893a-gp01rc8.jpg\" \/><\/a><\/figure>\n\n        <div class=\"wp-block-group is-layout-flow wp-block-group-is-layout-flow\">\n                <div class=\"wp-block-group is-layout-flex wp-block-group-is-layout-flex\"><div class=\"wp-block-post-terms\"><a href=\"https:\/\/www.greenpeace.org\/czech\/category\/greenpeace\/\">Greenpeace<\/a><\/div>\n                <div class=\"taxonomy-post_tag wp-block-post-terms\"><a href=\"https:\/\/www.greenpeace.org\/czech\/tag\/konec-doby-fosilni\/\" rel=\"tag\">KonecDobyFosiln\u00ed<\/a><span class=\"wp-block-post-terms__separator\"> <\/span><a href=\"https:\/\/www.greenpeace.org\/czech\/tag\/uhelnakomise\/\" rel=\"tag\">Uheln\u00e1Komise<\/a><\/div>\n                \n                <\/div>\n                \n        <h3 class=\"wp-block-post-title\"><a href=\"https:\/\/www.greenpeace.org\/czech\/tiskova-zprava\/21669\/lex-plyn-prosel-hospodarskym-vyborem-ktery-potvrdil-ze-verejna-podpora-uhli-je-problem\/\" target=\"_self\" >Lex plyn pro\u0161el Hospod\u00e1\u0159sk\u00fdm v\u00fdborem, kter\u00fd potvrdil, \u017ee ve\u0159ejn\u00e1 podpora uhl\u00ed je probl\u00e9m<\/a><\/h3>\n        <div class=\"wp-block-post-excerpt\"><p class=\"wp-block-post-excerpt__excerpt\">Poslanci a poslankyn\u011b Hospod\u00e1\u0159sk\u00e9ho v\u00fdboru odhlasovali pozm\u011b\u0148ovac\u00ed n\u00e1vrhy k novele energetick\u00e9ho z\u00e1kona zvan\u00e9 Lex plyn. V\u00fdbor navrhuje z novely vy\u0161krtnout mo\u017enost z\u00edskat podporu pro uhelnou elektr\u00e1rnu,\u2026 <\/p><\/div>\n        \n        <div class=\"wp-block-group posts-list-meta is-layout-flow wp-block-group-is-layout-flow\"><span class='article-list-item-author'>Spole\u010dn\u00fd tiskov\u00fd koment\u00e1\u0159 Hnut\u00ed Duha a Greenpeace<\/span>\n        <div class=\"wp-block-post-date\"><time datetime=\"2025-02-20T11:25:32+01:00\">20 \u00fanora, 2025<\/time><\/div>\n        \n        <\/div>\n        <\/div>\n        <\/div>\n\n            <\/li><li class=\"wp-block-post post-15298 post type-post status-publish format-standard has-post-thumbnail hentry category-energeticka-revoluce tag-zmena-klimatu tag-konec-doby-fosilni tag-uhelnakomise p4-page-type-tiskova-zprava\">\n            \n<div class=\"wp-block-columns is-layout-flex wp-container-core-columns-is-layout-9d6595d7 wp-block-columns-is-layout-flex\"><figure class=\"wp-block-post-featured-image\"><a href=\"https:\/\/www.greenpeace.org\/czech\/tiskova-zprava\/15298\/nemecko-zkracuje-konec-uhli-na-rok-2030\/\" target=\"_self\"  ><img loading=\"lazy\" decoding=\"async\" width=\"2499\" height=\"1666\" src=\"https:\/\/www.greenpeace.org\/static\/planet4-czech-republic-stateless\/2021\/11\/54020548-gp0stu8hv_pressmedia.jpg\" class=\"attachment-post-thumbnail size-post-thumbnail wp-post-image wp-stateless-item\" alt=\"N\u011bmecko zkracuje konec uhl\u00ed na rok 2030\" style=\"object-fit:cover;\" srcset=\"https:\/\/www.greenpeace.org\/static\/planet4-czech-republic-stateless\/2021\/11\/54020548-gp0stu8hv_pressmedia.jpg 2499w, https:\/\/www.greenpeace.org\/static\/planet4-czech-republic-stateless\/2021\/11\/54020548-gp0stu8hv_pressmedia-300x200.jpg 300w, https:\/\/www.greenpeace.org\/static\/planet4-czech-republic-stateless\/2021\/11\/54020548-gp0stu8hv_pressmedia-1024x683.jpg 1024w, https:\/\/www.greenpeace.org\/static\/planet4-czech-republic-stateless\/2021\/11\/54020548-gp0stu8hv_pressmedia-768x512.jpg 768w, https:\/\/www.greenpeace.org\/static\/planet4-czech-republic-stateless\/2021\/11\/54020548-gp0stu8hv_pressmedia-1536x1024.jpg 1536w, https:\/\/www.greenpeace.org\/static\/planet4-czech-republic-stateless\/2021\/11\/54020548-gp0stu8hv_pressmedia-2048x1366.jpg 2048w, https:\/\/www.greenpeace.org\/static\/planet4-czech-republic-stateless\/2021\/11\/54020548-gp0stu8hv_pressmedia-510x340.jpg 510w\" sizes=\"auto, (max-width: 2499px) 100vw, 2499px\" data-image-size=\"post-thumbnail\" data-stateless-media-bucket=\"planet4-czech-republic-stateless\" data-stateless-media-name=\"2021\/11\/54020548-gp0stu8hv_pressmedia.jpg\" \/><\/a><\/figure>\n\n        <div class=\"wp-block-group is-layout-flow wp-block-group-is-layout-flow\">\n                <div class=\"wp-block-group is-layout-flex wp-block-group-is-layout-flex\"><div class=\"wp-block-post-terms\"><a href=\"https:\/\/www.greenpeace.org\/czech\/category\/issues\/energeticka-revoluce\/\">Energetick\u00e1 revoluce<\/a><\/div>\n                <div class=\"taxonomy-post_tag wp-block-post-terms\"><a href=\"https:\/\/www.greenpeace.org\/czech\/tag\/zmena-klimatu\/\" rel=\"tag\">Zm\u011bnaKlimatu<\/a><span class=\"wp-block-post-terms__separator\"> <\/span><a href=\"https:\/\/www.greenpeace.org\/czech\/tag\/konec-doby-fosilni\/\" rel=\"tag\">KonecDobyFosiln\u00ed<\/a><span class=\"wp-block-post-terms__separator\"> <\/span><a href=\"https:\/\/www.greenpeace.org\/czech\/tag\/uhelnakomise\/\" rel=\"tag\">Uheln\u00e1Komise<\/a><\/div>\n                \n                <\/div>\n                \n        <h3 class=\"wp-block-post-title\"><a href=\"https:\/\/www.greenpeace.org\/czech\/tiskova-zprava\/15298\/nemecko-zkracuje-konec-uhli-na-rok-2030\/\" target=\"_self\" >N\u011bmecko zkracuje konec uhl\u00ed na rok 2030<\/a><\/h3>\n        <div class=\"wp-block-post-excerpt\"><p class=\"wp-block-post-excerpt__excerpt\">Nov\u00e1 n\u011bmeck\u00e1 vl\u00e1dn\u00ed koalice dnes zve\u0159ejnila koali\u010dn\u00ed smlouvu, na n\u00ed\u017e se t\u0159i strany shodly. Smlouva obsahuje mimo jin\u00e9 z\u00e1vazek ukon\u010dit spalov\u00e1n\u00ed uhl\u00ed ide\u00e1ln\u011b do roku 2030. Zkr\u00e1t\u00ed tak dosavadn\u00ed pl\u00e1n&hellip; <\/p><\/div>\n        \n        <div class=\"wp-block-group posts-list-meta is-layout-flow wp-block-group-is-layout-flow\"><span class='article-list-item-author'>Greenpeace \u010cesk\u00e1 republika a Hnut\u00ed DUHA<\/span>\n        <div class=\"wp-block-post-date\"><time datetime=\"2021-11-24T18:24:21+01:00\">24 listopadu, 2021<\/time><\/div>\n        \n        <\/div>\n        <\/div>\n        <\/div>\n\n            <\/li><\/ul>\n\n    \n<div class=\"wp-block-buttons carousel-controls is-horizontal is-content-justification-space-between is-nowrap is-layout-flex wp-container-core-buttons-is-layout-044bd602 wp-block-buttons-is-layout-flex\">\n            <div class=\"wp-block-button carousel-control-prev\"><button type=\"button\" class=\"wp-block-button__link wp-element-button\">Prev<\/button><\/div>\n        \n\n            <div class=\"wp-block-button carousel-control-next\"><button type=\"button\" class=\"wp-block-button__link wp-element-button\">Next<\/button><\/div>\n        <\/div>\n\n\n    <li class=\" wp-block-navigation-item see-all-link wp-block-navigation-link\"><a class=\"wp-block-navigation-item__content\"  href=\"http:\/\/www.greenpeace.org\/czech\/news-stories\/?tag=uhelnakomise&#038;post-type=clanek\"><span class=\"wp-block-navigation-item__label\">See all stories<\/span><\/a><\/li><\/div>\n    ","protected":false},"excerpt":{"rendered":"<p>P\u0159e\u010dti si zajimav\u00e9 informace o uheln\u00e9 komisi.<\/p>\n","protected":false},"author":21,"featured_media":20166,"parent":0,"menu_order":0,"comment_status":"closed","ping_status":"closed","template":"","meta":{"ep_exclude_from_search":false,"p4_hide_page_title_checkbox":"","p4_title":"","p4_subtitle":"","p4_description":"","background_image_id":"","background_image":"","p4_button_title":"","p4_button_link":"","p4_button_link_checkbox":"","p4_og_title":"","p4_og_description":"","p4_og_image":"","p4_og_image_id":"","p4_seo_canonical_url":"","p4_campaign_name":"not set","p4_local_project":"","p4_basket_name":"not set","p4_department":"","footnotes":""},"categories":[],"tags":[],"class_list":["post-4472","page","type-page","status-publish","has-post-thumbnail","hentry"],"_links":{"self":[{"href":"https:\/\/www.greenpeace.org\/czech\/wp-json\/wp\/v2\/pages\/4472","targetHints":{"allow":["GET"]}}],"collection":[{"href":"https:\/\/www.greenpeace.org\/czech\/wp-json\/wp\/v2\/pages"}],"about":[{"href":"https:\/\/www.greenpeace.org\/czech\/wp-json\/wp\/v2\/types\/page"}],"author":[{"embeddable":true,"href":"https:\/\/www.greenpeace.org\/czech\/wp-json\/wp\/v2\/users\/21"}],"replies":[{"embeddable":true,"href":"https:\/\/www.greenpeace.org\/czech\/wp-json\/wp\/v2\/comments?post=4472"}],"version-history":[{"count":11,"href":"https:\/\/www.greenpeace.org\/czech\/wp-json\/wp\/v2\/pages\/4472\/revisions"}],"predecessor-version":[{"id":22759,"href":"https:\/\/www.greenpeace.org\/czech\/wp-json\/wp\/v2\/pages\/4472\/revisions\/22759"}],"wp:featuredmedia":[{"embeddable":true,"href":"https:\/\/www.greenpeace.org\/czech\/wp-json\/wp\/v2\/media\/20166"}],"wp:attachment":[{"href":"https:\/\/www.greenpeace.org\/czech\/wp-json\/wp\/v2\/media?parent=4472"}],"wp:term":[{"taxonomy":"category","embeddable":true,"href":"https:\/\/www.greenpeace.org\/czech\/wp-json\/wp\/v2\/categories?post=4472"},{"taxonomy":"post_tag","embeddable":true,"href":"https:\/\/www.greenpeace.org\/czech\/wp-json\/wp\/v2\/tags?post=4472"}],"curies":[{"name":"wp","href":"https:\/\/api.w.org\/{rel}","templated":true}]}}