{"id":240,"date":"2018-09-20T13:00:41","date_gmt":"2018-09-20T11:00:41","guid":{"rendered":"https:\/\/k8s.p4.greenpeace.org\/defaultcontent\/?page_id=240"},"modified":"2025-06-23T16:39:06","modified_gmt":"2025-06-23T14:39:06","slug":"etiske-retningslinjer","status":"publish","type":"page","link":"https:\/\/www.greenpeace.org\/denmark\/om-os\/etiske-retningslinjer\/","title":{"rendered":"Etiske retningslinjer"},"content":{"rendered":"\n                \n                <div class=\"wp-block-group alignfull is-layout-flow wp-block-group-is-layout-flow\">\n                \n                <div class=\"wp-block-group container is-layout-flow wp-block-group-is-layout-flow\">\n                \n                <div class=\"wp-block-media-text alignfull has-media-on-the-right is-stacked-on-mobile is-pattern-p4-page-header is-style-parallax\">\n\n                <div class=\"wp-block-media-text__content\">\n                    <div class=\"wp-block-group is-layout-flow wp-block-group-is-layout-flow\">\n                    \n                        <h1 class=\"wp-block-heading has-white-background-color has-background\">\n                            Etiske retningslinjer\n                        <\/h1>\n                    <\/div>\n                \n\n                \n                        <p style=\"font-size:1.25rem\">\n                            Vi str\u00e6ber efter at skabe en mere gr\u00f8n og fredelig verden, og et vigtigt v\u00e6rkt\u00f8j for os er simpel, \u00e5ben og \u00e6rlig kommunikation.\n                        <\/p>\n                    \n\n                \n\n                <\/div>\n                <figure class=\"wp-block-media-text__media\">\n                    <img loading=\"lazy\" decoding=\"async\" width=\"2500\" height=\"1669\"\n                        src=\"https:\/\/storage.googleapis.com\/planet4-denmark-stateless-develop\/2018\/05\/c6ef389e-gp0str7g7_pressmedia.jpg\"\n                        alt=\"\"\n                        sizes=\"auto, (min-width: 601px) 50vw, 100vw\" srcset=\"https:\/\/storage.googleapis.com\/planet4-denmark-stateless-develop\/2018\/05\/c6ef389e-gp0str7g7_pressmedia.jpg 2500w, https:\/\/storage.googleapis.com\/planet4-denmark-stateless-develop\/2018\/05\/c6ef389e-gp0str7g7_pressmedia-300x200.jpg 300w, https:\/\/storage.googleapis.com\/planet4-denmark-stateless-develop\/2018\/05\/c6ef389e-gp0str7g7_pressmedia-768x513.jpg 768w, https:\/\/storage.googleapis.com\/planet4-denmark-stateless-develop\/2018\/05\/c6ef389e-gp0str7g7_pressmedia-1024x684.jpg 1024w, https:\/\/storage.googleapis.com\/planet4-denmark-stateless-develop\/2018\/05\/c6ef389e-gp0str7g7_pressmedia-2046x1366.jpg 2046w, https:\/\/storage.googleapis.com\/planet4-denmark-stateless-develop\/2018\/05\/c6ef389e-gp0str7g7_pressmedia-510x340.jpg 510w\" class=\"wp-image-86 size-full\"\n                    \/>\n                <\/figure>\n                <\/div>\n                \n                <\/div>\n                \n                <\/div>\n                \n                <p>                Vi tror p\u00e5, at alle har ret til at udtrykke deres holdninger i h\u00e5bet om, at vi kan n\u00e5 en f\u00e6lles forst\u00e5else. Vi leder efter et grundlag for en lysere fremtid. Det er derfor kommentarerne under vores historier er et vigtigt sted, hvor alle kan udveksle meninger &#8211; ogs\u00e5 dem, der ikke deler vores holdninger.<\/p>\n<p>Vi byder debat og diskussioner velkomne, da vi tror p\u00e5, at de bedste ideer skabes i dialog. Vi elsker, n\u00e5r folk k\u00e6mper passioneret for det, de tror p\u00e5. Og vi elsker at lytte til nye ideer og nye m\u00e5der at tilg\u00e5 et problem p\u00e5. Vi mener, at disse samtaler skal foreg\u00e5 \u00e6rligt og respektfuldt, hvis de skal v\u00e6re produktive.<\/p>\n<p>Derfor beder vi alle, der har lyst til at deltage til diskussionerne p\u00e5 denne side, at f\u00f8lge disse simple regler:<\/p>\n<ol>\n<li><strong>Sig sandheden<\/strong>.<\/li>\n<li><strong>V\u00e6r \u00e5ben om, hvem du er<\/strong>, og hvorfor du deltager. Hvis du repr\u00e6senterer en virksomhed eller politiske interesser, hvis du bliver betalt for din holdning, eller hvis du har en interessekonflikt, er du ogs\u00e5 velkommen til at deltage. Men v\u00e6r \u00e5ben omkring dine interesser, s\u00e5 folk kan l\u00e6se, hvad baggrunden for dine holdninger er.<\/li>\n<li><strong>V\u00e6r civiliseret og respektfuld<\/strong> n\u00e5r du skriver. Skriv kun til andre i en tone, som du selv vil h\u00f8re. Det betyder ingen diskrimination, ingen personangreb, ingen bandeord og ingen opfordring til vold.<\/li>\n<li><strong>Giv alle muligheden for at deltage<\/strong>. Vil forbeholder os retten til at slette indl\u00e6g, hvis du laver flere un\u00f8dvendige indl\u00e6g efter hinanden.<\/li>\n<li><strong>Behold fokus<\/strong> p\u00e5 det emne, der bliver diskuteret. Det hj\u00e6lper alle, der vil v\u00e6re involveret i diskussionen.<\/li>\n<li><strong>Undlad at s\u00e6lge<\/strong>. Pladsen skal bruges til debatter af vigtige emner, s\u00e5 undlad kommercielle indl\u00e6g eller at promovere produkter. Vi har en nultolerance overfor spam.<\/li>\n<\/ol>\n<p>Hvis du f\u00f8lger disse retningslinjer, vil vi ikke banlyse dig eller slette dine kommentarer bare fordi, vi er uenige i dem.<\/p>\n<p>Vi tror p\u00e5, et fri tale og \u00e5ben udveksling af ideer er s\u00e5 vigtigt, at vi aktivt arbejder for at forsvare det. Det betyder, at hvis du bare er her som troll eller misrepr\u00e6senterer dig selv, vil vi tage de n\u00f8dvendige skridt for at beskytte dette f\u00e6llesskab. Dette kan inkludere, at vi sletter kommentarer, fjerner kommercielt indhold og i visse tilf\u00e6lde sletter brugerkonti. Vi kan ogs\u00e5 sl\u00e5 kommentarer fra p\u00e5 visse sider &#8211; eller p\u00e5 hele sitet &#8211; hvis vi fornemmer der er et samordnet angreb.<\/p>\n<p>Vi arbejder konstant p\u00e5 at informationerne p\u00e5 dene hjemmeside er korrekte og i tr\u00e5d med vores v\u00e6rdier. Indhold som kommentarer er skrevet af almindelige mennesker som dig. Vi h\u00e5ber, at kommentarerne bliver opfattet som personlige holdninger, der ikke n\u00f8dvendigvis repr\u00e6senterer Greenpeaces holdning. Hvis du leder efter vores officielle holdning til noget, s\u00e5 kig i pressemeddelelser, udgivelser eller kontakt vores presseafdeling.<\/p>\n","protected":false},"excerpt":{"rendered":"<p>Vi tror p\u00e5, at alle har ret til at udtrykke deres holdninger i h\u00e5bet om, at vi kan n\u00e5 en f\u00e6lles forst\u00e5else. Vi leder efter et grundlag for en lysere fremtid. Det er derfor kommentarerne under vores historier er et vigtigt sted, hvor alle kan udveksle meninger &#8211; ogs\u00e5 dem, der ikke deler vores holdninger. [&hellip;]<\/p>\n","protected":false},"author":20,"featured_media":86,"parent":234,"menu_order":0,"comment_status":"closed","ping_status":"closed","template":"","meta":{"ep_exclude_from_search":false,"p4_hide_page_title_checkbox":"on","p4_title":"","p4_subtitle":"","p4_description":"","background_image_id":"","background_image":"","p4_button_title":"","p4_button_link":"","p4_button_link_checkbox":"","p4_og_title":"","p4_og_description":"","p4_og_image":"","p4_og_image_id":"","p4_seo_canonical_url":"","p4_campaign_name":"not set","p4_local_project":"not set","p4_basket_name":"not set","p4_department":"","footnotes":""},"categories":[1],"tags":[],"class_list":["post-240","page","type-page","status-publish","has-post-thumbnail","hentry","category-klimaforandringer"],"_links":{"self":[{"href":"https:\/\/www.greenpeace.org\/denmark\/wp-json\/wp\/v2\/pages\/240","targetHints":{"allow":["GET"]}}],"collection":[{"href":"https:\/\/www.greenpeace.org\/denmark\/wp-json\/wp\/v2\/pages"}],"about":[{"href":"https:\/\/www.greenpeace.org\/denmark\/wp-json\/wp\/v2\/types\/page"}],"author":[{"embeddable":true,"href":"https:\/\/www.greenpeace.org\/denmark\/wp-json\/wp\/v2\/users\/20"}],"replies":[{"embeddable":true,"href":"https:\/\/www.greenpeace.org\/denmark\/wp-json\/wp\/v2\/comments?post=240"}],"version-history":[{"count":14,"href":"https:\/\/www.greenpeace.org\/denmark\/wp-json\/wp\/v2\/pages\/240\/revisions"}],"predecessor-version":[{"id":65302,"href":"https:\/\/www.greenpeace.org\/denmark\/wp-json\/wp\/v2\/pages\/240\/revisions\/65302"}],"up":[{"embeddable":true,"href":"https:\/\/www.greenpeace.org\/denmark\/wp-json\/wp\/v2\/pages\/234"}],"wp:featuredmedia":[{"embeddable":true,"href":"https:\/\/www.greenpeace.org\/denmark\/wp-json\/wp\/v2\/media\/86"}],"wp:attachment":[{"href":"https:\/\/www.greenpeace.org\/denmark\/wp-json\/wp\/v2\/media?parent=240"}],"wp:term":[{"taxonomy":"category","embeddable":true,"href":"https:\/\/www.greenpeace.org\/denmark\/wp-json\/wp\/v2\/categories?post=240"},{"taxonomy":"post_tag","embeddable":true,"href":"https:\/\/www.greenpeace.org\/denmark\/wp-json\/wp\/v2\/tags?post=240"}],"curies":[{"name":"wp","href":"https:\/\/api.w.org\/{rel}","templated":true}]}}