{"id":3198,"date":"2019-08-12T14:02:26","date_gmt":"2019-08-12T12:02:26","guid":{"rendered":"https:\/\/www.greenpeace.org\/denmark\/?page_id=3198"},"modified":"2025-04-30T14:59:42","modified_gmt":"2025-04-30T12:59:42","slug":"faa-et-gratis-foredrag-med-greenpeace","status":"publish","type":"page","link":"https:\/\/www.greenpeace.org\/denmark\/vaer-med\/faa-et-gratis-foredrag-med-greenpeace\/","title":{"rendered":"F\u00e5 et gratis foredrag med Greenpeace"},"content":{"rendered":"\n\n<div class=\"wp-block-group alignfull has-grey-050-background-color has-background is-layout-flow wp-block-group-is-layout-flow\">\n<div class=\"wp-block-group container is-layout-flow wp-block-group-is-layout-flow\">\n<div class=\"wp-block-media-text alignfull has-media-on-the-right is-stacked-on-mobile is-pattern-p4-page-header is-style-parallax\"><div class=\"wp-block-media-text__content\">\n<div class=\"wp-block-group is-layout-flow wp-block-group-is-layout-flow\">\n<h1 class=\"wp-block-heading has-grey-050-background-color has-background\"><strong><strong>F\u00e5 et gratis foredrag med Greenpeace<\/strong><\/strong><\/h1>\n<\/div>\n\n\n\n<p style=\"font-size:1.1rem\">Hvem er Greenpeace? Hvad skal der til for at bremse klimakrisen? Hvordan engagerer man sig i milj\u00f8bev\u00e6gelsen\/Greenpeace? <br><br>Hos Greenpeace har vi et hold af dygtige og dedikerede frivillige, der holder opl\u00e6g om vores organisation, og hvad vi arbejder med. Vi kalder dem for <strong>Greenpeace Speakers.<\/strong><\/p>\n\n\n\n<div class=\"wp-block-buttons is-layout-flex wp-block-buttons-is-layout-flex\">\n<div class=\"wp-block-button is-style-cta\"><a class=\"wp-block-button__link wp-element-button\" href=\"https:\/\/forms.gle\/ZS5KZrArRa6mvpSq5\" target=\"_blank\" rel=\"noreferrer noopener\">Book en Greenpeace Speaker<\/a><\/div>\n<\/div>\n<\/div><figure class=\"wp-block-media-text__media\"><img loading=\"lazy\" decoding=\"async\" width=\"800\" height=\"533\" src=\"https:\/\/www.greenpeace.org\/static\/planet4-denmark-stateless\/2022\/06\/177fb53c-greenpeaker.jpg\" alt=\"\" sizes=\"auto, (min-width: 601px) 50vw, 100vw\" srcset=\"https:\/\/www.greenpeace.org\/static\/planet4-denmark-stateless\/2022\/06\/177fb53c-greenpeaker.jpg 800w, https:\/\/www.greenpeace.org\/static\/planet4-denmark-stateless\/2022\/06\/177fb53c-greenpeaker-300x200.jpg 300w, https:\/\/www.greenpeace.org\/static\/planet4-denmark-stateless\/2022\/06\/177fb53c-greenpeaker-768x512.jpg 768w, https:\/\/www.greenpeace.org\/static\/planet4-denmark-stateless\/2022\/06\/177fb53c-greenpeaker-510x340.jpg 510w\" class=\"wp-image-51356 size-full\"\/><\/figure><\/div>\n<\/div>\n<\/div>\n\n\n<p>\ud83c\uddec\ud83c\udde7 <a href=\"https:\/\/www.greenpeace.org\/denmark\/vaer-med\/frivillig\/volunteer-with-greenpeace-and-make-a-difference\/get-a-free-talk-by-greenpeace\/\"><em>Read the page in English here*<\/em><\/a><\/p>\n\n<div class=\"wp-block-media-text is-stacked-on-mobile is-style-default\"><figure class=\"wp-block-media-text__media\"><img loading=\"lazy\" decoding=\"async\" width=\"1024\" height=\"732\" src=\"https:\/\/www.greenpeace.org\/static\/planet4-denmark-stateless\/2024\/03\/dbd58d87-gp1sxds8-1024x732.jpg\" alt=\"\" sizes=\"auto, (min-width: 1600px) calc((1320px - 24px) \/ 2),(min-width: 1200px) calc((1140px - 24px) \/ 2),(min-width: 992px) calc((960px - 24px) \/ 2),(min-width: 768px) calc((720px - 24px) \/ 2),(min-width: 601px) calc((540px - 24px) \/ 2),(min-width: 577px) calc((540px - 24px) \/ 1), calc(100vw - 24px)\" srcset=\"https:\/\/www.greenpeace.org\/static\/planet4-denmark-stateless\/2024\/03\/dbd58d87-gp1sxds8.jpg 1122w, https:\/\/www.greenpeace.org\/static\/planet4-denmark-stateless\/2024\/03\/dbd58d87-gp1sxds8-300x214.jpg 300w, https:\/\/www.greenpeace.org\/static\/planet4-denmark-stateless\/2024\/03\/dbd58d87-gp1sxds8-1024x732.jpg 1024w, https:\/\/www.greenpeace.org\/static\/planet4-denmark-stateless\/2024\/03\/dbd58d87-gp1sxds8-768x549.jpg 768w, https:\/\/www.greenpeace.org\/static\/planet4-denmark-stateless\/2024\/03\/dbd58d87-gp1sxds8-476x340.jpg 476w\" class=\"wp-image-60275 size-full\"\/><\/figure><div class=\"wp-block-media-text__content\">\n<h2 class=\"wp-block-heading\">Vores pr\u00e6sentationer<\/h2>\n\n\n\n<p>Greenpeaces fantastiske Greenpeace Speakers afholder b\u00e5de offline og online pr\u00e6sentationer og foredrag om Greenpeace og Greenpeaces kampagner. Og de vil meget gerne komme p\u00e5 bes\u00f8g ude hos dig i din skole, forening, gymnasium, arbejdsplads eller andet for at tale om kampen for at beskytte vores vidunderlige planet.<\/p>\n<\/div><\/div>\n\n<div style=\"height:10px\" aria-hidden=\"true\" class=\"wp-block-spacer\"><\/div>\n\n<div class=\"wp-block-group has-beige-100-background-color has-background is-content-justification-center is-layout-constrained wp-container-core-group-is-layout-42edfff7 wp-block-group-is-layout-constrained\" style=\"border-top-left-radius:0px;border-top-right-radius:23px;border-bottom-left-radius:23px;border-bottom-right-radius:0px;padding-top:var(--wp--preset--spacing--50);padding-right:var(--wp--preset--spacing--30);padding-bottom:var(--wp--preset--spacing--30);padding-left:var(--wp--preset--spacing--30)\">\n<div class=\"wp-block-group is-nowrap is-layout-flex wp-container-core-group-is-layout-ad2f72ca wp-block-group-is-layout-flex\">\n<div class=\"wp-block-columns is-layout-flex wp-container-core-columns-is-layout-9d6595d7 wp-block-columns-is-layout-flex\">\n<div class=\"wp-block-column is-vertically-aligned-center is-layout-flow wp-block-column-is-layout-flow\" style=\"flex-basis:20%\">\n<figure class=\"wp-block-image alignleft size-thumbnail is-resized is-style-default\"><img loading=\"lazy\" decoding=\"async\" width=\"150\" height=\"150\" src=\"https:\/\/www.greenpeace.org\/static\/planet4-denmark-stateless\/2024\/03\/558bc509-7_climate_justice-1_icon-150x150.png\" alt=\"\" class=\"wp-image-60283\" style=\"aspect-ratio:1.3333333333333333;object-fit:cover;width:148px;height:auto\" srcset=\"https:\/\/www.greenpeace.org\/static\/planet4-denmark-stateless\/2024\/03\/558bc509-7_climate_justice-1_icon-150x150.png 150w, https:\/\/www.greenpeace.org\/static\/planet4-denmark-stateless\/2024\/03\/558bc509-7_climate_justice-1_icon-300x300.png 300w, https:\/\/www.greenpeace.org\/static\/planet4-denmark-stateless\/2024\/03\/558bc509-7_climate_justice-1_icon-1024x1024.png 1024w, https:\/\/www.greenpeace.org\/static\/planet4-denmark-stateless\/2024\/03\/558bc509-7_climate_justice-1_icon-768x769.png 768w, https:\/\/www.greenpeace.org\/static\/planet4-denmark-stateless\/2024\/03\/558bc509-7_climate_justice-1_icon-340x340.png 340w, https:\/\/www.greenpeace.org\/static\/planet4-denmark-stateless\/2024\/03\/558bc509-7_climate_justice-1_icon.png 1250w\" sizes=\"auto, (max-width: 150px) 100vw, 150px\" \/><\/figure>\n<\/div>\n\n\n\n<div class=\"wp-block-column is-vertically-aligned-center is-layout-flow wp-block-column-is-layout-flow\" style=\"flex-basis:80%\">\n<h4 class=\"wp-block-heading\">Lige nu er vores Greenpeace Speakers ivrige efter at tale med dig om f\u00f8lgende to kampagner:<\/h4>\n<\/div>\n<\/div>\n<\/div>\n<\/div>\n\n<div class=\"wp-block-media-text has-media-on-the-right is-stacked-on-mobile is-style-default\"><div class=\"wp-block-media-text__content\">\n<h2 class=\"wp-block-heading\"><a href=\"https:\/\/www.greenpeace.org\/denmark\/klimaforandringer\/\">Klimaforandringer<\/a><\/h2>\n\n\n\n<p>2023 var det varmeste \u00e5r nogensinde registreret p\u00e5 kloden og var plaget af mange ekstreme vejrh\u00e6ndelser for\u00e5rsaget af klimakrisen. Hvis vi skal g\u00f8re os h\u00e5b om at bremse klimaforandringerne, kan vi ikke tillade at fossilindustrien kaster mere olie- og gas p\u00e5 klimakrisens b\u00e5l.&nbsp;<\/p>\n\n\n\n<p>Hvordan kan vi f\u00e5 disse store olie- og gas virksomheder til at STOPPE med at bore og begynde at BETALE for de store klimaskader de har forvoldt?<\/p>\n\n\n\n<h5 class=\"wp-block-heading is-style-chevron\"><a href=\"https:\/\/www.greenpeace.org\/denmark\/klimaforandringer\/\">L\u00e6s mere om denne kampagne her<\/a><\/h5>\n<\/div><figure class=\"wp-block-media-text__media\"><img loading=\"lazy\" decoding=\"async\" width=\"1024\" height=\"732\" src=\"https:\/\/www.greenpeace.org\/static\/planet4-denmark-stateless\/2024\/03\/2e4b8fa7-gp1sx0h2-1024x732.jpg\" alt=\"\" sizes=\"auto, (min-width: 1600px) calc((1320px - 24px) \/ 2),(min-width: 1200px) calc((1140px - 24px) \/ 2),(min-width: 992px) calc((960px - 24px) \/ 2),(min-width: 768px) calc((720px - 24px) \/ 2),(min-width: 601px) calc((540px - 24px) \/ 2),(min-width: 577px) calc((540px - 24px) \/ 1), calc(100vw - 24px)\" srcset=\"https:\/\/www.greenpeace.org\/static\/planet4-denmark-stateless\/2024\/03\/2e4b8fa7-gp1sx0h2.jpg 1128w, https:\/\/www.greenpeace.org\/static\/planet4-denmark-stateless\/2024\/03\/2e4b8fa7-gp1sx0h2-300x214.jpg 300w, https:\/\/www.greenpeace.org\/static\/planet4-denmark-stateless\/2024\/03\/2e4b8fa7-gp1sx0h2-1024x732.jpg 1024w, https:\/\/www.greenpeace.org\/static\/planet4-denmark-stateless\/2024\/03\/2e4b8fa7-gp1sx0h2-768x549.jpg 768w, https:\/\/www.greenpeace.org\/static\/planet4-denmark-stateless\/2024\/03\/2e4b8fa7-gp1sx0h2-476x340.jpg 476w\" class=\"wp-image-60274 size-full\"\/><\/figure><\/div>\n\n<div class=\"wp-block-media-text is-stacked-on-mobile is-style-default\"><figure class=\"wp-block-media-text__media\"><img loading=\"lazy\" decoding=\"async\" width=\"1024\" height=\"683\" src=\"https:\/\/www.greenpeace.org\/static\/planet4-denmark-stateless\/2024\/03\/0b88e509-gp1sxb7v-1024x683.jpg\" alt=\"\" sizes=\"auto, (min-width: 1600px) calc((1320px - 24px) \/ 2),(min-width: 1200px) calc((1140px - 24px) \/ 2),(min-width: 992px) calc((960px - 24px) \/ 2),(min-width: 768px) calc((720px - 24px) \/ 2),(min-width: 601px) calc((540px - 24px) \/ 2),(min-width: 577px) calc((540px - 24px) \/ 1), calc(100vw - 24px)\" srcset=\"https:\/\/www.greenpeace.org\/static\/planet4-denmark-stateless\/2024\/03\/0b88e509-gp1sxb7v.jpg 1210w, https:\/\/www.greenpeace.org\/static\/planet4-denmark-stateless\/2024\/03\/0b88e509-gp1sxb7v-300x200.jpg 300w, https:\/\/www.greenpeace.org\/static\/planet4-denmark-stateless\/2024\/03\/0b88e509-gp1sxb7v-1024x683.jpg 1024w, https:\/\/www.greenpeace.org\/static\/planet4-denmark-stateless\/2024\/03\/0b88e509-gp1sxb7v-768x512.jpg 768w, https:\/\/www.greenpeace.org\/static\/planet4-denmark-stateless\/2024\/03\/0b88e509-gp1sxb7v-510x340.jpg 510w\" class=\"wp-image-60271 size-full\"\/><\/figure><div class=\"wp-block-media-text__content\">\n<h2 class=\"wp-block-heading\"><a href=\"https:\/\/www.greenpeace.org\/denmark\/landbrug\/\">Landbrug<\/a><\/h2>\n\n\n\n<p>I Danmark har vi mindre end 3% beskyttet natur. Halvdelen af hele Danmarks areal bruges lige nu til produktion af foder. Hvordan arbejder Greenpeace for at bringe mere natur og skove til Danmark? Hvad kan du g\u00f8re for at hj\u00e6lpe?<\/p>\n\n\n\n<h5 class=\"wp-block-heading is-style-chevron\"><a href=\"https:\/\/www.greenpeace.org\/denmark\/landbrug\/\">L\u00e6s mere om denne kampagne her<\/a><\/h5>\n<\/div><\/div>\n\n<div class=\"wp-block-media-text has-media-on-the-right is-stacked-on-mobile is-style-default\"><div class=\"wp-block-media-text__content\">\n<h2 class=\"wp-block-heading\">V\u00e6lg dit emne<\/h2>\n\n\n\n<p>Vores Greenpeace Speakers er ogs\u00e5 interesseret i at h\u00f8re dine \u00f8nsker til andre emner. De fort\u00e6ller for eksempel gerne om Greenpeaces historie og Greenpeaces brug af civil ulydighed.&nbsp;<\/p>\n\n\n\n<p>De kan ogs\u00e5 tilpasse deres pr\u00e6sentationer til forskellige m\u00e5lgrupper.<\/p>\n\n\n\n<div style=\"height:10px\" aria-hidden=\"true\" class=\"wp-block-spacer\"><\/div>\n\n\n\n<div class=\"wp-block-buttons is-content-justification-left is-layout-flex wp-container-core-buttons-is-layout-fdcfc74e wp-block-buttons-is-layout-flex\">\n<div class=\"wp-block-button is-style-cta\"><a class=\"wp-block-button__link has-text-align-center wp-element-button\" href=\"https:\/\/forms.gle\/ZS5KZrArRa6mvpSq5\" target=\"_blank\" rel=\"noreferrer noopener\">Book en Greenpeace Speaker<\/a><\/div>\n<\/div>\n<\/div><figure class=\"wp-block-media-text__media\"><img loading=\"lazy\" decoding=\"async\" width=\"1024\" height=\"731\" src=\"https:\/\/www.greenpeace.org\/static\/planet4-denmark-stateless\/2024\/03\/9a6b74ca-gp1sxb7a-1024x731.jpg\" alt=\"\" sizes=\"auto, (min-width: 1600px) calc((1320px - 24px) \/ 2),(min-width: 1200px) calc((1140px - 24px) \/ 2),(min-width: 992px) calc((960px - 24px) \/ 2),(min-width: 768px) calc((720px - 24px) \/ 2),(min-width: 601px) calc((540px - 24px) \/ 2),(min-width: 577px) calc((540px - 24px) \/ 1), calc(100vw - 24px)\" srcset=\"https:\/\/www.greenpeace.org\/static\/planet4-denmark-stateless\/2024\/03\/9a6b74ca-gp1sxb7a.jpg 1150w, https:\/\/www.greenpeace.org\/static\/planet4-denmark-stateless\/2024\/03\/9a6b74ca-gp1sxb7a-300x214.jpg 300w, https:\/\/www.greenpeace.org\/static\/planet4-denmark-stateless\/2024\/03\/9a6b74ca-gp1sxb7a-1024x731.jpg 1024w, https:\/\/www.greenpeace.org\/static\/planet4-denmark-stateless\/2024\/03\/9a6b74ca-gp1sxb7a-768x548.jpg 768w, https:\/\/www.greenpeace.org\/static\/planet4-denmark-stateless\/2024\/03\/9a6b74ca-gp1sxb7a-476x340.jpg 476w\" class=\"wp-image-60273 size-full\"\/><\/figure><\/div>\n\n<div class=\"wp-block-group has-beige-100-background-color has-background is-content-justification-center is-layout-constrained wp-container-core-group-is-layout-42edfff7 wp-block-group-is-layout-constrained\" style=\"border-top-left-radius:0px;border-top-right-radius:23px;border-bottom-left-radius:23px;border-bottom-right-radius:0px;padding-top:var(--wp--preset--spacing--50);padding-right:var(--wp--preset--spacing--30);padding-bottom:var(--wp--preset--spacing--30);padding-left:var(--wp--preset--spacing--30)\">\n<div class=\"wp-block-group is-nowrap is-layout-flex wp-container-core-group-is-layout-ad2f72ca wp-block-group-is-layout-flex\">\n<div class=\"wp-block-columns is-layout-flex wp-container-core-columns-is-layout-9d6595d7 wp-block-columns-is-layout-flex\">\n<div class=\"wp-block-column is-vertically-aligned-center is-layout-flow wp-block-column-is-layout-flow\" style=\"flex-basis:20%\">\n<figure class=\"wp-block-image alignleft size-thumbnail is-resized is-style-default\"><img loading=\"lazy\" decoding=\"async\" width=\"150\" height=\"150\" src=\"https:\/\/www.greenpeace.org\/static\/planet4-denmark-stateless\/2024\/03\/0dcad776-24_greenpeace_ships-1_icon-150x150.png\" alt=\"\" class=\"wp-image-60299\" style=\"aspect-ratio:1.3333333333333333;object-fit:cover;width:148px;height:auto\" srcset=\"https:\/\/www.greenpeace.org\/static\/planet4-denmark-stateless\/2024\/03\/0dcad776-24_greenpeace_ships-1_icon-150x150.png 150w, https:\/\/www.greenpeace.org\/static\/planet4-denmark-stateless\/2024\/03\/0dcad776-24_greenpeace_ships-1_icon-300x300.png 300w, https:\/\/www.greenpeace.org\/static\/planet4-denmark-stateless\/2024\/03\/0dcad776-24_greenpeace_ships-1_icon-1024x1024.png 1024w, https:\/\/www.greenpeace.org\/static\/planet4-denmark-stateless\/2024\/03\/0dcad776-24_greenpeace_ships-1_icon-768x769.png 768w, https:\/\/www.greenpeace.org\/static\/planet4-denmark-stateless\/2024\/03\/0dcad776-24_greenpeace_ships-1_icon-340x340.png 340w, https:\/\/www.greenpeace.org\/static\/planet4-denmark-stateless\/2024\/03\/0dcad776-24_greenpeace_ships-1_icon.png 1250w\" sizes=\"auto, (max-width: 150px) 100vw, 150px\" \/><\/figure>\n<\/div>\n\n\n\n<div class=\"wp-block-column is-vertically-aligned-center is-layout-flow wp-block-column-is-layout-flow\" style=\"flex-basis:80%\">\n<h4 class=\"wp-block-heading\">Greenpeace Speakers passer godt til:<\/h4>\n\n\n\n<p style=\"font-size:19px\">Skoler, Gymnasier, H\u00f8jskoler, Arbejdspladser, Ungdomspolitiske partier, Foreninger<\/p>\n<\/div>\n<\/div>\n<\/div>\n<\/div>\n\n<div class=\"wp-block-media-text is-stacked-on-mobile is-image-fill-element\"><figure class=\"wp-block-media-text__media\"><img loading=\"lazy\" decoding=\"async\" width=\"1024\" height=\"576\" src=\"https:\/\/www.greenpeace.org\/static\/planet4-denmark-stateless\/2024\/04\/4e816bdd-dsc00965-2-1024x576.jpg\" alt=\"Greenpeace speaker\" sizes=\"auto, (min-width: 1600px) calc((1320px - 24px) \/ 2),(min-width: 1200px) calc((1140px - 24px) \/ 2),(min-width: 992px) calc((960px - 24px) \/ 2),(min-width: 768px) calc((720px - 24px) \/ 2),(min-width: 601px) calc((540px - 24px) \/ 2),(min-width: 577px) calc((540px - 24px) \/ 1), calc(100vw - 24px)\" srcset=\"https:\/\/www.greenpeace.org\/static\/planet4-denmark-stateless\/2024\/04\/4e816bdd-dsc00965-2.jpg 1500w, https:\/\/www.greenpeace.org\/static\/planet4-denmark-stateless\/2024\/04\/4e816bdd-dsc00965-2-300x169.jpg 300w, https:\/\/www.greenpeace.org\/static\/planet4-denmark-stateless\/2024\/04\/4e816bdd-dsc00965-2-1024x576.jpg 1024w, https:\/\/www.greenpeace.org\/static\/planet4-denmark-stateless\/2024\/04\/4e816bdd-dsc00965-2-768x432.jpg 768w, https:\/\/www.greenpeace.org\/static\/planet4-denmark-stateless\/2024\/04\/4e816bdd-dsc00965-2-510x287.jpg 510w\" class=\"wp-image-60885 size-full\" style=\"object-position:50% 59%\"\/><\/figure><div class=\"wp-block-media-text__content\">\n<div style=\"height:30px\" aria-hidden=\"true\" class=\"wp-block-spacer\"><\/div>\n\n\n\n<h2 class=\"wp-block-heading\"><strong>Bliv Greenpeace Speaker<\/strong><\/h2>\n\n\n\n<p>Hvis du br\u00e6nder for at involvere flere mennesker i klimakampen og f\u00f8ler dig tryg ved at tale foran st\u00f8rre grupper, er du meget velkommen p\u00e5 vores Greenpeace Speaker hold. Dette fantastiske frivillige team udvikler&nbsp; pr\u00e6sentationsmaterialer, tr\u00e6ner sammen og st\u00f8tter hinanden.&nbsp;Greenpeace arrangerer tr\u00e6ning for nye Greenpeace Speakers to gange om \u00e5ret. Vi g\u00f8r vores bedste for at invitere alle, der ans\u00f8ger, men vi kan ikke garantere en plads. Hvis du er interesseret i at f\u00e5 mere information om Greenpeace Speaker programmet samt andre muligheder for at v\u00e6re frivillig i Greenpeace, skal du skrive dig p\u00e5 til det n\u00e6ste introduktionsm\u00f8de for frivillige.<\/p>\n\n\n\n<div class=\"wp-block-buttons is-layout-flex wp-block-buttons-is-layout-flex\">\n<div class=\"wp-block-button is-style-secondary\"><a class=\"wp-block-button__link wp-element-button\" href=\"https:\/\/greenpeace.community\/page\/denmark\">Deltag i det n\u00e6ste intro-m\u00f8de for frivillige<\/a><\/div>\n<\/div>\n\n\n\n<div style=\"height:30px\" aria-hidden=\"true\" class=\"wp-block-spacer\"><\/div>\n<\/div><\/div>\n","protected":false},"excerpt":{"rendered":"<p>Kunne du t\u00e6nke dig at f\u00e5 et gratis foredrag med Greenpeace? Book en greenspeaker, der kan holde et foredrag om netop det, der kunne v\u00e6re relevant for jer.<\/p>\n","protected":false},"author":45,"featured_media":51356,"parent":9,"menu_order":0,"comment_status":"closed","ping_status":"closed","template":"","meta":{"ep_exclude_from_search":false,"p4_hide_page_title_checkbox":"on","p4_title":"","p4_subtitle":"","p4_description":"","background_image_id":"","background_image":"","p4_button_title":"","p4_button_link":"","p4_button_link_checkbox":"","p4_og_title":"Foredrag med Greenpeace","p4_og_description":"<p>Kunne du t\u00e6nke dig at f\u00e5 et gratis foredrag med Greenpeace? Emnerne og mulighederne er mange - lige fra specifikke kampagneomr\u00e5der til mere generelt om kampen for at beskytte vores fantastiske planet.<\/p>","p4_og_image":"","p4_og_image_id":"","p4_seo_canonical_url":"","p4_campaign_name":"not set","p4_local_project":"not set","p4_basket_name":"not set","p4_department":"","footnotes":""},"categories":[4],"tags":[13,39],"class_list":["post-3198","page","type-page","status-publish","has-post-thumbnail","hentry","category-greenpeace","tag-omgreenpeace","tag-frivillig"],"_links":{"self":[{"href":"https:\/\/www.greenpeace.org\/denmark\/wp-json\/wp\/v2\/pages\/3198","targetHints":{"allow":["GET"]}}],"collection":[{"href":"https:\/\/www.greenpeace.org\/denmark\/wp-json\/wp\/v2\/pages"}],"about":[{"href":"https:\/\/www.greenpeace.org\/denmark\/wp-json\/wp\/v2\/types\/page"}],"author":[{"embeddable":true,"href":"https:\/\/www.greenpeace.org\/denmark\/wp-json\/wp\/v2\/users\/45"}],"replies":[{"embeddable":true,"href":"https:\/\/www.greenpeace.org\/denmark\/wp-json\/wp\/v2\/comments?post=3198"}],"version-history":[{"count":22,"href":"https:\/\/www.greenpeace.org\/denmark\/wp-json\/wp\/v2\/pages\/3198\/revisions"}],"predecessor-version":[{"id":64747,"href":"https:\/\/www.greenpeace.org\/denmark\/wp-json\/wp\/v2\/pages\/3198\/revisions\/64747"}],"up":[{"embeddable":true,"href":"https:\/\/www.greenpeace.org\/denmark\/wp-json\/wp\/v2\/pages\/9"}],"wp:featuredmedia":[{"embeddable":true,"href":"https:\/\/www.greenpeace.org\/denmark\/wp-json\/wp\/v2\/media\/51356"}],"wp:attachment":[{"href":"https:\/\/www.greenpeace.org\/denmark\/wp-json\/wp\/v2\/media?parent=3198"}],"wp:term":[{"taxonomy":"category","embeddable":true,"href":"https:\/\/www.greenpeace.org\/denmark\/wp-json\/wp\/v2\/categories?post=3198"},{"taxonomy":"post_tag","embeddable":true,"href":"https:\/\/www.greenpeace.org\/denmark\/wp-json\/wp\/v2\/tags?post=3198"}],"curies":[{"name":"wp","href":"https:\/\/api.w.org\/{rel}","templated":true}]}}