{"id":51267,"date":"2022-07-04T16:49:55","date_gmt":"2022-07-04T14:49:55","guid":{"rendered":"https:\/\/www.greenpeace.org\/denmark\/?page_id=51267"},"modified":"2026-01-15T16:15:21","modified_gmt":"2026-01-15T15:15:21","slug":"bliv-manedlig-donor-mobilepay","status":"publish","type":"page","link":"https:\/\/www.greenpeace.org\/denmark\/vaer-med\/stoet-greenpeace\/bliv-manedlig-donor-mobilepay\/","title":{"rendered":"Bliv m\u00e5nedlig donor med MobilePay"},"content":{"rendered":"\n\n<div class=\"wp-block-group alignfull has-gp-green-10-background-color has-background is-layout-flow wp-block-group-is-layout-flow\">\n<div class=\"wp-block-group container is-layout-flow wp-block-group-is-layout-flow\">\n<div class=\"wp-block-media-text alignfull has-media-on-the-right is-stacked-on-mobile is-pattern-p4-page-header is-style-parallax\"><div class=\"wp-block-media-text__content\">\n<div class=\"wp-block-group is-layout-flow wp-block-group-is-layout-flow\">\n<h1 class=\"wp-block-heading has-gp-green-10-background-color has-background\">Beskyt planeten<\/h1>\n<\/div>\n\n\n\n<p style=\"font-size:19px\">Truslerne mod vores elskede planet er mange og store, og med en klimaben\u00e6gter i Det Hvide Hus er det vigtigere end nogensinde, at vi st\u00e5r sammen. Som m\u00e5nedlig donor er du involveret i det vigtige arbejde for biodiversitet, klima, fred og retf\u00e6rdighed hver dag \u00e5ret rundt.<\/p>\n\n\n\n<p style=\"font-size:19px\"><strong>Vil du<\/strong> <strong>v\u00e6re med i bev\u00e6gelsen<\/strong> <strong>og beskytte vores elskede planet?<\/strong><\/p>\n\n\n\n<div class=\"wp-block-buttons is-layout-flex wp-block-buttons-is-layout-flex\">\n<div class=\"wp-block-button is-style-cta\"><a class=\"wp-block-button__link wp-element-button\" href=\"#donate\">Kom i gang her<\/a><\/div>\n<\/div>\n<\/div><figure class=\"wp-block-media-text__media\"><img loading=\"lazy\" decoding=\"async\" width=\"1024\" height=\"650\" src=\"https:\/\/www.greenpeace.org\/static\/planet4-denmark-stateless\/2024\/12\/4a8c131f-orangutan-borneo-1024x650.jpg\" alt=\"\" sizes=\"auto, (min-width: 601px) 50vw, 100vw\" srcset=\"https:\/\/www.greenpeace.org\/static\/planet4-denmark-stateless\/2024\/12\/4a8c131f-orangutan-borneo.jpg 1507w, https:\/\/www.greenpeace.org\/static\/planet4-denmark-stateless\/2024\/12\/4a8c131f-orangutan-borneo-300x191.jpg 300w, https:\/\/www.greenpeace.org\/static\/planet4-denmark-stateless\/2024\/12\/4a8c131f-orangutan-borneo-1024x650.jpg 1024w, https:\/\/www.greenpeace.org\/static\/planet4-denmark-stateless\/2024\/12\/4a8c131f-orangutan-borneo-768x488.jpg 768w, https:\/\/www.greenpeace.org\/static\/planet4-denmark-stateless\/2024\/12\/4a8c131f-orangutan-borneo-510x324.jpg 510w\" class=\"wp-image-63504 size-full\"\/><\/figure><\/div>\n<\/div>\n<\/div>\n\n\n<div class=\"wp-block-group has-beige-100-background-color has-background is-layout-flow wp-block-group-is-layout-flow\" style=\"padding-top:var(--wp--preset--spacing--40);padding-right:var(--wp--preset--spacing--40);padding-bottom:var(--wp--preset--spacing--40);padding-left:var(--wp--preset--spacing--40)\">\n<div style=\"height:20px\" aria-hidden=\"true\" class=\"wp-block-spacer\"><\/div>\n\n\n\n<h2 class=\"wp-block-heading has-grey-900-color has-text-color has-medium-font-size\" id=\"donate\">\ud83d\udc9a Bliv m\u00e5nedlig donor med MobilePay og beskyt planeten \ud83d\udc9a<\/h2>\n\n\n\n<style>\n.pgframe { width: 100%; opacity: 1;}\n@media only screen and (max-width: 1000px) { .pgframe { width: 100%; } } @media only screen and (min-width: 1200px) { .pgframe { margin-bottom: -3rem; } }\n<\/style>\n\n<iframe src=\"https:\/\/greenpeace-v2.paygate2.dk\/iframe\/54?campaign-code=FRAQXXDGEWBWRA1RG&#038;amount=150&#038;ty-page=https:\/\/www.greenpeace.org\/denmark\/vaer-med\/stoet-greenpeace\/bliv-manedlig-donor-mobilepay\/tak-for-dit-bidrag\/\" class=\"pgframe\" height=\"650px\" frameborder=\"0\"><\/iframe>\n\n\n\n<p class=\"has-black-color has-text-color has-link-color wp-elements-6dcc0157a514b17212c45cbac3b756eb\"><strong>MobilePay er den nemmeste m\u00e5de at blive m\u00e5nedlig donor (udfyld ovenst\u00e5ende felter)<\/strong>. Det er ogs\u00e5 muligt at bruge vores <a rel=\"noreferrer noopener\" href=\"https:\/\/stoet.greenpeace.org\/d\/bliv-manedlig-donor-1?_ga=2.207899857.234952180.1656318170-1277971218.1653982497\" data-type=\"URL\" data-id=\"https:\/\/stoet.greenpeace.org\/d\/bliv-manedlig-donor-1?_ga=2.207899857.234952180.1656318170-1277971218.1653982497\" target=\"_blank\">online betalingsform.<\/a><\/p>\n\n\n\n<p class=\"has-black-color has-text-color has-link-color wp-elements-600af214fd3521af70bafdb93c428474\" style=\"font-size:16px\">Se vilk\u00e5rene i vores donorpolitik <a href=\"https:\/\/stoet.greenpeace.org\/betingelser#qa-question-1\" data-type=\"URL\" data-id=\"https:\/\/stoet.greenpeace.org\/betingelser#qa-question-1\" target=\"_blank\" rel=\"noreferrer noopener\">her.<\/a> Vi behandler dine personlige oplysninger i henhold til vores <a href=\"https:\/\/stoet.greenpeace.org\/betingelser#qa-question-2\" data-type=\"URL\" data-id=\"https:\/\/stoet.greenpeace.org\/betingelser#qa-question-2\" target=\"_blank\" rel=\"noreferrer noopener\">persondatapolitik<\/a>.<\/p>\n\n\n\n<div style=\"height:20px\" aria-hidden=\"true\" class=\"wp-block-spacer\"><\/div>\n<\/div>\n\n<h3 class=\"wp-block-heading\">Hvorfor st\u00f8tte Greenpeace?<\/h3>\n\n<figure class=\"wp-block-embed is-type-video is-provider-youtube wp-block-embed-youtube wp-embed-aspect-16-9 wp-has-aspect-ratio\"><div class=\"wp-block-embed__wrapper\">\n<iframe loading=\"lazy\" title=\"Hvad end der skal til\" width=\"500\" height=\"281\" src=\"https:\/\/www.youtube.com\/embed\/e_Dho1RgnAY?feature=oembed\" frameborder=\"0\" allow=\"accelerometer; autoplay; clipboard-write; encrypted-media; gyroscope; picture-in-picture; web-share\" referrerpolicy=\"strict-origin-when-cross-origin\" allowfullscreen><\/iframe>\n<\/div><\/figure>\n\n<p>Din st\u00f8tte bidrager til det vigtige arbejde for verdens klima, hav og skov. I 50 \u00e5r har Greenpeace vundet sejre for klima og milj\u00f8 p\u00e5 alle kontinenter og verdenshave. Vi har afsl\u00f8ret milj\u00f8kriminalitet, udf\u00f8rt banebrydende forskning og presset nogen af verdens mest forurenende virksomheder til klimahandling.<\/p>\n\n<p>Med mennesker som dig ombord kan vi blive ved med at g\u00f8re en forskel.<\/p>\n\n<p>Greenpeace er en uafh\u00e6ngig milj\u00f8organisation. Vi modtager af princip hverken penge fra regeringer eller erhvervslivet noget sted i verden. Vores arbejde er finansieret af almindelige mennesker som dig. Det betyder, at vi st\u00e5r helt frit til at konfrontere regeringer og virksomheder, som er ansvarlige for milj\u00f8- og klima\u00f8del\u00e6ggelse.<\/p>\n\n<p>Sammen kan vi g\u00f8re dette til forandringens \u00e5rti. Frem mod 2030 arbejder vi for at:<\/p>\n\n<p>\u2705 Mindst 30 procent af land og hav er st\u00e6rkt beskyttet<br>\u2705 Globale klimagasudslip er halveret<br>\u2705 Overproduktionen af engangsplastik stopper<br>\u2705 Alle nye olie- og gasprojekter er standset, og en strategi for at stoppe brugen af fossile br\u00e6ndsler er sat i v\u00e6rk<br>\u2705 Sundhed og natur prioriteres over profit<\/p>\n\n<p>Er du med?<\/p>\n\n<div class=\"wp-block-buttons is-content-justification-space-between is-layout-flex wp-container-core-buttons-is-layout-3d213aab wp-block-buttons-is-layout-flex\">\n<div class=\"wp-block-button is-style-cta\"><a class=\"wp-block-button__link has-custom-font-size wp-element-button\" href=\"#donate\" style=\"font-size:15px\">Bliv m\u00e5nedlig donor med MobilePay<\/a><\/div>\n<\/div>\n\n<p><\/p>\n\n<h3 class=\"wp-block-heading\">Andre m\u00e5der du kan st\u00f8tte p\u00e5<\/h3>\n\n<p>1. Engangsbidrag: Giv et selvvalgt bel\u00f8b via MobilePay til nummer 91760<br>2. Engangsbidrag: Betal med bankkort <a rel=\"noreferrer noopener\" href=\"https:\/\/stoet.greenpeace.org\/d\/engangsbidrag\" data-type=\"URL\" data-id=\"https:\/\/stoet.greenpeace.org\/d\/engangsbidrag\" target=\"_blank\">her<\/a><\/p>\n\n<section class=\"block accordion-block wp-block-planet4-blocks-accordion is-style-light\"><header><h2 class=\"page-section-header\">Fire af vores sejre<\/h2><\/header><div class=\"accordion-content\"><div class=\"accordion-headline\" name=\"1995: K\u00e6mpe sejr i kampen mod dumpning af affald til s\u00f8s\">1995: K\u00e6mpe sejr i kampen mod dumpning af affald til s\u00f8s<\/div><div class=\"panel panel-hidden\"><p class=\"accordion-text\">En af de mest kendte Greenpeace-aktioner, okkuperingen af olieplatformen Brent Spar, fandt sted i Nords\u00f8en i juni 1995. Aktivister okkuperede platformen i over tre uger som en del af en verdensomsp\u00e6ndende kampagne mod Shells plan om at slippe af med platformen, inklusiv 11 tons olie, ved at dumpe den direkte ned i havet. Kampagnen var vellykket, og Shell droppede planerne.<\/p><\/div><\/div><div class=\"accordion-content\"><div class=\"accordion-headline\" name=\"2010: Greenpeace presser Nestl\u00e9 til at stoppe med regnskovs\u00f8del\u00e6ggelse\">2010: Greenpeace presser Nestl\u00e9 til at stoppe med regnskovs\u00f8del\u00e6ggelse<\/div><div class=\"panel panel-hidden\"><p class=\"accordion-text\">Den internationale virksomhed Nestl\u00e9 gik med til at stoppe med at k\u00f8be palmeolie fra producenter, som raserer den indonesiske regnskov. Afg\u00f8relsen kom efter otte uger med massivt pres fra forbrugere p\u00e5 sociale medier og gennem fredelig protest udf\u00f8rt at Greenpeace-aktivister i global kampagne mod m\u00e6rkevaren Kit Kat. <br><\/p><\/div><\/div><div class=\"accordion-content\"><div class=\"accordion-headline\" name=\"2021: Historisk dom i klimaretssag mod Shell\">2021: Historisk dom i klimaretssag mod Shell<\/div><div class=\"panel panel-hidden\"><p class=\"accordion-text\">En nederlandsk ret slog fast, at Shell skal reducere deres klimaudslip med 45 procent f\u00f8r 2030, sammenlignet med 2019-niveau. Dette er f\u00f8rste gang en stor fossilvirksomhed holdes ansvarlig for sit bidrag til klimaforandringerne og p\u00e5l\u00e6gges at reducere udslip. <\/p><\/div><\/div><div class=\"accordion-content\"><div class=\"accordion-headline\" name=\"2023: En historisk sejr for verdenshavene: FN vedtager havtraktat\">2023: En historisk sejr for verdenshavene: FN vedtager havtraktat<\/div><div class=\"panel panel-hidden\"><p class=\"accordion-text\">De store oceaner med alt hvad de indeholder af hvaler, skildpadder, \u00e5l og s\u00e6rlige leveomr\u00e5der har efter mange \u00e5rs FN-forhandlinger endelig f\u00e5et deres egen \u201cParis-aftale\u201d. Efter mere end ti \u00e5rs forhandlinger er FN-landene endelig blevet enige om en havtraktat, som fra 2030 skal beskytte biodiversiteten i mindst 30 procent af verdenshavene. Hidtil har kun v\u00e6ret 1 procent v\u00e6ret beskyttet. En k\u00e6mpe sejr for Greenpeace og den globale biodiversitet.<\/p><\/div><\/div><\/section>\n\n<section class=\"block accordion-block wp-block-planet4-blocks-accordion is-style-light\"><header><h2 class=\"page-section-header\">S\u00e5dan arbejder vi<\/h2><\/header><div class=\"accordion-content\"><div class=\"accordion-headline\" name=\"Vi dokumenterer og afsl\u00f8rer\">Vi dokumenterer og afsl\u00f8rer<\/div><div class=\"panel panel-hidden\"><p class=\"accordion-text\">Milj\u00f8forbrydelser sker ofte langt v\u00e6k fra verdens bev\u00e5genhed. En vigtig del af Greenpeaces arbejde er derfor at tage helt derud, hvor de sker, og dokumentere ved at tage satellitbilleder, filme, interviewe, udf\u00f8re feltarbejde og indsamle beviser og som verdens st\u00f8rste uafh\u00e6ngige milj\u00f8organisation kan vi ved hj\u00e6lp af medierne og vores informationskanaler hurtigt f\u00e5 oplysninger ud til millioner af mennesker verden over<\/p><\/div><\/div><div class=\"accordion-content\"><div class=\"accordion-headline\" name=\"Vi unders\u00f8ger og forsker\">Vi unders\u00f8ger og forsker<\/div><div class=\"panel panel-hidden\"><p class=\"accordion-text\">Vi baserer vores kampagnearbejde p\u00e5 videnskab og fakta. Vi samarbejder med uvildige forskere rundt om i verden og har ogs\u00e5 vores eget forskningslaboratorium p\u00e5 Exeter University I England, som leverer videnskabelig og analytisk r\u00e5dgivning til vores kampagner.<\/p><\/div><\/div><div class=\"accordion-content\"><div class=\"accordion-headline\" name=\"Vi p\u00e5virker\">Vi p\u00e5virker<\/div><div class=\"panel panel-hidden\"><p class=\"accordion-text\">Gennem vores lobbyarbejde opfordrer vi virksomheder og politiske beslutningstagere til at tage de n\u00f8dvendige skridt for at beskytte vores klima, milj\u00f8 og natur. Vi opfordrer altid til dialog og giver virksomheder og beslutningstagere mulighed for at tage ansvar og handling, inden vi begynder at l\u00e6gge pres p\u00e5 dem med offentlighedskampagner eller aktioner.<\/p><\/div><\/div><div class=\"accordion-content\"><div class=\"accordion-headline\" name=\"Vi aktionerer\">Vi aktionerer<\/div><div class=\"panel panel-hidden\"><p class=\"accordion-text\">Greenpeace har en lang tradition for fredelige aktioner. Med vores aktioner \u00f8nsker vi at fremprovokere handling fra dem, som sidder med magt og ansvar. Vores skibsfl\u00e5de g\u00f8r det muligt for os at observere og g\u00e5 i aktion mod milj\u00f8forbrydelser verden rundt, ogs\u00e5 p\u00e5 afsidesliggende steder, som er vanskelige at n\u00e5. Flere af vores aktioner har bidraget til at skabe gr\u00f8nne lov\u00e6ndringer og beskyttelse af s\u00e5rbare omr\u00e5der. Princippet om ikke-vold st\u00e5r centralt i alle vores aktioner.<\/p><\/div><\/div><\/section>\n\n<div style=\"height:32px\" aria-hidden=\"true\" class=\"wp-block-spacer\"><\/div>\n","protected":false},"excerpt":{"rendered":"<p>Bliv m\u00e5nedlig donor hos Greenpeace via MobilePay og v\u00e6r med til at bek\u00e6mpe klimaforandringerne og beskytte vores smukke planet.<\/p>\n","protected":false},"author":45,"featured_media":51207,"parent":5230,"menu_order":0,"comment_status":"closed","ping_status":"closed","template":"","meta":{"ep_exclude_from_search":false,"p4_hide_page_title_checkbox":"on","p4_title":"","p4_subtitle":"","p4_description":"","background_image_id":"","background_image":"","p4_button_title":"","p4_button_link":"","p4_button_link_checkbox":"","p4_og_title":"","p4_og_description":"","p4_og_image":"","p4_og_image_id":"","p4_seo_canonical_url":"","p4_campaign_name":"not set","p4_local_project":"not set","p4_basket_name":"not set","p4_department":"","footnotes":""},"categories":[4],"tags":[29],"class_list":["post-51267","page","type-page","status-publish","has-post-thumbnail","hentry","category-greenpeace","tag-stot-os"],"_links":{"self":[{"href":"https:\/\/www.greenpeace.org\/denmark\/wp-json\/wp\/v2\/pages\/51267","targetHints":{"allow":["GET"]}}],"collection":[{"href":"https:\/\/www.greenpeace.org\/denmark\/wp-json\/wp\/v2\/pages"}],"about":[{"href":"https:\/\/www.greenpeace.org\/denmark\/wp-json\/wp\/v2\/types\/page"}],"author":[{"embeddable":true,"href":"https:\/\/www.greenpeace.org\/denmark\/wp-json\/wp\/v2\/users\/45"}],"replies":[{"embeddable":true,"href":"https:\/\/www.greenpeace.org\/denmark\/wp-json\/wp\/v2\/comments?post=51267"}],"version-history":[{"count":19,"href":"https:\/\/www.greenpeace.org\/denmark\/wp-json\/wp\/v2\/pages\/51267\/revisions"}],"predecessor-version":[{"id":67404,"href":"https:\/\/www.greenpeace.org\/denmark\/wp-json\/wp\/v2\/pages\/51267\/revisions\/67404"}],"up":[{"embeddable":true,"href":"https:\/\/www.greenpeace.org\/denmark\/wp-json\/wp\/v2\/pages\/5230"}],"wp:featuredmedia":[{"embeddable":true,"href":"https:\/\/www.greenpeace.org\/denmark\/wp-json\/wp\/v2\/media\/51207"}],"wp:attachment":[{"href":"https:\/\/www.greenpeace.org\/denmark\/wp-json\/wp\/v2\/media?parent=51267"}],"wp:term":[{"taxonomy":"category","embeddable":true,"href":"https:\/\/www.greenpeace.org\/denmark\/wp-json\/wp\/v2\/categories?post=51267"},{"taxonomy":"post_tag","embeddable":true,"href":"https:\/\/www.greenpeace.org\/denmark\/wp-json\/wp\/v2\/tags?post=51267"}],"curies":[{"name":"wp","href":"https:\/\/api.w.org\/{rel}","templated":true}]}}