{"id":55048,"date":"2023-01-25T10:35:49","date_gmt":"2023-01-25T09:35:49","guid":{"rendered":"https:\/\/www.greenpeace.org\/denmark\/?page_id=55048"},"modified":"2023-05-23T10:58:26","modified_gmt":"2023-05-23T08:58:26","slug":"lyt-til-alle-seneste-greenpeace-podcasts-paa-spotify-og-apple-podcasts","status":"publish","type":"page","link":"https:\/\/www.greenpeace.org\/denmark\/vaer-med\/lyt-til-alle-seneste-greenpeace-podcasts-paa-spotify-og-apple-podcasts\/","title":{"rendered":"Lyt til alle seneste Greenpeace-podcasts p\u00e5 Spotify og Apple Podcasts"},"content":{"rendered":"\n<div class=\"wp-block-group alignfull mb-0 has-grey-100-background-color has-background is-layout-flow wp-block-group-is-layout-flow\" style=\"padding-top:56px;padding-bottom:56px\">\n<div class=\"wp-block-group container mb-0 is-layout-flow wp-block-group-is-layout-flow\">\n<div class=\"wp-block-media-text alignfull has-media-on-the-right is-stacked-on-mobile is-pattern-p4-page-header is-style-parallax mb-0\"><div class=\"wp-block-media-text__content\">\n<div class=\"wp-block-group is-layout-flow wp-block-group-is-layout-flow\">\n<h1 class=\"wp-block-heading has-grey-100-background-color has-background\">Lyt til vores podcasts om klima og gr\u00f8n omstilling<\/h1>\n<\/div>\n\n\n\n<p style=\"font-size:1.25rem\">Find vores seneste podcasts om klimaforandringer, dansk klimapolitik, gr\u00f8n omstilling og andre emner herunder eller i din podcastapp.<\/p>\n\n\n\n<div class=\"wp-block-buttons is-layout-flex wp-block-buttons-is-layout-flex\"><\/div>\n<\/div><figure class=\"wp-block-media-text__media\"><img loading=\"lazy\" decoding=\"async\" width=\"1024\" height=\"576\" src=\"https:\/\/www.greenpeace.org\/static\/planet4-denmark-stateless\/2022\/10\/a5dfce24-sussi-og-helene-8-1024x576.jpg\" alt=\"V\u00e6rterne p\u00e5 podcasten &quot;Temperaturtjek&quot; Helene Hegel og Sussi  Lillelund snak\" sizes=\"auto, (min-width: 601px) 50vw, 100vw\" srcset=\"https:\/\/www.greenpeace.org\/static\/planet4-denmark-stateless\/2022\/10\/a5dfce24-sussi-og-helene-8.jpg 1920w, https:\/\/www.greenpeace.org\/static\/planet4-denmark-stateless\/2022\/10\/a5dfce24-sussi-og-helene-8-300x169.jpg 300w, https:\/\/www.greenpeace.org\/static\/planet4-denmark-stateless\/2022\/10\/a5dfce24-sussi-og-helene-8-1024x576.jpg 1024w, https:\/\/www.greenpeace.org\/static\/planet4-denmark-stateless\/2022\/10\/a5dfce24-sussi-og-helene-8-768x432.jpg 768w, https:\/\/www.greenpeace.org\/static\/planet4-denmark-stateless\/2022\/10\/a5dfce24-sussi-og-helene-8-1536x864.jpg 1536w, https:\/\/www.greenpeace.org\/static\/planet4-denmark-stateless\/2022\/10\/a5dfce24-sussi-og-helene-8-510x287.jpg 510w\" class=\"wp-image-52595 size-full\"\/><\/figure><\/div>\n<\/div>\n<\/div>\n\n<div class=\"wp-block-cover alignfull has-parallax px-5 mt-0 mb-3\"><span aria-hidden=\"true\" class=\"wp-block-cover__background has-background-dim\"><\/span><div role=\"img\" class=\"wp-block-cover__image-background wp-image-51064 has-parallax\" style=\"background-position:50% 50%;background-image:url(https:\/\/www.greenpeace.org\/static\/planet4-denmark-stateless\/2022\/04\/a211bb00-gp1svdd7.jpg)\"><\/div><div class=\"wp-block-cover__inner-container is-layout-flow wp-block-cover-is-layout-flow\">\n<h2 class=\"wp-block-heading has-text-align-center has-white-color has-text-color has-large-font-size\">F\u00f8lg os i din podcastapp og bliv opdateret med de seneste episoder<\/h2>\n\n\n\n<div style=\"height:30px\" aria-hidden=\"true\" class=\"wp-block-spacer\"><\/div>\n\n\n\n<div class=\"wp-block-columns is-layout-flex wp-container-core-columns-is-layout-9d6595d7 wp-block-columns-is-layout-flex\">\n<div class=\"wp-block-column is-layout-flow wp-block-column-is-layout-flow\" style=\"flex-basis:30%\"><\/div>\n\n\n\n<div class=\"wp-block-column is-layout-flow wp-block-column-is-layout-flow\" style=\"flex-basis:20%\">\n<div class=\"wp-block-group group-stretched-link is-horizontal is-content-justification-space-between is-nowrap is-layout-flex wp-container-core-group-is-layout-b493c794 wp-block-group-is-layout-flex\">\n<h4 class=\"wp-block-heading has-text-align-right pl-3 is-style-chevron has-white-color has-text-color\"><a href=\"https:\/\/podcasts.apple.com\/lk\/podcast\/greenpeace-danmark\/id1549579568\" target=\"_blank\" rel=\"noreferrer noopener\"><img loading=\"lazy\" decoding=\"async\" width=\"45\" height=\"45\" class=\"wp-image-12982\" style=\"width: 45px;\" src=\"https:\/\/www.greenpeace.org\/static\/planet4-denmark-stateless\/2021\/04\/0ca9e7eb-apple-podcasts-icon.png\" alt=\"apple-podcasts-icon\" srcset=\"https:\/\/www.greenpeace.org\/static\/planet4-denmark-stateless\/2021\/04\/0ca9e7eb-apple-podcasts-icon.png 300w, https:\/\/www.greenpeace.org\/static\/planet4-denmark-stateless\/2021\/04\/0ca9e7eb-apple-podcasts-icon-150x150.png 150w\" sizes=\"auto, (max-width: 45px) 100vw, 45px\" \/><\/a>       <strong>Apple Podcast<\/strong><\/h4>\n<\/div>\n<\/div>\n\n\n\n<div class=\"wp-block-column is-layout-flow wp-block-column-is-layout-flow\" style=\"flex-basis:20%\">\n<div class=\"wp-block-group group-stretched-link is-horizontal is-content-justification-space-between is-nowrap is-layout-flex wp-container-core-group-is-layout-b493c794 wp-block-group-is-layout-flex\">\n<h4 class=\"wp-block-heading has-text-align-left pl-3 is-style-chevron has-white-color has-text-color\"><a href=\"https:\/\/open.spotify.com\/show\/4ef1rXuPP0em9ejF1318I0\" target=\"_blank\" rel=\"noreferrer noopener\"><img loading=\"lazy\" decoding=\"async\" width=\"40\" height=\"40\" class=\"wp-image-12981\" style=\"width: 40px;\" src=\"https:\/\/www.greenpeace.org\/static\/planet4-denmark-stateless\/2021\/04\/5d5f71a3-spotify-icon.png\" alt=\"Spotify-icon\" srcset=\"https:\/\/www.greenpeace.org\/static\/planet4-denmark-stateless\/2021\/04\/5d5f71a3-spotify-icon.png 300w, https:\/\/www.greenpeace.org\/static\/planet4-denmark-stateless\/2021\/04\/5d5f71a3-spotify-icon-150x150.png 150w\" sizes=\"auto, (max-width: 40px) 100vw, 40px\" \/><\/a>        <strong>Spotify<\/strong><\/h4>\n<\/div>\n<\/div>\n\n\n\n<div class=\"wp-block-column is-layout-flow wp-block-column-is-layout-flow\" style=\"flex-basis:30%\"><\/div>\n<\/div>\n<\/div><\/div>\n\n<div style=\"height:20px\" aria-hidden=\"true\" class=\"wp-block-spacer\"><\/div>\n\n<div class=\"wp-block-media-text alignwide has-media-on-the-right is-stacked-on-mobile my-0 py-0\"><div class=\"wp-block-media-text__content\">\n<h3 class=\"wp-block-heading\">Temperaturtjek: S\u00e5dan klarer klimaet sig i valgkampen<\/h3>\n\n\n\n<p>Under valgkampen 2022 s\u00e5 vi gr\u00f8nne valgl\u00f8fter efter i s\u00f8mmene og f\u00e6ldede klimadom over dem. <br><br><a rel=\"noreferrer noopener\" href=\"https:\/\/twitter.com\/hashtag\/temperaturtjek?ref_src=twsrc%5Etfw%7Ctwcamp%5Etweetembed%7Ctwterm%5E1582286680547266561%7Ctwgr%5E646becc07c38804e1b8b6e844b484f5441293209%7Ctwcon%5Es1_&amp;ref_url=https%3A%2F%2Fwww.greenpeace.org%2Fdenmark%2Fnyhed%2Fklimaforandringer%2Fgreenpeace-laver-temperaturtjek-paa-twitter-og-podcast-hvordan-klarer-klimaet-sig-i-valgkampen%2F&amp;src=hashtag_click\" target=\"_blank\">F\u00f8lg med p\u00e5 Twitter<\/a> eller lyt til podcasten &#8220;Temperaturtjek&#8221; p\u00e5  <img loading=\"lazy\" decoding=\"async\" width=\"20\" height=\"20\" class=\"wp-image-12981\" style=\"width: 20px;\" src=\"https:\/\/www.greenpeace.org\/static\/planet4-denmark-stateless\/2021\/04\/5d5f71a3-spotify-icon.png\" alt=\"Spotify-icon\" srcset=\"https:\/\/www.greenpeace.org\/static\/planet4-denmark-stateless\/2021\/04\/5d5f71a3-spotify-icon.png 300w, https:\/\/www.greenpeace.org\/static\/planet4-denmark-stateless\/2021\/04\/5d5f71a3-spotify-icon-150x150.png 150w\" sizes=\"auto, (max-width: 20px) 100vw, 20px\" \/> <a rel=\"noreferrer noopener\" href=\"https:\/\/open.spotify.com\/show\/3bTCi766rOVUxwF3dpdyRb\" target=\"_blank\">Spotify<\/a> og  <img loading=\"lazy\" decoding=\"async\" width=\"20\" height=\"20\" class=\"wp-image-12982\" style=\"width: 20px;\" src=\"https:\/\/www.greenpeace.org\/static\/planet4-denmark-stateless\/2021\/04\/0ca9e7eb-apple-podcasts-icon.png\" alt=\"apple-podcasts-icon\" srcset=\"https:\/\/www.greenpeace.org\/static\/planet4-denmark-stateless\/2021\/04\/0ca9e7eb-apple-podcasts-icon.png 300w, https:\/\/www.greenpeace.org\/static\/planet4-denmark-stateless\/2021\/04\/0ca9e7eb-apple-podcasts-icon-150x150.png 150w\" sizes=\"auto, (max-width: 20px) 100vw, 20px\" \/> <a rel=\"noreferrer noopener\" href=\"https:\/\/podcasts.apple.com\/dk\/podcast\/temperaturtjek-klimakrise-i-valgkampen\/id1649535654\" target=\"_blank\">Apple Podcasts<\/a>.<\/p>\n\n\n\n<div class=\"wp-block-buttons is-layout-flex wp-block-buttons-is-layout-flex\">\n<div class=\"wp-block-button is-style-secondary\"><a class=\"wp-block-button__link wp-element-button\" href=\"https:\/\/www.greenpeace.org\/denmark\/nyhed\/klimaforandringer\/greenpeace-laver-temperaturtjek-paa-twitter-og-podcast-hvordan-klarer-klimaet-sig-i-valgkampen\/\">L\u00e6s mere om podcasten her<\/a><\/div>\n<\/div>\n<\/div><figure class=\"wp-block-media-text__media\"><img loading=\"lazy\" decoding=\"async\" width=\"1024\" height=\"1024\" src=\"https:\/\/www.greenpeace.org\/static\/planet4-denmark-stateless\/2022\/10\/961065d3-temperaturtjek-grafik-1024x1024.jpg\" alt=\"\" sizes=\"auto, (min-width: 1600px) calc((1320px - 24px) \/ 2),(min-width: 1200px) calc((1140px - 24px) \/ 2),(min-width: 992px) calc((960px - 24px) \/ 2),(min-width: 768px) calc((720px - 24px) \/ 2),(min-width: 601px) calc((540px - 24px) \/ 2),(min-width: 577px) calc((540px - 24px) \/ 1), calc(100vw - 24px)\" srcset=\"https:\/\/www.greenpeace.org\/static\/planet4-denmark-stateless\/2022\/10\/961065d3-temperaturtjek-grafik.jpg 1620w, https:\/\/www.greenpeace.org\/static\/planet4-denmark-stateless\/2022\/10\/961065d3-temperaturtjek-grafik-300x300.jpg 300w, https:\/\/www.greenpeace.org\/static\/planet4-denmark-stateless\/2022\/10\/961065d3-temperaturtjek-grafik-1024x1024.jpg 1024w, https:\/\/www.greenpeace.org\/static\/planet4-denmark-stateless\/2022\/10\/961065d3-temperaturtjek-grafik-150x150.jpg 150w, https:\/\/www.greenpeace.org\/static\/planet4-denmark-stateless\/2022\/10\/961065d3-temperaturtjek-grafik-768x768.jpg 768w, https:\/\/www.greenpeace.org\/static\/planet4-denmark-stateless\/2022\/10\/961065d3-temperaturtjek-grafik-1536x1536.jpg 1536w, https:\/\/www.greenpeace.org\/static\/planet4-denmark-stateless\/2022\/10\/961065d3-temperaturtjek-grafik-1366x1366.jpg 1366w, https:\/\/www.greenpeace.org\/static\/planet4-denmark-stateless\/2022\/10\/961065d3-temperaturtjek-grafik-340x340.jpg 340w\" class=\"wp-image-52586 size-full\"\/><\/figure><\/div>\n\n<div class=\"wp-block-media-text alignwide is-stacked-on-mobile my-0 py-0\"><figure class=\"wp-block-media-text__media\"><img loading=\"lazy\" decoding=\"async\" width=\"1024\" height=\"768\" src=\"https:\/\/www.greenpeace.org\/static\/planet4-denmark-stateless\/2021\/12\/253e6280-img_1609-1024x768.jpg\" alt=\"Et af Henning Kjeldsens fart\u00f8jer i Skagen\" sizes=\"auto, (min-width: 1600px) calc((1320px - 24px) \/ 2),(min-width: 1200px) calc((1140px - 24px) \/ 2),(min-width: 992px) calc((960px - 24px) \/ 2),(min-width: 768px) calc((720px - 24px) \/ 2),(min-width: 601px) calc((540px - 24px) \/ 2),(min-width: 577px) calc((540px - 24px) \/ 1), calc(100vw - 24px)\" srcset=\"https:\/\/www.greenpeace.org\/static\/planet4-denmark-stateless\/2021\/12\/253e6280-img_1609-scaled.jpg 2560w, https:\/\/www.greenpeace.org\/static\/planet4-denmark-stateless\/2021\/12\/253e6280-img_1609-300x225.jpg 300w, https:\/\/www.greenpeace.org\/static\/planet4-denmark-stateless\/2021\/12\/253e6280-img_1609-1024x768.jpg 1024w, https:\/\/www.greenpeace.org\/static\/planet4-denmark-stateless\/2021\/12\/253e6280-img_1609-768x576.jpg 768w, https:\/\/www.greenpeace.org\/static\/planet4-denmark-stateless\/2021\/12\/253e6280-img_1609-1536x1152.jpg 1536w, https:\/\/www.greenpeace.org\/static\/planet4-denmark-stateless\/2021\/12\/253e6280-img_1609-2048x1536.jpg 2048w, https:\/\/www.greenpeace.org\/static\/planet4-denmark-stateless\/2021\/12\/253e6280-img_1609-1821x1366.jpg 1821w, https:\/\/www.greenpeace.org\/static\/planet4-denmark-stateless\/2021\/12\/253e6280-img_1609-453x340.jpg 453w\" class=\"wp-image-50045 size-full\"\/><\/figure><div class=\"wp-block-media-text__content\">\n<div style=\"height:30px\" aria-hidden=\"true\" class=\"wp-block-spacer\"><\/div>\n\n\n\n<h3 class=\"wp-block-heading\">Kvotekongernes fald<\/h3>\n\n\n\n<p>For seks \u00e5r siden afsl\u00f8rede vi i Greenpeace, hvordan en dansk storfisker brugte sin familie og venner som str\u00e5m\u00e6nd for at kunne f\u00e5 kontrol med flere fiskekvoter, end han havde ret til i f\u00f8lge loven.<\/p>\n\n\n\n<p>Vil du vide, hvordan vi gjorde? Klik p\u00e5 linket og brug en halv time p\u00e5 at h\u00f8re vores dugfriske podcast om sagen. Lyt til podcasten p\u00e5  <img loading=\"lazy\" decoding=\"async\" width=\"20\" height=\"20\" class=\"wp-image-12981\" style=\"width: 20px;\" src=\"https:\/\/www.greenpeace.org\/static\/planet4-denmark-stateless\/2021\/04\/5d5f71a3-spotify-icon.png\" alt=\"Spotify-icon\" srcset=\"https:\/\/www.greenpeace.org\/static\/planet4-denmark-stateless\/2021\/04\/5d5f71a3-spotify-icon.png 300w, https:\/\/www.greenpeace.org\/static\/planet4-denmark-stateless\/2021\/04\/5d5f71a3-spotify-icon-150x150.png 150w\" sizes=\"auto, (max-width: 20px) 100vw, 20px\" \/> <a href=\"https:\/\/open.spotify.com\/episode\/3phJsTTqOurN6j0WBGC3UP\">Spotify<\/a> og  <img loading=\"lazy\" decoding=\"async\" width=\"20\" height=\"20\" class=\"wp-image-12982\" style=\"width: 20px;\" src=\"https:\/\/www.greenpeace.org\/static\/planet4-denmark-stateless\/2021\/04\/0ca9e7eb-apple-podcasts-icon.png\" alt=\"apple-podcasts-icon\" srcset=\"https:\/\/www.greenpeace.org\/static\/planet4-denmark-stateless\/2021\/04\/0ca9e7eb-apple-podcasts-icon.png 300w, https:\/\/www.greenpeace.org\/static\/planet4-denmark-stateless\/2021\/04\/0ca9e7eb-apple-podcasts-icon-150x150.png 150w\" sizes=\"auto, (max-width: 20px) 100vw, 20px\" \/> <a href=\"https:\/\/podcasts.apple.com\/us\/podcast\/kvotekongernes-fald\/id1549579568?i=1000545266562\">Apple Podcasts<\/a>.<\/p>\n\n\n\n<div class=\"wp-block-buttons is-layout-flex wp-block-buttons-is-layout-flex\">\n<div class=\"wp-block-button is-style-secondary\"><a class=\"wp-block-button__link wp-element-button\" href=\"https:\/\/www.greenpeace.org\/denmark\/nyhed\/natur\/kvotekongernes-fald\/\">L\u00e6s mere om podcasten her<\/a><\/div>\n<\/div>\n\n\n\n<div style=\"height:30px\" aria-hidden=\"true\" class=\"wp-block-spacer\"><\/div>\n<\/div><\/div>\n\n<div class=\"wp-block-media-text alignwide has-media-on-the-right is-stacked-on-mobile is-image-fill my-0 py-0\"><div class=\"wp-block-media-text__content\">\n<div style=\"height:30px\" aria-hidden=\"true\" class=\"wp-block-spacer\"><\/div>\n\n\n\n<h3 class=\"wp-block-heading\">Greenpeace udvider klimaboblen<\/h3>\n\n\n\n<p>St\u00e5r du nogle gange og mangler et godt modsvar til de mange klimamyter, der stadig hersker derude?<\/p>\n\n\n\n<p>S\u00e5 kan vi anbefale at f\u00f8lge med i denne serie, hvor vores klima- og milj\u00f8politiske leder, Helene Hagel sammen med vores aktivismer\u00e5dgiver, Sussi Lillelund, tager fat i nyere nyheder og skyder klimamyter til jorden.<\/p>\n\n\n\n<p>Ved at tage klimasnakken med vores omgangskreds kan alle v\u00e6re med til at udvide \u201cklimaboblen\u201d \u2013 den boble, man befinder sig i, n\u00e5r man t\u00e6nker, l\u00e6ser, bekymrer sig om og handler for klimaet. Den boble skal vi have flere med ind i, og et af de f\u00f8rste skridt kan v\u00e6re at lytte til \u201cGreenpeace udvider klimaboblen\u201d.<\/p>\n\n\n\n<p>Lyt til podcasten p\u00e5  <img loading=\"lazy\" decoding=\"async\" width=\"20\" height=\"20\" class=\"wp-image-12981\" style=\"width: 20px;\" src=\"https:\/\/www.greenpeace.org\/static\/planet4-denmark-stateless\/2021\/04\/5d5f71a3-spotify-icon.png\" alt=\"Spotify-icon\" srcset=\"https:\/\/www.greenpeace.org\/static\/planet4-denmark-stateless\/2021\/04\/5d5f71a3-spotify-icon.png 300w, https:\/\/www.greenpeace.org\/static\/planet4-denmark-stateless\/2021\/04\/5d5f71a3-spotify-icon-150x150.png 150w\" sizes=\"auto, (max-width: 20px) 100vw, 20px\" \/> <a href=\"https:\/\/open.spotify.com\/show\/5vtxa9ZUKUeijcrwwPbkc2\">Spotify<\/a> og  <img loading=\"lazy\" decoding=\"async\" width=\"20\" height=\"20\" class=\"wp-image-12982\" style=\"width: 20px;\" src=\"https:\/\/www.greenpeace.org\/static\/planet4-denmark-stateless\/2021\/04\/0ca9e7eb-apple-podcasts-icon.png\" alt=\"apple-podcasts-icon\" srcset=\"https:\/\/www.greenpeace.org\/static\/planet4-denmark-stateless\/2021\/04\/0ca9e7eb-apple-podcasts-icon.png 300w, https:\/\/www.greenpeace.org\/static\/planet4-denmark-stateless\/2021\/04\/0ca9e7eb-apple-podcasts-icon-150x150.png 150w\" sizes=\"auto, (max-width: 20px) 100vw, 20px\" \/> <a href=\"https:\/\/podcasts.apple.com\/dk\/podcast\/greenpeace-udvider-klimaboblen\/id1560898258\">Apple Podcasts<\/a>.<\/p>\n\n\n\n<p><\/p>\n\n\n\n<div class=\"wp-block-buttons is-layout-flex wp-block-buttons-is-layout-flex\">\n<div class=\"wp-block-button is-style-secondary\"><a class=\"wp-block-button__link wp-element-button\" href=\"https:\/\/www.greenpeace.org\/denmark\/nyhed\/klimaforandringer\/podcast-greenpeace-udvider-klimaboblen\/\">L\u00e6s mere om podcasten her<\/a><\/div>\n<\/div>\n\n\n\n<div style=\"height:30px\" aria-hidden=\"true\" class=\"wp-block-spacer\"><\/div>\n<\/div><figure class=\"wp-block-media-text__media\" style=\"background-image:url(https:\/\/www.greenpeace.org\/static\/planet4-denmark-stateless\/2021\/04\/e89386a2-podcast-coverbillede-1024x1024.png);background-position:50% 50%\"><img loading=\"lazy\" decoding=\"async\" width=\"1024\" height=\"1024\" src=\"https:\/\/www.greenpeace.org\/static\/planet4-denmark-stateless\/2021\/04\/e89386a2-podcast-coverbillede-1024x1024.png\" alt=\"Podcast: Greenpeace udvider klimaboblen\" sizes=\"auto, (min-width: 1600px) calc((1320px - 24px) \/ 2),(min-width: 1200px) calc((1140px - 24px) \/ 2),(min-width: 992px) calc((960px - 24px) \/ 2),(min-width: 768px) calc((720px - 24px) \/ 2),(min-width: 601px) calc((540px - 24px) \/ 2),(min-width: 577px) calc((540px - 24px) \/ 1), calc(100vw - 24px)\" srcset=\"https:\/\/www.greenpeace.org\/static\/planet4-denmark-stateless\/2021\/04\/e89386a2-podcast-coverbillede.png 1400w, https:\/\/www.greenpeace.org\/static\/planet4-denmark-stateless\/2021\/04\/e89386a2-podcast-coverbillede-300x300.png 300w, https:\/\/www.greenpeace.org\/static\/planet4-denmark-stateless\/2021\/04\/e89386a2-podcast-coverbillede-1024x1024.png 1024w, https:\/\/www.greenpeace.org\/static\/planet4-denmark-stateless\/2021\/04\/e89386a2-podcast-coverbillede-150x150.png 150w, https:\/\/www.greenpeace.org\/static\/planet4-denmark-stateless\/2021\/04\/e89386a2-podcast-coverbillede-768x768.png 768w, https:\/\/www.greenpeace.org\/static\/planet4-denmark-stateless\/2021\/04\/e89386a2-podcast-coverbillede-1366x1366.png 1366w, https:\/\/www.greenpeace.org\/static\/planet4-denmark-stateless\/2021\/04\/e89386a2-podcast-coverbillede-340x340.png 340w\" class=\"wp-image-12886 size-full\"\/><\/figure><\/div>\n\n<div class=\"wp-block-media-text alignwide is-stacked-on-mobile is-image-fill my-0 py-0\"><figure class=\"wp-block-media-text__media\" style=\"background-image:url(https:\/\/www.greenpeace.org\/static\/planet4-denmark-stateless\/bda88487-img_4270-1024x683.jpg);background-position:50% 50%\"><img loading=\"lazy\" decoding=\"async\" width=\"1024\" height=\"683\" src=\"https:\/\/www.greenpeace.org\/static\/planet4-denmark-stateless\/bda88487-img_4270-1024x683.jpg\" alt=\"\" sizes=\"auto, (min-width: 1600px) calc((1320px - 24px) \/ 2),(min-width: 1200px) calc((1140px - 24px) \/ 2),(min-width: 992px) calc((960px - 24px) \/ 2),(min-width: 768px) calc((720px - 24px) \/ 2),(min-width: 601px) calc((540px - 24px) \/ 2),(min-width: 577px) calc((540px - 24px) \/ 1), calc(100vw - 24px)\" srcset=\"\" class=\"wp-image-12271 size-full\"\/><\/figure><div class=\"wp-block-media-text__content\">\n<div style=\"height:30px\" aria-hidden=\"true\" class=\"wp-block-spacer\"><\/div>\n\n\n\n<h3 class=\"wp-block-heading\"><strong>Rejsen mod et gr\u00f8nt Danmark<\/strong><\/h3>\n\n\n\n<p>En sand klimahelt, der har v\u00e6ret med helt fra klimakampens begyndelsen, fort\u00e6ller om tre af de mest afg\u00f8rende \u00f8jeblikke i dansk klimapolitik. Nej tak til atomkraft, nej tak til ny kulkraft og ja til en historisk klimalov. Til slut udpeger han den st\u00f8rste kamp, der stadig venter forude.<\/p>\n\n\n\n<p>Emma Oehlenschl\u00e4ger interviewer Tarjei Haaland. Indspillet og produceret af Joel Gj\u00e6rsb\u00f8l.<\/p>\n\n\n\n<p>Lyt til podcasten p\u00e5  <img loading=\"lazy\" decoding=\"async\" width=\"20\" height=\"20\" class=\"wp-image-12981\" style=\"width: 20px;\" src=\"https:\/\/www.greenpeace.org\/static\/planet4-denmark-stateless\/2021\/04\/5d5f71a3-spotify-icon.png\" alt=\"Spotify-icon\" srcset=\"https:\/\/www.greenpeace.org\/static\/planet4-denmark-stateless\/2021\/04\/5d5f71a3-spotify-icon.png 300w, https:\/\/www.greenpeace.org\/static\/planet4-denmark-stateless\/2021\/04\/5d5f71a3-spotify-icon-150x150.png 150w\" sizes=\"auto, (max-width: 20px) 100vw, 20px\" \/> <a href=\"https:\/\/open.spotify.com\/episode\/6PVAsYIPGoVzDRKYPULhoi\">Spotify<\/a> og  <img loading=\"lazy\" decoding=\"async\" width=\"20\" height=\"20\" class=\"wp-image-12982\" style=\"width: 20px;\" src=\"https:\/\/www.greenpeace.org\/static\/planet4-denmark-stateless\/2021\/04\/0ca9e7eb-apple-podcasts-icon.png\" alt=\"apple-podcasts-icon\" srcset=\"https:\/\/www.greenpeace.org\/static\/planet4-denmark-stateless\/2021\/04\/0ca9e7eb-apple-podcasts-icon.png 300w, https:\/\/www.greenpeace.org\/static\/planet4-denmark-stateless\/2021\/04\/0ca9e7eb-apple-podcasts-icon-150x150.png 150w\" sizes=\"auto, (max-width: 20px) 100vw, 20px\" \/> <a href=\"https:\/\/podcasts.apple.com\/lk\/podcast\/rejsen-mod-et-gr%C3%B8nt-danmark\/id1549579568?i=1000505688376\">Apple Podcasts<\/a>.<\/p>\n\n\n\n<div class=\"wp-block-buttons is-layout-flex wp-block-buttons-is-layout-flex\">\n<div class=\"wp-block-button is-style-secondary\"><a class=\"wp-block-button__link wp-element-button\" href=\"https:\/\/www.greenpeace.org\/denmark\/nyhed\/klimaforandringer\/podcast-rejsen-mod-et-groent-danmark\/\">L\u00e6s mere om podcasten her<\/a><\/div>\n<\/div>\n\n\n\n<div style=\"height:30px\" aria-hidden=\"true\" class=\"wp-block-spacer\"><\/div>\n<\/div><\/div>\n\n<div style=\"height:20px\" aria-hidden=\"true\" class=\"wp-block-spacer\"><\/div>\n\n<div style=\"height:20px\" aria-hidden=\"true\" class=\"wp-block-spacer\"><\/div>\n\n<p><\/p>\n\n<p><\/p>\n","protected":false},"excerpt":{"rendered":"<p>F\u00f8lg de seneste afsnit af vores podcasts om klimaforandringer, Danmarks klimapolitik og gr\u00f8nne omstilling og andre emner med vores klimahelte og deres g\u00e6ster.<\/p>\n","protected":false},"author":45,"featured_media":52595,"parent":9,"menu_order":0,"comment_status":"closed","ping_status":"closed","template":"","meta":{"ep_exclude_from_search":false,"p4_hide_page_title_checkbox":"on","p4_title":"","p4_subtitle":"","p4_description":"","background_image_id":"","background_image":"","p4_button_title":"","p4_button_link":"","p4_button_link_checkbox":"","p4_og_title":"","p4_og_description":"","p4_og_image":"","p4_og_image_id":"","p4_seo_canonical_url":"","p4_campaign_name":"not set","p4_local_project":"not set","p4_basket_name":"not set","p4_department":"","footnotes":""},"categories":[4,1],"tags":[25,49,60,62,65,54,13,19,21,30],"class_list":["post-55048","page","type-page","status-publish","has-post-thumbnail","hentry","category-greenpeace","category-klimaforandringer","tag-klimalosninger","tag-energilosninger","tag-finans","tag-fremtidenslandbrug","tag-okologi","tag-vildnaturidanmark","tag-omgreenpeace","tag-fossilenergi","tag-forbrug","tag-aktivisme"],"_links":{"self":[{"href":"https:\/\/www.greenpeace.org\/denmark\/wp-json\/wp\/v2\/pages\/55048","targetHints":{"allow":["GET"]}}],"collection":[{"href":"https:\/\/www.greenpeace.org\/denmark\/wp-json\/wp\/v2\/pages"}],"about":[{"href":"https:\/\/www.greenpeace.org\/denmark\/wp-json\/wp\/v2\/types\/page"}],"author":[{"embeddable":true,"href":"https:\/\/www.greenpeace.org\/denmark\/wp-json\/wp\/v2\/users\/45"}],"replies":[{"embeddable":true,"href":"https:\/\/www.greenpeace.org\/denmark\/wp-json\/wp\/v2\/comments?post=55048"}],"version-history":[{"count":20,"href":"https:\/\/www.greenpeace.org\/denmark\/wp-json\/wp\/v2\/pages\/55048\/revisions"}],"predecessor-version":[{"id":56395,"href":"https:\/\/www.greenpeace.org\/denmark\/wp-json\/wp\/v2\/pages\/55048\/revisions\/56395"}],"up":[{"embeddable":true,"href":"https:\/\/www.greenpeace.org\/denmark\/wp-json\/wp\/v2\/pages\/9"}],"wp:featuredmedia":[{"embeddable":true,"href":"https:\/\/www.greenpeace.org\/denmark\/wp-json\/wp\/v2\/media\/52595"}],"wp:attachment":[{"href":"https:\/\/www.greenpeace.org\/denmark\/wp-json\/wp\/v2\/media?parent=55048"}],"wp:term":[{"taxonomy":"category","embeddable":true,"href":"https:\/\/www.greenpeace.org\/denmark\/wp-json\/wp\/v2\/categories?post=55048"},{"taxonomy":"post_tag","embeddable":true,"href":"https:\/\/www.greenpeace.org\/denmark\/wp-json\/wp\/v2\/tags?post=55048"}],"curies":[{"name":"wp","href":"https:\/\/api.w.org\/{rel}","templated":true}]}}