{"id":56706,"date":"2023-06-21T16:30:55","date_gmt":"2023-06-21T14:30:55","guid":{"rendered":"https:\/\/www.greenpeace.org\/denmark\/?page_id=56706"},"modified":"2025-07-31T16:58:54","modified_gmt":"2025-07-31T14:58:54","slug":"bliv-maanedlig-donor-med-mobilepay-beskyt-skoven","status":"publish","type":"page","link":"https:\/\/www.greenpeace.org\/denmark\/vaer-med\/stoet-greenpeace\/bliv-maanedlig-donor-med-mobilepay-beskyt-skoven\/","title":{"rendered":"Bliv m\u00e5nedlig donor med MobilePay &#8211; Beskyt skoven"},"content":{"rendered":"\n\n<div class=\"wp-block-group alignfull is-layout-flow wp-block-group-is-layout-flow\">\n<div class=\"wp-block-group container is-layout-flow wp-block-group-is-layout-flow\">\n<div class=\"wp-block-media-text alignfull has-media-on-the-right is-stacked-on-mobile is-pattern-p4-page-header is-style-parallax\"><div class=\"wp-block-media-text__content\">\n<div class=\"wp-block-group is-layout-flow wp-block-group-is-layout-flow\">\n<h1 class=\"wp-block-heading has-white-background-color has-background\">\n                            Beskyt skoven\n                        <\/h1>\n<\/div>\n\n\n\n<p style=\"font-size:1.25rem\"><b>Vi har allerede mistet 97 procent af Europas oprindelige skove. Alligevel bliver virksomheder ved med at \u00f8del\u00e6gge dem.<\/b><\/p>\n\n\n\n<p style=\"font-size:1.25rem\">Uden skove kan vi ikke bremse klimakrisen, og vi vil miste arter for altid. St\u00e5 op mod gr\u00e5dige virksomheder, som s\u00e6tter skovenes og vores egen fremtid p\u00e5 spil for kortsigtet profit. St\u00f8t vores efterforskningsarbejde: <b>Bliv m\u00e5nedlig donor i dag med MobilePay:&nbsp;<\/b><\/p>\n<\/div><figure class=\"wp-block-media-text__media\"><img loading=\"lazy\" decoding=\"async\" width=\"1024\" height=\"684\" src=\"https:\/\/www.greenpeace.org\/static\/planet4-denmark-stateless\/2025\/07\/3dc3b129-brown-bear-in-sweden-1024x684.jpg\" alt=\"\" sizes=\"auto, (min-width: 601px) 50vw, 100vw\" srcset=\"https:\/\/www.greenpeace.org\/static\/planet4-denmark-stateless\/2025\/07\/3dc3b129-brown-bear-in-sweden.jpg 1200w, https:\/\/www.greenpeace.org\/static\/planet4-denmark-stateless\/2025\/07\/3dc3b129-brown-bear-in-sweden-300x200.jpg 300w, https:\/\/www.greenpeace.org\/static\/planet4-denmark-stateless\/2025\/07\/3dc3b129-brown-bear-in-sweden-1024x684.jpg 1024w, https:\/\/www.greenpeace.org\/static\/planet4-denmark-stateless\/2025\/07\/3dc3b129-brown-bear-in-sweden-768x513.jpg 768w, https:\/\/www.greenpeace.org\/static\/planet4-denmark-stateless\/2025\/07\/3dc3b129-brown-bear-in-sweden-510x340.jpg 510w\" class=\"wp-image-66211 size-full\"\/><\/figure><\/div>\n<\/div>\n<\/div>\n\n\n<style>\n.pgframe { width: 100%; opacity: 1;}\n@media only screen and (max-width: 1000px) { .pgframe { width: 100%; } } @media only screen and (min-width: 1200px) { .pgframe { margin-bottom: -3rem; } }\n<\/style>\n\n<iframe src=\"https:\/\/greenpeace-v2.paygate2.dk\/iframe\/54?campaign-code=FRAQXXDFOWBWRA1RG&#038;amount=100&#038;ty-page=https:\/\/www.greenpeace.org\/denmark\/vaer-med\/stoet-greenpeace\/bliv-manedlig-donor-mobilepay\/tak-for-dit-bidrag\/\" height=\"700px\" frameborder=\"0\" class=\"pgframe\"><\/iframe>\n\n<p><strong>MobilePay er den nemmeste m\u00e5de at blive m\u00e5nedlig donor (udfyld ovenst\u00e5ende felter)<\/strong>. Det er ogs\u00e5 muligt at bruge vores <a rel=\"noreferrer noopener\" href=\"https:\/\/stoet.greenpeace.org\/d\/bliv-manedlig-donor-1?_ga=2.207899857.234952180.1656318170-1277971218.1653982497\" data-type=\"URL\" data-id=\"https:\/\/stoet.greenpeace.org\/d\/bliv-manedlig-donor-1?_ga=2.207899857.234952180.1656318170-1277971218.1653982497\" target=\"_blank\">online betalingsform.<\/a><\/p>\n\n<p>Se vilk\u00e5rene i vores donorpolitik <a rel=\"noreferrer noopener\" href=\"https:\/\/stoet.greenpeace.org\/betingelser#qa-question-1\" data-type=\"URL\" data-id=\"https:\/\/stoet.greenpeace.org\/betingelser#qa-question-1\" target=\"_blank\">her.<\/a> Vi behandler dine personlige oplysninger i henhold til vores <a rel=\"noreferrer noopener\" href=\"https:\/\/stoet.greenpeace.org\/betingelser#qa-question-2\" data-type=\"URL\" data-id=\"https:\/\/stoet.greenpeace.org\/betingelser#qa-question-2\" target=\"_blank\">persondatapolitik<\/a>.<\/p>\n\n<div class=\"wp-block-media-text alignwide is-stacked-on-mobile\"><figure class=\"wp-block-media-text__media\"><img loading=\"lazy\" decoding=\"async\" width=\"800\" height=\"533\" src=\"https:\/\/www.greenpeace.org\/static\/planet4-denmark-stateless\/2023\/06\/7e67378d-gp1swxg2_web_size_with_credit_line.jpg\" alt=\"\" sizes=\"auto, (min-width: 1600px) calc((1320px - 24px) \/ 2),(min-width: 1200px) calc((1140px - 24px) \/ 2),(min-width: 992px) calc((960px - 24px) \/ 2),(min-width: 768px) calc((720px - 24px) \/ 2),(min-width: 601px) calc((540px - 24px) \/ 2),(min-width: 577px) calc((540px - 24px) \/ 1), calc(100vw - 24px)\" srcset=\"https:\/\/www.greenpeace.org\/static\/planet4-denmark-stateless\/2023\/06\/7e67378d-gp1swxg2_web_size_with_credit_line.jpg 800w, https:\/\/www.greenpeace.org\/static\/planet4-denmark-stateless\/2023\/06\/7e67378d-gp1swxg2_web_size_with_credit_line-300x200.jpg 300w, https:\/\/www.greenpeace.org\/static\/planet4-denmark-stateless\/2023\/06\/7e67378d-gp1swxg2_web_size_with_credit_line-768x512.jpg 768w, https:\/\/www.greenpeace.org\/static\/planet4-denmark-stateless\/2023\/06\/7e67378d-gp1swxg2_web_size_with_credit_line-510x340.jpg 510w\" class=\"wp-image-56709 size-full\"\/><\/figure><div class=\"wp-block-media-text__content\">\n<h2 class=\"wp-block-heading\">Sammen beskytter vi skoven <\/h2>\n\n\n\n<hr class=\"wp-block-separator has-alpha-channel-opacity\"\/>\n\n\n\n<h3 class=\"wp-block-heading\"><strong>Din st\u00f8tte g\u00e5r til at:<\/strong><\/h3>\n\n\n\n<hr class=\"wp-block-separator has-alpha-channel-opacity\"\/>\n\n\n\n<p>\u2705&nbsp;Dokumentere milj\u00f8trusler<\/p>\n\n\n\n<p><\/p>\n\n\n\n<p><strong>\u2705<\/strong> Lave uafh\u00e6ngig forskning<\/p>\n\n\n\n<p><\/p>\n\n\n\n<p>\u2705 P\u00e5virke og s\u00e6tte pres p\u00e5 beslutningstagere<\/p>\n\n\n\n<p><\/p>\n\n\n\n<p><strong>\u2705 <\/strong>Pr\u00e6sentere holdbare l\u00f8sninger<\/p>\n\n\n\n<p><strong>\u2705<\/strong> G\u00e5 fra ord til handling gennem aktioner<\/p>\n<\/div><\/div>\n\n<div style=\"height:29px\" aria-hidden=\"true\" class=\"wp-block-spacer\"><\/div>\n\n<h2 class=\"wp-block-heading\">Hvorfor st\u00f8tte Greenpeace?<\/h2>\n\n<figure class=\"wp-block-embed is-type-video is-provider-youtube wp-block-embed-youtube wp-embed-aspect-16-9 wp-has-aspect-ratio\"><div class=\"wp-block-embed__wrapper\">\n<iframe loading=\"lazy\" title=\"Hvad end der skal til\" width=\"500\" height=\"281\" src=\"https:\/\/www.youtube.com\/embed\/e_Dho1RgnAY?feature=oembed\" frameborder=\"0\" allow=\"accelerometer; autoplay; clipboard-write; encrypted-media; gyroscope; picture-in-picture; web-share\" referrerpolicy=\"strict-origin-when-cross-origin\" allowfullscreen><\/iframe>\n<\/div><\/figure>\n\n<p>Din st\u00f8tte bidrager til det vigtige arbejde for verdens klima, hav og skov. I 50 \u00e5r har Greenpeace vundet sejre for klima og milj\u00f8 p\u00e5 alle kontinenter og verdenshave. Vi har afsl\u00f8ret milj\u00f8kriminalitet, udf\u00f8rt banebrydende forskning og presset nogen af verdens mest forurenende virksomheder til klimahandling.<\/p>\n\n<p>Med mennesker som dig ombord kan vi blive ved med at g\u00f8re en forskel.<\/p>\n\n<p>Greenpeace er en uafh\u00e6ngig milj\u00f8organisation. Vi modtager af princip hverken penge fra regeringer eller erhvervslivet noget sted i verden. Vores arbejde er finansieret af almindelige mennesker som dig. Det betyder, at vi st\u00e5r helt frit til at konfrontere regeringer og virksomheder, som er ansvarlige for milj\u00f8- og klima\u00f8del\u00e6ggelse.<\/p>\n\n<div style=\"height:40px\" aria-hidden=\"true\" class=\"wp-block-spacer\"><\/div>\n\n<div class=\"wp-block-columns is-layout-flex wp-container-core-columns-is-layout-9d6595d7 wp-block-columns-is-layout-flex\">\n<div class=\"wp-block-column is-style-large-padding has-grey-100-background-color has-background is-layout-flow wp-block-column-is-layout-flow\" style=\"flex-basis:50%\">\n<h4 class=\"wp-block-heading\">Sammen kan vi g\u00f8re dette til forandringens \u00e5rti. Frem mod 2030 arbejder vi for at:<\/h4>\n\n\n\n<p><img loading=\"lazy\" decoding=\"async\" width=\"17\" height=\"17\" src=\"https:\/\/lh4.googleusercontent.com\/BQMCYYO1oZva6oL_MADB84xzuz0Xz9PpNy298L7G1wiCJodsgGPuUzDHr_VsgOmQSQLA05lBUqLAkWv4YZ8kvU3a6IR1Vx_4Pl9ni4HdyJy7Jy0MXdlJw3t_Uq6PJFpf7H5UtBubzvplWkTMFKuJ2A\" alt=\"\u2705\"> Mindst 30 procent af land og hav er st\u00e6rkt beskyttet<br><img loading=\"lazy\" decoding=\"async\" width=\"17\" height=\"17\" src=\"https:\/\/lh4.googleusercontent.com\/BQMCYYO1oZva6oL_MADB84xzuz0Xz9PpNy298L7G1wiCJodsgGPuUzDHr_VsgOmQSQLA05lBUqLAkWv4YZ8kvU3a6IR1Vx_4Pl9ni4HdyJy7Jy0MXdlJw3t_Uq6PJFpf7H5UtBubzvplWkTMFKuJ2A\" alt=\"\u2705\"> Globale klimagasudslip er halveret<br><img loading=\"lazy\" decoding=\"async\" width=\"17\" height=\"17\" src=\"https:\/\/lh4.googleusercontent.com\/BQMCYYO1oZva6oL_MADB84xzuz0Xz9PpNy298L7G1wiCJodsgGPuUzDHr_VsgOmQSQLA05lBUqLAkWv4YZ8kvU3a6IR1Vx_4Pl9ni4HdyJy7Jy0MXdlJw3t_Uq6PJFpf7H5UtBubzvplWkTMFKuJ2A\" alt=\"\u2705\"> Overproduktionen af engangsplastik stopper<br><img loading=\"lazy\" decoding=\"async\" width=\"17\" height=\"17\" src=\"https:\/\/lh4.googleusercontent.com\/BQMCYYO1oZva6oL_MADB84xzuz0Xz9PpNy298L7G1wiCJodsgGPuUzDHr_VsgOmQSQLA05lBUqLAkWv4YZ8kvU3a6IR1Vx_4Pl9ni4HdyJy7Jy0MXdlJw3t_Uq6PJFpf7H5UtBubzvplWkTMFKuJ2A\" alt=\"\u2705\"> Alle nye olie- og gasprojekter er standset, og en strategi for at stoppe brugen af fossile br\u00e6ndsler er sat i v\u00e6rk<br><img loading=\"lazy\" decoding=\"async\" width=\"17\" height=\"17\" src=\"https:\/\/lh4.googleusercontent.com\/BQMCYYO1oZva6oL_MADB84xzuz0Xz9PpNy298L7G1wiCJodsgGPuUzDHr_VsgOmQSQLA05lBUqLAkWv4YZ8kvU3a6IR1Vx_4Pl9ni4HdyJy7Jy0MXdlJw3t_Uq6PJFpf7H5UtBubzvplWkTMFKuJ2A\" alt=\"\u2705\"> Sundhed og natur prioriteres over profit<\/p>\n<\/div>\n\n\n\n<div class=\"wp-block-column is-style-large-padding has-white-background-color has-background is-layout-flow wp-block-column-is-layout-flow\" style=\"flex-basis:66.68%\">\n<h3 class=\"wp-block-heading has-text-align-center\">Er du med?<\/h3>\n\n\n\n<div style=\"height:10px\" aria-hidden=\"true\" class=\"wp-block-spacer\"><\/div>\n\n\n\n<div class=\"wp-block-buttons is-content-justification-center is-layout-flex wp-container-core-buttons-is-layout-16018d1d wp-block-buttons-is-layout-flex\">\n<div class=\"wp-block-button is-style-cta\"><a class=\"wp-block-button__link has-custom-font-size wp-element-button\" href=\"#donate\" style=\"font-size:15px\">Bliv m\u00e5nedlig donor med MobilePay<\/a><\/div>\n<\/div>\n\n\n\n<div style=\"height:40px\" aria-hidden=\"true\" class=\"wp-block-spacer\"><\/div>\n\n\n\n<p class=\"has-text-align-center\">Andre m\u00e5der du kan st\u00f8tte p\u00e5:<\/p>\n\n\n\n<p class=\"has-text-align-center\">1. Engangsbidrag: Giv et selvvalgt bel\u00f8b via MobilePay til nummer 91760<br>2. Engangsbidrag: Betal med bankkort <a rel=\"noreferrer noopener\" href=\"https:\/\/stoet.greenpeace.org\/d\/engangsbidrag\" data-type=\"URL\" data-id=\"https:\/\/stoet.greenpeace.org\/d\/engangsbidrag\" target=\"_blank\">her<\/a><\/p>\n<\/div>\n<\/div>\n\n<div style=\"height:20px\" aria-hidden=\"true\" class=\"wp-block-spacer\"><\/div>\n\n<section class=\"block accordion-block wp-block-planet4-blocks-accordion is-style-light\"><header><h2 class=\"page-section-header\">Fire af vores sejre<\/h2><\/header><div class=\"accordion-content\"><div class=\"accordion-headline\" name=\"1995: K\u00e6mpe sejr i kampen mod dumpning af affald til s\u00f8s\">1995: K\u00e6mpe sejr i kampen mod dumpning af affald til s\u00f8s<\/div><div class=\"panel panel-hidden\"><p class=\"accordion-text\">En af de mest kendte Greenpeace-aktioner, okkuperingen af olieplatformen Brent Spar, fandt sted i Nords\u00f8en i juni 1995. Aktivister okkuperede platformen i over tre uger som en del af en verdensomsp\u00e6ndende kampagne mod Shells plan om at slippe af med platformen, inklusiv 11 tons olie, ved at dumpe den direkte ned i havet. Kampagnen var vellykket, og Shell droppede planerne.<\/p><\/div><\/div><div class=\"accordion-content\"><div class=\"accordion-headline\" name=\"2010: Greenpeace presser Nestl\u00e9 til at stoppe med regnskovs\u00f8del\u00e6ggelse\">2010: Greenpeace presser Nestl\u00e9 til at stoppe med regnskovs\u00f8del\u00e6ggelse<\/div><div class=\"panel panel-hidden\"><p class=\"accordion-text\">Den internationale virksomhed Nestl\u00e9 gik med til at stoppe med at k\u00f8be palmeolie fra producenter, som raserer den indonesiske regnskov. Afg\u00f8relsen kom efter otte uger med massivt pres fra forbrugere p\u00e5 sociale medier og gennem fredelig protest udf\u00f8rt at Greenpeace-aktivister i global kampagne mod m\u00e6rkevaren Kit Kat. <br><\/p><\/div><\/div><div class=\"accordion-content\"><div class=\"accordion-headline\" name=\"2021: Historisk dom i klimaretssag mod Shell\">2021: Historisk dom i klimaretssag mod Shell<\/div><div class=\"panel panel-hidden\"><p class=\"accordion-text\">En nederlandsk ret slog fast, at Shell skal reducere deres klimaudslip med 45 procent f\u00f8r 2030, sammenlignet med 2019-niveau. Dette er f\u00f8rste gang en stor fossilvirksomhed holdes ansvarlig for sit bidrag til klimaforandringerne og p\u00e5l\u00e6gges at reducere udslip. <\/p><\/div><\/div><div class=\"accordion-content\"><div class=\"accordion-headline\" name=\"2023: En historisk sejr for verdenshavene: FN vedtager havtraktat\">2023: En historisk sejr for verdenshavene: FN vedtager havtraktat<\/div><div class=\"panel panel-hidden\"><p class=\"accordion-text\">De store oceaner med alt hvad de indeholder af hvaler, skildpadder, \u00e5l og s\u00e6rlige leveomr\u00e5der har efter mange \u00e5rs FN-forhandlinger endelig f\u00e5et deres egen \u201cParis-aftale\u201d. Efter mere end ti \u00e5rs forhandlinger er FN-landene endelig blevet enige om en havtraktat, som fra 2030 skal beskytte biodiversiteten i mindst 30 procent af verdenshavene. Hidtil har kun v\u00e6ret 1 procent v\u00e6ret beskyttet. En k\u00e6mpe sejr for Greenpeace og den globale biodiversitet.<\/p><\/div><\/div><\/section>\n\n<section class=\"block accordion-block wp-block-planet4-blocks-accordion is-style-light\"><header><h2 class=\"page-section-header\">S\u00e5dan arbejder vi<\/h2><\/header><div class=\"accordion-content\"><div class=\"accordion-headline\" name=\"Vi dokumenterer og afsl\u00f8rer\">Vi dokumenterer og afsl\u00f8rer<\/div><div class=\"panel panel-hidden\"><p class=\"accordion-text\">Milj\u00f8forbrydelser sker ofte langt v\u00e6k fra verdens bev\u00e5genhed. En vigtig del af Greenpeaces arbejde er derfor at tage helt derud, hvor de sker, og dokumentere ved at tage satellitbilleder, filme, interviewe, udf\u00f8re feltarbejde og indsamle beviser og som verdens st\u00f8rste uafh\u00e6ngige milj\u00f8organisation kan vi ved hj\u00e6lp af medierne og vores informationskanaler hurtigt f\u00e5 oplysninger ud til millioner af mennesker verden over<\/p><\/div><\/div><div class=\"accordion-content\"><div class=\"accordion-headline\" name=\"Vi unders\u00f8ger og forsker\">Vi unders\u00f8ger og forsker<\/div><div class=\"panel panel-hidden\"><p class=\"accordion-text\">Vi baserer vores kampagnearbejde p\u00e5 videnskab og fakta. Vi samarbejder med uvildige forskere rundt om i verden og har ogs\u00e5 vores eget forskningslaboratorium p\u00e5 Exeter University I England, som leverer videnskabelig og analytisk r\u00e5dgivning til vores kampagner.<\/p><\/div><\/div><div class=\"accordion-content\"><div class=\"accordion-headline\" name=\"Vi p\u00e5virker\">Vi p\u00e5virker<\/div><div class=\"panel panel-hidden\"><p class=\"accordion-text\">Gennem vores lobbyarbejde opfordrer vi virksomheder og politiske beslutningstagere til at tage de n\u00f8dvendige skridt for at beskytte vores klima, milj\u00f8 og natur. Vi opfordrer altid til dialog og giver virksomheder og beslutningstagere mulighed for at tage ansvar og handling, inden vi begynder at l\u00e6gge pres p\u00e5 dem med offentlighedskampagner eller aktioner.<\/p><\/div><\/div><div class=\"accordion-content\"><div class=\"accordion-headline\" name=\"Vi aktionerer\">Vi aktionerer<\/div><div class=\"panel panel-hidden\"><p class=\"accordion-text\">Greenpeace har en lang tradition for fredelige aktioner. Med vores aktioner \u00f8nsker vi at fremprovokere handling fra dem, som sidder med magt og ansvar. Vores skibsfl\u00e5de g\u00f8r det muligt for os at observere og g\u00e5 i aktion mod milj\u00f8forbrydelser verden rundt, ogs\u00e5 p\u00e5 afsidesliggende steder, som er vanskelige at n\u00e5. Flere af vores aktioner har bidraget til at skabe gr\u00f8nne lov\u00e6ndringer og beskyttelse af s\u00e5rbare omr\u00e5der. Princippet om ikke-vold st\u00e5r centralt i alle vores aktioner.<\/p><\/div><\/div><\/section>\n\n<div style=\"height:32px\" aria-hidden=\"true\" class=\"wp-block-spacer\"><\/div>\n","protected":false},"excerpt":{"rendered":"<p>Bliv m\u00e5nedlig donor hos Greenpeace via MobilePay og v\u00e6r med til at redde vores smukke skove og deres fantastiske dyr. <\/p>\n","protected":false},"author":93,"featured_media":56750,"parent":5230,"menu_order":0,"comment_status":"closed","ping_status":"closed","template":"","meta":{"ep_exclude_from_search":false,"p4_hide_page_title_checkbox":"on","p4_title":"","p4_subtitle":"","p4_description":"","background_image_id":"","background_image":"","p4_button_title":"","p4_button_link":"","p4_button_link_checkbox":"","p4_og_title":"","p4_og_description":"","p4_og_image":"","p4_og_image_id":"","p4_seo_canonical_url":"https:\/\/www.greenpeace.org\/denmark\/vaer-med\/stoet-greenpeace\/bliv-manedlig-donor-mobilepay\/","p4_campaign_name":"not set","p4_local_project":"not set","p4_basket_name":"not set","p4_department":"","footnotes":""},"categories":[],"tags":[],"class_list":["post-56706","page","type-page","status-publish","has-post-thumbnail","hentry"],"_links":{"self":[{"href":"https:\/\/www.greenpeace.org\/denmark\/wp-json\/wp\/v2\/pages\/56706","targetHints":{"allow":["GET"]}}],"collection":[{"href":"https:\/\/www.greenpeace.org\/denmark\/wp-json\/wp\/v2\/pages"}],"about":[{"href":"https:\/\/www.greenpeace.org\/denmark\/wp-json\/wp\/v2\/types\/page"}],"author":[{"embeddable":true,"href":"https:\/\/www.greenpeace.org\/denmark\/wp-json\/wp\/v2\/users\/93"}],"replies":[{"embeddable":true,"href":"https:\/\/www.greenpeace.org\/denmark\/wp-json\/wp\/v2\/comments?post=56706"}],"version-history":[{"count":21,"href":"https:\/\/www.greenpeace.org\/denmark\/wp-json\/wp\/v2\/pages\/56706\/revisions"}],"predecessor-version":[{"id":66213,"href":"https:\/\/www.greenpeace.org\/denmark\/wp-json\/wp\/v2\/pages\/56706\/revisions\/66213"}],"up":[{"embeddable":true,"href":"https:\/\/www.greenpeace.org\/denmark\/wp-json\/wp\/v2\/pages\/5230"}],"wp:featuredmedia":[{"embeddable":true,"href":"https:\/\/www.greenpeace.org\/denmark\/wp-json\/wp\/v2\/media\/56750"}],"wp:attachment":[{"href":"https:\/\/www.greenpeace.org\/denmark\/wp-json\/wp\/v2\/media?parent=56706"}],"wp:term":[{"taxonomy":"category","embeddable":true,"href":"https:\/\/www.greenpeace.org\/denmark\/wp-json\/wp\/v2\/categories?post=56706"},{"taxonomy":"post_tag","embeddable":true,"href":"https:\/\/www.greenpeace.org\/denmark\/wp-json\/wp\/v2\/tags?post=56706"}],"curies":[{"name":"wp","href":"https:\/\/api.w.org\/{rel}","templated":true}]}}