{"id":57362,"date":"2023-07-11T14:00:22","date_gmt":"2023-07-11T12:00:22","guid":{"rendered":"https:\/\/www.greenpeace.org\/denmark\/?page_id=57362"},"modified":"2026-03-12T11:04:47","modified_gmt":"2026-03-12T10:04:47","slug":"bliv-maanedlig-donor-med-mobilepay-stop-fossile-braendsler","status":"publish","type":"page","link":"https:\/\/www.greenpeace.org\/denmark\/vaer-med\/stoet-greenpeace\/bliv-maanedlig-donor-med-mobilepay-stop-fossile-braendsler\/","title":{"rendered":"Bliv m\u00e5nedlig donor med MobilePay &#8211; stop fossile br\u00e6ndsler"},"content":{"rendered":"\n\n<div class=\"wp-block-group alignfull has-yellow-10-background-color has-background is-layout-flow wp-block-group-is-layout-flow\">\n<div class=\"wp-block-group container has-yellow-10-background-color has-background is-layout-flow wp-block-group-is-layout-flow\">\n<div class=\"wp-block-media-text alignfull has-media-on-the-right is-stacked-on-mobile is-pattern-p4-page-header is-style-parallax has-yellow-10-background-color has-background\"><div class=\"wp-block-media-text__content\">\n<div class=\"wp-block-group is-layout-flow wp-block-group-is-layout-flow\">\n<h1 class=\"wp-block-heading has-yellow-10-background-color has-background\">Stop ny olie og gas<\/h1>\n<\/div>\n\n\n\n<p class=\"mb-1\" style=\"font-size:17px\">Verden bliver aldrig sikker, s\u00e5 l\u00e6nge vi er afh\u00e6ngige af fossile br\u00e6ndstoffer. <strong>I Mellem\u00f8sten lider civile under den nuv\u00e6rende krig &#8211; mens store olie- og gasselskaber fors\u00f8ger at skabe profit.<\/strong><\/p>\n\n\n\n<p style=\"font-size:17px\">Sammen med dig kan vi k\u00e6mpe for vedvarende energisystemer, som er lige s\u00e5 resiliente som de mennesker, der er afh\u00e6ngige af dem. Velkommen om bord.<\/p>\n\n\n\n<div class=\"wp-block-buttons is-layout-flex wp-block-buttons-is-layout-flex\">\n<div class=\"wp-block-button is-style-cta\"><a class=\"wp-block-button__link has-white-color has-black-background-color has-text-color has-background has-link-color wp-element-button\" href=\"#form\">Kom i gang her<\/a><\/div>\n<\/div>\n<\/div><figure class=\"wp-block-media-text__media\"><img loading=\"lazy\" decoding=\"async\" width=\"600\" height=\"392\" src=\"https:\/\/www.greenpeace.org\/static\/planet4-denmark-stateless\/2026\/03\/4b1dbc18-landing-page-energy-climate.jpg\" alt=\"\" sizes=\"auto, (min-width: 601px) 50vw, 100vw\" srcset=\"https:\/\/www.greenpeace.org\/static\/planet4-denmark-stateless\/2026\/03\/4b1dbc18-landing-page-energy-climate.jpg 600w, https:\/\/www.greenpeace.org\/static\/planet4-denmark-stateless\/2026\/03\/4b1dbc18-landing-page-energy-climate-300x196.jpg 300w, https:\/\/www.greenpeace.org\/static\/planet4-denmark-stateless\/2026\/03\/4b1dbc18-landing-page-energy-climate-510x333.jpg 510w\" class=\"wp-image-67914 size-full\"\/><\/figure><\/div>\n<\/div>\n<\/div>\n\n\n<h3 class=\"wp-block-heading has-medium-font-size\" id=\"form\">Bliv m\u00e5nedlig donor med MobilePay og st\u00e5 op imod olie- og gasselskaberne \ud83d\udd25<\/h3>\n\n<div class=\"wp-block-group has-beige-100-background-color has-background is-layout-flow wp-block-group-is-layout-flow\" style=\"padding-top:var(--wp--preset--spacing--40);padding-right:var(--wp--preset--spacing--40);padding-bottom:var(--wp--preset--spacing--40);padding-left:var(--wp--preset--spacing--40)\">\n<style>\n.pgframe { width: 100%; opacity: 1;}\n@media only screen and (max-width: 1000px) { .pgframe { width: 100%; } } @media only screen and (min-width: 1200px) { .pgframe { margin-bottom: -3rem; } }\n\n<\/style>\n\n<iframe src=\"https:\/\/greenpeace-v2.paygate2.dk\/iframe\/54?campaign-code=FRAQXXDCLWBWRA4RG&#038;amount=100&#038;ty-page=https:\/\/www.greenpeace.org\/denmark\/vaer-med\/stoet-greenpeace\/bliv-manedlig-donor-mobilepay\/tak-for-dit-bidrag\/\" height=\"700px\" frameborder=\"0\" class=\"pgframe\"><\/iframe>\n\n\n\n<p><strong>MobilePay er den nemmeste m\u00e5de at blive m\u00e5nedlig donor (udfyld ovenst\u00e5ende felter)<\/strong>. Det er ogs\u00e5 muligt at bruge vores <a rel=\"noreferrer noopener\" href=\"https:\/\/stoet.greenpeace.org\/d\/bliv-manedlig-donor-1?_ga=2.207899857.234952180.1656318170-1277971218.1653982497\" data-type=\"URL\" data-id=\"https:\/\/stoet.greenpeace.org\/d\/bliv-manedlig-donor-1?_ga=2.207899857.234952180.1656318170-1277971218.1653982497\" target=\"_blank\">online betalingsform.<\/a><\/p>\n\n\n\n<p style=\"font-size:1rem\"><em>Se vilk\u00e5rene i vores donorpolitik <a href=\"https:\/\/stoet.greenpeace.org\/betingelser#qa-question-1\" data-type=\"URL\" data-id=\"https:\/\/stoet.greenpeace.org\/betingelser#qa-question-1\" target=\"_blank\" rel=\"noreferrer noopener\">her.<\/a> Vi behandler dine personlige oplysninger i henhold til vores <a href=\"https:\/\/stoet.greenpeace.org\/betingelser#qa-question-2\" data-type=\"URL\" data-id=\"https:\/\/stoet.greenpeace.org\/betingelser#qa-question-2\" target=\"_blank\" rel=\"noreferrer noopener\">persondatapolitik<\/a><\/em>.<\/p>\n<\/div>\n\n<div style=\"height:20px\" aria-hidden=\"true\" class=\"wp-block-spacer\"><\/div>\n\n<div class=\"wp-block-media-text alignwide is-stacked-on-mobile is-image-fill-element\"><figure class=\"wp-block-media-text__media\"><img loading=\"lazy\" decoding=\"async\" width=\"1024\" height=\"683\" src=\"https:\/\/www.greenpeace.org\/static\/planet4-denmark-stateless\/2023\/07\/b7c7b580-lum9739-1024x683.jpg\" alt=\"\" sizes=\"auto, (min-width: 1600px) calc((1320px - 24px) \/ 2),(min-width: 1200px) calc((1140px - 24px) \/ 2),(min-width: 992px) calc((960px - 24px) \/ 2),(min-width: 768px) calc((720px - 24px) \/ 2),(min-width: 601px) calc((540px - 24px) \/ 2),(min-width: 577px) calc((540px - 24px) \/ 1), calc(100vw - 24px)\" srcset=\"https:\/\/www.greenpeace.org\/static\/planet4-denmark-stateless\/2023\/07\/b7c7b580-lum9739-scaled.jpg 2560w, https:\/\/www.greenpeace.org\/static\/planet4-denmark-stateless\/2023\/07\/b7c7b580-lum9739-300x200.jpg 300w, https:\/\/www.greenpeace.org\/static\/planet4-denmark-stateless\/2023\/07\/b7c7b580-lum9739-1024x683.jpg 1024w, https:\/\/www.greenpeace.org\/static\/planet4-denmark-stateless\/2023\/07\/b7c7b580-lum9739-768x512.jpg 768w, https:\/\/www.greenpeace.org\/static\/planet4-denmark-stateless\/2023\/07\/b7c7b580-lum9739-1536x1024.jpg 1536w, https:\/\/www.greenpeace.org\/static\/planet4-denmark-stateless\/2023\/07\/b7c7b580-lum9739-2048x1366.jpg 2048w, https:\/\/www.greenpeace.org\/static\/planet4-denmark-stateless\/2023\/07\/b7c7b580-lum9739-510x340.jpg 510w\" class=\"wp-image-57191 size-full\" style=\"object-position:49% 61%\"\/><\/figure><div class=\"wp-block-media-text__content\">\n<h3 class=\"wp-block-heading\">Det g\u00e5r din st\u00f8tte til <\/h3>\n\n\n\n<p class=\"has-medium-font-size\"><strong>Vi presser politikere og industrier gennem aktioner, debatter, kampagner, informationsdeling og m\u00f8der til at:<\/strong><\/p>\n\n\n\n<p><\/p>\n\n\n\n<p>\u2705&nbsp;Processen med at f\u00e5 stoppet det giftige oliespildevand ikke tr\u00e6kker ud.<\/p>\n\n\n\n<p><\/p>\n\n\n\n<p><strong>\u2705<\/strong> At udfase olie, kul og gas hurtigst muligt.<\/p>\n\n\n\n<p><\/p>\n\n\n\n<p>\u2705 At omstille til 100 procent vedvarende energi.<\/p>\n\n\n\n<p>\u2705 At der bliver indf\u00f8rt klimaafgifter og retvisende priser p\u00e5 forurening. <\/p>\n<\/div><\/div>\n\n<div style=\"height:20px\" aria-hidden=\"true\" class=\"wp-block-spacer\"><\/div>\n\n<h3 class=\"wp-block-heading has-black-color has-text-color has-link-color wp-elements-5c99c450a4e9d79c0899641bc30a67f8\">Hvorfor st\u00f8tte Greenpeace?<\/h3>\n\n<p>Din st\u00f8tte bidrager til det vigtige arbejde for verdens klima, hav og skov. <strong><a href=\"http:\/\/www.tiki-toki.com\/timeline\/entry\/594418\/Greenpeace\/\" target=\"_blank\" rel=\"noreferrer noopener\">I 50 \u00e5r har Greenpeace vundet sejre for klima og milj\u00f8 p\u00e5 alle kontinenter og verdenshave<\/a><\/strong>. Vi har afsl\u00f8ret milj\u00f8kriminalitet, udf\u00f8rt banebrydende forskning og presset nogen af verdens mest forurenende virksomheder til klimahandling.<\/p>\n\n<p><strong>Med mennesker som dig<\/strong> ombord kan vi blive ved med at g\u00f8re en forskel.<\/p>\n\n<p><strong>Greenpeace er en uafh\u00e6ngig milj\u00f8organisation<\/strong>. Vi modtager af princip hverken penge fra regeringer eller erhvervslivet noget sted i verden. Vores arbejde er finansieret af almindelige mennesker som dig. Det betyder, at <strong>vi st\u00e5r helt frit til at konfrontere regeringer og virksomheder<\/strong>, som er ansvarlige for milj\u00f8- og klima\u00f8del\u00e6ggelse.<\/p>\n\n<div style=\"height:20px\" aria-hidden=\"true\" class=\"wp-block-spacer\"><\/div>\n\n<div class=\"wp-block-columns is-layout-flex wp-container-core-columns-is-layout-9d6595d7 wp-block-columns-is-layout-flex\">\n<div class=\"wp-block-column is-style-large-padding has-grey-100-background-color has-background is-layout-flow wp-block-column-is-layout-flow\" style=\"flex-basis:50%\">\n<div class=\"wp-block-group is-layout-flow wp-block-group-is-layout-flow\" style=\"padding-top:var(--wp--preset--spacing--40);padding-right:var(--wp--preset--spacing--40);padding-bottom:0;padding-left:var(--wp--preset--spacing--40)\">\n<h4 class=\"wp-block-heading has-medium-font-size\">Sammen kan vi g\u00f8re dette til forandringens \u00e5rti. Frem mod 2030 arbejder vi for at:<\/h4>\n\n\n\n<p><\/p>\n\n\n\n<p><img loading=\"lazy\" decoding=\"async\" width=\"17\" height=\"17\" src=\"https:\/\/lh4.googleusercontent.com\/BQMCYYO1oZva6oL_MADB84xzuz0Xz9PpNy298L7G1wiCJodsgGPuUzDHr_VsgOmQSQLA05lBUqLAkWv4YZ8kvU3a6IR1Vx_4Pl9ni4HdyJy7Jy0MXdlJw3t_Uq6PJFpf7H5UtBubzvplWkTMFKuJ2A\" alt=\"\u2705\"> Mindst 30 procent af land og hav er st\u00e6rkt beskyttet<br><img loading=\"lazy\" decoding=\"async\" width=\"17\" height=\"17\" src=\"https:\/\/lh4.googleusercontent.com\/BQMCYYO1oZva6oL_MADB84xzuz0Xz9PpNy298L7G1wiCJodsgGPuUzDHr_VsgOmQSQLA05lBUqLAkWv4YZ8kvU3a6IR1Vx_4Pl9ni4HdyJy7Jy0MXdlJw3t_Uq6PJFpf7H5UtBubzvplWkTMFKuJ2A\" alt=\"\u2705\"> Globale klimagasudslip er halveret<br><img loading=\"lazy\" decoding=\"async\" width=\"17\" height=\"17\" src=\"https:\/\/lh4.googleusercontent.com\/BQMCYYO1oZva6oL_MADB84xzuz0Xz9PpNy298L7G1wiCJodsgGPuUzDHr_VsgOmQSQLA05lBUqLAkWv4YZ8kvU3a6IR1Vx_4Pl9ni4HdyJy7Jy0MXdlJw3t_Uq6PJFpf7H5UtBubzvplWkTMFKuJ2A\" alt=\"\u2705\"> Overproduktionen af engangsplastik stopper<br><img loading=\"lazy\" decoding=\"async\" width=\"17\" height=\"17\" src=\"https:\/\/lh4.googleusercontent.com\/BQMCYYO1oZva6oL_MADB84xzuz0Xz9PpNy298L7G1wiCJodsgGPuUzDHr_VsgOmQSQLA05lBUqLAkWv4YZ8kvU3a6IR1Vx_4Pl9ni4HdyJy7Jy0MXdlJw3t_Uq6PJFpf7H5UtBubzvplWkTMFKuJ2A\" alt=\"\u2705\"> Alle nye olie- og gasprojekter er standset, og en strategi for at stoppe brugen af fossile br\u00e6ndsler er sat i v\u00e6rk<br><img loading=\"lazy\" decoding=\"async\" width=\"17\" height=\"17\" src=\"https:\/\/lh4.googleusercontent.com\/BQMCYYO1oZva6oL_MADB84xzuz0Xz9PpNy298L7G1wiCJodsgGPuUzDHr_VsgOmQSQLA05lBUqLAkWv4YZ8kvU3a6IR1Vx_4Pl9ni4HdyJy7Jy0MXdlJw3t_Uq6PJFpf7H5UtBubzvplWkTMFKuJ2A\" alt=\"\u2705\"> Sundhed og natur prioriteres over profit<\/p>\n<\/div>\n<\/div>\n\n\n\n<div class=\"wp-block-column is-style-large-padding has-white-background-color has-background is-layout-flow wp-block-column-is-layout-flow\" style=\"flex-basis:66.68%\">\n<h3 class=\"wp-block-heading has-text-align-left has-large-font-size\"><strong><strong>Er du med?<\/strong><\/strong><\/h3>\n\n\n\n<figure class=\"wp-block-embed is-type-video is-provider-youtube wp-block-embed-youtube wp-embed-aspect-16-9 wp-has-aspect-ratio\"><div class=\"wp-block-embed__wrapper\">\n<iframe loading=\"lazy\" title=\"Hvad end der skal til\" width=\"500\" height=\"281\" src=\"https:\/\/www.youtube.com\/embed\/e_Dho1RgnAY?feature=oembed\" frameborder=\"0\" allow=\"accelerometer; autoplay; clipboard-write; encrypted-media; gyroscope; picture-in-picture; web-share\" referrerpolicy=\"strict-origin-when-cross-origin\" allowfullscreen><\/iframe>\n<\/div><\/figure>\n\n\n\n<div class=\"wp-block-buttons is-content-justification-left is-layout-flex wp-container-core-buttons-is-layout-fdcfc74e wp-block-buttons-is-layout-flex\">\n<div class=\"wp-block-button is-style-cta\"><a class=\"wp-block-button__link has-custom-font-size wp-element-button\" href=\"#form\" style=\"font-size:15px\">Bliv m\u00e5nedlig donor med MobilePay<\/a><\/div>\n<\/div>\n<\/div>\n<\/div>\n\n<div style=\"height:30px\" aria-hidden=\"true\" class=\"wp-block-spacer\"><\/div>\n\n<h4 class=\"wp-block-heading has-text-align-left\">Andre m\u00e5der du kan st\u00f8tte p\u00e5:<\/h4>\n\n<p class=\"has-text-align-left has-black-color has-text-color has-link-color wp-elements-5fdff79d7ebba759815041f473a75a3c\">1. Engangsbidrag: Giv et selvvalgt bel\u00f8b via MobilePay til nummer 91760<br>2. Engangsbidrag: Betal med bankkort <a rel=\"noreferrer noopener\" href=\"https:\/\/stoet.greenpeace.org\/d\/engangsbidrag\" data-type=\"URL\" data-id=\"https:\/\/stoet.greenpeace.org\/d\/engangsbidrag\" target=\"_blank\">her<\/a><\/p>\n\n<div style=\"height:20px\" aria-hidden=\"true\" class=\"wp-block-spacer\"><\/div>\n\n<section class=\"block accordion-block wp-block-planet4-blocks-accordion is-style-light\"><header><h2 class=\"page-section-header\">Fire af vores sejre<\/h2><\/header><div class=\"accordion-content\"><div class=\"accordion-headline\" name=\"1995: K\u00e6mpe sejr i kampen mod dumpning af affald til s\u00f8s\">1995: K\u00e6mpe sejr i kampen mod dumpning af affald til s\u00f8s<\/div><div class=\"panel panel-hidden\"><p class=\"accordion-text\">En af de mest kendte Greenpeace-aktioner, okkuperingen af olieplatformen Brent Spar, fandt sted i Nords\u00f8en i juni 1995. Aktivister okkuperede platformen i over tre uger som en del af en verdensomsp\u00e6ndende kampagne mod Shells plan om at slippe af med platformen, inklusiv 11 tons olie, ved at dumpe den direkte ned i havet. Kampagnen var vellykket, og Shell droppede planerne.<\/p><\/div><\/div><div class=\"accordion-content\"><div class=\"accordion-headline\" name=\"2010: Greenpeace presser Nestl\u00e9 til at stoppe med regnskovs\u00f8del\u00e6ggelse\">2010: Greenpeace presser Nestl\u00e9 til at stoppe med regnskovs\u00f8del\u00e6ggelse<\/div><div class=\"panel panel-hidden\"><p class=\"accordion-text\">Den internationale virksomhed Nestl\u00e9 gik med til at stoppe med at k\u00f8be palmeolie fra producenter, som raserer den indonesiske regnskov. Afg\u00f8relsen kom efter otte uger med massivt pres fra forbrugere p\u00e5 sociale medier og gennem fredelig protest udf\u00f8rt at Greenpeace-aktivister i global kampagne mod m\u00e6rkevaren Kit Kat. <br><\/p><\/div><\/div><div class=\"accordion-content\"><div class=\"accordion-headline\" name=\"2021: Historisk dom i klimaretssag mod Shell\">2021: Historisk dom i klimaretssag mod Shell<\/div><div class=\"panel panel-hidden\"><p class=\"accordion-text\">En nederlandsk ret slog fast, at Shell skal reducere deres klimaudslip med 45 procent f\u00f8r 2030, sammenlignet med 2019-niveau. Dette er f\u00f8rste gang en stor fossilvirksomhed holdes ansvarlig for sit bidrag til klimaforandringerne og p\u00e5l\u00e6gges at reducere udslip. <\/p><\/div><\/div><div class=\"accordion-content\"><div class=\"accordion-headline\" name=\"2023: En historisk sejr for verdenshavene: FN vedtager havtraktat\">2023: En historisk sejr for verdenshavene: FN vedtager havtraktat<\/div><div class=\"panel panel-hidden\"><p class=\"accordion-text\">De store oceaner med alt hvad de indeholder af hvaler, skildpadder, \u00e5l og s\u00e6rlige leveomr\u00e5der har efter mange \u00e5rs FN-forhandlinger endelig f\u00e5et deres egen \u201cParis-aftale\u201d. Efter mere end ti \u00e5rs forhandlinger er FN-landene endelig blevet enige om en havtraktat, som fra 2030 skal beskytte biodiversiteten i mindst 30 procent af verdenshavene. Hidtil har kun v\u00e6ret 1 procent v\u00e6ret beskyttet. En k\u00e6mpe sejr for Greenpeace og den globale biodiversitet.<\/p><\/div><\/div><\/section>\n\n<section class=\"block accordion-block wp-block-planet4-blocks-accordion is-style-light\"><header><h2 class=\"page-section-header\">S\u00e5dan arbejder vi<\/h2><\/header><div class=\"accordion-content\"><div class=\"accordion-headline\" name=\"Vi dokumenterer og afsl\u00f8rer\">Vi dokumenterer og afsl\u00f8rer<\/div><div class=\"panel panel-hidden\"><p class=\"accordion-text\">Milj\u00f8forbrydelser sker ofte langt v\u00e6k fra verdens bev\u00e5genhed. En vigtig del af Greenpeaces arbejde er derfor at tage helt derud, hvor de sker, og dokumentere ved at tage satellitbilleder, filme, interviewe, udf\u00f8re feltarbejde og indsamle beviser og som verdens st\u00f8rste uafh\u00e6ngige milj\u00f8organisation kan vi ved hj\u00e6lp af medierne og vores informationskanaler hurtigt f\u00e5 oplysninger ud til millioner af mennesker verden over<\/p><\/div><\/div><div class=\"accordion-content\"><div class=\"accordion-headline\" name=\"Vi unders\u00f8ger og forsker\">Vi unders\u00f8ger og forsker<\/div><div class=\"panel panel-hidden\"><p class=\"accordion-text\">Vi baserer vores kampagnearbejde p\u00e5 videnskab og fakta. Vi samarbejder med uvildige forskere rundt om i verden og har ogs\u00e5 vores eget forskningslaboratorium p\u00e5 Exeter University I England, som leverer videnskabelig og analytisk r\u00e5dgivning til vores kampagner.<\/p><\/div><\/div><div class=\"accordion-content\"><div class=\"accordion-headline\" name=\"Vi p\u00e5virker\">Vi p\u00e5virker<\/div><div class=\"panel panel-hidden\"><p class=\"accordion-text\">Gennem vores lobbyarbejde opfordrer vi virksomheder og politiske beslutningstagere til at tage de n\u00f8dvendige skridt for at beskytte vores klima, milj\u00f8 og natur. Vi opfordrer altid til dialog og giver virksomheder og beslutningstagere mulighed for at tage ansvar og handling, inden vi begynder at l\u00e6gge pres p\u00e5 dem med offentlighedskampagner eller aktioner.<\/p><\/div><\/div><div class=\"accordion-content\"><div class=\"accordion-headline\" name=\"Vi aktionerer\">Vi aktionerer<\/div><div class=\"panel panel-hidden\"><p class=\"accordion-text\">Greenpeace har en lang tradition for fredelige aktioner. Med vores aktioner \u00f8nsker vi at fremprovokere handling fra dem, som sidder med magt og ansvar. Vores skibsfl\u00e5de g\u00f8r det muligt for os at observere og g\u00e5 i aktion mod milj\u00f8forbrydelser verden rundt, ogs\u00e5 p\u00e5 afsidesliggende steder, som er vanskelige at n\u00e5. Flere af vores aktioner har bidraget til at skabe gr\u00f8nne lov\u00e6ndringer og beskyttelse af s\u00e5rbare omr\u00e5der. Princippet om ikke-vold st\u00e5r centralt i alle vores aktioner.<\/p><\/div><\/div><\/section>\n\n<div style=\"height:20px\" aria-hidden=\"true\" class=\"wp-block-spacer\"><\/div>\n\n<div class=\"wp-block-cover has-parallax my-5\" style=\"min-height:400px;aspect-ratio:unset;\" id=\"vaerdier\"><div role=\"img\" aria-label=\"Protests on Shell Brent Oil Platforms in the North Sea. \u00a9 Marten  van Dijl \/ Greenpeace\" class=\"wp-block-cover__image-background wp-image-62503 has-parallax\" style=\"background-position:50% 50%;background-image:url(https:\/\/www.greenpeace.org\/static\/planet4-denmark-stateless\/2024\/10\/0ab006d9-gp0stu2ji.jpg)\"><\/div><span aria-hidden=\"true\" class=\"wp-block-cover__background has-black-background-color has-background-dim\"><\/span><div class=\"wp-block-cover__inner-container is-layout-flow wp-block-cover-is-layout-flow\">\n<div style=\"height:30px\" aria-hidden=\"true\" class=\"wp-block-spacer\"><\/div>\n\n\n\n<h2 class=\"wp-block-heading\">St\u00e5 op mod oliegiganterne<\/h2>\n\n\n\n<p><strong>Vi vil k\u00e6mpe imod oliegiganterne i retten, for vores og planetens overlevelse.<\/strong><\/p>\n\n\n\n<div style=\"height:30px\" aria-hidden=\"true\" class=\"wp-block-spacer\"><\/div>\n\n\n\n<div class=\"wp-block-buttons is-content-justification-left is-layout-flex wp-container-core-buttons-is-layout-fdcfc74e wp-block-buttons-is-layout-flex\">\n<div class=\"wp-block-button is-style-cta\"><a class=\"wp-block-button__link has-black-color has-yellow-50-background-color has-text-color has-background has-link-color has-custom-font-size wp-element-button\" href=\"#form\" style=\"font-size:15px\">Bliv m\u00e5nedlig donor med MobilePay<\/a><\/div>\n<\/div>\n<\/div><\/div>\n","protected":false},"excerpt":{"rendered":"<p>Bliv m\u00e5nedlig donor hos Greenpeace via MobilePay og v\u00e6r med til at redde vores natur og dyr. V\u00e6r med til at l\u00e6gge pres p\u00e5 politikerne. <\/p>\n","protected":false},"author":93,"featured_media":57191,"parent":5230,"menu_order":0,"comment_status":"closed","ping_status":"closed","template":"","meta":{"ep_exclude_from_search":false,"p4_hide_page_title_checkbox":"on","p4_title":"","p4_subtitle":"","p4_description":"","background_image_id":"","background_image":"","p4_button_title":"","p4_button_link":"","p4_button_link_checkbox":"","p4_og_title":"","p4_og_description":"","p4_og_image":"","p4_og_image_id":"","p4_seo_canonical_url":"https:\/\/www.greenpeace.org\/denmark\/vaer-med\/stoet-greenpeace\/bliv-manedlig-donor-mobilepay\/","p4_campaign_name":"not set","p4_local_project":"not set","p4_basket_name":"not set","p4_department":"","footnotes":""},"categories":[],"tags":[],"class_list":["post-57362","page","type-page","status-publish","has-post-thumbnail","hentry"],"_links":{"self":[{"href":"https:\/\/www.greenpeace.org\/denmark\/wp-json\/wp\/v2\/pages\/57362","targetHints":{"allow":["GET"]}}],"collection":[{"href":"https:\/\/www.greenpeace.org\/denmark\/wp-json\/wp\/v2\/pages"}],"about":[{"href":"https:\/\/www.greenpeace.org\/denmark\/wp-json\/wp\/v2\/types\/page"}],"author":[{"embeddable":true,"href":"https:\/\/www.greenpeace.org\/denmark\/wp-json\/wp\/v2\/users\/93"}],"replies":[{"embeddable":true,"href":"https:\/\/www.greenpeace.org\/denmark\/wp-json\/wp\/v2\/comments?post=57362"}],"version-history":[{"count":20,"href":"https:\/\/www.greenpeace.org\/denmark\/wp-json\/wp\/v2\/pages\/57362\/revisions"}],"predecessor-version":[{"id":67937,"href":"https:\/\/www.greenpeace.org\/denmark\/wp-json\/wp\/v2\/pages\/57362\/revisions\/67937"}],"up":[{"embeddable":true,"href":"https:\/\/www.greenpeace.org\/denmark\/wp-json\/wp\/v2\/pages\/5230"}],"wp:featuredmedia":[{"embeddable":true,"href":"https:\/\/www.greenpeace.org\/denmark\/wp-json\/wp\/v2\/media\/57191"}],"wp:attachment":[{"href":"https:\/\/www.greenpeace.org\/denmark\/wp-json\/wp\/v2\/media?parent=57362"}],"wp:term":[{"taxonomy":"category","embeddable":true,"href":"https:\/\/www.greenpeace.org\/denmark\/wp-json\/wp\/v2\/categories?post=57362"},{"taxonomy":"post_tag","embeddable":true,"href":"https:\/\/www.greenpeace.org\/denmark\/wp-json\/wp\/v2\/tags?post=57362"}],"curies":[{"name":"wp","href":"https:\/\/api.w.org\/{rel}","templated":true}]}}