{"id":67635,"date":"2026-02-09T16:20:31","date_gmt":"2026-02-09T15:20:31","guid":{"rendered":"https:\/\/www.greenpeace.org\/denmark\/?page_id=67635"},"modified":"2026-05-05T14:05:27","modified_gmt":"2026-05-05T12:05:27","slug":"horingssvar-hejre","status":"publish","type":"page","link":"https:\/\/www.greenpeace.org\/denmark\/vaer-med\/horingssvar-hejre\/","title":{"rendered":"Stop Hejrefeltet &#8211; h\u00f8ringssvar"},"content":{"rendered":"\n\n<div class=\"wp-block-group alignfull has-grey-100-background-color has-background is-layout-flow wp-block-group-is-layout-flow\">\n<div class=\"wp-block-group container is-layout-flow wp-block-group-is-layout-flow\">\n<div class=\"wp-block-media-text alignfull has-media-on-the-right is-stacked-on-mobile is-pattern-p4-page-header is-style-parallax\"><div class=\"wp-block-media-text__content\">\n<div class=\"wp-block-group is-layout-flow wp-block-group-is-layout-flow\">\n<h1 class=\"wp-block-heading has-grey-100-background-color has-background\" style=\"font-style:normal;font-weight:900\">Stop Hejre-feltet<\/h1>\n<\/div>\n\n\n\n<p style=\"font-size:1.25rem\"><strong><strong><strong>Er du enig i at planerne om at \u00e5bne et nyt dansk oliefelt skal stoppes? S\u00e5 skriv dit eget h\u00f8ringssvar nedenfor<\/strong><\/strong><\/strong><\/p>\n\n\n\n<div class=\"wp-block-buttons is-layout-flex wp-block-buttons-is-layout-flex\">\n<div class=\"wp-block-button is-style-cta\"><a class=\"wp-block-button__link wp-element-button\" href=\"#cta-email\">Send email<\/a><\/div>\n<\/div>\n<\/div><figure class=\"wp-block-media-text__media\"><img loading=\"lazy\" decoding=\"async\" width=\"1024\" height=\"768\" src=\"https:\/\/www.greenpeace.org\/static\/planet4-denmark-stateless\/2024\/05\/21f23796-helene-og-marianne-1024x768.jpg\" alt=\"\" sizes=\"auto, (min-width: 601px) 50vw, 100vw\" srcset=\"https:\/\/www.greenpeace.org\/static\/planet4-denmark-stateless\/2024\/05\/21f23796-helene-og-marianne.jpg 2190w, https:\/\/www.greenpeace.org\/static\/planet4-denmark-stateless\/2024\/05\/21f23796-helene-og-marianne-300x225.jpg 300w, https:\/\/www.greenpeace.org\/static\/planet4-denmark-stateless\/2024\/05\/21f23796-helene-og-marianne-1024x768.jpg 1024w, https:\/\/www.greenpeace.org\/static\/planet4-denmark-stateless\/2024\/05\/21f23796-helene-og-marianne-768x576.jpg 768w, https:\/\/www.greenpeace.org\/static\/planet4-denmark-stateless\/2024\/05\/21f23796-helene-og-marianne-1536x1152.jpg 1536w, https:\/\/www.greenpeace.org\/static\/planet4-denmark-stateless\/2024\/05\/21f23796-helene-og-marianne-2048x1536.jpg 2048w, https:\/\/www.greenpeace.org\/static\/planet4-denmark-stateless\/2024\/05\/21f23796-helene-og-marianne-1821x1366.jpg 1821w, https:\/\/www.greenpeace.org\/static\/planet4-denmark-stateless\/2024\/05\/21f23796-helene-og-marianne-453x340.jpg 453w\" class=\"wp-image-61355 size-full\"\/><\/figure><\/div>\n<\/div>\n<\/div>\n\n\n<h2 class=\"wp-block-heading\"><strong><strong>Dit h\u00f8ringssvar skal sendes senest den 2. marts 2026<\/strong><\/strong><\/h2>\n\n<p>Det er allerede \u00e9n gang lykkedes os at stoppe planerne om at \u00e5bne Hejre-feltet i Nords\u00f8en. Nu g\u00f8r vi det igen. I november gav Energiklagen\u00e6vnet os ret i, at Energistyrelsens tilladelse til Hejre-feltet var ugyldig. Men olieindustrien giver ikke op uden kamp. INEOS har indsendt en ny ans\u00f8gning, hvor de redeg\u00f8r for de konkrete konsekvenser af feltet m\u00e5lt i CO2. Den ans\u00f8gning er netop sendt <a href=\"https:\/\/drive.google.com\/file\/d\/15UxoTPr7weq1PkzxeUQDaavMqQjUNAD8\/view?usp=sharing\" target=\"_blank\" rel=\"noreferrer noopener\">i h\u00f8ring<\/a>. Og nu har vi brug for DIG.&nbsp;Skal Danmark virkelig have et nyt oliefelt? Vi kr\u00e6ver, at <strong>politikerne<\/strong> tager stilling. Hj\u00e6lp os med at g\u00f8re godkendelsen af Hejre-feltet til et politisk sp\u00f8rgsm\u00e5l. Noget s\u00e5 vigtigt for vores fremtid skal ikke afg\u00f8res rent administrativt i Energistyrelsen. V\u00e6r med til at l\u00e6gge pres ved at skrive dit eget h\u00f8ringssvar nedenfor. Jo flere h\u00f8ringssvar, jo nemmere bliver det for os at argumentere for, at Hejre-feltet er en politisk sag. Og det beh\u00f8ver ikke at v\u00e6re langt, en enkelt s\u00e6tning er ogs\u00e5 et h\u00f8ringssvar.<\/p>\n\n<p>Se Greenpeaces h\u00f8ringssvar <a href=\"https:\/\/www.greenpeace.org\/denmark\/udgivelse\/klimaforandringer\/hoeringssvar-stop-hejrefeltet-en-gang-for-alle\/\">her<\/a>.<\/p>\n\n<div style=\"height:30px\" aria-hidden=\"true\" id=\"cta-email\" class=\"wp-block-spacer\"><\/div>\n\n<figure class=\"wp-block-image size-large\"><img loading=\"lazy\" decoding=\"async\" width=\"1024\" height=\"490\" src=\"https:\/\/www.greenpeace.org\/static\/planet4-denmark-stateless\/2026\/04\/49521bcf-screenshot-2026-03-03-at-11.34.43-2048x979-1-1024x490.png\" alt=\"Fristen for at indesende et h\u00f8ringssvar mod Hejre-feltet er nu overskredet. Der er i alt kommet 2313 svar ind gennem denne platform + de svar, der er sendt udenom, som kun Energistyrelsen kender. Tusind tak til alle jer, der har givet jeres holdning til kende!\" class=\"wp-image-81426\" srcset=\"https:\/\/www.greenpeace.org\/static\/planet4-denmark-stateless\/2026\/04\/49521bcf-screenshot-2026-03-03-at-11.34.43-2048x979-1-1024x490.png 1024w, https:\/\/www.greenpeace.org\/static\/planet4-denmark-stateless\/2026\/04\/49521bcf-screenshot-2026-03-03-at-11.34.43-2048x979-1-300x143.png 300w, https:\/\/www.greenpeace.org\/static\/planet4-denmark-stateless\/2026\/04\/49521bcf-screenshot-2026-03-03-at-11.34.43-2048x979-1-768x367.png 768w, https:\/\/www.greenpeace.org\/static\/planet4-denmark-stateless\/2026\/04\/49521bcf-screenshot-2026-03-03-at-11.34.43-2048x979-1-1536x734.png 1536w, https:\/\/www.greenpeace.org\/static\/planet4-denmark-stateless\/2026\/04\/49521bcf-screenshot-2026-03-03-at-11.34.43-2048x979-1-510x244.png 510w, https:\/\/www.greenpeace.org\/static\/planet4-denmark-stateless\/2026\/04\/49521bcf-screenshot-2026-03-03-at-11.34.43-2048x979-1.png 2048w\" sizes=\"auto, (max-width: 1024px) 100vw, 1024px\" \/><figcaption class=\"wp-element-caption\">Fristen for at indesende et h\u00f8ringssvar mod Hejre-feltet er nu overskredet. Der er i alt kommet 2313 svar ind gennem denne platform + de svar, der er sendt udenom, som kun Energistyrelsen kender. Tusind tak til alle jer, der har givet jeres holdning til kende!<\/figcaption><\/figure>\n\n<div style=\"height:30px\" aria-hidden=\"true\" class=\"wp-block-spacer\"><\/div>\n\n<div class=\"wp-block-query posts-list p4-query-loop is-custom-layout-list is-layout-flow wp-block-query-is-layout-flow\">\n<div class=\"wp-block-group is-content-justification-space-between is-layout-flex wp-container-core-group-is-layout-3d213aab wp-block-group-is-layout-flex\">\n<h2 class=\"wp-block-heading\">L\u00e6s mere <\/h2>\n\n\n<li class=\" wp-block-navigation-item see-all-link wp-block-navigation-link\"><a class=\"wp-block-navigation-item__content\"  href=\"https:\/\/www.greenpeace.org\/denmark\/nyheder\/?tag=fossilenergi\"><span class=\"wp-block-navigation-item__label\">See all posts<\/span><\/a><\/li><\/div>\n\n\n\n<p style=\"margin-top:24px;margin-bottom:32px\"><\/p>\n\n\n\n\n<ul class=\"wp-block-post-template is-layout-flow wp-block-post-template-is-layout-flow\"><li class=\"wp-block-post post-81687 post type-post status-publish format-standard has-post-thumbnail hentry category-hav tag-fossilenergi tag-redhavet p4-page-type-nyhed\">\n\n<div class=\"wp-block-columns is-layout-flex wp-container-core-columns-is-layout-9d6595d7 wp-block-columns-is-layout-flex\"><figure class=\"wp-block-post-featured-image\"><a href=\"https:\/\/www.greenpeace.org\/denmark\/nyhed\/hav\/danmark-kan-ikke-fortsaette-med-at-lurepasse-og-lade-sverige-klare-ruslands-skyggeflaade\/\" target=\"_self\"  ><img loading=\"lazy\" decoding=\"async\" width=\"1202\" height=\"653\" src=\"https:\/\/www.greenpeace.org\/static\/planet4-denmark-stateless\/2026\/04\/504ea505-ca765f87-c63f-4f22-8481-77ccca60ae27_1_105_c.jpeg\" class=\"attachment-post-thumbnail size-post-thumbnail wp-post-image wp-stateless-item\" alt=\"Danmark kan ikke forts\u00e6tte med at lurepasse og lade Sverige klare Ruslands skyggefl\u00e5de\" style=\"object-fit:cover;\" srcset=\"https:\/\/www.greenpeace.org\/static\/planet4-denmark-stateless\/2026\/04\/504ea505-ca765f87-c63f-4f22-8481-77ccca60ae27_1_105_c.jpeg 1202w, https:\/\/www.greenpeace.org\/static\/planet4-denmark-stateless\/2026\/04\/504ea505-ca765f87-c63f-4f22-8481-77ccca60ae27_1_105_c-300x163.jpeg 300w, https:\/\/www.greenpeace.org\/static\/planet4-denmark-stateless\/2026\/04\/504ea505-ca765f87-c63f-4f22-8481-77ccca60ae27_1_105_c-1024x556.jpeg 1024w, https:\/\/www.greenpeace.org\/static\/planet4-denmark-stateless\/2026\/04\/504ea505-ca765f87-c63f-4f22-8481-77ccca60ae27_1_105_c-768x417.jpeg 768w, https:\/\/www.greenpeace.org\/static\/planet4-denmark-stateless\/2026\/04\/504ea505-ca765f87-c63f-4f22-8481-77ccca60ae27_1_105_c-510x277.jpeg 510w\" sizes=\"auto, (max-width: 1202px) 100vw, 1202px\" data-image-size=\"post-thumbnail\" data-stateless-media-bucket=\"planet4-denmark-stateless\" data-stateless-media-name=\"2026\/04\/504ea505-ca765f87-c63f-4f22-8481-77ccca60ae27_1_105_c.jpeg\" \/><\/a><\/figure>\n\n\n<div class=\"wp-block-group is-layout-flow wp-block-group-is-layout-flow\">\n<div class=\"wp-block-group is-layout-flex wp-block-group-is-layout-flex\"><div class=\"wp-block-post-terms\"><a href=\"https:\/\/www.greenpeace.org\/denmark\/kategori\/hav\/\">Hav<\/a><\/div>\n\n<div class=\"taxonomy-post_tag wp-block-post-terms\"><a href=\"https:\/\/www.greenpeace.org\/denmark\/tag\/fossilenergi\/\" rel=\"tag\">fossilenergi<\/a><span class=\"wp-block-post-terms__separator\"> <\/span><a href=\"https:\/\/www.greenpeace.org\/denmark\/tag\/redhavet\/\" rel=\"tag\">redhavet<\/a><\/div><\/div>\n\n\n<h3 class=\"wp-block-post-title\"><a href=\"https:\/\/www.greenpeace.org\/denmark\/nyhed\/hav\/danmark-kan-ikke-fortsaette-med-at-lurepasse-og-lade-sverige-klare-ruslands-skyggeflaade\/\" target=\"_self\" >Danmark kan ikke forts\u00e6tte med at lurepasse og lade Sverige klare Ruslands skyggefl\u00e5de<\/a><\/h3>\n\n<div class=\"wp-block-post-excerpt\"><p class=\"wp-block-post-excerpt__excerpt\">Ruslands olieeksport er ikke kun farlig for ukrainerne. Den gambler ogs\u00e5 med det danske havmilj\u00f8. Danmark kan ikke forts\u00e6tte med at lurepasse og lade Sverige alene om at gribe ind. <\/p><\/div>\n\n\n<div class=\"wp-block-group posts-list-meta is-layout-flow wp-block-group-is-layout-flow\"><span class='article-list-item-author'><a href='https:\/\/www.greenpeace.org\/denmark\/author\/lbowey\/'>Lauren Bowey<\/a><\/span>\n\n<div class=\"wp-block-post-date\"><time datetime=\"2026-05-01T08:00:00+02:00\">1. maj 2026<\/time><\/div><\/div>\n<\/div>\n<\/div>\n\n<\/li><li class=\"wp-block-post post-81599 post type-post status-publish format-standard has-post-thumbnail hentry category-hav category-klimaforandringer tag-fossilenergi tag-klima tag-aktivisme tag-olie p4-page-type-nyhed\">\n\n<div class=\"wp-block-columns is-layout-flex wp-container-core-columns-is-layout-9d6595d7 wp-block-columns-is-layout-flex\"><figure class=\"wp-block-post-featured-image\"><a href=\"https:\/\/www.greenpeace.org\/denmark\/nyhed\/klimaforandringer\/aktion-med-lys-og-vand-til-christiansborg-goer-os-fri-af-olie-og-gas\/\" target=\"_self\"  ><img loading=\"lazy\" decoding=\"async\" width=\"2048\" height=\"1365\" src=\"https:\/\/www.greenpeace.org\/static\/planet4-denmark-stateless\/2026\/04\/e18e5190-26-04-23_oil-is-war_0148_web.jpg\" class=\"attachment-post-thumbnail size-post-thumbnail wp-post-image wp-stateless-item\" alt=\"Aktion med lys og vand til Christiansborg: G\u00f8r os fri af olie og gas\" style=\"object-fit:cover;\" srcset=\"https:\/\/www.greenpeace.org\/static\/planet4-denmark-stateless\/2026\/04\/e18e5190-26-04-23_oil-is-war_0148_web.jpg 2048w, https:\/\/www.greenpeace.org\/static\/planet4-denmark-stateless\/2026\/04\/e18e5190-26-04-23_oil-is-war_0148_web-300x200.jpg 300w, https:\/\/www.greenpeace.org\/static\/planet4-denmark-stateless\/2026\/04\/e18e5190-26-04-23_oil-is-war_0148_web-1024x683.jpg 1024w, https:\/\/www.greenpeace.org\/static\/planet4-denmark-stateless\/2026\/04\/e18e5190-26-04-23_oil-is-war_0148_web-768x512.jpg 768w, https:\/\/www.greenpeace.org\/static\/planet4-denmark-stateless\/2026\/04\/e18e5190-26-04-23_oil-is-war_0148_web-1536x1024.jpg 1536w, https:\/\/www.greenpeace.org\/static\/planet4-denmark-stateless\/2026\/04\/e18e5190-26-04-23_oil-is-war_0148_web-510x340.jpg 510w\" sizes=\"auto, (max-width: 2048px) 100vw, 2048px\" data-image-size=\"post-thumbnail\" data-stateless-media-bucket=\"planet4-denmark-stateless\" data-stateless-media-name=\"2026\/04\/e18e5190-26-04-23_oil-is-war_0148_web.jpg\" \/><\/a><\/figure>\n\n\n<div class=\"wp-block-group is-layout-flow wp-block-group-is-layout-flow\">\n<div class=\"wp-block-group is-layout-flex wp-block-group-is-layout-flex\"><div class=\"wp-block-post-terms\"><a href=\"https:\/\/www.greenpeace.org\/denmark\/kategori\/hav\/\">Hav<\/a><\/div>\n\n<div class=\"taxonomy-post_tag wp-block-post-terms\"><a href=\"https:\/\/www.greenpeace.org\/denmark\/tag\/fossilenergi\/\" rel=\"tag\">fossilenergi<\/a><span class=\"wp-block-post-terms__separator\"> <\/span><a href=\"https:\/\/www.greenpeace.org\/denmark\/tag\/klima\/\" rel=\"tag\">klima<\/a><span class=\"wp-block-post-terms__separator\"> <\/span><a href=\"https:\/\/www.greenpeace.org\/denmark\/tag\/aktivisme\/\" rel=\"tag\">aktivisme<\/a><span class=\"wp-block-post-terms__separator\"> <\/span><a href=\"https:\/\/www.greenpeace.org\/denmark\/tag\/olie\/\" rel=\"tag\">olie<\/a><\/div><\/div>\n\n\n<h3 class=\"wp-block-post-title\"><a href=\"https:\/\/www.greenpeace.org\/denmark\/nyhed\/klimaforandringer\/aktion-med-lys-og-vand-til-christiansborg-goer-os-fri-af-olie-og-gas\/\" target=\"_self\" >Aktion med lys og vand til Christiansborg: G\u00f8r os fri af olie og gas<\/a><\/h3>\n\n<div class=\"wp-block-post-excerpt\"><p class=\"wp-block-post-excerpt__excerpt\">Afh\u00e6ngigheden af olie f\u00f8rer til krig, klimakaos og utryghed. Ogs\u00e5 i Danmark, hvor den russiske skyggefl\u00e5de fragter farlig olie gennem farvandet. Politikerne og den kommende regering har igen et valg. <\/p><\/div>\n\n\n<div class=\"wp-block-group posts-list-meta is-layout-flow wp-block-group-is-layout-flow\"><span class='article-list-item-author'><a href='https:\/\/www.greenpeace.org\/denmark\/author\/pjustese\/'>Poul Bonke Justesen<\/a><\/span>\n\n<div class=\"wp-block-post-date\"><time datetime=\"2026-04-24T15:03:00+02:00\">24. april 2026<\/time><\/div><\/div>\n<\/div>\n<\/div>\n\n<\/li><li class=\"wp-block-post post-67876 post type-post status-publish format-standard has-post-thumbnail hentry category-klimaforandringer tag-fossilenergi tag-klima p4-page-type-nyhed\">\n\n<div class=\"wp-block-columns is-layout-flex wp-container-core-columns-is-layout-9d6595d7 wp-block-columns-is-layout-flex\"><figure class=\"wp-block-post-featured-image\"><a href=\"https:\/\/www.greenpeace.org\/denmark\/nyhed\/klimaforandringer\/rekordmange-danskere-har-skrevet-hoeringssvar-mod-ny-oliejagt-i-nordsoeen-nu-skal-politikerne-paa-banen\/\" target=\"_self\"  ><img loading=\"lazy\" decoding=\"async\" width=\"1669\" height=\"1252\" src=\"https:\/\/www.greenpeace.org\/static\/planet4-denmark-stateless\/2026\/03\/6f0be678-67281cc8-3b80-475c-b25d-c1e962fadcd6_1_201_a.jpeg\" class=\"attachment-post-thumbnail size-post-thumbnail wp-post-image wp-stateless-item\" alt=\"Rekordmange danskere har skrevet h\u00f8ringssvar mod ny oliejagt i Nords\u00f8en. Nu skal politikerne p\u00e5 banen\" style=\"object-fit:cover;\" srcset=\"https:\/\/www.greenpeace.org\/static\/planet4-denmark-stateless\/2026\/03\/6f0be678-67281cc8-3b80-475c-b25d-c1e962fadcd6_1_201_a.jpeg 1669w, https:\/\/www.greenpeace.org\/static\/planet4-denmark-stateless\/2026\/03\/6f0be678-67281cc8-3b80-475c-b25d-c1e962fadcd6_1_201_a-300x225.jpeg 300w, https:\/\/www.greenpeace.org\/static\/planet4-denmark-stateless\/2026\/03\/6f0be678-67281cc8-3b80-475c-b25d-c1e962fadcd6_1_201_a-1024x768.jpeg 1024w, https:\/\/www.greenpeace.org\/static\/planet4-denmark-stateless\/2026\/03\/6f0be678-67281cc8-3b80-475c-b25d-c1e962fadcd6_1_201_a-768x576.jpeg 768w, https:\/\/www.greenpeace.org\/static\/planet4-denmark-stateless\/2026\/03\/6f0be678-67281cc8-3b80-475c-b25d-c1e962fadcd6_1_201_a-1536x1152.jpeg 1536w, https:\/\/www.greenpeace.org\/static\/planet4-denmark-stateless\/2026\/03\/6f0be678-67281cc8-3b80-475c-b25d-c1e962fadcd6_1_201_a-453x340.jpeg 453w\" sizes=\"auto, (max-width: 1669px) 100vw, 1669px\" data-image-size=\"post-thumbnail\" data-stateless-media-bucket=\"planet4-denmark-stateless\" data-stateless-media-name=\"2026\/03\/6f0be678-67281cc8-3b80-475c-b25d-c1e962fadcd6_1_201_a.jpeg\" \/><\/a><\/figure>\n\n\n<div class=\"wp-block-group is-layout-flow wp-block-group-is-layout-flow\">\n<div class=\"wp-block-group is-layout-flex wp-block-group-is-layout-flex\"><div class=\"wp-block-post-terms\"><a href=\"https:\/\/www.greenpeace.org\/denmark\/kategori\/klimaforandringer\/\">Klimaforandringer<\/a><\/div>\n\n<div class=\"taxonomy-post_tag wp-block-post-terms\"><a href=\"https:\/\/www.greenpeace.org\/denmark\/tag\/fossilenergi\/\" rel=\"tag\">fossilenergi<\/a><span class=\"wp-block-post-terms__separator\"> <\/span><a href=\"https:\/\/www.greenpeace.org\/denmark\/tag\/klima\/\" rel=\"tag\">klima<\/a><\/div><\/div>\n\n\n<h3 class=\"wp-block-post-title\"><a href=\"https:\/\/www.greenpeace.org\/denmark\/nyhed\/klimaforandringer\/rekordmange-danskere-har-skrevet-hoeringssvar-mod-ny-oliejagt-i-nordsoeen-nu-skal-politikerne-paa-banen\/\" target=\"_self\" >Rekordmange danskere har skrevet h\u00f8ringssvar mod ny oliejagt i Nords\u00f8en. Nu skal politikerne p\u00e5 banen<\/a><\/h3>\n\n<div class=\"wp-block-post-excerpt\"><p class=\"wp-block-post-excerpt__excerpt\">Da h\u00f8ringsfristen for Hejre-feltet udl\u00f8b mandag den 2. marts, havde mere end 2.313 borgere indsendt deres eget personlige h\u00f8ringssvar til Energistyrelsen. Det er rekord for et dansk energiprojekt. Budskabet er klart: Ny oliejagt i Nords\u00f8en er et politisk sp\u00f8rgsm\u00e5l. <\/p><\/div>\n\n\n<div class=\"wp-block-group posts-list-meta is-layout-flow wp-block-group-is-layout-flow\"><span class='article-list-item-author'><a href='https:\/\/www.greenpeace.org\/denmark\/author\/cfromber\/'>Christian Fromberg<\/a><\/span>\n\n<div class=\"wp-block-post-date\"><time datetime=\"2026-03-04T14:55:13+01:00\">4. marts 2026<\/time><\/div><\/div>\n<\/div>\n<\/div>\n\n<\/li><\/ul>\n\n\n<div class=\"wp-block-buttons carousel-controls is-horizontal is-content-justification-space-between is-nowrap is-layout-flex wp-container-core-buttons-is-layout-044bd602 wp-block-buttons-is-layout-flex\">\n<div class=\"wp-block-button carousel-control-prev\"><button type=\"button\" class=\"wp-block-button__link wp-element-button\">Previous Carousel Slide<\/button><\/div>\n\n\n\n<div class=\"wp-block-button carousel-control-next\"><button type=\"button\" class=\"wp-block-button__link wp-element-button\">Next Carousel Slide<\/button><\/div>\n<\/div>\n\n\n<li class=\" wp-block-navigation-item see-all-link wp-block-navigation-link\"><a class=\"wp-block-navigation-item__content\"  href=\"https:\/\/www.greenpeace.org\/denmark\/nyheder\/?tag=fossilenergi\"><span class=\"wp-block-navigation-item__label\">Se alle<\/span><\/a><\/li><\/div>\n","protected":false},"excerpt":{"rendered":"<p>Er du enig i at planerne om at \u00e5bne et nyt oliefelt skal stoppes? S\u00e5 skriv dit eget h\u00f8ringssvar nedenfor<\/p>\n","protected":false},"author":45,"featured_media":61355,"parent":9,"menu_order":0,"comment_status":"closed","ping_status":"closed","template":"","meta":{"ep_exclude_from_search":false,"p4_hide_page_title_checkbox":"on","p4_title":"","p4_subtitle":"","p4_description":"","background_image_id":"","background_image":"","p4_button_title":"","p4_button_link":"","p4_button_link_checkbox":"","p4_og_title":"","p4_og_description":"","p4_og_image":"","p4_og_image_id":"","p4_seo_canonical_url":"","p4_campaign_name":"","p4_local_project":"","p4_basket_name":"","p4_department":"","footnotes":""},"categories":[4,1],"tags":[19,24],"class_list":["post-67635","page","type-page","status-publish","has-post-thumbnail","hentry","category-greenpeace","category-klimaforandringer","tag-fossilenergi","tag-klima"],"_links":{"self":[{"href":"https:\/\/www.greenpeace.org\/denmark\/wp-json\/wp\/v2\/pages\/67635","targetHints":{"allow":["GET"]}}],"collection":[{"href":"https:\/\/www.greenpeace.org\/denmark\/wp-json\/wp\/v2\/pages"}],"about":[{"href":"https:\/\/www.greenpeace.org\/denmark\/wp-json\/wp\/v2\/types\/page"}],"author":[{"embeddable":true,"href":"https:\/\/www.greenpeace.org\/denmark\/wp-json\/wp\/v2\/users\/45"}],"replies":[{"embeddable":true,"href":"https:\/\/www.greenpeace.org\/denmark\/wp-json\/wp\/v2\/comments?post=67635"}],"version-history":[{"count":20,"href":"https:\/\/www.greenpeace.org\/denmark\/wp-json\/wp\/v2\/pages\/67635\/revisions"}],"predecessor-version":[{"id":81744,"href":"https:\/\/www.greenpeace.org\/denmark\/wp-json\/wp\/v2\/pages\/67635\/revisions\/81744"}],"up":[{"embeddable":true,"href":"https:\/\/www.greenpeace.org\/denmark\/wp-json\/wp\/v2\/pages\/9"}],"wp:featuredmedia":[{"embeddable":true,"href":"https:\/\/www.greenpeace.org\/denmark\/wp-json\/wp\/v2\/media\/61355"}],"wp:attachment":[{"href":"https:\/\/www.greenpeace.org\/denmark\/wp-json\/wp\/v2\/media?parent=67635"}],"wp:term":[{"taxonomy":"category","embeddable":true,"href":"https:\/\/www.greenpeace.org\/denmark\/wp-json\/wp\/v2\/categories?post=67635"},{"taxonomy":"post_tag","embeddable":true,"href":"https:\/\/www.greenpeace.org\/denmark\/wp-json\/wp\/v2\/tags?post=67635"}],"curies":[{"name":"wp","href":"https:\/\/api.w.org\/{rel}","templated":true}]}}