{"id":68035,"date":"2026-03-30T15:18:15","date_gmt":"2026-03-30T13:18:15","guid":{"rendered":"https:\/\/www.greenpeace.org\/denmark\/?page_id=68035"},"modified":"2026-04-22T12:33:04","modified_gmt":"2026-04-22T10:33:04","slug":"bliv-maanedlig-donor-med-mobilepay-og-red-dybhavet-med-os","status":"publish","type":"page","link":"https:\/\/www.greenpeace.org\/denmark\/vaer-med\/stoet-greenpeace\/bliv-maanedlig-donor-med-mobilepay-og-red-dybhavet-med-os\/","title":{"rendered":"Bliv m\u00e5nedlig donor med MobilePay og red dybhavet med os"},"content":{"rendered":"\n\n<div class=\"wp-block-group alignfull has-blue-20-background-color has-background is-layout-flow wp-block-group-is-layout-flow\">\n<div class=\"wp-block-group container is-layout-flow wp-block-group-is-layout-flow\">\n<div class=\"wp-block-media-text alignfull has-media-on-the-right is-stacked-on-mobile is-pattern-p4-page-header is-style-parallax\"><div class=\"wp-block-media-text__content\">\n<div class=\"wp-block-group is-layout-flow wp-block-group-is-layout-flow\">\n<h1 class=\"wp-block-heading has-blue-20-background-color has-background\">Beskyt dybhavet<\/h1>\n<\/div>\n\n\n\n<p style=\"font-size:1.25rem\"><strong>Dybhavet har eksisteret i millioner af \u00e5r. Men det overlever m\u00e5ske ikke Trump.<\/strong> <strong>Vi skal handle nu, inden det er for sent.<\/strong><\/p>\n\n\n\n<p style=\"font-size:1.25rem\">Hvis Trump giver tilladelse til dybhavsminedrift i internationalt farvand, vil alle mineselskaber tro, de bare kan tage, hvad der passer dem. Vil du v\u00e6re med til at beskytte dybhavet?<\/p>\n\n\n\n<div class=\"wp-block-buttons is-layout-flex wp-block-buttons-is-layout-flex\">\n<div class=\"wp-block-button is-style-cta\"><a class=\"wp-block-button__link has-white-color has-x-dark-blue-background-color has-text-color has-background has-link-color wp-element-button\" href=\"#donate\">St\u00f8t havet her<\/a><\/div>\n<\/div>\n<\/div><figure class=\"wp-block-media-text__media\"><img loading=\"lazy\" decoding=\"async\" width=\"1024\" height=\"701\" src=\"https:\/\/www.greenpeace.org\/static\/planet4-denmark-stateless\/2025\/04\/de6fa15b-deep-sea-creature-1024x701.jpg\" alt=\"\" sizes=\"auto, (min-width: 601px) 50vw, 100vw\" srcset=\"https:\/\/www.greenpeace.org\/static\/planet4-denmark-stateless\/2025\/04\/de6fa15b-deep-sea-creature.jpg 1200w, https:\/\/www.greenpeace.org\/static\/planet4-denmark-stateless\/2025\/04\/de6fa15b-deep-sea-creature-300x205.jpg 300w, https:\/\/www.greenpeace.org\/static\/planet4-denmark-stateless\/2025\/04\/de6fa15b-deep-sea-creature-1024x701.jpg 1024w, https:\/\/www.greenpeace.org\/static\/planet4-denmark-stateless\/2025\/04\/de6fa15b-deep-sea-creature-768x525.jpg 768w, https:\/\/www.greenpeace.org\/static\/planet4-denmark-stateless\/2025\/04\/de6fa15b-deep-sea-creature-497x340.jpg 497w\" class=\"wp-image-64487 size-full\"\/><\/figure><\/div>\n<\/div>\n<\/div>\n\n\n<h5 class=\"wp-block-heading\"><strong>Bliv m\u00e5nedlig donor med MobilePay og beskyt det dybe hav \ud83d\udc99  <\/strong><\/h5>\n\n<style>\n.pgframe { width: 100%; opacity: 1;}\n@media only screen and (max-width: 1000px) { .pgframe { width: 100%; } } @media only screen and (min-width: 1200px) { .pgframe { margin-bottom: -3rem; } }\n<\/style>\n\n<iframe id=\"donate\" src=\"https:\/\/greenpeace-v2.paygate2.dk\/iframe\/54?campaign-code=FRAQXXDOCWBWRA2RG&#038;amount=100&#038;ty-page=https:\/\/www.greenpeace.org\/denmark\/vaer-med\/stoet-greenpeace\/bliv-manedlig-donor-mobilepay\/tak-for-dit-bidrag\/\" height=\"650px\" frameborder=\"0\" class=\"pgframe\"><\/iframe>\n\n<p style=\"font-size:16px\">Se vilk\u00e5rene i vores donorpolitik <a href=\"https:\/\/www.greenpeace.org\/denmark\/om-os\/persondatapolitik\/#persondatapolitik-for-greenpeace-bidragsydere\" data-type=\"URL\" data-id=\"https:\/\/stoet.greenpeace.org\/betingelser#qa-question-1\" target=\"_blank\" rel=\"noreferrer noopener\">her.<\/a> Vi behandler dine personlige oplysninger i henhold til vores <a href=\"https:\/\/stoet.greenpeace.org\/betingelser#qa-question-2\" data-type=\"URL\" data-id=\"https:\/\/stoet.greenpeace.org\/betingelser#qa-question-2\" target=\"_blank\" rel=\"noreferrer noopener\">persondatapolitik<\/a>.<\/p>\n\n<p><strong>MobilePay er den nemmeste m\u00e5de at blive m\u00e5nedlig donor (udfyld ovenst\u00e5ende felter)<\/strong>. Det er ogs\u00e5 muligt at bruge vores <a rel=\"noreferrer noopener\" href=\"https:\/\/stoet.greenpeace.org\/d\/bliv-manedlig-donor-1?_ga=2.207899857.234952180.1656318170-1277971218.1653982497\" data-type=\"URL\" data-id=\"https:\/\/stoet.greenpeace.org\/d\/bliv-manedlig-donor-1?_ga=2.207899857.234952180.1656318170-1277971218.1653982497\" target=\"_blank\">online betalingsform.<\/a><\/p>\n\n<div style=\"height:50px\" aria-hidden=\"true\" class=\"wp-block-spacer\"><\/div>\n\n<div class=\"wp-block-media-text alignwide is-stacked-on-mobile\"><figure class=\"wp-block-media-text__media\"><img loading=\"lazy\" decoding=\"async\" width=\"800\" height=\"414\" src=\"https:\/\/www.greenpeace.org\/static\/planet4-denmark-stateless\/2023\/11\/c3be6818-arctic-sunrise-argentina-sea-cropped.jpg\" alt=\"\" sizes=\"auto, (min-width: 1600px) calc((1320px - 24px) \/ 2),(min-width: 1200px) calc((1140px - 24px) \/ 2),(min-width: 992px) calc((960px - 24px) \/ 2),(min-width: 768px) calc((720px - 24px) \/ 2),(min-width: 601px) calc((540px - 24px) \/ 2),(min-width: 577px) calc((540px - 24px) \/ 1), calc(100vw - 24px)\" srcset=\"https:\/\/www.greenpeace.org\/static\/planet4-denmark-stateless\/2023\/11\/c3be6818-arctic-sunrise-argentina-sea-cropped.jpg 800w, https:\/\/www.greenpeace.org\/static\/planet4-denmark-stateless\/2023\/11\/c3be6818-arctic-sunrise-argentina-sea-cropped-300x155.jpg 300w, https:\/\/www.greenpeace.org\/static\/planet4-denmark-stateless\/2023\/11\/c3be6818-arctic-sunrise-argentina-sea-cropped-768x397.jpg 768w, https:\/\/www.greenpeace.org\/static\/planet4-denmark-stateless\/2023\/11\/c3be6818-arctic-sunrise-argentina-sea-cropped-510x264.jpg 510w\" class=\"wp-image-58127 size-full\"\/><\/figure><div class=\"wp-block-media-text__content\">\n<h3 class=\"wp-block-heading\">Vi vil s\u00f8rge for, at mindst 30 procent af havet er beskyttet i 2030. <\/h3>\n\n\n\n<h3 class=\"wp-block-heading\">Med din st\u00f8tte kan vi:<\/h3>\n\n\n\n<div style=\"height:10px\" aria-hidden=\"true\" class=\"wp-block-spacer\"><\/div>\n\n\n\n<p>1. Dokumentere milj\u00f8trusler, som sker langt v\u00e6k fra verdens bev\u00e5genhed.<\/p>\n\n\n\n<p>2. Lave uafh\u00e6ngig forskning. <\/p>\n\n\n\n<p>3. Pr\u00e6sentere holdbare l\u00f8sninger og l\u00e6gge pres p\u00e5 beslutningstagerne. <\/p>\n\n\n\n<p>4. G\u00e5 fra ord til handlinger gennem fredelige aktioner.<\/p>\n<\/div><\/div>\n\n<div style=\"height:50px\" aria-hidden=\"true\" class=\"wp-block-spacer\"><\/div>\n\n<h3 class=\"wp-block-heading\">Hvorfor st\u00f8tte Greenpeace?<\/h3>\n\n<p>Din st\u00f8tte bidrager til det vigtige arbejde for verdens klima, hav og skov. I 50 \u00e5r har Greenpeace vundet sejre for klima og milj\u00f8 p\u00e5 alle kontinenter og verdenshave. Vi har afsl\u00f8ret milj\u00f8kriminalitet, udf\u00f8rt banebrydende forskning og presset nogen af verdens mest forurenende virksomheder til klimahandling.<\/p>\n\n<p>Med mennesker som dig ombord kan vi blive ved med at g\u00f8re en forskel.<\/p>\n\n<p>Greenpeace er en uafh\u00e6ngig milj\u00f8organisation. Vi modtager af princip hverken penge fra regeringer eller erhvervslivet noget sted i verden. Vores arbejde er finansieret af almindelige mennesker som dig. Det betyder, at vi st\u00e5r helt frit til at konfrontere regeringer og virksomheder, som er ansvarlige for milj\u00f8- og klima\u00f8del\u00e6ggelse.<\/p>\n\n<div style=\"height:30px\" aria-hidden=\"true\" class=\"wp-block-spacer\"><\/div>\n\n<div class=\"wp-block-columns is-layout-flex wp-container-core-columns-is-layout-9d6595d7 wp-block-columns-is-layout-flex\">\n<div class=\"wp-block-column is-vertically-aligned-center is-layout-flow wp-block-column-is-layout-flow\">\n<h3 class=\"wp-block-heading\">Sammen kan vi g\u00f8re dette til forandringens \u00e5rti. Frem mod 2030 arbejder vi for at:<\/h3>\n\n\n\n<div style=\"height:30px\" aria-hidden=\"true\" class=\"wp-block-spacer\"><\/div>\n\n\n\n<p>\u2705 Mindst 30 procent af land og hav er st\u00e6rkt beskyttet<br>\u2705 Globale klimagasudslip er halveret<br>\u2705 Overproduktionen af engangsplastik stopper<br>\u2705 Alle nye olie- og gasprojekter er standset, og en strategi for at stoppe brugen af fossile br\u00e6ndsler er sat i v\u00e6rk<br>\u2705 Sundhed og natur prioriteres over profit<\/p>\n\n\n\n<div style=\"height:30px\" aria-hidden=\"true\" class=\"wp-block-spacer\"><\/div>\n<\/div>\n\n\n\n<div class=\"wp-block-column is-vertically-aligned-center is-layout-flow wp-block-column-is-layout-flow\" style=\"flex-basis:50%\">\n<figure class=\"wp-block-embed is-type-video is-provider-youtube wp-block-embed-youtube wp-embed-aspect-16-9 wp-has-aspect-ratio\"><div class=\"wp-block-embed__wrapper\">\n<iframe loading=\"lazy\" title=\"Hvad end der skal til\" width=\"500\" height=\"281\" src=\"https:\/\/www.youtube.com\/embed\/e_Dho1RgnAY?feature=oembed\" frameborder=\"0\" allow=\"accelerometer; autoplay; clipboard-write; encrypted-media; gyroscope; picture-in-picture; web-share\" referrerpolicy=\"strict-origin-when-cross-origin\" allowfullscreen><\/iframe>\n<\/div><\/figure>\n<\/div>\n<\/div>\n\n<div style=\"height:30px\" aria-hidden=\"true\" class=\"wp-block-spacer\"><\/div>\n\n<div class=\"wp-block-columns block is-pattern-p4-highlighted-cta has-white-color has-grey-200-background-color has-text-color has-background is-layout-flex wp-container-core-columns-is-layout-9d6595d7 wp-block-columns-is-layout-flex\">\n<div class=\"wp-block-column is-layout-flow wp-block-column-is-layout-flow\">\n<figure class=\"wp-block-image aligncenter size-full force-no-lightbox force-no-caption\"><img loading=\"lazy\" decoding=\"async\" width=\"100\" height=\"65\" src=\"https:\/\/www.greenpeace.org\/static\/planet4-denmark-stateless\/2022\/02\/35de8675-icon-show.png\" title=\"Vis filmen\" alt=\"Vis filmen\" class=\"wp-image-50365\"\/><figcaption><div class=\"credit icon-left\"> \u00a9 Greenpeace<\/div><\/figcaption><\/figure>\n\n\n\n<h2 class=\"wp-block-heading has-text-align-center has-black-color has-text-color\">Er du med?<\/h2>\n\n\n\n<div style=\"height:16px\" aria-hidden=\"true\" class=\"wp-block-spacer\"><\/div>\n\n\n\n<div class=\"wp-block-buttons is-content-justification-center is-layout-flex wp-container-core-buttons-is-layout-16018d1d wp-block-buttons-is-layout-flex\">\n<div class=\"wp-block-button is-style-cta\"><a class=\"wp-block-button__link wp-element-button\" href=\"#donate\">Bliv m\u00e5nedlig donor med MobilePay<\/a><\/div>\n<\/div>\n\n\n\n<div style=\"height:16px\" aria-hidden=\"true\" class=\"wp-block-spacer\"><\/div>\n<\/div>\n<\/div>\n\n<div style=\"height:30px\" aria-hidden=\"true\" class=\"wp-block-spacer\"><\/div>\n\n<h3 class=\"wp-block-heading\">Andre m\u00e5der du kan st\u00f8tte p\u00e5:<\/h3>\n\n<p>1. Engangsbidrag: Giv et selvvalgt bel\u00f8b via MobilePay til nummer 91760<br>2. Engangsbidrag: Betal med bankkort <a rel=\"noreferrer noopener\" href=\"https:\/\/stoet.greenpeace.org\/d\/engangsbidrag\" data-type=\"URL\" data-id=\"https:\/\/stoet.greenpeace.org\/d\/engangsbidrag\" target=\"_blank\">her<\/a><\/p>\n\n<div style=\"height:30px\" aria-hidden=\"true\" class=\"wp-block-spacer\"><\/div>\n\n<section class=\"block accordion-block wp-block-planet4-blocks-accordion is-style-light\"><header><h2 class=\"page-section-header\">Fire af vores sejre<\/h2><\/header><div class=\"accordion-content\"><div class=\"accordion-headline\" name=\"1995: K\u00e6mpe sejr i kampen mod dumpning af affald til s\u00f8s\">1995: K\u00e6mpe sejr i kampen mod dumpning af affald til s\u00f8s<\/div><div class=\"panel panel-hidden\"><p class=\"accordion-text\">En af de mest kendte Greenpeace-aktioner, okkuperingen af olieplatformen Brent Spar, fandt sted i Nords\u00f8en i juni 1995. Aktivister okkuperede platformen i over tre uger som en del af en verdensomsp\u00e6ndende kampagne mod Shells plan om at slippe af med platformen, inklusiv 11 tons olie, ved at dumpe den direkte ned i havet. Kampagnen var vellykket, og Shell droppede planerne.<\/p><\/div><\/div><div class=\"accordion-content\"><div class=\"accordion-headline\" name=\"2010: Greenpeace presser Nestl\u00e9 til at stoppe med regnskovs\u00f8del\u00e6ggelse\">2010: Greenpeace presser Nestl\u00e9 til at stoppe med regnskovs\u00f8del\u00e6ggelse<\/div><div class=\"panel panel-hidden\"><p class=\"accordion-text\">Den internationale virksomhed Nestl\u00e9 gik med til at stoppe med at k\u00f8be palmeolie fra producenter, som raserer den indonesiske regnskov. Afg\u00f8relsen kom efter otte uger med massivt pres fra forbrugere p\u00e5 sociale medier og gennem fredelig protest udf\u00f8rt at Greenpeace-aktivister i global kampagne mod m\u00e6rkevaren Kit Kat. <br><\/p><\/div><\/div><div class=\"accordion-content\"><div class=\"accordion-headline\" name=\"2021: Historisk dom i klimaretssag mod Shell\">2021: Historisk dom i klimaretssag mod Shell<\/div><div class=\"panel panel-hidden\"><p class=\"accordion-text\">En nederlandsk ret slog fast, at Shell skal reducere deres klimaudslip med 45 procent f\u00f8r 2030, sammenlignet med 2019-niveau. Dette er f\u00f8rste gang en stor fossilvirksomhed holdes ansvarlig for sit bidrag til klimaforandringerne og p\u00e5l\u00e6gges at reducere udslip. <\/p><\/div><\/div><div class=\"accordion-content\"><div class=\"accordion-headline\" name=\"2023: En historisk sejr for verdenshavene: FN vedtager havtraktat\">2023: En historisk sejr for verdenshavene: FN vedtager havtraktat<\/div><div class=\"panel panel-hidden\"><p class=\"accordion-text\">De store oceaner med alt hvad de indeholder af hvaler, skildpadder, \u00e5l og s\u00e6rlige leveomr\u00e5der har efter mange \u00e5rs FN-forhandlinger endelig f\u00e5et deres egen \u201cParis-aftale\u201d. Efter mere end ti \u00e5rs forhandlinger er FN-landene endelig blevet enige om en havtraktat, som fra 2030 skal beskytte biodiversiteten i mindst 30 procent af verdenshavene. Hidtil har kun v\u00e6ret 1 procent v\u00e6ret beskyttet. En k\u00e6mpe sejr for Greenpeace og den globale biodiversitet.<\/p><\/div><\/div><\/section>\n\n<section class=\"block accordion-block wp-block-planet4-blocks-accordion is-style-light\"><header><h2 class=\"page-section-header\">S\u00e5dan arbejder vi<\/h2><\/header><div class=\"accordion-content\"><div class=\"accordion-headline\" name=\"Vi dokumenterer og afsl\u00f8rer\">Vi dokumenterer og afsl\u00f8rer<\/div><div class=\"panel panel-hidden\"><p class=\"accordion-text\">Milj\u00f8forbrydelser sker ofte langt v\u00e6k fra verdens bev\u00e5genhed. En vigtig del af Greenpeaces arbejde er derfor at tage helt derud, hvor de sker, og dokumentere ved at tage satellitbilleder, filme, interviewe, udf\u00f8re feltarbejde og indsamle beviser og som verdens st\u00f8rste uafh\u00e6ngige milj\u00f8organisation kan vi ved hj\u00e6lp af medierne og vores informationskanaler hurtigt f\u00e5 oplysninger ud til millioner af mennesker verden over<\/p><\/div><\/div><div class=\"accordion-content\"><div class=\"accordion-headline\" name=\"Vi unders\u00f8ger og forsker\">Vi unders\u00f8ger og forsker<\/div><div class=\"panel panel-hidden\"><p class=\"accordion-text\">Vi baserer vores kampagnearbejde p\u00e5 videnskab og fakta. Vi samarbejder med uvildige forskere rundt om i verden og har ogs\u00e5 vores eget forskningslaboratorium p\u00e5 Exeter University I England, som leverer videnskabelig og analytisk r\u00e5dgivning til vores kampagner.<\/p><\/div><\/div><div class=\"accordion-content\"><div class=\"accordion-headline\" name=\"Vi p\u00e5virker\">Vi p\u00e5virker<\/div><div class=\"panel panel-hidden\"><p class=\"accordion-text\">Gennem vores lobbyarbejde opfordrer vi virksomheder og politiske beslutningstagere til at tage de n\u00f8dvendige skridt for at beskytte vores klima, milj\u00f8 og natur. Vi opfordrer altid til dialog og giver virksomheder og beslutningstagere mulighed for at tage ansvar og handling, inden vi begynder at l\u00e6gge pres p\u00e5 dem med offentlighedskampagner eller aktioner.<\/p><\/div><\/div><div class=\"accordion-content\"><div class=\"accordion-headline\" name=\"Vi aktionerer\">Vi aktionerer<\/div><div class=\"panel panel-hidden\"><p class=\"accordion-text\">Greenpeace har en lang tradition for fredelige aktioner. Med vores aktioner \u00f8nsker vi at fremprovokere handling fra dem, som sidder med magt og ansvar. Vores skibsfl\u00e5de g\u00f8r det muligt for os at observere og g\u00e5 i aktion mod milj\u00f8forbrydelser verden rundt, ogs\u00e5 p\u00e5 afsidesliggende steder, som er vanskelige at n\u00e5. Flere af vores aktioner har bidraget til at skabe gr\u00f8nne lov\u00e6ndringer og beskyttelse af s\u00e5rbare omr\u00e5der. Princippet om ikke-vold st\u00e5r centralt i alle vores aktioner.<\/p><\/div><\/div><\/section>\n\n<div style=\"height:32px\" aria-hidden=\"true\" class=\"wp-block-spacer\"><\/div>\n","protected":false},"excerpt":{"rendered":"<p>Havet er i fare. Vores verdenshave er livsvigtige, og dyr, liv og \u00f8kosystemer i havet trues. Bliv donor, og v\u00e6r med til at beskytte havet. Lad os g\u00f8re en forskel for verdenshavene.<\/p>\n","protected":false},"author":93,"featured_media":64487,"parent":5230,"menu_order":0,"comment_status":"closed","ping_status":"closed","template":"","meta":{"ep_exclude_from_search":false,"p4_hide_page_title_checkbox":"on","p4_title":"","p4_subtitle":"","p4_description":"","background_image_id":"","background_image":"","p4_button_title":"","p4_button_link":"","p4_button_link_checkbox":"","p4_og_title":"","p4_og_description":"","p4_og_image":"","p4_og_image_id":"","p4_seo_canonical_url":"https:\/\/www.greenpeace.org\/denmark\/vaer-med\/stoet-greenpeace\/bliv-manedlig-donor-mobilepay\/","p4_campaign_name":"Stop Deep Sea Mining","p4_local_project":"not set","p4_basket_name":"not set","p4_department":"","footnotes":""},"categories":[],"tags":[],"class_list":["post-68035","page","type-page","status-publish","has-post-thumbnail","hentry"],"_links":{"self":[{"href":"https:\/\/www.greenpeace.org\/denmark\/wp-json\/wp\/v2\/pages\/68035","targetHints":{"allow":["GET"]}}],"collection":[{"href":"https:\/\/www.greenpeace.org\/denmark\/wp-json\/wp\/v2\/pages"}],"about":[{"href":"https:\/\/www.greenpeace.org\/denmark\/wp-json\/wp\/v2\/types\/page"}],"author":[{"embeddable":true,"href":"https:\/\/www.greenpeace.org\/denmark\/wp-json\/wp\/v2\/users\/93"}],"replies":[{"embeddable":true,"href":"https:\/\/www.greenpeace.org\/denmark\/wp-json\/wp\/v2\/comments?post=68035"}],"version-history":[{"count":2,"href":"https:\/\/www.greenpeace.org\/denmark\/wp-json\/wp\/v2\/pages\/68035\/revisions"}],"predecessor-version":[{"id":81591,"href":"https:\/\/www.greenpeace.org\/denmark\/wp-json\/wp\/v2\/pages\/68035\/revisions\/81591"}],"up":[{"embeddable":true,"href":"https:\/\/www.greenpeace.org\/denmark\/wp-json\/wp\/v2\/pages\/5230"}],"wp:featuredmedia":[{"embeddable":true,"href":"https:\/\/www.greenpeace.org\/denmark\/wp-json\/wp\/v2\/media\/64487"}],"wp:attachment":[{"href":"https:\/\/www.greenpeace.org\/denmark\/wp-json\/wp\/v2\/media?parent=68035"}],"wp:term":[{"taxonomy":"category","embeddable":true,"href":"https:\/\/www.greenpeace.org\/denmark\/wp-json\/wp\/v2\/categories?post=68035"},{"taxonomy":"post_tag","embeddable":true,"href":"https:\/\/www.greenpeace.org\/denmark\/wp-json\/wp\/v2\/tags?post=68035"}],"curies":[{"name":"wp","href":"https:\/\/api.w.org\/{rel}","templated":true}]}}