{"id":318,"date":"2018-07-25T13:44:00","date_gmt":"2018-07-25T11:44:00","guid":{"rendered":"https:\/\/www.greenpeace.org\/eu-unit\/?page_id=318"},"modified":"2026-04-08T15:58:58","modified_gmt":"2026-04-08T13:58:58","slug":"work-with-us","status":"publish","type":"page","link":"https:\/\/www.greenpeace.org\/eu-unit\/work-with-us\/","title":{"rendered":"Work with us"},"content":{"rendered":"\n<div class=\"wp-block-group is-vertical is-layout-flex wp-container-core-group-is-layout-8cf370e7 wp-block-group-is-layout-flex\">\n<p>Want to make a difference? Join Greenpeace. &nbsp;<\/p>\n<\/div>\n<p>Our dynamic team is made up of talented individuals who are passionate about preserving our planet. We offer a positive working environment and good benefits.<\/p>\n<p>You can consult\u00a0<a href=\"https:\/\/www.greenpeace.org\/eu-unit\/privacy-statement-for-applicants\/\">our privacy statement for applicants here<\/a>. (Aussi en fran\u00e7ais, ook in het Nederlands.)<\/p>\n<p>All job openings at Greenpeace European Unit will be posted here and advertised <a href=\"https:\/\/bsky.app\/profile\/greenpeace.eu\">on our Bluesky<\/a>, <a href=\"https:\/\/www.linkedin.com\/company\/greenpeace-european-unit\/\">LinkedIn<\/a> and <a href=\"https:\/\/www.instagram.com\/greenpeaceeu\/\">Instagram.<\/a> You can also check out job offers with <a href=\"https:\/\/www.greenpeace.org\/international\/LinkedIn\">Greenpeace offices around the world<\/a>.<\/p>\n<h4>Job opening \u2013 Political Campaigner \u2013 EU Tech Regulation<\/h4>\n<h4>\u00a0<\/h4>\n<p><strong>Location:<\/strong> Brussels, Belgium<br \/><strong>Reports to:<\/strong> Programme Director, Greenpeace European Unit<br \/><strong>Contract type:<\/strong> CDI \u2013 Contrat \u00e0 Dur\u00e9e Ind\u00e9termin\u00e9e, Full-Time (37.5h\/week)<br \/><strong>Contact for questions<\/strong>: <a href=\"mailto:martina.iannuzzi@greenpeace.org\">martina.iannuzzi@greenpeace.org<\/a>\u00a0<\/p>\n<p><strong>Role Purpose<\/strong><\/p>\n<p>Greenpeace European Unit is recruiting a political campaigner on EU tech regulation to drive ambitious change at the heart of Europe, at a time when regulating big tech is more urgent than ever.<\/p>\n<p>Widespread misinformation, monopolistic power, data extraction, and online violence call for accountability and a renewed public interest approach towards digital infrastructure.<\/p>\n<p>Based in Brussels, the political campaigner will conduct Greenpeace\u2019s advocacy work on big tech, pushing for bold EU regulation by identifying critical political opportunities, guiding high-impact campaigns, and mobilising coalitions to ensure digital power is held accountable to people and the planet.<\/p>\n<p>We are looking for a driven and experienced professional with deep policy expertise at the intersection of tech, democracy, and environmental justice, ready to step up Greenpeace\u2019s work on public-interest digital regulation in the EU.<\/p>\n<p>This is a unique opportunity to contribute to some of the most defining policy debates of our time within a global organisation.<\/p>\n<p><strong>Key Responsibilities \u2013 Strategic Campaign Development<\/strong><\/p>\n<p>Identify key regulatory battles on big tech where Greenpeace EU can make the most difference<\/p>\n<p>Develop and implement advocacy strategies on big tech<\/p>\n<p>Maintain active relationships with EU institutions and representatives<\/p>\n<p>Provide policy advice, expertise and analysis to support campaign goals at the EU level<\/p>\n<p>Align EU-level work on big tech with broader Greenpeace priorities and campaigns<\/p>\n<p>Draft briefings, letters and other advocacy material for EU audiences<\/p>\n<p>Partner with other NGOs, civil society and advocacy networks<\/p>\n<p>Act as spokesperson in media and public forums on relevant EU political issues<\/p>\n<p><strong>Candidate Profile<\/strong><br \/>Excellent expertise in big tech, AI, and digital regulation; competition legislation is a plus<\/p>\n<p>Proven fluency in policy analysis and writing<\/p>\n<p>Knowledge of EU decision-making processes<\/p>\n<p>Several years of relevant professional experience with demonstrated ability to develop and execute advocacy strategies<\/p>\n<p>Strong networking skills and ability to work with diverse stakeholders<\/p>\n<p>Fluency in English and at least one other European language<\/p>\n<p><strong>What We Offer<\/strong><\/p>\n<p>A strategic and high-impact role shaping EU policy at a critical moment for digital regulation<\/p>\n<p>The opportunity to work at the heart of European decision-making in Brussels and contributing to policy that will define our collective future<\/p>\n<p>A collaborative, international, and purpose-driven team in Brussels and a network of colleagues and offices across the world<\/p>\n<p>Competitive NGO salary ranging EUR 4,700 \u2013 EUR 5,900 depending on experience<\/p>\n<p>Competitive benefits package, including pension, health insurance, meal vouchers, transport support, and extra paid holidays<\/p>\n<p>Flexible working: while the post is ordinarily in the office in Brussels, we allow part-time teleworking<\/p>\n<p><strong>Our Values<\/strong><\/p>\n<p>Greenpeace is committed to equal opportunities and diversity. We encourage applications from anyone who believes they fit the essential\u00a0 requirements for the job, irrespective of: race\/ethnicity; religion\/belief; disability; sex, gender identity or sexual orientation; pregnancy,<br \/>marital or parental status; and age.<\/p>\n<p>Greenpeace is an independent global campaigning network that acts to change attitudes and behaviour, to protect and conserve the environment and to promote peace. We do not accept donations from governments, the EU, businesses or political parties.<\/p>\n<p>EU Transparency Register: 9832909575-41<\/p>\n<p><strong>How to Apply<\/strong><\/p>\n<p>Please send your CV and cover letter in one PDF labelled as [lastname_firstname_bigtech]<br \/>to <a href=\"mailto:martina.iannuzzi@greenpeace.org\">martina.iannuzzi@greenpeace.org<\/a><\/p>\n<p><strong>Applications will be reviewed on a rolling basis.<\/strong><\/p>\n<p>Join Greenpeace European Unit and help ensure that the rules of our digital future serve the public interest \u2014 not just corporate power.<\/p>\n<h4>*********************************************************************************************************************************<\/h4>\n<h4><strong>Internships<\/strong><\/h4>\n<h4>Sorry, there are no internship vacancies in the Greenpeace European Unit at the moment. Any future internship vacancies will be posted on this page and advertised on our <a href=\"https:\/\/bsky.app\/profile\/greenpeace.eu\">Bluesky<\/a>, <a href=\"https:\/\/www.linkedin.com\/company\/greenpeace-european-unit\/\">LinkedIn<\/a> and <a href=\"http:\/\/and Instagram\" data-wplink-url-error=\"true\">Instagram.<\/a><\/h4>\n<h4>\u00a0<\/h4>\n<p><strong><em>The Greenpeace European Unit is committed to equal opportunities and diversity. We encourage applications from anyone who believes they fit the essential requirements of a job, irrespective of age; disability; sex, gender identity or sexual orientation; pregnancy, marital or parental status; ethnicity; or religion\/belief.<\/em><\/strong><\/p>\n<div>\u00a0<\/div>\n<div>\u00a0<\/div>\n","protected":false},"excerpt":{"rendered":"<p>Want to make a difference? Join Greenpeace. &nbsp; Our dynamic team is made up of talented individuals who are passionate about preserving our planet. We offer a positive working environment and good benefits. You can consult\u00a0our privacy statement for applicants here. (Aussi en fran\u00e7ais, ook in het Nederlands.) All job openings at Greenpeace European Unit [&hellip;]<\/p>\n","protected":false},"author":7,"featured_media":46708,"parent":0,"menu_order":0,"comment_status":"closed","ping_status":"closed","template":"","meta":{"ep_exclude_from_search":false,"p4_hide_page_title_checkbox":"","p4_title":"","p4_subtitle":"","p4_description":"","background_image_id":"","background_image":"","p4_button_title":"","p4_button_link":"","p4_button_link_checkbox":"","p4_og_title":"","p4_og_description":"","p4_og_image":"","p4_og_image_id":"","p4_seo_canonical_url":"","p4_campaign_name":"not set","p4_local_project":"not set","p4_basket_name":"not set","p4_department":"","footnotes":""},"categories":[45],"tags":[],"class_list":["post-318","page","type-page","status-publish","has-post-thumbnail","hentry","category-about-us"],"_links":{"self":[{"href":"https:\/\/www.greenpeace.org\/eu-unit\/wp-json\/wp\/v2\/pages\/318","targetHints":{"allow":["GET"]}}],"collection":[{"href":"https:\/\/www.greenpeace.org\/eu-unit\/wp-json\/wp\/v2\/pages"}],"about":[{"href":"https:\/\/www.greenpeace.org\/eu-unit\/wp-json\/wp\/v2\/types\/page"}],"author":[{"embeddable":true,"href":"https:\/\/www.greenpeace.org\/eu-unit\/wp-json\/wp\/v2\/users\/7"}],"replies":[{"embeddable":true,"href":"https:\/\/www.greenpeace.org\/eu-unit\/wp-json\/wp\/v2\/comments?post=318"}],"version-history":[{"count":20,"href":"https:\/\/www.greenpeace.org\/eu-unit\/wp-json\/wp\/v2\/pages\/318\/revisions"}],"predecessor-version":[{"id":47959,"href":"https:\/\/www.greenpeace.org\/eu-unit\/wp-json\/wp\/v2\/pages\/318\/revisions\/47959"}],"wp:featuredmedia":[{"embeddable":true,"href":"https:\/\/www.greenpeace.org\/eu-unit\/wp-json\/wp\/v2\/media\/46708"}],"wp:attachment":[{"href":"https:\/\/www.greenpeace.org\/eu-unit\/wp-json\/wp\/v2\/media?parent=318"}],"wp:term":[{"taxonomy":"category","embeddable":true,"href":"https:\/\/www.greenpeace.org\/eu-unit\/wp-json\/wp\/v2\/categories?post=318"},{"taxonomy":"post_tag","embeddable":true,"href":"https:\/\/www.greenpeace.org\/eu-unit\/wp-json\/wp\/v2\/tags?post=318"}],"curies":[{"name":"wp","href":"https:\/\/api.w.org\/{rel}","templated":true}]}}