{"id":429,"date":"2018-07-26T09:54:17","date_gmt":"2018-07-26T07:54:17","guid":{"rendered":"https:\/\/www.greenpeace.org\/eu-unit\/?page_id=429"},"modified":"2025-07-10T20:40:17","modified_gmt":"2025-07-10T18:40:17","slug":"privacy-statement-for-applicants","status":"publish","type":"page","link":"https:\/\/www.greenpeace.org\/eu-unit\/privacy-statement-for-applicants\/","title":{"rendered":"Privacy statement for applicants"},"content":{"rendered":"<div data-render=\"planet4-blocks\/submenu\" data-attributes=\"{&quot;attributes&quot;:{&quot;title&quot;:&quot;Fran\\u00e7ais ci-dessous \\\/ Nederlands hieronder&quot;,&quot;submenu_style&quot;:2,&quot;levels&quot;:[{&quot;heading&quot;:3,&quot;link&quot;:true}]}}\"><\/div><p>The present document informs you about the processing of your personal data as part of a recruitment process with our organisation. The document describes which of your personal data are processed, on what basis and why, and what rights you have as an applicant.<\/p>\n<p><em>1. Identification and contact information<\/em><\/p>\n<p>Greenpeace European Unit (Belgian non-profit or ASBL) with its headquarters at Rue Belliard 199 in 1040 Brussels (Enterprise number: BE0457.563.648) is responsible for the processing of the data.<\/p>\n<p><em>2. Which personal data are processed?<\/em><\/p>\n<p>The following personal data are being processed:<\/p>\n<p>Identification data<br \/>Contact details<br \/>Behavioural data and personal characteristics<br \/>Data on education and work history<br \/>Greenpeace European Unit does not collect or process any sensitive applicant data, such as data that reveals your race or ethnic origin, political opinions, religious or philosophical beliefs, trade-union membership, health or sexual orientation. If, owing to certain circumstances, Greenpeace European Unit does collect sensitive applicant data, the applicant\u2019s explicit prior written consent will be asked. Please note that by providing Greenpeace European Unit with unsolicited sensitive applicant data, the applicant consents to Greenpeace European Unit\u2019s processing of this sensitive applicant data for recruitment purposes.<\/p>\n<p><em>3. For what purpose and on which legal basis are the personal data processed?<\/em><\/p>\n<p>The abovementioned data are processed within the framework of a recruitment process with our organisation. With your consent the data will also be processed in order to be able to contact you in case of possible future vacancies. By responding to our vacancy you give your informed, free, specific and unambiguous consent to the processing of your data. You can always withdraw your consent.<\/p>\n<p><em>4. Retention<\/em><\/p>\n<p>Your personal data will be retained for a period of 6 months after the recruitment process ends.<\/p>\n<p><em>5. Transfer<\/em><\/p>\n<p>Your personal data will not be transferred to third parties.<\/p>\n<p>Providing us with your personal data is a necessary condition to participate in the recruitment process and to be recruited by our organisation. You are not obliged to provide us with these personal data. However, in that case you cannot participate in the recruitment process and be recruited by our organisation.<\/p>\n<p><em>6. Applicants\u2019 rights concerning the processing of personal data provided to our organisation<\/em><\/p>\n<p>You have the right to:<\/p>\n<p>(1) have access to the personal data processed by our organisation;<\/p>\n<p>(2) have inaccurate personal data corrected;<\/p>\n<p>(3) request \u2013 under certain circumstances \u2013 to have your personal data deleted;<\/p>\n<p>(4) limit the processing of your personal data;<\/p>\n<p>(5) transfer the personal data you provided us with to another organisation\/company;<\/p>\n<p>(6) object to the processing of the personal data you provided us with.<\/p>\n<p>You also have the right to file a complaint with the Data Protection Authority.<\/p>\n<p><em>7. Contact<\/em><\/p>\n<p>In case you have additional questions about the use and the processing of your personal data, please contact the staff member responsible:<\/p>\n<p>Martina Kr\u00fcger<br \/>COO<br \/>Tel: +46 (0)705 502 913<br \/>E-mail: <a href=\"mailto:martina.krueger@greenpeace.org\">martina.krueger@greenpeace.org<\/a><\/p>\n<h3><strong>D\u00e9claration de confidentialit\u00e9 postulants<\/strong><\/h3>\n<p>Le pr\u00e9sent document vise \u00e0 vous informer du traitement de vos donn\u00e9es dans le cadre d\u2019une proc\u00e9dure d\u2019embauche au sein de notre entreprise. La pr\u00e9sente fiche d\u2019informations d\u00e9crit les donn\u00e9es \u00e0 caract\u00e8re personnel vous concernant que nous traitons, la fa\u00e7on dont elles seront trait\u00e9es, le motif du traitement, ainsi que vos droits.<\/p>\n<p>1. Identification et donn\u00e9es de contact<\/p>\n<p>Le responsable du traitement de vos donn\u00e9es est Greenpeace European Unit, asbl, ayant son si\u00e8ge social \u00e0 la Rue Belliard 199 \u00e0 1040 Bruxelles et le num\u00e9ro d\u2019entreprise BE0457.563.648<\/p>\n<p>2. Quelles donn\u00e9es \u00e0 caract\u00e8re personnel seront trait\u00e9es ?<\/p>\n<p>Les donn\u00e9es \u00e0 caract\u00e8re personnel suivantes seront trait\u00e9es :<\/p>\n<p>Donn\u00e9es d\u2019identification<br \/>Coordonn\u00e9es<br \/>Donn\u00e9es li\u00e9es \u00e0 votre comportement et vos caract\u00e9ristiques personnelles<br \/>Donn\u00e9es concernant votre formation et votre profession<br \/>Greenpeace European Unit ne collecte et ne traite pas de donn\u00e9es sensibles sur les candidats, telles que les donn\u00e9es relatives \u00e0 la race ou \u00e0 l&#8217;origine ethnique, aux opinions politiques, aux convictions religieuses ou philosophiques, \u00e0 l&#8217;adh\u00e9sion \u00e0 un syndicat, \u00e0 la sant\u00e9 ou \u00e0 la sexualit\u00e9. Si, en raison de certaines circonstances, Greenpeace European Unit devait collecter des donn\u00e9es confidentielles sur un candidat, il sera demand\u00e9 au pr\u00e9alable \u00e0 ce dernier de donner explicitement son accord par \u00e9crit. Veuillez noter que si un candidat fournit des donn\u00e9es personnelles sensibles non sollicit\u00e9es \u00e0 Greenpeace European Unit, ce candidat consent \u00e0 ce que Greenpeace European Unit utilise ces donn\u00e9es \u00e0 des fins de recrutement.<\/p>\n<p>3. Pour quelle finalit\u00e9 et sur quelle base juridique les donn\u00e9es \u00e0 caract\u00e8re personnel sont-elles trait\u00e9es ?<\/p>\n<p>Les donn\u00e9es ci-dessus sont trait\u00e9es afin de mener la proc\u00e9dure d\u2019embauche. Avec votre accord, ces donn\u00e9es seront \u00e9galement utilis\u00e9es afin de vous contacter pour les postes vacants qui s\u2019ouvriront \u00e9ventuellement au sein de notre organisation \u00e0 l\u2019avenir. Votre r\u00e9action \u00e0 notre appel \u00e0 candidature implique votre autorisation inform\u00e9e, libre, sp\u00e9cifique et univoque pour le traitement de vos donn\u00e9es. Vous pouvez \u00e0 tout moment retirer votre autorisation.<\/p>\n<p>4. D\u00e9lai de conservation<\/p>\n<p>Vos donn\u00e9es seront conserv\u00e9es jusqu\u2019\u00e0 6 mois (d\u00e9lai de conservation) suivant la fin de la proc\u00e9dure d\u2019embauche.<\/p>\n<p>5. Destinataires et transmission<\/p>\n<p>Vos donn\u00e9es ne seront pas transmis \u00e0 des tiers.<\/p>\n<p>La communication de vos donn\u00e9es \u00e0 caract\u00e8re personnel est une condition indispensable pour poser votre candidature et entrer en ligne de compte pour occuper le poste vacant. Vous n\u2019\u00eates pas oblig\u00e9 de fournir ces donn\u00e9es. Si vous ne nous communiquez pas les donn\u00e9es \u00e0 caract\u00e8re personnel demand\u00e9es, vous ne pourrez pas postuler et vous n&#8217;entrerez pas en ligne de compte pour occuper le poste vacant.<\/p>\n<p>6. Les droits concernant le traitement des donn\u00e9es \u00e0 caract\u00e8re personnel qui nous sont fournies<\/p>\n<p>Vous avez droit \u00e0 :<\/p>\n<p>(1) consulter les donn\u00e9es \u00e0 caract\u00e8re personnel que nous traitons.<\/p>\n<p>(2) faire corriger des donn\u00e9es incorrectes.<\/p>\n<p>(3) dans certaines circonstances, demander l\u2019effacement de vos donn\u00e9es \u00e0 caract\u00e8re personnel.<\/p>\n<p>(4) limiter le traitement des donn\u00e9es \u00e0 caract\u00e8re personnel vous concernant.<\/p>\n<p>(5) obtenir les donn\u00e9es \u00e0 caract\u00e8re personnel que nous traitons et les transmettre \u00e0 un autre responsable du traitement.<\/p>\n<p>(6) vous opposer au traitement des donn\u00e9es que vous nous avez fournies.<\/p>\n<p>Vous avez \u00e9galement le droit d\u2019introduire un r\u00e9clamation aupr\u00e8s de l\u2019Autorit\u00e9 de protection des donn\u00e9es.<\/p>\n<p>7. Contact<\/p>\n<p>Si vous avez d\u2019autres questions concernant l\u2019utilisation et le traitement de vos donn\u00e9es \u00e0 caract\u00e8re personnel, vous pouvez vous adresser au responsable de la protection de donn\u00e9es:<\/p>\n<p>Martina Kr\u00fcger<br \/>COO<br \/>Tel: +46 (0)705 502 913<br \/>E-mail: <a href=\"mailto:martina.krueger@greenpeace.org\">martina.krueger@greenpeace.org<\/a>\u00a0<\/p>\n<h3><strong>Privacyverklaring sollicitanten<\/strong><\/h3>\n<p>Met huidig document wordt u ge\u00efnformeerd inzake de verwerking van uw gegevens in het kader van een sollicitatietraject bij onze organisatie. Deze inlichtingenfiche omschrijft welke persoonsgegevens van u, op welke basis en waarom verwerkt worden en welke rechten u hebt.<\/p>\n<p><em>1. Identificatie en contactgegevens<\/em><\/p>\n<p>De verwerkingsverantwoordelijke van de gegevens is Greenpeace European Unit, vzw, met maatschappelijke zetel in de Belliardstraat 199 in 1040 Brussel en ondernemingsnummer BE0457.563.648<\/p>\n<p><em>2. Welke persoonsgegevens worden verwerkt?<\/em><\/p>\n<p>De volgende persoonsgegevens worden verwerkt:<\/p>\n<p>Identificatiegegevens<br \/>Contactgegevens<br \/>Gedragsgegevens en persoonlijke kenmerken<br \/>Opleidings- en beroepsgegevens<br \/>Greenpeace European Unit verzamelt en verwerkt geen gevoelige informatie over sollicitanten, bijvoorbeeld gegevens die uw ras of etnische achtergrond, politieke, godsdienstige of filosofische overtuiging, eventueel lidmaatschap van een vakbond, gezondheid of seksleven onthullen. Indien, wegens bepaalde omstandigheden gevoelige informatie over een sollicitant worden verzameld, vraagt Greenpeace European Unit hiervoor uitdrukkelijke, schriftelijke toestemming van de sollicitant. Opgemerkt dient te worden dat indien een sollicitant ongevraagd gevoelige persoonlijke informatie aan Greenpeace European Unit verstrekt, de sollicitant toestemming aan Greenpeace European Unit geeft om deze te gebruiken voor wervingsdoeleinden.<\/p>\n<p><em>3. Voor welke doeleinden en met welke rechtsgrond worden de persoonsgegevens verwerkt?<\/em><\/p>\n<p>Bovenstaande gegevens worden verwerkt met als doel het doorlopen van het sollicitatietraject. Met uw toestemming worden deze gegevens ook verwerkt voor een contactname voor eventueel toekomstige vacatures binnen onze organisatie. Uw reactie op onze vacature geldt als de actieve handeling waarbij u uw ge\u00efnformeerde, vrije, specifieke en ondubbelzinnige toestemming geeft voor de verwerking van uw gegevens. U kan deze toestemming altijd intrekken.<\/p>\n<p><em>4. Bewaartermijn<\/em><\/p>\n<p>Uw gegevens worden bewaard tot 6 maanden (bewaartermijn) na het einde van het sollicitatietraject.<\/p>\n<p><em>5. Ontvangers en doorgifte<\/em><\/p>\n<p>Uw gegevens worden niet doorgegeven aan derden.<\/p>\n<p>Het verstrekken van uw persoonsgegevens is een noodzakelijke voorwaarde om het sollicitatietraject te doorlopen en in aanmerking te komen om bij ons aangeworven te worden. U bent niet verplicht deze gegevens te verstrekken. Indien u de gevraagde persoonsgegevens niet zou verstrekken kan het sollicitatietraject niet worden doorlopen en komt u niet in aanmerking voor aanwerving.<\/p>\n<p><em>6. Rechten met betrekking tot verwerking van de aan ons verstrekte persoonsgegevens<\/em><\/p>\n<p>U hebt het recht om:<\/p>\n<p>(1) Inzage te krijgen in de persoonsgegevens die door ons worden verwerkt.<\/p>\n<p>(2) onjuiste gegevens te doen verbeteren.<\/p>\n<p>(3) in bepaalde omstandigheden te verzoeken uw persoonsgegevens te wissen.<\/p>\n<p>(4) de verwerking van de persoonsgegevens die op u van toepassing zijn te beperken<\/p>\n<p>(5) de aan ons verstrekte persoonsgegevens te verkrijgen en deze gegevens aan een andere verwerkingsverantwoordelijke over te dragen.<\/p>\n<p>(6) bezwaar te maken tegen de verwerking van de aan ons verstrekte gegevens.<\/p>\n<p>U heeft ook het recht om klacht in te dienen bij de Gegevensbeschermingsautoriteit.<\/p>\n<p><em>7. Contact<\/em><\/p>\n<p>Mocht u nog andere vragen hebben over het gebruik en de verwerking van uw persoonsgegevens, kan u zich wenden tot onze verantwoordelijke voor gegevensbescherming, met name:<\/p>\n<p>Martina Kr\u00fcger<br \/>COO<br \/>Tel: +46 (0)705 502 913<br \/>E-mail: <a href=\"mailto:martina.krueger@greenpeace.org\">martina.krueger@greenpeace.org<\/a>\u00a0<\/p>\n\n<p><\/p>\n","protected":false},"excerpt":{"rendered":"<p>The present document informs you about the processing of your personal data as part of a recruitment process with our organisation. The document describes which of your personal data are processed, on what basis and why, and what rights you have as an applicant. 1. Identification and contact information Greenpeace European Unit (Belgian non-profit or [&hellip;]<\/p>\n","protected":false},"author":7,"featured_media":0,"parent":0,"menu_order":0,"comment_status":"closed","ping_status":"closed","template":"","meta":{"ep_exclude_from_search":false,"p4_hide_page_title_checkbox":"","p4_title":"","p4_subtitle":"","p4_description":"","background_image_id":"","background_image":"","p4_button_title":"","p4_button_link":"","p4_button_link_checkbox":"","p4_og_title":"","p4_og_description":"","p4_og_image":"","p4_og_image_id":"","p4_seo_canonical_url":"","p4_campaign_name":"","p4_local_project":"","p4_basket_name":"","p4_department":"","footnotes":""},"categories":[],"tags":[],"class_list":["post-429","page","type-page","status-publish","hentry"],"_links":{"self":[{"href":"https:\/\/www.greenpeace.org\/eu-unit\/wp-json\/wp\/v2\/pages\/429","targetHints":{"allow":["GET"]}}],"collection":[{"href":"https:\/\/www.greenpeace.org\/eu-unit\/wp-json\/wp\/v2\/pages"}],"about":[{"href":"https:\/\/www.greenpeace.org\/eu-unit\/wp-json\/wp\/v2\/types\/page"}],"author":[{"embeddable":true,"href":"https:\/\/www.greenpeace.org\/eu-unit\/wp-json\/wp\/v2\/users\/7"}],"replies":[{"embeddable":true,"href":"https:\/\/www.greenpeace.org\/eu-unit\/wp-json\/wp\/v2\/comments?post=429"}],"version-history":[{"count":15,"href":"https:\/\/www.greenpeace.org\/eu-unit\/wp-json\/wp\/v2\/pages\/429\/revisions"}],"predecessor-version":[{"id":47662,"href":"https:\/\/www.greenpeace.org\/eu-unit\/wp-json\/wp\/v2\/pages\/429\/revisions\/47662"}],"wp:attachment":[{"href":"https:\/\/www.greenpeace.org\/eu-unit\/wp-json\/wp\/v2\/media?parent=429"}],"wp:term":[{"taxonomy":"category","embeddable":true,"href":"https:\/\/www.greenpeace.org\/eu-unit\/wp-json\/wp\/v2\/categories?post=429"},{"taxonomy":"post_tag","embeddable":true,"href":"https:\/\/www.greenpeace.org\/eu-unit\/wp-json\/wp\/v2\/tags?post=429"}],"curies":[{"name":"wp","href":"https:\/\/api.w.org\/{rel}","templated":true}]}}