{"id":1354,"date":"2019-02-01T11:49:55","date_gmt":"2019-02-01T11:49:55","guid":{"rendered":"https:\/\/www.greenpeace.org\/finland\/?page_id=1354"},"modified":"2024-03-26T14:36:57","modified_gmt":"2024-03-26T11:36:57","slug":"rahankerayslupa","status":"publish","type":"page","link":"https:\/\/www.greenpeace.org\/finland\/meista\/rahankerayslupa\/","title":{"rendered":"Poliisihallituksen rahanker\u00e4yslupa"},"content":{"rendered":"\n                    <div class=\"wp-block-group is-vertical is-layout-flex wp-container-core-group-is-layout-8cf370e7 wp-block-group-is-layout-flex\">\n                    \n\n                    \n                    <\/div>\n                    <p>                <b>Luvan numero ja p\u00e4iv\u00e4m\u00e4\u00e4r\u00e4:<\/b><span style=\"font-weight: 400;\"> RA\/2020\/1472, 1.1.2021. Ahvenanmaan rahanker\u00e4yslupa \u00c5LR 2024\/1459.<\/span><\/p>\n<p><b>Luvan saaja: <\/b><span style=\"font-weight: 400;\">Greenpeace Pohjola ry (1483238-5)<\/span><\/p>\n<p><b>Luvan my\u00f6nt\u00e4j\u00e4:<\/b><span style=\"font-weight: 400;\"> Poliisihallitus<\/span><\/p>\n<p><b>Ker\u00e4yksen toimeenpanoaika- ja alue:<\/b><span style=\"font-weight: 400;\"> Lupa on voimassa <\/span><b>1.1.2021<\/b> l\u00e4htien <span style=\"font-weight: 400;\">koko maassa Ahvenanmaata lukuunottamatta. Ahvenanmaan rahanker\u00e4yslupa \u00c5LR 2024\/1459.<\/span><\/p>\n<p><b>K\u00e4ytt\u00f6tarkoitus: <\/b><span style=\"font-weight: 400;\">Ker\u00e4tyt varat k\u00e4ytet\u00e4\u00e4n vuodesta 2021 l\u00e4htien Greenpeacen ilmasto-, energia-, mets\u00e4-, meri-, ymp\u00e4rist\u00f6myrkky- ja kest\u00e4v\u00e4 maatalous -kampanjoiden toteuttamiseen Pohjoismaissa. Osa varoista k\u00e4ytet\u00e4\u00e4n j\u00e4rjest\u00f6n kansainv\u00e4liseen ymp\u00e4rist\u00f6ty\u00f6h\u00f6n.<\/span><\/p>\n<p><strong><br \/>\n<a href=\"https:\/\/www.greenpeace.org\/static\/planet4-finland-stateless\/2021\/02\/0aa65c51-rahanker\u00e4yslupa-2021-.pdf\">Alkuper\u00e4inen lupa PDF-muodossa.<\/a><\/strong><\/p>\n","protected":false},"excerpt":{"rendered":"<p>Luvan numero ja p\u00e4iv\u00e4m\u00e4\u00e4r\u00e4: RA\/2020\/1472, 1.1.2021. Ahvenanmaan rahanker\u00e4yslupa \u00c5LR 2024\/1459. Luvan saaja: Greenpeace Pohjola ry (1483238-5) Luvan my\u00f6nt\u00e4j\u00e4: Poliisihallitus Ker\u00e4yksen toimeenpanoaika- ja alue: Lupa on voimassa 1.1.2021 l\u00e4htien koko maassa Ahvenanmaata lukuunottamatta. Ahvenanmaan rahanker\u00e4yslupa \u00c5LR 2024\/1459. K\u00e4ytt\u00f6tarkoitus: Ker\u00e4tyt varat k\u00e4ytet\u00e4\u00e4n vuodesta 2021 l\u00e4htien Greenpeacen ilmasto-, energia-, mets\u00e4-, meri-, ymp\u00e4rist\u00f6myrkky- ja kest\u00e4v\u00e4 maatalous -kampanjoiden toteuttamiseen Pohjoismaissa. [&hellip;]<\/p>\n","protected":false},"author":35,"featured_media":0,"parent":234,"menu_order":0,"comment_status":"closed","ping_status":"closed","template":"","meta":{"_improvement_type_select":"improve_an_existing","_thumb_yes_seoaic":false,"_frame_yes_seoaic":false,"seoaic_generate_description":"","seoaic_improve_instructions_prompt":"","seoaic_rollback_content_improvement":"","seoaic_idea_thumbnail_generator":"","thumbnail_generated":false,"thumbnail_generate_prompt":"","seoaic_article_description":"","ep_exclude_from_search":false,"p4_hide_page_title_checkbox":"","p4_title":"","p4_subtitle":"","p4_description":"","background_image_id":"","background_image":"","p4_button_title":"","p4_button_link":"","p4_button_link_checkbox":"","p4_og_title":"","p4_og_description":"","p4_og_image":"","p4_og_image_id":"","p4_seo_canonical_url":"","p4_campaign_name":"not set","p4_local_project":"not set","p4_basket_name":"not set","p4_department":"","footnotes":""},"categories":[31],"tags":[13],"class_list":["post-1354","page","type-page","status-publish","hentry","category-greenpeace","tag-tietoameista"],"_links":{"self":[{"href":"https:\/\/www.greenpeace.org\/finland\/wp-json\/wp\/v2\/pages\/1354","targetHints":{"allow":["GET"]}}],"collection":[{"href":"https:\/\/www.greenpeace.org\/finland\/wp-json\/wp\/v2\/pages"}],"about":[{"href":"https:\/\/www.greenpeace.org\/finland\/wp-json\/wp\/v2\/types\/page"}],"author":[{"embeddable":true,"href":"https:\/\/www.greenpeace.org\/finland\/wp-json\/wp\/v2\/users\/35"}],"replies":[{"embeddable":true,"href":"https:\/\/www.greenpeace.org\/finland\/wp-json\/wp\/v2\/comments?post=1354"}],"version-history":[{"count":13,"href":"https:\/\/www.greenpeace.org\/finland\/wp-json\/wp\/v2\/pages\/1354\/revisions"}],"predecessor-version":[{"id":56494,"href":"https:\/\/www.greenpeace.org\/finland\/wp-json\/wp\/v2\/pages\/1354\/revisions\/56494"}],"up":[{"embeddable":true,"href":"https:\/\/www.greenpeace.org\/finland\/wp-json\/wp\/v2\/pages\/234"}],"wp:attachment":[{"href":"https:\/\/www.greenpeace.org\/finland\/wp-json\/wp\/v2\/media?parent=1354"}],"wp:term":[{"taxonomy":"category","embeddable":true,"href":"https:\/\/www.greenpeace.org\/finland\/wp-json\/wp\/v2\/categories?post=1354"},{"taxonomy":"post_tag","embeddable":true,"href":"https:\/\/www.greenpeace.org\/finland\/wp-json\/wp\/v2\/tags?post=1354"}],"curies":[{"name":"wp","href":"https:\/\/api.w.org\/{rel}","templated":true}]}}