{"id":238,"date":"2018-05-14T12:47:19","date_gmt":"2018-05-14T12:47:19","guid":{"rendered":"https:\/\/k8s.p4.greenpeace.org\/defaultcontent\/?page_id=238"},"modified":"2024-05-31T12:42:58","modified_gmt":"2024-05-31T09:42:58","slug":"copyright","status":"publish","type":"page","link":"https:\/\/www.greenpeace.org\/finland\/copyright\/","title":{"rendered":"Copyright"},"content":{"rendered":"\n\n<div class=\"wp-block-group alignfull is-layout-flow wp-block-group-is-layout-flow\">\n<div class=\"wp-block-group container is-layout-flow wp-block-group-is-layout-flow\">\n<div class=\"wp-block-media-text alignfull has-media-on-the-right is-stacked-on-mobile is-pattern-p4-page-header is-style-parallax\"><div class=\"wp-block-media-text__content\">\n<div class=\"wp-block-group is-layout-flow wp-block-group-is-layout-flow\">\n<h1 class=\"wp-block-heading has-white-background-color has-background\">\n                            Copyright\n                        <\/h1>\n<\/div>\n\n\n\n<p style=\"font-size:1.25rem\">\n                            Rohkaisemme jakamaan eteenp\u00e4in Greenpeacen tuottamia painettuja ja s\u00e4hk\u00f6isi\u00e4 materiaaleja. K\u00e4ytt\u00f6oikeuksissa on kuitenkin rajoitteita, joten on t\u00e4rke\u00e4\u00e4 tutustua seuraaviin ohjeisiin.\n                        <\/p>\n<\/div><figure class=\"wp-block-media-text__media\"><img loading=\"lazy\" decoding=\"async\" width=\"1024\" height=\"683\" src=\"https:\/\/storage.googleapis.com\/planet4-finland-stateless-develop\/2018\/05\/63675cec-preparing-the-22planet-earth-first22-hot-air-balloon-in-hamburg.jpg\" alt=\"\" sizes=\"auto, (min-width: 601px) 50vw, 100vw\" srcset=\"https:\/\/storage.googleapis.com\/planet4-finland-stateless-develop\/2018\/05\/63675cec-preparing-the-22planet-earth-first22-hot-air-balloon-in-hamburg.jpg 1024w, https:\/\/storage.googleapis.com\/planet4-finland-stateless-develop\/2018\/05\/63675cec-preparing-the-22planet-earth-first22-hot-air-balloon-in-hamburg-300x200.jpg 300w, https:\/\/storage.googleapis.com\/planet4-finland-stateless-develop\/2018\/05\/63675cec-preparing-the-22planet-earth-first22-hot-air-balloon-in-hamburg-768x512.jpg 768w, https:\/\/storage.googleapis.com\/planet4-finland-stateless-develop\/2018\/05\/63675cec-preparing-the-22planet-earth-first22-hot-air-balloon-in-hamburg-510x340.jpg 510w\" class=\"wp-image-66 size-full\"\/><\/figure><\/div>\n<\/div>\n<\/div>\n\n\n<h3 class=\"wp-block-heading\">Yleist\u00e4<\/h3>\n\n<p>Verkkosivuillamme (<a href=\"https:\/\/www.greenpeace.fi\">https:\/\/www.greenpeace.fi<\/a>) olevia materiaaleja saa lainata vapaasti yksityiseen k\u00e4ytt\u00f6\u00f6n ja opetusk\u00e4ytt\u00f6\u00f6n. Jos haluat k\u00e4ytt\u00e4\u00e4n kuvankaappauksia kirjassa tai tuottaa artikkelin uutiskirjeeseen, lupaa ei tarvitse kysy\u00e4, kunhan noudatat annettuja ohjeita.<\/p>\n\n<p>Kiell\u00e4mme Greenpeacen verkkosivuilla olevan materiaalin, logon ja nimen k\u00e4ytt\u00e4misen seuraavissa tapauksissa:<\/p>\n\n<p>* yksityisen tai yrityksen edun tavoittelemiseen, paitsi pikaluvissa jotka t\u00e4ss\u00e4 erikseen mainitaan<br>* puolueiden poliittiseen mainontaan tai sen vihjaamiseen, ett\u00e4 Greenpeace tukee jotakuta ehdokasta<br>* sen vihjaamiseen, ett\u00e4 Greenpeace kannattaisi tuotetta tai menettelytapaa jota Greenpeace ei ole itse ilmoittanut avoimesti kannattavansa<br>* sen vihjaamiseen, ett\u00e4 Greenpeace kannattaa tai on yhteisty\u00f6ss\u00e4 verkkopalveluiden kanssa, joita Greenpeace pit\u00e4\u00e4 laittomina tai loukkaavina, jotka sis\u00e4lt\u00e4v\u00e4t s\u00e4\u00e4dyt\u00f6nt\u00e4, v\u00e4kivaltaista, tuomitsevaa, alentavaa tai seksuaalista sis\u00e4lt\u00f6\u00e4 ja materiaalia.<br>* v\u00e4\u00e4r\u00e4nnetyll\u00e4 henkil\u00f6lllisyydell\u00e4 esiintymisee, kuten Greenpeacen ty\u00f6ntekij\u00e4ksi tai viralliseksi puolestapuhujaksi tekeytymiseen, tai mihink\u00e4 tahansa muuhun valheelliseen esiintymiseen varainhankkijana tai lahjoitusten ker\u00e4\u00e4j\u00e4n\u00e4 Greenpeacelle.<\/p>\n\n<h3 class=\"wp-block-heading\">Linkitt\u00e4minen verkkosivuillemme<\/h3>\n\n<p>Meist\u00e4 on hienoa kun linkit\u00e4t meihin ja autat levitt\u00e4m\u00e4\u00e4n sanaa ymp\u00e4rist\u00f6kampanjoista! Et tarvitse lupaa, ja voit k\u00e4ytt\u00e4\u00e4 bannereitamme ja logojamme jotka on koottu bannerisivulle. Voit linkitt\u00e4\u00e4 verkkopalveluumme tai mihin tahansa sis\u00e4lt\u00f6\u00f6n sivustomme sis\u00e4ll\u00e4.<\/p>\n\n<h3 class=\"wp-block-heading\">Greenpeacen logo<\/h3>\n\n<p>&#8221;Greenpeace&#8221;, ja Greenpeacen logo ovat kansainv\u00e4lisesti rekister\u00f6ity tavaramerkki, joka kuuluu Stichting Greenpeace Councilille.<\/p>\n\n<p>Tavaramerkin k\u00e4ytt\u00f6 on sallittua seuraavin ehdoin:<\/p>\n\n<p>* k\u00e4ytt\u00f6 on vain viittaavaa ja ep\u00e4kaupallista<br>* et saa k\u00e4ytt\u00e4\u00e4 nime\u00e4mme ja logoamme tavoilla jotka antavat ymm\u00e4rt\u00e4\u00e4 ett\u00e4 Greenpeace kannattaa, hyv\u00e4ksyy, sponsoroi tai on tekemisiss\u00e4 verkkosivuiltasi saatavien tuotteiden tai palvelujen kanssa.<br>* bannereitajoissa on nimemme ja\/tai logomme saa k\u00e4ytt\u00e4\u00e4 vain Greenpeacen verkkopalveluun linkitt\u00e4miseen. Linkkien tulee olla aktiivisia.<br>* nime\u00e4 ja logoa ei saa yhdist\u00e4\u00e4 muihin graafisiin elementteihin, eik\u00e4 niit\u00e4 saa muokata (koko, mittasuhteet, fontti, design, asettelu, v\u00e4rit ja elementit) eik\u00e4 animoida tai v\u00e4\u00e4rist\u00e4\u00e4 (perspektiivi, asiayhteys) .<br>* nimi ja\/tai logo eiv\u00e4t saa olla esill\u00e4 n\u00e4ytt\u00e4v\u00e4mmin ja suuremmalla kuin oman verkkopalvelusi nimi.<\/p>\n\n<p>Jos k\u00e4yt\u00e4t logoa, ole hyv\u00e4 ja lis\u00e4\u00e4 alt-tekstiin tai sivulle teksti &#8221;Trademark of Stichting Greenpeace Council&#8221;. Tavaramerkki on Greenpeacen yksityisomaisuutta, ja k\u00e4ytt\u00e4m\u00e4ll\u00e4 sit\u00e4 sitoudut olemaan rekister\u00f6im\u00e4tt\u00e4 tai yritt\u00e4m\u00e4tt\u00e4 rekister\u00f6itymist\u00e4 tavaramerkill\u00e4 tai haastamaan sit\u00e4 (challenge the same).<\/p>\n\n<h3 class=\"wp-block-heading\">Artikkelit ja teksti<\/h3>\n\n<p>Artikkelit ja Greenpeacen tuottama tekstit ovat ilmaisia henkil\u00f6kohtaiseen ja koulutusk\u00e4ytt\u00f6\u00f6n. Ole hyv\u00e4 ja lis\u00e4\u00e4 l\u00e4hde \u201cL\u00e4hde: Greenpeace (<a href=\"https:\/\/www.greenpeace.fi\">https:\/\/www.greenpeace.fi<\/a>) ja kopioi kuvateksti tai tekij\u00e4noikeustieto alkuper\u00e4isen l\u00e4hteen yhteydest\u00e4. Kolmansien osapuolien tuottamat artikkelit ja teksti ovat tekij\u00f6iden immateriaalioikeudella ja tekij\u00e4noikeudella suojattuja, ja lupa niiden k\u00e4ytt\u00f6\u00f6n tulee pyyt\u00e4\u00e4 alkuper\u00e4isilt\u00e4 l\u00e4hteilt\u00e4.<\/p>\n\n<h3 class=\"wp-block-heading\">Kuvat<\/h3>\n\n<p>Tekij\u00e4noikeustiedot saat n\u00e4kyviin klikkaamalla pikkukuvista aukeavaan t\u00e4ysikokoiseen pop up -ikkunaan.<\/p>\n\n<p>* Kuvat joissa on merkint\u00e4 \u00a9 Greenpeace tai \u00a9 Greenpeace \/ valokuvaaja ovat Greenpeacen omistamia, ja niit\u00e4 voi k\u00e4ytt\u00e4\u00e4 olla olevin ehdoin<br>* Kuvat joissa on merkint\u00e4 \u00a9 Valokuvaaja \/ Greenpeace tai \u00a9 Valokuvaaja (mukaanlukien toimistot tms) on julkaistu luvalla, ja lupaa kuvien julkaisuun tulee pyyt\u00e4\u00e4 kuvan tekij\u00e4noikeuksien haltijalta, joka selvi\u00e4\u00e4 klikkaamalla kuvan auki isoon pop up -ikkunaan.<\/p>\n\n<p>Kaikki Greenpeacen omistamat verkkosivuillamme olevat kuvat ovat vapaasti kopioitavissa henkil\u00f6kohtaiseen tai koulutukselliseen k\u00e4ytt\u00f6\u00f6n, kunhan kopioit tekij\u00e4noikeustiedon kuvan oheen kokonaisuudessaan. Muuhun k\u00e4ytt\u00f6\u00f6n (kuten henkil\u00f6kohtaisen tai yrityksen hy\u00f6dyn tavoitteluun) tarvitaan lupa Greenpeace Internationalin kuvapankilta (yhteystiedot alla). Kuvien kaupallinen k\u00e4ytt\u00f6 ilman lupaa tulkitaan tekij\u00e4noikeusrikkomukseksi ja saattaa rikkoa muitakin oikeuksia.<\/p>\n\n<p>Kuvapankin julkaisulaatuiset kuvat (n. 8 MB kokoiset) medialle on tarkoitettu k\u00e4ytett\u00e4v\u00e4ksi 14 p\u00e4iv\u00e4n sis\u00e4ll\u00e4 julkaisusta, ja n\u00e4iden kuvien arkistointi ja j\u00e4lleenmyynti ovat kiellettyj\u00e4. 14 p\u00e4iv\u00e4n j\u00e4lkeen ota yhtett\u00e4 Greenpeace Internationaliin:<\/p>\n\n<p>Greenpeace Photo and Video Library<br>Greenpeace Licensing BV<br>Surinameplein 118<br>1058 GV Amsterdam<br>The Netherlands<\/p>\n\n<p>Yhteyshenkil\u00f6: Karen Guy, Photo Librarian<br><a href=\"mailto:photo.library.int@greenpeace.org\">photo.library.int@greenpeace.org<\/a>, Puh: +31 20 718 2113<\/p>\n\n<h3 class=\"wp-block-heading\">Video<\/h3>\n\n<p>Videon k\u00e4ytt\u00f6\u00f6n p\u00e4tev\u00e4t yll\u00e4 olevat ehdot. Huomaa ett\u00e4 kaikki videot eiv\u00e4t ole ladattavissa. Jos yrit\u00e4t ladata videota henkil\u00f6kohtaiseen tai koulutusk\u00e4ytt\u00f6\u00f6n, katso ohjeet usein kysytyist\u00e4 kysymyksist\u00e4.<br>Yhteystiedot: <a href=\"mailto:video.library.int@greenpeace.org\">video.library.int@greenpeace.org<\/a>, Puh +31 20 718 2115<\/p>\n\n<div class=\"wp-block-cover alignfull has-parallax is-layout-flow wp-block-cover-is-layout-flow\"><span aria-hidden=\"true\" class=\"wp-block-cover__background has-black-background-color has-background-dim-20 has-background-dim\"><\/span><div class=\"wp-block-cover__image-background wp-image-55150 has-parallax\" style=\"background-position:50% 50%;background-image:url(https:\/\/www.greenpeace.org\/static\/planet4-finland-stateless\/2023\/08\/c110ceb5-gp02kqj_medium_res.jpg)\"><\/div><div class=\"wp-block-cover__inner-container\"><\/div><\/div>\n","protected":false},"excerpt":{"rendered":"<p>Rohkaisemme jakamaan eteenp\u00e4in Greenpeacen tuottamia painettuja ja s\u00e4hk\u00f6isi\u00e4 materiaaleja. K\u00e4ytt\u00f6oikeuksissa on kuitenkin rajoitteita, joten on t\u00e4rke\u00e4\u00e4 tutustua seuraaviin ohjeisiin. <\/p>\n","protected":false},"author":1,"featured_media":66,"parent":0,"menu_order":0,"comment_status":"closed","ping_status":"closed","template":"page-templates\/evergreen.php","meta":{"_improvement_type_select":"improve_an_existing","_thumb_yes_seoaic":false,"_frame_yes_seoaic":false,"seoaic_generate_description":"","seoaic_improve_instructions_prompt":"","seoaic_rollback_content_improvement":"","seoaic_idea_thumbnail_generator":"","thumbnail_generated":false,"thumbnail_generate_prompt":"","seoaic_article_description":"","ep_exclude_from_search":false,"p4_hide_page_title_checkbox":"on","p4_title":"","p4_subtitle":"","p4_description":"","background_image_id":"","background_image":"","p4_button_title":"","p4_button_link":"","p4_button_link_checkbox":"","p4_og_title":"","p4_og_description":"","p4_og_image":"","p4_og_image_id":"","p4_seo_canonical_url":"","p4_campaign_name":"","p4_local_project":"","p4_basket_name":"","p4_department":"","footnotes":""},"categories":[31],"tags":[],"class_list":["post-238","page","type-page","status-publish","has-post-thumbnail","hentry","category-greenpeace"],"_links":{"self":[{"href":"https:\/\/www.greenpeace.org\/finland\/wp-json\/wp\/v2\/pages\/238","targetHints":{"allow":["GET"]}}],"collection":[{"href":"https:\/\/www.greenpeace.org\/finland\/wp-json\/wp\/v2\/pages"}],"about":[{"href":"https:\/\/www.greenpeace.org\/finland\/wp-json\/wp\/v2\/types\/page"}],"author":[{"embeddable":true,"href":"https:\/\/www.greenpeace.org\/finland\/wp-json\/wp\/v2\/users\/1"}],"replies":[{"embeddable":true,"href":"https:\/\/www.greenpeace.org\/finland\/wp-json\/wp\/v2\/comments?post=238"}],"version-history":[{"count":9,"href":"https:\/\/www.greenpeace.org\/finland\/wp-json\/wp\/v2\/pages\/238\/revisions"}],"predecessor-version":[{"id":56739,"href":"https:\/\/www.greenpeace.org\/finland\/wp-json\/wp\/v2\/pages\/238\/revisions\/56739"}],"wp:featuredmedia":[{"embeddable":true,"href":"https:\/\/www.greenpeace.org\/finland\/wp-json\/wp\/v2\/media\/66"}],"wp:attachment":[{"href":"https:\/\/www.greenpeace.org\/finland\/wp-json\/wp\/v2\/media?parent=238"}],"wp:term":[{"taxonomy":"category","embeddable":true,"href":"https:\/\/www.greenpeace.org\/finland\/wp-json\/wp\/v2\/categories?post=238"},{"taxonomy":"post_tag","embeddable":true,"href":"https:\/\/www.greenpeace.org\/finland\/wp-json\/wp\/v2\/tags?post=238"}],"curies":[{"name":"wp","href":"https:\/\/api.w.org\/{rel}","templated":true}]}}