{"id":493,"date":"2019-01-09T07:23:03","date_gmt":"2019-01-09T07:23:03","guid":{"rendered":"https:\/\/www.greenpeace.org\/finland\/?page_id=493"},"modified":"2025-11-14T16:06:51","modified_gmt":"2025-11-14T13:06:51","slug":"lahjoittajapalvelu","status":"publish","type":"page","link":"https:\/\/www.greenpeace.org\/finland\/lahjoittajapalvelu\/","title":{"rendered":"Lahjoittajapalvelu"},"content":{"rendered":"\n<div class=\"wp-block-group is-vertical is-layout-flex wp-container-core-group-is-layout-8cf370e7 wp-block-group-is-layout-flex\">\n<p><strong>Kysytt\u00e4v\u00e4\u00e4 lahjoituksestasi? <\/strong>Ota yhteytt\u00e4 lahjoittajapalveluun soittamalla numeroon:\n<\/p>\n\n\n\n<p class=\"has-gp-nor-green-3-color has-text-color has-link-color has-large-font-size wp-elements-bb3fc6fe188cd6cc9e652b588767b14f\"><strong>+358 9 4245 7177<\/strong><\/p>\n<\/div>\n\n<p>Lahjoittajapalvelun puhelin palvelee ma-to klo 11-15. <\/p>\n\n<p class=\"has-medium-font-size\">Tai ota yhteytt\u00e4 s\u00e4hk\u00f6postitse:<strong> info.finland@greenpeace.org <\/strong><br><br><em>Jos odotat vastausta t\u00e4st\u00e4 osoitteesta, muista tarkistaa my\u00f6s roskaposti-kansio.<\/em><\/p>\n<div data-render=\"planet4-blocks\/columns\" data-attributes=\"{&quot;attributes&quot;:{&quot;columns_block_style&quot;:&quot;icons&quot;,&quot;columns_title&quot;:&quot; &lt;br&gt;Mihin lahjoituksesi k\\u00e4ytet\\u00e4\\u00e4n?&quot;,&quot;columns_description&quot;:&quot;Pysy\\u00e4ksemme riippumattomina, emme vastaanota lahjoituksia yrityksilt\\u00e4 tai valtioilta, ty\\u00f6mme mahdollistavat tavallisten ihmisten lahjoitukset. Siksi sinun tukesi on t\\u00e4rke\\u00e4\\u00e4. Lahjoituksesi k\\u00e4ytet\\u00e4\\u00e4n ty\\u00f6h\\u00f6n yhteisen planeettamme hyv\\u00e4ksi. Varat voivat menn\\u00e4 esimerkiksi ilmastoty\\u00f6h\\u00f6n tai merien ja metsien suojeluun - tavoitteena on aina monimuotoisen luonnon ja puhtaan tulevaisuuden turvaaminen.&quot;,&quot;columns&quot;:[{&quot;title&quot;:&quot;Suojelemme maailman meri\\u00e4&quot;,&quot;description&quot;:&quot;Meriemme el\\u00e4m\\u00e4\\u00e4 uhkaa ylikalastus ja saastuminen. Greenpeace pyrkii perustamaan maailman suurimman mertensuojelualueen Antarktikselle ja suojelemaan arktisten alueiden ainutlaatuista el\\u00e4m\\u00e4\\u00e4 \\u00f6ljynporaamiselta.&quot;,&quot;attachment&quot;:&quot;https:\\\/\\\/storage.googleapis.com\\\/planet4-finland-stateless-develop\\\/2018\\\/06\\\/ee130527-whale-full.png&quot;,&quot;link_new_tab&quot;:false,&quot;attachment_srcset&quot;:false},{&quot;title&quot;:&quot;Pys\\u00e4yt\\u00e4mme metsien tuhon&quot;,&quot;description&quot;:&quot;Metsien monimuotoisuus ja uhanalaisten el\\u00e4imien kodit ovat vaarassa. Lis\\u00e4\\u00e4 alueita pohjoista havumets\\u00e4\\u00e4 tulee pikaisesti suojella, sill\\u00e4 mets\\u00e4t auttavat my\\u00f6s torjumaan ilmastonmuutosta. Pyrimme vaikuttamaan yrityksiin ja p\\u00e4\\u00e4tt\\u00e4jiin Suomessa ja maailmalla metsien suojelemiseksi.&quot;,&quot;attachment&quot;:&quot;https:\\\/\\\/storage.googleapis.com\\\/planet4-finland-stateless-develop\\\/2018\\\/06\\\/ebfa5ed4-organisation-2.png&quot;,&quot;link_new_tab&quot;:false,&quot;attachment_srcset&quot;:false},{&quot;title&quot;:&quot;Teemme ty\\u00f6t\\u00e4 ilmastonmuutoksen pys\\u00e4ytt\\u00e4miseksi&quot;,&quot;description&quot;:&quot;Ilmastonmuutos tulee pys\\u00e4ytt\\u00e4\\u00e4. Energiaremontin kautta saamme uusiutuvat energial\\u00e4hteet nopeammin k\\u00e4ytt\\u00f6\\u00f6n. Lis\\u00e4ksi kamppailemme paljastaaksemme saastuttavien yritysten ja hallitusten roolin ilmastonmuutoksessa.&quot;,&quot;attachment&quot;:&quot;https:\\\/\\\/storage.googleapis.com\\\/planet4-finland-stateless-develop\\\/2018\\\/06\\\/47a0b301-organisation.png&quot;,&quot;link_new_tab&quot;:false,&quot;attachment_srcset&quot;:false},{&quot;title&quot;:&quot;Tukeasi tarvitaan enemm\\u00e4n kuin koskaan&quot;,&quot;description&quot;:&quot;P\\u00e4\\u00e4t\\u00e4mme nyt, millaisen planeetan j\\u00e4t\\u00e4mme lapsillemme. S\\u00e4ilytt\\u00e4\\u00e4ksemme riippumattomuutemme emme ota vastaan rahaa yrityksilt\\u00e4 tai valtiolta. Toiminta rahoitetaan kokonaan tavallisilta kansalaisilta saaduilla lahjoituksilla, siksi jokaisella lahjoitetulla eurolla on v\\u00e4li\\u00e4.&quot;,&quot;attachment&quot;:&quot;https:\\\/\\\/storage.googleapis.com\\\/planet4-finland-stateless-develop\\\/2018\\\/09\\\/24ef8336-offices-150x150.png&quot;,&quot;link_new_tab&quot;:false,&quot;attachment_srcset&quot;:&quot;https:\\\/\\\/storage.googleapis.com\\\/planet4-finland-stateless-develop\\\/2018\\\/09\\\/24ef8336-offices-150x150.png 150w, https:\\\/\\\/storage.googleapis.com\\\/planet4-finland-stateless-develop\\\/2018\\\/09\\\/24ef8336-offices-300x300.png 300w, https:\\\/\\\/storage.googleapis.com\\\/planet4-finland-stateless-develop\\\/2018\\\/09\\\/24ef8336-offices-768x768.png 768w, https:\\\/\\\/storage.googleapis.com\\\/planet4-finland-stateless-develop\\\/2018\\\/09\\\/24ef8336-offices-340x340.png 340w, https:\\\/\\\/storage.googleapis.com\\\/planet4-finland-stateless-develop\\\/2018\\\/09\\\/24ef8336-offices.png 1000w&quot;}],&quot;className&quot;:&quot;is-style-icons&quot;}}\"><\/div>\n<div class=\"wp-block-cover alignfull has-parallax\"><span aria-hidden=\"true\" class=\"wp-block-cover__background has-background-dim\" style=\"background-color:#6b6561\"><\/span><div aria-label=\"COP26 global day of Climate Action in Amsterdam.\" class=\"wp-block-cover__image-background wp-image-51953 has-parallax\" role=\"img\" style=\"background-position:50% 50%;background-image:url(https:\/\/www.greenpeace.org\/static\/planet4-finland-stateless\/2022\/11\/f9ea2d6f-gp1swiph.jpg);\"><\/div><div class=\"wp-block-cover__inner-container is-layout-flow wp-block-cover-is-layout-flow\">\n<p class=\"has-text-align-center has-large-font-size\"><strong>Kiitos tuestasi!<\/strong><\/p>\n<\/div><\/div>\n","protected":false},"excerpt":{"rendered":"<p>Kysytt\u00e4v\u00e4\u00e4 lahjoituksestasi? Ota yhteytt\u00e4 lahjoittajapalveluun soittamalla numeroon: 09 4245 7177<br \/>\nVastaamme puheluihin ma-to kello 11-15.<\/p>\n","protected":false},"author":23,"featured_media":51953,"parent":0,"menu_order":0,"comment_status":"closed","ping_status":"closed","template":"","meta":{"_improvement_type_select":"improve_an_existing","_thumb_yes_seoaic":false,"_frame_yes_seoaic":false,"seoaic_generate_description":"","seoaic_improve_instructions_prompt":"","seoaic_rollback_content_improvement":"","seoaic_idea_thumbnail_generator":"","thumbnail_generated":false,"thumbnail_generate_prompt":"","seoaic_article_description":"","ep_exclude_from_search":false,"p4_hide_page_title_checkbox":"","p4_title":"","p4_subtitle":"","p4_description":"","background_image_id":"","background_image":"","p4_button_title":"","p4_button_link":"","p4_button_link_checkbox":"","p4_og_title":"","p4_og_description":"","p4_og_image":"","p4_og_image_id":"","p4_seo_canonical_url":"","p4_campaign_name":"not set","p4_local_project":"not set","p4_basket_name":"not set","p4_department":"","footnotes":""},"categories":[31],"tags":[81],"class_list":["post-493","page","type-page","status-publish","has-post-thumbnail","hentry","category-greenpeace","tag-osallistu"],"_links":{"self":[{"href":"https:\/\/www.greenpeace.org\/finland\/wp-json\/wp\/v2\/pages\/493","targetHints":{"allow":["GET"]}}],"collection":[{"href":"https:\/\/www.greenpeace.org\/finland\/wp-json\/wp\/v2\/pages"}],"about":[{"href":"https:\/\/www.greenpeace.org\/finland\/wp-json\/wp\/v2\/types\/page"}],"author":[{"embeddable":true,"href":"https:\/\/www.greenpeace.org\/finland\/wp-json\/wp\/v2\/users\/23"}],"replies":[{"embeddable":true,"href":"https:\/\/www.greenpeace.org\/finland\/wp-json\/wp\/v2\/comments?post=493"}],"version-history":[{"count":20,"href":"https:\/\/www.greenpeace.org\/finland\/wp-json\/wp\/v2\/pages\/493\/revisions"}],"predecessor-version":[{"id":60863,"href":"https:\/\/www.greenpeace.org\/finland\/wp-json\/wp\/v2\/pages\/493\/revisions\/60863"}],"wp:featuredmedia":[{"embeddable":true,"href":"https:\/\/www.greenpeace.org\/finland\/wp-json\/wp\/v2\/media\/51953"}],"wp:attachment":[{"href":"https:\/\/www.greenpeace.org\/finland\/wp-json\/wp\/v2\/media?parent=493"}],"wp:term":[{"taxonomy":"category","embeddable":true,"href":"https:\/\/www.greenpeace.org\/finland\/wp-json\/wp\/v2\/categories?post=493"},{"taxonomy":"post_tag","embeddable":true,"href":"https:\/\/www.greenpeace.org\/finland\/wp-json\/wp\/v2\/tags?post=493"}],"curies":[{"name":"wp","href":"https:\/\/api.w.org\/{rel}","templated":true}]}}