{"id":51251,"date":"2022-11-28T10:30:57","date_gmt":"2022-11-28T07:30:57","guid":{"rendered":"https:\/\/www.greenpeace.org\/finland\/?page_id=51251"},"modified":"2025-09-23T12:55:26","modified_gmt":"2025-09-23T09:55:26","slug":"allekirjoita-tukesi-ilmasto-oikeusjutulle","status":"publish","type":"page","link":"https:\/\/www.greenpeace.org\/finland\/toimi\/allekirjoita-tukesi-ilmasto-oikeusjutulle\/","title":{"rendered":"Allekirjoita tukesi ilmasto-oikeusjutulle"},"content":{"rendered":"\n<div style=\"height:20px\" aria-hidden=\"true\" class=\"wp-block-spacer\"><\/div>\n\n<p class=\"is-style-roboto-font-family has-gp-green-10-background-color has-background\">T\u00e4ll\u00e4 sivulla oli vetoomus ilmasto-oikeudenk\u00e4yntimme tueksi. Valituksemme pys\u00e4htyi kes\u00e4ll\u00e4 2023 Korkeimman hallinto-oikeuden (KHO) \u00e4\u00e4nestykseen, mutta jo se itsess\u00e4\u00e4n oli historiallista! Lue alta, mist\u00e4 oli oikein kyse. <\/p>\n\n<h2 class=\"wp-block-heading has-grey-900-color has-text-color\">Mik\u00e4 ilmasto-oikeudenk\u00e4ynti?<\/h2>\n\n<p class=\"is-style-roboto-font-family\">Marraskuussa 2022 Greenpeace ja Suomen luonnonsuojeluliitto <a href=\"https:\/\/www.greenpeace.org\/finland\/blogit\/ilmastonmuutos\/suomen-ensimmainen-ilmasto-oikeudenkaynti-mista-siina-on-kyse\/\" target=\"_blank\" rel=\"noreferrer noopener\">j\u00e4ttiv\u00e4t korkeimpaan hallinto-oikeuteen hallintovalituksen<\/a>, sill\u00e4 pidimme valtioneuvoston p\u00e4\u00e4t\u00f6st\u00e4 ilmastovuosikertomuksesta lainvastaisena. Toisin kuin ilmastolaissa edellytet\u00e4\u00e4n, hallitus ei ollut kartoittanut vuosikertomuksessa lis\u00e4toimien tarvetta, jonka metsien hiilinielun romahtaminen synnytt\u00e4\u00e4. K\u00e4yt\u00e4nn\u00f6ss\u00e4 vaadimme, ett\u00e4 p\u00e4\u00e4t\u00f6s perutaan ja palautetaan uuteen valmisteluun, jonka my\u00f6t\u00e4 lis\u00e4toimien tarve voidaan kartoittaa ja lis\u00e4toimimenettely k\u00e4ynnist\u00e4\u00e4.<\/p>\n\n<figure class=\"wp-block-image size-large is-resized\"><img loading=\"lazy\" decoding=\"async\" width=\"1024\" height=\"694\" src=\"https:\/\/www.greenpeace.org\/static\/planet4-finland-stateless\/2022\/11\/1cefcc7a-unnamed-4-1024x694.jpg\" title=\"SLL:n ja Greenpeacen edustajat pitelev\u00e4t korkeimman hallinto-oikeuden edess\u00e4 kyltti\u00e4, jossa lukee &quot;Suomen ensimm\u00e4inen #Ilmasto-oikeudenk\u00e4ynti&quot;\" alt=\"\" class=\"wp-image-52434\" style=\"width:1297px;height:879px\" srcset=\"https:\/\/www.greenpeace.org\/static\/planet4-finland-stateless\/2022\/11\/1cefcc7a-unnamed-4-1024x694.jpg 1024w, https:\/\/www.greenpeace.org\/static\/planet4-finland-stateless\/2022\/11\/1cefcc7a-unnamed-4-300x203.jpg 300w, https:\/\/www.greenpeace.org\/static\/planet4-finland-stateless\/2022\/11\/1cefcc7a-unnamed-4-768x521.jpg 768w, https:\/\/www.greenpeace.org\/static\/planet4-finland-stateless\/2022\/11\/1cefcc7a-unnamed-4-502x340.jpg 502w, https:\/\/www.greenpeace.org\/static\/planet4-finland-stateless\/2022\/11\/1cefcc7a-unnamed-4.jpg 1400w\" sizes=\"auto, (max-width: 1024px) 100vw, 1024px\" \/><figcaption class=\"wp-element-caption\">Greenpeace ja Suomen Luonnonsuojeluliitto j\u00e4ttiv\u00e4t marraskuussa 2022 hallintovalituksen korkeimpaan hallinto-oikeuteen.<\/figcaption><\/figure>\n\n<div style=\"height:20px\" aria-hidden=\"true\" class=\"wp-block-spacer\"><\/div>\n\n<p>Oikeusjutulle on perusteet Suomen omassa, juuri p\u00e4ivitetyss\u00e4 ilmastolaissa. Suomi on asettanut tavoitteekseen olla hiilineutraali vuoteen 2035 menness\u00e4, ja hiilinegatiivinen sen j\u00e4lkeen. <strong>T\u00e4m\u00e4 tavoite on kirjattu lakiin. Ilmastolaki velvoittaa viranomaisia suunnittelemaan ja seuraamaan toimia, joilla Suomi p\u00e4\u00e4see tavoitteisiinsa.<\/strong> Sama laki velvoittaa my\u00f6s p\u00e4ivitt\u00e4m\u00e4\u00e4n ilmastopolitiikan suuntaa ja p\u00e4\u00e4tt\u00e4m\u00e4\u00e4n tarvittavista lis\u00e4toimista, jos seuranta osoittaa, etteiv\u00e4t nykytoimet riit\u00e4.<br><br>N\u00e4in ei oltu toimittu, kun kyseess\u00e4 on hiilinielujen pelastaminen. Hiilinielujen romahtaminen taas johtuu pitk\u00e4lti ylimitoitetuista hakkuista. Toisin sanoen: <strong>ilmastolakia oli mielest\u00e4mme laiminly\u00f6ty, koska valtion suunnitelmissa ja niiden seurannassa ei esitetty tarpeeksi tekoja, joilla ilmastotavoitteet saavutetaan<\/strong>. Siksi veimme asiasta valituksen KHO:lle.<\/p>\n\n<p>Fossiilip\u00e4\u00e4st\u00f6t ovat Suomessa tulleet jo hyv\u00e4\u00e4 vauhtia alas ja p\u00e4\u00e4st\u00f6jen lasku jatkuu, mutta ilmastotavoitteiden saavuttaminen edellytt\u00e4\u00e4, ett\u00e4 my\u00f6s maank\u00e4ytt\u00f6\u00f6n ja metsiin liittyv\u00e4t alat tekev\u00e4t oman osansa. Odotukset eiv\u00e4t ole kohtuuttomat: nielun tulisi vain saavuttaa taso, jolla se on 1990-2018 keskim\u00e4\u00e4rin ollut.<\/p>\n\n<figure class=\"wp-block-image size-large is-resized\"><img loading=\"lazy\" decoding=\"async\" width=\"1024\" height=\"768\" src=\"https:\/\/www.greenpeace.org\/static\/planet4-finland-stateless\/2022\/11\/581be704-avohakkuu-iso-kangas-kainuu-makro-metsahallitus-vienan-reitti161020-1024x768.jpg\" title=\"Valtava avohakkuu Kainuussa.\" alt=\"\" class=\"wp-image-52435\" style=\"width:1352px;height:1014px\" srcset=\"https:\/\/www.greenpeace.org\/static\/planet4-finland-stateless\/2022\/11\/581be704-avohakkuu-iso-kangas-kainuu-makro-metsahallitus-vienan-reitti161020-1024x768.jpg 1024w, https:\/\/www.greenpeace.org\/static\/planet4-finland-stateless\/2022\/11\/581be704-avohakkuu-iso-kangas-kainuu-makro-metsahallitus-vienan-reitti161020-300x225.jpg 300w, https:\/\/www.greenpeace.org\/static\/planet4-finland-stateless\/2022\/11\/581be704-avohakkuu-iso-kangas-kainuu-makro-metsahallitus-vienan-reitti161020-768x576.jpg 768w, https:\/\/www.greenpeace.org\/static\/planet4-finland-stateless\/2022\/11\/581be704-avohakkuu-iso-kangas-kainuu-makro-metsahallitus-vienan-reitti161020-1536x1152.jpg 1536w, https:\/\/www.greenpeace.org\/static\/planet4-finland-stateless\/2022\/11\/581be704-avohakkuu-iso-kangas-kainuu-makro-metsahallitus-vienan-reitti161020-2048x1536.jpg 2048w, https:\/\/www.greenpeace.org\/static\/planet4-finland-stateless\/2022\/11\/581be704-avohakkuu-iso-kangas-kainuu-makro-metsahallitus-vienan-reitti161020-1821x1366.jpg 1821w, https:\/\/www.greenpeace.org\/static\/planet4-finland-stateless\/2022\/11\/581be704-avohakkuu-iso-kangas-kainuu-makro-metsahallitus-vienan-reitti161020-453x340.jpg 453w\" sizes=\"auto, (max-width: 1024px) 100vw, 1024px\" \/><figcaption class=\"wp-element-caption\">Mets\u00e4hallituksen avohakkuu Iso-Kankaalla Kainuussa. <\/figcaption><\/figure>\n\n<h2 class=\"wp-block-heading\">Valitus eteni helmikuussa 2023, historiallista!<\/h2>\n\n<p>Helmikuussa 2023 saimme tiedon, ett\u00e4 valituksemme eteni korkeimmassa hallinto-oikeudessa. T\u00e4m\u00e4 oli jo itsess\u00e4\u00e4n historiallinen hetki, sill\u00e4 ilmasto-oikeudenk\u00e4ynnin k\u00e4sittelyn jatkuminen tarkoitti, ett\u00e4 valitus oli aiheellinen. <strong>Tapaus her\u00e4tti laajaa kiinnostusta lainoppineissa niin meill\u00e4 kuin maailmallakin, ja nosti hiilinielut puheenaiheeksi.<\/strong> \u201cIlmastolaki velvoittaa valtioneuvostoa ryhtym\u00e4\u00e4n riitt\u00e4viin lis\u00e4toimiin ilmastotavoitteiden saavuttamiseksi. P\u00e4\u00e4t\u00f6ksi\u00e4 varsinaisista toimista on kuitenkin siirretty jatkuvasti, viimeisimp\u00e4n\u00e4 yli eduskuntavaalien. Onkin t\u00e4rke\u00e4\u00e4, ett\u00e4 oikeuslaitos ottaa tilanteen vakavasti ja tutkii, onko valtioneuvosto noudattanut lakia\u201d, totesi tuolloin Suomen luonnonsuojeluliiton suojeluasiantuntija&nbsp;<strong>Hanna Aho<\/strong>.<\/p>\n\n<p>Korkein hallinto-oikeus <strong>otti siis asian k\u00e4sittelyyn ja pyysi valtioneuvostolta asiasta lis\u00e4selvityst\u00e4<\/strong>. T\u00e4m\u00e4n j\u00e4lkeen valituksen tekij\u00f6ill\u00e4 oli mahdollisuus vastaselvitykseen valtioneuvoston lis\u00e4selvityksen pohjalta, ja niin teimmekin.<br><\/p>\n\n<h2 class=\"wp-block-heading\">Valitus pys\u00e4htyi kes\u00e4kuussa 2023, mutta tulos on myrskyvaroitus uudelle hallitukselle<\/h2>\n\n<p>Hallintovalitus eteni \u00e4\u00e4nestykseen saakka, mik\u00e4 on sekin sin\u00e4ns\u00e4 poikkeuksellista. <strong>Lopulta 7.6. korkein hallinto-oikeus p\u00e4\u00e4tti \u00e4\u00e4nin 3-2 j\u00e4tt\u00e4\u00e4 tutkimatta, rikkoiko valtioneuvosto lakia vai ei<\/strong>.&nbsp;Tapauksen lopputulos ei kuitenkaan ole syy lannistumiselle, sill\u00e4 p\u00e4\u00e4t\u00f6s on historiallinen. KHO totesi, ettei voi \u2019t\u00e4ss\u00e4 vaiheessa\u2019 tutkia valitusta, mutta jatkossa valtioneuvoston<strong> passiivisuus ilmastolain toimeenpanossa voisikin olla valituskelpoinen p\u00e4\u00e4t\u00f6s!<\/strong> T\u00e4m\u00e4 on myrskyvaroitus tulevalle hallitukselle. My\u00f6s yksi oikeusjuttua tukeneista juristeista, professori <strong>Kati Kulovesi<\/strong> <a rel=\"noreferrer noopener\" href=\"https:\/\/www.google.com\/url?q=https:\/\/twitter.com\/KatiKulovesiFI\/status\/1666457911508320258&amp;sa=D&amp;source=docs&amp;ust=1687772171826254&amp;usg=AOvVaw2DrwGtPOryHTvNJxMx9q3B\" target=\"_blank\">kutsui p\u00e4\u00e4t\u00f6st\u00e4 merkitt\u00e4v\u00e4ksi<\/a>.<\/p>\n\n<p class=\"has-white-color has-gp-nor-green-background-color has-text-color has-background\">Jos uusi Orpon hallitus ei noudata ilmastolakia ja sovi riitt\u00e4vist\u00e4 toimista ilmastotavoitteisiin p\u00e4\u00e4semiseksi, olemme valmiita ryhtym\u00e4\u00e4n uusiin oikeustoimiin.<\/p>\n\n<p><br>Ilmasto-oikeudenk\u00e4ynti on vienyt huikeasti eteenp\u00e4in keskustelua siit\u00e4, miten vastuut ilmastotoimissa jakautuvat. <a href=\"https:\/\/www.kho.fi\/fi\/index\/paatokset\/vuosikirjapaatokset\/1685961608803.html\">Perusteluissaan<\/a> KHO korostaa ilmastonmuutosta ihmiskunnan kohtalonkysymyksen\u00e4, tunnistaen my\u00f6s oman roolinsa osana vallan kolmijako-oppia. <strong>L\u00e4mmin kiitos siis kaikille tukijoillemme ja vetoomuksen allekirjoittaneille, ett\u00e4 olitte mukana tukemassa oikeudenk\u00e4ynti\u00e4.<\/strong> T\u00e4st\u00e4 on hyv\u00e4 jatkaa!<\/p>\n\n<div style=\"height:20px\" aria-hidden=\"true\" class=\"wp-block-spacer\"><\/div>\n\n    <div class=\"wp-block-query posts-list p4-query-loop is-custom-layout-list is-layout-flow wp-block-query-is-layout-flow\">\n        <div class=\"wp-block-group is-content-justification-space-between is-layout-flex wp-container-core-group-is-layout-3d213aab wp-block-group-is-layout-flex\"><h2 class=\"wp-block-heading\">Ajankohtaista<\/h2>\n        \n        \n        <\/div>\n        \n\n    <p style=\"margin-top: 24px; margin-bottom: 36px;\"><\/p>\n\n    \n\n    <ul class=\"wp-block-post-template is-layout-flow wp-block-post-template-is-layout-flow\"><li class=\"wp-block-post post-60832 post type-post status-publish format-standard has-post-thumbnail hentry category-ilmastonmuutos tag-amazon tag-ilmastopolitiikka p4-page-type-blogit\">\n            \n<div class=\"wp-block-columns is-layout-flex wp-container-core-columns-is-layout-9d6595d7 wp-block-columns-is-layout-flex\"><figure class=\"wp-block-post-featured-image\"><a href=\"https:\/\/www.greenpeace.org\/finland\/blogit\/ilmastonmuutos\/cop30-lahestyy-5-asiaa-jotka-sinun-tulisi-tietaa-cop-kokouksista\/\" target=\"_self\"  ><img loading=\"lazy\" decoding=\"async\" width=\"800\" height=\"534\" src=\"https:\/\/www.greenpeace.org\/static\/planet4-finland-stateless\/2025\/11\/14e82ff6-gp0su6q7s_low-res-800px.jpg\" class=\"attachment-post-thumbnail size-post-thumbnail wp-post-image wp-stateless-item\" alt=\"COP30 l\u00e4hestyy! 5 asiaa, jotka sinun tulisi tiet\u00e4\u00e4 COP-kokouksista\" style=\"object-fit:cover;\" srcset=\"https:\/\/www.greenpeace.org\/static\/planet4-finland-stateless\/2025\/11\/14e82ff6-gp0su6q7s_low-res-800px.jpg 800w, https:\/\/www.greenpeace.org\/static\/planet4-finland-stateless\/2025\/11\/14e82ff6-gp0su6q7s_low-res-800px-300x200.jpg 300w, https:\/\/www.greenpeace.org\/static\/planet4-finland-stateless\/2025\/11\/14e82ff6-gp0su6q7s_low-res-800px-768x513.jpg 768w, https:\/\/www.greenpeace.org\/static\/planet4-finland-stateless\/2025\/11\/14e82ff6-gp0su6q7s_low-res-800px-510x340.jpg 510w\" sizes=\"auto, (max-width: 800px) 100vw, 800px\" data-image-size=\"post-thumbnail\" data-stateless-media-bucket=\"planet4-finland-stateless\" data-stateless-media-name=\"2025\/11\/14e82ff6-gp0su6q7s_low-res-800px.jpg\" \/><\/a><\/figure>\n\n        <div class=\"wp-block-group is-layout-flow wp-block-group-is-layout-flow\">\n                <div class=\"wp-block-group is-layout-flex wp-block-group-is-layout-flex\"><div class=\"wp-block-post-terms\"><a href=\"https:\/\/www.greenpeace.org\/finland\/luokka\/ilmastonmuutos\/\">Ilmastonmuutos<\/a><\/div>\n                <div class=\"taxonomy-post_tag wp-block-post-terms\"><a href=\"https:\/\/www.greenpeace.org\/finland\/tag\/amazon\/\" rel=\"tag\">amazon<\/a><span class=\"wp-block-post-terms__separator\"> <\/span><a href=\"https:\/\/www.greenpeace.org\/finland\/tag\/ilmastopolitiikka\/\" rel=\"tag\">ilmastopolitiikka<\/a><\/div>\n                \n                <\/div>\n                \n        <h3 class=\"wp-block-post-title\"><a href=\"https:\/\/www.greenpeace.org\/finland\/blogit\/ilmastonmuutos\/cop30-lahestyy-5-asiaa-jotka-sinun-tulisi-tietaa-cop-kokouksista\/\" target=\"_self\" >COP30 l\u00e4hestyy! 5 asiaa, jotka sinun tulisi tiet\u00e4\u00e4 COP-kokouksista<\/a><\/h3>\n        <div class=\"wp-block-post-excerpt\"><p class=\"wp-block-post-excerpt__excerpt\">COP30-ilmastokokous Brasilian Bel\u00e9miss\u00e4 pyrkii vauhdittamaan ilmastotoimia. Lue, mit\u00e4 COP-kokoukset ovat, mit\u00e4 niiss\u00e4 on saavutettu ja mik\u00e4 tekee t\u00e4m\u00e4n vuoden kokouksesta t\u00e4rke\u00e4n Amazonille ja ilmastolle. <\/p><\/div>\n        \n        <div class=\"wp-block-group posts-list-meta is-layout-flow wp-block-group-is-layout-flow\"><span class='article-list-item-author'><a href='https:\/\/www.greenpeace.org\/finland\/author\/gp_finland\/'>Greenpeace Suomi<\/a><\/span>\n        <div class=\"wp-block-post-date\"><time datetime=\"2025-11-07T15:30:58+03:00\">07\/11\/2025<\/time><\/div>\n        \n        <\/div>\n        <\/div>\n        <\/div>\n\n            <\/li><li class=\"wp-block-post post-60640 post type-post status-publish format-standard has-post-thumbnail hentry category-ilmastonmuutos tag-muovisaaste tag-ilmastopolitiikka tag-fossiiliset p4-page-type-blogit\">\n            \n<div class=\"wp-block-columns is-layout-flex wp-container-core-columns-is-layout-9d6595d7 wp-block-columns-is-layout-flex\"><figure class=\"wp-block-post-featured-image\"><a href=\"https:\/\/www.greenpeace.org\/finland\/blogit\/ilmastonmuutos\/ei-vielakaan-muovisopimusta-fossiiliteollisuus-jumitti-neuvotteluja\/\" target=\"_self\"  ><img loading=\"lazy\" decoding=\"async\" width=\"800\" height=\"571\" src=\"https:\/\/www.greenpeace.org\/static\/planet4-finland-stateless\/2025\/09\/903ceb15-gp0su6fv0_low-res-800px.jpg\" class=\"attachment-post-thumbnail size-post-thumbnail wp-post-image wp-stateless-item\" alt=\"Ei viel\u00e4k\u00e4\u00e4n muovisopimusta \u2013 fossiiliteollisuus jumitti neuvotteluja\" style=\"object-fit:cover;\" srcset=\"https:\/\/www.greenpeace.org\/static\/planet4-finland-stateless\/2025\/09\/903ceb15-gp0su6fv0_low-res-800px.jpg 800w, https:\/\/www.greenpeace.org\/static\/planet4-finland-stateless\/2025\/09\/903ceb15-gp0su6fv0_low-res-800px-300x214.jpg 300w, https:\/\/www.greenpeace.org\/static\/planet4-finland-stateless\/2025\/09\/903ceb15-gp0su6fv0_low-res-800px-768x548.jpg 768w, https:\/\/www.greenpeace.org\/static\/planet4-finland-stateless\/2025\/09\/903ceb15-gp0su6fv0_low-res-800px-476x340.jpg 476w\" sizes=\"auto, (max-width: 800px) 100vw, 800px\" data-image-size=\"post-thumbnail\" data-stateless-media-bucket=\"planet4-finland-stateless\" data-stateless-media-name=\"2025\/09\/903ceb15-gp0su6fv0_low-res-800px.jpg\" \/><\/a><\/figure>\n\n        <div class=\"wp-block-group is-layout-flow wp-block-group-is-layout-flow\">\n                <div class=\"wp-block-group is-layout-flex wp-block-group-is-layout-flex\"><div class=\"wp-block-post-terms\"><a href=\"https:\/\/www.greenpeace.org\/finland\/luokka\/ilmastonmuutos\/\">Ilmastonmuutos<\/a><\/div>\n                <div class=\"taxonomy-post_tag wp-block-post-terms\"><a href=\"https:\/\/www.greenpeace.org\/finland\/tag\/muovisaaste\/\" rel=\"tag\">muovisaaste<\/a><span class=\"wp-block-post-terms__separator\"> <\/span><a href=\"https:\/\/www.greenpeace.org\/finland\/tag\/ilmastopolitiikka\/\" rel=\"tag\">ilmastopolitiikka<\/a><span class=\"wp-block-post-terms__separator\"> <\/span><a href=\"https:\/\/www.greenpeace.org\/finland\/tag\/fossiiliset\/\" rel=\"tag\">fossiiliset<\/a><\/div>\n                \n                <\/div>\n                \n        <h3 class=\"wp-block-post-title\"><a href=\"https:\/\/www.greenpeace.org\/finland\/blogit\/ilmastonmuutos\/ei-vielakaan-muovisopimusta-fossiiliteollisuus-jumitti-neuvotteluja\/\" target=\"_self\" >Ei viel\u00e4k\u00e4\u00e4n muovisopimusta \u2013 fossiiliteollisuus jumitti neuvotteluja<\/a><\/h3>\n        <div class=\"wp-block-post-excerpt\"><p class=\"wp-block-post-excerpt__excerpt\">YK:n viidennest\u00e4 neuvottelukierroksesta huolimatta maailmanlaajuista muovisopimusta ei viel\u00e4k\u00e4\u00e4n saatu aikaan. Sen sijaan neuvotteluprosessia leimaa fossiiliteollisuuden vaikutusvalta ja poliittinen passiivisuus. Miksi neuvottelut ovat n\u00e4in jumissa? <\/p><\/div>\n        \n        <div class=\"wp-block-group posts-list-meta is-layout-flow wp-block-group-is-layout-flow\"><span class='article-list-item-author'><a href='https:\/\/www.greenpeace.org\/finland\/author\/gp_finland\/'>Greenpeace Suomi<\/a><\/span>\n        <div class=\"wp-block-post-date\"><time datetime=\"2025-09-10T15:35:30+03:00\">10\/09\/2025<\/time><\/div>\n        \n        <\/div>\n        <\/div>\n        <\/div>\n\n            <\/li><li class=\"wp-block-post post-60407 post type-post status-publish format-standard has-post-thumbnail hentry category-greenpeace category-ilmastonmuutos tag-ilmastopolitiikka p4-page-type-blogit\">\n            \n<div class=\"wp-block-columns is-layout-flex wp-container-core-columns-is-layout-9d6595d7 wp-block-columns-is-layout-flex\"><figure class=\"wp-block-post-featured-image\"><a href=\"https:\/\/www.greenpeace.org\/finland\/blogit\/ilmastonmuutos\/saastuttajat-ja-miljardoorit-vastuuseen-tasta-ykn-verosopimusneuvotteluissa-on-kyse\/\" target=\"_self\"  ><img loading=\"lazy\" decoding=\"async\" width=\"1200\" height=\"800\" src=\"https:\/\/www.greenpeace.org\/static\/planet4-finland-stateless\/2025\/08\/f9a051fc-tax-the-super-rich-24.2.2025-natanya-harrington.jpg\" class=\"attachment-post-thumbnail size-post-thumbnail wp-post-image wp-stateless-item\" alt=\"Saastuttajat ja miljard\u00f6\u00f6rit vastuuseen \u2013 t\u00e4st\u00e4 YK:n verosopimusneuvotteluissa on kyse\" style=\"object-fit:cover;\" srcset=\"https:\/\/www.greenpeace.org\/static\/planet4-finland-stateless\/2025\/08\/f9a051fc-tax-the-super-rich-24.2.2025-natanya-harrington.jpg 1200w, https:\/\/www.greenpeace.org\/static\/planet4-finland-stateless\/2025\/08\/f9a051fc-tax-the-super-rich-24.2.2025-natanya-harrington-300x200.jpg 300w, https:\/\/www.greenpeace.org\/static\/planet4-finland-stateless\/2025\/08\/f9a051fc-tax-the-super-rich-24.2.2025-natanya-harrington-1024x683.jpg 1024w, https:\/\/www.greenpeace.org\/static\/planet4-finland-stateless\/2025\/08\/f9a051fc-tax-the-super-rich-24.2.2025-natanya-harrington-768x512.jpg 768w, https:\/\/www.greenpeace.org\/static\/planet4-finland-stateless\/2025\/08\/f9a051fc-tax-the-super-rich-24.2.2025-natanya-harrington-510x340.jpg 510w\" sizes=\"auto, (max-width: 1200px) 100vw, 1200px\" data-image-size=\"post-thumbnail\" data-stateless-media-bucket=\"planet4-finland-stateless\" data-stateless-media-name=\"2025\/08\/f9a051fc-tax-the-super-rich-24.2.2025-natanya-harrington.jpg\" \/><\/a><\/figure>\n\n        <div class=\"wp-block-group is-layout-flow wp-block-group-is-layout-flow\">\n                <div class=\"wp-block-group is-layout-flex wp-block-group-is-layout-flex\"><div class=\"wp-block-post-terms\"><a href=\"https:\/\/www.greenpeace.org\/finland\/luokka\/greenpeace\/\">Greenpeace<\/a><\/div>\n                <div class=\"taxonomy-post_tag wp-block-post-terms\"><a href=\"https:\/\/www.greenpeace.org\/finland\/tag\/ilmastopolitiikka\/\" rel=\"tag\">ilmastopolitiikka<\/a><\/div>\n                \n                <\/div>\n                \n        <h3 class=\"wp-block-post-title\"><a href=\"https:\/\/www.greenpeace.org\/finland\/blogit\/ilmastonmuutos\/saastuttajat-ja-miljardoorit-vastuuseen-tasta-ykn-verosopimusneuvotteluissa-on-kyse\/\" target=\"_self\" >Saastuttajat ja miljard\u00f6\u00f6rit vastuuseen \u2013 t\u00e4st\u00e4 YK:n verosopimusneuvotteluissa on kyse<\/a><\/h3>\n        <div class=\"wp-block-post-excerpt\"><p class=\"wp-block-post-excerpt__excerpt\">YK:n kansainv\u00e4lisen veroyhteisty\u00f6n puiteyleissopimuksessa (UNFCITC) neuvotellaan uusista maailmanlaajuisista veros\u00e4\u00e4nn\u00f6ist\u00e4, jotka voisivat auttaa rahoittamaan ilmastotoimia, suojelemaan luontoa ja v\u00e4hent\u00e4m\u00e4\u00e4n eriarvoisuutta. Kahden viikon neuvottelukierros k\u00e4ynnistyi 4. elokuuta New Yorkissa. <\/p><\/div>\n        \n        <div class=\"wp-block-group posts-list-meta is-layout-flow wp-block-group-is-layout-flow\"><span class='article-list-item-author'><a href='https:\/\/www.greenpeace.org\/finland\/author\/jaromaa\/'>Juha Aromaa<\/a><\/span>\n        <div class=\"wp-block-post-date\"><time datetime=\"2025-08-04T14:00:58+03:00\">04\/08\/2025<\/time><\/div>\n        \n        <\/div>\n        <\/div>\n        <\/div>\n\n            <\/li><\/ul>\n\n    \n<div class=\"wp-block-buttons carousel-controls is-horizontal is-content-justification-space-between is-nowrap is-layout-flex wp-container-core-buttons-is-layout-044bd602 wp-block-buttons-is-layout-flex\">\n            <div class=\"wp-block-button carousel-control-prev\"><button type=\"button\" class=\"wp-block-button__link wp-element-button\">Prev<\/button><\/div>\n        \n\n            <div class=\"wp-block-button carousel-control-next\"><button type=\"button\" class=\"wp-block-button__link wp-element-button\">Seuraava<\/button><\/div>\n        <\/div>\n\n\n    <\/div>\n    ","protected":false},"excerpt":{"rendered":"<p>Ilmastolakimme on j\u00e4\u00e4m\u00e4ss\u00e4 hakkuiden jalkoihin, mutta kukaan ei ota siit\u00e4 vastuuta. Siksi olemme haastaneet Suomen oikeuteen. Tule mukaan tekem\u00e4\u00e4n historiaa.<\/p>\n","protected":false},"author":41,"featured_media":51024,"parent":9,"menu_order":0,"comment_status":"closed","ping_status":"closed","template":"","meta":{"_improvement_type_select":"improve_an_existing","_thumb_yes_seoaic":false,"_frame_yes_seoaic":false,"seoaic_generate_description":"","seoaic_improve_instructions_prompt":"","seoaic_rollback_content_improvement":"","seoaic_idea_thumbnail_generator":"","thumbnail_generated":false,"thumbnail_generate_prompt":"","seoaic_article_description":"","ep_exclude_from_search":false,"p4_hide_page_title_checkbox":"","p4_title":"","p4_subtitle":"","p4_description":"","background_image_id":"","background_image":"","p4_button_title":"","p4_button_link":"","p4_button_link_checkbox":"","p4_og_title":"","p4_og_description":"","p4_og_image":"","p4_og_image_id":"","p4_seo_canonical_url":"","p4_campaign_name":"Climate and Justice","p4_local_project":"Finnish Forests","p4_basket_name":"Forests","p4_department":"PG","footnotes":""},"categories":[],"tags":[],"class_list":["post-51251","page","type-page","status-publish","has-post-thumbnail","hentry"],"_links":{"self":[{"href":"https:\/\/www.greenpeace.org\/finland\/wp-json\/wp\/v2\/pages\/51251","targetHints":{"allow":["GET"]}}],"collection":[{"href":"https:\/\/www.greenpeace.org\/finland\/wp-json\/wp\/v2\/pages"}],"about":[{"href":"https:\/\/www.greenpeace.org\/finland\/wp-json\/wp\/v2\/types\/page"}],"author":[{"embeddable":true,"href":"https:\/\/www.greenpeace.org\/finland\/wp-json\/wp\/v2\/users\/41"}],"replies":[{"embeddable":true,"href":"https:\/\/www.greenpeace.org\/finland\/wp-json\/wp\/v2\/comments?post=51251"}],"version-history":[{"count":21,"href":"https:\/\/www.greenpeace.org\/finland\/wp-json\/wp\/v2\/pages\/51251\/revisions"}],"predecessor-version":[{"id":60689,"href":"https:\/\/www.greenpeace.org\/finland\/wp-json\/wp\/v2\/pages\/51251\/revisions\/60689"}],"up":[{"embeddable":true,"href":"https:\/\/www.greenpeace.org\/finland\/wp-json\/wp\/v2\/pages\/9"}],"wp:featuredmedia":[{"embeddable":true,"href":"https:\/\/www.greenpeace.org\/finland\/wp-json\/wp\/v2\/media\/51024"}],"wp:attachment":[{"href":"https:\/\/www.greenpeace.org\/finland\/wp-json\/wp\/v2\/media?parent=51251"}],"wp:term":[{"taxonomy":"category","embeddable":true,"href":"https:\/\/www.greenpeace.org\/finland\/wp-json\/wp\/v2\/categories?post=51251"},{"taxonomy":"post_tag","embeddable":true,"href":"https:\/\/www.greenpeace.org\/finland\/wp-json\/wp\/v2\/tags?post=51251"}],"curies":[{"name":"wp","href":"https:\/\/api.w.org\/{rel}","templated":true}]}}