{"id":522,"date":"2019-01-09T09:10:19","date_gmt":"2019-01-09T09:10:19","guid":{"rendered":"https:\/\/www.greenpeace.org\/finland\/?page_id=522"},"modified":"2026-02-18T16:56:18","modified_gmt":"2026-02-18T13:56:18","slug":"medialle","status":"publish","type":"page","link":"https:\/\/www.greenpeace.org\/finland\/meista\/medialle\/","title":{"rendered":"Medialle"},"content":{"rendered":"\n\n<div class=\"wp-block-group alignfull has-grey-100-background-color has-background is-layout-flow wp-block-group-is-layout-flow\" style=\"padding-top:56px;padding-bottom:56px\">\n<div class=\"wp-block-group container is-layout-flow wp-block-group-is-layout-flow\">\n<div class=\"wp-block-media-text alignfull has-media-on-the-right is-stacked-on-mobile is-pattern-p4-page-header is-style-parallax has-grey-900-color has-grey-100-background-color has-text-color has-background\"><div class=\"wp-block-media-text__content\">\n<div class=\"wp-block-group is-layout-flow wp-block-group-is-layout-flow\">\n<h1 class=\"wp-block-heading has-grey-100-background-color has-background\">Medialle<\/h1>\n<\/div>\n\n\n\n<p>T\u00e4\u00e4lt\u00e4 l\u00f6yd\u00e4t yhteystiedot medialle, uusimmat lehdist\u00f6tiedotteet, julkaisut ja kuvia toiminnastamme ymp\u00e4ri maailmaa. <\/p>\n\n\n\n<div class=\"wp-block-buttons is-layout-flex wp-block-buttons-is-layout-flex\">\n<div class=\"wp-block-button is-style-cta\"><a class=\"wp-block-button__link wp-element-button\" href=\"mailto:viestinta@greenpeace.org\">viestinta@greenpeace.org<\/a><\/div>\n<\/div>\n<\/div><figure class=\"wp-block-media-text__media\"><img loading=\"lazy\" decoding=\"async\" width=\"1024\" height=\"683\" src=\"https:\/\/www.greenpeace.org\/static\/planet4-finland-stateless\/2023\/12\/20230301-gp-karttimonjoki-pyry-kantonen-048-1024x683.jpg\" alt=\"\" sizes=\"auto, (min-width: 601px) 50vw, 100vw\" srcset=\"https:\/\/www.greenpeace.org\/static\/planet4-finland-stateless\/2023\/12\/20230301-gp-karttimonjoki-pyry-kantonen-048-scaled-e1702979769352.jpg 800w, https:\/\/www.greenpeace.org\/static\/planet4-finland-stateless\/2023\/12\/20230301-gp-karttimonjoki-pyry-kantonen-048-scaled-e1702979769352-300x200.jpg 300w, https:\/\/www.greenpeace.org\/static\/planet4-finland-stateless\/2023\/12\/20230301-gp-karttimonjoki-pyry-kantonen-048-scaled-e1702979769352-768x512.jpg 768w, https:\/\/www.greenpeace.org\/static\/planet4-finland-stateless\/2023\/12\/20230301-gp-karttimonjoki-pyry-kantonen-048-scaled-e1702979769352-510x340.jpg 510w\" class=\"wp-image-55912 size-full\"\/><\/figure><\/div>\n<\/div>\n<\/div>\n\n\n<div class=\"wp-block-columns is-layout-flex wp-container-core-columns-is-layout-9d6595d7 wp-block-columns-is-layout-flex\">\n<div class=\"wp-block-column is-layout-flow wp-block-column-is-layout-flow\" style=\"flex-basis:100%\">\n\n<div class=\"wp-block-group block has-white-background-color has-background is-layout-flow wp-block-group-is-layout-flow\">\n<h2 class=\"wp-block-heading has-text-align-left\">Ota yhteytt\u00e4 viestint\u00e4\u00e4mme<\/h2>\n\n\n\n<div style=\"height:30px;width:0px\" aria-hidden=\"true\" class=\"wp-block-spacer\"><\/div>\n\n\n\n<div class=\"wp-block-columns is-layout-flex wp-container-core-columns-is-layout-9d6595d7 wp-block-columns-is-layout-flex\">\n<div class=\"wp-block-column is-layout-flow wp-block-column-is-layout-flow\">\n<div class=\"wp-block-media-text is-stacked-on-mobile\" style=\"grid-template-columns:38% auto\"><figure class=\"wp-block-media-text__media\"><img loading=\"lazy\" decoding=\"async\" width=\"400\" height=\"400\" src=\"https:\/\/www.greenpeace.org\/static\/planet4-finland-stateless\/2019\/01\/82b362d0-juuso.png\" alt=\"\" sizes=\"auto, (min-width: 1600px) calc((1320px - 24px) \/ 2.6316),(min-width: 1200px) calc((1140px - 24px) \/ 2.6316),(min-width: 992px) calc((960px - 24px) \/ 2.6316),(min-width: 768px) calc((720px - 24px) \/ 2.6316),(min-width: 601px) calc((540px - 24px) \/ 2.6316),(min-width: 577px) calc((540px - 24px) \/ 1), calc(100vw - 24px)\" srcset=\"https:\/\/www.greenpeace.org\/static\/planet4-finland-stateless\/2019\/01\/82b362d0-juuso.png 400w, https:\/\/www.greenpeace.org\/static\/planet4-finland-stateless\/2019\/01\/82b362d0-juuso-150x150.png 150w, https:\/\/www.greenpeace.org\/static\/planet4-finland-stateless\/2019\/01\/82b362d0-juuso-300x300.png 300w, https:\/\/www.greenpeace.org\/static\/planet4-finland-stateless\/2019\/01\/82b362d0-juuso-340x340.png 340w\" class=\"wp-image-1121 size-full\"\/><\/figure><div class=\"wp-block-media-text__content\">\n<div class=\"wp-block-group is-vertical is-layout-flex wp-container-core-group-is-layout-8cf370e7 wp-block-group-is-layout-flex\">\n<h3 class=\"wp-block-heading has-text-align-left\">Juuso Janhunen<\/h3>\n\n\n\n<p class=\"has-text-align-left\">Viestint\u00e4asiantuntija \/ Communications Specialist<\/p>\n\n\n\n<p class=\"has-text-align-left\"><br>+358 040 482 55 41<\/p>\n\n\n\n<p class=\"has-text-align-left is-style-chevron has-gp-green-80-color has-text-color has-link-color wp-elements-a89a2b5141d77b20d2e7881a55a184c5\"><a href=\"mailto:juuso.janhunen@greenpeace.org\">juuso.janhunen@greenpeace.org<\/a><\/p>\n\n\n\n<div style=\"height:16px;width:0px\" aria-hidden=\"true\" class=\"wp-block-spacer wp-container-content-f9bd05ee\"><\/div>\n<\/div>\n<\/div><\/div>\n<\/div>\n\n\n\n<div class=\"wp-block-column is-layout-flow wp-block-column-is-layout-flow\">\n<div class=\"wp-block-media-text is-stacked-on-mobile\" style=\"grid-template-columns:38% auto\"><figure class=\"wp-block-media-text__media\"><img loading=\"lazy\" decoding=\"async\" width=\"800\" height=\"754\" src=\"https:\/\/www.greenpeace.org\/static\/planet4-finland-stateless\/2019\/09\/38aa062f-marivaara1.png\" alt=\"\" sizes=\"auto, (min-width: 1600px) calc((1320px - 24px) \/ 2.6316),(min-width: 1200px) calc((1140px - 24px) \/ 2.6316),(min-width: 992px) calc((960px - 24px) \/ 2.6316),(min-width: 768px) calc((720px - 24px) \/ 2.6316),(min-width: 601px) calc((540px - 24px) \/ 2.6316),(min-width: 577px) calc((540px - 24px) \/ 1), calc(100vw - 24px)\" srcset=\"https:\/\/www.greenpeace.org\/static\/planet4-finland-stateless\/2019\/09\/38aa062f-marivaara1.png 800w, https:\/\/www.greenpeace.org\/static\/planet4-finland-stateless\/2019\/09\/38aa062f-marivaara1-300x283.png 300w, https:\/\/www.greenpeace.org\/static\/planet4-finland-stateless\/2019\/09\/38aa062f-marivaara1-768x724.png 768w, https:\/\/www.greenpeace.org\/static\/planet4-finland-stateless\/2019\/09\/38aa062f-marivaara1-361x340.png 361w\" class=\"wp-image-2381 size-full\"\/><\/figure><div class=\"wp-block-media-text__content\">\n<div class=\"wp-block-group is-vertical is-layout-flex wp-container-core-group-is-layout-8cf370e7 wp-block-group-is-layout-flex\">\n<h3 class=\"wp-block-heading has-text-align-left wp-container-content-f9bd05ee\">Mari Vaara<\/h3>\n\n\n\n<p class=\"has-text-align-left wp-container-content-f9bd05ee\">Tiedottaja \/ <br>Press Officer<\/p>\n\n\n\n<p class=\"has-text-align-left wp-container-content-f9bd05ee\"><br>+358 040 751 7957<\/p>\n\n\n\n<p class=\"has-text-align-left is-style-chevron has-gp-green-80-color has-text-color has-link-color wp-elements-126c0f7bc6d0d0ee3cd8aa93707ccb6b\"><a href=\"mailto:sanni.lahtinen@greenpeace.org\">mari.vaara@greenpeace.org<\/a><a href=\"mailto:juuso.janhunen@greenpeace.org\"><\/a><\/p>\n\n\n\n<div style=\"height:0px\" aria-hidden=\"true\" class=\"wp-block-spacer wp-container-content-f9bd05ee\"><\/div>\n<\/div>\n<\/div><\/div>\n<\/div>\n<\/div>\n<\/div>\n\n<\/div>\n<\/div>\n\n\n<div class=\"wp-block-group alignfull block mb-0 has-grey-100-background-color has-background is-layout-flow wp-block-group-is-layout-flow\">\n<div style=\"height:30px\" aria-hidden=\"true\" class=\"wp-block-spacer\"><\/div>\n\n\n\n<div class=\"wp-block-group container mb-0 is-layout-flow wp-block-group-is-layout-flow\">\n<div style=\"height:50px\" aria-hidden=\"true\" class=\"wp-block-spacer\"><\/div>\n\n\n<div data-render=\"planet4-blocks\/columns\" data-attributes=\"{&quot;attributes&quot;:{&quot;columns&quot;:[{&quot;title&quot;:&quot;Seuraa meit\\u00e4 Instagramissa&quot;,&quot;description&quot;:&quot;Pysy ajantasalla toiminnastamme ja viime aikaisista tapahtumista seuraamalla meit\\u00e4 Instagramissa.&quot;,&quot;cta_text&quot;:&quot;Seuraa&quot;,&quot;cta_link&quot;:&quot;https:\\\/\\\/www.instagram.com\\\/greenpeacesuomi\\\/&quot;,&quot;link_new_tab&quot;:true,&quot;attachment&quot;:58198},{&quot;title&quot;:&quot;Seuraa meit\\u00e4 Linkediniss\\u00e4&quot;,&quot;description&quot;:&quot;Ajankohtaisia p\\u00e4ivityksi\\u00e4 ja tietoa my\\u00f6s LinkedIniss\\u00e4.&quot;,&quot;cta_text&quot;:&quot;Osallistu keskusteluun&quot;,&quot;cta_link&quot;:&quot;https:\\\/\\\/www.linkedin.com\\\/company\\\/greenpeace-fi\\\/&quot;,&quot;link_new_tab&quot;:true,&quot;attachment&quot;:58196},{&quot;title&quot;:&quot;Kuvat ja videot&quot;,&quot;description&quot;:&quot;Maailmanlaajuinen kuva- ja videopankkimme on my\\u00f6s median k\\u00e4ytett\\u00e4viss\\u00e4.&quot;,&quot;cta_text&quot;:&quot;Siirry kuvapankkiimme&quot;,&quot;cta_link&quot;:&quot;https:\\\/\\\/media.greenpeace.org\\\/&quot;,&quot;attachment&quot;:58203,&quot;link_new_tab&quot;:true},{&quot;title&quot;:&quot;For the media&quot;,&quot;description&quot;:&quot;The latest images can be found in our media library. Are you looking for an expert or have any questions?&lt;br&gt;Please reach out at: &lt;a href=u0022mailto:viestinta@greenpeace.orgu0022&gt;viestinta@greenpeace.org&lt;\\\/a&gt;&quot;,&quot;attachment&quot;:58203,&quot;cta_link&quot;:&quot;https:\\\/\\\/media.greenpeace.org\\\/&quot;,&quot;cta_text&quot;:&quot;See the media library&quot;,&quot;link_new_tab&quot;:true}],&quot;className&quot;:&quot;is-style-no_image&quot;,&quot;columns_block_style&quot;:&quot;no_image&quot;}}\"><\/div>\n\n\n<div style=\"height:50px\" aria-hidden=\"true\" class=\"wp-block-spacer\"><\/div>\n<\/div>\n<\/div>\n\n\n<div style=\"height:30px\" aria-hidden=\"true\" class=\"wp-block-spacer\"><\/div>\n\n<div class=\"wp-block-query posts-list p4-query-loop is-custom-layout-list is-layout-flow wp-block-query-is-layout-flow\">\n<div class=\"wp-block-group is-content-justification-space-between is-layout-flex wp-container-core-group-is-layout-3d213aab wp-block-group-is-layout-flex\">\n<h2 class=\"wp-block-heading\">Uusimmat lehdist\u00f6tiedotteet<\/h2>\n\n\n<li class=\" wp-block-navigation-item see-all-link wp-block-navigation-link\"><a class=\"wp-block-navigation-item__content\"  href=\"https:\/\/www.greenpeace.org\/finland\/uutisia-ja-tarinoita\/?post-type=tiedotteet\"><span class=\"wp-block-navigation-item__label\">See all posts<\/span><\/a><\/li><\/div>\n\n\n\n<p style=\"margin-top:24px;margin-bottom:36px\"><\/p>\n\n\n\n\n<ul class=\"wp-block-post-template is-layout-flow wp-block-post-template-is-layout-flow\"><li class=\"wp-block-post post-61924 post type-post status-publish format-standard has-post-thumbnail hentry category-energia tag-fossiiliset tag-ilmastokriisinsyyt p4-page-type-tiedotteet\">\n\n<div class=\"wp-block-columns is-layout-flex wp-container-core-columns-is-layout-9d6595d7 wp-block-columns-is-layout-flex\"><figure class=\"wp-block-post-featured-image\"><a href=\"https:\/\/www.greenpeace.org\/finland\/tiedotteet\/energia\/tuore-raportti-eu-alueen-oljy-yhtiot-kaarivat-joka-paiva-814-miljoonaa-euroa-ylimaaraista-voittoa-iranin-sodan-seurauksena\/\" target=\"_self\"  ><img loading=\"lazy\" decoding=\"async\" width=\"1200\" height=\"900\" src=\"https:\/\/www.greenpeace.org\/static\/planet4-finland-stateless\/2026\/04\/ac5273aa-gp0su0791.jpg\" class=\"attachment-post-thumbnail size-post-thumbnail wp-post-image wp-stateless-item\" alt=\"Tuore raportti: EU-alueen \u00f6ljy-yhti\u00f6t k\u00e4\u00e4riv\u00e4t joka p\u00e4iv\u00e4 81,4 miljoonaa euroa ylim\u00e4\u00e4r\u00e4ist\u00e4 voittoa Iranin sodan seurauksena\" style=\"object-fit:cover;\" srcset=\"https:\/\/www.greenpeace.org\/static\/planet4-finland-stateless\/2026\/04\/ac5273aa-gp0su0791.jpg 1200w, https:\/\/www.greenpeace.org\/static\/planet4-finland-stateless\/2026\/04\/ac5273aa-gp0su0791-300x225.jpg 300w, https:\/\/www.greenpeace.org\/static\/planet4-finland-stateless\/2026\/04\/ac5273aa-gp0su0791-1024x768.jpg 1024w, https:\/\/www.greenpeace.org\/static\/planet4-finland-stateless\/2026\/04\/ac5273aa-gp0su0791-768x576.jpg 768w, https:\/\/www.greenpeace.org\/static\/planet4-finland-stateless\/2026\/04\/ac5273aa-gp0su0791-453x340.jpg 453w\" sizes=\"auto, (max-width: 1200px) 100vw, 1200px\" data-image-size=\"post-thumbnail\" data-stateless-media-bucket=\"planet4-finland-stateless\" data-stateless-media-name=\"2026\/04\/ac5273aa-gp0su0791.jpg\" \/><\/a><\/figure>\n\n\n<div class=\"wp-block-group is-layout-flow wp-block-group-is-layout-flow\">\n<div class=\"wp-block-group is-layout-flex wp-block-group-is-layout-flex\"><div class=\"wp-block-post-terms\"><a href=\"https:\/\/www.greenpeace.org\/finland\/luokka\/energia\/\">Energia<\/a><\/div>\n\n<div class=\"taxonomy-post_tag wp-block-post-terms\"><a href=\"https:\/\/www.greenpeace.org\/finland\/tag\/fossiiliset\/\" rel=\"tag\">fossiiliset<\/a><span class=\"wp-block-post-terms__separator\"> <\/span><a href=\"https:\/\/www.greenpeace.org\/finland\/tag\/ilmastokriisinsyyt\/\" rel=\"tag\">ilmastokriisinsyyt<\/a><\/div><\/div>\n\n\n<h3 class=\"wp-block-post-title\"><a href=\"https:\/\/www.greenpeace.org\/finland\/tiedotteet\/energia\/tuore-raportti-eu-alueen-oljy-yhtiot-kaarivat-joka-paiva-814-miljoonaa-euroa-ylimaaraista-voittoa-iranin-sodan-seurauksena\/\" target=\"_self\" >Tuore raportti: EU-alueen \u00f6ljy-yhti\u00f6t k\u00e4\u00e4riv\u00e4t joka p\u00e4iv\u00e4 81,4 miljoonaa euroa ylim\u00e4\u00e4r\u00e4ist\u00e4 voittoa Iranin sodan seurauksena<\/a><\/h3>\n\n<div class=\"wp-block-post-excerpt\"><p class=\"wp-block-post-excerpt__excerpt\">EU-maiden hallitusten on kiireellisesti verotettava fossiilisia voittoja energialaskujen helpottamiseksi ja investointien vauhdittamiseksi halpaan, turvalliseen ja kotimaiseen uusiutuvaan energiaan. <\/p><\/div>\n\n\n<div class=\"wp-block-group posts-list-meta is-layout-flow wp-block-group-is-layout-flow\"><span class='article-list-item-author'><a href='https:\/\/www.greenpeace.org\/finland\/author\/anlileh\/'>Greenpeace<\/a><\/span>\n\n<div class=\"wp-block-post-date\"><time datetime=\"2026-04-02T13:28:17+03:00\">02\/04\/2026<\/time><\/div><\/div>\n<\/div>\n<\/div>\n\n<\/li><li class=\"wp-block-post post-61817 post type-post status-publish format-standard has-post-thumbnail hentry category-ilmastonmuutos tag-suojellaanmeret tag-luontokato tag-maailmanmeret p4-page-type-tiedotteet\">\n\n<div class=\"wp-block-columns is-layout-flex wp-container-core-columns-is-layout-9d6595d7 wp-block-columns-is-layout-flex\"><figure class=\"wp-block-post-featured-image\"><a href=\"https:\/\/www.greenpeace.org\/finland\/tiedotteet\/ilmastonmuutos\/uusi-raportti-ilmastotavoitteiden-saavuttaminen-on-mahdollista-ilman-kriittisten-mineraalien-holtitonta-kayttoa\/\" target=\"_self\"  ><img loading=\"lazy\" decoding=\"async\" width=\"800\" height=\"450\" src=\"https:\/\/www.greenpeace.org\/static\/planet4-finland-stateless\/2026\/03\/0c1d43b9-gp0su2epj_low-res-800px.jpg\" class=\"attachment-post-thumbnail size-post-thumbnail wp-post-image wp-stateless-item\" alt=\"Uusi raportti: Ilmastotavoitteiden saavuttaminen on mahdollista ilman kriittisten mineraalien holtitonta k\u00e4ytt\u00f6\u00e4\" style=\"object-fit:cover;\" srcset=\"https:\/\/www.greenpeace.org\/static\/planet4-finland-stateless\/2026\/03\/0c1d43b9-gp0su2epj_low-res-800px.jpg 800w, https:\/\/www.greenpeace.org\/static\/planet4-finland-stateless\/2026\/03\/0c1d43b9-gp0su2epj_low-res-800px-300x169.jpg 300w, https:\/\/www.greenpeace.org\/static\/planet4-finland-stateless\/2026\/03\/0c1d43b9-gp0su2epj_low-res-800px-768x432.jpg 768w, https:\/\/www.greenpeace.org\/static\/planet4-finland-stateless\/2026\/03\/0c1d43b9-gp0su2epj_low-res-800px-510x287.jpg 510w\" sizes=\"auto, (max-width: 800px) 100vw, 800px\" data-image-size=\"post-thumbnail\" data-stateless-media-bucket=\"planet4-finland-stateless\" data-stateless-media-name=\"2026\/03\/0c1d43b9-gp0su2epj_low-res-800px.jpg\" \/><\/a><\/figure>\n\n\n<div class=\"wp-block-group is-layout-flow wp-block-group-is-layout-flow\">\n<div class=\"wp-block-group is-layout-flex wp-block-group-is-layout-flex\"><div class=\"wp-block-post-terms\"><a href=\"https:\/\/www.greenpeace.org\/finland\/luokka\/ilmastonmuutos\/\">Ilmastonmuutos<\/a><\/div>\n\n<div class=\"taxonomy-post_tag wp-block-post-terms\"><a href=\"https:\/\/www.greenpeace.org\/finland\/tag\/suojellaanmeret\/\" rel=\"tag\">suojellaanmeret<\/a><span class=\"wp-block-post-terms__separator\"> <\/span><a href=\"https:\/\/www.greenpeace.org\/finland\/tag\/luontokato\/\" rel=\"tag\">luontokato<\/a><span class=\"wp-block-post-terms__separator\"> <\/span><a href=\"https:\/\/www.greenpeace.org\/finland\/tag\/maailmanmeret\/\" rel=\"tag\">maailmanmeret<\/a><\/div><\/div>\n\n\n<h3 class=\"wp-block-post-title\"><a href=\"https:\/\/www.greenpeace.org\/finland\/tiedotteet\/ilmastonmuutos\/uusi-raportti-ilmastotavoitteiden-saavuttaminen-on-mahdollista-ilman-kriittisten-mineraalien-holtitonta-kayttoa\/\" target=\"_self\" >Uusi raportti: Ilmastotavoitteiden saavuttaminen on mahdollista ilman kriittisten mineraalien holtitonta k\u00e4ytt\u00f6\u00e4<\/a><\/h3>\n\n<div class=\"wp-block-post-excerpt\"><p class=\"wp-block-post-excerpt__excerpt\">Raportti osoittaa, kuinka maapallon mineraalivaroja voidaan hallinnoida uusiutuvan energian murroksessa siten, ett\u00e4 v\u00e4ltt\u00e4m\u00e4tt\u00f6mi\u00e4, maapallon el\u00e4m\u00e4\u00e4 yll\u00e4pit\u00e4vi\u00e4 j\u00e4rjestelmi\u00e4 suojellaan niin kutsuttujen kriittisten mineraalien maanp\u00e4\u00e4lliselt\u00e4 ja syv\u00e4nmeren louhinnalta. <\/p><\/div>\n\n\n<div class=\"wp-block-group posts-list-meta is-layout-flow wp-block-group-is-layout-flow\"><span class='article-list-item-author'><a href='https:\/\/www.greenpeace.org\/finland\/author\/gp_finland\/'>Greenpeace Suomi<\/a><\/span>\n\n<div class=\"wp-block-post-date\"><time datetime=\"2026-03-18T15:54:59+03:00\">18\/03\/2026<\/time><\/div><\/div>\n<\/div>\n<\/div>\n\n<\/li><li class=\"wp-block-post post-61707 post type-post status-publish format-standard has-post-thumbnail hentry category-greenpeace tag-fossiiliset p4-page-type-tiedotteet\">\n\n<div class=\"wp-block-columns is-layout-flex wp-container-core-columns-is-layout-9d6595d7 wp-block-columns-is-layout-flex\"><figure class=\"wp-block-post-featured-image\"><a href=\"https:\/\/www.greenpeace.org\/finland\/tiedotteet\/greenpeace\/pohjois-dakotan-piirioikeus-vahvisti-tuomion-greenpeacen-maksettava-345-miljoonan-dollarin-korvaukset-energy-transferille-yhdysvalloissa-greenpeace-valittaa-tuomiosta\/\" target=\"_self\"  ><img loading=\"lazy\" decoding=\"async\" width=\"800\" height=\"450\" src=\"https:\/\/www.greenpeace.org\/static\/planet4-finland-stateless\/2025\/02\/5566b84a-et-slapp-washington-2-800x450-1.jpg\" class=\"attachment-post-thumbnail size-post-thumbnail wp-post-image wp-stateless-item\" alt=\"Pohjois-Dakotan piirioikeus vahvisti tuomion: Greenpeacen maksettava 345 miljoonan dollarin korvaukset Energy Transferille Yhdysvalloissa \u2013 Greenpeace valittaa tuomiosta\" style=\"object-fit:cover;\" srcset=\"https:\/\/www.greenpeace.org\/static\/planet4-finland-stateless\/2025\/02\/5566b84a-et-slapp-washington-2-800x450-1.jpg 800w, https:\/\/www.greenpeace.org\/static\/planet4-finland-stateless\/2025\/02\/5566b84a-et-slapp-washington-2-800x450-1-300x169.jpg 300w, https:\/\/www.greenpeace.org\/static\/planet4-finland-stateless\/2025\/02\/5566b84a-et-slapp-washington-2-800x450-1-768x432.jpg 768w, https:\/\/www.greenpeace.org\/static\/planet4-finland-stateless\/2025\/02\/5566b84a-et-slapp-washington-2-800x450-1-510x287.jpg 510w\" sizes=\"auto, (max-width: 800px) 100vw, 800px\" data-image-size=\"post-thumbnail\" data-stateless-media-bucket=\"planet4-finland-stateless\" data-stateless-media-name=\"2025\/02\/5566b84a-et-slapp-washington-2-800x450-1.jpg\" \/><\/a><\/figure>\n\n\n<div class=\"wp-block-group is-layout-flow wp-block-group-is-layout-flow\">\n<div class=\"wp-block-group is-layout-flex wp-block-group-is-layout-flex\"><div class=\"wp-block-post-terms\"><a href=\"https:\/\/www.greenpeace.org\/finland\/luokka\/greenpeace\/\">Greenpeace<\/a><\/div>\n\n<div class=\"taxonomy-post_tag wp-block-post-terms\"><a href=\"https:\/\/www.greenpeace.org\/finland\/tag\/fossiiliset\/\" rel=\"tag\">fossiiliset<\/a><\/div><\/div>\n\n\n<h3 class=\"wp-block-post-title\"><a href=\"https:\/\/www.greenpeace.org\/finland\/tiedotteet\/greenpeace\/pohjois-dakotan-piirioikeus-vahvisti-tuomion-greenpeacen-maksettava-345-miljoonan-dollarin-korvaukset-energy-transferille-yhdysvalloissa-greenpeace-valittaa-tuomiosta\/\" target=\"_self\" >Pohjois-Dakotan piirioikeus vahvisti tuomion: Greenpeacen maksettava 345 miljoonan dollarin korvaukset Energy Transferille Yhdysvalloissa \u2013 Greenpeace valittaa tuomiosta<\/a><\/h3>\n\n<div class=\"wp-block-post-excerpt\"><p class=\"wp-block-post-excerpt__excerpt\">Mandan, Pohjois-Dakota \u2013 Greenpeace International ja Greenpeacen Yhdysvaltojen toimijat ilmoittavat hakevansa uutta oikeudenk\u00e4ynti\u00e4 ja valittavansa tarvittaessa Pohjois-Dakotan korkeimpaan oikeuteen Pohjois-Dakotan piirioikeuden t\u00e4n\u00e4\u00e4n antamasta tuomiosta.&nbsp; <\/p><\/div>\n\n\n<div class=\"wp-block-group posts-list-meta is-layout-flow wp-block-group-is-layout-flow\"><span class='article-list-item-author'><a href='https:\/\/www.greenpeace.org\/finland\/author\/anlileh\/'>Greenpeace<\/a><\/span>\n\n<div class=\"wp-block-post-date\"><time datetime=\"2026-02-28T10:45:12+03:00\">28\/02\/2026<\/time><\/div><\/div>\n<\/div>\n<\/div>\n\n<\/li><\/ul>\n\n\n<div class=\"wp-block-buttons carousel-controls is-horizontal is-content-justification-space-between is-nowrap is-layout-flex wp-container-core-buttons-is-layout-044bd602 wp-block-buttons-is-layout-flex\">\n<div class=\"wp-block-button carousel-control-prev\"><button type=\"button\" class=\"wp-block-button__link wp-element-button\">Previous Carousel Slide<\/button><\/div>\n\n\n\n<div class=\"wp-block-button carousel-control-next\"><button type=\"button\" class=\"wp-block-button__link wp-element-button\">Next Carousel Slide<\/button><\/div>\n<\/div>\n\n\n<li class=\" wp-block-navigation-item see-all-link wp-block-navigation-link\"><a class=\"wp-block-navigation-item__content\"  href=\"https:\/\/www.greenpeace.org\/finland\/uutisia-ja-tarinoita\/?post-type=tiedotteet\"><span class=\"wp-block-navigation-item__label\">Lue lis\u00e4\u00e4<\/span><\/a><\/li><\/div>\n\n<div style=\"height:30px\" aria-hidden=\"true\" class=\"wp-block-spacer\"><\/div>\n","protected":false},"excerpt":{"rendered":"<p>T\u00e4\u00e4lt\u00e4 l\u00f6yd\u00e4t uusimmat lehdist\u00f6tiedotteet, julkaisut ja kuvia toiminnastamme ymp\u00e4ri maailmaa.<\/p>\n","protected":false},"author":23,"featured_media":55912,"parent":234,"menu_order":0,"comment_status":"closed","ping_status":"closed","template":"","meta":{"_improvement_type_select":"improve_an_existing","_thumb_yes_seoaic":false,"_frame_yes_seoaic":false,"seoaic_generate_description":"","seoaic_improve_instructions_prompt":"","seoaic_rollback_content_improvement":"","seoaic_idea_thumbnail_generator":"","thumbnail_generated":false,"thumbnail_generate_prompt":"","seoaic_article_description":"","ep_exclude_from_search":false,"p4_hide_page_title_checkbox":"on","p4_title":"","p4_subtitle":"","p4_description":"","background_image_id":"","background_image":"","p4_button_title":"","p4_button_link":"","p4_button_link_checkbox":"","p4_og_title":"","p4_og_description":"","p4_og_image":"","p4_og_image_id":"","p4_seo_canonical_url":"","p4_campaign_name":"not set","p4_local_project":"not set","p4_basket_name":"not set","p4_department":"","footnotes":""},"categories":[31],"tags":[13],"class_list":["post-522","page","type-page","status-publish","has-post-thumbnail","hentry","category-greenpeace","tag-tietoameista"],"_links":{"self":[{"href":"https:\/\/www.greenpeace.org\/finland\/wp-json\/wp\/v2\/pages\/522","targetHints":{"allow":["GET"]}}],"collection":[{"href":"https:\/\/www.greenpeace.org\/finland\/wp-json\/wp\/v2\/pages"}],"about":[{"href":"https:\/\/www.greenpeace.org\/finland\/wp-json\/wp\/v2\/types\/page"}],"author":[{"embeddable":true,"href":"https:\/\/www.greenpeace.org\/finland\/wp-json\/wp\/v2\/users\/23"}],"replies":[{"embeddable":true,"href":"https:\/\/www.greenpeace.org\/finland\/wp-json\/wp\/v2\/comments?post=522"}],"version-history":[{"count":20,"href":"https:\/\/www.greenpeace.org\/finland\/wp-json\/wp\/v2\/pages\/522\/revisions"}],"predecessor-version":[{"id":61661,"href":"https:\/\/www.greenpeace.org\/finland\/wp-json\/wp\/v2\/pages\/522\/revisions\/61661"}],"up":[{"embeddable":true,"href":"https:\/\/www.greenpeace.org\/finland\/wp-json\/wp\/v2\/pages\/234"}],"wp:featuredmedia":[{"embeddable":true,"href":"https:\/\/www.greenpeace.org\/finland\/wp-json\/wp\/v2\/media\/55912"}],"wp:attachment":[{"href":"https:\/\/www.greenpeace.org\/finland\/wp-json\/wp\/v2\/media?parent=522"}],"wp:term":[{"taxonomy":"category","embeddable":true,"href":"https:\/\/www.greenpeace.org\/finland\/wp-json\/wp\/v2\/categories?post=522"},{"taxonomy":"post_tag","embeddable":true,"href":"https:\/\/www.greenpeace.org\/finland\/wp-json\/wp\/v2\/tags?post=522"}],"curies":[{"name":"wp","href":"https:\/\/api.w.org\/{rel}","templated":true}]}}