{"id":5372,"date":"2024-07-03T11:50:35","date_gmt":"2024-07-03T08:50:35","guid":{"rendered":"https:\/\/www.greenpeace.org\/finland\/?page_id=5372"},"modified":"2026-04-17T11:41:23","modified_gmt":"2026-04-17T08:41:23","slug":"linkit","status":"publish","type":"page","link":"https:\/\/www.greenpeace.org\/finland\/linkit\/","title":{"rendered":"Klikkaa alta:"},"content":{"rendered":"\n<div class=\"wp-block-group is-layout-flow wp-block-group-is-layout-flow\">\n<div style=\"height:25px\" aria-hidden=\"true\" class=\"wp-block-spacer\"><\/div>\n\n\n\n<h1 class=\"wp-block-heading has-text-align-center\"><strong>Klikkaa alta:<\/strong><\/h1>\n\n\n\n<div class=\"wp-block-buttons is-layout-flex wp-block-buttons-is-layout-flex\">\n\n\n<div class=\"wp-block-button aligncenter is-style-secondary\"><a class=\"wp-block-button__link wp-element-button\" href=\"https:\/\/lahjoita.greenpeace.org\">Tee lahjoitus \ud83d\udc9a\u270c<\/a><\/div>\n\n\n\n<div class=\"wp-block-button aligncenter is-style-secondary\"><a class=\"wp-block-button__link wp-element-button\" href=\"http:\/\/act.gp\/luontovaikuttajat\">lmoittaudu luontovaikuttajakoulutukseen \ud83e\udd89<\/a><\/div>\n\n\n\n<div class=\"wp-block-button aligncenter is-style-secondary\"><a class=\"wp-block-button__link wp-element-button\" href=\"https:\/\/www.greenpeace.org\/finland\/toimi\/seis-syvanmeren-kaivuulle\/\">Loppu syv\u00e4nmeren kaivostoiminnalle \ud83d\udc20\u26a0\ufe0f<\/a><\/div>\n\n\n\n<div class=\"wp-block-button aligncenter is-style-secondary\"><a class=\"wp-block-button__link wp-element-button\" href=\"https:\/\/www.greenpeace.org\/finland\/toimi\/pelastetaan-70-luonnonmetsaa\/\">Pelastetaan 70 luonnonmets\u00e4\u00e4! \ud83d\udc9a<\/a><\/div>\n\n\n\n<div class=\"wp-block-button aligncenter is-style-secondary\"><a class=\"wp-block-button__link wp-element-button\" href=\"https:\/\/www.greenpeace.org\/finland\/toimi\/irti-muovista\/\">Allekirjoita muovivetoomus \ud83d\udeaf<\/a><\/div>\n\n\n\n<div class=\"wp-block-button aligncenter is-style-secondary\"><a class=\"wp-block-button__link wp-element-button\" href=\"https:\/\/www.greenpeace.org\/finland\/tilaa-greenpeacen-uutiskirje\/\" target=\"_blank\" rel=\"noreferrer noopener\">\ud83d\udc8c Liity s\u00e4hk\u00f6postilistalle \ud83d\udc8c<\/a><\/div>\n\n\n\n<div class=\"wp-block-button aligncenter is-style-secondary\"><a class=\"wp-block-button__link wp-element-button\" href=\"https:\/\/www.greenpeace.org\/finland\/toimi\/elakoon-amazon\/\" target=\"_blank\" rel=\"noreferrer noopener\">El\u00e4k\u00f6\u00f6n Amazon \u2013 allekirjoita vetoomus \ud83e\udda5<\/a><\/div>\n\n\n\n<div class=\"wp-block-button aligncenter is-style-secondary\"><a class=\"wp-block-button__link wp-element-button\" href=\"https:\/\/www.greenpeace.org\/finland\/tiedotteet\/metsat\/aloitamme-tehovalvonnan-luonnonmetsia-vahtii-nyt-yli-sata-vapaaehtoista\/\">Lue lis\u00e4\u00e4 mets\u00e4yhti\u00f6iden tehovalvonnasta! \ud83d\udcf9\ud83d\udd0e\ud83c\udf32<\/a><\/div>\n\n\n\n<div class=\"wp-block-button aligncenter is-style-secondary\"><a class=\"wp-block-button__link wp-element-button\" href=\"https:\/\/metsaliike.info\/osallistu\/\">Tulevat mets\u00e4vahtikoulutukset (mets\u00e4liike.info) \ud83c\udf32<\/a><\/div>\n<\/div>\n\n\n\n<div class=\"wp-block-buttons is-layout-flex wp-block-buttons-is-layout-flex\">\n<div class=\"wp-block-button aligncenter is-style-secondary\"><a class=\"wp-block-button__link wp-element-button\" href=\"https:\/\/www.greenpeace.org\/finland\/toimi\/nyt-v-riittaa\/\" target=\"_blank\" rel=\"noreferrer noopener\">Nyt v**** riitt\u00e4\u00e4! \u270a\ud83e\udd2c<\/a><\/div>\n\n\n\n<div class=\"wp-block-button aligncenter is-style-secondary\"><a class=\"wp-block-button__link wp-element-button\" href=\"https:\/\/greenpeace.community\/page\/finland\">Liity vapaaehtoiseksi, tule uusien iltaan! \ud83e\udd70<\/a><\/div>\n\n\n\n<div class=\"wp-block-button aligncenter is-style-secondary\"><a class=\"wp-block-button__link wp-element-button\" href=\"https:\/\/www.greenpeace.org\/static\/planet4-finland-stateless\/2023\/02\/d925e019-metsaaktivistin_opas_digi.pdf\" target=\"_blank\" rel=\"noreferrer noopener\">Lataa Mets\u00e4aktivistin opas \ud83d\udcd6<\/a><\/div>\n<\/div>\n\n\n\n<div style=\"height:25px\" aria-hidden=\"true\" class=\"wp-block-spacer\"><\/div>\n<\/div>\n\n<div class=\"wp-block-query posts-list p4-query-loop is-custom-layout-list is-layout-flow wp-block-query-is-layout-flow\">\n<div class=\"wp-block-group is-content-justification-space-between is-layout-flex wp-container-core-group-is-layout-3d213aab wp-block-group-is-layout-flex\">\n<h2 class=\"wp-block-heading\">Viimeisimm\u00e4t blogit:<\/h2>\n<\/div>\n\n\n\n<p style=\"margin-top:24px;margin-bottom:36px\"><\/p>\n\n\n\n\n<ul class=\"wp-block-post-template is-layout-flow wp-block-post-template-is-layout-flow\"><li class=\"wp-block-post post-62038 post type-post status-publish format-standard has-post-thumbnail hentry category-metsat tag-luonnonmetsa tag-suojellaanmetsat p4-page-type-blogit\">\n\n<div class=\"wp-block-columns is-layout-flex wp-container-core-columns-is-layout-9d6595d7 wp-block-columns-is-layout-flex\"><figure class=\"wp-block-post-featured-image\"><a href=\"https:\/\/www.greenpeace.org\/finland\/blogit\/metsat\/orpon-hallituksen-metso-paatos-on-riittamaton-suojelutavoitteet-eivat-ole-linjassa-suomen-suojelusitoumusten-kanssa\/\" target=\"_self\"  ><img loading=\"lazy\" decoding=\"async\" width=\"2560\" height=\"1920\" src=\"https:\/\/www.greenpeace.org\/static\/planet4-finland-stateless\/2026\/04\/2c896713-ilvespolku-karhumaki-taruksen-retkeilyalue-upm191122-35-scaled.jpg\" class=\"attachment-post-thumbnail size-post-thumbnail wp-post-image wp-stateless-item\" alt=\"Orpon hallituksen METSO -p\u00e4\u00e4t\u00f6s on riitt\u00e4m\u00e4t\u00f6n: Suojelutavoitteet eiv\u00e4t ole linjassa Suomen suojelusitoumusten kanssa\" style=\"object-fit:cover;\" srcset=\"https:\/\/www.greenpeace.org\/static\/planet4-finland-stateless\/2026\/04\/2c896713-ilvespolku-karhumaki-taruksen-retkeilyalue-upm191122-35-scaled.jpg 2560w, https:\/\/www.greenpeace.org\/static\/planet4-finland-stateless\/2026\/04\/2c896713-ilvespolku-karhumaki-taruksen-retkeilyalue-upm191122-35-300x225.jpg 300w, https:\/\/www.greenpeace.org\/static\/planet4-finland-stateless\/2026\/04\/2c896713-ilvespolku-karhumaki-taruksen-retkeilyalue-upm191122-35-1024x768.jpg 1024w, https:\/\/www.greenpeace.org\/static\/planet4-finland-stateless\/2026\/04\/2c896713-ilvespolku-karhumaki-taruksen-retkeilyalue-upm191122-35-768x576.jpg 768w, https:\/\/www.greenpeace.org\/static\/planet4-finland-stateless\/2026\/04\/2c896713-ilvespolku-karhumaki-taruksen-retkeilyalue-upm191122-35-1536x1152.jpg 1536w, https:\/\/www.greenpeace.org\/static\/planet4-finland-stateless\/2026\/04\/2c896713-ilvespolku-karhumaki-taruksen-retkeilyalue-upm191122-35-2048x1536.jpg 2048w, https:\/\/www.greenpeace.org\/static\/planet4-finland-stateless\/2026\/04\/2c896713-ilvespolku-karhumaki-taruksen-retkeilyalue-upm191122-35-1821x1366.jpg 1821w, https:\/\/www.greenpeace.org\/static\/planet4-finland-stateless\/2026\/04\/2c896713-ilvespolku-karhumaki-taruksen-retkeilyalue-upm191122-35-453x340.jpg 453w\" sizes=\"auto, (max-width: 2560px) 100vw, 2560px\" data-image-size=\"post-thumbnail\" data-stateless-media-bucket=\"planet4-finland-stateless\" data-stateless-media-name=\"2026\/04\/2c896713-ilvespolku-karhumaki-taruksen-retkeilyalue-upm191122-35-scaled.jpg\" \/><\/a><\/figure>\n\n\n<div class=\"wp-block-group is-layout-flow wp-block-group-is-layout-flow\">\n<div class=\"wp-block-group is-layout-flex wp-block-group-is-layout-flex\"><div class=\"wp-block-post-terms\"><a href=\"https:\/\/www.greenpeace.org\/finland\/luokka\/metsat\/\">Mets\u00e4t<\/a><\/div>\n\n<div class=\"taxonomy-post_tag wp-block-post-terms\"><a href=\"https:\/\/www.greenpeace.org\/finland\/tag\/luonnonmetsa\/\" rel=\"tag\">luonnonmets\u00e4<\/a><span class=\"wp-block-post-terms__separator\"> <\/span><a href=\"https:\/\/www.greenpeace.org\/finland\/tag\/suojellaanmetsat\/\" rel=\"tag\">suojellaanmets\u00e4t<\/a><\/div><\/div>\n\n\n<h3 class=\"wp-block-post-title\"><a href=\"https:\/\/www.greenpeace.org\/finland\/blogit\/metsat\/orpon-hallituksen-metso-paatos-on-riittamaton-suojelutavoitteet-eivat-ole-linjassa-suomen-suojelusitoumusten-kanssa\/\" target=\"_self\" >Orpon hallituksen METSO -p\u00e4\u00e4t\u00f6s on riitt\u00e4m\u00e4t\u00f6n: Suojelutavoitteet eiv\u00e4t ole linjassa Suomen suojelusitoumusten kanssa<\/a><\/h3>\n\n<div class=\"wp-block-post-excerpt\"><p class=\"wp-block-post-excerpt__excerpt\">Petteri Orpon hallitus p\u00e4\u00e4tti torstaina 16.4.2026 jatkaa yksityisten mets\u00e4nomistajien vapaaehtoista METSO -suojeluohjelmaa kaudelle 2026\u20132040. Vaikka ohjelman suojelutavoitteita on paperilla nostettu ja ohjelma laajennettu Pohjois-Suomeen, hallituksen p\u00e4\u00e4t\u00f6s on kokonaisuutena heikko ja&hellip; <\/p><\/div>\n\n\n<div class=\"wp-block-group posts-list-meta is-layout-flow wp-block-group-is-layout-flow\"><span class='article-list-item-author'>Greenpeace<\/span>\n\n<div class=\"wp-block-post-date\"><time datetime=\"2026-04-17T12:54:00+03:00\">17\/04\/2026<\/time><\/div><\/div>\n<\/div>\n<\/div>\n\n<\/li><li class=\"wp-block-post post-61990 post type-post status-publish format-standard has-post-thumbnail hentry category-metsat tag-luonnonmetsa tag-vapaaehtoiset tag-suojellaanmetsat p4-page-type-blogit\">\n\n<div class=\"wp-block-columns is-layout-flex wp-container-core-columns-is-layout-9d6595d7 wp-block-columns-is-layout-flex\"><figure class=\"wp-block-post-featured-image\"><a href=\"https:\/\/www.greenpeace.org\/finland\/blogit\/metsat\/suomen-luonto-tarvitsee-puolustajia-tule-mukaan-luontovaikuttajaksi\/\" target=\"_self\"  ><img loading=\"lazy\" decoding=\"async\" width=\"900\" height=\"540\" src=\"https:\/\/www.greenpeace.org\/static\/planet4-finland-stateless\/2026\/04\/eafbbe39-helmipollo_1_channu_siitonen.jpg\" class=\"attachment-post-thumbnail size-post-thumbnail wp-post-image wp-stateless-item\" alt=\"Suomen luonto tarvitsee puolustajia \u2013 tule mukaan luontovaikuttajaksi\" style=\"object-fit:cover;\" srcset=\"https:\/\/www.greenpeace.org\/static\/planet4-finland-stateless\/2026\/04\/eafbbe39-helmipollo_1_channu_siitonen.jpg 900w, https:\/\/www.greenpeace.org\/static\/planet4-finland-stateless\/2026\/04\/eafbbe39-helmipollo_1_channu_siitonen-300x180.jpg 300w, https:\/\/www.greenpeace.org\/static\/planet4-finland-stateless\/2026\/04\/eafbbe39-helmipollo_1_channu_siitonen-768x461.jpg 768w, https:\/\/www.greenpeace.org\/static\/planet4-finland-stateless\/2026\/04\/eafbbe39-helmipollo_1_channu_siitonen-510x306.jpg 510w\" sizes=\"auto, (max-width: 900px) 100vw, 900px\" data-image-size=\"post-thumbnail\" data-stateless-media-bucket=\"planet4-finland-stateless\" data-stateless-media-name=\"2026\/04\/eafbbe39-helmipollo_1_channu_siitonen.jpg\" \/><\/a><\/figure>\n\n\n<div class=\"wp-block-group is-layout-flow wp-block-group-is-layout-flow\">\n<div class=\"wp-block-group is-layout-flex wp-block-group-is-layout-flex\"><div class=\"wp-block-post-terms\"><a href=\"https:\/\/www.greenpeace.org\/finland\/luokka\/metsat\/\">Mets\u00e4t<\/a><\/div>\n\n<div class=\"taxonomy-post_tag wp-block-post-terms\"><a href=\"https:\/\/www.greenpeace.org\/finland\/tag\/luonnonmetsa\/\" rel=\"tag\">luonnonmets\u00e4<\/a><span class=\"wp-block-post-terms__separator\"> <\/span><a href=\"https:\/\/www.greenpeace.org\/finland\/tag\/vapaaehtoiset\/\" rel=\"tag\">vapaaehtoiset<\/a><span class=\"wp-block-post-terms__separator\"> <\/span><a href=\"https:\/\/www.greenpeace.org\/finland\/tag\/suojellaanmetsat\/\" rel=\"tag\">suojellaanmets\u00e4t<\/a><\/div><\/div>\n\n\n<h3 class=\"wp-block-post-title\"><a href=\"https:\/\/www.greenpeace.org\/finland\/blogit\/metsat\/suomen-luonto-tarvitsee-puolustajia-tule-mukaan-luontovaikuttajaksi\/\" target=\"_self\" >Suomen luonto tarvitsee puolustajia \u2013 tule mukaan luontovaikuttajaksi<\/a><\/h3>\n\n<div class=\"wp-block-post-excerpt\"><p class=\"wp-block-post-excerpt__excerpt\">Haluatko toimia metsien, luonnon monimuotoisuuden ja tieteeseen perustuvan p\u00e4\u00e4t\u00f6ksenteon puolesta? Kiinnostaako poliittinen vaikuttaminen? Tule Greenpeacen luontovaikuttajaksi! <\/p><\/div>\n\n\n<div class=\"wp-block-group posts-list-meta is-layout-flow wp-block-group-is-layout-flow\"><span class='article-list-item-author'><a href='https:\/\/www.greenpeace.org\/finland\/author\/gp_finland\/'>Greenpeace Suomi<\/a><\/span>\n\n<div class=\"wp-block-post-date\"><time datetime=\"2026-04-10T12:01:30+03:00\">10\/04\/2026<\/time><\/div><\/div>\n<\/div>\n<\/div>\n\n<\/li><li class=\"wp-block-post post-61980 post type-post status-publish format-standard has-post-thumbnail hentry category-meret tag-suojellaanmeret tag-greenpeacenlaivat tag-maailmanmeret p4-page-type-blogit\">\n\n<div class=\"wp-block-columns is-layout-flex wp-container-core-columns-is-layout-9d6595d7 wp-block-columns-is-layout-flex\"><figure class=\"wp-block-post-featured-image\"><a href=\"https:\/\/www.greenpeace.org\/finland\/blogit\/meret\/syvameri-on-selvinnyt-miljoonia-vuosia-mutta-trumpista-se-ei-valttamatta-selvia\/\" target=\"_self\"  ><img loading=\"lazy\" decoding=\"async\" width=\"1200\" height=\"793\" src=\"https:\/\/www.greenpeace.org\/static\/planet4-finland-stateless\/2026\/04\/1a4a5830-gp0stsjum.jpg\" class=\"attachment-post-thumbnail size-post-thumbnail wp-post-image wp-stateless-item\" alt=\"Syv\u00e4meri on selvinnyt miljoonia vuosia, mutta Trumpista se ei v\u00e4ltt\u00e4m\u00e4tt\u00e4 selvi\u00e4\" style=\"object-fit:cover;\" srcset=\"https:\/\/www.greenpeace.org\/static\/planet4-finland-stateless\/2026\/04\/1a4a5830-gp0stsjum.jpg 1200w, https:\/\/www.greenpeace.org\/static\/planet4-finland-stateless\/2026\/04\/1a4a5830-gp0stsjum-300x198.jpg 300w, https:\/\/www.greenpeace.org\/static\/planet4-finland-stateless\/2026\/04\/1a4a5830-gp0stsjum-1024x677.jpg 1024w, https:\/\/www.greenpeace.org\/static\/planet4-finland-stateless\/2026\/04\/1a4a5830-gp0stsjum-768x508.jpg 768w, https:\/\/www.greenpeace.org\/static\/planet4-finland-stateless\/2026\/04\/1a4a5830-gp0stsjum-510x337.jpg 510w\" sizes=\"auto, (max-width: 1200px) 100vw, 1200px\" data-image-size=\"post-thumbnail\" data-stateless-media-bucket=\"planet4-finland-stateless\" data-stateless-media-name=\"2026\/04\/1a4a5830-gp0stsjum.jpg\" \/><\/a><\/figure>\n\n\n<div class=\"wp-block-group is-layout-flow wp-block-group-is-layout-flow\">\n<div class=\"wp-block-group is-layout-flex wp-block-group-is-layout-flex\"><div class=\"wp-block-post-terms\"><a href=\"https:\/\/www.greenpeace.org\/finland\/luokka\/meret\/\">Meret<\/a><\/div>\n\n<div class=\"taxonomy-post_tag wp-block-post-terms\"><a href=\"https:\/\/www.greenpeace.org\/finland\/tag\/suojellaanmeret\/\" rel=\"tag\">suojellaanmeret<\/a><span class=\"wp-block-post-terms__separator\"> <\/span><a href=\"https:\/\/www.greenpeace.org\/finland\/tag\/greenpeacenlaivat\/\" rel=\"tag\">greenpeacenlaivat<\/a><span class=\"wp-block-post-terms__separator\"> <\/span><a href=\"https:\/\/www.greenpeace.org\/finland\/tag\/maailmanmeret\/\" rel=\"tag\">maailmanmeret<\/a><\/div><\/div>\n\n\n<h3 class=\"wp-block-post-title\"><a href=\"https:\/\/www.greenpeace.org\/finland\/blogit\/meret\/syvameri-on-selvinnyt-miljoonia-vuosia-mutta-trumpista-se-ei-valttamatta-selvia\/\" target=\"_self\" >Syv\u00e4meri on selvinnyt miljoonia vuosia, mutta Trumpista se ei v\u00e4ltt\u00e4m\u00e4tt\u00e4 selvi\u00e4<\/a><\/h3>\n\n<div class=\"wp-block-post-excerpt\"><p class=\"wp-block-post-excerpt__excerpt\">YK:n mertensuojelusopimus astui vihdoin voimaan tammikussa. Ensimm\u00e4ist\u00e4 kertaa historiassa valtiot voivat perustaa suojelualueita kansainv\u00e4lisille vesille. Mutta kaikki eiv\u00e4t toivo suojelua, siksi on toimittava. <\/p><\/div>\n\n\n<div class=\"wp-block-group posts-list-meta is-layout-flow wp-block-group-is-layout-flow\"><span class='article-list-item-author'><a href='https:\/\/www.greenpeace.org\/finland\/author\/lmeller\/'>Laura Meller<\/a><\/span>\n\n<div class=\"wp-block-post-date\"><time datetime=\"2026-04-09T18:34:32+03:00\">09\/04\/2026<\/time><\/div><\/div>\n<\/div>\n<\/div>\n\n<\/li><\/ul>\n\n\n<div class=\"wp-block-buttons carousel-controls is-horizontal is-content-justification-space-between is-nowrap is-layout-flex wp-container-core-buttons-is-layout-044bd602 wp-block-buttons-is-layout-flex\">\n<div class=\"wp-block-button carousel-control-prev\"><button type=\"button\" class=\"wp-block-button__link wp-element-button\">Prev<\/button><\/div>\n\n\n\n<div class=\"wp-block-button carousel-control-next\"><button type=\"button\" class=\"wp-block-button__link wp-element-button\">Seuraava<\/button><\/div>\n<\/div>\n<\/div>\n","protected":false},"excerpt":{"rendered":"<p>Klikkaa alta:<\/p>\n","protected":false},"author":92,"featured_media":56953,"parent":0,"menu_order":0,"comment_status":"closed","ping_status":"closed","template":"","meta":{"_improvement_type_select":"improve_an_existing","_thumb_yes_seoaic":false,"_frame_yes_seoaic":false,"seoaic_generate_description":"","seoaic_improve_instructions_prompt":"","seoaic_rollback_content_improvement":"","seoaic_idea_thumbnail_generator":"","thumbnail_generated":false,"thumbnail_generate_prompt":"","seoaic_article_description":"","ep_exclude_from_search":false,"p4_hide_page_title_checkbox":"on","p4_title":"","p4_subtitle":"","p4_description":"","background_image_id":"","background_image":"","p4_button_title":"","p4_button_link":"","p4_button_link_checkbox":"","p4_og_title":"","p4_og_description":"","p4_og_image":"","p4_og_image_id":"","p4_seo_canonical_url":"","p4_campaign_name":"not set","p4_local_project":"not set","p4_basket_name":"not set","p4_department":"","footnotes":""},"categories":[],"tags":[],"class_list":["post-5372","page","type-page","status-publish","has-post-thumbnail","hentry"],"_links":{"self":[{"href":"https:\/\/www.greenpeace.org\/finland\/wp-json\/wp\/v2\/pages\/5372","targetHints":{"allow":["GET"]}}],"collection":[{"href":"https:\/\/www.greenpeace.org\/finland\/wp-json\/wp\/v2\/pages"}],"about":[{"href":"https:\/\/www.greenpeace.org\/finland\/wp-json\/wp\/v2\/types\/page"}],"author":[{"embeddable":true,"href":"https:\/\/www.greenpeace.org\/finland\/wp-json\/wp\/v2\/users\/92"}],"replies":[{"embeddable":true,"href":"https:\/\/www.greenpeace.org\/finland\/wp-json\/wp\/v2\/comments?post=5372"}],"version-history":[{"count":20,"href":"https:\/\/www.greenpeace.org\/finland\/wp-json\/wp\/v2\/pages\/5372\/revisions"}],"predecessor-version":[{"id":62033,"href":"https:\/\/www.greenpeace.org\/finland\/wp-json\/wp\/v2\/pages\/5372\/revisions\/62033"}],"wp:featuredmedia":[{"embeddable":true,"href":"https:\/\/www.greenpeace.org\/finland\/wp-json\/wp\/v2\/media\/56953"}],"wp:attachment":[{"href":"https:\/\/www.greenpeace.org\/finland\/wp-json\/wp\/v2\/media?parent=5372"}],"wp:term":[{"taxonomy":"category","embeddable":true,"href":"https:\/\/www.greenpeace.org\/finland\/wp-json\/wp\/v2\/categories?post=5372"},{"taxonomy":"post_tag","embeddable":true,"href":"https:\/\/www.greenpeace.org\/finland\/wp-json\/wp\/v2\/tags?post=5372"}],"curies":[{"name":"wp","href":"https:\/\/api.w.org\/{rel}","templated":true}]}}