{"id":54682,"date":"2023-07-17T13:47:09","date_gmt":"2023-07-17T10:47:09","guid":{"rendered":"https:\/\/www.greenpeace.org\/finland\/?page_id=54682"},"modified":"2026-03-24T11:45:35","modified_gmt":"2026-03-24T08:45:35","slug":"ota-yhteytta-henkilokuntaamme","status":"publish","type":"page","link":"https:\/\/www.greenpeace.org\/finland\/meista\/yhteystiedot\/ota-yhteytta-henkilokuntaamme\/","title":{"rendered":"Ota yhteytt\u00e4 henkil\u00f6kuntaamme"},"content":{"rendered":"<div data-render=\"planet4-blocks\/columns\" data-attributes=\"{&quot;attributes&quot;:{&quot;columns_block_style&quot;:&quot;icons&quot;,&quot;columns_title&quot;:&quot;&quot;,&quot;columns_description&quot;:&quot;T\\u00e4\\u00e4lt\\u00e4 l\\u00f6yd\\u00e4t Greenpeace Suomen ty\\u00f6ntekij\\u00e4t. S\\u00e4hk\\u00f6posti on aina muodossa etunimi.sukunimi(a)greenpeace.org.&quot;,&quot;columns&quot;:[{&quot;title&quot;:&quot;Touko Sipil\\u00e4inen&quot;,&quot;description&quot;:&quot;Maajohtaja&lt;br&gt;Programme Manager of Greenpeace Nordic in Finland&lt;br&gt;044 239 4404&quot;,&quot;attachment&quot;:&quot;https:\\\/\\\/www.greenpeace.org\\\/static\\\/planet4-finland-stateless\\\/2022\\\/09\\\/0389a82b-gp_touko_sipila\\u0308inen-150x150.png&quot;,&quot;link_new_tab&quot;:false,&quot;attachment_srcset&quot;:&quot;https:\\\/\\\/www.greenpeace.org\\\/static\\\/planet4-finland-stateless\\\/2022\\\/09\\\/0389a82b-gp_touko_sipila\\u0308inen-150x150.png 150w, https:\\\/\\\/www.greenpeace.org\\\/static\\\/planet4-finland-stateless\\\/2022\\\/09\\\/0389a82b-gp_touko_sipila\\u0308inen.png 300w&quot;},{&quot;title&quot;:&quot;Juha Aromaa&quot;,&quot;description&quot;:&quot;Apulaismaajohtaja&lt;br&gt;Deputy Programme Manager of Greenpeace Nordic in Finland&lt;br&gt;050 369 6202&quot;,&quot;attachment&quot;:&quot;https:\\\/\\\/www.greenpeace.org\\\/static\\\/planet4-finland-stateless\\\/2019\\\/01\\\/ce73ad19-juha-150x150.png&quot;,&quot;link_new_tab&quot;:false,&quot;attachment_srcset&quot;:&quot;https:\\\/\\\/www.greenpeace.org\\\/static\\\/planet4-finland-stateless\\\/2019\\\/01\\\/ce73ad19-juha-150x150.png 150w, https:\\\/\\\/www.greenpeace.org\\\/static\\\/planet4-finland-stateless\\\/2019\\\/01\\\/ce73ad19-juha-300x300.png 300w, https:\\\/\\\/www.greenpeace.org\\\/static\\\/planet4-finland-stateless\\\/2019\\\/01\\\/ce73ad19-juha-340x340.png 340w, https:\\\/\\\/www.greenpeace.org\\\/static\\\/planet4-finland-stateless\\\/2019\\\/01\\\/ce73ad19-juha.png 400w&quot;},{&quot;title&quot;:&quot;Sini Santasalo&quot;,&quot;description&quot;:&quot;Varainhankintap\\u00e4\\u00e4llikk\\u00f6&lt;br&gt;&lt;font style=\\&quot;vertical-align: inherit;\\&quot;&gt;&lt;font style=\\&quot;vertical-align: inherit;\\&quot;&gt;Fundraising Manager &lt;\\\/font&gt;&lt;\\\/font&gt;&lt;br&gt;&lt;br&gt;&quot;,&quot;attachment&quot;:&quot;https:\\\/\\\/www.greenpeace.org\\\/static\\\/planet4-finland-stateless\\\/2026\\\/03\\\/e1bce39d-sini-s-300x300-pyorea-150x150.png&quot;,&quot;link_new_tab&quot;:false,&quot;attachment_srcset&quot;:&quot;https:\\\/\\\/www.greenpeace.org\\\/static\\\/planet4-finland-stateless\\\/2026\\\/03\\\/e1bce39d-sini-s-300x300-pyorea-150x150.png 150w, https:\\\/\\\/www.greenpeace.org\\\/static\\\/planet4-finland-stateless\\\/2026\\\/03\\\/e1bce39d-sini-s-300x300-pyorea.png 300w&quot;},{&quot;title&quot;:&quot;Sini Harkki&quot;,&quot;description&quot;:&quot;P\\u00e4\\u00e4sihteeri, Greenpeace Norden &lt;br&gt;Executive Director of Greenpeace Nordic&quot;,&quot;attachment&quot;:&quot;https:\\\/\\\/www.greenpeace.org\\\/static\\\/planet4-finland-stateless\\\/2019\\\/01\\\/4f9a7ae4-sini-150x150.png&quot;,&quot;link_new_tab&quot;:false,&quot;attachment_srcset&quot;:&quot;https:\\\/\\\/www.greenpeace.org\\\/static\\\/planet4-finland-stateless\\\/2019\\\/01\\\/4f9a7ae4-sini-150x150.png 150w, https:\\\/\\\/www.greenpeace.org\\\/static\\\/planet4-finland-stateless\\\/2019\\\/01\\\/4f9a7ae4-sini-300x300.png 300w, https:\\\/\\\/www.greenpeace.org\\\/static\\\/planet4-finland-stateless\\\/2019\\\/01\\\/4f9a7ae4-sini-340x340.png 340w, https:\\\/\\\/www.greenpeace.org\\\/static\\\/planet4-finland-stateless\\\/2019\\\/01\\\/4f9a7ae4-sini.png 400w&quot;}],&quot;className&quot;:&quot;is-style-icons&quot;}}\"><\/div><div data-render=\"planet4-blocks\/columns\" data-attributes=\"{&quot;attributes&quot;:{&quot;columns_block_style&quot;:&quot;icons&quot;,&quot;columns&quot;:[{&quot;title&quot;:&quot;Olli Tiainen&quot;,&quot;description&quot;:&quot;&lt;font style=\\&quot;vertical-align: inherit;\\&quot;&gt;&lt;font style=\\&quot;vertical-align: inherit;\\&quot;&gt;Ilmasto- ja energia-asiantuntija &lt;\\\/font&gt;&lt;\\\/font&gt;&lt;br&gt;&lt;font style=\\&quot;vertical-align: inherit;\\&quot;&gt;&lt;font style=\\&quot;vertical-align: inherit;\\&quot;&gt;Climate and Energy Campaigner &lt;\\\/font&gt;&lt;\\\/font&gt;&lt;br&gt;040 164 8606&lt;br&gt;&quot;,&quot;attachment&quot;:&quot;https:\\\/\\\/www.greenpeace.org\\\/static\\\/planet4-finland-stateless\\\/2019\\\/01\\\/d63e0df1-olli-150x150.png&quot;,&quot;link_new_tab&quot;:false,&quot;attachment_srcset&quot;:&quot;https:\\\/\\\/www.greenpeace.org\\\/static\\\/planet4-finland-stateless\\\/2019\\\/01\\\/d63e0df1-olli-150x150.png 150w, https:\\\/\\\/www.greenpeace.org\\\/static\\\/planet4-finland-stateless\\\/2019\\\/01\\\/d63e0df1-olli-300x300.png 300w, https:\\\/\\\/www.greenpeace.org\\\/static\\\/planet4-finland-stateless\\\/2019\\\/01\\\/d63e0df1-olli-340x340.png 340w, https:\\\/\\\/www.greenpeace.org\\\/static\\\/planet4-finland-stateless\\\/2019\\\/01\\\/d63e0df1-olli.png 400w&quot;},{&quot;title&quot;:&quot;Jehki H\\u00e4rk\\u00f6nen&quot;,&quot;description&quot;:&quot;&lt;font style=\\&quot;vertical-align: inherit;\\&quot;&gt;&lt;font style=\\&quot;vertical-align: inherit;\\&quot;&gt;Vanhempi Ilmasto- ja luontoasiantuntija &lt;\\\/font&gt;&lt;\\\/font&gt;&lt;br&gt;&lt;font style=\\&quot;vertical-align: inherit;\\&quot;&gt;&lt;font style=\\&quot;vertical-align: inherit;\\&quot;&gt;Senior Climate and Energy Campaigner &lt;\\\/font&gt;&lt;\\\/font&gt;&lt;br&gt;050 355 2017&quot;,&quot;attachment&quot;:&quot;https:\\\/\\\/www.greenpeace.org\\\/static\\\/planet4-finland-stateless\\\/2019\\\/01\\\/c7d51c3e-jehki-150x150.png&quot;,&quot;link_new_tab&quot;:false,&quot;attachment_srcset&quot;:&quot;https:\\\/\\\/www.greenpeace.org\\\/static\\\/planet4-finland-stateless\\\/2019\\\/01\\\/c7d51c3e-jehki-150x150.png 150w, https:\\\/\\\/www.greenpeace.org\\\/static\\\/planet4-finland-stateless\\\/2019\\\/01\\\/c7d51c3e-jehki-300x300.png 300w, https:\\\/\\\/www.greenpeace.org\\\/static\\\/planet4-finland-stateless\\\/2019\\\/01\\\/c7d51c3e-jehki-340x340.png 340w, https:\\\/\\\/www.greenpeace.org\\\/static\\\/planet4-finland-stateless\\\/2019\\\/01\\\/c7d51c3e-jehki.png 400w&quot;},{&quot;title&quot;:&quot;Matti Liimatainen&quot;,&quot;description&quot;:&quot;Mets\\u00e4asiantuntija&lt;br&gt;&lt;font style=\\&quot;vertical-align: inherit;\\&quot;&gt;&lt;font style=\\&quot;vertical-align: inherit;\\&quot;&gt;Forest campaigner &lt;\\\/font&gt;&lt;\\\/font&gt;&lt;br&gt;&lt;font style=\\&quot;vertical-align: inherit;\\&quot;&gt;&lt;font style=\\&quot;vertical-align: inherit;\\&quot;&gt;0400 346 329&lt;\\\/font&gt;&lt;\\\/font&gt;&quot;,&quot;attachment&quot;:&quot;https:\\\/\\\/www.greenpeace.org\\\/static\\\/planet4-finland-stateless\\\/2021\\\/04\\\/2b7e6766-mattiliimatainen_head-150x150.png&quot;,&quot;link_new_tab&quot;:false,&quot;attachment_srcset&quot;:&quot;https:\\\/\\\/www.greenpeace.org\\\/static\\\/planet4-finland-stateless\\\/2021\\\/04\\\/2b7e6766-mattiliimatainen_head-150x150.png 150w, https:\\\/\\\/www.greenpeace.org\\\/static\\\/planet4-finland-stateless\\\/2021\\\/04\\\/2b7e6766-mattiliimatainen_head.png 300w&quot;},{&quot;title&quot;:&quot;Laura Meller&quot;,&quot;description&quot;:&quot;Meriasiantuntija &lt;br&gt;Global Oceans campaigner &quot;,&quot;attachment&quot;:&quot;https:\\\/\\\/www.greenpeace.org\\\/static\\\/planet4-finland-stateless\\\/2021\\\/04\\\/7a836930-laurameller_head-150x150.png&quot;,&quot;link_new_tab&quot;:false,&quot;attachment_srcset&quot;:&quot;https:\\\/\\\/www.greenpeace.org\\\/static\\\/planet4-finland-stateless\\\/2021\\\/04\\\/7a836930-laurameller_head-150x150.png 150w, https:\\\/\\\/www.greenpeace.org\\\/static\\\/planet4-finland-stateless\\\/2021\\\/04\\\/7a836930-laurameller_head.png 300w&quot;}],&quot;className&quot;:&quot;is-style-icons&quot;}}\"><\/div><div data-render=\"planet4-blocks\/columns\" data-attributes=\"{&quot;attributes&quot;:{&quot;columns_block_style&quot;:&quot;icons&quot;,&quot;columns&quot;:[{&quot;title&quot;:&quot;Petteri Pyk\\u00e4l\\u00e4inen&quot;,&quot;description&quot;:&quot;Vapaaehtoiskoordinaattori&lt;br&gt;Volunteer Coordinator&quot;,&quot;attachment&quot;:&quot;https:\\\/\\\/www.greenpeace.org\\\/static\\\/planet4-finland-stateless\\\/2024\\\/05\\\/4397b1d9-asset-22@2x-150x150.png&quot;,&quot;link_new_tab&quot;:false,&quot;attachment_srcset&quot;:false},{&quot;title&quot;:&quot;Juuso Janhunen&quot;,&quot;description&quot;:&quot;Viestint\\u00e4asiantuntija&lt;br&gt;&lt;font style=\\&quot;vertical-align: inherit;\\&quot;&gt;&lt;font style=\\&quot;vertical-align: inherit;\\&quot;&gt;Communications &lt;\\\/font&gt;&lt;\\\/font&gt;Officer&lt;br&gt;040 482 5541&lt;br&gt;&lt;font style=\\&quot;vertical-align: inherit;\\&quot;&gt;&lt;font style=\\&quot;vertical-align: inherit;\\&quot;&gt;\\u00a0&lt;\\\/font&gt;&lt;\\\/font&gt;&quot;,&quot;attachment&quot;:&quot;https:\\\/\\\/www.greenpeace.org\\\/static\\\/planet4-finland-stateless\\\/2019\\\/01\\\/82b362d0-juuso-150x150.png&quot;,&quot;link_new_tab&quot;:false,&quot;attachment_srcset&quot;:&quot;https:\\\/\\\/www.greenpeace.org\\\/static\\\/planet4-finland-stateless\\\/2019\\\/01\\\/82b362d0-juuso-150x150.png 150w, https:\\\/\\\/www.greenpeace.org\\\/static\\\/planet4-finland-stateless\\\/2019\\\/01\\\/82b362d0-juuso-300x300.png 300w, https:\\\/\\\/www.greenpeace.org\\\/static\\\/planet4-finland-stateless\\\/2019\\\/01\\\/82b362d0-juuso-340x340.png 340w, https:\\\/\\\/www.greenpeace.org\\\/static\\\/planet4-finland-stateless\\\/2019\\\/01\\\/82b362d0-juuso.png 400w&quot;},{&quot;title&quot;:&quot;Mari Vaara&quot;,&quot;description&quot;:&quot;Tiedottaja&lt;br&gt;Press Officer&lt;br&gt;040 751 7957&quot;,&quot;attachment&quot;:&quot;https:\\\/\\\/www.greenpeace.org\\\/static\\\/planet4-finland-stateless\\\/2019\\\/09\\\/38aa062f-marivaara1-150x150.png&quot;,&quot;link_new_tab&quot;:false,&quot;attachment_srcset&quot;:false},{&quot;title&quot;:&quot;Sanni Lahtinen&quot;,&quot;description&quot;:&quot;Digiviestint\\u00e4&lt;br&gt;Social Media Content Producer&quot;,&quot;attachment&quot;:&quot;https:\\\/\\\/www.greenpeace.org\\\/static\\\/planet4-finland-stateless\\\/2025\\\/08\\\/d00df489-sanni_2-150x150.png&quot;,&quot;link_new_tab&quot;:false,&quot;attachment_srcset&quot;:&quot;https:\\\/\\\/www.greenpeace.org\\\/static\\\/planet4-finland-stateless\\\/2025\\\/08\\\/d00df489-sanni_2-150x150.png 150w, https:\\\/\\\/www.greenpeace.org\\\/static\\\/planet4-finland-stateless\\\/2025\\\/08\\\/d00df489-sanni_2-300x300.png 300w, https:\\\/\\\/www.greenpeace.org\\\/static\\\/planet4-finland-stateless\\\/2025\\\/08\\\/d00df489-sanni_2-340x340.png 340w, https:\\\/\\\/www.greenpeace.org\\\/static\\\/planet4-finland-stateless\\\/2025\\\/08\\\/d00df489-sanni_2.png 560w&quot;}],&quot;className&quot;:&quot;is-style-icons&quot;}}\"><\/div><div data-render=\"planet4-blocks\/columns\" data-attributes=\"{&quot;attributes&quot;:{&quot;columns_block_style&quot;:&quot;icons&quot;,&quot;columns&quot;:[{&quot;title&quot;:&quot;Anna Dahlqvist&quot;,&quot;description&quot;:&quot;Lahjoittajasuhteet&lt;br&gt;Donor Care Fundraiser&lt;br&gt;040 576 1016&quot;,&quot;attachment&quot;:&quot;https:\\\/\\\/www.greenpeace.org\\\/static\\\/planet4-finland-stateless\\\/2023\\\/07\\\/832511f9-asset-28@2x-150x150.png&quot;,&quot;link_new_tab&quot;:false,&quot;attachment_srcset&quot;:false},{&quot;title&quot;:&quot;Jani Sipil\\u00e4&quot;,&quot;description&quot;:&quot;Digital Growth &amp;amp; Engagement Lead&lt;br&gt;(Nordic)&quot;,&quot;attachment&quot;:&quot;https:\\\/\\\/www.greenpeace.org\\\/static\\\/planet4-finland-stateless\\\/2021\\\/04\\\/3f8b1025-janisipila_head-150x150.png&quot;,&quot;link_new_tab&quot;:false,&quot;attachment_srcset&quot;:&quot;https:\\\/\\\/www.greenpeace.org\\\/static\\\/planet4-finland-stateless\\\/2021\\\/04\\\/3f8b1025-janisipila_head-150x150.png 150w, https:\\\/\\\/www.greenpeace.org\\\/static\\\/planet4-finland-stateless\\\/2021\\\/04\\\/3f8b1025-janisipila_head.png 300w&quot;},{&quot;title&quot;:&quot;Ansku Holstila&quot;,&quot;description&quot;:&quot;Vapaaehtoiskoordinaattori &lt;br&gt;Volunteer Coordinator&lt;br&gt;040 512 0765&quot;,&quot;attachment&quot;:&quot;https:\\\/\\\/www.greenpeace.org\\\/static\\\/planet4-finland-stateless\\\/2024\\\/05\\\/4397b1d9-asset-22@2x-150x150.png&quot;,&quot;link_new_tab&quot;:false,&quot;attachment_srcset&quot;:false},{&quot;title&quot;:&quot;Eevi Sj\\u00f6holm&quot;,&quot;description&quot;:&quot;Televarainhankinnan koordinaattori&lt;br&gt;Telefundraising coordinator&lt;br&gt;040 185 5202&quot;,&quot;attachment&quot;:&quot;https:\\\/\\\/www.greenpeace.org\\\/static\\\/planet4-finland-stateless\\\/2024\\\/05\\\/7ce6b6d5-asset-13_1@2x-150x150.png&quot;,&quot;link_new_tab&quot;:false,&quot;attachment_srcset&quot;:&quot;https:\\\/\\\/www.greenpeace.org\\\/static\\\/planet4-finland-stateless\\\/2024\\\/05\\\/7ce6b6d5-asset-13_1@2x-150x150.png 150w, https:\\\/\\\/www.greenpeace.org\\\/static\\\/planet4-finland-stateless\\\/2024\\\/05\\\/7ce6b6d5-asset-13_1@2x.png 204w&quot;}],&quot;className&quot;:&quot;is-style-icons&quot;}}\"><\/div><div data-render=\"planet4-blocks\/columns\" data-attributes=\"{&quot;attributes&quot;:{&quot;columns_block_style&quot;:&quot;icons&quot;,&quot;columns&quot;:[{&quot;title&quot;:&quot;Helena Pirhonen&quot;,&quot;description&quot;:&quot;Lahjoittajasuhteet&lt;br&gt;Donor Relationship Marketing&quot;,&quot;attachment&quot;:&quot;https:\\\/\\\/www.greenpeace.org\\\/static\\\/planet4-finland-stateless\\\/2023\\\/07\\\/b14492fd-asset-23@2x-150x150.png&quot;,&quot;link_new_tab&quot;:false,&quot;attachment_srcset&quot;:false},{&quot;title&quot;:&quot;Juho Tolvanen&quot;,&quot;description&quot;:&quot;Digivarainhankinta&lt;br&gt;Digital Fundraising Strategist&lt;br&gt;040 576 0842&quot;,&quot;attachment&quot;:&quot;https:\\\/\\\/www.greenpeace.org\\\/static\\\/planet4-finland-stateless\\\/2024\\\/05\\\/2305af2f-asset-21@2x-150x150.png&quot;,&quot;link_new_tab&quot;:false,&quot;attachment_srcset&quot;:false},{&quot;title&quot;:&quot;Anni Nousiainen&quot;,&quot;description&quot;:&quot;Digivarainhankinta&lt;br&gt;&lt;font style=\\&quot;vertical-align: inherit;\\&quot;&gt;&lt;font style=\\&quot;vertical-align: inherit;\\&quot;&gt;Digital Engagement Strategist&lt;\\\/font&gt;&lt;\\\/font&gt;&quot;,&quot;attachment&quot;:&quot;https:\\\/\\\/www.greenpeace.org\\\/static\\\/planet4-finland-stateless\\\/2023\\\/07\\\/884abfb5-asset-10@2x-150x150.png&quot;,&quot;link_new_tab&quot;:false,&quot;attachment_srcset&quot;:false},{&quot;title&quot;:&quot;Valtteri Moilanen&quot;,&quot;description&quot;:&quot;Ohjelma-assistentti \\\/ Tapahtumatuottaja&lt;br&gt;Programme Assistant \\\/ Event Producer&lt;br&gt;044 491 4400&quot;,&quot;attachment&quot;:&quot;https:\\\/\\\/www.greenpeace.org\\\/static\\\/planet4-finland-stateless\\\/2025\\\/08\\\/8ba483af-valtteri22_jpg-150x150.png&quot;,&quot;link_new_tab&quot;:false,&quot;attachment_srcset&quot;:&quot;https:\\\/\\\/www.greenpeace.org\\\/static\\\/planet4-finland-stateless\\\/2025\\\/08\\\/8ba483af-valtteri22_jpg-150x150.png 150w, https:\\\/\\\/www.greenpeace.org\\\/static\\\/planet4-finland-stateless\\\/2025\\\/08\\\/8ba483af-valtteri22_jpg.png 280w&quot;}],&quot;className&quot;:&quot;is-style-icons&quot;}}\"><\/div><div data-render=\"planet4-blocks\/columns\" data-attributes=\"{&quot;attributes&quot;:{&quot;columns_block_style&quot;:&quot;icons&quot;,&quot;columns&quot;:[{&quot;title&quot;:&quot;Hilda&quot;,&quot;description&quot;:&quot;Barketing Manager&quot;,&quot;attachment&quot;:&quot;https:\\\/\\\/www.greenpeace.org\\\/static\\\/planet4-finland-stateless\\\/2024\\\/10\\\/f1db191b-barketing-manager-150x150.png&quot;,&quot;link_new_tab&quot;:false,&quot;attachment_srcset&quot;:&quot;https:\\\/\\\/www.greenpeace.org\\\/static\\\/planet4-finland-stateless\\\/2024\\\/10\\\/f1db191b-barketing-manager-150x150.png 150w, https:\\\/\\\/www.greenpeace.org\\\/static\\\/planet4-finland-stateless\\\/2024\\\/10\\\/f1db191b-barketing-manager-300x300.png 300w, https:\\\/\\\/www.greenpeace.org\\\/static\\\/planet4-finland-stateless\\\/2024\\\/10\\\/f1db191b-barketing-manager-340x340.png 340w, https:\\\/\\\/www.greenpeace.org\\\/static\\\/planet4-finland-stateless\\\/2024\\\/10\\\/f1db191b-barketing-manager.png 563w&quot;},{&quot;title&quot;:&quot;&quot;,&quot;description&quot;:&quot;&quot;,&quot;attachment&quot;:0,&quot;link_new_tab&quot;:false},{&quot;title&quot;:&quot;&quot;,&quot;description&quot;:&quot;&quot;,&quot;attachment&quot;:0,&quot;link_new_tab&quot;:false},{&quot;title&quot;:&quot;&quot;,&quot;description&quot;:&quot;&quot;,&quot;attachment&quot;:0,&quot;link_new_tab&quot;:false}],&quot;className&quot;:&quot;is-style-icons&quot;}}\"><\/div><div data-render=\"planet4-blocks\/columns\" data-attributes=\"{&quot;attributes&quot;:{&quot;columns_block_style&quot;:&quot;icons&quot;,&quot;columns_description&quot;:&quot;&quot;,&quot;columns&quot;:[{&quot;attachment&quot;:0,&quot;title&quot;:&quot;&quot;,&quot;description&quot;:&quot;&quot;},[],[]],&quot;className&quot;:&quot;is-style-icons&quot;}}\"><\/div>","protected":false},"excerpt":{"rendered":"<p>T\u00e4\u00e4lt\u00e4 l\u00f6yd\u00e4t kaikkien Greenpeacen ty\u00f6ntekij\u00f6iden yhteystiedot Suomessa.<\/p>\n","protected":false},"author":41,"featured_media":54663,"parent":555,"menu_order":0,"comment_status":"closed","ping_status":"closed","template":"","meta":{"_improvement_type_select":"improve_an_existing","_thumb_yes_seoaic":false,"_frame_yes_seoaic":false,"seoaic_generate_description":"","seoaic_improve_instructions_prompt":"","seoaic_rollback_content_improvement":"","seoaic_idea_thumbnail_generator":"","thumbnail_generated":false,"thumbnail_generate_prompt":"","seoaic_article_description":"","ep_exclude_from_search":false,"p4_hide_page_title_checkbox":"","p4_title":"","p4_subtitle":"","p4_description":"","background_image_id":"","background_image":"","p4_button_title":"","p4_button_link":"","p4_button_link_checkbox":"","p4_og_title":"","p4_og_description":"","p4_og_image":"","p4_og_image_id":"","p4_seo_canonical_url":"","p4_campaign_name":"","p4_local_project":"","p4_basket_name":"","p4_department":"","footnotes":""},"categories":[31],"tags":[13],"class_list":["post-54682","page","type-page","status-publish","has-post-thumbnail","hentry","category-greenpeace","tag-tietoameista"],"_links":{"self":[{"href":"https:\/\/www.greenpeace.org\/finland\/wp-json\/wp\/v2\/pages\/54682","targetHints":{"allow":["GET"]}}],"collection":[{"href":"https:\/\/www.greenpeace.org\/finland\/wp-json\/wp\/v2\/pages"}],"about":[{"href":"https:\/\/www.greenpeace.org\/finland\/wp-json\/wp\/v2\/types\/page"}],"author":[{"embeddable":true,"href":"https:\/\/www.greenpeace.org\/finland\/wp-json\/wp\/v2\/users\/41"}],"replies":[{"embeddable":true,"href":"https:\/\/www.greenpeace.org\/finland\/wp-json\/wp\/v2\/comments?post=54682"}],"version-history":[{"count":20,"href":"https:\/\/www.greenpeace.org\/finland\/wp-json\/wp\/v2\/pages\/54682\/revisions"}],"predecessor-version":[{"id":61857,"href":"https:\/\/www.greenpeace.org\/finland\/wp-json\/wp\/v2\/pages\/54682\/revisions\/61857"}],"up":[{"embeddable":true,"href":"https:\/\/www.greenpeace.org\/finland\/wp-json\/wp\/v2\/pages\/555"}],"wp:featuredmedia":[{"embeddable":true,"href":"https:\/\/www.greenpeace.org\/finland\/wp-json\/wp\/v2\/media\/54663"}],"wp:attachment":[{"href":"https:\/\/www.greenpeace.org\/finland\/wp-json\/wp\/v2\/media?parent=54682"}],"wp:term":[{"taxonomy":"category","embeddable":true,"href":"https:\/\/www.greenpeace.org\/finland\/wp-json\/wp\/v2\/categories?post=54682"},{"taxonomy":"post_tag","embeddable":true,"href":"https:\/\/www.greenpeace.org\/finland\/wp-json\/wp\/v2\/tags?post=54682"}],"curies":[{"name":"wp","href":"https:\/\/api.w.org\/{rel}","templated":true}]}}